{"id":9090,"date":"2020-01-10T09:27:56","date_gmt":"2020-01-10T15:27:56","guid":{"rendered":"https:\/\/apoderma.com\/inicio\/?post_type=product&#038;p=9090"},"modified":"2025-04-13T15:36:29","modified_gmt":"2025-04-13T21:36:29","slug":"eucerin-sun-fluid-anti-edad-fps-50-50-ml","status":"publish","type":"product","link":"https:\/\/apoderma.com\/inicio\/producto\/eucerin-sun-fluid-anti-edad-fps-50-50-ml\/","title":{"rendered":"Eucerin Sun Fluid Anti-Edad FPS 50"},"content":{"rendered":"<h3>Especificaciones<\/h3>\n<ul>\n<li><a href=\"https:\/\/www.eucerin.es\/productos\/sun-protection\/sun-fluid-anti-age-spf-50\">Eucerin Sun Anti Edad<\/a>\u00a0es un protector solar facial avanzado para todo tipo de pieles.<\/li>\n<li>Ayuda a prevenir el fotoenvejecimiento y reduce visiblemente las arrugas.<\/li>\n<li>Advanced Spectral Technology de Eucerin ofrece una protecci\u00f3n alta frente a los rayos UVA y UVB, y frente la luz HEVL<\/li>\n<li>El protector solar tambi\u00e9n estimula el mecanismo de reparaci\u00f3n del ADN de la piel, mientras que el \u00e1cido hialur\u00f3nico ayuda a reducir visiblemente los signos del envejecimiento de la piel.<\/li>\n<\/ul>\n<h3>Contenido:<\/h3>\n<ul>\n<li>Con \u00c1cido hialur\u00f3nico: ayuda a prevenir arrugas<\/li>\n<\/ul>\n<h3>Modo de uso<\/h3>\n<section class=\"eucerin-cp cp-text right\">\n<div class=\"text\">\n<ol>\n<li>Apl\u00edquelo por la ma\u00f1ana, despu\u00e9s del producto de cuidado diario habitual (o en lugar de este).<\/li>\n<li>Su piel quedar\u00e1 protegida del sol al instante, no tiene que esperar.<\/li>\n<li>Evite el contacto con los ojos.<\/li>\n<li>Deje que se absorba el producto por completo y evite el contacto directo con textiles y superficies duras para evitar manchas.<\/li>\n<li>Puede aplicar maquillaje posteriormente, si lo desea.<\/li>\n<li>Aplique una cantidad generosa antes de exponerse al sol y vuelva a aplicar a intervalos regulares, especialmente despu\u00e9s de nadar, sudar o secarse con la toalla, para mantener la protecci\u00f3n original.<\/li>\n<li>Si se utiliza menos cantidad, el nivel de protecci\u00f3n se reducir\u00e1 significativamente.<\/li>\n<li>Procure no exponerse al sol demasiado tiempo, aunque est\u00e9 utilizando un producto de protecci\u00f3n solar.<\/li>\n<li>La sobreexposici\u00f3n al sol es perjudicial para la salud.<\/li>\n<li>Complementa tu cuidado con productos para <a href=\"https:\/\/apoderma.com\/inicio\/categoria-producto\/rostro\/\">rostro<\/a>.<\/li>\n<\/ol>\n<\/div>\n<\/section>\n<section class=\"eucerin-cp cp-text right\">\n<div class=\"text\"><\/div>\n<\/section>\n","protected":false},"excerpt":{"rendered":"<p>Protector solar facial anti-edad Ayuda a fortalecer el sistema de defensa antioxidante de las c\u00e9lulas&hellip;<\/p>\n","protected":false},"featured_media":25399,"template":"","meta":{"_glsr_average":0,"_glsr_ranking":0,"_glsr_reviews":0},"product_cat":[96,89],"product_tag":[185,179,115],"class_list":{"0":"post-9090","1":"product","2":"type-product","3":"status-publish","4":"has-post-thumbnail","6":"product_brand-eucerin","7":"product_cat-fotoproteccion","8":"product_cat-rostro","9":"product_tag-anti-edad","10":"product_tag-fotoproteccion","11":"product_tag-rostro","13":"first","14":"instock","15":"taxable","16":"shipping-taxable","17":"purchasable","18":"product-type-simple","19":"thumb-no-effect","20":"prod-rating-on"},"yoast_head":"<!-- This site is optimized with the Yoast SEO plugin v25.3.1 - https:\/\/yoast.com\/wordpress\/plugins\/seo\/ -->\n<title>Eucerin Sun Fluid Anti-Edad FPS 50 - Apo Derma Store<\/title>\n<meta name=\"description\" content=\"Eucerin Sun Fluid Anti-edad FPS 50 con \u00c1cido hialur\u00f3nico. Prevenci\u00f3n del fotoenvejecimiento. Disponible en ApoDerma Store\" \/>\n<meta name=\"robots\" content=\"index, follow, max-snippet:-1, max-image-preview:large, max-video-preview:-1\" \/>\n<link rel=\"canonical\" href=\"https:\/\/apoderma.com\/inicio\/producto\/eucerin-sun-fluid-anti-edad-fps-50-50-ml\/\" \/>\n<meta property=\"og:locale\" content=\"es_ES\" \/>\n<meta property=\"og:type\" content=\"article\" \/>\n<meta property=\"og:title\" content=\"Eucerin Sun Fluid Anti-Edad FPS 50 - Apo Derma Store\" \/>\n<meta property=\"og:description\" content=\"Eucerin Sun Fluid Anti-edad FPS 50 con \u00c1cido hialur\u00f3nico. Prevenci\u00f3n del fotoenvejecimiento. Disponible en ApoDerma Store\" \/>\n<meta property=\"og:url\" content=\"https:\/\/apoderma.com\/inicio\/producto\/eucerin-sun-fluid-anti-edad-fps-50-50-ml\/\" \/>\n<meta property=\"og:site_name\" content=\"Apo Derma Store\" \/>\n<meta property=\"article:modified_time\" content=\"2025-04-13T21:36:29+00:00\" \/>\n<meta property=\"og:image\" content=\"https:\/\/apoderma.com\/inicio\/wp-content\/uploads\/2020\/01\/euc-solar-sun-fluid-anti-edad-facial-spf-50-x-50-ml.jpg\" \/>\n\t<meta property=\"og:image:width\" content=\"800\" \/>\n\t<meta property=\"og:image:height\" content=\"800\" \/>\n\t<meta property=\"og:image:type\" content=\"image\/jpeg\" \/>\n<meta name=\"twitter:card\" content=\"summary_large_image\" \/>\n<meta name=\"twitter:label1\" content=\"Tiempo de lectura\" \/>\n\t<meta name=\"twitter:data1\" content=\"2 minutos\" \/>\n<script type=\"application\/ld+json\" class=\"yoast-schema-graph\">{\"@context\":\"https:\/\/schema.org\",\"@graph\":[{\"@type\":\"WebPage\",\"@id\":\"https:\/\/apoderma.com\/inicio\/producto\/eucerin-sun-fluid-anti-edad-fps-50-50-ml\/\",\"url\":\"https:\/\/apoderma.com\/inicio\/producto\/eucerin-sun-fluid-anti-edad-fps-50-50-ml\/\",\"name\":\"Eucerin Sun Fluid Anti-Edad FPS 50 - Apo Derma Store\",\"isPartOf\":{\"@id\":\"https:\/\/apoderma.com\/inicio\/#website\"},\"primaryImageOfPage\":{\"@id\":\"https:\/\/apoderma.com\/inicio\/producto\/eucerin-sun-fluid-anti-edad-fps-50-50-ml\/#primaryimage\"},\"image\":{\"@id\":\"https:\/\/apoderma.com\/inicio\/producto\/eucerin-sun-fluid-anti-edad-fps-50-50-ml\/#primaryimage\"},\"thumbnailUrl\":\"https:\/\/apoderma.com\/inicio\/wp-content\/uploads\/2020\/01\/euc-solar-sun-fluid-anti-edad-facial-spf-50-x-50-ml.jpg\",\"datePublished\":\"2020-01-10T15:27:56+00:00\",\"dateModified\":\"2025-04-13T21:36:29+00:00\",\"description\":\"Eucerin Sun Fluid Anti-edad FPS 50 con \u00c1cido hialur\u00f3nico. Prevenci\u00f3n del fotoenvejecimiento. Disponible en ApoDerma Store\",\"breadcrumb\":{\"@id\":\"https:\/\/apoderma.com\/inicio\/producto\/eucerin-sun-fluid-anti-edad-fps-50-50-ml\/#breadcrumb\"},\"inLanguage\":\"es\",\"potentialAction\":[{\"@type\":\"ReadAction\",\"target\":[\"https:\/\/apoderma.com\/inicio\/producto\/eucerin-sun-fluid-anti-edad-fps-50-50-ml\/\"]}]},{\"@type\":\"ImageObject\",\"inLanguage\":\"es\",\"@id\":\"https:\/\/apoderma.com\/inicio\/producto\/eucerin-sun-fluid-anti-edad-fps-50-50-ml\/#primaryimage\",\"url\":\"https:\/\/apoderma.com\/inicio\/wp-content\/uploads\/2020\/01\/euc-solar-sun-fluid-anti-edad-facial-spf-50-x-50-ml.jpg\",\"contentUrl\":\"https:\/\/apoderma.com\/inicio\/wp-content\/uploads\/2020\/01\/euc-solar-sun-fluid-anti-edad-facial-spf-50-x-50-ml.jpg\",\"width\":800,\"height\":800,\"caption\":\"Eucerin antiedad\"},{\"@type\":\"BreadcrumbList\",\"@id\":\"https:\/\/apoderma.com\/inicio\/producto\/eucerin-sun-fluid-anti-edad-fps-50-50-ml\/#breadcrumb\",\"itemListElement\":[{\"@type\":\"ListItem\",\"position\":1,\"name\":\"Portada\",\"item\":\"https:\/\/apoderma.com\/inicio\/\"},{\"@type\":\"ListItem\",\"position\":2,\"name\":\"Tienda Dermocosm\u00e9tica\",\"item\":\"https:\/\/apoderma.com\/inicio\/tienda-dermocosmetica\/\"},{\"@type\":\"ListItem\",\"position\":3,\"name\":\"Eucerin Sun Fluid Anti-Edad FPS 50\"}]},{\"@type\":\"WebSite\",\"@id\":\"https:\/\/apoderma.com\/inicio\/#website\",\"url\":\"https:\/\/apoderma.com\/inicio\/\",\"name\":\"Apo Derma Store\",\"description\":\"Venta de productos cosm\u00e9ticos\",\"potentialAction\":[{\"@type\":\"SearchAction\",\"target\":{\"@type\":\"EntryPoint\",\"urlTemplate\":\"https:\/\/apoderma.com\/inicio\/?s={search_term_string}\"},\"query-input\":{\"@type\":\"PropertyValueSpecification\",\"valueRequired\":true,\"valueName\":\"search_term_string\"}}],\"inLanguage\":\"es\"}]}<\/script>\n<!-- \/ Yoast SEO plugin. -->","yoast_head_json":{"title":"Eucerin Sun Fluid Anti-Edad FPS 50 - Apo Derma Store","description":"Eucerin Sun Fluid Anti-edad FPS 50 con \u00c1cido hialur\u00f3nico. Prevenci\u00f3n del fotoenvejecimiento. Disponible en ApoDerma Store","robots":{"index":"index","follow":"follow","max-snippet":"max-snippet:-1","max-image-preview":"max-image-preview:large","max-video-preview":"max-video-preview:-1"},"canonical":"https:\/\/apoderma.com\/inicio\/producto\/eucerin-sun-fluid-anti-edad-fps-50-50-ml\/","og_locale":"es_ES","og_type":"article","og_title":"Eucerin Sun Fluid Anti-Edad FPS 50 - Apo Derma Store","og_description":"Eucerin Sun Fluid Anti-edad FPS 50 con \u00c1cido hialur\u00f3nico. Prevenci\u00f3n del fotoenvejecimiento. Disponible en ApoDerma Store","og_url":"https:\/\/apoderma.com\/inicio\/producto\/eucerin-sun-fluid-anti-edad-fps-50-50-ml\/","og_site_name":"Apo Derma Store","article_modified_time":"2025-04-13T21:36:29+00:00","og_image":[{"width":800,"height":800,"url":"https:\/\/apoderma.com\/inicio\/wp-content\/uploads\/2020\/01\/euc-solar-sun-fluid-anti-edad-facial-spf-50-x-50-ml.jpg","type":"image\/jpeg"}],"twitter_card":"summary_large_image","twitter_misc":{"Tiempo de lectura":"2 minutos"},"schema":{"@context":"https:\/\/schema.org","@graph":[{"@type":"WebPage","@id":"https:\/\/apoderma.com\/inicio\/producto\/eucerin-sun-fluid-anti-edad-fps-50-50-ml\/","url":"https:\/\/apoderma.com\/inicio\/producto\/eucerin-sun-fluid-anti-edad-fps-50-50-ml\/","name":"Eucerin Sun Fluid Anti-Edad FPS 50 - Apo Derma Store","isPartOf":{"@id":"https:\/\/apoderma.com\/inicio\/#website"},"primaryImageOfPage":{"@id":"https:\/\/apoderma.com\/inicio\/producto\/eucerin-sun-fluid-anti-edad-fps-50-50-ml\/#primaryimage"},"image":{"@id":"https:\/\/apoderma.com\/inicio\/producto\/eucerin-sun-fluid-anti-edad-fps-50-50-ml\/#primaryimage"},"thumbnailUrl":"https:\/\/apoderma.com\/inicio\/wp-content\/uploads\/2020\/01\/euc-solar-sun-fluid-anti-edad-facial-spf-50-x-50-ml.jpg","datePublished":"2020-01-10T15:27:56+00:00","dateModified":"2025-04-13T21:36:29+00:00","description":"Eucerin Sun Fluid Anti-edad FPS 50 con \u00c1cido hialur\u00f3nico. Prevenci\u00f3n del fotoenvejecimiento. Disponible en ApoDerma Store","breadcrumb":{"@id":"https:\/\/apoderma.com\/inicio\/producto\/eucerin-sun-fluid-anti-edad-fps-50-50-ml\/#breadcrumb"},"inLanguage":"es","potentialAction":[{"@type":"ReadAction","target":["https:\/\/apoderma.com\/inicio\/producto\/eucerin-sun-fluid-anti-edad-fps-50-50-ml\/"]}]},{"@type":"ImageObject","inLanguage":"es","@id":"https:\/\/apoderma.com\/inicio\/producto\/eucerin-sun-fluid-anti-edad-fps-50-50-ml\/#primaryimage","url":"https:\/\/apoderma.com\/inicio\/wp-content\/uploads\/2020\/01\/euc-solar-sun-fluid-anti-edad-facial-spf-50-x-50-ml.jpg","contentUrl":"https:\/\/apoderma.com\/inicio\/wp-content\/uploads\/2020\/01\/euc-solar-sun-fluid-anti-edad-facial-spf-50-x-50-ml.jpg","width":800,"height":800,"caption":"Eucerin antiedad"},{"@type":"BreadcrumbList","@id":"https:\/\/apoderma.com\/inicio\/producto\/eucerin-sun-fluid-anti-edad-fps-50-50-ml\/#breadcrumb","itemListElement":[{"@type":"ListItem","position":1,"name":"Portada","item":"https:\/\/apoderma.com\/inicio\/"},{"@type":"ListItem","position":2,"name":"Tienda Dermocosm\u00e9tica","item":"https:\/\/apoderma.com\/inicio\/tienda-dermocosmetica\/"},{"@type":"ListItem","position":3,"name":"Eucerin Sun Fluid Anti-Edad FPS 50"}]},{"@type":"WebSite","@id":"https:\/\/apoderma.com\/inicio\/#website","url":"https:\/\/apoderma.com\/inicio\/","name":"Apo Derma Store","description":"Venta de productos cosm\u00e9ticos","potentialAction":[{"@type":"SearchAction","target":{"@type":"EntryPoint","urlTemplate":"https:\/\/apoderma.com\/inicio\/?s={search_term_string}"},"query-input":{"@type":"PropertyValueSpecification","valueRequired":true,"valueName":"search_term_string"}}],"inLanguage":"es"}]}},"_links":{"self":[{"href":"https:\/\/apoderma.com\/inicio\/wp-json\/wp\/v2\/product\/9090","targetHints":{"allow":["GET"]}}],"collection":[{"href":"https:\/\/apoderma.com\/inicio\/wp-json\/wp\/v2\/product"}],"about":[{"href":"https:\/\/apoderma.com\/inicio\/wp-json\/wp\/v2\/types\/product"}],"wp:featuredmedia":[{"embeddable":true,"href":"https:\/\/apoderma.com\/inicio\/wp-json\/wp\/v2\/media\/25399"}],"wp:attachment":[{"href":"https:\/\/apoderma.com\/inicio\/wp-json\/wp\/v2\/media?parent=9090"}],"wp:term":[{"taxonomy":"product_cat","embeddable":true,"href":"https:\/\/apoderma.com\/inicio\/wp-json\/wp\/v2\/product_cat?post=9090"},{"taxonomy":"product_tag","embeddable":true,"href":"https:\/\/apoderma.com\/inicio\/wp-json\/wp\/v2\/product_tag?post=9090"}],"curies":[{"name":"wp","href":"https:\/\/api.w.org\/{rel}","templated":true}]}}