{"id":9086,"date":"2020-01-10T09:18:48","date_gmt":"2020-01-10T15:18:48","guid":{"rendered":"https:\/\/apoderma.com\/inicio\/?post_type=product&#038;p=9086"},"modified":"2025-04-13T15:01:20","modified_gmt":"2025-04-13T21:01:20","slug":"eucerin-sun-control-graso-fps-50-facial-50-ml","status":"publish","type":"product","link":"https:\/\/apoderma.com\/inicio\/producto\/eucerin-sun-control-graso-fps-50-facial-50-ml\/","title":{"rendered":"Eucerin Sun Control Graso FPS 50+ Facial 50 mL"},"content":{"rendered":"<h3>Especificaciones<\/h3>\n<ul>\n<li><a href=\"https:\/\/www.eucerin.es\/productos\/sun-protection\/sun-gel-creme-oil-control-dry-touch-fps-50plus\">Eucerin Sun Control Graso FPS 50 <\/a>es un protector solar facial avanzado para piel grasa y propensa al acn\u00e9.<\/li>\n<li>Ofrece una protecci\u00f3n solar facial muy alta para piel grasa y propensa al acn\u00e9, con accion anti-brillo de larga duraci\u00f3n.<\/li>\n<li>Protege la piel contra los da\u00f1os ocasionados por el sol. Producto de larga duraci\u00f3n con acabado mate y efecto antibrillo.<\/li>\n<li>La Advanced Spectral Technology de Eucerin ofrece una protecci\u00f3n de factor muy alto frente a rayos UVA y UVB, y protecci\u00f3n contra la luz visible de alta energ\u00eda (HEVL).<\/li>\n<li>El protector solar tambi\u00e9n estimula el mecanismo de reparaci\u00f3n del ADN de la piel e incluye la tecnolog\u00eda Oil Control reguladora de la producci\u00f3n de sebo.<\/li>\n<\/ul>\n<h3>Modo de uso:<\/h3>\n<ol>\n<li>Apl\u00edquelo por la ma\u00f1ana, despu\u00e9s del producto de cuidado diario habitual (o en lugar de este)<\/li>\n<li>Es especialmente importante usar una protecci\u00f3n solar de factor alto si est\u00e1 tomando medicaci\u00f3n para el acn\u00e9 o ha usado un producto de peeling, ya que ambos tratamientos pueden potenciar la sensibilidad de la piel al sol.<\/li>\n<li>Si tienes <a href=\"https:\/\/apoderma.com\/inicio\/categoria-producto\/rostro\/piel-grasa\/\">piel grasa<\/a> te recomendamos utilizar productos de acuerdo con esta condici\u00f3n.<\/li>\n<\/ol>\n","protected":false},"excerpt":{"rendered":"<p>Protector solar facial Para piel grasa y propensa al acn\u00e9. Presentaci\u00f3n: 50 mL. Disponible compra&hellip;<\/p>\n","protected":false},"featured_media":25398,"template":"","meta":{"_glsr_average":0,"_glsr_ranking":0,"_glsr_reviews":0},"product_cat":[96,89],"product_tag":[219,123,119,115,218],"class_list":{"0":"post-9086","1":"product","2":"type-product","3":"status-publish","4":"has-post-thumbnail","6":"product_brand-eucerin","7":"product_cat-fotoproteccion","8":"product_cat-rostro","9":"product_tag-eucerin","10":"product_tag-piel-grasa","11":"product_tag-proteccion-solar","12":"product_tag-rostro","13":"product_tag-toque-seco","15":"first","16":"instock","17":"taxable","18":"shipping-taxable","19":"purchasable","20":"product-type-simple","21":"thumb-no-effect","22":"prod-rating-on"},"yoast_head":"<!-- This site is optimized with the Yoast SEO plugin v25.3.1 - https:\/\/yoast.com\/wordpress\/plugins\/seo\/ -->\n<title>Eucerin Sun Control Graso FPS 50+ Facial 50 mL - Apo Derma Store<\/title>\n<meta name=\"description\" content=\"Eucerin Sun control graso Gel Crema FPS 50+. Protecci\u00f3n UVB, UVA, acci\u00f3n antioxidante y seborreguladora. Disponible en ApoDerma Store\" \/>\n<meta name=\"robots\" content=\"index, follow, max-snippet:-1, max-image-preview:large, max-video-preview:-1\" \/>\n<link rel=\"canonical\" href=\"https:\/\/apoderma.com\/inicio\/producto\/eucerin-sun-control-graso-fps-50-facial-50-ml\/\" \/>\n<meta property=\"og:locale\" content=\"es_ES\" \/>\n<meta property=\"og:type\" content=\"article\" \/>\n<meta property=\"og:title\" content=\"Eucerin Sun Control Graso FPS 50+ Facial 50 mL - Apo Derma Store\" \/>\n<meta property=\"og:description\" content=\"Eucerin Sun control graso Gel Crema FPS 50+. Protecci\u00f3n UVB, UVA, acci\u00f3n antioxidante y seborreguladora. Disponible en ApoDerma Store\" \/>\n<meta property=\"og:url\" content=\"https:\/\/apoderma.com\/inicio\/producto\/eucerin-sun-control-graso-fps-50-facial-50-ml\/\" \/>\n<meta property=\"og:site_name\" content=\"Apo Derma Store\" \/>\n<meta property=\"article:modified_time\" content=\"2025-04-13T21:01:20+00:00\" \/>\n<meta property=\"og:image\" content=\"https:\/\/apoderma.com\/inicio\/wp-content\/uploads\/2020\/01\/eucerin-sun-oil-control-spf50-skinboutique-guatemala.jpg\" \/>\n\t<meta property=\"og:image:width\" content=\"1500\" \/>\n\t<meta property=\"og:image:height\" content=\"1500\" \/>\n\t<meta property=\"og:image:type\" content=\"image\/jpeg\" \/>\n<meta name=\"twitter:card\" content=\"summary_large_image\" \/>\n<meta name=\"twitter:label1\" content=\"Tiempo de lectura\" \/>\n\t<meta name=\"twitter:data1\" content=\"1 minuto\" \/>\n<script type=\"application\/ld+json\" class=\"yoast-schema-graph\">{\"@context\":\"https:\/\/schema.org\",\"@graph\":[{\"@type\":\"WebPage\",\"@id\":\"https:\/\/apoderma.com\/inicio\/producto\/eucerin-sun-control-graso-fps-50-facial-50-ml\/\",\"url\":\"https:\/\/apoderma.com\/inicio\/producto\/eucerin-sun-control-graso-fps-50-facial-50-ml\/\",\"name\":\"Eucerin Sun Control Graso FPS 50+ Facial 50 mL - Apo Derma Store\",\"isPartOf\":{\"@id\":\"https:\/\/apoderma.com\/inicio\/#website\"},\"primaryImageOfPage\":{\"@id\":\"https:\/\/apoderma.com\/inicio\/producto\/eucerin-sun-control-graso-fps-50-facial-50-ml\/#primaryimage\"},\"image\":{\"@id\":\"https:\/\/apoderma.com\/inicio\/producto\/eucerin-sun-control-graso-fps-50-facial-50-ml\/#primaryimage\"},\"thumbnailUrl\":\"https:\/\/apoderma.com\/inicio\/wp-content\/uploads\/2020\/01\/eucerin-sun-oil-control-spf50-skinboutique-guatemala.jpg\",\"datePublished\":\"2020-01-10T15:18:48+00:00\",\"dateModified\":\"2025-04-13T21:01:20+00:00\",\"description\":\"Eucerin Sun control graso Gel Crema FPS 50+. Protecci\u00f3n UVB, UVA, acci\u00f3n antioxidante y seborreguladora. Disponible en ApoDerma Store\",\"breadcrumb\":{\"@id\":\"https:\/\/apoderma.com\/inicio\/producto\/eucerin-sun-control-graso-fps-50-facial-50-ml\/#breadcrumb\"},\"inLanguage\":\"es\",\"potentialAction\":[{\"@type\":\"ReadAction\",\"target\":[\"https:\/\/apoderma.com\/inicio\/producto\/eucerin-sun-control-graso-fps-50-facial-50-ml\/\"]}]},{\"@type\":\"ImageObject\",\"inLanguage\":\"es\",\"@id\":\"https:\/\/apoderma.com\/inicio\/producto\/eucerin-sun-control-graso-fps-50-facial-50-ml\/#primaryimage\",\"url\":\"https:\/\/apoderma.com\/inicio\/wp-content\/uploads\/2020\/01\/eucerin-sun-oil-control-spf50-skinboutique-guatemala.jpg\",\"contentUrl\":\"https:\/\/apoderma.com\/inicio\/wp-content\/uploads\/2020\/01\/eucerin-sun-oil-control-spf50-skinboutique-guatemala.jpg\",\"width\":1500,\"height\":1500,\"caption\":\"Control graso\"},{\"@type\":\"BreadcrumbList\",\"@id\":\"https:\/\/apoderma.com\/inicio\/producto\/eucerin-sun-control-graso-fps-50-facial-50-ml\/#breadcrumb\",\"itemListElement\":[{\"@type\":\"ListItem\",\"position\":1,\"name\":\"Portada\",\"item\":\"https:\/\/apoderma.com\/inicio\/\"},{\"@type\":\"ListItem\",\"position\":2,\"name\":\"Tienda Dermocosm\u00e9tica\",\"item\":\"https:\/\/apoderma.com\/inicio\/tienda-dermocosmetica\/\"},{\"@type\":\"ListItem\",\"position\":3,\"name\":\"Eucerin Sun Control Graso FPS 50+ Facial 50 mL\"}]},{\"@type\":\"WebSite\",\"@id\":\"https:\/\/apoderma.com\/inicio\/#website\",\"url\":\"https:\/\/apoderma.com\/inicio\/\",\"name\":\"Apo Derma Store\",\"description\":\"Venta de productos cosm\u00e9ticos\",\"potentialAction\":[{\"@type\":\"SearchAction\",\"target\":{\"@type\":\"EntryPoint\",\"urlTemplate\":\"https:\/\/apoderma.com\/inicio\/?s={search_term_string}\"},\"query-input\":{\"@type\":\"PropertyValueSpecification\",\"valueRequired\":true,\"valueName\":\"search_term_string\"}}],\"inLanguage\":\"es\"}]}<\/script>\n<!-- \/ Yoast SEO plugin. -->","yoast_head_json":{"title":"Eucerin Sun Control Graso FPS 50+ Facial 50 mL - Apo Derma Store","description":"Eucerin Sun control graso Gel Crema FPS 50+. Protecci\u00f3n UVB, UVA, acci\u00f3n antioxidante y seborreguladora. Disponible en ApoDerma Store","robots":{"index":"index","follow":"follow","max-snippet":"max-snippet:-1","max-image-preview":"max-image-preview:large","max-video-preview":"max-video-preview:-1"},"canonical":"https:\/\/apoderma.com\/inicio\/producto\/eucerin-sun-control-graso-fps-50-facial-50-ml\/","og_locale":"es_ES","og_type":"article","og_title":"Eucerin Sun Control Graso FPS 50+ Facial 50 mL - Apo Derma Store","og_description":"Eucerin Sun control graso Gel Crema FPS 50+. Protecci\u00f3n UVB, UVA, acci\u00f3n antioxidante y seborreguladora. Disponible en ApoDerma Store","og_url":"https:\/\/apoderma.com\/inicio\/producto\/eucerin-sun-control-graso-fps-50-facial-50-ml\/","og_site_name":"Apo Derma Store","article_modified_time":"2025-04-13T21:01:20+00:00","og_image":[{"width":1500,"height":1500,"url":"https:\/\/apoderma.com\/inicio\/wp-content\/uploads\/2020\/01\/eucerin-sun-oil-control-spf50-skinboutique-guatemala.jpg","type":"image\/jpeg"}],"twitter_card":"summary_large_image","twitter_misc":{"Tiempo de lectura":"1 minuto"},"schema":{"@context":"https:\/\/schema.org","@graph":[{"@type":"WebPage","@id":"https:\/\/apoderma.com\/inicio\/producto\/eucerin-sun-control-graso-fps-50-facial-50-ml\/","url":"https:\/\/apoderma.com\/inicio\/producto\/eucerin-sun-control-graso-fps-50-facial-50-ml\/","name":"Eucerin Sun Control Graso FPS 50+ Facial 50 mL - Apo Derma Store","isPartOf":{"@id":"https:\/\/apoderma.com\/inicio\/#website"},"primaryImageOfPage":{"@id":"https:\/\/apoderma.com\/inicio\/producto\/eucerin-sun-control-graso-fps-50-facial-50-ml\/#primaryimage"},"image":{"@id":"https:\/\/apoderma.com\/inicio\/producto\/eucerin-sun-control-graso-fps-50-facial-50-ml\/#primaryimage"},"thumbnailUrl":"https:\/\/apoderma.com\/inicio\/wp-content\/uploads\/2020\/01\/eucerin-sun-oil-control-spf50-skinboutique-guatemala.jpg","datePublished":"2020-01-10T15:18:48+00:00","dateModified":"2025-04-13T21:01:20+00:00","description":"Eucerin Sun control graso Gel Crema FPS 50+. Protecci\u00f3n UVB, UVA, acci\u00f3n antioxidante y seborreguladora. Disponible en ApoDerma Store","breadcrumb":{"@id":"https:\/\/apoderma.com\/inicio\/producto\/eucerin-sun-control-graso-fps-50-facial-50-ml\/#breadcrumb"},"inLanguage":"es","potentialAction":[{"@type":"ReadAction","target":["https:\/\/apoderma.com\/inicio\/producto\/eucerin-sun-control-graso-fps-50-facial-50-ml\/"]}]},{"@type":"ImageObject","inLanguage":"es","@id":"https:\/\/apoderma.com\/inicio\/producto\/eucerin-sun-control-graso-fps-50-facial-50-ml\/#primaryimage","url":"https:\/\/apoderma.com\/inicio\/wp-content\/uploads\/2020\/01\/eucerin-sun-oil-control-spf50-skinboutique-guatemala.jpg","contentUrl":"https:\/\/apoderma.com\/inicio\/wp-content\/uploads\/2020\/01\/eucerin-sun-oil-control-spf50-skinboutique-guatemala.jpg","width":1500,"height":1500,"caption":"Control graso"},{"@type":"BreadcrumbList","@id":"https:\/\/apoderma.com\/inicio\/producto\/eucerin-sun-control-graso-fps-50-facial-50-ml\/#breadcrumb","itemListElement":[{"@type":"ListItem","position":1,"name":"Portada","item":"https:\/\/apoderma.com\/inicio\/"},{"@type":"ListItem","position":2,"name":"Tienda Dermocosm\u00e9tica","item":"https:\/\/apoderma.com\/inicio\/tienda-dermocosmetica\/"},{"@type":"ListItem","position":3,"name":"Eucerin Sun Control Graso FPS 50+ Facial 50 mL"}]},{"@type":"WebSite","@id":"https:\/\/apoderma.com\/inicio\/#website","url":"https:\/\/apoderma.com\/inicio\/","name":"Apo Derma Store","description":"Venta de productos cosm\u00e9ticos","potentialAction":[{"@type":"SearchAction","target":{"@type":"EntryPoint","urlTemplate":"https:\/\/apoderma.com\/inicio\/?s={search_term_string}"},"query-input":{"@type":"PropertyValueSpecification","valueRequired":true,"valueName":"search_term_string"}}],"inLanguage":"es"}]}},"_links":{"self":[{"href":"https:\/\/apoderma.com\/inicio\/wp-json\/wp\/v2\/product\/9086","targetHints":{"allow":["GET"]}}],"collection":[{"href":"https:\/\/apoderma.com\/inicio\/wp-json\/wp\/v2\/product"}],"about":[{"href":"https:\/\/apoderma.com\/inicio\/wp-json\/wp\/v2\/types\/product"}],"wp:featuredmedia":[{"embeddable":true,"href":"https:\/\/apoderma.com\/inicio\/wp-json\/wp\/v2\/media\/25398"}],"wp:attachment":[{"href":"https:\/\/apoderma.com\/inicio\/wp-json\/wp\/v2\/media?parent=9086"}],"wp:term":[{"taxonomy":"product_cat","embeddable":true,"href":"https:\/\/apoderma.com\/inicio\/wp-json\/wp\/v2\/product_cat?post=9086"},{"taxonomy":"product_tag","embeddable":true,"href":"https:\/\/apoderma.com\/inicio\/wp-json\/wp\/v2\/product_tag?post=9086"}],"curies":[{"name":"wp","href":"https:\/\/api.w.org\/{rel}","templated":true}]}}