{"id":5470,"date":"2019-09-18T11:42:21","date_gmt":"2019-09-18T17:42:21","guid":{"rendered":"https:\/\/apoderma.com\/inicio\/?post_type=product&#038;p=5470"},"modified":"2025-04-12T17:24:41","modified_gmt":"2025-04-12T23:24:41","slug":"factor-g-renew-serum-30-ml","status":"publish","type":"product","link":"https:\/\/apoderma.com\/inicio\/producto\/factor-g-renew-serum-30-ml\/","title":{"rendered":"Factor G Renew Serum 30 mL"},"content":{"rendered":"<h3>Especificaciones<\/h3>\n<ul>\n<li>Con el fin de prevenir y tratar las manifestaciones del envejecimiento cut\u00e1neo, Factor G incorpora factores de crecimiento de origen vegetal que reactivan el funcionamiento de la piel, estimulando la s\u00edntesis de col\u00e1geno y elastina. Ideal como tratamiento de base.<\/li>\n<li>Adem\u00e1s contiene centella asi\u00e1tica y las c\u00e9lulas madre aportan propiedades antioxidantes (protegiendo la piel de las agresiones de los radicales libres), reparadoras y regeneradoras.<\/li>\n<li>Tambi\u00e9n son activos con propiedades anti inflamatorias, que no causan irritaciones, exfoliaci\u00f3n, ni aumentan la sensibilidad al sol, de ah\u00ed que sea id\u00f3neo para pieles sensibles y reactivas.<\/li>\n<li>Contiene: Vitamina E, p\u00e9ptidos mim\u00e9ticos, factores de crecimiento (TGF \u03b22, HGH y GM-CSF), c\u00e9lulas madre de malus domestica, extracto de centella asi\u00e1tica, quercitina, ergotioneina, pterostilbeno.<\/li>\n<\/ul>\n<p><strong>Modo de uso:<\/strong><\/p>\n<ul>\n<li>Aplique 4 gotas del producto en la mano y masajee sobre el rostro previo al tratamiento habitual.<\/li>\n<\/ul>\n","protected":false},"excerpt":{"rendered":"<p>Serum anti envejecimiento que estimula la regeneraci\u00f3n celular. Disponible compra por pedido mediante WhatsApp y&hellip;<\/p>\n","protected":false},"featured_media":5660,"template":"","meta":{"_glsr_average":0,"_glsr_ranking":0,"_glsr_reviews":0},"product_cat":[89,92],"product_tag":[116,115],"class_list":{"0":"post-5470","1":"product","2":"type-product","3":"status-publish","4":"has-post-thumbnail","6":"product_brand-sesderma","7":"product_cat-rostro","8":"product_cat-signos-de-la-edad","9":"product_tag-antiedad","10":"product_tag-rostro","12":"first","13":"instock","14":"taxable","15":"shipping-taxable","16":"purchasable","17":"product-type-simple","18":"thumb-no-effect","19":"prod-rating-on"},"yoast_head":"<!-- This site is optimized with the Yoast SEO plugin v25.3.1 - https:\/\/yoast.com\/wordpress\/plugins\/seo\/ -->\n<title>Factor G Renew Serum 30 mL - Apo Derma Store<\/title>\n<meta name=\"description\" content=\"Factor G Renew de Sesderma con factores de crecimiento que estimulan la regeneraci\u00f3n celular. Disponible en ApoDerma Store.\" \/>\n<meta name=\"robots\" content=\"index, follow, max-snippet:-1, max-image-preview:large, max-video-preview:-1\" \/>\n<link rel=\"canonical\" href=\"https:\/\/apoderma.com\/inicio\/producto\/factor-g-renew-serum-30-ml\/\" \/>\n<meta property=\"og:locale\" content=\"es_ES\" \/>\n<meta property=\"og:type\" content=\"article\" \/>\n<meta property=\"og:title\" content=\"Factor G Renew Serum 30 mL - Apo Derma Store\" \/>\n<meta property=\"og:description\" content=\"Factor G Renew de Sesderma con factores de crecimiento que estimulan la regeneraci\u00f3n celular. Disponible en ApoDerma Store.\" \/>\n<meta property=\"og:url\" content=\"https:\/\/apoderma.com\/inicio\/producto\/factor-g-renew-serum-30-ml\/\" \/>\n<meta property=\"og:site_name\" content=\"Apo Derma Store\" \/>\n<meta property=\"article:modified_time\" content=\"2025-04-12T23:24:41+00:00\" \/>\n<meta property=\"og:image\" content=\"https:\/\/apoderma.com\/inicio\/wp-content\/uploads\/2019\/09\/3269_FactorG_Serum_Liposomal_30_mL.jpg\" \/>\n\t<meta property=\"og:image:width\" content=\"225\" \/>\n\t<meta property=\"og:image:height\" content=\"225\" \/>\n\t<meta property=\"og:image:type\" content=\"image\/jpeg\" \/>\n<meta name=\"twitter:card\" content=\"summary_large_image\" \/>\n<meta name=\"twitter:label1\" content=\"Tiempo de lectura\" \/>\n\t<meta name=\"twitter:data1\" content=\"1 minuto\" \/>\n<script type=\"application\/ld+json\" class=\"yoast-schema-graph\">{\"@context\":\"https:\/\/schema.org\",\"@graph\":[{\"@type\":\"WebPage\",\"@id\":\"https:\/\/apoderma.com\/inicio\/producto\/factor-g-renew-serum-30-ml\/\",\"url\":\"https:\/\/apoderma.com\/inicio\/producto\/factor-g-renew-serum-30-ml\/\",\"name\":\"Factor G Renew Serum 30 mL - Apo Derma Store\",\"isPartOf\":{\"@id\":\"https:\/\/apoderma.com\/inicio\/#website\"},\"primaryImageOfPage\":{\"@id\":\"https:\/\/apoderma.com\/inicio\/producto\/factor-g-renew-serum-30-ml\/#primaryimage\"},\"image\":{\"@id\":\"https:\/\/apoderma.com\/inicio\/producto\/factor-g-renew-serum-30-ml\/#primaryimage\"},\"thumbnailUrl\":\"https:\/\/apoderma.com\/inicio\/wp-content\/uploads\/2019\/09\/3269_FactorG_Serum_Liposomal_30_mL.jpg\",\"datePublished\":\"2019-09-18T17:42:21+00:00\",\"dateModified\":\"2025-04-12T23:24:41+00:00\",\"description\":\"Factor G Renew de Sesderma con factores de crecimiento que estimulan la regeneraci\u00f3n celular. Disponible en ApoDerma Store.\",\"breadcrumb\":{\"@id\":\"https:\/\/apoderma.com\/inicio\/producto\/factor-g-renew-serum-30-ml\/#breadcrumb\"},\"inLanguage\":\"es\",\"potentialAction\":[{\"@type\":\"ReadAction\",\"target\":[\"https:\/\/apoderma.com\/inicio\/producto\/factor-g-renew-serum-30-ml\/\"]}]},{\"@type\":\"ImageObject\",\"inLanguage\":\"es\",\"@id\":\"https:\/\/apoderma.com\/inicio\/producto\/factor-g-renew-serum-30-ml\/#primaryimage\",\"url\":\"https:\/\/apoderma.com\/inicio\/wp-content\/uploads\/2019\/09\/3269_FactorG_Serum_Liposomal_30_mL.jpg\",\"contentUrl\":\"https:\/\/apoderma.com\/inicio\/wp-content\/uploads\/2019\/09\/3269_FactorG_Serum_Liposomal_30_mL.jpg\",\"width\":225,\"height\":225},{\"@type\":\"BreadcrumbList\",\"@id\":\"https:\/\/apoderma.com\/inicio\/producto\/factor-g-renew-serum-30-ml\/#breadcrumb\",\"itemListElement\":[{\"@type\":\"ListItem\",\"position\":1,\"name\":\"Portada\",\"item\":\"https:\/\/apoderma.com\/inicio\/\"},{\"@type\":\"ListItem\",\"position\":2,\"name\":\"Tienda Dermocosm\u00e9tica\",\"item\":\"https:\/\/apoderma.com\/inicio\/tienda-dermocosmetica\/\"},{\"@type\":\"ListItem\",\"position\":3,\"name\":\"Factor G Renew Serum 30 mL\"}]},{\"@type\":\"WebSite\",\"@id\":\"https:\/\/apoderma.com\/inicio\/#website\",\"url\":\"https:\/\/apoderma.com\/inicio\/\",\"name\":\"Apo Derma Store\",\"description\":\"Venta de productos cosm\u00e9ticos\",\"potentialAction\":[{\"@type\":\"SearchAction\",\"target\":{\"@type\":\"EntryPoint\",\"urlTemplate\":\"https:\/\/apoderma.com\/inicio\/?s={search_term_string}\"},\"query-input\":{\"@type\":\"PropertyValueSpecification\",\"valueRequired\":true,\"valueName\":\"search_term_string\"}}],\"inLanguage\":\"es\"}]}<\/script>\n<!-- \/ Yoast SEO plugin. -->","yoast_head_json":{"title":"Factor G Renew Serum 30 mL - Apo Derma Store","description":"Factor G Renew de Sesderma con factores de crecimiento que estimulan la regeneraci\u00f3n celular. Disponible en ApoDerma Store.","robots":{"index":"index","follow":"follow","max-snippet":"max-snippet:-1","max-image-preview":"max-image-preview:large","max-video-preview":"max-video-preview:-1"},"canonical":"https:\/\/apoderma.com\/inicio\/producto\/factor-g-renew-serum-30-ml\/","og_locale":"es_ES","og_type":"article","og_title":"Factor G Renew Serum 30 mL - Apo Derma Store","og_description":"Factor G Renew de Sesderma con factores de crecimiento que estimulan la regeneraci\u00f3n celular. Disponible en ApoDerma Store.","og_url":"https:\/\/apoderma.com\/inicio\/producto\/factor-g-renew-serum-30-ml\/","og_site_name":"Apo Derma Store","article_modified_time":"2025-04-12T23:24:41+00:00","og_image":[{"width":225,"height":225,"url":"https:\/\/apoderma.com\/inicio\/wp-content\/uploads\/2019\/09\/3269_FactorG_Serum_Liposomal_30_mL.jpg","type":"image\/jpeg"}],"twitter_card":"summary_large_image","twitter_misc":{"Tiempo de lectura":"1 minuto"},"schema":{"@context":"https:\/\/schema.org","@graph":[{"@type":"WebPage","@id":"https:\/\/apoderma.com\/inicio\/producto\/factor-g-renew-serum-30-ml\/","url":"https:\/\/apoderma.com\/inicio\/producto\/factor-g-renew-serum-30-ml\/","name":"Factor G Renew Serum 30 mL - Apo Derma Store","isPartOf":{"@id":"https:\/\/apoderma.com\/inicio\/#website"},"primaryImageOfPage":{"@id":"https:\/\/apoderma.com\/inicio\/producto\/factor-g-renew-serum-30-ml\/#primaryimage"},"image":{"@id":"https:\/\/apoderma.com\/inicio\/producto\/factor-g-renew-serum-30-ml\/#primaryimage"},"thumbnailUrl":"https:\/\/apoderma.com\/inicio\/wp-content\/uploads\/2019\/09\/3269_FactorG_Serum_Liposomal_30_mL.jpg","datePublished":"2019-09-18T17:42:21+00:00","dateModified":"2025-04-12T23:24:41+00:00","description":"Factor G Renew de Sesderma con factores de crecimiento que estimulan la regeneraci\u00f3n celular. Disponible en ApoDerma Store.","breadcrumb":{"@id":"https:\/\/apoderma.com\/inicio\/producto\/factor-g-renew-serum-30-ml\/#breadcrumb"},"inLanguage":"es","potentialAction":[{"@type":"ReadAction","target":["https:\/\/apoderma.com\/inicio\/producto\/factor-g-renew-serum-30-ml\/"]}]},{"@type":"ImageObject","inLanguage":"es","@id":"https:\/\/apoderma.com\/inicio\/producto\/factor-g-renew-serum-30-ml\/#primaryimage","url":"https:\/\/apoderma.com\/inicio\/wp-content\/uploads\/2019\/09\/3269_FactorG_Serum_Liposomal_30_mL.jpg","contentUrl":"https:\/\/apoderma.com\/inicio\/wp-content\/uploads\/2019\/09\/3269_FactorG_Serum_Liposomal_30_mL.jpg","width":225,"height":225},{"@type":"BreadcrumbList","@id":"https:\/\/apoderma.com\/inicio\/producto\/factor-g-renew-serum-30-ml\/#breadcrumb","itemListElement":[{"@type":"ListItem","position":1,"name":"Portada","item":"https:\/\/apoderma.com\/inicio\/"},{"@type":"ListItem","position":2,"name":"Tienda Dermocosm\u00e9tica","item":"https:\/\/apoderma.com\/inicio\/tienda-dermocosmetica\/"},{"@type":"ListItem","position":3,"name":"Factor G Renew Serum 30 mL"}]},{"@type":"WebSite","@id":"https:\/\/apoderma.com\/inicio\/#website","url":"https:\/\/apoderma.com\/inicio\/","name":"Apo Derma Store","description":"Venta de productos cosm\u00e9ticos","potentialAction":[{"@type":"SearchAction","target":{"@type":"EntryPoint","urlTemplate":"https:\/\/apoderma.com\/inicio\/?s={search_term_string}"},"query-input":{"@type":"PropertyValueSpecification","valueRequired":true,"valueName":"search_term_string"}}],"inLanguage":"es"}]}},"_links":{"self":[{"href":"https:\/\/apoderma.com\/inicio\/wp-json\/wp\/v2\/product\/5470","targetHints":{"allow":["GET"]}}],"collection":[{"href":"https:\/\/apoderma.com\/inicio\/wp-json\/wp\/v2\/product"}],"about":[{"href":"https:\/\/apoderma.com\/inicio\/wp-json\/wp\/v2\/types\/product"}],"wp:featuredmedia":[{"embeddable":true,"href":"https:\/\/apoderma.com\/inicio\/wp-json\/wp\/v2\/media\/5660"}],"wp:attachment":[{"href":"https:\/\/apoderma.com\/inicio\/wp-json\/wp\/v2\/media?parent=5470"}],"wp:term":[{"taxonomy":"product_cat","embeddable":true,"href":"https:\/\/apoderma.com\/inicio\/wp-json\/wp\/v2\/product_cat?post=5470"},{"taxonomy":"product_tag","embeddable":true,"href":"https:\/\/apoderma.com\/inicio\/wp-json\/wp\/v2\/product_tag?post=5470"}],"curies":[{"name":"wp","href":"https:\/\/api.w.org\/{rel}","templated":true}]}}