{"id":5445,"date":"2019-09-17T15:09:43","date_gmt":"2019-09-17T21:09:43","guid":{"rendered":"https:\/\/apoderma.com\/inicio\/?post_type=product&#038;p=5445"},"modified":"2025-04-12T16:31:15","modified_gmt":"2025-04-12T22:31:15","slug":"factor-g-renew-crema-rejuvenecedora-50-ml","status":"publish","type":"product","link":"https:\/\/apoderma.com\/inicio\/producto\/factor-g-renew-crema-rejuvenecedora-50-ml\/","title":{"rendered":"Factor G Renew Crema Rejuvenecedora 50 mL"},"content":{"rendered":"<h3>Especificaciones<\/h3>\n<ul>\n<li><a href=\"https:\/\/www.sesderma.com\/eu_es\/factor-g-renew-crema-rejuvenecedora-40001753.html\">La crema rejuvenecedora Factor G Renew de Sesderma<\/a> es una crema anti-edad con factores de crecimiento y c\u00e9lulas madre vegetales.<\/li>\n<li>Contiene activos que estimulan la regeneraci\u00f3n celular y la s\u00edntesis de col\u00e1geno y elastina.<\/li>\n<li>Reduce las arrugas y recupera la turgencia de la piel.<\/li>\n<li>La piel del rostro recupera su firmeza.<\/li>\n<li>Los principios activos est\u00e1n encapsulados en liposomas para lograr una mayor penetraci\u00f3n y eficacia<\/li>\n<\/ul>\n<h3>Composici\u00f3n:<\/h3>\n<ul>\n<li>Contiene: Vitamina E, p\u00e9ptidos mim\u00e9ticos, factores de crecimiento, c\u00e9lulas madre de Malus domestica, extracto de centella asi\u00e1tica, quercetina, ergotioneina y pterostilbeno.<\/li>\n<\/ul>\n<p><strong>Modo de uso:<\/strong><\/p>\n<ol>\n<li>Limpiar y tonificar su piel previamente<\/li>\n<li>Aplicar la crema sobre la piel por la ma\u00f1ana y\/o por la noche con un suave masaje.<\/li>\n<li>Puede complementar el cuidado de su piel con el <a href=\"https:\/\/apoderma.com\/inicio\/producto\/factor-g-renew-serum-30-ml\/\">Serum Factor G Renew<\/a><\/li>\n<\/ol>\n","protected":false},"excerpt":{"rendered":"<p>Crema rejuvenecedora antiedad para todo tipo de piel Disponible compra por pedido mediante WhatsApp y&hellip;<\/p>\n","protected":false},"featured_media":13400,"template":"","meta":{"_glsr_average":0,"_glsr_ranking":0,"_glsr_reviews":0},"product_cat":[89,92],"product_tag":[116,205,206,204,191,203,149,115],"class_list":{"0":"post-5445","1":"product","2":"type-product","3":"status-publish","4":"has-post-thumbnail","6":"product_brand-sesderma","7":"product_cat-rostro","8":"product_cat-signos-de-la-edad","9":"product_tag-antiedad","10":"product_tag-colageno","11":"product_tag-elastina","12":"product_tag-factores-de-crecimiento","13":"product_tag-firmeza","14":"product_tag-flacidez","15":"product_tag-reafirmante","16":"product_tag-rostro","18":"first","19":"outofstock","20":"taxable","21":"shipping-taxable","22":"purchasable","23":"product-type-simple","24":"thumb-no-effect","25":"prod-rating-on"},"yoast_head":"<!-- This site is optimized with the Yoast SEO plugin v25.3.1 - https:\/\/yoast.com\/wordpress\/plugins\/seo\/ -->\n<title>Factor G Renew Crema Rejuvenecedora 50 mL - Apo Derma Store<\/title>\n<meta name=\"description\" content=\"Crema rejuvenecedora Factor G Renew de Sesderma, reduce arrugas, recupera la elasticidad y turgencia de la piel. Disponible en ApoDerma Store\" \/>\n<meta name=\"robots\" content=\"index, follow, max-snippet:-1, max-image-preview:large, max-video-preview:-1\" \/>\n<link rel=\"canonical\" href=\"https:\/\/apoderma.com\/inicio\/producto\/factor-g-renew-crema-rejuvenecedora-50-ml\/\" \/>\n<meta property=\"og:locale\" content=\"es_ES\" \/>\n<meta property=\"og:type\" content=\"article\" \/>\n<meta property=\"og:title\" content=\"Factor G Renew Crema Rejuvenecedora 50 mL - Apo Derma Store\" \/>\n<meta property=\"og:description\" content=\"Crema rejuvenecedora Factor G Renew de Sesderma, reduce arrugas, recupera la elasticidad y turgencia de la piel. Disponible en ApoDerma Store\" \/>\n<meta property=\"og:url\" content=\"https:\/\/apoderma.com\/inicio\/producto\/factor-g-renew-crema-rejuvenecedora-50-ml\/\" \/>\n<meta property=\"og:site_name\" content=\"Apo Derma Store\" \/>\n<meta property=\"article:modified_time\" content=\"2025-04-12T22:31:15+00:00\" \/>\n<meta property=\"og:image\" content=\"https:\/\/apoderma.com\/inicio\/wp-content\/uploads\/2019\/09\/factor_g_crema_rej.png\" \/>\n\t<meta property=\"og:image:width\" content=\"1024\" \/>\n\t<meta property=\"og:image:height\" content=\"1024\" \/>\n\t<meta property=\"og:image:type\" content=\"image\/png\" \/>\n<meta name=\"twitter:card\" content=\"summary_large_image\" \/>\n<meta name=\"twitter:label1\" content=\"Tiempo de lectura\" \/>\n\t<meta name=\"twitter:data1\" content=\"1 minuto\" \/>\n<script type=\"application\/ld+json\" class=\"yoast-schema-graph\">{\"@context\":\"https:\/\/schema.org\",\"@graph\":[{\"@type\":\"WebPage\",\"@id\":\"https:\/\/apoderma.com\/inicio\/producto\/factor-g-renew-crema-rejuvenecedora-50-ml\/\",\"url\":\"https:\/\/apoderma.com\/inicio\/producto\/factor-g-renew-crema-rejuvenecedora-50-ml\/\",\"name\":\"Factor G Renew Crema Rejuvenecedora 50 mL - Apo Derma Store\",\"isPartOf\":{\"@id\":\"https:\/\/apoderma.com\/inicio\/#website\"},\"primaryImageOfPage\":{\"@id\":\"https:\/\/apoderma.com\/inicio\/producto\/factor-g-renew-crema-rejuvenecedora-50-ml\/#primaryimage\"},\"image\":{\"@id\":\"https:\/\/apoderma.com\/inicio\/producto\/factor-g-renew-crema-rejuvenecedora-50-ml\/#primaryimage\"},\"thumbnailUrl\":\"https:\/\/apoderma.com\/inicio\/wp-content\/uploads\/2019\/09\/factor_g_crema_rej.png\",\"datePublished\":\"2019-09-17T21:09:43+00:00\",\"dateModified\":\"2025-04-12T22:31:15+00:00\",\"description\":\"Crema rejuvenecedora Factor G Renew de Sesderma, reduce arrugas, recupera la elasticidad y turgencia de la piel. Disponible en ApoDerma Store\",\"breadcrumb\":{\"@id\":\"https:\/\/apoderma.com\/inicio\/producto\/factor-g-renew-crema-rejuvenecedora-50-ml\/#breadcrumb\"},\"inLanguage\":\"es\",\"potentialAction\":[{\"@type\":\"ReadAction\",\"target\":[\"https:\/\/apoderma.com\/inicio\/producto\/factor-g-renew-crema-rejuvenecedora-50-ml\/\"]}]},{\"@type\":\"ImageObject\",\"inLanguage\":\"es\",\"@id\":\"https:\/\/apoderma.com\/inicio\/producto\/factor-g-renew-crema-rejuvenecedora-50-ml\/#primaryimage\",\"url\":\"https:\/\/apoderma.com\/inicio\/wp-content\/uploads\/2019\/09\/factor_g_crema_rej.png\",\"contentUrl\":\"https:\/\/apoderma.com\/inicio\/wp-content\/uploads\/2019\/09\/factor_g_crema_rej.png\",\"width\":1024,\"height\":1024},{\"@type\":\"BreadcrumbList\",\"@id\":\"https:\/\/apoderma.com\/inicio\/producto\/factor-g-renew-crema-rejuvenecedora-50-ml\/#breadcrumb\",\"itemListElement\":[{\"@type\":\"ListItem\",\"position\":1,\"name\":\"Portada\",\"item\":\"https:\/\/apoderma.com\/inicio\/\"},{\"@type\":\"ListItem\",\"position\":2,\"name\":\"Tienda Dermocosm\u00e9tica\",\"item\":\"https:\/\/apoderma.com\/inicio\/tienda-dermocosmetica\/\"},{\"@type\":\"ListItem\",\"position\":3,\"name\":\"Factor G Renew Crema Rejuvenecedora 50 mL\"}]},{\"@type\":\"WebSite\",\"@id\":\"https:\/\/apoderma.com\/inicio\/#website\",\"url\":\"https:\/\/apoderma.com\/inicio\/\",\"name\":\"Apo Derma Store\",\"description\":\"Venta de productos cosm\u00e9ticos\",\"potentialAction\":[{\"@type\":\"SearchAction\",\"target\":{\"@type\":\"EntryPoint\",\"urlTemplate\":\"https:\/\/apoderma.com\/inicio\/?s={search_term_string}\"},\"query-input\":{\"@type\":\"PropertyValueSpecification\",\"valueRequired\":true,\"valueName\":\"search_term_string\"}}],\"inLanguage\":\"es\"}]}<\/script>\n<!-- \/ Yoast SEO plugin. -->","yoast_head_json":{"title":"Factor G Renew Crema Rejuvenecedora 50 mL - Apo Derma Store","description":"Crema rejuvenecedora Factor G Renew de Sesderma, reduce arrugas, recupera la elasticidad y turgencia de la piel. Disponible en ApoDerma Store","robots":{"index":"index","follow":"follow","max-snippet":"max-snippet:-1","max-image-preview":"max-image-preview:large","max-video-preview":"max-video-preview:-1"},"canonical":"https:\/\/apoderma.com\/inicio\/producto\/factor-g-renew-crema-rejuvenecedora-50-ml\/","og_locale":"es_ES","og_type":"article","og_title":"Factor G Renew Crema Rejuvenecedora 50 mL - Apo Derma Store","og_description":"Crema rejuvenecedora Factor G Renew de Sesderma, reduce arrugas, recupera la elasticidad y turgencia de la piel. Disponible en ApoDerma Store","og_url":"https:\/\/apoderma.com\/inicio\/producto\/factor-g-renew-crema-rejuvenecedora-50-ml\/","og_site_name":"Apo Derma Store","article_modified_time":"2025-04-12T22:31:15+00:00","og_image":[{"width":1024,"height":1024,"url":"https:\/\/apoderma.com\/inicio\/wp-content\/uploads\/2019\/09\/factor_g_crema_rej.png","type":"image\/png"}],"twitter_card":"summary_large_image","twitter_misc":{"Tiempo de lectura":"1 minuto"},"schema":{"@context":"https:\/\/schema.org","@graph":[{"@type":"WebPage","@id":"https:\/\/apoderma.com\/inicio\/producto\/factor-g-renew-crema-rejuvenecedora-50-ml\/","url":"https:\/\/apoderma.com\/inicio\/producto\/factor-g-renew-crema-rejuvenecedora-50-ml\/","name":"Factor G Renew Crema Rejuvenecedora 50 mL - Apo Derma Store","isPartOf":{"@id":"https:\/\/apoderma.com\/inicio\/#website"},"primaryImageOfPage":{"@id":"https:\/\/apoderma.com\/inicio\/producto\/factor-g-renew-crema-rejuvenecedora-50-ml\/#primaryimage"},"image":{"@id":"https:\/\/apoderma.com\/inicio\/producto\/factor-g-renew-crema-rejuvenecedora-50-ml\/#primaryimage"},"thumbnailUrl":"https:\/\/apoderma.com\/inicio\/wp-content\/uploads\/2019\/09\/factor_g_crema_rej.png","datePublished":"2019-09-17T21:09:43+00:00","dateModified":"2025-04-12T22:31:15+00:00","description":"Crema rejuvenecedora Factor G Renew de Sesderma, reduce arrugas, recupera la elasticidad y turgencia de la piel. Disponible en ApoDerma Store","breadcrumb":{"@id":"https:\/\/apoderma.com\/inicio\/producto\/factor-g-renew-crema-rejuvenecedora-50-ml\/#breadcrumb"},"inLanguage":"es","potentialAction":[{"@type":"ReadAction","target":["https:\/\/apoderma.com\/inicio\/producto\/factor-g-renew-crema-rejuvenecedora-50-ml\/"]}]},{"@type":"ImageObject","inLanguage":"es","@id":"https:\/\/apoderma.com\/inicio\/producto\/factor-g-renew-crema-rejuvenecedora-50-ml\/#primaryimage","url":"https:\/\/apoderma.com\/inicio\/wp-content\/uploads\/2019\/09\/factor_g_crema_rej.png","contentUrl":"https:\/\/apoderma.com\/inicio\/wp-content\/uploads\/2019\/09\/factor_g_crema_rej.png","width":1024,"height":1024},{"@type":"BreadcrumbList","@id":"https:\/\/apoderma.com\/inicio\/producto\/factor-g-renew-crema-rejuvenecedora-50-ml\/#breadcrumb","itemListElement":[{"@type":"ListItem","position":1,"name":"Portada","item":"https:\/\/apoderma.com\/inicio\/"},{"@type":"ListItem","position":2,"name":"Tienda Dermocosm\u00e9tica","item":"https:\/\/apoderma.com\/inicio\/tienda-dermocosmetica\/"},{"@type":"ListItem","position":3,"name":"Factor G Renew Crema Rejuvenecedora 50 mL"}]},{"@type":"WebSite","@id":"https:\/\/apoderma.com\/inicio\/#website","url":"https:\/\/apoderma.com\/inicio\/","name":"Apo Derma Store","description":"Venta de productos cosm\u00e9ticos","potentialAction":[{"@type":"SearchAction","target":{"@type":"EntryPoint","urlTemplate":"https:\/\/apoderma.com\/inicio\/?s={search_term_string}"},"query-input":{"@type":"PropertyValueSpecification","valueRequired":true,"valueName":"search_term_string"}}],"inLanguage":"es"}]}},"_links":{"self":[{"href":"https:\/\/apoderma.com\/inicio\/wp-json\/wp\/v2\/product\/5445","targetHints":{"allow":["GET"]}}],"collection":[{"href":"https:\/\/apoderma.com\/inicio\/wp-json\/wp\/v2\/product"}],"about":[{"href":"https:\/\/apoderma.com\/inicio\/wp-json\/wp\/v2\/types\/product"}],"wp:featuredmedia":[{"embeddable":true,"href":"https:\/\/apoderma.com\/inicio\/wp-json\/wp\/v2\/media\/13400"}],"wp:attachment":[{"href":"https:\/\/apoderma.com\/inicio\/wp-json\/wp\/v2\/media?parent=5445"}],"wp:term":[{"taxonomy":"product_cat","embeddable":true,"href":"https:\/\/apoderma.com\/inicio\/wp-json\/wp\/v2\/product_cat?post=5445"},{"taxonomy":"product_tag","embeddable":true,"href":"https:\/\/apoderma.com\/inicio\/wp-json\/wp\/v2\/product_tag?post=5445"}],"curies":[{"name":"wp","href":"https:\/\/api.w.org\/{rel}","templated":true}]}}