{"id":5442,"date":"2019-09-17T14:57:32","date_gmt":"2019-09-17T20:57:32","guid":{"rendered":"https:\/\/apoderma.com\/inicio\/?post_type=product&#038;p=5442"},"modified":"2025-04-12T16:35:45","modified_gmt":"2025-04-12T22:35:45","slug":"daeses-crema-reafirmante-facial-50-ml","status":"publish","type":"product","link":"https:\/\/apoderma.com\/inicio\/producto\/daeses-crema-reafirmante-facial-50-ml\/","title":{"rendered":"Daeses Crema Reafirmante Facial 50 mL"},"content":{"rendered":"<h3>Especificaciones<\/h3>\n<ul>\n<li><a href=\"http:\/\/www.sesderma.co.cr\/cr\/categorias\/familias\/daeses\/daeses-crema-lifting-facial.html\">Daeses crema reafirmante facial de Sesderma<\/a> por su contenido en DMAE (dimetilamino etanol o deanol), estira, reafirma y tensa la piel.<\/li>\n<li>El efecto es inmediato observ\u00e1ndose tras su aplicaci\u00f3n una piel m\u00e1s firme, el\u00e1stica, tersa e hidratada.<\/li>\n<li>Indicado para pieles secas.<\/li>\n<\/ul>\n<h3>Composici\u00f3n<\/h3>\n<ul>\n<li>La l\u00ednea Daeses incorpora un revolucionario componente, el DMAE (dimetilamino etanol o deanol), un nutriente natural obtenido del pescado encapsulado en liposomas que consigue que su piel se muestre m\u00e1s firme, el\u00e1stica y tersa al instante mediante 2 mecanismos:\n<ul>\n<li>1.- Aumenta la liberaci\u00f3n de acetilcolina, un neurotransmisor que disminuye a medida que envejecemos. Este componente es el responsable de enviar las se\u00f1ales de los nervios a los m\u00fasculos y de nervio a nervio, como consecuencia se produce un incremento del tono muscular.<\/li>\n<li>2.- Estimula la s\u00edntesis de col\u00e1geno, reduciendo las arrugas e incrementando la elasticidad de la piel.<\/li>\n<\/ul>\n<\/li>\n<\/ul>\n<p><strong>Efectos a corto plazo:<\/strong> Efecto tensor inmediato gracias a sus activos en forma libre.<br \/>\n<strong>Efectos a largo plazo:<\/strong> Sus activos encapsulados aseguran una acci\u00f3n reafirmante duradera.<\/p>\n<p>Contiene:<\/p>\n<ol>\n<li>DMAE (dimetilamino etanol o deanol)<\/li>\n<li>Silicio Org\u00e1nico liposomado<\/li>\n<li>Complejo Tensor inmediato (Caesalpinia spinosa fruit extract, Kappaphycus alvarezii extract)<\/li>\n<li>Palmitoyl olygopeptide.<\/li>\n<\/ol>\n<p><strong>Modo de uso:<\/strong><\/p>\n<ol>\n<li>Aplique la crema sobre la piel de la cara, mediante un ligero masaje con las yemas de los dedos, hasta su completa absorci\u00f3n.<\/li>\n<li>Aplique d\u00eda y noche.<\/li>\n<li>Puede complementar su tratamiento con el Daeses Serum Reafirmante.<\/li>\n<\/ol>\n","protected":false},"excerpt":{"rendered":"<p>Crema reafirmante facial para pieles secas. Disponible compra por pedido mediante WhatsApp y pago con&hellip;<\/p>\n","protected":false},"featured_media":13429,"template":"","meta":{"_glsr_average":0,"_glsr_ranking":0,"_glsr_reviews":0},"product_cat":[89,92],"product_tag":[116,192,149,115],"class_list":{"0":"post-5442","1":"product","2":"type-product","3":"status-publish","4":"has-post-thumbnail","6":"product_brand-sesderma","7":"product_cat-rostro","8":"product_cat-signos-de-la-edad","9":"product_tag-antiedad","10":"product_tag-efecto-lifting","11":"product_tag-reafirmante","12":"product_tag-rostro","14":"first","15":"outofstock","16":"taxable","17":"shipping-taxable","18":"purchasable","19":"product-type-simple","20":"thumb-no-effect","21":"prod-rating-on"},"yoast_head":"<!-- This site is optimized with the Yoast SEO plugin v25.3.1 - https:\/\/yoast.com\/wordpress\/plugins\/seo\/ -->\n<title>Daeses Crema Reafirmante Facial 50 mL - Apo Derma Store<\/title>\n<meta name=\"description\" content=\"Daeses crema reafirmante facial de Sesderma con activos que previenen y tratan la flacidez facial. Disponible en ApoDerma Store\" \/>\n<meta name=\"robots\" content=\"index, follow, max-snippet:-1, max-image-preview:large, max-video-preview:-1\" \/>\n<link rel=\"canonical\" href=\"https:\/\/apoderma.com\/inicio\/producto\/daeses-crema-reafirmante-facial-50-ml\/\" \/>\n<meta property=\"og:locale\" content=\"es_ES\" \/>\n<meta property=\"og:type\" content=\"article\" \/>\n<meta property=\"og:title\" content=\"Daeses Crema Reafirmante Facial 50 mL - Apo Derma Store\" \/>\n<meta property=\"og:description\" content=\"Daeses crema reafirmante facial de Sesderma con activos que previenen y tratan la flacidez facial. Disponible en ApoDerma Store\" \/>\n<meta property=\"og:url\" content=\"https:\/\/apoderma.com\/inicio\/producto\/daeses-crema-reafirmante-facial-50-ml\/\" \/>\n<meta property=\"og:site_name\" content=\"Apo Derma Store\" \/>\n<meta property=\"article:modified_time\" content=\"2025-04-12T22:35:45+00:00\" \/>\n<meta property=\"og:image\" content=\"https:\/\/apoderma.com\/inicio\/wp-content\/uploads\/2019\/09\/daeses_crema.png\" \/>\n\t<meta property=\"og:image:width\" content=\"1024\" \/>\n\t<meta property=\"og:image:height\" content=\"1024\" \/>\n\t<meta property=\"og:image:type\" content=\"image\/png\" \/>\n<meta name=\"twitter:card\" content=\"summary_large_image\" \/>\n<meta name=\"twitter:label1\" content=\"Tiempo de lectura\" \/>\n\t<meta name=\"twitter:data1\" content=\"1 minuto\" \/>\n<script type=\"application\/ld+json\" class=\"yoast-schema-graph\">{\"@context\":\"https:\/\/schema.org\",\"@graph\":[{\"@type\":\"WebPage\",\"@id\":\"https:\/\/apoderma.com\/inicio\/producto\/daeses-crema-reafirmante-facial-50-ml\/\",\"url\":\"https:\/\/apoderma.com\/inicio\/producto\/daeses-crema-reafirmante-facial-50-ml\/\",\"name\":\"Daeses Crema Reafirmante Facial 50 mL - Apo Derma Store\",\"isPartOf\":{\"@id\":\"https:\/\/apoderma.com\/inicio\/#website\"},\"primaryImageOfPage\":{\"@id\":\"https:\/\/apoderma.com\/inicio\/producto\/daeses-crema-reafirmante-facial-50-ml\/#primaryimage\"},\"image\":{\"@id\":\"https:\/\/apoderma.com\/inicio\/producto\/daeses-crema-reafirmante-facial-50-ml\/#primaryimage\"},\"thumbnailUrl\":\"https:\/\/apoderma.com\/inicio\/wp-content\/uploads\/2019\/09\/daeses_crema.png\",\"datePublished\":\"2019-09-17T20:57:32+00:00\",\"dateModified\":\"2025-04-12T22:35:45+00:00\",\"description\":\"Daeses crema reafirmante facial de Sesderma con activos que previenen y tratan la flacidez facial. Disponible en ApoDerma Store\",\"breadcrumb\":{\"@id\":\"https:\/\/apoderma.com\/inicio\/producto\/daeses-crema-reafirmante-facial-50-ml\/#breadcrumb\"},\"inLanguage\":\"es\",\"potentialAction\":[{\"@type\":\"ReadAction\",\"target\":[\"https:\/\/apoderma.com\/inicio\/producto\/daeses-crema-reafirmante-facial-50-ml\/\"]}]},{\"@type\":\"ImageObject\",\"inLanguage\":\"es\",\"@id\":\"https:\/\/apoderma.com\/inicio\/producto\/daeses-crema-reafirmante-facial-50-ml\/#primaryimage\",\"url\":\"https:\/\/apoderma.com\/inicio\/wp-content\/uploads\/2019\/09\/daeses_crema.png\",\"contentUrl\":\"https:\/\/apoderma.com\/inicio\/wp-content\/uploads\/2019\/09\/daeses_crema.png\",\"width\":1024,\"height\":1024},{\"@type\":\"BreadcrumbList\",\"@id\":\"https:\/\/apoderma.com\/inicio\/producto\/daeses-crema-reafirmante-facial-50-ml\/#breadcrumb\",\"itemListElement\":[{\"@type\":\"ListItem\",\"position\":1,\"name\":\"Portada\",\"item\":\"https:\/\/apoderma.com\/inicio\/\"},{\"@type\":\"ListItem\",\"position\":2,\"name\":\"Tienda Dermocosm\u00e9tica\",\"item\":\"https:\/\/apoderma.com\/inicio\/tienda-dermocosmetica\/\"},{\"@type\":\"ListItem\",\"position\":3,\"name\":\"Daeses Crema Reafirmante Facial 50 mL\"}]},{\"@type\":\"WebSite\",\"@id\":\"https:\/\/apoderma.com\/inicio\/#website\",\"url\":\"https:\/\/apoderma.com\/inicio\/\",\"name\":\"Apo Derma Store\",\"description\":\"Venta de productos cosm\u00e9ticos\",\"potentialAction\":[{\"@type\":\"SearchAction\",\"target\":{\"@type\":\"EntryPoint\",\"urlTemplate\":\"https:\/\/apoderma.com\/inicio\/?s={search_term_string}\"},\"query-input\":{\"@type\":\"PropertyValueSpecification\",\"valueRequired\":true,\"valueName\":\"search_term_string\"}}],\"inLanguage\":\"es\"}]}<\/script>\n<!-- \/ Yoast SEO plugin. -->","yoast_head_json":{"title":"Daeses Crema Reafirmante Facial 50 mL - Apo Derma Store","description":"Daeses crema reafirmante facial de Sesderma con activos que previenen y tratan la flacidez facial. Disponible en ApoDerma Store","robots":{"index":"index","follow":"follow","max-snippet":"max-snippet:-1","max-image-preview":"max-image-preview:large","max-video-preview":"max-video-preview:-1"},"canonical":"https:\/\/apoderma.com\/inicio\/producto\/daeses-crema-reafirmante-facial-50-ml\/","og_locale":"es_ES","og_type":"article","og_title":"Daeses Crema Reafirmante Facial 50 mL - Apo Derma Store","og_description":"Daeses crema reafirmante facial de Sesderma con activos que previenen y tratan la flacidez facial. Disponible en ApoDerma Store","og_url":"https:\/\/apoderma.com\/inicio\/producto\/daeses-crema-reafirmante-facial-50-ml\/","og_site_name":"Apo Derma Store","article_modified_time":"2025-04-12T22:35:45+00:00","og_image":[{"width":1024,"height":1024,"url":"https:\/\/apoderma.com\/inicio\/wp-content\/uploads\/2019\/09\/daeses_crema.png","type":"image\/png"}],"twitter_card":"summary_large_image","twitter_misc":{"Tiempo de lectura":"1 minuto"},"schema":{"@context":"https:\/\/schema.org","@graph":[{"@type":"WebPage","@id":"https:\/\/apoderma.com\/inicio\/producto\/daeses-crema-reafirmante-facial-50-ml\/","url":"https:\/\/apoderma.com\/inicio\/producto\/daeses-crema-reafirmante-facial-50-ml\/","name":"Daeses Crema Reafirmante Facial 50 mL - Apo Derma Store","isPartOf":{"@id":"https:\/\/apoderma.com\/inicio\/#website"},"primaryImageOfPage":{"@id":"https:\/\/apoderma.com\/inicio\/producto\/daeses-crema-reafirmante-facial-50-ml\/#primaryimage"},"image":{"@id":"https:\/\/apoderma.com\/inicio\/producto\/daeses-crema-reafirmante-facial-50-ml\/#primaryimage"},"thumbnailUrl":"https:\/\/apoderma.com\/inicio\/wp-content\/uploads\/2019\/09\/daeses_crema.png","datePublished":"2019-09-17T20:57:32+00:00","dateModified":"2025-04-12T22:35:45+00:00","description":"Daeses crema reafirmante facial de Sesderma con activos que previenen y tratan la flacidez facial. Disponible en ApoDerma Store","breadcrumb":{"@id":"https:\/\/apoderma.com\/inicio\/producto\/daeses-crema-reafirmante-facial-50-ml\/#breadcrumb"},"inLanguage":"es","potentialAction":[{"@type":"ReadAction","target":["https:\/\/apoderma.com\/inicio\/producto\/daeses-crema-reafirmante-facial-50-ml\/"]}]},{"@type":"ImageObject","inLanguage":"es","@id":"https:\/\/apoderma.com\/inicio\/producto\/daeses-crema-reafirmante-facial-50-ml\/#primaryimage","url":"https:\/\/apoderma.com\/inicio\/wp-content\/uploads\/2019\/09\/daeses_crema.png","contentUrl":"https:\/\/apoderma.com\/inicio\/wp-content\/uploads\/2019\/09\/daeses_crema.png","width":1024,"height":1024},{"@type":"BreadcrumbList","@id":"https:\/\/apoderma.com\/inicio\/producto\/daeses-crema-reafirmante-facial-50-ml\/#breadcrumb","itemListElement":[{"@type":"ListItem","position":1,"name":"Portada","item":"https:\/\/apoderma.com\/inicio\/"},{"@type":"ListItem","position":2,"name":"Tienda Dermocosm\u00e9tica","item":"https:\/\/apoderma.com\/inicio\/tienda-dermocosmetica\/"},{"@type":"ListItem","position":3,"name":"Daeses Crema Reafirmante Facial 50 mL"}]},{"@type":"WebSite","@id":"https:\/\/apoderma.com\/inicio\/#website","url":"https:\/\/apoderma.com\/inicio\/","name":"Apo Derma Store","description":"Venta de productos cosm\u00e9ticos","potentialAction":[{"@type":"SearchAction","target":{"@type":"EntryPoint","urlTemplate":"https:\/\/apoderma.com\/inicio\/?s={search_term_string}"},"query-input":{"@type":"PropertyValueSpecification","valueRequired":true,"valueName":"search_term_string"}}],"inLanguage":"es"}]}},"_links":{"self":[{"href":"https:\/\/apoderma.com\/inicio\/wp-json\/wp\/v2\/product\/5442","targetHints":{"allow":["GET"]}}],"collection":[{"href":"https:\/\/apoderma.com\/inicio\/wp-json\/wp\/v2\/product"}],"about":[{"href":"https:\/\/apoderma.com\/inicio\/wp-json\/wp\/v2\/types\/product"}],"wp:featuredmedia":[{"embeddable":true,"href":"https:\/\/apoderma.com\/inicio\/wp-json\/wp\/v2\/media\/13429"}],"wp:attachment":[{"href":"https:\/\/apoderma.com\/inicio\/wp-json\/wp\/v2\/media?parent=5442"}],"wp:term":[{"taxonomy":"product_cat","embeddable":true,"href":"https:\/\/apoderma.com\/inicio\/wp-json\/wp\/v2\/product_cat?post=5442"},{"taxonomy":"product_tag","embeddable":true,"href":"https:\/\/apoderma.com\/inicio\/wp-json\/wp\/v2\/product_tag?post=5442"}],"curies":[{"name":"wp","href":"https:\/\/api.w.org\/{rel}","templated":true}]}}