{"id":5436,"date":"2019-09-17T14:37:17","date_gmt":"2019-09-17T20:37:17","guid":{"rendered":"https:\/\/apoderma.com\/inicio\/?post_type=product&#038;p=5436"},"modified":"2026-02-07T15:09:36","modified_gmt":"2026-02-07T21:09:36","slug":"azelac-ru-serum-liposomal-30-ml","status":"publish","type":"product","link":"https:\/\/apoderma.com\/inicio\/producto\/azelac-ru-serum-liposomal-30-ml\/","title":{"rendered":"Azelac Ru Serum Liposomal 30 mL"},"content":{"rendered":"<h3>Especificaciones<\/h3>\n<ul>\n<li><a href=\"https:\/\/www.sesderma.com\/eu_es\/azelac-ru-liposomal-serum-40000064.html\">Azelac Ru Serum Liposomal de Sesderm<\/a>a est\u00e1 indicado para pigmentaciones cut\u00e1neas como manchas solares, post-embarazo y pecas.<\/li>\n<li>Aclara, reduce y previene manchas.<\/li>\n<li>Puede utilizarse todo el a\u00f1o, inclusive en verano. Adem\u00e1s puede usarse en fototipos altos y todo tipo de piel.<\/li>\n<li>Puede utilizarse solo o combinado con otros tratamientos m\u00e9dicos despigmentantes (peelings qu\u00edmicos, l\u00e1ser o IPL)<\/li>\n<\/ul>\n<p>TRIPLE ACCI\u00d3N DESPIGMENTANTE:<\/p>\n<ul>\n<li>ACLARA: Bloquea y reduce la producci\u00f3n de melanina de forma eficaz<\/li>\n<li>REDUCE: Evita la dispersi\u00f3n de la melanina y elimina su exceso.<\/li>\n<li>PREVIENE: Frena la aparici\u00f3n de las manchas.<\/li>\n<\/ul>\n<h3>Composici\u00f3n:<\/h3>\n<p>Principios activos encapsulados en liposomas para lograr mayor penetraci\u00f3n y efectividad<\/p>\n<p>Contiene \u00c1cido azelaico, 4-Butilresorcinol, \u00c1cido tranex\u00e1mico, Diacetil Boldina, Undecilenoil fenilalanina, Extracto de Regaliz, vitamina C, \u00c1cido Glicirret\u00ednico, Retinol encapsulados en liposomas.<\/p>\n<p><strong>Modo de uso:<\/strong><\/p>\n<ol>\n<li>Limpia y equilibra tu piel.<\/li>\n<li>A continuaci\u00f3n, aplica unas gotas de Azelac Ru liposomal serum con un suave masaje, por todo el rostro, el cuello y el escote. La cantidad adecuada es un gotero, para extender uniformemente.<\/li>\n<li>Puedes usarlo tanto por la ma\u00f1ana como por la noche.<\/li>\n<li>Comb\u00ednalo con tu rutina de belleza habitual, siempre sobre la piel limpia, justo antes de las texturas en crema.<\/li>\n<li>Utilizar <a href=\"https:\/\/apoderma.com\/inicio\/categoria-producto\/rostro\/proteccion-solar\/\">Fotoprotector<\/a> durante el d\u00eda.<\/li>\n<\/ol>\n","protected":false},"excerpt":{"rendered":"<p>Serum despigmentante Con activos liposomados que mejoran la apariencia de las manchas y homogeneizan el&hellip;<\/p>\n","protected":false},"featured_media":38771,"template":"","meta":{"_glsr_average":0,"_glsr_ranking":0,"_glsr_reviews":0},"product_cat":[93,89],"product_tag":[117,115],"class_list":{"0":"post-5436","1":"product","2":"type-product","3":"status-publish","4":"has-post-thumbnail","6":"product_brand-sesderma","7":"product_cat-manchas","8":"product_cat-rostro","9":"product_tag-manchas","10":"product_tag-rostro","12":"first","13":"instock","14":"taxable","15":"shipping-taxable","16":"purchasable","17":"product-type-simple","18":"thumb-no-effect","19":"prod-rating-on"},"yoast_head":"<!-- This site is optimized with the Yoast SEO plugin v25.3.1 - https:\/\/yoast.com\/wordpress\/plugins\/seo\/ -->\n<title>Azelac Ru Serum Liposomal 30 mL - Apo Derma Store<\/title>\n<meta name=\"description\" content=\"Azelac Ru serum liposomal de Sesderma aclara, reduce y previene manchas de todo tipo. Disponible en ApoDerma Store\" \/>\n<meta name=\"robots\" content=\"index, follow, max-snippet:-1, max-image-preview:large, max-video-preview:-1\" \/>\n<link rel=\"canonical\" href=\"https:\/\/apoderma.com\/inicio\/producto\/azelac-ru-serum-liposomal-30-ml\/\" \/>\n<meta property=\"og:locale\" content=\"es_ES\" \/>\n<meta property=\"og:type\" content=\"article\" \/>\n<meta property=\"og:title\" content=\"Azelac Ru Serum Liposomal 30 mL - Apo Derma Store\" \/>\n<meta property=\"og:description\" content=\"Azelac Ru serum liposomal de Sesderma aclara, reduce y previene manchas de todo tipo. Disponible en ApoDerma Store\" \/>\n<meta property=\"og:url\" content=\"https:\/\/apoderma.com\/inicio\/producto\/azelac-ru-serum-liposomal-30-ml\/\" \/>\n<meta property=\"og:site_name\" content=\"Apo Derma Store\" \/>\n<meta property=\"article:modified_time\" content=\"2026-02-07T21:09:36+00:00\" \/>\n<meta property=\"og:image\" content=\"https:\/\/apoderma.com\/inicio\/wp-content\/uploads\/2019\/09\/2494.png\" \/>\n\t<meta property=\"og:image:width\" content=\"800\" \/>\n\t<meta property=\"og:image:height\" content=\"800\" \/>\n\t<meta property=\"og:image:type\" content=\"image\/png\" \/>\n<meta name=\"twitter:card\" content=\"summary_large_image\" \/>\n<meta name=\"twitter:label1\" content=\"Tiempo de lectura\" \/>\n\t<meta name=\"twitter:data1\" content=\"2 minutos\" \/>\n<script type=\"application\/ld+json\" class=\"yoast-schema-graph\">{\"@context\":\"https:\/\/schema.org\",\"@graph\":[{\"@type\":\"WebPage\",\"@id\":\"https:\/\/apoderma.com\/inicio\/producto\/azelac-ru-serum-liposomal-30-ml\/\",\"url\":\"https:\/\/apoderma.com\/inicio\/producto\/azelac-ru-serum-liposomal-30-ml\/\",\"name\":\"Azelac Ru Serum Liposomal 30 mL - Apo Derma Store\",\"isPartOf\":{\"@id\":\"https:\/\/apoderma.com\/inicio\/#website\"},\"primaryImageOfPage\":{\"@id\":\"https:\/\/apoderma.com\/inicio\/producto\/azelac-ru-serum-liposomal-30-ml\/#primaryimage\"},\"image\":{\"@id\":\"https:\/\/apoderma.com\/inicio\/producto\/azelac-ru-serum-liposomal-30-ml\/#primaryimage\"},\"thumbnailUrl\":\"https:\/\/apoderma.com\/inicio\/wp-content\/uploads\/2019\/09\/2494.png\",\"datePublished\":\"2019-09-17T20:37:17+00:00\",\"dateModified\":\"2026-02-07T21:09:36+00:00\",\"description\":\"Azelac Ru serum liposomal de Sesderma aclara, reduce y previene manchas de todo tipo. Disponible en ApoDerma Store\",\"breadcrumb\":{\"@id\":\"https:\/\/apoderma.com\/inicio\/producto\/azelac-ru-serum-liposomal-30-ml\/#breadcrumb\"},\"inLanguage\":\"es\",\"potentialAction\":[{\"@type\":\"ReadAction\",\"target\":[\"https:\/\/apoderma.com\/inicio\/producto\/azelac-ru-serum-liposomal-30-ml\/\"]}]},{\"@type\":\"ImageObject\",\"inLanguage\":\"es\",\"@id\":\"https:\/\/apoderma.com\/inicio\/producto\/azelac-ru-serum-liposomal-30-ml\/#primaryimage\",\"url\":\"https:\/\/apoderma.com\/inicio\/wp-content\/uploads\/2019\/09\/2494.png\",\"contentUrl\":\"https:\/\/apoderma.com\/inicio\/wp-content\/uploads\/2019\/09\/2494.png\",\"width\":800,\"height\":800,\"caption\":\"Azelac Ru Serum\"},{\"@type\":\"BreadcrumbList\",\"@id\":\"https:\/\/apoderma.com\/inicio\/producto\/azelac-ru-serum-liposomal-30-ml\/#breadcrumb\",\"itemListElement\":[{\"@type\":\"ListItem\",\"position\":1,\"name\":\"Portada\",\"item\":\"https:\/\/apoderma.com\/inicio\/\"},{\"@type\":\"ListItem\",\"position\":2,\"name\":\"Tienda Dermocosm\u00e9tica\",\"item\":\"https:\/\/apoderma.com\/inicio\/tienda-dermocosmetica\/\"},{\"@type\":\"ListItem\",\"position\":3,\"name\":\"Azelac Ru Serum Liposomal 30 mL\"}]},{\"@type\":\"WebSite\",\"@id\":\"https:\/\/apoderma.com\/inicio\/#website\",\"url\":\"https:\/\/apoderma.com\/inicio\/\",\"name\":\"Apo Derma Store\",\"description\":\"Venta de productos cosm\u00e9ticos\",\"potentialAction\":[{\"@type\":\"SearchAction\",\"target\":{\"@type\":\"EntryPoint\",\"urlTemplate\":\"https:\/\/apoderma.com\/inicio\/?s={search_term_string}\"},\"query-input\":{\"@type\":\"PropertyValueSpecification\",\"valueRequired\":true,\"valueName\":\"search_term_string\"}}],\"inLanguage\":\"es\"}]}<\/script>\n<!-- \/ Yoast SEO plugin. -->","yoast_head_json":{"title":"Azelac Ru Serum Liposomal 30 mL - Apo Derma Store","description":"Azelac Ru serum liposomal de Sesderma aclara, reduce y previene manchas de todo tipo. Disponible en ApoDerma Store","robots":{"index":"index","follow":"follow","max-snippet":"max-snippet:-1","max-image-preview":"max-image-preview:large","max-video-preview":"max-video-preview:-1"},"canonical":"https:\/\/apoderma.com\/inicio\/producto\/azelac-ru-serum-liposomal-30-ml\/","og_locale":"es_ES","og_type":"article","og_title":"Azelac Ru Serum Liposomal 30 mL - Apo Derma Store","og_description":"Azelac Ru serum liposomal de Sesderma aclara, reduce y previene manchas de todo tipo. Disponible en ApoDerma Store","og_url":"https:\/\/apoderma.com\/inicio\/producto\/azelac-ru-serum-liposomal-30-ml\/","og_site_name":"Apo Derma Store","article_modified_time":"2026-02-07T21:09:36+00:00","og_image":[{"width":800,"height":800,"url":"https:\/\/apoderma.com\/inicio\/wp-content\/uploads\/2019\/09\/2494.png","type":"image\/png"}],"twitter_card":"summary_large_image","twitter_misc":{"Tiempo de lectura":"2 minutos"},"schema":{"@context":"https:\/\/schema.org","@graph":[{"@type":"WebPage","@id":"https:\/\/apoderma.com\/inicio\/producto\/azelac-ru-serum-liposomal-30-ml\/","url":"https:\/\/apoderma.com\/inicio\/producto\/azelac-ru-serum-liposomal-30-ml\/","name":"Azelac Ru Serum Liposomal 30 mL - Apo Derma Store","isPartOf":{"@id":"https:\/\/apoderma.com\/inicio\/#website"},"primaryImageOfPage":{"@id":"https:\/\/apoderma.com\/inicio\/producto\/azelac-ru-serum-liposomal-30-ml\/#primaryimage"},"image":{"@id":"https:\/\/apoderma.com\/inicio\/producto\/azelac-ru-serum-liposomal-30-ml\/#primaryimage"},"thumbnailUrl":"https:\/\/apoderma.com\/inicio\/wp-content\/uploads\/2019\/09\/2494.png","datePublished":"2019-09-17T20:37:17+00:00","dateModified":"2026-02-07T21:09:36+00:00","description":"Azelac Ru serum liposomal de Sesderma aclara, reduce y previene manchas de todo tipo. Disponible en ApoDerma Store","breadcrumb":{"@id":"https:\/\/apoderma.com\/inicio\/producto\/azelac-ru-serum-liposomal-30-ml\/#breadcrumb"},"inLanguage":"es","potentialAction":[{"@type":"ReadAction","target":["https:\/\/apoderma.com\/inicio\/producto\/azelac-ru-serum-liposomal-30-ml\/"]}]},{"@type":"ImageObject","inLanguage":"es","@id":"https:\/\/apoderma.com\/inicio\/producto\/azelac-ru-serum-liposomal-30-ml\/#primaryimage","url":"https:\/\/apoderma.com\/inicio\/wp-content\/uploads\/2019\/09\/2494.png","contentUrl":"https:\/\/apoderma.com\/inicio\/wp-content\/uploads\/2019\/09\/2494.png","width":800,"height":800,"caption":"Azelac Ru Serum"},{"@type":"BreadcrumbList","@id":"https:\/\/apoderma.com\/inicio\/producto\/azelac-ru-serum-liposomal-30-ml\/#breadcrumb","itemListElement":[{"@type":"ListItem","position":1,"name":"Portada","item":"https:\/\/apoderma.com\/inicio\/"},{"@type":"ListItem","position":2,"name":"Tienda Dermocosm\u00e9tica","item":"https:\/\/apoderma.com\/inicio\/tienda-dermocosmetica\/"},{"@type":"ListItem","position":3,"name":"Azelac Ru Serum Liposomal 30 mL"}]},{"@type":"WebSite","@id":"https:\/\/apoderma.com\/inicio\/#website","url":"https:\/\/apoderma.com\/inicio\/","name":"Apo Derma Store","description":"Venta de productos cosm\u00e9ticos","potentialAction":[{"@type":"SearchAction","target":{"@type":"EntryPoint","urlTemplate":"https:\/\/apoderma.com\/inicio\/?s={search_term_string}"},"query-input":{"@type":"PropertyValueSpecification","valueRequired":true,"valueName":"search_term_string"}}],"inLanguage":"es"}]}},"_links":{"self":[{"href":"https:\/\/apoderma.com\/inicio\/wp-json\/wp\/v2\/product\/5436","targetHints":{"allow":["GET"]}}],"collection":[{"href":"https:\/\/apoderma.com\/inicio\/wp-json\/wp\/v2\/product"}],"about":[{"href":"https:\/\/apoderma.com\/inicio\/wp-json\/wp\/v2\/types\/product"}],"wp:featuredmedia":[{"embeddable":true,"href":"https:\/\/apoderma.com\/inicio\/wp-json\/wp\/v2\/media\/38771"}],"wp:attachment":[{"href":"https:\/\/apoderma.com\/inicio\/wp-json\/wp\/v2\/media?parent=5436"}],"wp:term":[{"taxonomy":"product_cat","embeddable":true,"href":"https:\/\/apoderma.com\/inicio\/wp-json\/wp\/v2\/product_cat?post=5436"},{"taxonomy":"product_tag","embeddable":true,"href":"https:\/\/apoderma.com\/inicio\/wp-json\/wp\/v2\/product_tag?post=5436"}],"curies":[{"name":"wp","href":"https:\/\/api.w.org\/{rel}","templated":true}]}}