{"id":5431,"date":"2019-09-17T12:31:46","date_gmt":"2019-09-17T18:31:46","guid":{"rendered":"https:\/\/apoderma.com\/inicio\/?post_type=product&#038;p=5431"},"modified":"2026-02-07T15:14:09","modified_gmt":"2026-02-07T21:14:09","slug":"acglicolic-serum-liposomal-30-ml","status":"publish","type":"product","link":"https:\/\/apoderma.com\/inicio\/producto\/acglicolic-serum-liposomal-30-ml\/","title":{"rendered":"AcGlicolic Serum Liposomal 30 mL"},"content":{"rendered":"<h3>Especificaciones<\/h3>\n<p>El \u00e1cido glic\u00f3lico (AG), es un principio activo (alfa-hicroxi\u00e1cido) de origen natural, obtenido de la ca\u00f1a de az\u00fazar. Posee gran poder hidratante as\u00ed como actividad como renovador y regenerador. La f\u00f3rmula se completa con una exclusiva combinaci\u00f3n de activos que le confieren propiedades:<\/p>\n<ul>\n<li><strong>Antioxidantes<\/strong>\u00a0(gracias a la Ergotione\u00edna liposomada y a las vitaminas C+E liposomadas)<\/li>\n<li><strong>Regenerantes<\/strong>\u00a0(gracias las c\u00e9lulas madre vegetales de Eryngium Maritimun)<\/li>\n<li><strong>Calmantes e hidratantes<\/strong>\u00a0(gracias al \u00e1cido bosw\u00e9lico, \u00e1cido hialur\u00f3nico, extracto de soja).<\/li>\n<\/ul>\n<p>Adem\u00e1s contiene: 6% \u00c1cido glicolico libre y liposomado, Ergotioneina, vitaminas C+E, C\u00e9lulas madre de Eryngium Maritimun, \u00c1cido hialur\u00f3nico, Extracto de soja y ceramidas, bisabolol.<\/p>\n<p><strong>Modo de uso:<\/strong><\/p>\n<ul>\n<li>Aplique 4 gotas en la mano y masajee sobre las zonas a tratar previo al tratamiento habitual.<\/li>\n<\/ul>\n","protected":false},"excerpt":{"rendered":"<p>Serum antienvejecimiento concentrado con \u00e1cido glic\u00f3lico libre y liposomado. Ideal para todo tipo de piel&hellip;<\/p>\n","protected":false},"featured_media":13394,"template":"","meta":{"_glsr_average":0,"_glsr_ranking":0,"_glsr_reviews":0},"product_cat":[111,108,89,92],"product_tag":[116,115],"class_list":{"0":"post-5431","1":"product","2":"type-product","3":"status-publish","4":"has-post-thumbnail","6":"product_brand-sesderma","7":"product_cat-antiedad-hombre","8":"product_cat-hombre","9":"product_cat-rostro","10":"product_cat-signos-de-la-edad","11":"product_tag-antiedad","12":"product_tag-rostro","14":"first","15":"instock","16":"taxable","17":"shipping-taxable","18":"purchasable","19":"product-type-simple","20":"thumb-no-effect","21":"prod-rating-on"},"yoast_head":"<!-- This site is optimized with the Yoast SEO plugin v25.3.1 - https:\/\/yoast.com\/wordpress\/plugins\/seo\/ -->\n<title>AcGlicolic Serum Liposomal 30 mL - Apo Derma Store<\/title>\n<meta name=\"description\" content=\"Acglicolic serum Sesderma. Serum con \u00e1cido glic\u00f3lico liposomado. Efecto antioxidante, regenerante , calmante e hidratante\" \/>\n<meta name=\"robots\" content=\"index, follow, max-snippet:-1, max-image-preview:large, max-video-preview:-1\" \/>\n<link rel=\"canonical\" href=\"https:\/\/apoderma.com\/inicio\/producto\/acglicolic-serum-liposomal-30-ml\/\" \/>\n<meta property=\"og:locale\" content=\"es_ES\" \/>\n<meta property=\"og:type\" content=\"article\" \/>\n<meta property=\"og:title\" content=\"AcGlicolic Serum Liposomal 30 mL - Apo Derma Store\" \/>\n<meta property=\"og:description\" content=\"Acglicolic serum Sesderma. Serum con \u00e1cido glic\u00f3lico liposomado. Efecto antioxidante, regenerante , calmante e hidratante\" \/>\n<meta property=\"og:url\" content=\"https:\/\/apoderma.com\/inicio\/producto\/acglicolic-serum-liposomal-30-ml\/\" \/>\n<meta property=\"og:site_name\" content=\"Apo Derma Store\" \/>\n<meta property=\"article:modified_time\" content=\"2026-02-07T21:14:09+00:00\" \/>\n<meta property=\"og:image\" content=\"https:\/\/apoderma.com\/inicio\/wp-content\/uploads\/2019\/09\/aciglicolic_serum.png\" \/>\n\t<meta property=\"og:image:width\" content=\"1024\" \/>\n\t<meta property=\"og:image:height\" content=\"1024\" \/>\n\t<meta property=\"og:image:type\" content=\"image\/png\" \/>\n<meta name=\"twitter:card\" content=\"summary_large_image\" \/>\n<meta name=\"twitter:label1\" content=\"Tiempo de lectura\" \/>\n\t<meta name=\"twitter:data1\" content=\"1 minuto\" \/>\n<script type=\"application\/ld+json\" class=\"yoast-schema-graph\">{\"@context\":\"https:\/\/schema.org\",\"@graph\":[{\"@type\":\"WebPage\",\"@id\":\"https:\/\/apoderma.com\/inicio\/producto\/acglicolic-serum-liposomal-30-ml\/\",\"url\":\"https:\/\/apoderma.com\/inicio\/producto\/acglicolic-serum-liposomal-30-ml\/\",\"name\":\"AcGlicolic Serum Liposomal 30 mL - Apo Derma Store\",\"isPartOf\":{\"@id\":\"https:\/\/apoderma.com\/inicio\/#website\"},\"primaryImageOfPage\":{\"@id\":\"https:\/\/apoderma.com\/inicio\/producto\/acglicolic-serum-liposomal-30-ml\/#primaryimage\"},\"image\":{\"@id\":\"https:\/\/apoderma.com\/inicio\/producto\/acglicolic-serum-liposomal-30-ml\/#primaryimage\"},\"thumbnailUrl\":\"https:\/\/apoderma.com\/inicio\/wp-content\/uploads\/2019\/09\/aciglicolic_serum.png\",\"datePublished\":\"2019-09-17T18:31:46+00:00\",\"dateModified\":\"2026-02-07T21:14:09+00:00\",\"description\":\"Acglicolic serum Sesderma. Serum con \u00e1cido glic\u00f3lico liposomado. Efecto antioxidante, regenerante , calmante e hidratante\",\"breadcrumb\":{\"@id\":\"https:\/\/apoderma.com\/inicio\/producto\/acglicolic-serum-liposomal-30-ml\/#breadcrumb\"},\"inLanguage\":\"es\",\"potentialAction\":[{\"@type\":\"ReadAction\",\"target\":[\"https:\/\/apoderma.com\/inicio\/producto\/acglicolic-serum-liposomal-30-ml\/\"]}]},{\"@type\":\"ImageObject\",\"inLanguage\":\"es\",\"@id\":\"https:\/\/apoderma.com\/inicio\/producto\/acglicolic-serum-liposomal-30-ml\/#primaryimage\",\"url\":\"https:\/\/apoderma.com\/inicio\/wp-content\/uploads\/2019\/09\/aciglicolic_serum.png\",\"contentUrl\":\"https:\/\/apoderma.com\/inicio\/wp-content\/uploads\/2019\/09\/aciglicolic_serum.png\",\"width\":1024,\"height\":1024,\"caption\":\"Acglicolic serum\"},{\"@type\":\"BreadcrumbList\",\"@id\":\"https:\/\/apoderma.com\/inicio\/producto\/acglicolic-serum-liposomal-30-ml\/#breadcrumb\",\"itemListElement\":[{\"@type\":\"ListItem\",\"position\":1,\"name\":\"Portada\",\"item\":\"https:\/\/apoderma.com\/inicio\/\"},{\"@type\":\"ListItem\",\"position\":2,\"name\":\"Tienda Dermocosm\u00e9tica\",\"item\":\"https:\/\/apoderma.com\/inicio\/tienda-dermocosmetica\/\"},{\"@type\":\"ListItem\",\"position\":3,\"name\":\"AcGlicolic Serum Liposomal 30 mL\"}]},{\"@type\":\"WebSite\",\"@id\":\"https:\/\/apoderma.com\/inicio\/#website\",\"url\":\"https:\/\/apoderma.com\/inicio\/\",\"name\":\"Apo Derma Store\",\"description\":\"Venta de productos cosm\u00e9ticos\",\"potentialAction\":[{\"@type\":\"SearchAction\",\"target\":{\"@type\":\"EntryPoint\",\"urlTemplate\":\"https:\/\/apoderma.com\/inicio\/?s={search_term_string}\"},\"query-input\":{\"@type\":\"PropertyValueSpecification\",\"valueRequired\":true,\"valueName\":\"search_term_string\"}}],\"inLanguage\":\"es\"}]}<\/script>\n<!-- \/ Yoast SEO plugin. -->","yoast_head_json":{"title":"AcGlicolic Serum Liposomal 30 mL - Apo Derma Store","description":"Acglicolic serum Sesderma. Serum con \u00e1cido glic\u00f3lico liposomado. Efecto antioxidante, regenerante , calmante e hidratante","robots":{"index":"index","follow":"follow","max-snippet":"max-snippet:-1","max-image-preview":"max-image-preview:large","max-video-preview":"max-video-preview:-1"},"canonical":"https:\/\/apoderma.com\/inicio\/producto\/acglicolic-serum-liposomal-30-ml\/","og_locale":"es_ES","og_type":"article","og_title":"AcGlicolic Serum Liposomal 30 mL - Apo Derma Store","og_description":"Acglicolic serum Sesderma. Serum con \u00e1cido glic\u00f3lico liposomado. Efecto antioxidante, regenerante , calmante e hidratante","og_url":"https:\/\/apoderma.com\/inicio\/producto\/acglicolic-serum-liposomal-30-ml\/","og_site_name":"Apo Derma Store","article_modified_time":"2026-02-07T21:14:09+00:00","og_image":[{"width":1024,"height":1024,"url":"https:\/\/apoderma.com\/inicio\/wp-content\/uploads\/2019\/09\/aciglicolic_serum.png","type":"image\/png"}],"twitter_card":"summary_large_image","twitter_misc":{"Tiempo de lectura":"1 minuto"},"schema":{"@context":"https:\/\/schema.org","@graph":[{"@type":"WebPage","@id":"https:\/\/apoderma.com\/inicio\/producto\/acglicolic-serum-liposomal-30-ml\/","url":"https:\/\/apoderma.com\/inicio\/producto\/acglicolic-serum-liposomal-30-ml\/","name":"AcGlicolic Serum Liposomal 30 mL - Apo Derma Store","isPartOf":{"@id":"https:\/\/apoderma.com\/inicio\/#website"},"primaryImageOfPage":{"@id":"https:\/\/apoderma.com\/inicio\/producto\/acglicolic-serum-liposomal-30-ml\/#primaryimage"},"image":{"@id":"https:\/\/apoderma.com\/inicio\/producto\/acglicolic-serum-liposomal-30-ml\/#primaryimage"},"thumbnailUrl":"https:\/\/apoderma.com\/inicio\/wp-content\/uploads\/2019\/09\/aciglicolic_serum.png","datePublished":"2019-09-17T18:31:46+00:00","dateModified":"2026-02-07T21:14:09+00:00","description":"Acglicolic serum Sesderma. Serum con \u00e1cido glic\u00f3lico liposomado. Efecto antioxidante, regenerante , calmante e hidratante","breadcrumb":{"@id":"https:\/\/apoderma.com\/inicio\/producto\/acglicolic-serum-liposomal-30-ml\/#breadcrumb"},"inLanguage":"es","potentialAction":[{"@type":"ReadAction","target":["https:\/\/apoderma.com\/inicio\/producto\/acglicolic-serum-liposomal-30-ml\/"]}]},{"@type":"ImageObject","inLanguage":"es","@id":"https:\/\/apoderma.com\/inicio\/producto\/acglicolic-serum-liposomal-30-ml\/#primaryimage","url":"https:\/\/apoderma.com\/inicio\/wp-content\/uploads\/2019\/09\/aciglicolic_serum.png","contentUrl":"https:\/\/apoderma.com\/inicio\/wp-content\/uploads\/2019\/09\/aciglicolic_serum.png","width":1024,"height":1024,"caption":"Acglicolic serum"},{"@type":"BreadcrumbList","@id":"https:\/\/apoderma.com\/inicio\/producto\/acglicolic-serum-liposomal-30-ml\/#breadcrumb","itemListElement":[{"@type":"ListItem","position":1,"name":"Portada","item":"https:\/\/apoderma.com\/inicio\/"},{"@type":"ListItem","position":2,"name":"Tienda Dermocosm\u00e9tica","item":"https:\/\/apoderma.com\/inicio\/tienda-dermocosmetica\/"},{"@type":"ListItem","position":3,"name":"AcGlicolic Serum Liposomal 30 mL"}]},{"@type":"WebSite","@id":"https:\/\/apoderma.com\/inicio\/#website","url":"https:\/\/apoderma.com\/inicio\/","name":"Apo Derma Store","description":"Venta de productos cosm\u00e9ticos","potentialAction":[{"@type":"SearchAction","target":{"@type":"EntryPoint","urlTemplate":"https:\/\/apoderma.com\/inicio\/?s={search_term_string}"},"query-input":{"@type":"PropertyValueSpecification","valueRequired":true,"valueName":"search_term_string"}}],"inLanguage":"es"}]}},"_links":{"self":[{"href":"https:\/\/apoderma.com\/inicio\/wp-json\/wp\/v2\/product\/5431","targetHints":{"allow":["GET"]}}],"collection":[{"href":"https:\/\/apoderma.com\/inicio\/wp-json\/wp\/v2\/product"}],"about":[{"href":"https:\/\/apoderma.com\/inicio\/wp-json\/wp\/v2\/types\/product"}],"wp:featuredmedia":[{"embeddable":true,"href":"https:\/\/apoderma.com\/inicio\/wp-json\/wp\/v2\/media\/13394"}],"wp:attachment":[{"href":"https:\/\/apoderma.com\/inicio\/wp-json\/wp\/v2\/media?parent=5431"}],"wp:term":[{"taxonomy":"product_cat","embeddable":true,"href":"https:\/\/apoderma.com\/inicio\/wp-json\/wp\/v2\/product_cat?post=5431"},{"taxonomy":"product_tag","embeddable":true,"href":"https:\/\/apoderma.com\/inicio\/wp-json\/wp\/v2\/product_tag?post=5431"}],"curies":[{"name":"wp","href":"https:\/\/api.w.org\/{rel}","templated":true}]}}