{"id":39889,"date":"2025-08-13T19:31:46","date_gmt":"2025-08-14T01:31:46","guid":{"rendered":"https:\/\/apoderma.com\/inicio\/?post_type=product&#038;p=39889"},"modified":"2025-08-13T20:04:27","modified_gmt":"2025-08-14T02:04:27","slug":"avocari-crema-manos-y-cuerpo-250-ml-6-pack","status":"publish","type":"product","link":"https:\/\/apoderma.com\/inicio\/producto\/avocari-crema-manos-y-cuerpo-250-ml-6-pack\/","title":{"rendered":"Avocari Crema Manos y Cuerpo 250 mL 6 Pack"},"content":{"rendered":"<h3>Especificaciones<\/h3>\n<ul>\n<li><strong><span style=\"color: #60268b;\"><span style=\"color: #60268b;\">Avocari \u00ae<\/span><\/span><\/strong><span style=\"color: #60268b;\"><a href=\"https:\/\/apoderma.com\/inicio\/avocari\/\"><strong>\u00a0<\/strong><\/a>\u00a0 <\/span>es una gama dermocosm\u00e9tica dise\u00f1ada por la Dra. Cristina Prado para el cuidado de la <a href=\"https:\/\/apoderma.com\/inicio\/2024\/10\/31\/funcion-barrera-de-la-piel\/\"><span style=\"color: #60268b;\"><strong>funci\u00f3n barrera de la piel<\/strong><\/span><\/a> utilizando como activo funcional el Aceite de Aguacate.<\/li>\n<li><span style=\"color: #60268b;\"><strong>Avocari \u00ae<\/strong><a style=\"color: #60268b;\" href=\"https:\/\/apoderma.com\/inicio\/avocari\/\"><strong>\u00a0<\/strong><\/a><strong>Crema de Manos y Cuerpo<\/strong><\/span> es una crema hidratante que est\u00e1 indicada para piel seca o extremadamente seca.<\/li>\n<li>Hidrata, nutre y regenera hasta las zonas m\u00e1s secas desde la primera aplicaci\u00f3n.<\/li>\n<li>Alivia la sensaci\u00f3n de picor, irritaci\u00f3n y tirantez caracter\u00edstica de la <a href=\"https:\/\/apoderma.com\/inicio\/2022\/12\/27\/5-recomendaciones-para-prevenir-la-piel-seca\/\"><strong><span style=\"color: #60268b;\">piel muy seca<\/span><\/strong><\/a> y con funci\u00f3n barrera d\u00e9bil. Su alta tolerancia la hace apta para piel at\u00f3pica<\/li>\n<li>Tambi\u00e9n puede ser usada por pacientes que requieren hidratar y regenerar la piel posterior a un tratamiento oncol\u00f3gico con radioterapia o quimioterapia.<\/li>\n<li>Gracias a la combinaci\u00f3n de ingredientes de origen natural con acci\u00f3n emoliente, la piel se regenera recuperando su hidrataci\u00f3n, flexibilidad y suavidad.<\/li>\n<li>Es una f\u00f3rmula sencilla que combina ingredientes de origen natural con excipientes aprobados para cosm\u00e9tica natural que cuidan la piel y al planeta.<\/li>\n<li>Contiene Aceite de Aguacate obtenido de Aguacates de Costa Rica cultivamos de manera sostenible por peque\u00f1os agricultores.<\/li>\n<li>Su textura ligera permite una r\u00e1pida absorci\u00f3n sin dejar sensaci\u00f3n grasa.<\/li>\n<li>Uso externo exclusivamente.<\/li>\n<li>Evitar contacto con los ojos.<\/li>\n<li>No usar en ni\u00f1os menores de 3 a\u00f1os.<\/li>\n<\/ul>\n<h3>Composici\u00f3n:<\/h3>\n<div class=\"sp_assets--asset\">\n<div class=\"sp_assets--asset-title-wrapper\">\n<div class=\"sp_assets--asset\">\n<div class=\"sp_assets--asset-title-wrapper\">\n<div class=\"active__teaser\" role=\"article\" data-history-node-id=\"22\">\n<div class=\"active__teaser\" role=\"article\" data-history-node-id=\"8706\">\n<ul>\n<li>Aceite de Aguacate: con propiedades hidratantes, emolientes y antioxidantes. Gracias a su composici\u00f3n rica en \u00e1cidos grasos como el Omega 6 y Omega 9 ayudan a regenerar la funci\u00f3n barrera de la piel.<\/li>\n<li>Extracto de naranja: propiedades hidratantes.<\/li>\n<li>Glicerina: favorece la hidrataci\u00f3n y retenci\u00f3n de agua promoviendo los procesos de reparaci\u00f3n de la piel.<\/li>\n<\/ul>\n<\/div>\n<\/div>\n<\/div>\n<\/div>\n<\/div>\n<\/div>\n<div class=\"sp_assets--asset\">\n<h3 class=\"sp_assets--asset-title-wrapper\">Modo de uso de Avocari \u00ae Crema Manos y Cuerpo:<\/h3>\n<\/div>\n<ol>\n<li>Aplicar sobre la piel limpia y seca.<\/li>\n<li>Aplicar generosamente con un suave masaje hasta su completa absorci\u00f3n.<\/li>\n<li>Puede usarla tanto de d\u00eda y como de noche.<\/li>\n<li>En casos de piel muy seca util\u00edzala a diario, aplicando cuantas veces lo requiera durante el d\u00eda mediante un suave masaje.<\/li>\n<li>Puede combinar el cuidado de su piel con <span style=\"color: #60268b;\"><a style=\"color: #60268b;\" href=\"https:\/\/apoderma.com\/inicio\/producto\/avocari-aceite-de-aguacate-30-ml\/\"><strong>Avocari <\/strong>\u00ae <\/a><\/span><a href=\"https:\/\/apoderma.com\/inicio\/producto\/avocari-aceite-de-aguacate-30-ml\/\"><span style=\"color: #60268b;\"><strong>Aceite de Aguacate<\/strong><\/span><\/a><strong>.<\/strong><\/li>\n<\/ol>\n","protected":false},"excerpt":{"rendered":"<p>6 Pack Crema Manos y Cuerpo 250 mL Especialmente indicada para piel seca o extremadamente&hellip;<\/p>\n","protected":false},"featured_media":39894,"template":"","meta":{"_glsr_average":0,"_glsr_ranking":0,"_glsr_reviews":0},"product_cat":[161,97,103,102,98,105],"product_tag":[350,307,148],"class_list":{"0":"post-39889","1":"product","2":"type-product","3":"status-publish","4":"has-post-thumbnail","6":"product_brand-avocari","7":"product_cat-bebe-y-mama","8":"product_cat-cuerpo","9":"product_cat-hidratacion-manos","10":"product_cat-manos","11":"product_cat-piel-seca-o-con-tendencia-atopica","12":"product_cat-pies","13":"product_tag-cuidado-cuerpo","14":"product_tag-hidratante","15":"product_tag-piel-seca","17":"first","18":"instock","19":"taxable","20":"shipping-taxable","21":"purchasable","22":"product-type-simple","23":"thumb-has-effect","24":"prod-rating-on"},"yoast_head":"<!-- This site is optimized with the Yoast SEO plugin v25.3.1 - https:\/\/yoast.com\/wordpress\/plugins\/seo\/ -->\n<title>Avocari Crema Manos y Cuerpo 250 mL 6 Pack - Apo Derma Store<\/title>\n<meta name=\"description\" content=\"Avocari Crema manos y cuerpo est\u00e1 indicada especialmente para pieles secas y muy secas. Gama biocosm\u00e9tica con ingredientes naturales y Aceite de Aguacate.\" \/>\n<meta name=\"robots\" content=\"index, follow, max-snippet:-1, max-image-preview:large, max-video-preview:-1\" \/>\n<link rel=\"canonical\" href=\"https:\/\/apoderma.com\/inicio\/producto\/avocari-crema-manos-y-cuerpo-250-ml-6-pack\/\" \/>\n<meta property=\"og:locale\" content=\"es_ES\" \/>\n<meta property=\"og:type\" content=\"article\" \/>\n<meta property=\"og:title\" content=\"Avocari Crema Manos y Cuerpo 250 mL 6 Pack - Apo Derma Store\" \/>\n<meta property=\"og:description\" content=\"Avocari Crema manos y cuerpo est\u00e1 indicada especialmente para pieles secas y muy secas. Gama biocosm\u00e9tica con ingredientes naturales y Aceite de Aguacate.\" \/>\n<meta property=\"og:url\" content=\"https:\/\/apoderma.com\/inicio\/producto\/avocari-crema-manos-y-cuerpo-250-ml-6-pack\/\" \/>\n<meta property=\"og:site_name\" content=\"Apo Derma Store\" \/>\n<meta property=\"article:modified_time\" content=\"2025-08-14T02:04:27+00:00\" \/>\n<meta property=\"og:image\" content=\"https:\/\/apoderma.com\/inicio\/wp-content\/uploads\/2025\/08\/7420-a-2.jpeg\" \/>\n\t<meta property=\"og:image:width\" content=\"800\" \/>\n\t<meta property=\"og:image:height\" content=\"800\" \/>\n\t<meta property=\"og:image:type\" content=\"image\/jpeg\" \/>\n<meta name=\"twitter:card\" content=\"summary_large_image\" \/>\n<meta name=\"twitter:label1\" content=\"Tiempo de lectura\" \/>\n\t<meta name=\"twitter:data1\" content=\"2 minutos\" \/>\n<script type=\"application\/ld+json\" class=\"yoast-schema-graph\">{\"@context\":\"https:\/\/schema.org\",\"@graph\":[{\"@type\":\"WebPage\",\"@id\":\"https:\/\/apoderma.com\/inicio\/producto\/avocari-crema-manos-y-cuerpo-250-ml-6-pack\/\",\"url\":\"https:\/\/apoderma.com\/inicio\/producto\/avocari-crema-manos-y-cuerpo-250-ml-6-pack\/\",\"name\":\"Avocari Crema Manos y Cuerpo 250 mL 6 Pack - Apo Derma Store\",\"isPartOf\":{\"@id\":\"https:\/\/apoderma.com\/inicio\/#website\"},\"primaryImageOfPage\":{\"@id\":\"https:\/\/apoderma.com\/inicio\/producto\/avocari-crema-manos-y-cuerpo-250-ml-6-pack\/#primaryimage\"},\"image\":{\"@id\":\"https:\/\/apoderma.com\/inicio\/producto\/avocari-crema-manos-y-cuerpo-250-ml-6-pack\/#primaryimage\"},\"thumbnailUrl\":\"https:\/\/apoderma.com\/inicio\/wp-content\/uploads\/2025\/08\/7420-a-2.jpeg\",\"datePublished\":\"2025-08-14T01:31:46+00:00\",\"dateModified\":\"2025-08-14T02:04:27+00:00\",\"description\":\"Avocari Crema manos y cuerpo est\u00e1 indicada especialmente para pieles secas y muy secas. Gama biocosm\u00e9tica con ingredientes naturales y Aceite de Aguacate.\",\"breadcrumb\":{\"@id\":\"https:\/\/apoderma.com\/inicio\/producto\/avocari-crema-manos-y-cuerpo-250-ml-6-pack\/#breadcrumb\"},\"inLanguage\":\"es\",\"potentialAction\":[{\"@type\":\"ReadAction\",\"target\":[\"https:\/\/apoderma.com\/inicio\/producto\/avocari-crema-manos-y-cuerpo-250-ml-6-pack\/\"]}]},{\"@type\":\"ImageObject\",\"inLanguage\":\"es\",\"@id\":\"https:\/\/apoderma.com\/inicio\/producto\/avocari-crema-manos-y-cuerpo-250-ml-6-pack\/#primaryimage\",\"url\":\"https:\/\/apoderma.com\/inicio\/wp-content\/uploads\/2025\/08\/7420-a-2.jpeg\",\"contentUrl\":\"https:\/\/apoderma.com\/inicio\/wp-content\/uploads\/2025\/08\/7420-a-2.jpeg\",\"width\":800,\"height\":800,\"caption\":\"Avocari presentaci\u00f3n mayorista\"},{\"@type\":\"BreadcrumbList\",\"@id\":\"https:\/\/apoderma.com\/inicio\/producto\/avocari-crema-manos-y-cuerpo-250-ml-6-pack\/#breadcrumb\",\"itemListElement\":[{\"@type\":\"ListItem\",\"position\":1,\"name\":\"Portada\",\"item\":\"https:\/\/apoderma.com\/inicio\/\"},{\"@type\":\"ListItem\",\"position\":2,\"name\":\"Tienda Dermocosm\u00e9tica\",\"item\":\"https:\/\/apoderma.com\/inicio\/tienda-dermocosmetica\/\"},{\"@type\":\"ListItem\",\"position\":3,\"name\":\"Avocari Crema Manos y Cuerpo 250 mL 6 Pack\"}]},{\"@type\":\"WebSite\",\"@id\":\"https:\/\/apoderma.com\/inicio\/#website\",\"url\":\"https:\/\/apoderma.com\/inicio\/\",\"name\":\"Apo Derma Store\",\"description\":\"Venta de productos cosm\u00e9ticos\",\"potentialAction\":[{\"@type\":\"SearchAction\",\"target\":{\"@type\":\"EntryPoint\",\"urlTemplate\":\"https:\/\/apoderma.com\/inicio\/?s={search_term_string}\"},\"query-input\":{\"@type\":\"PropertyValueSpecification\",\"valueRequired\":true,\"valueName\":\"search_term_string\"}}],\"inLanguage\":\"es\"}]}<\/script>\n<!-- \/ Yoast SEO plugin. -->","yoast_head_json":{"title":"Avocari Crema Manos y Cuerpo 250 mL 6 Pack - Apo Derma Store","description":"Avocari Crema manos y cuerpo est\u00e1 indicada especialmente para pieles secas y muy secas. Gama biocosm\u00e9tica con ingredientes naturales y Aceite de Aguacate.","robots":{"index":"index","follow":"follow","max-snippet":"max-snippet:-1","max-image-preview":"max-image-preview:large","max-video-preview":"max-video-preview:-1"},"canonical":"https:\/\/apoderma.com\/inicio\/producto\/avocari-crema-manos-y-cuerpo-250-ml-6-pack\/","og_locale":"es_ES","og_type":"article","og_title":"Avocari Crema Manos y Cuerpo 250 mL 6 Pack - Apo Derma Store","og_description":"Avocari Crema manos y cuerpo est\u00e1 indicada especialmente para pieles secas y muy secas. Gama biocosm\u00e9tica con ingredientes naturales y Aceite de Aguacate.","og_url":"https:\/\/apoderma.com\/inicio\/producto\/avocari-crema-manos-y-cuerpo-250-ml-6-pack\/","og_site_name":"Apo Derma Store","article_modified_time":"2025-08-14T02:04:27+00:00","og_image":[{"width":800,"height":800,"url":"https:\/\/apoderma.com\/inicio\/wp-content\/uploads\/2025\/08\/7420-a-2.jpeg","type":"image\/jpeg"}],"twitter_card":"summary_large_image","twitter_misc":{"Tiempo de lectura":"2 minutos"},"schema":{"@context":"https:\/\/schema.org","@graph":[{"@type":"WebPage","@id":"https:\/\/apoderma.com\/inicio\/producto\/avocari-crema-manos-y-cuerpo-250-ml-6-pack\/","url":"https:\/\/apoderma.com\/inicio\/producto\/avocari-crema-manos-y-cuerpo-250-ml-6-pack\/","name":"Avocari Crema Manos y Cuerpo 250 mL 6 Pack - Apo Derma Store","isPartOf":{"@id":"https:\/\/apoderma.com\/inicio\/#website"},"primaryImageOfPage":{"@id":"https:\/\/apoderma.com\/inicio\/producto\/avocari-crema-manos-y-cuerpo-250-ml-6-pack\/#primaryimage"},"image":{"@id":"https:\/\/apoderma.com\/inicio\/producto\/avocari-crema-manos-y-cuerpo-250-ml-6-pack\/#primaryimage"},"thumbnailUrl":"https:\/\/apoderma.com\/inicio\/wp-content\/uploads\/2025\/08\/7420-a-2.jpeg","datePublished":"2025-08-14T01:31:46+00:00","dateModified":"2025-08-14T02:04:27+00:00","description":"Avocari Crema manos y cuerpo est\u00e1 indicada especialmente para pieles secas y muy secas. Gama biocosm\u00e9tica con ingredientes naturales y Aceite de Aguacate.","breadcrumb":{"@id":"https:\/\/apoderma.com\/inicio\/producto\/avocari-crema-manos-y-cuerpo-250-ml-6-pack\/#breadcrumb"},"inLanguage":"es","potentialAction":[{"@type":"ReadAction","target":["https:\/\/apoderma.com\/inicio\/producto\/avocari-crema-manos-y-cuerpo-250-ml-6-pack\/"]}]},{"@type":"ImageObject","inLanguage":"es","@id":"https:\/\/apoderma.com\/inicio\/producto\/avocari-crema-manos-y-cuerpo-250-ml-6-pack\/#primaryimage","url":"https:\/\/apoderma.com\/inicio\/wp-content\/uploads\/2025\/08\/7420-a-2.jpeg","contentUrl":"https:\/\/apoderma.com\/inicio\/wp-content\/uploads\/2025\/08\/7420-a-2.jpeg","width":800,"height":800,"caption":"Avocari presentaci\u00f3n mayorista"},{"@type":"BreadcrumbList","@id":"https:\/\/apoderma.com\/inicio\/producto\/avocari-crema-manos-y-cuerpo-250-ml-6-pack\/#breadcrumb","itemListElement":[{"@type":"ListItem","position":1,"name":"Portada","item":"https:\/\/apoderma.com\/inicio\/"},{"@type":"ListItem","position":2,"name":"Tienda Dermocosm\u00e9tica","item":"https:\/\/apoderma.com\/inicio\/tienda-dermocosmetica\/"},{"@type":"ListItem","position":3,"name":"Avocari Crema Manos y Cuerpo 250 mL 6 Pack"}]},{"@type":"WebSite","@id":"https:\/\/apoderma.com\/inicio\/#website","url":"https:\/\/apoderma.com\/inicio\/","name":"Apo Derma Store","description":"Venta de productos cosm\u00e9ticos","potentialAction":[{"@type":"SearchAction","target":{"@type":"EntryPoint","urlTemplate":"https:\/\/apoderma.com\/inicio\/?s={search_term_string}"},"query-input":{"@type":"PropertyValueSpecification","valueRequired":true,"valueName":"search_term_string"}}],"inLanguage":"es"}]}},"_links":{"self":[{"href":"https:\/\/apoderma.com\/inicio\/wp-json\/wp\/v2\/product\/39889","targetHints":{"allow":["GET"]}}],"collection":[{"href":"https:\/\/apoderma.com\/inicio\/wp-json\/wp\/v2\/product"}],"about":[{"href":"https:\/\/apoderma.com\/inicio\/wp-json\/wp\/v2\/types\/product"}],"wp:featuredmedia":[{"embeddable":true,"href":"https:\/\/apoderma.com\/inicio\/wp-json\/wp\/v2\/media\/39894"}],"wp:attachment":[{"href":"https:\/\/apoderma.com\/inicio\/wp-json\/wp\/v2\/media?parent=39889"}],"wp:term":[{"taxonomy":"product_cat","embeddable":true,"href":"https:\/\/apoderma.com\/inicio\/wp-json\/wp\/v2\/product_cat?post=39889"},{"taxonomy":"product_tag","embeddable":true,"href":"https:\/\/apoderma.com\/inicio\/wp-json\/wp\/v2\/product_tag?post=39889"}],"curies":[{"name":"wp","href":"https:\/\/api.w.org\/{rel}","templated":true}]}}