{"id":39683,"date":"2024-10-21T20:17:51","date_gmt":"2024-10-22T02:17:51","guid":{"rendered":"https:\/\/apoderma.com\/inicio\/?post_type=product&#038;p=39683"},"modified":"2025-08-11T15:51:41","modified_gmt":"2025-08-11T21:51:41","slug":"avocari-aceite-de-aguacate-30-ml","status":"publish","type":"product","link":"https:\/\/apoderma.com\/inicio\/producto\/avocari-aceite-de-aguacate-30-ml\/","title":{"rendered":"Avocari Aceite de Aguacate 30 mL"},"content":{"rendered":"<h3>Especificaciones<\/h3>\n<ul>\n<li><a href=\"https:\/\/apoderma.com\/inicio\/avocari\/\"><strong><span style=\"color: #60268b;\"><span style=\"color: #60268b;\">Avocari \u00ae<\/span><\/span><\/strong><\/a><span style=\"color: #60268b;\"><a href=\"https:\/\/apoderma.com\/inicio\/avocari\/\"><strong>\u00a0<\/strong><\/a>\u00a0 <\/span>es una gama biocosm\u00e9tica dise\u00f1ada por la Dra. Cristina Prado para el cuidado de la <a href=\"https:\/\/apoderma.com\/inicio\/2024\/10\/31\/funcion-barrera-de-la-piel\/\"><span style=\"color: #60268b;\"><strong>funci\u00f3n barrera de la piel<\/strong><\/span><\/a> utilizando como activo funcional el Aceite de Aguacate obtenido a partir de Aguacates de Costa Rica cultivados de manera sostenible por peque\u00f1os productores.<\/li>\n<li><span style=\"color: #60268b;\"><strong><a href=\"https:\/\/apoderma.com\/inicio\/avocari\/\">Avocari \u00ae<\/a> Aceite de Aguacate<\/strong><\/span> es un aceite emoliente para el cuidado de la piel del cuerpo y el cuidado del cabello.<\/li>\n<li>Hidrata, nutre y regenera hasta las zonas m\u00e1s secas desde la primera aplicaci\u00f3n.<\/li>\n<li>Est\u00e1 indicado para <span style=\"color: #60268b;\"><strong><a style=\"color: #60268b;\" href=\"https:\/\/apoderma.com\/inicio\/2022\/12\/27\/5-recomendaciones-para-prevenir-la-piel-seca\/\">piel seca o extremadamente seca<\/a><\/strong><\/span>, tambi\u00e9n puede usarse en el cuidado del cabello con rizos o el cabello que requiere hidrataci\u00f3n.<\/li>\n<li>Alivia la sensaci\u00f3n de picor, irritaci\u00f3n y tirantez caracter\u00edstica de la <a href=\"https:\/\/apoderma.com\/inicio\/2022\/12\/27\/5-recomendaciones-para-prevenir-la-piel-seca\/\"><strong><span style=\"color: #60268b;\">piel muy seca<\/span><\/strong><\/a> y con funci\u00f3n barrera d\u00e9bil. Su alta tolerancia la hace apta para piel at\u00f3pica.<\/li>\n<li>Tambi\u00e9n puede ser usado por pacientes que requieren hidratar y regenerar la piel posterior a un tratamiento oncol\u00f3gico con radioterapia o quimioterapia.<\/li>\n<li>Mejora la elasticidad de la piel, por lo que puede usarse para prevenir estr\u00edas.<\/li>\n<li>El Aceite de Aguacate nutre y repara la piel seca y el cabello. Es rico en formas naturales de Vitamina E como gamma tocoferol y \u00c1cidos grasos de origen vegetal que retienen la p\u00e9rdida transd\u00e9rmica de agua por lo que brinda una hidrataci\u00f3n profunda.<\/li>\n<li>Puede ser usado directamente sobre la piel de las secciones del cuerpo en las que tenga mayor resequedad, como por ejemplo la zona de los codos, rodillas y pies.<\/li>\n<li>Para el uso en cabello, puede aplicarlo sobre el cabello seco o h\u00famedo.<\/li>\n<li>Uso externo exclusivamente.<\/li>\n<li>Evitar contacto con los ojos.<\/li>\n<\/ul>\n<h3>Composici\u00f3n:<\/h3>\n<div class=\"sp_assets--asset\">\n<div class=\"sp_assets--asset-title-wrapper\">\n<div class=\"sp_assets--asset\">\n<div class=\"sp_assets--asset-title-wrapper\">\n<div class=\"active__teaser\" role=\"article\" data-history-node-id=\"22\">\n<div class=\"active__teaser\" role=\"article\" data-history-node-id=\"8706\">\n<ul>\n<li><span style=\"color: #60268b;\"><strong><a href=\"https:\/\/apoderma.com\/inicio\/avocari\/\">Avocari \u00ae<\/a> Aceite de Aguacate <\/strong><span style=\"color: #000000;\">es<\/span> <\/span>100% Aceite de Aguacate extra\u00eddo en fr\u00edo, rico en \u00e1cidos grasos Omega 6 y 9<\/li>\n<li>Sin aromas ni colorantes artificiales.<\/li>\n<\/ul>\n<\/div>\n<\/div>\n<\/div>\n<\/div>\n<\/div>\n<\/div>\n<div class=\"sp_assets--asset\">\n<h3 class=\"sp_assets--asset-title-wrapper\">Modo de uso:<\/h3>\n<\/div>\n<ol>\n<li>Coloque una peque\u00f1a cantidad en la palma de las manos y distribuya en cabello y piel.<\/li>\n<li>Para el uso en cabello, puede aplicarlo sobre el cabello seco o h\u00famedo.<\/li>\n<li>Puede complementar el cuidado de su piel con <strong><a href=\"https:\/\/apoderma.com\/inicio\/producto\/avocari-crema-manos-y-cuerpo-250-ml\/\">Avocari \u00ae<\/a> <span style=\"color: #60268b;\">Crema de manos y cuerpo<\/span><\/strong><\/li>\n<li>Uso externo.<\/li>\n<li>Evite el contacto con los ojos<\/li>\n<li>Mantener fuera del alcance de los ni\u00f1os.<\/li>\n<li>Almacenar a no m\u00e1s de 30 \u0366 C.<\/li>\n<\/ol>\n","protected":false},"excerpt":{"rendered":"<p>Aceite para piel y cabello 100% Aceite de Aguacate rico en \u00e1cidos grasos Omega 3,&hellip;<\/p>\n","protected":false},"featured_media":39684,"template":"","meta":{"_glsr_average":0,"_glsr_ranking":0,"_glsr_reviews":0},"product_cat":[161,97,269,98,105],"product_tag":[350,307,148],"class_list":{"0":"post-39683","1":"product","2":"type-product","3":"status-publish","4":"has-post-thumbnail","6":"product_brand-avocari","7":"product_cat-bebe-y-mama","8":"product_cat-cuerpo","9":"product_cat-flacidez-y-estrias","10":"product_cat-piel-seca-o-con-tendencia-atopica","11":"product_cat-pies","12":"product_tag-cuidado-cuerpo","13":"product_tag-hidratante","14":"product_tag-piel-seca","16":"first","17":"instock","18":"taxable","19":"shipping-taxable","20":"purchasable","21":"product-type-simple","22":"thumb-has-effect","23":"prod-rating-on"},"yoast_head":"<!-- This site is optimized with the Yoast SEO plugin v25.3.1 - https:\/\/yoast.com\/wordpress\/plugins\/seo\/ -->\n<title>Avocari Aceite de Aguacate 30 mL - Apo Derma Store<\/title>\n<meta name=\"description\" content=\"Avocari Aceite de Aguacate es un aceite emoliente para el cuidado de la piel y el cabello, elaborado con Aguacates cultivados de manera sostenible.\" \/>\n<meta name=\"robots\" content=\"index, follow, max-snippet:-1, max-image-preview:large, max-video-preview:-1\" \/>\n<link rel=\"canonical\" href=\"https:\/\/apoderma.com\/inicio\/producto\/avocari-aceite-de-aguacate-30-ml\/\" \/>\n<meta property=\"og:locale\" content=\"es_ES\" \/>\n<meta property=\"og:type\" content=\"article\" \/>\n<meta property=\"og:title\" content=\"Avocari Aceite de Aguacate 30 mL - Apo Derma Store\" \/>\n<meta property=\"og:description\" content=\"Avocari Aceite de Aguacate es un aceite emoliente para el cuidado de la piel y el cabello, elaborado con Aguacates cultivados de manera sostenible.\" \/>\n<meta property=\"og:url\" content=\"https:\/\/apoderma.com\/inicio\/producto\/avocari-aceite-de-aguacate-30-ml\/\" \/>\n<meta property=\"og:site_name\" content=\"Apo Derma Store\" \/>\n<meta property=\"article:modified_time\" content=\"2025-08-11T21:51:41+00:00\" \/>\n<meta property=\"og:image\" content=\"https:\/\/apoderma.com\/inicio\/wp-content\/uploads\/2024\/10\/Adobe_Express_20241021_1911330_1.png\" \/>\n\t<meta property=\"og:image:width\" content=\"800\" \/>\n\t<meta property=\"og:image:height\" content=\"800\" \/>\n\t<meta property=\"og:image:type\" content=\"image\/png\" \/>\n<meta name=\"twitter:card\" content=\"summary_large_image\" \/>\n<meta name=\"twitter:label1\" content=\"Tiempo de lectura\" \/>\n\t<meta name=\"twitter:data1\" content=\"2 minutos\" \/>\n<script type=\"application\/ld+json\" class=\"yoast-schema-graph\">{\"@context\":\"https:\/\/schema.org\",\"@graph\":[{\"@type\":\"WebPage\",\"@id\":\"https:\/\/apoderma.com\/inicio\/producto\/avocari-aceite-de-aguacate-30-ml\/\",\"url\":\"https:\/\/apoderma.com\/inicio\/producto\/avocari-aceite-de-aguacate-30-ml\/\",\"name\":\"Avocari Aceite de Aguacate 30 mL - Apo Derma Store\",\"isPartOf\":{\"@id\":\"https:\/\/apoderma.com\/inicio\/#website\"},\"primaryImageOfPage\":{\"@id\":\"https:\/\/apoderma.com\/inicio\/producto\/avocari-aceite-de-aguacate-30-ml\/#primaryimage\"},\"image\":{\"@id\":\"https:\/\/apoderma.com\/inicio\/producto\/avocari-aceite-de-aguacate-30-ml\/#primaryimage\"},\"thumbnailUrl\":\"https:\/\/apoderma.com\/inicio\/wp-content\/uploads\/2024\/10\/Adobe_Express_20241021_1911330_1.png\",\"datePublished\":\"2024-10-22T02:17:51+00:00\",\"dateModified\":\"2025-08-11T21:51:41+00:00\",\"description\":\"Avocari Aceite de Aguacate es un aceite emoliente para el cuidado de la piel y el cabello, elaborado con Aguacates cultivados de manera sostenible.\",\"breadcrumb\":{\"@id\":\"https:\/\/apoderma.com\/inicio\/producto\/avocari-aceite-de-aguacate-30-ml\/#breadcrumb\"},\"inLanguage\":\"es\",\"potentialAction\":[{\"@type\":\"ReadAction\",\"target\":[\"https:\/\/apoderma.com\/inicio\/producto\/avocari-aceite-de-aguacate-30-ml\/\"]}]},{\"@type\":\"ImageObject\",\"inLanguage\":\"es\",\"@id\":\"https:\/\/apoderma.com\/inicio\/producto\/avocari-aceite-de-aguacate-30-ml\/#primaryimage\",\"url\":\"https:\/\/apoderma.com\/inicio\/wp-content\/uploads\/2024\/10\/Adobe_Express_20241021_1911330_1.png\",\"contentUrl\":\"https:\/\/apoderma.com\/inicio\/wp-content\/uploads\/2024\/10\/Adobe_Express_20241021_1911330_1.png\",\"width\":800,\"height\":800,\"caption\":\"Avocari Aceite de Aguacate\"},{\"@type\":\"BreadcrumbList\",\"@id\":\"https:\/\/apoderma.com\/inicio\/producto\/avocari-aceite-de-aguacate-30-ml\/#breadcrumb\",\"itemListElement\":[{\"@type\":\"ListItem\",\"position\":1,\"name\":\"Portada\",\"item\":\"https:\/\/apoderma.com\/inicio\/\"},{\"@type\":\"ListItem\",\"position\":2,\"name\":\"Tienda Dermocosm\u00e9tica\",\"item\":\"https:\/\/apoderma.com\/inicio\/tienda-dermocosmetica\/\"},{\"@type\":\"ListItem\",\"position\":3,\"name\":\"Avocari Aceite de Aguacate 30 mL\"}]},{\"@type\":\"WebSite\",\"@id\":\"https:\/\/apoderma.com\/inicio\/#website\",\"url\":\"https:\/\/apoderma.com\/inicio\/\",\"name\":\"Apo Derma Store\",\"description\":\"Venta de productos cosm\u00e9ticos\",\"potentialAction\":[{\"@type\":\"SearchAction\",\"target\":{\"@type\":\"EntryPoint\",\"urlTemplate\":\"https:\/\/apoderma.com\/inicio\/?s={search_term_string}\"},\"query-input\":{\"@type\":\"PropertyValueSpecification\",\"valueRequired\":true,\"valueName\":\"search_term_string\"}}],\"inLanguage\":\"es\"}]}<\/script>\n<!-- \/ Yoast SEO plugin. -->","yoast_head_json":{"title":"Avocari Aceite de Aguacate 30 mL - Apo Derma Store","description":"Avocari Aceite de Aguacate es un aceite emoliente para el cuidado de la piel y el cabello, elaborado con Aguacates cultivados de manera sostenible.","robots":{"index":"index","follow":"follow","max-snippet":"max-snippet:-1","max-image-preview":"max-image-preview:large","max-video-preview":"max-video-preview:-1"},"canonical":"https:\/\/apoderma.com\/inicio\/producto\/avocari-aceite-de-aguacate-30-ml\/","og_locale":"es_ES","og_type":"article","og_title":"Avocari Aceite de Aguacate 30 mL - Apo Derma Store","og_description":"Avocari Aceite de Aguacate es un aceite emoliente para el cuidado de la piel y el cabello, elaborado con Aguacates cultivados de manera sostenible.","og_url":"https:\/\/apoderma.com\/inicio\/producto\/avocari-aceite-de-aguacate-30-ml\/","og_site_name":"Apo Derma Store","article_modified_time":"2025-08-11T21:51:41+00:00","og_image":[{"width":800,"height":800,"url":"https:\/\/apoderma.com\/inicio\/wp-content\/uploads\/2024\/10\/Adobe_Express_20241021_1911330_1.png","type":"image\/png"}],"twitter_card":"summary_large_image","twitter_misc":{"Tiempo de lectura":"2 minutos"},"schema":{"@context":"https:\/\/schema.org","@graph":[{"@type":"WebPage","@id":"https:\/\/apoderma.com\/inicio\/producto\/avocari-aceite-de-aguacate-30-ml\/","url":"https:\/\/apoderma.com\/inicio\/producto\/avocari-aceite-de-aguacate-30-ml\/","name":"Avocari Aceite de Aguacate 30 mL - Apo Derma Store","isPartOf":{"@id":"https:\/\/apoderma.com\/inicio\/#website"},"primaryImageOfPage":{"@id":"https:\/\/apoderma.com\/inicio\/producto\/avocari-aceite-de-aguacate-30-ml\/#primaryimage"},"image":{"@id":"https:\/\/apoderma.com\/inicio\/producto\/avocari-aceite-de-aguacate-30-ml\/#primaryimage"},"thumbnailUrl":"https:\/\/apoderma.com\/inicio\/wp-content\/uploads\/2024\/10\/Adobe_Express_20241021_1911330_1.png","datePublished":"2024-10-22T02:17:51+00:00","dateModified":"2025-08-11T21:51:41+00:00","description":"Avocari Aceite de Aguacate es un aceite emoliente para el cuidado de la piel y el cabello, elaborado con Aguacates cultivados de manera sostenible.","breadcrumb":{"@id":"https:\/\/apoderma.com\/inicio\/producto\/avocari-aceite-de-aguacate-30-ml\/#breadcrumb"},"inLanguage":"es","potentialAction":[{"@type":"ReadAction","target":["https:\/\/apoderma.com\/inicio\/producto\/avocari-aceite-de-aguacate-30-ml\/"]}]},{"@type":"ImageObject","inLanguage":"es","@id":"https:\/\/apoderma.com\/inicio\/producto\/avocari-aceite-de-aguacate-30-ml\/#primaryimage","url":"https:\/\/apoderma.com\/inicio\/wp-content\/uploads\/2024\/10\/Adobe_Express_20241021_1911330_1.png","contentUrl":"https:\/\/apoderma.com\/inicio\/wp-content\/uploads\/2024\/10\/Adobe_Express_20241021_1911330_1.png","width":800,"height":800,"caption":"Avocari Aceite de Aguacate"},{"@type":"BreadcrumbList","@id":"https:\/\/apoderma.com\/inicio\/producto\/avocari-aceite-de-aguacate-30-ml\/#breadcrumb","itemListElement":[{"@type":"ListItem","position":1,"name":"Portada","item":"https:\/\/apoderma.com\/inicio\/"},{"@type":"ListItem","position":2,"name":"Tienda Dermocosm\u00e9tica","item":"https:\/\/apoderma.com\/inicio\/tienda-dermocosmetica\/"},{"@type":"ListItem","position":3,"name":"Avocari Aceite de Aguacate 30 mL"}]},{"@type":"WebSite","@id":"https:\/\/apoderma.com\/inicio\/#website","url":"https:\/\/apoderma.com\/inicio\/","name":"Apo Derma Store","description":"Venta de productos cosm\u00e9ticos","potentialAction":[{"@type":"SearchAction","target":{"@type":"EntryPoint","urlTemplate":"https:\/\/apoderma.com\/inicio\/?s={search_term_string}"},"query-input":{"@type":"PropertyValueSpecification","valueRequired":true,"valueName":"search_term_string"}}],"inLanguage":"es"}]}},"_links":{"self":[{"href":"https:\/\/apoderma.com\/inicio\/wp-json\/wp\/v2\/product\/39683","targetHints":{"allow":["GET"]}}],"collection":[{"href":"https:\/\/apoderma.com\/inicio\/wp-json\/wp\/v2\/product"}],"about":[{"href":"https:\/\/apoderma.com\/inicio\/wp-json\/wp\/v2\/types\/product"}],"wp:featuredmedia":[{"embeddable":true,"href":"https:\/\/apoderma.com\/inicio\/wp-json\/wp\/v2\/media\/39684"}],"wp:attachment":[{"href":"https:\/\/apoderma.com\/inicio\/wp-json\/wp\/v2\/media?parent=39683"}],"wp:term":[{"taxonomy":"product_cat","embeddable":true,"href":"https:\/\/apoderma.com\/inicio\/wp-json\/wp\/v2\/product_cat?post=39683"},{"taxonomy":"product_tag","embeddable":true,"href":"https:\/\/apoderma.com\/inicio\/wp-json\/wp\/v2\/product_tag?post=39683"}],"curies":[{"name":"wp","href":"https:\/\/api.w.org\/{rel}","templated":true}]}}