{"id":39428,"date":"2023-02-08T15:16:50","date_gmt":"2023-02-08T21:16:50","guid":{"rendered":"https:\/\/apoderma.com\/inicio\/?post_type=product&#038;p=39428"},"modified":"2025-11-18T16:06:27","modified_gmt":"2025-11-18T22:06:27","slug":"hydro-lotion-fps-50","status":"publish","type":"product","link":"https:\/\/apoderma.com\/inicio\/producto\/hydro-lotion-fps-50\/","title":{"rendered":"Hydro Lotion FPS 50"},"content":{"rendered":"<h3>Especificaciones<\/h3>\n<ul>\n<li><span style=\"color: #60268b;\"><strong><a style=\"color: #60268b;\" href=\"https:\/\/www.isdin.com\/producto\/fotoprotector-isdin\/hydrolotion-spf-50\">Hydro Lotion FPS 50 de ISDIN<\/a><\/strong><\/span> es un Fotoprotector corporal bif\u00e1sico hidratante de secado inmediato.<\/li>\n<li>Con Chlorella Maris que evita la oxidaci\u00f3n de la piel.<\/li>\n<li>Alta protecci\u00f3n UVB\/UVA SPF50.<\/li>\n<li>Loci\u00f3n oleoacuosa bif\u00e1sica de doble acci\u00f3n:\n<ul>\n<li><strong>PROTEGE:<\/strong>\u00a0Alta protecci\u00f3n UVB\/UVA SPF50.<\/li>\n<li><strong>DETOX:<\/strong>\u00a0Gracias a su formulaci\u00f3n con Chlorella Maris detoxifica y revitaliza la piel del da\u00f1o inducido por la radiaci\u00f3n solar gracias a su acci\u00f3n antioxidante.<\/li>\n<\/ul>\n<\/li>\n<li>Adem\u00e1s de proteger la piel, aporta una acci\u00f3n hidratante de secado inmediato y de efecto refrescante.<\/li>\n<li>Ofrece a la piel un aspecto m\u00e1s flexible y el\u00e1stico y m\u00e1s luminoso.<\/li>\n<li>Testado dermatol\u00f3gicamente.<\/li>\n<li>Apto para todo tipo de pieles.<\/li>\n<li>Resistente al agua.<\/li>\n<li>No sensibilizante F\u00f3rmula Sea Friendly.<\/li>\n<\/ul>\n<h3>Composici\u00f3n<\/h3>\n<div class=\"sp_assets--asset\">\n<div class=\"sp_assets--asset-title-wrapper\">\n<div class=\"sp_assets--asset\">\n<div class=\"sp_assets--asset-title-wrapper\">\n<p>Formulaci\u00f3n con Chlorella Maris detoxifica y revitaliza la piel del da\u00f1o inducido por la radiaci\u00f3n solar gracias a su acci\u00f3n antioxidante.<\/p>\n<\/div>\n<\/div>\n<\/div>\n<\/div>\n<div class=\"sp_assets--asset\">\n<h3 class=\"sp_assets--asset-title-wrapper\">Modo de uso:<\/h3>\n<\/div>\n<ol>\n<li>Mezclar durante 5 segundos y asegurar que las dos fases del producto se han mezclado correctamente antes de la aplicaci\u00f3n.<\/li>\n<li>Aplicar generosamente sobre la piel seca, media hora antes de la exposici\u00f3n solar.<\/li>\n<li>Reaplicar cada 2 horas y tras transpirar, nadar o secarse con toalla.<\/li>\n<li>Al reducir la cantidad de aplicaci\u00f3n o no agitar el producto lo suficiente, se reduce el factor de protecci\u00f3n.<\/li>\n<li>No vaporizar sobre el rostro<\/li>\n<li>Puede complementar el cuidado de su rostro con la gama <strong><span style=\"color: #60268b;\"><a style=\"color: #60268b;\" href=\"https:\/\/apoderma.com\/inicio\/producto\/age-reverse-day-50-ml\/\">AGE Reverse Crema D\u00ed<\/a>a<\/span><\/strong> y <a href=\"https:\/\/apoderma.com\/inicio\/producto\/age-reverse-nigth-50-ml\/\"><strong><span style=\"color: #60268b;\">Crema Noche<\/span><\/strong><\/a>.<\/li>\n<\/ol>\n","protected":false},"excerpt":{"rendered":"<p>Protector corporal bif\u00e1sico Protege &#8211; Revitaliza Presentaci\u00f3n: 200 mL Disponible compra mediante WhatsApp y pago&hellip;<\/p>\n","protected":false},"featured_media":39429,"template":"","meta":{"_glsr_average":0,"_glsr_ranking":0,"_glsr_reviews":0},"product_cat":[97,101],"product_tag":[125,179],"class_list":{"0":"post-39428","1":"product","2":"type-product","3":"status-publish","4":"has-post-thumbnail","6":"product_brand-isdin","7":"product_cat-cuerpo","8":"product_cat-proteccion-solar-cuerpo","9":"product_tag-cuerpo","10":"product_tag-fotoproteccion","12":"first","13":"instock","14":"taxable","15":"shipping-taxable","16":"purchasable","17":"product-type-simple","18":"thumb-has-effect","19":"prod-rating-on"},"yoast_head":"<!-- This site is optimized with the Yoast SEO plugin v25.3.1 - https:\/\/yoast.com\/wordpress\/plugins\/seo\/ -->\n<title>Hydro Lotion FPS 50 - Apo Derma Store<\/title>\n<meta name=\"description\" content=\"Hydro Lotion FPS 50 de ISDIN es un Fotoprotector bif\u00e1sico corporal que protege, detoxifica y revitaliza la piel. Disponible en ApoDerma Store.\" \/>\n<meta name=\"robots\" content=\"index, follow, max-snippet:-1, max-image-preview:large, max-video-preview:-1\" \/>\n<link rel=\"canonical\" href=\"https:\/\/apoderma.com\/inicio\/producto\/hydro-lotion-fps-50\/\" \/>\n<meta property=\"og:locale\" content=\"es_ES\" \/>\n<meta property=\"og:type\" content=\"article\" \/>\n<meta property=\"og:title\" content=\"Hydro Lotion FPS 50 - Apo Derma Store\" \/>\n<meta property=\"og:description\" content=\"Hydro Lotion FPS 50 de ISDIN es un Fotoprotector bif\u00e1sico corporal que protege, detoxifica y revitaliza la piel. Disponible en ApoDerma Store.\" \/>\n<meta property=\"og:url\" content=\"https:\/\/apoderma.com\/inicio\/producto\/hydro-lotion-fps-50\/\" \/>\n<meta property=\"og:site_name\" content=\"Apo Derma Store\" \/>\n<meta property=\"article:modified_time\" content=\"2025-11-18T22:06:27+00:00\" \/>\n<meta property=\"og:image\" content=\"https:\/\/apoderma.com\/inicio\/wp-content\/uploads\/2023\/02\/Hydro-Lotion-1.jpg\" \/>\n\t<meta property=\"og:image:width\" content=\"800\" \/>\n\t<meta property=\"og:image:height\" content=\"800\" \/>\n\t<meta property=\"og:image:type\" content=\"image\/jpeg\" \/>\n<meta name=\"twitter:card\" content=\"summary_large_image\" \/>\n<meta name=\"twitter:label1\" content=\"Tiempo de lectura\" \/>\n\t<meta name=\"twitter:data1\" content=\"2 minutos\" \/>\n<script type=\"application\/ld+json\" class=\"yoast-schema-graph\">{\"@context\":\"https:\/\/schema.org\",\"@graph\":[{\"@type\":\"WebPage\",\"@id\":\"https:\/\/apoderma.com\/inicio\/producto\/hydro-lotion-fps-50\/\",\"url\":\"https:\/\/apoderma.com\/inicio\/producto\/hydro-lotion-fps-50\/\",\"name\":\"Hydro Lotion FPS 50 - Apo Derma Store\",\"isPartOf\":{\"@id\":\"https:\/\/apoderma.com\/inicio\/#website\"},\"primaryImageOfPage\":{\"@id\":\"https:\/\/apoderma.com\/inicio\/producto\/hydro-lotion-fps-50\/#primaryimage\"},\"image\":{\"@id\":\"https:\/\/apoderma.com\/inicio\/producto\/hydro-lotion-fps-50\/#primaryimage\"},\"thumbnailUrl\":\"https:\/\/apoderma.com\/inicio\/wp-content\/uploads\/2023\/02\/Hydro-Lotion-1.jpg\",\"datePublished\":\"2023-02-08T21:16:50+00:00\",\"dateModified\":\"2025-11-18T22:06:27+00:00\",\"description\":\"Hydro Lotion FPS 50 de ISDIN es un Fotoprotector bif\u00e1sico corporal que protege, detoxifica y revitaliza la piel. Disponible en ApoDerma Store.\",\"breadcrumb\":{\"@id\":\"https:\/\/apoderma.com\/inicio\/producto\/hydro-lotion-fps-50\/#breadcrumb\"},\"inLanguage\":\"es\",\"potentialAction\":[{\"@type\":\"ReadAction\",\"target\":[\"https:\/\/apoderma.com\/inicio\/producto\/hydro-lotion-fps-50\/\"]}]},{\"@type\":\"ImageObject\",\"inLanguage\":\"es\",\"@id\":\"https:\/\/apoderma.com\/inicio\/producto\/hydro-lotion-fps-50\/#primaryimage\",\"url\":\"https:\/\/apoderma.com\/inicio\/wp-content\/uploads\/2023\/02\/Hydro-Lotion-1.jpg\",\"contentUrl\":\"https:\/\/apoderma.com\/inicio\/wp-content\/uploads\/2023\/02\/Hydro-Lotion-1.jpg\",\"width\":800,\"height\":800,\"caption\":\"Hydro Lotion Fotoprotecci\u00f3n corporal bif\u00e1sica\"},{\"@type\":\"BreadcrumbList\",\"@id\":\"https:\/\/apoderma.com\/inicio\/producto\/hydro-lotion-fps-50\/#breadcrumb\",\"itemListElement\":[{\"@type\":\"ListItem\",\"position\":1,\"name\":\"Portada\",\"item\":\"https:\/\/apoderma.com\/inicio\/\"},{\"@type\":\"ListItem\",\"position\":2,\"name\":\"Tienda Dermocosm\u00e9tica\",\"item\":\"https:\/\/apoderma.com\/inicio\/tienda-dermocosmetica\/\"},{\"@type\":\"ListItem\",\"position\":3,\"name\":\"Hydro Lotion FPS 50\"}]},{\"@type\":\"WebSite\",\"@id\":\"https:\/\/apoderma.com\/inicio\/#website\",\"url\":\"https:\/\/apoderma.com\/inicio\/\",\"name\":\"Apo Derma Store\",\"description\":\"Venta de productos cosm\u00e9ticos\",\"potentialAction\":[{\"@type\":\"SearchAction\",\"target\":{\"@type\":\"EntryPoint\",\"urlTemplate\":\"https:\/\/apoderma.com\/inicio\/?s={search_term_string}\"},\"query-input\":{\"@type\":\"PropertyValueSpecification\",\"valueRequired\":true,\"valueName\":\"search_term_string\"}}],\"inLanguage\":\"es\"}]}<\/script>\n<!-- \/ Yoast SEO plugin. -->","yoast_head_json":{"title":"Hydro Lotion FPS 50 - Apo Derma Store","description":"Hydro Lotion FPS 50 de ISDIN es un Fotoprotector bif\u00e1sico corporal que protege, detoxifica y revitaliza la piel. Disponible en ApoDerma Store.","robots":{"index":"index","follow":"follow","max-snippet":"max-snippet:-1","max-image-preview":"max-image-preview:large","max-video-preview":"max-video-preview:-1"},"canonical":"https:\/\/apoderma.com\/inicio\/producto\/hydro-lotion-fps-50\/","og_locale":"es_ES","og_type":"article","og_title":"Hydro Lotion FPS 50 - Apo Derma Store","og_description":"Hydro Lotion FPS 50 de ISDIN es un Fotoprotector bif\u00e1sico corporal que protege, detoxifica y revitaliza la piel. Disponible en ApoDerma Store.","og_url":"https:\/\/apoderma.com\/inicio\/producto\/hydro-lotion-fps-50\/","og_site_name":"Apo Derma Store","article_modified_time":"2025-11-18T22:06:27+00:00","og_image":[{"width":800,"height":800,"url":"https:\/\/apoderma.com\/inicio\/wp-content\/uploads\/2023\/02\/Hydro-Lotion-1.jpg","type":"image\/jpeg"}],"twitter_card":"summary_large_image","twitter_misc":{"Tiempo de lectura":"2 minutos"},"schema":{"@context":"https:\/\/schema.org","@graph":[{"@type":"WebPage","@id":"https:\/\/apoderma.com\/inicio\/producto\/hydro-lotion-fps-50\/","url":"https:\/\/apoderma.com\/inicio\/producto\/hydro-lotion-fps-50\/","name":"Hydro Lotion FPS 50 - Apo Derma Store","isPartOf":{"@id":"https:\/\/apoderma.com\/inicio\/#website"},"primaryImageOfPage":{"@id":"https:\/\/apoderma.com\/inicio\/producto\/hydro-lotion-fps-50\/#primaryimage"},"image":{"@id":"https:\/\/apoderma.com\/inicio\/producto\/hydro-lotion-fps-50\/#primaryimage"},"thumbnailUrl":"https:\/\/apoderma.com\/inicio\/wp-content\/uploads\/2023\/02\/Hydro-Lotion-1.jpg","datePublished":"2023-02-08T21:16:50+00:00","dateModified":"2025-11-18T22:06:27+00:00","description":"Hydro Lotion FPS 50 de ISDIN es un Fotoprotector bif\u00e1sico corporal que protege, detoxifica y revitaliza la piel. Disponible en ApoDerma Store.","breadcrumb":{"@id":"https:\/\/apoderma.com\/inicio\/producto\/hydro-lotion-fps-50\/#breadcrumb"},"inLanguage":"es","potentialAction":[{"@type":"ReadAction","target":["https:\/\/apoderma.com\/inicio\/producto\/hydro-lotion-fps-50\/"]}]},{"@type":"ImageObject","inLanguage":"es","@id":"https:\/\/apoderma.com\/inicio\/producto\/hydro-lotion-fps-50\/#primaryimage","url":"https:\/\/apoderma.com\/inicio\/wp-content\/uploads\/2023\/02\/Hydro-Lotion-1.jpg","contentUrl":"https:\/\/apoderma.com\/inicio\/wp-content\/uploads\/2023\/02\/Hydro-Lotion-1.jpg","width":800,"height":800,"caption":"Hydro Lotion Fotoprotecci\u00f3n corporal bif\u00e1sica"},{"@type":"BreadcrumbList","@id":"https:\/\/apoderma.com\/inicio\/producto\/hydro-lotion-fps-50\/#breadcrumb","itemListElement":[{"@type":"ListItem","position":1,"name":"Portada","item":"https:\/\/apoderma.com\/inicio\/"},{"@type":"ListItem","position":2,"name":"Tienda Dermocosm\u00e9tica","item":"https:\/\/apoderma.com\/inicio\/tienda-dermocosmetica\/"},{"@type":"ListItem","position":3,"name":"Hydro Lotion FPS 50"}]},{"@type":"WebSite","@id":"https:\/\/apoderma.com\/inicio\/#website","url":"https:\/\/apoderma.com\/inicio\/","name":"Apo Derma Store","description":"Venta de productos cosm\u00e9ticos","potentialAction":[{"@type":"SearchAction","target":{"@type":"EntryPoint","urlTemplate":"https:\/\/apoderma.com\/inicio\/?s={search_term_string}"},"query-input":{"@type":"PropertyValueSpecification","valueRequired":true,"valueName":"search_term_string"}}],"inLanguage":"es"}]}},"_links":{"self":[{"href":"https:\/\/apoderma.com\/inicio\/wp-json\/wp\/v2\/product\/39428","targetHints":{"allow":["GET"]}}],"collection":[{"href":"https:\/\/apoderma.com\/inicio\/wp-json\/wp\/v2\/product"}],"about":[{"href":"https:\/\/apoderma.com\/inicio\/wp-json\/wp\/v2\/types\/product"}],"wp:featuredmedia":[{"embeddable":true,"href":"https:\/\/apoderma.com\/inicio\/wp-json\/wp\/v2\/media\/39429"}],"wp:attachment":[{"href":"https:\/\/apoderma.com\/inicio\/wp-json\/wp\/v2\/media?parent=39428"}],"wp:term":[{"taxonomy":"product_cat","embeddable":true,"href":"https:\/\/apoderma.com\/inicio\/wp-json\/wp\/v2\/product_cat?post=39428"},{"taxonomy":"product_tag","embeddable":true,"href":"https:\/\/apoderma.com\/inicio\/wp-json\/wp\/v2\/product_tag?post=39428"}],"curies":[{"name":"wp","href":"https:\/\/api.w.org\/{rel}","templated":true}]}}