{"id":39366,"date":"2023-01-17T19:48:40","date_gmt":"2023-01-18T01:48:40","guid":{"rendered":"https:\/\/apoderma.com\/inicio\/?post_type=product&#038;p=39366"},"modified":"2025-04-12T13:33:38","modified_gmt":"2025-04-12T19:33:38","slug":"foto-ultra-age-repair","status":"publish","type":"product","link":"https:\/\/apoderma.com\/inicio\/producto\/foto-ultra-age-repair\/","title":{"rendered":"Foto Ultra Age Repair"},"content":{"rendered":"<h3>Especificaciones<\/h3>\n<ul>\n<li><span style=\"color: #60268b;\"><strong><a style=\"color: #60268b;\" href=\"https:\/\/www.isdin.com\/producto\/foto-ultra-isdin\/spot-prevent-fusion-fluid-spf-50\">Foto Ultra Age Repair de ISDIN<\/a><\/strong><\/span> es un Fotoprotector facial ultraligero y de uso diario que aporta hidrataci\u00f3n intensa, absorci\u00f3n inmediata.<\/li>\n<li>Ofrece una triple acci\u00f3n contra el fotoenvejecimiento.\n<ul>\n<li>Protege la piel del sol y la poluci\u00f3n urbana.<\/li>\n<li>Repara los signos visibles del da\u00f1o solar acumulado a nivel celular.<\/li>\n<li>Revierte los signos visibles de la edad, promoviendo la producci\u00f3n de col\u00e1geno, la reducci\u00f3n de las arrugas y mejorando la luminosidad de la piel.<\/li>\n<\/ul>\n<\/li>\n<li>Brinda alta protecci\u00f3n que ayuda a prevenir el da\u00f1o solar.No comedog\u00e9nico.<\/li>\n<li>Oil-free.<\/li>\n<li>Hipoalerg\u00e9nico: formulado para minimizar el riesgo de alergias.<\/li>\n<\/ul>\n<h3>Composici\u00f3n<\/h3>\n<div class=\"sp_assets--asset\">\n<div class=\"sp_assets--asset-title-wrapper\">\n<div class=\"sp_assets--asset\">\n<div class=\"sp_assets--asset-title-wrapper\">\n<p>Adem\u00e1s de filtros f\u00edsicos y qu\u00edmicos contiene activos que revierten los signos visibles del fotoenvejecimiento:<\/p>\n<ol>\n<li>DNA Repairsomes\u00ae<\/li>\n<li>Li-Q10<\/li>\n<li>CollagenBooster Peptide<\/li>\n<li>\u00c1cido hialur\u00f3nico<\/li>\n<\/ol>\n<\/div>\n<\/div>\n<\/div>\n<\/div>\n<div class=\"sp_assets--asset\">\n<h3 class=\"sp_assets--asset-title-wrapper\">Modo de uso:<\/h3>\n<\/div>\n<ol>\n<li>Aplicar generosamente sobre la piel limpia y seca media hora antes de la exposici\u00f3n solar y como \u00faltimo paso de la rutina, antes del maquillaje.<\/li>\n<li>Reaplicar cada 2 horas y tras transpirar, nadar, o secarse con la toalla.<\/li>\n<li>Puede complementar el cuidado de su rostro con la gama <strong><span style=\"color: #60268b;\"><a style=\"color: #60268b;\" href=\"https:\/\/apoderma.com\/inicio\/producto\/age-reverse-day-50-ml\/\">AGE Reverse Crema D\u00ed<\/a>a<\/span><\/strong> y <a href=\"https:\/\/apoderma.com\/inicio\/producto\/age-reverse-nigth-50-ml\/\"><strong><span style=\"color: #60268b;\">Crema Noche<\/span><\/strong><\/a>.<\/li>\n<\/ol>\n","protected":false},"excerpt":{"rendered":"<p>Protector solar facial antienvejecimiento Presentaci\u00f3n: 50 mL Disponibilidad contra pedido por WhatsApp\u00a0<\/p>\n","protected":false},"featured_media":39367,"template":"","meta":{"_glsr_average":0,"_glsr_ranking":0,"_glsr_reviews":0},"product_cat":[96,89],"product_tag":[358,142,179],"class_list":{"0":"post-39366","1":"product","2":"type-product","3":"status-publish","4":"has-post-thumbnail","6":"product_brand-isdin","7":"product_cat-fotoproteccion","8":"product_cat-rostro","9":"product_tag-antienvejecimiento","10":"product_tag-cuidado-facial","11":"product_tag-fotoproteccion","13":"first","14":"instock","15":"taxable","16":"shipping-taxable","17":"purchasable","18":"product-type-simple","19":"thumb-no-effect","20":"prod-rating-on"},"yoast_head":"<!-- This site is optimized with the Yoast SEO plugin v25.3.1 - https:\/\/yoast.com\/wordpress\/plugins\/seo\/ -->\n<title>Foto Ultra Age Repair - Apo Derma Store<\/title>\n<meta name=\"description\" content=\"Foto Ultra Age Repair de ISDIN es un Fotoprotector facial fluido que protege, repara y revierte el fotoda\u00f1o. Disponible en ApoDerma Store.\" \/>\n<meta name=\"robots\" content=\"index, follow, max-snippet:-1, max-image-preview:large, max-video-preview:-1\" \/>\n<link rel=\"canonical\" href=\"https:\/\/apoderma.com\/inicio\/producto\/foto-ultra-age-repair\/\" \/>\n<meta property=\"og:locale\" content=\"es_ES\" \/>\n<meta property=\"og:type\" content=\"article\" \/>\n<meta property=\"og:title\" content=\"Foto Ultra Age Repair - Apo Derma Store\" \/>\n<meta property=\"og:description\" content=\"Foto Ultra Age Repair de ISDIN es un Fotoprotector facial fluido que protege, repara y revierte el fotoda\u00f1o. Disponible en ApoDerma Store.\" \/>\n<meta property=\"og:url\" content=\"https:\/\/apoderma.com\/inicio\/producto\/foto-ultra-age-repair\/\" \/>\n<meta property=\"og:site_name\" content=\"Apo Derma Store\" \/>\n<meta property=\"article:modified_time\" content=\"2025-04-12T19:33:38+00:00\" \/>\n<meta property=\"og:image\" content=\"https:\/\/apoderma.com\/inicio\/wp-content\/uploads\/2023\/01\/age_repair_a.jpg\" \/>\n\t<meta property=\"og:image:width\" content=\"563\" \/>\n\t<meta property=\"og:image:height\" content=\"640\" \/>\n\t<meta property=\"og:image:type\" content=\"image\/jpeg\" \/>\n<meta name=\"twitter:card\" content=\"summary_large_image\" \/>\n<meta name=\"twitter:label1\" content=\"Tiempo de lectura\" \/>\n\t<meta name=\"twitter:data1\" content=\"2 minutos\" \/>\n<script type=\"application\/ld+json\" class=\"yoast-schema-graph\">{\"@context\":\"https:\/\/schema.org\",\"@graph\":[{\"@type\":\"WebPage\",\"@id\":\"https:\/\/apoderma.com\/inicio\/producto\/foto-ultra-age-repair\/\",\"url\":\"https:\/\/apoderma.com\/inicio\/producto\/foto-ultra-age-repair\/\",\"name\":\"Foto Ultra Age Repair - Apo Derma Store\",\"isPartOf\":{\"@id\":\"https:\/\/apoderma.com\/inicio\/#website\"},\"primaryImageOfPage\":{\"@id\":\"https:\/\/apoderma.com\/inicio\/producto\/foto-ultra-age-repair\/#primaryimage\"},\"image\":{\"@id\":\"https:\/\/apoderma.com\/inicio\/producto\/foto-ultra-age-repair\/#primaryimage\"},\"thumbnailUrl\":\"https:\/\/apoderma.com\/inicio\/wp-content\/uploads\/2023\/01\/age_repair_a.jpg\",\"datePublished\":\"2023-01-18T01:48:40+00:00\",\"dateModified\":\"2025-04-12T19:33:38+00:00\",\"description\":\"Foto Ultra Age Repair de ISDIN es un Fotoprotector facial fluido que protege, repara y revierte el fotoda\u00f1o. Disponible en ApoDerma Store.\",\"breadcrumb\":{\"@id\":\"https:\/\/apoderma.com\/inicio\/producto\/foto-ultra-age-repair\/#breadcrumb\"},\"inLanguage\":\"es\",\"potentialAction\":[{\"@type\":\"ReadAction\",\"target\":[\"https:\/\/apoderma.com\/inicio\/producto\/foto-ultra-age-repair\/\"]}]},{\"@type\":\"ImageObject\",\"inLanguage\":\"es\",\"@id\":\"https:\/\/apoderma.com\/inicio\/producto\/foto-ultra-age-repair\/#primaryimage\",\"url\":\"https:\/\/apoderma.com\/inicio\/wp-content\/uploads\/2023\/01\/age_repair_a.jpg\",\"contentUrl\":\"https:\/\/apoderma.com\/inicio\/wp-content\/uploads\/2023\/01\/age_repair_a.jpg\",\"width\":563,\"height\":640,\"caption\":\"Foto Ultra Age Repair\"},{\"@type\":\"BreadcrumbList\",\"@id\":\"https:\/\/apoderma.com\/inicio\/producto\/foto-ultra-age-repair\/#breadcrumb\",\"itemListElement\":[{\"@type\":\"ListItem\",\"position\":1,\"name\":\"Portada\",\"item\":\"https:\/\/apoderma.com\/inicio\/\"},{\"@type\":\"ListItem\",\"position\":2,\"name\":\"Tienda Dermocosm\u00e9tica\",\"item\":\"https:\/\/apoderma.com\/inicio\/tienda-dermocosmetica\/\"},{\"@type\":\"ListItem\",\"position\":3,\"name\":\"Foto Ultra Age Repair\"}]},{\"@type\":\"WebSite\",\"@id\":\"https:\/\/apoderma.com\/inicio\/#website\",\"url\":\"https:\/\/apoderma.com\/inicio\/\",\"name\":\"Apo Derma Store\",\"description\":\"Venta de productos cosm\u00e9ticos\",\"potentialAction\":[{\"@type\":\"SearchAction\",\"target\":{\"@type\":\"EntryPoint\",\"urlTemplate\":\"https:\/\/apoderma.com\/inicio\/?s={search_term_string}\"},\"query-input\":{\"@type\":\"PropertyValueSpecification\",\"valueRequired\":true,\"valueName\":\"search_term_string\"}}],\"inLanguage\":\"es\"}]}<\/script>\n<!-- \/ Yoast SEO plugin. -->","yoast_head_json":{"title":"Foto Ultra Age Repair - Apo Derma Store","description":"Foto Ultra Age Repair de ISDIN es un Fotoprotector facial fluido que protege, repara y revierte el fotoda\u00f1o. Disponible en ApoDerma Store.","robots":{"index":"index","follow":"follow","max-snippet":"max-snippet:-1","max-image-preview":"max-image-preview:large","max-video-preview":"max-video-preview:-1"},"canonical":"https:\/\/apoderma.com\/inicio\/producto\/foto-ultra-age-repair\/","og_locale":"es_ES","og_type":"article","og_title":"Foto Ultra Age Repair - Apo Derma Store","og_description":"Foto Ultra Age Repair de ISDIN es un Fotoprotector facial fluido que protege, repara y revierte el fotoda\u00f1o. Disponible en ApoDerma Store.","og_url":"https:\/\/apoderma.com\/inicio\/producto\/foto-ultra-age-repair\/","og_site_name":"Apo Derma Store","article_modified_time":"2025-04-12T19:33:38+00:00","og_image":[{"width":563,"height":640,"url":"https:\/\/apoderma.com\/inicio\/wp-content\/uploads\/2023\/01\/age_repair_a.jpg","type":"image\/jpeg"}],"twitter_card":"summary_large_image","twitter_misc":{"Tiempo de lectura":"2 minutos"},"schema":{"@context":"https:\/\/schema.org","@graph":[{"@type":"WebPage","@id":"https:\/\/apoderma.com\/inicio\/producto\/foto-ultra-age-repair\/","url":"https:\/\/apoderma.com\/inicio\/producto\/foto-ultra-age-repair\/","name":"Foto Ultra Age Repair - Apo Derma Store","isPartOf":{"@id":"https:\/\/apoderma.com\/inicio\/#website"},"primaryImageOfPage":{"@id":"https:\/\/apoderma.com\/inicio\/producto\/foto-ultra-age-repair\/#primaryimage"},"image":{"@id":"https:\/\/apoderma.com\/inicio\/producto\/foto-ultra-age-repair\/#primaryimage"},"thumbnailUrl":"https:\/\/apoderma.com\/inicio\/wp-content\/uploads\/2023\/01\/age_repair_a.jpg","datePublished":"2023-01-18T01:48:40+00:00","dateModified":"2025-04-12T19:33:38+00:00","description":"Foto Ultra Age Repair de ISDIN es un Fotoprotector facial fluido que protege, repara y revierte el fotoda\u00f1o. Disponible en ApoDerma Store.","breadcrumb":{"@id":"https:\/\/apoderma.com\/inicio\/producto\/foto-ultra-age-repair\/#breadcrumb"},"inLanguage":"es","potentialAction":[{"@type":"ReadAction","target":["https:\/\/apoderma.com\/inicio\/producto\/foto-ultra-age-repair\/"]}]},{"@type":"ImageObject","inLanguage":"es","@id":"https:\/\/apoderma.com\/inicio\/producto\/foto-ultra-age-repair\/#primaryimage","url":"https:\/\/apoderma.com\/inicio\/wp-content\/uploads\/2023\/01\/age_repair_a.jpg","contentUrl":"https:\/\/apoderma.com\/inicio\/wp-content\/uploads\/2023\/01\/age_repair_a.jpg","width":563,"height":640,"caption":"Foto Ultra Age Repair"},{"@type":"BreadcrumbList","@id":"https:\/\/apoderma.com\/inicio\/producto\/foto-ultra-age-repair\/#breadcrumb","itemListElement":[{"@type":"ListItem","position":1,"name":"Portada","item":"https:\/\/apoderma.com\/inicio\/"},{"@type":"ListItem","position":2,"name":"Tienda Dermocosm\u00e9tica","item":"https:\/\/apoderma.com\/inicio\/tienda-dermocosmetica\/"},{"@type":"ListItem","position":3,"name":"Foto Ultra Age Repair"}]},{"@type":"WebSite","@id":"https:\/\/apoderma.com\/inicio\/#website","url":"https:\/\/apoderma.com\/inicio\/","name":"Apo Derma Store","description":"Venta de productos cosm\u00e9ticos","potentialAction":[{"@type":"SearchAction","target":{"@type":"EntryPoint","urlTemplate":"https:\/\/apoderma.com\/inicio\/?s={search_term_string}"},"query-input":{"@type":"PropertyValueSpecification","valueRequired":true,"valueName":"search_term_string"}}],"inLanguage":"es"}]}},"_links":{"self":[{"href":"https:\/\/apoderma.com\/inicio\/wp-json\/wp\/v2\/product\/39366","targetHints":{"allow":["GET"]}}],"collection":[{"href":"https:\/\/apoderma.com\/inicio\/wp-json\/wp\/v2\/product"}],"about":[{"href":"https:\/\/apoderma.com\/inicio\/wp-json\/wp\/v2\/types\/product"}],"wp:featuredmedia":[{"embeddable":true,"href":"https:\/\/apoderma.com\/inicio\/wp-json\/wp\/v2\/media\/39367"}],"wp:attachment":[{"href":"https:\/\/apoderma.com\/inicio\/wp-json\/wp\/v2\/media?parent=39366"}],"wp:term":[{"taxonomy":"product_cat","embeddable":true,"href":"https:\/\/apoderma.com\/inicio\/wp-json\/wp\/v2\/product_cat?post=39366"},{"taxonomy":"product_tag","embeddable":true,"href":"https:\/\/apoderma.com\/inicio\/wp-json\/wp\/v2\/product_tag?post=39366"}],"curies":[{"name":"wp","href":"https:\/\/api.w.org\/{rel}","templated":true}]}}