{"id":39361,"date":"2023-01-17T19:18:07","date_gmt":"2023-01-18T01:18:07","guid":{"rendered":"https:\/\/apoderma.com\/inicio\/?post_type=product&#038;p=39361"},"modified":"2025-11-18T16:23:07","modified_gmt":"2025-11-18T22:23:07","slug":"foto-ultra-100-spot-prevent","status":"publish","type":"product","link":"https:\/\/apoderma.com\/inicio\/producto\/foto-ultra-100-spot-prevent\/","title":{"rendered":"Foto Ultra 100 Spot Prevent"},"content":{"rendered":"<h3>Especificaciones<\/h3>\n<ul>\n<li><span style=\"color: #60268b;\"><strong><a style=\"color: #60268b;\" href=\"https:\/\/www.isdin.com\/producto\/foto-ultra-isdin\/spot-prevent-fusion-fluid-spf-50\">Foto Ultra 100 Spot Prevent de ISDIN<\/a><\/strong><\/span> es un Fotoprotector facial fluido que ofrece 3 veces m\u00e1s protecci\u00f3n UVA que el m\u00ednimo requerido en un SPF50+.<\/li>\n<li>Brinda muy alta protecci\u00f3n que ayuda a prevenir la formaci\u00f3n de manchas debidas al sol, al ser la radiaci\u00f3n UV el principal est\u00edmulo de la formaci\u00f3n de pigmentaci\u00f3n.<\/li>\n<li>Est\u00e1 indicado para todas aquellas personas que quieran prevenir las manchas debidas al sol que suelen aparecer principalmente en la zona de la frente, las mejillas y el labio superior.<\/li>\n<li>Tambi\u00e9n puede usarlo mujeres embarazadas, personas que suelen tener manchas solares.<\/li>\n<li>Spot Prevent se puede utilizar junto a las recomendaciones establecidas para personas que usan productos fotosensibilizantes, antes y despu\u00e9s de procedimientos dermatol\u00f3gicos o est\u00e9ticos.<\/li>\n<li>Ofrece una protecci\u00f3n 3 veces superior al m\u00ednimo requerido en un protector solar SPF 50+ frente a los rayos UVA y UVB, que estimulan el proceso de pigmentaci\u00f3n.<\/li>\n<li>Previene las manchas debidas al sol y las manchas del embarazo.<\/li>\n<li>Indicado para antes y despu\u00e9s de procedimientos l\u00e1ser.<\/li>\n<li>Mejora la elasticidad de la piel y disminuye las arrugas gracias al \u00e1cido hialur\u00f3nico.<\/li>\n<li>Su textura Fusion Fluid se funde con tu piel.<\/li>\n<li>Apto para piel at\u00f3pica y piel sensible<\/li>\n<\/ul>\n<h3>Composici\u00f3n<\/h3>\n<div class=\"sp_assets--asset\">\n<div class=\"sp_assets--asset-title-wrapper\">\n<div class=\"sp_assets--asset\">\n<div class=\"sp_assets--asset-title-wrapper\">\n<p>Adem\u00e1s de filtros f\u00edsicos y qu\u00edmicos contiene:<\/p>\n<ol>\n<li><b>\u00c1cido hialur\u00f3nico:<\/b> mejora la elasticidad de la piel, la hidrata en profundidad y corrige los signos visibles de la edad, reduciendo las arrugas<\/li>\n<li><b>Alanto\u00edna:<\/b> favorece la regeneraci\u00f3n de la piel. Con propiedades suavizantes, hidratantes y calmantes. Ideal para cuidar la piel despu\u00e9s de un procedimiento dermatol\u00f3gico.<\/li>\n<\/ol>\n<\/div>\n<\/div>\n<\/div>\n<\/div>\n<div class=\"sp_assets--asset\">\n<h3 class=\"sp_assets--asset-title-wrapper\">Modo de uso:<\/h3>\n<\/div>\n<ol>\n<li>Uso diario.<\/li>\n<li>Agitar antes de usar.<\/li>\n<li>Aplicar generosamente sobre la piel limpia y seca media hora antes de la exposici\u00f3n solar.<\/li>\n<li>Reaplicar cada 2 horas y tras transpirar, nadar, ba\u00f1arse, secarse con toalla durante la exposici\u00f3n al sol.<\/li>\n<li>Al reducir esta cantidad, se reduce el factor de protecci\u00f3n<\/li>\n<li>Evitar el contacto con ojos y mucosas.<\/li>\n<li>En caso de contacto con los ojos, l\u00e1vense inmediata y abundantemente con agua.<\/li>\n<li>No aplicar sobre heridas abiertas.<\/li>\n<li>Ning\u00fan producto de protecci\u00f3n solar bloquea al 100% la radiaci\u00f3n UV.<\/li>\n<li>Mantener fuera del alcance de los ni\u00f1os<\/li>\n<li>Puede complementar su tratamiento con despigmentantes espec\u00edficos para cada necesidad de nuestra <span style=\"color: #60268b;\"><strong><a style=\"color: #60268b;\" href=\"https:\/\/apoderma.com\/inicio\/categoria-producto\/rostro\/manchas\/\">secci\u00f3n<\/a><\/strong><\/span><a href=\"https:\/\/apoderma.com\/inicio\/producto\/age-reverse-day-50-ml\/\"><strong><span style=\"color: #60268b;\">.<\/span><\/strong><\/a><\/li>\n<\/ol>\n","protected":false},"excerpt":{"rendered":"<p>Fotoprotector para piel con manchas Previene las manchas de sol. Presentaci\u00f3n: 50 mL<\/p>\n","protected":false},"featured_media":39362,"template":"","meta":{"_glsr_average":0,"_glsr_ranking":0,"_glsr_reviews":0},"product_cat":[96,93,89],"product_tag":[142,179,117],"class_list":{"0":"post-39361","1":"product","2":"type-product","3":"status-publish","4":"has-post-thumbnail","6":"product_brand-isdin","7":"product_cat-fotoproteccion","8":"product_cat-manchas","9":"product_cat-rostro","10":"product_tag-cuidado-facial","11":"product_tag-fotoproteccion","12":"product_tag-manchas","14":"first","15":"instock","16":"taxable","17":"shipping-taxable","18":"purchasable","19":"product-type-simple","20":"thumb-has-effect","21":"prod-rating-on"},"yoast_head":"<!-- This site is optimized with the Yoast SEO plugin v25.3.1 - https:\/\/yoast.com\/wordpress\/plugins\/seo\/ -->\n<title>Foto Ultra 100 Spot Prevent - Apo Derma Store<\/title>\n<meta name=\"description\" content=\"Foto Ultra Spot Prevent de ISDIN es un Fotoprotector facial fluido que previene las manchas solares. Disponible en ApoDerma Store.\" \/>\n<meta name=\"robots\" content=\"index, follow, max-snippet:-1, max-image-preview:large, max-video-preview:-1\" \/>\n<link rel=\"canonical\" href=\"https:\/\/apoderma.com\/inicio\/producto\/foto-ultra-100-spot-prevent\/\" \/>\n<meta property=\"og:locale\" content=\"es_ES\" \/>\n<meta property=\"og:type\" content=\"article\" \/>\n<meta property=\"og:title\" content=\"Foto Ultra 100 Spot Prevent - Apo Derma Store\" \/>\n<meta property=\"og:description\" content=\"Foto Ultra Spot Prevent de ISDIN es un Fotoprotector facial fluido que previene las manchas solares. Disponible en ApoDerma Store.\" \/>\n<meta property=\"og:url\" content=\"https:\/\/apoderma.com\/inicio\/producto\/foto-ultra-100-spot-prevent\/\" \/>\n<meta property=\"og:site_name\" content=\"Apo Derma Store\" \/>\n<meta property=\"article:modified_time\" content=\"2025-11-18T22:23:07+00:00\" \/>\n<meta property=\"og:image\" content=\"https:\/\/apoderma.com\/inicio\/wp-content\/uploads\/2023\/01\/spot_prevent_a.jpg\" \/>\n\t<meta property=\"og:image:width\" content=\"1200\" \/>\n\t<meta property=\"og:image:height\" content=\"1200\" \/>\n\t<meta property=\"og:image:type\" content=\"image\/jpeg\" \/>\n<meta name=\"twitter:card\" content=\"summary_large_image\" \/>\n<meta name=\"twitter:label1\" content=\"Tiempo de lectura\" \/>\n\t<meta name=\"twitter:data1\" content=\"2 minutos\" \/>\n<script type=\"application\/ld+json\" class=\"yoast-schema-graph\">{\"@context\":\"https:\/\/schema.org\",\"@graph\":[{\"@type\":\"WebPage\",\"@id\":\"https:\/\/apoderma.com\/inicio\/producto\/foto-ultra-100-spot-prevent\/\",\"url\":\"https:\/\/apoderma.com\/inicio\/producto\/foto-ultra-100-spot-prevent\/\",\"name\":\"Foto Ultra 100 Spot Prevent - Apo Derma Store\",\"isPartOf\":{\"@id\":\"https:\/\/apoderma.com\/inicio\/#website\"},\"primaryImageOfPage\":{\"@id\":\"https:\/\/apoderma.com\/inicio\/producto\/foto-ultra-100-spot-prevent\/#primaryimage\"},\"image\":{\"@id\":\"https:\/\/apoderma.com\/inicio\/producto\/foto-ultra-100-spot-prevent\/#primaryimage\"},\"thumbnailUrl\":\"https:\/\/apoderma.com\/inicio\/wp-content\/uploads\/2023\/01\/spot_prevent_a.jpg\",\"datePublished\":\"2023-01-18T01:18:07+00:00\",\"dateModified\":\"2025-11-18T22:23:07+00:00\",\"description\":\"Foto Ultra Spot Prevent de ISDIN es un Fotoprotector facial fluido que previene las manchas solares. Disponible en ApoDerma Store.\",\"breadcrumb\":{\"@id\":\"https:\/\/apoderma.com\/inicio\/producto\/foto-ultra-100-spot-prevent\/#breadcrumb\"},\"inLanguage\":\"es\",\"potentialAction\":[{\"@type\":\"ReadAction\",\"target\":[\"https:\/\/apoderma.com\/inicio\/producto\/foto-ultra-100-spot-prevent\/\"]}]},{\"@type\":\"ImageObject\",\"inLanguage\":\"es\",\"@id\":\"https:\/\/apoderma.com\/inicio\/producto\/foto-ultra-100-spot-prevent\/#primaryimage\",\"url\":\"https:\/\/apoderma.com\/inicio\/wp-content\/uploads\/2023\/01\/spot_prevent_a.jpg\",\"contentUrl\":\"https:\/\/apoderma.com\/inicio\/wp-content\/uploads\/2023\/01\/spot_prevent_a.jpg\",\"width\":1200,\"height\":1200,\"caption\":\"Spot prevent\"},{\"@type\":\"BreadcrumbList\",\"@id\":\"https:\/\/apoderma.com\/inicio\/producto\/foto-ultra-100-spot-prevent\/#breadcrumb\",\"itemListElement\":[{\"@type\":\"ListItem\",\"position\":1,\"name\":\"Portada\",\"item\":\"https:\/\/apoderma.com\/inicio\/\"},{\"@type\":\"ListItem\",\"position\":2,\"name\":\"Tienda Dermocosm\u00e9tica\",\"item\":\"https:\/\/apoderma.com\/inicio\/tienda-dermocosmetica\/\"},{\"@type\":\"ListItem\",\"position\":3,\"name\":\"Foto Ultra 100 Spot Prevent\"}]},{\"@type\":\"WebSite\",\"@id\":\"https:\/\/apoderma.com\/inicio\/#website\",\"url\":\"https:\/\/apoderma.com\/inicio\/\",\"name\":\"Apo Derma Store\",\"description\":\"Venta de productos cosm\u00e9ticos\",\"potentialAction\":[{\"@type\":\"SearchAction\",\"target\":{\"@type\":\"EntryPoint\",\"urlTemplate\":\"https:\/\/apoderma.com\/inicio\/?s={search_term_string}\"},\"query-input\":{\"@type\":\"PropertyValueSpecification\",\"valueRequired\":true,\"valueName\":\"search_term_string\"}}],\"inLanguage\":\"es\"}]}<\/script>\n<!-- \/ Yoast SEO plugin. -->","yoast_head_json":{"title":"Foto Ultra 100 Spot Prevent - Apo Derma Store","description":"Foto Ultra Spot Prevent de ISDIN es un Fotoprotector facial fluido que previene las manchas solares. Disponible en ApoDerma Store.","robots":{"index":"index","follow":"follow","max-snippet":"max-snippet:-1","max-image-preview":"max-image-preview:large","max-video-preview":"max-video-preview:-1"},"canonical":"https:\/\/apoderma.com\/inicio\/producto\/foto-ultra-100-spot-prevent\/","og_locale":"es_ES","og_type":"article","og_title":"Foto Ultra 100 Spot Prevent - Apo Derma Store","og_description":"Foto Ultra Spot Prevent de ISDIN es un Fotoprotector facial fluido que previene las manchas solares. Disponible en ApoDerma Store.","og_url":"https:\/\/apoderma.com\/inicio\/producto\/foto-ultra-100-spot-prevent\/","og_site_name":"Apo Derma Store","article_modified_time":"2025-11-18T22:23:07+00:00","og_image":[{"width":1200,"height":1200,"url":"https:\/\/apoderma.com\/inicio\/wp-content\/uploads\/2023\/01\/spot_prevent_a.jpg","type":"image\/jpeg"}],"twitter_card":"summary_large_image","twitter_misc":{"Tiempo de lectura":"2 minutos"},"schema":{"@context":"https:\/\/schema.org","@graph":[{"@type":"WebPage","@id":"https:\/\/apoderma.com\/inicio\/producto\/foto-ultra-100-spot-prevent\/","url":"https:\/\/apoderma.com\/inicio\/producto\/foto-ultra-100-spot-prevent\/","name":"Foto Ultra 100 Spot Prevent - Apo Derma Store","isPartOf":{"@id":"https:\/\/apoderma.com\/inicio\/#website"},"primaryImageOfPage":{"@id":"https:\/\/apoderma.com\/inicio\/producto\/foto-ultra-100-spot-prevent\/#primaryimage"},"image":{"@id":"https:\/\/apoderma.com\/inicio\/producto\/foto-ultra-100-spot-prevent\/#primaryimage"},"thumbnailUrl":"https:\/\/apoderma.com\/inicio\/wp-content\/uploads\/2023\/01\/spot_prevent_a.jpg","datePublished":"2023-01-18T01:18:07+00:00","dateModified":"2025-11-18T22:23:07+00:00","description":"Foto Ultra Spot Prevent de ISDIN es un Fotoprotector facial fluido que previene las manchas solares. Disponible en ApoDerma Store.","breadcrumb":{"@id":"https:\/\/apoderma.com\/inicio\/producto\/foto-ultra-100-spot-prevent\/#breadcrumb"},"inLanguage":"es","potentialAction":[{"@type":"ReadAction","target":["https:\/\/apoderma.com\/inicio\/producto\/foto-ultra-100-spot-prevent\/"]}]},{"@type":"ImageObject","inLanguage":"es","@id":"https:\/\/apoderma.com\/inicio\/producto\/foto-ultra-100-spot-prevent\/#primaryimage","url":"https:\/\/apoderma.com\/inicio\/wp-content\/uploads\/2023\/01\/spot_prevent_a.jpg","contentUrl":"https:\/\/apoderma.com\/inicio\/wp-content\/uploads\/2023\/01\/spot_prevent_a.jpg","width":1200,"height":1200,"caption":"Spot prevent"},{"@type":"BreadcrumbList","@id":"https:\/\/apoderma.com\/inicio\/producto\/foto-ultra-100-spot-prevent\/#breadcrumb","itemListElement":[{"@type":"ListItem","position":1,"name":"Portada","item":"https:\/\/apoderma.com\/inicio\/"},{"@type":"ListItem","position":2,"name":"Tienda Dermocosm\u00e9tica","item":"https:\/\/apoderma.com\/inicio\/tienda-dermocosmetica\/"},{"@type":"ListItem","position":3,"name":"Foto Ultra 100 Spot Prevent"}]},{"@type":"WebSite","@id":"https:\/\/apoderma.com\/inicio\/#website","url":"https:\/\/apoderma.com\/inicio\/","name":"Apo Derma Store","description":"Venta de productos cosm\u00e9ticos","potentialAction":[{"@type":"SearchAction","target":{"@type":"EntryPoint","urlTemplate":"https:\/\/apoderma.com\/inicio\/?s={search_term_string}"},"query-input":{"@type":"PropertyValueSpecification","valueRequired":true,"valueName":"search_term_string"}}],"inLanguage":"es"}]}},"_links":{"self":[{"href":"https:\/\/apoderma.com\/inicio\/wp-json\/wp\/v2\/product\/39361","targetHints":{"allow":["GET"]}}],"collection":[{"href":"https:\/\/apoderma.com\/inicio\/wp-json\/wp\/v2\/product"}],"about":[{"href":"https:\/\/apoderma.com\/inicio\/wp-json\/wp\/v2\/types\/product"}],"wp:featuredmedia":[{"embeddable":true,"href":"https:\/\/apoderma.com\/inicio\/wp-json\/wp\/v2\/media\/39362"}],"wp:attachment":[{"href":"https:\/\/apoderma.com\/inicio\/wp-json\/wp\/v2\/media?parent=39361"}],"wp:term":[{"taxonomy":"product_cat","embeddable":true,"href":"https:\/\/apoderma.com\/inicio\/wp-json\/wp\/v2\/product_cat?post=39361"},{"taxonomy":"product_tag","embeddable":true,"href":"https:\/\/apoderma.com\/inicio\/wp-json\/wp\/v2\/product_tag?post=39361"}],"curies":[{"name":"wp","href":"https:\/\/api.w.org\/{rel}","templated":true}]}}