{"id":39354,"date":"2023-01-17T12:38:02","date_gmt":"2023-01-17T18:38:02","guid":{"rendered":"https:\/\/apoderma.com\/inicio\/?post_type=product&#038;p=39354"},"modified":"2025-04-12T13:35:10","modified_gmt":"2025-04-12T19:35:10","slug":"active-unify-color","status":"publish","type":"product","link":"https:\/\/apoderma.com\/inicio\/producto\/active-unify-color\/","title":{"rendered":"Foto Ultra 100 Active Unify Color"},"content":{"rendered":"<h3>Especificaciones<\/h3>\n<ul>\n<li><span style=\"color: #60268b;\"><strong><a style=\"color: #60268b;\" href=\"https:\/\/www.isdin.com\/producto\/foto-ultra-isdin\/active-unify-color-fusion-fluid-spf-50\">Foto Ultra 100 Active Unify Color de ISDIN<\/a><\/strong><\/span> es un Fotoprotector facial fluido con triple\u00a0 acci\u00f3n despigmentante que aclara y unifica el tono de la piel.<\/li>\n<li>Ayuda a regular la producci\u00f3n de melanina gracias al DP3-Unify Complex, que act\u00faa sobre las principales fases de la melanog\u00e9nesis.<\/li>\n<li>Unifica tu tono de piel gracias a su formulaci\u00f3n con color.<\/li>\n<li>Ofrece una protecci\u00f3n 2 veces superior al m\u00ednimo requerido en un protector solar SPF 50+ frente a los rayos UVA, que estimulan el proceso de pigmentaci\u00f3n.<\/li>\n<li>Su textura Fusion Fluid con color se funde con la piel, disimula imperfecciones y unifica el tono como una base de maquillaje.<\/li>\n<li>Corrige, aclara y unifica tu tono de piel gracias a su formulaci\u00f3n con color. Resultados visibles en 1 mes.<\/li>\n<li>Testado\u00a0 dermatol\u00f3gicamente.<\/li>\n<li>Resistente al agua.<\/li>\n<li>Hipoalerg\u00e9nico.<\/li>\n<\/ul>\n<h3>Composici\u00f3n<\/h3>\n<div class=\"sp_assets--asset\">\n<div class=\"sp_assets--asset-title-wrapper\">\n<div class=\"sp_assets--asset\">\n<div class=\"sp_assets--asset-title-wrapper\">\n<p>Contiene el\u00a0<b>DP3-Unify Complex<\/b>\u00a0act\u00faa sobre los principales mecanismos de la melanog\u00e9nesis:<\/p>\n<ol>\n<li><b>Symwhite:<\/b>\u00a0Inhibe la acci\u00f3n de la Tirosinasa,\u00a0que es el enzima que convierte la Tirosina en Melanina.<\/li>\n<li><b>PKEK:<\/b>\u00a0Reduce la cantidad de tirosinasa e inhibe la activaci\u00f3n de la melanog\u00e9nesis por los queratinocitos<\/li>\n<li><b>Niacinamida<\/b>\u00a0ayuda a bloquear la transferencia de la melanina a los queratinicitos<\/li>\n<\/ol>\n<\/div>\n<\/div>\n<\/div>\n<\/div>\n<div class=\"sp_assets--asset\">\n<h3 class=\"sp_assets--asset-title-wrapper\">Modo de uso:<\/h3>\n<\/div>\n<ol>\n<li>Uso diario.<\/li>\n<li>Agitar antes de usar.<\/li>\n<li>Aplicar generosamente sobre la piel limpia y seca, dos veces al d\u00eda, por la ma\u00f1ana y al mediod\u00eda. Si usted tiene manchas pigmentarias debidas al sol, evite la exposici\u00f3n solar directa.<\/li>\n<li>Evitar el contacto con ojos y mucosas.<\/li>\n<li>En caso de contacto con los ojos, l\u00e1vense inmediata y abundantemente con agua.<\/li>\n<li>No aplicar sobre heridas abiertas.<\/li>\n<li>Ning\u00fan producto de protecci\u00f3n solar bloquea al 100% la radiaci\u00f3n UV.<\/li>\n<li>Mantener fuera del alcance de los ni\u00f1os<\/li>\n<li>Puede complementar su tratamiento con despigmentantes espec\u00edficos para cada necesidad de nuestra <span style=\"color: #60268b;\"><strong><a style=\"color: #60268b;\" href=\"https:\/\/apoderma.com\/inicio\/categoria-producto\/rostro\/manchas\/\">secci\u00f3n<\/a><\/strong><\/span><a href=\"https:\/\/apoderma.com\/inicio\/producto\/age-reverse-day-50-ml\/\"><strong><span style=\"color: #60268b;\">.<\/span><\/strong><\/a><\/li>\n<\/ol>\n","protected":false},"excerpt":{"rendered":"<p>Fotoprotector para piel con manchas Aclara y unifica tu tono de piel Disponibilidad contra pedido&hellip;<\/p>\n","protected":false},"featured_media":39355,"template":"","meta":{"_glsr_average":0,"_glsr_ranking":0,"_glsr_reviews":0},"product_cat":[96,89],"product_tag":[142,179,117],"class_list":{"0":"post-39354","1":"product","2":"type-product","3":"status-publish","4":"has-post-thumbnail","6":"product_brand-isdin","7":"product_cat-fotoproteccion","8":"product_cat-rostro","9":"product_tag-cuidado-facial","10":"product_tag-fotoproteccion","11":"product_tag-manchas","13":"first","14":"instock","15":"taxable","16":"shipping-taxable","17":"purchasable","18":"product-type-simple","19":"thumb-has-effect","20":"prod-rating-on"},"yoast_head":"<!-- This site is optimized with the Yoast SEO plugin v25.3.1 - https:\/\/yoast.com\/wordpress\/plugins\/seo\/ -->\n<title>Foto Ultra 100 Active Unify Color - Apo Derma Store<\/title>\n<meta name=\"description\" content=\"Active Unify Color de ISDIN es un Fotoprotector facial fluido protege, aclara y unifica el tono de la piel. Disponible en ApoDerma Store.\" \/>\n<meta name=\"robots\" content=\"index, follow, max-snippet:-1, max-image-preview:large, max-video-preview:-1\" \/>\n<link rel=\"canonical\" href=\"https:\/\/apoderma.com\/inicio\/producto\/active-unify-color\/\" \/>\n<meta property=\"og:locale\" content=\"es_ES\" \/>\n<meta property=\"og:type\" content=\"article\" \/>\n<meta property=\"og:title\" content=\"Foto Ultra 100 Active Unify Color - Apo Derma Store\" \/>\n<meta property=\"og:description\" content=\"Active Unify Color de ISDIN es un Fotoprotector facial fluido protege, aclara y unifica el tono de la piel. Disponible en ApoDerma Store.\" \/>\n<meta property=\"og:url\" content=\"https:\/\/apoderma.com\/inicio\/producto\/active-unify-color\/\" \/>\n<meta property=\"og:site_name\" content=\"Apo Derma Store\" \/>\n<meta property=\"article:modified_time\" content=\"2025-04-12T19:35:10+00:00\" \/>\n<meta property=\"og:image\" content=\"https:\/\/apoderma.com\/inicio\/wp-content\/uploads\/2023\/01\/active_unify_color_a.jpg\" \/>\n\t<meta property=\"og:image:width\" content=\"1200\" \/>\n\t<meta property=\"og:image:height\" content=\"1200\" \/>\n\t<meta property=\"og:image:type\" content=\"image\/jpeg\" \/>\n<meta name=\"twitter:card\" content=\"summary_large_image\" \/>\n<meta name=\"twitter:label1\" content=\"Tiempo de lectura\" \/>\n\t<meta name=\"twitter:data1\" content=\"2 minutos\" \/>\n<script type=\"application\/ld+json\" class=\"yoast-schema-graph\">{\"@context\":\"https:\/\/schema.org\",\"@graph\":[{\"@type\":\"WebPage\",\"@id\":\"https:\/\/apoderma.com\/inicio\/producto\/active-unify-color\/\",\"url\":\"https:\/\/apoderma.com\/inicio\/producto\/active-unify-color\/\",\"name\":\"Foto Ultra 100 Active Unify Color - Apo Derma Store\",\"isPartOf\":{\"@id\":\"https:\/\/apoderma.com\/inicio\/#website\"},\"primaryImageOfPage\":{\"@id\":\"https:\/\/apoderma.com\/inicio\/producto\/active-unify-color\/#primaryimage\"},\"image\":{\"@id\":\"https:\/\/apoderma.com\/inicio\/producto\/active-unify-color\/#primaryimage\"},\"thumbnailUrl\":\"https:\/\/apoderma.com\/inicio\/wp-content\/uploads\/2023\/01\/active_unify_color_a.jpg\",\"datePublished\":\"2023-01-17T18:38:02+00:00\",\"dateModified\":\"2025-04-12T19:35:10+00:00\",\"description\":\"Active Unify Color de ISDIN es un Fotoprotector facial fluido protege, aclara y unifica el tono de la piel. Disponible en ApoDerma Store.\",\"breadcrumb\":{\"@id\":\"https:\/\/apoderma.com\/inicio\/producto\/active-unify-color\/#breadcrumb\"},\"inLanguage\":\"es\",\"potentialAction\":[{\"@type\":\"ReadAction\",\"target\":[\"https:\/\/apoderma.com\/inicio\/producto\/active-unify-color\/\"]}]},{\"@type\":\"ImageObject\",\"inLanguage\":\"es\",\"@id\":\"https:\/\/apoderma.com\/inicio\/producto\/active-unify-color\/#primaryimage\",\"url\":\"https:\/\/apoderma.com\/inicio\/wp-content\/uploads\/2023\/01\/active_unify_color_a.jpg\",\"contentUrl\":\"https:\/\/apoderma.com\/inicio\/wp-content\/uploads\/2023\/01\/active_unify_color_a.jpg\",\"width\":1200,\"height\":1200,\"caption\":\"Ultra 100 Active unify color\"},{\"@type\":\"BreadcrumbList\",\"@id\":\"https:\/\/apoderma.com\/inicio\/producto\/active-unify-color\/#breadcrumb\",\"itemListElement\":[{\"@type\":\"ListItem\",\"position\":1,\"name\":\"Portada\",\"item\":\"https:\/\/apoderma.com\/inicio\/\"},{\"@type\":\"ListItem\",\"position\":2,\"name\":\"Tienda Dermocosm\u00e9tica\",\"item\":\"https:\/\/apoderma.com\/inicio\/tienda-dermocosmetica\/\"},{\"@type\":\"ListItem\",\"position\":3,\"name\":\"Foto Ultra 100 Active Unify Color\"}]},{\"@type\":\"WebSite\",\"@id\":\"https:\/\/apoderma.com\/inicio\/#website\",\"url\":\"https:\/\/apoderma.com\/inicio\/\",\"name\":\"Apo Derma Store\",\"description\":\"Venta de productos cosm\u00e9ticos\",\"potentialAction\":[{\"@type\":\"SearchAction\",\"target\":{\"@type\":\"EntryPoint\",\"urlTemplate\":\"https:\/\/apoderma.com\/inicio\/?s={search_term_string}\"},\"query-input\":{\"@type\":\"PropertyValueSpecification\",\"valueRequired\":true,\"valueName\":\"search_term_string\"}}],\"inLanguage\":\"es\"}]}<\/script>\n<!-- \/ Yoast SEO plugin. -->","yoast_head_json":{"title":"Foto Ultra 100 Active Unify Color - Apo Derma Store","description":"Active Unify Color de ISDIN es un Fotoprotector facial fluido protege, aclara y unifica el tono de la piel. Disponible en ApoDerma Store.","robots":{"index":"index","follow":"follow","max-snippet":"max-snippet:-1","max-image-preview":"max-image-preview:large","max-video-preview":"max-video-preview:-1"},"canonical":"https:\/\/apoderma.com\/inicio\/producto\/active-unify-color\/","og_locale":"es_ES","og_type":"article","og_title":"Foto Ultra 100 Active Unify Color - Apo Derma Store","og_description":"Active Unify Color de ISDIN es un Fotoprotector facial fluido protege, aclara y unifica el tono de la piel. Disponible en ApoDerma Store.","og_url":"https:\/\/apoderma.com\/inicio\/producto\/active-unify-color\/","og_site_name":"Apo Derma Store","article_modified_time":"2025-04-12T19:35:10+00:00","og_image":[{"width":1200,"height":1200,"url":"https:\/\/apoderma.com\/inicio\/wp-content\/uploads\/2023\/01\/active_unify_color_a.jpg","type":"image\/jpeg"}],"twitter_card":"summary_large_image","twitter_misc":{"Tiempo de lectura":"2 minutos"},"schema":{"@context":"https:\/\/schema.org","@graph":[{"@type":"WebPage","@id":"https:\/\/apoderma.com\/inicio\/producto\/active-unify-color\/","url":"https:\/\/apoderma.com\/inicio\/producto\/active-unify-color\/","name":"Foto Ultra 100 Active Unify Color - Apo Derma Store","isPartOf":{"@id":"https:\/\/apoderma.com\/inicio\/#website"},"primaryImageOfPage":{"@id":"https:\/\/apoderma.com\/inicio\/producto\/active-unify-color\/#primaryimage"},"image":{"@id":"https:\/\/apoderma.com\/inicio\/producto\/active-unify-color\/#primaryimage"},"thumbnailUrl":"https:\/\/apoderma.com\/inicio\/wp-content\/uploads\/2023\/01\/active_unify_color_a.jpg","datePublished":"2023-01-17T18:38:02+00:00","dateModified":"2025-04-12T19:35:10+00:00","description":"Active Unify Color de ISDIN es un Fotoprotector facial fluido protege, aclara y unifica el tono de la piel. Disponible en ApoDerma Store.","breadcrumb":{"@id":"https:\/\/apoderma.com\/inicio\/producto\/active-unify-color\/#breadcrumb"},"inLanguage":"es","potentialAction":[{"@type":"ReadAction","target":["https:\/\/apoderma.com\/inicio\/producto\/active-unify-color\/"]}]},{"@type":"ImageObject","inLanguage":"es","@id":"https:\/\/apoderma.com\/inicio\/producto\/active-unify-color\/#primaryimage","url":"https:\/\/apoderma.com\/inicio\/wp-content\/uploads\/2023\/01\/active_unify_color_a.jpg","contentUrl":"https:\/\/apoderma.com\/inicio\/wp-content\/uploads\/2023\/01\/active_unify_color_a.jpg","width":1200,"height":1200,"caption":"Ultra 100 Active unify color"},{"@type":"BreadcrumbList","@id":"https:\/\/apoderma.com\/inicio\/producto\/active-unify-color\/#breadcrumb","itemListElement":[{"@type":"ListItem","position":1,"name":"Portada","item":"https:\/\/apoderma.com\/inicio\/"},{"@type":"ListItem","position":2,"name":"Tienda Dermocosm\u00e9tica","item":"https:\/\/apoderma.com\/inicio\/tienda-dermocosmetica\/"},{"@type":"ListItem","position":3,"name":"Foto Ultra 100 Active Unify Color"}]},{"@type":"WebSite","@id":"https:\/\/apoderma.com\/inicio\/#website","url":"https:\/\/apoderma.com\/inicio\/","name":"Apo Derma Store","description":"Venta de productos cosm\u00e9ticos","potentialAction":[{"@type":"SearchAction","target":{"@type":"EntryPoint","urlTemplate":"https:\/\/apoderma.com\/inicio\/?s={search_term_string}"},"query-input":{"@type":"PropertyValueSpecification","valueRequired":true,"valueName":"search_term_string"}}],"inLanguage":"es"}]}},"_links":{"self":[{"href":"https:\/\/apoderma.com\/inicio\/wp-json\/wp\/v2\/product\/39354","targetHints":{"allow":["GET"]}}],"collection":[{"href":"https:\/\/apoderma.com\/inicio\/wp-json\/wp\/v2\/product"}],"about":[{"href":"https:\/\/apoderma.com\/inicio\/wp-json\/wp\/v2\/types\/product"}],"wp:featuredmedia":[{"embeddable":true,"href":"https:\/\/apoderma.com\/inicio\/wp-json\/wp\/v2\/media\/39355"}],"wp:attachment":[{"href":"https:\/\/apoderma.com\/inicio\/wp-json\/wp\/v2\/media?parent=39354"}],"wp:term":[{"taxonomy":"product_cat","embeddable":true,"href":"https:\/\/apoderma.com\/inicio\/wp-json\/wp\/v2\/product_cat?post=39354"},{"taxonomy":"product_tag","embeddable":true,"href":"https:\/\/apoderma.com\/inicio\/wp-json\/wp\/v2\/product_tag?post=39354"}],"curies":[{"name":"wp","href":"https:\/\/api.w.org\/{rel}","templated":true}]}}