{"id":39330,"date":"2023-01-02T11:34:07","date_gmt":"2023-01-02T17:34:07","guid":{"rendered":"https:\/\/apoderma.com\/inicio\/?post_type=product&#038;p=39330"},"modified":"2025-04-12T12:15:54","modified_gmt":"2025-04-12T18:15:54","slug":"av-mat-perfect-fluido-con-color","status":"publish","type":"product","link":"https:\/\/apoderma.com\/inicio\/producto\/av-mat-perfect-fluido-con-color\/","title":{"rendered":"AV Mat Perfect Fluido con Color"},"content":{"rendered":"<h3>Especificaciones:<\/h3>\n<ul>\n<li>\n<p class=\"p-info__title\"><a style=\"font-size: 15px;\" href=\"https:\/\/www.eau-thermale-avene.es\/p\/mat-perfect-fluido-con-color\">AV Mat Perfect Fluid con Color de Av\u00e8ne<\/a><span style=\"font-size: 15px;\"> ofrece p<\/span>rotecci\u00f3n solar muy alta para pieles sensibles mixtas o grasas.<\/p>\n<\/li>\n<li>Mat Perfect Fluido con color SPF 50+ ofrece un nivel de protecci\u00f3n solar muy alto para las pieles sensibles mixtas o grasas.<\/li>\n<li>Su f\u00f3rmula contiene pigmentos ligeros y unificadores para conseguir una tez luminosa y radiante.<\/li>\n<li>Su textura no grasa y sin brillos deja un acabado empolvado para conseguir una tez a\u00fan m\u00e1s fresca.<\/li>\n<li>El Mat Perfect Fluido con color SPF 50+ se beneficia del complejo exclusivo de activos de protecci\u00f3n Sunsitive\u00ae desarrollado por Pierre Fabre, un sistema de filtros patentado para una protecci\u00f3n UVB-UVA de espectro muy amplio y fotoestable.<\/li>\n<li>Este complejo antioxidante \u00fanico, que combina un precursor fotoestable de la vitamina E (pretocoferil) y un precursor fotoestable de la vitamina C (ascorbil gluc\u00f3sido) proporciona una protecci\u00f3n celular reforzada contra los radicales libres.<\/li>\n<li>Su textura ligera est\u00e1 enriquecida con monolaurina y Agua termal de Av\u00e8ne, reconocida por sus propiedades calmantes, antiirritantes y suavizantes, para un uso diario.<\/li>\n<li>Este fluido matificante de acabado no graso, sin brillos y empolvado est\u00e1 formulado de conformidad con el enfoque ecorresponsable de Skin Protect Ocean Respect.<\/li>\n<li>Tubo herm\u00e9tico para una conservaci\u00f3n \u00f3ptima.<\/li>\n<li>Sin perfume.<\/li>\n<li>Brinda los siguientes beneficios:\n<ul>\n<li>Fotoprotector SPF 50+: filtros fotoestables UVB-UVA que combaten los efectos nocivos de los rayos solares.<\/li>\n<li>Protecci\u00f3n antioxidante: refuerza la protecci\u00f3n contra los radicales libres.<\/li>\n<li>Resistente al agua: protege la piel contra los efectos nocivos del sol incluso al nadar.<\/li>\n<li>Tacto seco: no deja una capa grasa en la piel.<\/li>\n<li>Unifica el tono de la piel e ilumina, para un resultado radiante.<\/li>\n<\/ul>\n<\/li>\n<\/ul>\n<h3>Composici\u00f3n:<\/h3>\n<ul>\n<li>Este fluido matificante de acabado no graso, sin brillos y empolvado est\u00e1 formulado de conformidad con el enfoque de responsabilidad ambiental de Skin Protect Ocean Respect.<\/li>\n<li>El Mat Perfect Fluido con color SPF 50+ se beneficia del complejo exclusivo de activos de protecci\u00f3n<strong><span style=\"color: #60268b;\"> Sunsitive\u00ae Protection<\/span><\/strong> desarrollado por Pierre Fabre, un sistema de filtros patentado para una protecci\u00f3n UVB-UVA de espectro muy amplio y fotoestable.<\/li>\n<li>Este complejo antioxidante \u00fanico, que combina un <span style=\"color: #60268b;\"><strong>precursor fotoestable de la vitamina E<\/strong><\/span> (pretocoferil) y un <strong><span style=\"color: #60268b;\">precursor fotoestable de la vitamina C (ascorbil gluc\u00f3sido)<\/span><\/strong> proporciona una protecci\u00f3n celular reforzada contra los radicales libres.<\/li>\n<li>Su textura ligera est\u00e1 enriquecida con monolaurina y Agua termal de Av\u00e8ne, reconocida por sus propiedades calmantes, antiirritantes y suavizantes<\/li>\n<\/ul>\n<h3><strong>Modo de uso:<\/strong><\/h3>\n<ol>\n<li>Para un uso diario.<\/li>\n<li>Aplicar cuantas veces como sea necesario.<\/li>\n<li>Aplicar generosamente sobre el rostro y el cuello antes de la exposici\u00f3n al sol.<\/li>\n<li>Volver a aplicar con frecuencia para mantener su eficacia.<\/li>\n<li>Volver a aplicarlo regularmente, sobre todo despu\u00e9s de sudar, nadar o ba\u00f1arse, secarse con una toalla y despu\u00e9s de per\u00edodos prolongados de exposici\u00f3n.<\/li>\n<li>No aplicar la cantidad suficiente reduce significativamente el nivel de protecci\u00f3n.<\/li>\n<li>Puede complementar el cuidado de su piel con productos <strong><span style=\"color: #60268b;\"><a style=\"color: #60268b;\" href=\"https:\/\/apoderma.com\/inicio\/categoria-producto\/rostro\/hidratacion\/\">Hidratantes<\/a> <\/span><\/strong>de nuestra secci\u00f3n.<\/li>\n<\/ol>\n","protected":false},"excerpt":{"rendered":"<p>Fotoprotector con color Unifica el tono de piel &#8211; Protege Piel mixta &#8211; Piel grasa\u00a0&hellip;<\/p>\n","protected":false},"featured_media":39331,"template":"","meta":{"_glsr_average":0,"_glsr_ranking":0,"_glsr_reviews":0},"product_cat":[96,89],"product_tag":[277,179,275,115,355],"class_list":{"0":"post-39330","1":"product","2":"type-product","3":"status-publish","4":"has-post-thumbnail","6":"product_brand-avene","7":"product_cat-fotoproteccion","8":"product_cat-rostro","9":"product_tag-fotomaquillaje","10":"product_tag-fotoproteccion","11":"product_tag-fotoprotector","12":"product_tag-rostro","13":"product_tag-solar","15":"first","16":"instock","17":"taxable","18":"shipping-taxable","19":"purchasable","20":"product-type-simple","21":"thumb-has-effect","22":"prod-rating-on"},"yoast_head":"<!-- This site is optimized with the Yoast SEO plugin v25.3.1 - https:\/\/yoast.com\/wordpress\/plugins\/seo\/ -->\n<title>AV Mat Perfect Fluido con Color - Apo Derma Store<\/title>\n<meta name=\"description\" content=\"Mat Perfect Fluid con color de Avene con acci\u00f3n Fotoprotectora, antioxidante y unificante. Disponible en ApoDerma Store.\" \/>\n<meta name=\"robots\" content=\"index, follow, max-snippet:-1, max-image-preview:large, max-video-preview:-1\" \/>\n<link rel=\"canonical\" href=\"https:\/\/apoderma.com\/inicio\/producto\/av-mat-perfect-fluido-con-color\/\" \/>\n<meta property=\"og:locale\" content=\"es_ES\" \/>\n<meta property=\"og:type\" content=\"article\" \/>\n<meta property=\"og:title\" content=\"AV Mat Perfect Fluido con Color - Apo Derma Store\" \/>\n<meta property=\"og:description\" content=\"Mat Perfect Fluid con color de Avene con acci\u00f3n Fotoprotectora, antioxidante y unificante. Disponible en ApoDerma Store.\" \/>\n<meta property=\"og:url\" content=\"https:\/\/apoderma.com\/inicio\/producto\/av-mat-perfect-fluido-con-color\/\" \/>\n<meta property=\"og:site_name\" content=\"Apo Derma Store\" \/>\n<meta property=\"article:modified_time\" content=\"2025-04-12T18:15:54+00:00\" \/>\n<meta property=\"og:image\" content=\"https:\/\/apoderma.com\/inicio\/wp-content\/uploads\/2023\/01\/avene-mat-perfect-fluido-color-50-50ml.jpg\" \/>\n\t<meta property=\"og:image:width\" content=\"398\" \/>\n\t<meta property=\"og:image:height\" content=\"425\" \/>\n\t<meta property=\"og:image:type\" content=\"image\/jpeg\" \/>\n<meta name=\"twitter:card\" content=\"summary_large_image\" \/>\n<meta name=\"twitter:label1\" content=\"Tiempo de lectura\" \/>\n\t<meta name=\"twitter:data1\" content=\"3 minutos\" \/>\n<script type=\"application\/ld+json\" class=\"yoast-schema-graph\">{\"@context\":\"https:\/\/schema.org\",\"@graph\":[{\"@type\":\"WebPage\",\"@id\":\"https:\/\/apoderma.com\/inicio\/producto\/av-mat-perfect-fluido-con-color\/\",\"url\":\"https:\/\/apoderma.com\/inicio\/producto\/av-mat-perfect-fluido-con-color\/\",\"name\":\"AV Mat Perfect Fluido con Color - Apo Derma Store\",\"isPartOf\":{\"@id\":\"https:\/\/apoderma.com\/inicio\/#website\"},\"primaryImageOfPage\":{\"@id\":\"https:\/\/apoderma.com\/inicio\/producto\/av-mat-perfect-fluido-con-color\/#primaryimage\"},\"image\":{\"@id\":\"https:\/\/apoderma.com\/inicio\/producto\/av-mat-perfect-fluido-con-color\/#primaryimage\"},\"thumbnailUrl\":\"https:\/\/apoderma.com\/inicio\/wp-content\/uploads\/2023\/01\/avene-mat-perfect-fluido-color-50-50ml.jpg\",\"datePublished\":\"2023-01-02T17:34:07+00:00\",\"dateModified\":\"2025-04-12T18:15:54+00:00\",\"description\":\"Mat Perfect Fluid con color de Avene con acci\u00f3n Fotoprotectora, antioxidante y unificante. Disponible en ApoDerma Store.\",\"breadcrumb\":{\"@id\":\"https:\/\/apoderma.com\/inicio\/producto\/av-mat-perfect-fluido-con-color\/#breadcrumb\"},\"inLanguage\":\"es\",\"potentialAction\":[{\"@type\":\"ReadAction\",\"target\":[\"https:\/\/apoderma.com\/inicio\/producto\/av-mat-perfect-fluido-con-color\/\"]}]},{\"@type\":\"ImageObject\",\"inLanguage\":\"es\",\"@id\":\"https:\/\/apoderma.com\/inicio\/producto\/av-mat-perfect-fluido-con-color\/#primaryimage\",\"url\":\"https:\/\/apoderma.com\/inicio\/wp-content\/uploads\/2023\/01\/avene-mat-perfect-fluido-color-50-50ml.jpg\",\"contentUrl\":\"https:\/\/apoderma.com\/inicio\/wp-content\/uploads\/2023\/01\/avene-mat-perfect-fluido-color-50-50ml.jpg\",\"width\":398,\"height\":425,\"caption\":\"Mat perfect fluid color\"},{\"@type\":\"BreadcrumbList\",\"@id\":\"https:\/\/apoderma.com\/inicio\/producto\/av-mat-perfect-fluido-con-color\/#breadcrumb\",\"itemListElement\":[{\"@type\":\"ListItem\",\"position\":1,\"name\":\"Portada\",\"item\":\"https:\/\/apoderma.com\/inicio\/\"},{\"@type\":\"ListItem\",\"position\":2,\"name\":\"Tienda Dermocosm\u00e9tica\",\"item\":\"https:\/\/apoderma.com\/inicio\/tienda-dermocosmetica\/\"},{\"@type\":\"ListItem\",\"position\":3,\"name\":\"AV Mat Perfect Fluido con Color\"}]},{\"@type\":\"WebSite\",\"@id\":\"https:\/\/apoderma.com\/inicio\/#website\",\"url\":\"https:\/\/apoderma.com\/inicio\/\",\"name\":\"Apo Derma Store\",\"description\":\"Venta de productos cosm\u00e9ticos\",\"potentialAction\":[{\"@type\":\"SearchAction\",\"target\":{\"@type\":\"EntryPoint\",\"urlTemplate\":\"https:\/\/apoderma.com\/inicio\/?s={search_term_string}\"},\"query-input\":{\"@type\":\"PropertyValueSpecification\",\"valueRequired\":true,\"valueName\":\"search_term_string\"}}],\"inLanguage\":\"es\"}]}<\/script>\n<!-- \/ Yoast SEO plugin. -->","yoast_head_json":{"title":"AV Mat Perfect Fluido con Color - Apo Derma Store","description":"Mat Perfect Fluid con color de Avene con acci\u00f3n Fotoprotectora, antioxidante y unificante. Disponible en ApoDerma Store.","robots":{"index":"index","follow":"follow","max-snippet":"max-snippet:-1","max-image-preview":"max-image-preview:large","max-video-preview":"max-video-preview:-1"},"canonical":"https:\/\/apoderma.com\/inicio\/producto\/av-mat-perfect-fluido-con-color\/","og_locale":"es_ES","og_type":"article","og_title":"AV Mat Perfect Fluido con Color - Apo Derma Store","og_description":"Mat Perfect Fluid con color de Avene con acci\u00f3n Fotoprotectora, antioxidante y unificante. Disponible en ApoDerma Store.","og_url":"https:\/\/apoderma.com\/inicio\/producto\/av-mat-perfect-fluido-con-color\/","og_site_name":"Apo Derma Store","article_modified_time":"2025-04-12T18:15:54+00:00","og_image":[{"width":398,"height":425,"url":"https:\/\/apoderma.com\/inicio\/wp-content\/uploads\/2023\/01\/avene-mat-perfect-fluido-color-50-50ml.jpg","type":"image\/jpeg"}],"twitter_card":"summary_large_image","twitter_misc":{"Tiempo de lectura":"3 minutos"},"schema":{"@context":"https:\/\/schema.org","@graph":[{"@type":"WebPage","@id":"https:\/\/apoderma.com\/inicio\/producto\/av-mat-perfect-fluido-con-color\/","url":"https:\/\/apoderma.com\/inicio\/producto\/av-mat-perfect-fluido-con-color\/","name":"AV Mat Perfect Fluido con Color - Apo Derma Store","isPartOf":{"@id":"https:\/\/apoderma.com\/inicio\/#website"},"primaryImageOfPage":{"@id":"https:\/\/apoderma.com\/inicio\/producto\/av-mat-perfect-fluido-con-color\/#primaryimage"},"image":{"@id":"https:\/\/apoderma.com\/inicio\/producto\/av-mat-perfect-fluido-con-color\/#primaryimage"},"thumbnailUrl":"https:\/\/apoderma.com\/inicio\/wp-content\/uploads\/2023\/01\/avene-mat-perfect-fluido-color-50-50ml.jpg","datePublished":"2023-01-02T17:34:07+00:00","dateModified":"2025-04-12T18:15:54+00:00","description":"Mat Perfect Fluid con color de Avene con acci\u00f3n Fotoprotectora, antioxidante y unificante. Disponible en ApoDerma Store.","breadcrumb":{"@id":"https:\/\/apoderma.com\/inicio\/producto\/av-mat-perfect-fluido-con-color\/#breadcrumb"},"inLanguage":"es","potentialAction":[{"@type":"ReadAction","target":["https:\/\/apoderma.com\/inicio\/producto\/av-mat-perfect-fluido-con-color\/"]}]},{"@type":"ImageObject","inLanguage":"es","@id":"https:\/\/apoderma.com\/inicio\/producto\/av-mat-perfect-fluido-con-color\/#primaryimage","url":"https:\/\/apoderma.com\/inicio\/wp-content\/uploads\/2023\/01\/avene-mat-perfect-fluido-color-50-50ml.jpg","contentUrl":"https:\/\/apoderma.com\/inicio\/wp-content\/uploads\/2023\/01\/avene-mat-perfect-fluido-color-50-50ml.jpg","width":398,"height":425,"caption":"Mat perfect fluid color"},{"@type":"BreadcrumbList","@id":"https:\/\/apoderma.com\/inicio\/producto\/av-mat-perfect-fluido-con-color\/#breadcrumb","itemListElement":[{"@type":"ListItem","position":1,"name":"Portada","item":"https:\/\/apoderma.com\/inicio\/"},{"@type":"ListItem","position":2,"name":"Tienda Dermocosm\u00e9tica","item":"https:\/\/apoderma.com\/inicio\/tienda-dermocosmetica\/"},{"@type":"ListItem","position":3,"name":"AV Mat Perfect Fluido con Color"}]},{"@type":"WebSite","@id":"https:\/\/apoderma.com\/inicio\/#website","url":"https:\/\/apoderma.com\/inicio\/","name":"Apo Derma Store","description":"Venta de productos cosm\u00e9ticos","potentialAction":[{"@type":"SearchAction","target":{"@type":"EntryPoint","urlTemplate":"https:\/\/apoderma.com\/inicio\/?s={search_term_string}"},"query-input":{"@type":"PropertyValueSpecification","valueRequired":true,"valueName":"search_term_string"}}],"inLanguage":"es"}]}},"_links":{"self":[{"href":"https:\/\/apoderma.com\/inicio\/wp-json\/wp\/v2\/product\/39330","targetHints":{"allow":["GET"]}}],"collection":[{"href":"https:\/\/apoderma.com\/inicio\/wp-json\/wp\/v2\/product"}],"about":[{"href":"https:\/\/apoderma.com\/inicio\/wp-json\/wp\/v2\/types\/product"}],"wp:featuredmedia":[{"embeddable":true,"href":"https:\/\/apoderma.com\/inicio\/wp-json\/wp\/v2\/media\/39331"}],"wp:attachment":[{"href":"https:\/\/apoderma.com\/inicio\/wp-json\/wp\/v2\/media?parent=39330"}],"wp:term":[{"taxonomy":"product_cat","embeddable":true,"href":"https:\/\/apoderma.com\/inicio\/wp-json\/wp\/v2\/product_cat?post=39330"},{"taxonomy":"product_tag","embeddable":true,"href":"https:\/\/apoderma.com\/inicio\/wp-json\/wp\/v2\/product_tag?post=39330"}],"curies":[{"name":"wp","href":"https:\/\/api.w.org\/{rel}","templated":true}]}}