{"id":39327,"date":"2023-01-02T10:42:08","date_gmt":"2023-01-02T16:42:08","guid":{"rendered":"https:\/\/apoderma.com\/inicio\/?post_type=product&#038;p=39327"},"modified":"2026-02-07T14:46:03","modified_gmt":"2026-02-07T20:46:03","slug":"av-ultra-mat-fluido-50-ml","status":"publish","type":"product","link":"https:\/\/apoderma.com\/inicio\/producto\/av-ultra-mat-fluido-50-ml\/","title":{"rendered":"AV Ultra Mat Fluido 50 mL"},"content":{"rendered":"<h3>Especificaciones:<\/h3>\n<ul>\n<li>\n<p class=\"p-info__title\"><a style=\"font-size: 15px;\" href=\"https:\/\/www.eau-thermale-avene.es\/p\/ultra-mat-fluido\">AV Ultra Mat Fluid de Av\u00e8ne<\/a><span style=\"font-size: 15px;\"> ofrece p<\/span>rotecci\u00f3n solar muy alta para pieles sensibles mixtas o grasas.<\/p>\n<\/li>\n<li>\n<p class=\"p-info__title\">Protecci\u00f3n solar muy alta para pieles sensibles mixtas o grasas, con acci\u00f3n matificante durante 12 horas.<\/p>\n<\/li>\n<li>Complejo exclusivo de activos de protecci\u00f3n Sunsitive\u00ae.<\/li>\n<li>Brinda tres beneficios:\n<ul>\n<li>Fotoprotector SPF 50+<\/li>\n<li>Protecci\u00f3n antioxidante para un cutis fresco<\/li>\n<li>Agente matificante durante 12 horas.<\/li>\n<\/ul>\n<\/li>\n<li>Esta protecci\u00f3n solar muy alta para pieles sensibles mixtas o grasas deja un efecto matificante inmediato durante 12 horas.<\/li>\n<li>Su f\u00f3rmula fotoprotectora y antioxidante es muy resistente al agua y deja la tez fresca y radiante.<\/li>\n<li>Su textura ligera est\u00e1 enriquecida con monolaurina y Agua termal de Av\u00e8ne, reconocida por sus propiedades calmantes, antiirritantes y suavizantes, para un uso diario.<\/li>\n<li>Este fluido matificante de acabado no graso, sin brillos y empolvado est\u00e1 formulado de conformidad con el enfoque ecorresponsable de Skin Protect Ocean Respect.<\/li>\n<li>Indicado para todos los fototipos del I al VI.<\/li>\n<li>Tubo herm\u00e9tico para una conservaci\u00f3n \u00f3ptima.<\/li>\n<li>Sin perfume<\/li>\n<\/ul>\n<h3>Composici\u00f3n:<\/h3>\n<ul>\n<li>Ultra Mat Fluido SPF 50+ se beneficia del complejo exclusivo de activos de protecci\u00f3n<strong><span style=\"color: #60268b;\"> Sunsitive\u00ae Protection<\/span><\/strong> desarrollado por Pierre Fabre, un sistema de filtros patentado para una protecci\u00f3n UVB-UVA de espectro muy amplio y fotoestable.<\/li>\n<li>Este complejo antioxidante \u00fanico, que combina un <span style=\"color: #60268b;\"><strong>precursor fotoestable de la vitamina E<\/strong><\/span> (pretocoferil) y un <strong><span style=\"color: #60268b;\">precursor fotoestable de la vitamina C (ascorbil gluc\u00f3sido)<\/span><\/strong> proporciona una protecci\u00f3n celular reforzada contra los radicales libres.<\/li>\n<\/ul>\n<h3><strong>Modo de uso:<\/strong><\/h3>\n<ol>\n<li>\n<div class=\"application__cons\">Aplicar cuantas veces como sea necesario.<\/div>\n<\/li>\n<li>\n<div class=\"application__cons\"><\/div>\n<p>Aplicar generosamente sobre el rostro y el cuello antes de la exposici\u00f3n al sol.<\/li>\n<li>Volver a aplicar con frecuencia para mantener su eficacia.<\/li>\n<li>Volver a aplicarlo regularmente, sobre todo despu\u00e9s de sudar, nadar o ba\u00f1arse, secarse con una toalla y despu\u00e9s de per\u00edodos prolongados de exposici\u00f3n.<\/li>\n<li>No aplicar la cantidad suficiente reduce significativamente el nivel de protecci\u00f3n.<\/li>\n<li>Puede complementar el cuidado de su piel con productos <strong><span style=\"color: #60268b;\"><a style=\"color: #60268b;\" href=\"https:\/\/apoderma.com\/inicio\/categoria-producto\/rostro\/hidratacion\/\">Hidratantes<\/a> <\/span><\/strong>de nuestra secci\u00f3n.<\/li>\n<\/ol>\n","protected":false},"excerpt":{"rendered":"<p>Fotoprotector para rostro Protege &#8211; Matifica Piel mixta &#8211; Piel grasa\u00a0 &#8211; Piel sensible &nbsp;&hellip;<\/p>\n","protected":false},"featured_media":39328,"template":"","meta":{"_glsr_average":0,"_glsr_ranking":0,"_glsr_reviews":0},"product_cat":[96,89],"product_tag":[179,275,115,355],"class_list":{"0":"post-39327","1":"product","2":"type-product","3":"status-publish","4":"has-post-thumbnail","6":"product_brand-avene","7":"product_cat-fotoproteccion","8":"product_cat-rostro","9":"product_tag-fotoproteccion","10":"product_tag-fotoprotector","11":"product_tag-rostro","12":"product_tag-solar","14":"first","15":"instock","16":"taxable","17":"shipping-taxable","18":"purchasable","19":"product-type-simple","20":"thumb-has-effect","21":"prod-rating-on"},"yoast_head":"<!-- This site is optimized with the Yoast SEO plugin v25.3.1 - https:\/\/yoast.com\/wordpress\/plugins\/seo\/ -->\n<title>AV Ultra Mat Fluido 50 mL - Apo Derma Store<\/title>\n<meta name=\"description\" content=\"Ultra Mat Fluid de Avene brinda amplia fotoprotecci\u00f3n y efecto matificante con acci\u00f3n antioxidante. Disponible en ApoDerma Store.\" \/>\n<meta name=\"robots\" content=\"index, follow, max-snippet:-1, max-image-preview:large, max-video-preview:-1\" \/>\n<link rel=\"canonical\" href=\"https:\/\/apoderma.com\/inicio\/producto\/av-ultra-mat-fluido-50-ml\/\" \/>\n<meta property=\"og:locale\" content=\"es_ES\" \/>\n<meta property=\"og:type\" content=\"article\" \/>\n<meta property=\"og:title\" content=\"AV Ultra Mat Fluido 50 mL - Apo Derma Store\" \/>\n<meta property=\"og:description\" content=\"Ultra Mat Fluid de Avene brinda amplia fotoprotecci\u00f3n y efecto matificante con acci\u00f3n antioxidante. Disponible en ApoDerma Store.\" \/>\n<meta property=\"og:url\" content=\"https:\/\/apoderma.com\/inicio\/producto\/av-ultra-mat-fluido-50-ml\/\" \/>\n<meta property=\"og:site_name\" content=\"Apo Derma Store\" \/>\n<meta property=\"article:modified_time\" content=\"2026-02-07T20:46:03+00:00\" \/>\n<meta property=\"og:image\" content=\"https:\/\/apoderma.com\/inicio\/wp-content\/uploads\/2023\/01\/av_ultra_mat.png\" \/>\n\t<meta property=\"og:image:width\" content=\"800\" \/>\n\t<meta property=\"og:image:height\" content=\"800\" \/>\n\t<meta property=\"og:image:type\" content=\"image\/png\" \/>\n<meta name=\"twitter:card\" content=\"summary_large_image\" \/>\n<meta name=\"twitter:label1\" content=\"Tiempo de lectura\" \/>\n\t<meta name=\"twitter:data1\" content=\"2 minutos\" \/>\n<script type=\"application\/ld+json\" class=\"yoast-schema-graph\">{\"@context\":\"https:\/\/schema.org\",\"@graph\":[{\"@type\":\"WebPage\",\"@id\":\"https:\/\/apoderma.com\/inicio\/producto\/av-ultra-mat-fluido-50-ml\/\",\"url\":\"https:\/\/apoderma.com\/inicio\/producto\/av-ultra-mat-fluido-50-ml\/\",\"name\":\"AV Ultra Mat Fluido 50 mL - Apo Derma Store\",\"isPartOf\":{\"@id\":\"https:\/\/apoderma.com\/inicio\/#website\"},\"primaryImageOfPage\":{\"@id\":\"https:\/\/apoderma.com\/inicio\/producto\/av-ultra-mat-fluido-50-ml\/#primaryimage\"},\"image\":{\"@id\":\"https:\/\/apoderma.com\/inicio\/producto\/av-ultra-mat-fluido-50-ml\/#primaryimage\"},\"thumbnailUrl\":\"https:\/\/apoderma.com\/inicio\/wp-content\/uploads\/2023\/01\/av_ultra_mat.png\",\"datePublished\":\"2023-01-02T16:42:08+00:00\",\"dateModified\":\"2026-02-07T20:46:03+00:00\",\"description\":\"Ultra Mat Fluid de Avene brinda amplia fotoprotecci\u00f3n y efecto matificante con acci\u00f3n antioxidante. Disponible en ApoDerma Store.\",\"breadcrumb\":{\"@id\":\"https:\/\/apoderma.com\/inicio\/producto\/av-ultra-mat-fluido-50-ml\/#breadcrumb\"},\"inLanguage\":\"es\",\"potentialAction\":[{\"@type\":\"ReadAction\",\"target\":[\"https:\/\/apoderma.com\/inicio\/producto\/av-ultra-mat-fluido-50-ml\/\"]}]},{\"@type\":\"ImageObject\",\"inLanguage\":\"es\",\"@id\":\"https:\/\/apoderma.com\/inicio\/producto\/av-ultra-mat-fluido-50-ml\/#primaryimage\",\"url\":\"https:\/\/apoderma.com\/inicio\/wp-content\/uploads\/2023\/01\/av_ultra_mat.png\",\"contentUrl\":\"https:\/\/apoderma.com\/inicio\/wp-content\/uploads\/2023\/01\/av_ultra_mat.png\",\"width\":800,\"height\":800,\"caption\":\"Ultra Mat Fluid\"},{\"@type\":\"BreadcrumbList\",\"@id\":\"https:\/\/apoderma.com\/inicio\/producto\/av-ultra-mat-fluido-50-ml\/#breadcrumb\",\"itemListElement\":[{\"@type\":\"ListItem\",\"position\":1,\"name\":\"Portada\",\"item\":\"https:\/\/apoderma.com\/inicio\/\"},{\"@type\":\"ListItem\",\"position\":2,\"name\":\"Tienda Dermocosm\u00e9tica\",\"item\":\"https:\/\/apoderma.com\/inicio\/tienda-dermocosmetica\/\"},{\"@type\":\"ListItem\",\"position\":3,\"name\":\"AV Ultra Mat Fluido 50 mL\"}]},{\"@type\":\"WebSite\",\"@id\":\"https:\/\/apoderma.com\/inicio\/#website\",\"url\":\"https:\/\/apoderma.com\/inicio\/\",\"name\":\"Apo Derma Store\",\"description\":\"Venta de productos cosm\u00e9ticos\",\"potentialAction\":[{\"@type\":\"SearchAction\",\"target\":{\"@type\":\"EntryPoint\",\"urlTemplate\":\"https:\/\/apoderma.com\/inicio\/?s={search_term_string}\"},\"query-input\":{\"@type\":\"PropertyValueSpecification\",\"valueRequired\":true,\"valueName\":\"search_term_string\"}}],\"inLanguage\":\"es\"}]}<\/script>\n<!-- \/ Yoast SEO plugin. -->","yoast_head_json":{"title":"AV Ultra Mat Fluido 50 mL - Apo Derma Store","description":"Ultra Mat Fluid de Avene brinda amplia fotoprotecci\u00f3n y efecto matificante con acci\u00f3n antioxidante. Disponible en ApoDerma Store.","robots":{"index":"index","follow":"follow","max-snippet":"max-snippet:-1","max-image-preview":"max-image-preview:large","max-video-preview":"max-video-preview:-1"},"canonical":"https:\/\/apoderma.com\/inicio\/producto\/av-ultra-mat-fluido-50-ml\/","og_locale":"es_ES","og_type":"article","og_title":"AV Ultra Mat Fluido 50 mL - Apo Derma Store","og_description":"Ultra Mat Fluid de Avene brinda amplia fotoprotecci\u00f3n y efecto matificante con acci\u00f3n antioxidante. Disponible en ApoDerma Store.","og_url":"https:\/\/apoderma.com\/inicio\/producto\/av-ultra-mat-fluido-50-ml\/","og_site_name":"Apo Derma Store","article_modified_time":"2026-02-07T20:46:03+00:00","og_image":[{"width":800,"height":800,"url":"https:\/\/apoderma.com\/inicio\/wp-content\/uploads\/2023\/01\/av_ultra_mat.png","type":"image\/png"}],"twitter_card":"summary_large_image","twitter_misc":{"Tiempo de lectura":"2 minutos"},"schema":{"@context":"https:\/\/schema.org","@graph":[{"@type":"WebPage","@id":"https:\/\/apoderma.com\/inicio\/producto\/av-ultra-mat-fluido-50-ml\/","url":"https:\/\/apoderma.com\/inicio\/producto\/av-ultra-mat-fluido-50-ml\/","name":"AV Ultra Mat Fluido 50 mL - Apo Derma Store","isPartOf":{"@id":"https:\/\/apoderma.com\/inicio\/#website"},"primaryImageOfPage":{"@id":"https:\/\/apoderma.com\/inicio\/producto\/av-ultra-mat-fluido-50-ml\/#primaryimage"},"image":{"@id":"https:\/\/apoderma.com\/inicio\/producto\/av-ultra-mat-fluido-50-ml\/#primaryimage"},"thumbnailUrl":"https:\/\/apoderma.com\/inicio\/wp-content\/uploads\/2023\/01\/av_ultra_mat.png","datePublished":"2023-01-02T16:42:08+00:00","dateModified":"2026-02-07T20:46:03+00:00","description":"Ultra Mat Fluid de Avene brinda amplia fotoprotecci\u00f3n y efecto matificante con acci\u00f3n antioxidante. Disponible en ApoDerma Store.","breadcrumb":{"@id":"https:\/\/apoderma.com\/inicio\/producto\/av-ultra-mat-fluido-50-ml\/#breadcrumb"},"inLanguage":"es","potentialAction":[{"@type":"ReadAction","target":["https:\/\/apoderma.com\/inicio\/producto\/av-ultra-mat-fluido-50-ml\/"]}]},{"@type":"ImageObject","inLanguage":"es","@id":"https:\/\/apoderma.com\/inicio\/producto\/av-ultra-mat-fluido-50-ml\/#primaryimage","url":"https:\/\/apoderma.com\/inicio\/wp-content\/uploads\/2023\/01\/av_ultra_mat.png","contentUrl":"https:\/\/apoderma.com\/inicio\/wp-content\/uploads\/2023\/01\/av_ultra_mat.png","width":800,"height":800,"caption":"Ultra Mat Fluid"},{"@type":"BreadcrumbList","@id":"https:\/\/apoderma.com\/inicio\/producto\/av-ultra-mat-fluido-50-ml\/#breadcrumb","itemListElement":[{"@type":"ListItem","position":1,"name":"Portada","item":"https:\/\/apoderma.com\/inicio\/"},{"@type":"ListItem","position":2,"name":"Tienda Dermocosm\u00e9tica","item":"https:\/\/apoderma.com\/inicio\/tienda-dermocosmetica\/"},{"@type":"ListItem","position":3,"name":"AV Ultra Mat Fluido 50 mL"}]},{"@type":"WebSite","@id":"https:\/\/apoderma.com\/inicio\/#website","url":"https:\/\/apoderma.com\/inicio\/","name":"Apo Derma Store","description":"Venta de productos cosm\u00e9ticos","potentialAction":[{"@type":"SearchAction","target":{"@type":"EntryPoint","urlTemplate":"https:\/\/apoderma.com\/inicio\/?s={search_term_string}"},"query-input":{"@type":"PropertyValueSpecification","valueRequired":true,"valueName":"search_term_string"}}],"inLanguage":"es"}]}},"_links":{"self":[{"href":"https:\/\/apoderma.com\/inicio\/wp-json\/wp\/v2\/product\/39327","targetHints":{"allow":["GET"]}}],"collection":[{"href":"https:\/\/apoderma.com\/inicio\/wp-json\/wp\/v2\/product"}],"about":[{"href":"https:\/\/apoderma.com\/inicio\/wp-json\/wp\/v2\/types\/product"}],"wp:featuredmedia":[{"embeddable":true,"href":"https:\/\/apoderma.com\/inicio\/wp-json\/wp\/v2\/media\/39328"}],"wp:attachment":[{"href":"https:\/\/apoderma.com\/inicio\/wp-json\/wp\/v2\/media?parent=39327"}],"wp:term":[{"taxonomy":"product_cat","embeddable":true,"href":"https:\/\/apoderma.com\/inicio\/wp-json\/wp\/v2\/product_cat?post=39327"},{"taxonomy":"product_tag","embeddable":true,"href":"https:\/\/apoderma.com\/inicio\/wp-json\/wp\/v2\/product_tag?post=39327"}],"curies":[{"name":"wp","href":"https:\/\/api.w.org\/{rel}","templated":true}]}}