{"id":39325,"date":"2023-01-02T08:47:17","date_gmt":"2023-01-02T14:47:17","guid":{"rendered":"https:\/\/apoderma.com\/inicio\/?post_type=product&#038;p=39325"},"modified":"2025-04-12T12:18:57","modified_gmt":"2025-04-12T18:18:57","slug":"spray-spf-50","status":"publish","type":"product","link":"https:\/\/apoderma.com\/inicio\/producto\/spray-spf-50\/","title":{"rendered":"Spray SPF 50+"},"content":{"rendered":"<h3>Especificaciones:<\/h3>\n<ul>\n<li>\n<p class=\"p-info__title\"><a style=\"font-size: 15px;\" href=\"https:\/\/www.eau-thermale-avene.es\/p\/spray-spf-50\">Spray SPF 50+ de Av\u00e8ne<\/a><span style=\"font-size: 15px;\"> ofrece una protecci\u00f3n solar muy alta para las pieles sensibles expuestas a la luz solar intensa.<\/span><\/p>\n<\/li>\n<li>Protecci\u00f3n solar para toda la familia.<\/li>\n<li>\n<p class=\"p-info__title\">Apta para el rostro y el cuerpo, su textura hidroprotectora proporciona una sensaci\u00f3n de comodidad inmediata y duradera, un efecto antisequedad y una hidrataci\u00f3n durante seis horas.<\/p>\n<\/li>\n<li>Una textura fina y flexible, f\u00e1cil de aplicar y con un acabado natural.<\/li>\n<li>Sin perfume.<\/li>\n<li>Contiene un sistema de filtros patentado. F\u00f3rmulas dise\u00f1adas de forma ecol\u00f3gica para minimizar el impacto en el medioambiente.<\/li>\n<li>Brinda los siguiente los beneficios:\n<ul>\n<li>FOTOPROTECTOR : filtros fotoestables UVB-UVA que combaten los efectos nocivos de los rayos solares.<\/li>\n<li>ANTIOXIDANTE : ayuda a proteger las c\u00e9lulas contra los radicales libres.<\/li>\n<li>RESISTENTE AL AGUA : protege la piel contra los efectos nocivos del sol incluso al nadar.<\/li>\n<li>HIDRATANTE: hidrata las capas superiores de la piel.<\/li>\n<li>SIN ACABADO BLANQUECINO: deja una tez natural y una protecci\u00f3n invisible.<\/li>\n<\/ul>\n<\/li>\n<li>El sistema OPEN\/STOP hace que su aplicaci\u00f3n resulte m\u00e1s pr\u00e1ctica y que sea respetuoso con el medio ambiente:\n<ul>\n<li>OPEN : girar para que aparezca la boquilla.<\/li>\n<li>STOP : girar para que desaparezca la boquilla.<\/li>\n<\/ul>\n<\/li>\n<\/ul>\n<h3>Composici\u00f3n:<\/h3>\n<p>En el n\u00facleo del Spray SPF 50+ se encuentra el exclusivo complejo Sunsitive\u00ae protection desarrollado por Pierre Fabre y compuesto por:<\/p>\n<ol>\n<li>Un sistema de filtros patentado que \u00fanicamente contiene <span style=\"color: #60268b;\"><strong>cuatro filtros solares<\/strong><\/span>, para una protecci\u00f3n UVB-UVA muy amplia y estable y una tolerancia cut\u00e1nea \u00f3ptima.<\/li>\n<li>Provitamina E (pretocoferil), un potente antioxidante, para proteger las c\u00e9lulas contra los radicales libres.<\/li>\n<li>Agua termal de Av\u00e8ne, conocida por sus propiedades calmantes, antiirritantes y suavizantes.<\/li>\n<\/ol>\n<h3><strong>Modo de uso:<\/strong><\/h3>\n<ol>\n<li>Aplicar cuantas veces sea necesario.<\/li>\n<li>Antes de la exposici\u00f3n al sol, aplicar una cantidad abundante en la cara y\/o el cuerpo (por ejemplo, 6 dedos de producto para el antebrazo).<\/li>\n<li>Volver a aplicar con frecuencia para mantener la protecci\u00f3n, sobre todo despu\u00e9s de sudar, nadar o secarse.<\/li>\n<li>Para usarla en el rostro, aplicar en las yemas de los dedos y distribuir por el rostro y el cuello. Despu\u00e9s, extender.<\/li>\n<li>Puede complementar el cuidado de su piel con productos <strong><span style=\"color: #60268b;\"><a style=\"color: #60268b;\" href=\"https:\/\/apoderma.com\/inicio\/categoria-producto\/rostro\/hidratacion\/\">Hidratantes<\/a> <\/span><\/strong>de nuestra secci\u00f3n.<\/li>\n<\/ol>\n","protected":false},"excerpt":{"rendered":"<p>Fotoprotector Spray Muy alta protecci\u00f3n solar para la piel sensible del rostro y el cuerpo&hellip;<\/p>\n","protected":false},"featured_media":39326,"template":"","meta":{"_glsr_average":0,"_glsr_ranking":0,"_glsr_reviews":0},"product_cat":[97,96,101,89],"product_tag":[179,275,355],"class_list":{"0":"post-39325","1":"product","2":"type-product","3":"status-publish","4":"has-post-thumbnail","6":"product_brand-avene","7":"product_cat-cuerpo","8":"product_cat-fotoproteccion","9":"product_cat-proteccion-solar-cuerpo","10":"product_cat-rostro","11":"product_tag-fotoproteccion","12":"product_tag-fotoprotector","13":"product_tag-solar","15":"first","16":"instock","17":"taxable","18":"shipping-taxable","19":"purchasable","20":"product-type-simple","21":"thumb-no-effect","22":"prod-rating-on"},"yoast_head":"<!-- This site is optimized with the Yoast SEO plugin v25.3.1 - https:\/\/yoast.com\/wordpress\/plugins\/seo\/ -->\n<title>Spray SPF 50+ - Apo Derma Store<\/title>\n<meta name=\"description\" content=\"Spray SPF 50+ de Avene es un fotoprotector para cuerpo y rostro de toda la familia. Disponible en ApoDerma Store.\" \/>\n<meta name=\"robots\" content=\"index, follow, max-snippet:-1, max-image-preview:large, max-video-preview:-1\" \/>\n<link rel=\"canonical\" href=\"https:\/\/apoderma.com\/inicio\/producto\/spray-spf-50\/\" \/>\n<meta property=\"og:locale\" content=\"es_ES\" \/>\n<meta property=\"og:type\" content=\"article\" \/>\n<meta property=\"og:title\" content=\"Spray SPF 50+ - Apo Derma Store\" \/>\n<meta property=\"og:description\" content=\"Spray SPF 50+ de Avene es un fotoprotector para cuerpo y rostro de toda la familia. Disponible en ApoDerma Store.\" \/>\n<meta property=\"og:url\" content=\"https:\/\/apoderma.com\/inicio\/producto\/spray-spf-50\/\" \/>\n<meta property=\"og:site_name\" content=\"Apo Derma Store\" \/>\n<meta property=\"article:modified_time\" content=\"2025-04-12T18:18:57+00:00\" \/>\n<meta property=\"og:image\" content=\"https:\/\/apoderma.com\/inicio\/wp-content\/uploads\/2023\/01\/av_spray.png\" \/>\n\t<meta property=\"og:image:width\" content=\"800\" \/>\n\t<meta property=\"og:image:height\" content=\"800\" \/>\n\t<meta property=\"og:image:type\" content=\"image\/png\" \/>\n<meta name=\"twitter:card\" content=\"summary_large_image\" \/>\n<meta name=\"twitter:label1\" content=\"Tiempo de lectura\" \/>\n\t<meta name=\"twitter:data1\" content=\"2 minutos\" \/>\n<script type=\"application\/ld+json\" class=\"yoast-schema-graph\">{\"@context\":\"https:\/\/schema.org\",\"@graph\":[{\"@type\":\"WebPage\",\"@id\":\"https:\/\/apoderma.com\/inicio\/producto\/spray-spf-50\/\",\"url\":\"https:\/\/apoderma.com\/inicio\/producto\/spray-spf-50\/\",\"name\":\"Spray SPF 50+ - Apo Derma Store\",\"isPartOf\":{\"@id\":\"https:\/\/apoderma.com\/inicio\/#website\"},\"primaryImageOfPage\":{\"@id\":\"https:\/\/apoderma.com\/inicio\/producto\/spray-spf-50\/#primaryimage\"},\"image\":{\"@id\":\"https:\/\/apoderma.com\/inicio\/producto\/spray-spf-50\/#primaryimage\"},\"thumbnailUrl\":\"https:\/\/apoderma.com\/inicio\/wp-content\/uploads\/2023\/01\/av_spray.png\",\"datePublished\":\"2023-01-02T14:47:17+00:00\",\"dateModified\":\"2025-04-12T18:18:57+00:00\",\"description\":\"Spray SPF 50+ de Avene es un fotoprotector para cuerpo y rostro de toda la familia. Disponible en ApoDerma Store.\",\"breadcrumb\":{\"@id\":\"https:\/\/apoderma.com\/inicio\/producto\/spray-spf-50\/#breadcrumb\"},\"inLanguage\":\"es\",\"potentialAction\":[{\"@type\":\"ReadAction\",\"target\":[\"https:\/\/apoderma.com\/inicio\/producto\/spray-spf-50\/\"]}]},{\"@type\":\"ImageObject\",\"inLanguage\":\"es\",\"@id\":\"https:\/\/apoderma.com\/inicio\/producto\/spray-spf-50\/#primaryimage\",\"url\":\"https:\/\/apoderma.com\/inicio\/wp-content\/uploads\/2023\/01\/av_spray.png\",\"contentUrl\":\"https:\/\/apoderma.com\/inicio\/wp-content\/uploads\/2023\/01\/av_spray.png\",\"width\":800,\"height\":800,\"caption\":\"Fotoprotector Spray Avene\"},{\"@type\":\"BreadcrumbList\",\"@id\":\"https:\/\/apoderma.com\/inicio\/producto\/spray-spf-50\/#breadcrumb\",\"itemListElement\":[{\"@type\":\"ListItem\",\"position\":1,\"name\":\"Portada\",\"item\":\"https:\/\/apoderma.com\/inicio\/\"},{\"@type\":\"ListItem\",\"position\":2,\"name\":\"Tienda Dermocosm\u00e9tica\",\"item\":\"https:\/\/apoderma.com\/inicio\/tienda-dermocosmetica\/\"},{\"@type\":\"ListItem\",\"position\":3,\"name\":\"Spray SPF 50+\"}]},{\"@type\":\"WebSite\",\"@id\":\"https:\/\/apoderma.com\/inicio\/#website\",\"url\":\"https:\/\/apoderma.com\/inicio\/\",\"name\":\"Apo Derma Store\",\"description\":\"Venta de productos cosm\u00e9ticos\",\"potentialAction\":[{\"@type\":\"SearchAction\",\"target\":{\"@type\":\"EntryPoint\",\"urlTemplate\":\"https:\/\/apoderma.com\/inicio\/?s={search_term_string}\"},\"query-input\":{\"@type\":\"PropertyValueSpecification\",\"valueRequired\":true,\"valueName\":\"search_term_string\"}}],\"inLanguage\":\"es\"}]}<\/script>\n<!-- \/ Yoast SEO plugin. -->","yoast_head_json":{"title":"Spray SPF 50+ - Apo Derma Store","description":"Spray SPF 50+ de Avene es un fotoprotector para cuerpo y rostro de toda la familia. Disponible en ApoDerma Store.","robots":{"index":"index","follow":"follow","max-snippet":"max-snippet:-1","max-image-preview":"max-image-preview:large","max-video-preview":"max-video-preview:-1"},"canonical":"https:\/\/apoderma.com\/inicio\/producto\/spray-spf-50\/","og_locale":"es_ES","og_type":"article","og_title":"Spray SPF 50+ - Apo Derma Store","og_description":"Spray SPF 50+ de Avene es un fotoprotector para cuerpo y rostro de toda la familia. Disponible en ApoDerma Store.","og_url":"https:\/\/apoderma.com\/inicio\/producto\/spray-spf-50\/","og_site_name":"Apo Derma Store","article_modified_time":"2025-04-12T18:18:57+00:00","og_image":[{"width":800,"height":800,"url":"https:\/\/apoderma.com\/inicio\/wp-content\/uploads\/2023\/01\/av_spray.png","type":"image\/png"}],"twitter_card":"summary_large_image","twitter_misc":{"Tiempo de lectura":"2 minutos"},"schema":{"@context":"https:\/\/schema.org","@graph":[{"@type":"WebPage","@id":"https:\/\/apoderma.com\/inicio\/producto\/spray-spf-50\/","url":"https:\/\/apoderma.com\/inicio\/producto\/spray-spf-50\/","name":"Spray SPF 50+ - Apo Derma Store","isPartOf":{"@id":"https:\/\/apoderma.com\/inicio\/#website"},"primaryImageOfPage":{"@id":"https:\/\/apoderma.com\/inicio\/producto\/spray-spf-50\/#primaryimage"},"image":{"@id":"https:\/\/apoderma.com\/inicio\/producto\/spray-spf-50\/#primaryimage"},"thumbnailUrl":"https:\/\/apoderma.com\/inicio\/wp-content\/uploads\/2023\/01\/av_spray.png","datePublished":"2023-01-02T14:47:17+00:00","dateModified":"2025-04-12T18:18:57+00:00","description":"Spray SPF 50+ de Avene es un fotoprotector para cuerpo y rostro de toda la familia. Disponible en ApoDerma Store.","breadcrumb":{"@id":"https:\/\/apoderma.com\/inicio\/producto\/spray-spf-50\/#breadcrumb"},"inLanguage":"es","potentialAction":[{"@type":"ReadAction","target":["https:\/\/apoderma.com\/inicio\/producto\/spray-spf-50\/"]}]},{"@type":"ImageObject","inLanguage":"es","@id":"https:\/\/apoderma.com\/inicio\/producto\/spray-spf-50\/#primaryimage","url":"https:\/\/apoderma.com\/inicio\/wp-content\/uploads\/2023\/01\/av_spray.png","contentUrl":"https:\/\/apoderma.com\/inicio\/wp-content\/uploads\/2023\/01\/av_spray.png","width":800,"height":800,"caption":"Fotoprotector Spray Avene"},{"@type":"BreadcrumbList","@id":"https:\/\/apoderma.com\/inicio\/producto\/spray-spf-50\/#breadcrumb","itemListElement":[{"@type":"ListItem","position":1,"name":"Portada","item":"https:\/\/apoderma.com\/inicio\/"},{"@type":"ListItem","position":2,"name":"Tienda Dermocosm\u00e9tica","item":"https:\/\/apoderma.com\/inicio\/tienda-dermocosmetica\/"},{"@type":"ListItem","position":3,"name":"Spray SPF 50+"}]},{"@type":"WebSite","@id":"https:\/\/apoderma.com\/inicio\/#website","url":"https:\/\/apoderma.com\/inicio\/","name":"Apo Derma Store","description":"Venta de productos cosm\u00e9ticos","potentialAction":[{"@type":"SearchAction","target":{"@type":"EntryPoint","urlTemplate":"https:\/\/apoderma.com\/inicio\/?s={search_term_string}"},"query-input":{"@type":"PropertyValueSpecification","valueRequired":true,"valueName":"search_term_string"}}],"inLanguage":"es"}]}},"_links":{"self":[{"href":"https:\/\/apoderma.com\/inicio\/wp-json\/wp\/v2\/product\/39325","targetHints":{"allow":["GET"]}}],"collection":[{"href":"https:\/\/apoderma.com\/inicio\/wp-json\/wp\/v2\/product"}],"about":[{"href":"https:\/\/apoderma.com\/inicio\/wp-json\/wp\/v2\/types\/product"}],"wp:featuredmedia":[{"embeddable":true,"href":"https:\/\/apoderma.com\/inicio\/wp-json\/wp\/v2\/media\/39326"}],"wp:attachment":[{"href":"https:\/\/apoderma.com\/inicio\/wp-json\/wp\/v2\/media?parent=39325"}],"wp:term":[{"taxonomy":"product_cat","embeddable":true,"href":"https:\/\/apoderma.com\/inicio\/wp-json\/wp\/v2\/product_cat?post=39325"},{"taxonomy":"product_tag","embeddable":true,"href":"https:\/\/apoderma.com\/inicio\/wp-json\/wp\/v2\/product_tag?post=39325"}],"curies":[{"name":"wp","href":"https:\/\/api.w.org\/{rel}","templated":true}]}}