{"id":39285,"date":"2022-12-21T14:34:15","date_gmt":"2022-12-21T20:34:15","guid":{"rendered":"https:\/\/apoderma.com\/inicio\/?post_type=product&#038;p=39285"},"modified":"2026-02-07T14:48:19","modified_gmt":"2026-02-07T20:48:19","slug":"heliocare-360o-pigment-solution-fluid-spf-50","status":"publish","type":"product","link":"https:\/\/apoderma.com\/inicio\/producto\/heliocare-360o-pigment-solution-fluid-spf-50\/","title":{"rendered":"Heliocare 360\u00ba Pigment Solution Fluid SPF 50+"},"content":{"rendered":"<h3>Especificaciones:<\/h3>\n<ul>\n<li><a href=\"https:\/\/www.cantabrialabs.es\/productos\/heliocare-360-pigment-solution-fluid-spf-50\/\"><strong><span style=\"color: #60268b;\">Heliocare <\/span><\/strong><\/a><span style=\"color: #60268b;\"><span style=\"color: #60268b;\"><b>360\u00ba Pigment Solution Fluid<\/b><\/span><\/span> SPF 50+de Cantabria Labs brinda fotoprotecci\u00f3n muy alta de <span style=\"color: #60268b;\"><strong>amplio espectro<\/strong><\/span> ya que protege frente a las cuatro <span style=\"color: #60268b;\"><strong>radiaciones UVB-UVA-VL-IRA<\/strong><\/span>, incluso frente a\u00a0<strong>luz azul<\/strong>\u00a0emitida por dispositivos digitales.<\/li>\n<li>Sus sistemas\u00a0<strong>antipoluci\u00f3n<\/strong>\u00a0y\u00a0<strong>despigmentante<\/strong>\u00a0ayudan a prevenir y corregir las\u00a0<span style=\"color: #60268b;\"><strong>hiperpigmentaciones<\/strong>\u00a0<\/span>y manchas solares, con pigmentos nude para unificar el tono de la piel.<\/li>\n<li>Su textura ultraligera lo hace ideal para todo tipo de pieles, deja un acabado suave y sedoso.<\/li>\n<li>Indicado para todo tipo de pieles para prevenir y corregir las hiperpigmentaciones y manchas solares.<\/li>\n<li>Cumple las m\u00e1s altas exigencias en materia de fotoprotecci\u00f3n, debido a su f\u00f3rmula con filtros espec\u00edficos y <a href=\"https:\/\/www.cantabrialabs.es\/nosotros\/id\/tecnologia-fernblock\/\">Fernblock\u00ae+<\/a>\u00a0protege frente a las\u00a0<strong>4 radiaciones (UVB, UVA, Visible e Infrarroja)<\/strong> con actividad avanzada frente a radiaci\u00f3n UVA, luz visible y luz azul, lo que lo hace una \u00f3ptima prevenci\u00f3n de las hiperpigmentaciones solares. Adem\u00e1s, Fernblock\u00ae+ junto con los activos reparadores y antioxidantes, neutralizan y reparan el da\u00f1o solar.<\/li>\n<li>Es resistente al agua y al sudor, no pica en los ojos.<\/li>\n<li>Testado bajo control dermatol\u00f3gico y oftalmol\u00f3gico\n<ul>\n<li>Es hipoalerg\u00e9nico<\/li>\n<li>No comedog\u00e9nico<\/li>\n<li>Presenta una alta tolerancia cut\u00e1nea.<\/li>\n<\/ul>\n<\/li>\n<\/ul>\n<h2>Composici\u00f3n:<\/h2>\n<p>Heliocare 360 Pigment Solution Fluid contiene una combinaci\u00f3n \u00f3ptima y estable de filtros solares para asegurar protecci\u00f3n de amplio espectro.<\/p>\n<ol>\n<li>Fernblock\u00ae+<\/li>\n<li>TinosorbA2B y Oxido de Hierro para reforzar la protecci\u00f3n frente a UVA y luz visible<\/li>\n<li>Sistema despigmentante: Niacinamida y \u00c1cido El\u00e1gico<\/li>\n<li>Sistema antipoluci\u00f3n<\/li>\n<li>Pigmentos nude<\/li>\n<\/ol>\n<h2 class=\"h1\"><strong>Modo de uso:<\/strong><\/h2>\n<ol>\n<li>Agitar antes de usar.<\/li>\n<li>Aplicar de forma generosa y uniforme antes de la exposici\u00f3n solar.<\/li>\n<li>Reaplicar frecuentemente, especialmente tras ba\u00f1os prolongados o sudoraci\u00f3n excesiva.<\/li>\n<li>Puede complementar el cuidado de su piel con <a href=\"https:\/\/apoderma.com\/inicio\/categoria-producto\/rostro\/manchas\/\">productos para hiperpigmentaci\u00f3n<\/a>.<\/li>\n<\/ol>\n<h2>Advertencias:<\/h2>\n<ol>\n<li>Uso externo.<\/li>\n<li>Evitar el contacto directo con ojos y mucosas.<\/li>\n<li>Evitar la exposici\u00f3n prolongada al sol durante las horas de m\u00e1s intensidad.<\/li>\n<li>Utilizar ropa, gorro y gafas de sol para protegerse.<\/li>\n<li>No exponer a beb\u00e9s y ni\u00f1os peque\u00f1os directamente al sol.<\/li>\n<\/ol>\n","protected":false},"excerpt":{"rendered":"<p>Fluido fotoprotector ultraligero Para prevenir y corregir las hiperpigmentaciones solares y unificar el tono de&hellip;<\/p>\n","protected":false},"featured_media":39286,"template":"","meta":{"_glsr_average":0,"_glsr_ranking":0,"_glsr_reviews":0},"product_cat":[96,93,89],"product_tag":[179,349,117,115],"class_list":{"0":"post-39285","1":"product","2":"type-product","3":"status-publish","4":"has-post-thumbnail","6":"product_brand-cantabria_labs","7":"product_cat-fotoproteccion","8":"product_cat-manchas","9":"product_cat-rostro","10":"product_tag-fotoproteccion","11":"product_tag-hiperpigmentacion","12":"product_tag-manchas","13":"product_tag-rostro","15":"first","16":"instock","17":"taxable","18":"shipping-taxable","19":"purchasable","20":"product-type-simple","21":"thumb-no-effect","22":"prod-rating-on"},"yoast_head":"<!-- This site is optimized with the Yoast SEO plugin v25.3.1 - https:\/\/yoast.com\/wordpress\/plugins\/seo\/ -->\n<title>Heliocare 360\u00ba Pigment Solution Fluid SPF 50+ - Apo Derma Store<\/title>\n<meta name=\"description\" content=\"Heliocare 360 Pigment Solution Fluid de Cantabria Labs fotoprotecci\u00f3n de amplio espectro, previene y corrige hiperpigmentaciones solares.\" \/>\n<meta name=\"robots\" content=\"index, follow, max-snippet:-1, max-image-preview:large, max-video-preview:-1\" \/>\n<link rel=\"canonical\" href=\"https:\/\/apoderma.com\/inicio\/producto\/heliocare-360o-pigment-solution-fluid-spf-50\/\" \/>\n<meta property=\"og:locale\" content=\"es_ES\" \/>\n<meta property=\"og:type\" content=\"article\" \/>\n<meta property=\"og:title\" content=\"Heliocare 360\u00ba Pigment Solution Fluid SPF 50+ - Apo Derma Store\" \/>\n<meta property=\"og:description\" content=\"Heliocare 360 Pigment Solution Fluid de Cantabria Labs fotoprotecci\u00f3n de amplio espectro, previene y corrige hiperpigmentaciones solares.\" \/>\n<meta property=\"og:url\" content=\"https:\/\/apoderma.com\/inicio\/producto\/heliocare-360o-pigment-solution-fluid-spf-50\/\" \/>\n<meta property=\"og:site_name\" content=\"Apo Derma Store\" \/>\n<meta property=\"article:modified_time\" content=\"2026-02-07T20:48:19+00:00\" \/>\n<meta property=\"og:image\" content=\"https:\/\/apoderma.com\/inicio\/wp-content\/uploads\/2022\/12\/heliocare_pigment_solution-1.png\" \/>\n\t<meta property=\"og:image:width\" content=\"800\" \/>\n\t<meta property=\"og:image:height\" content=\"800\" \/>\n\t<meta property=\"og:image:type\" content=\"image\/png\" \/>\n<meta name=\"twitter:card\" content=\"summary_large_image\" \/>\n<meta name=\"twitter:label1\" content=\"Tiempo de lectura\" \/>\n\t<meta name=\"twitter:data1\" content=\"2 minutos\" \/>\n<script type=\"application\/ld+json\" class=\"yoast-schema-graph\">{\"@context\":\"https:\/\/schema.org\",\"@graph\":[{\"@type\":\"WebPage\",\"@id\":\"https:\/\/apoderma.com\/inicio\/producto\/heliocare-360o-pigment-solution-fluid-spf-50\/\",\"url\":\"https:\/\/apoderma.com\/inicio\/producto\/heliocare-360o-pigment-solution-fluid-spf-50\/\",\"name\":\"Heliocare 360\u00ba Pigment Solution Fluid SPF 50+ - Apo Derma Store\",\"isPartOf\":{\"@id\":\"https:\/\/apoderma.com\/inicio\/#website\"},\"primaryImageOfPage\":{\"@id\":\"https:\/\/apoderma.com\/inicio\/producto\/heliocare-360o-pigment-solution-fluid-spf-50\/#primaryimage\"},\"image\":{\"@id\":\"https:\/\/apoderma.com\/inicio\/producto\/heliocare-360o-pigment-solution-fluid-spf-50\/#primaryimage\"},\"thumbnailUrl\":\"https:\/\/apoderma.com\/inicio\/wp-content\/uploads\/2022\/12\/heliocare_pigment_solution-1.png\",\"datePublished\":\"2022-12-21T20:34:15+00:00\",\"dateModified\":\"2026-02-07T20:48:19+00:00\",\"description\":\"Heliocare 360 Pigment Solution Fluid de Cantabria Labs fotoprotecci\u00f3n de amplio espectro, previene y corrige hiperpigmentaciones solares.\",\"breadcrumb\":{\"@id\":\"https:\/\/apoderma.com\/inicio\/producto\/heliocare-360o-pigment-solution-fluid-spf-50\/#breadcrumb\"},\"inLanguage\":\"es\",\"potentialAction\":[{\"@type\":\"ReadAction\",\"target\":[\"https:\/\/apoderma.com\/inicio\/producto\/heliocare-360o-pigment-solution-fluid-spf-50\/\"]}]},{\"@type\":\"ImageObject\",\"inLanguage\":\"es\",\"@id\":\"https:\/\/apoderma.com\/inicio\/producto\/heliocare-360o-pigment-solution-fluid-spf-50\/#primaryimage\",\"url\":\"https:\/\/apoderma.com\/inicio\/wp-content\/uploads\/2022\/12\/heliocare_pigment_solution-1.png\",\"contentUrl\":\"https:\/\/apoderma.com\/inicio\/wp-content\/uploads\/2022\/12\/heliocare_pigment_solution-1.png\",\"width\":800,\"height\":800,\"caption\":\"Heliocare 360\u00ba Pigment Solution Fluid SPF 50+\"},{\"@type\":\"BreadcrumbList\",\"@id\":\"https:\/\/apoderma.com\/inicio\/producto\/heliocare-360o-pigment-solution-fluid-spf-50\/#breadcrumb\",\"itemListElement\":[{\"@type\":\"ListItem\",\"position\":1,\"name\":\"Portada\",\"item\":\"https:\/\/apoderma.com\/inicio\/\"},{\"@type\":\"ListItem\",\"position\":2,\"name\":\"Tienda Dermocosm\u00e9tica\",\"item\":\"https:\/\/apoderma.com\/inicio\/tienda-dermocosmetica\/\"},{\"@type\":\"ListItem\",\"position\":3,\"name\":\"Heliocare 360\u00ba Pigment Solution Fluid SPF 50+\"}]},{\"@type\":\"WebSite\",\"@id\":\"https:\/\/apoderma.com\/inicio\/#website\",\"url\":\"https:\/\/apoderma.com\/inicio\/\",\"name\":\"Apo Derma Store\",\"description\":\"Venta de productos cosm\u00e9ticos\",\"potentialAction\":[{\"@type\":\"SearchAction\",\"target\":{\"@type\":\"EntryPoint\",\"urlTemplate\":\"https:\/\/apoderma.com\/inicio\/?s={search_term_string}\"},\"query-input\":{\"@type\":\"PropertyValueSpecification\",\"valueRequired\":true,\"valueName\":\"search_term_string\"}}],\"inLanguage\":\"es\"}]}<\/script>\n<!-- \/ Yoast SEO plugin. -->","yoast_head_json":{"title":"Heliocare 360\u00ba Pigment Solution Fluid SPF 50+ - Apo Derma Store","description":"Heliocare 360 Pigment Solution Fluid de Cantabria Labs fotoprotecci\u00f3n de amplio espectro, previene y corrige hiperpigmentaciones solares.","robots":{"index":"index","follow":"follow","max-snippet":"max-snippet:-1","max-image-preview":"max-image-preview:large","max-video-preview":"max-video-preview:-1"},"canonical":"https:\/\/apoderma.com\/inicio\/producto\/heliocare-360o-pigment-solution-fluid-spf-50\/","og_locale":"es_ES","og_type":"article","og_title":"Heliocare 360\u00ba Pigment Solution Fluid SPF 50+ - Apo Derma Store","og_description":"Heliocare 360 Pigment Solution Fluid de Cantabria Labs fotoprotecci\u00f3n de amplio espectro, previene y corrige hiperpigmentaciones solares.","og_url":"https:\/\/apoderma.com\/inicio\/producto\/heliocare-360o-pigment-solution-fluid-spf-50\/","og_site_name":"Apo Derma Store","article_modified_time":"2026-02-07T20:48:19+00:00","og_image":[{"width":800,"height":800,"url":"https:\/\/apoderma.com\/inicio\/wp-content\/uploads\/2022\/12\/heliocare_pigment_solution-1.png","type":"image\/png"}],"twitter_card":"summary_large_image","twitter_misc":{"Tiempo de lectura":"2 minutos"},"schema":{"@context":"https:\/\/schema.org","@graph":[{"@type":"WebPage","@id":"https:\/\/apoderma.com\/inicio\/producto\/heliocare-360o-pigment-solution-fluid-spf-50\/","url":"https:\/\/apoderma.com\/inicio\/producto\/heliocare-360o-pigment-solution-fluid-spf-50\/","name":"Heliocare 360\u00ba Pigment Solution Fluid SPF 50+ - Apo Derma Store","isPartOf":{"@id":"https:\/\/apoderma.com\/inicio\/#website"},"primaryImageOfPage":{"@id":"https:\/\/apoderma.com\/inicio\/producto\/heliocare-360o-pigment-solution-fluid-spf-50\/#primaryimage"},"image":{"@id":"https:\/\/apoderma.com\/inicio\/producto\/heliocare-360o-pigment-solution-fluid-spf-50\/#primaryimage"},"thumbnailUrl":"https:\/\/apoderma.com\/inicio\/wp-content\/uploads\/2022\/12\/heliocare_pigment_solution-1.png","datePublished":"2022-12-21T20:34:15+00:00","dateModified":"2026-02-07T20:48:19+00:00","description":"Heliocare 360 Pigment Solution Fluid de Cantabria Labs fotoprotecci\u00f3n de amplio espectro, previene y corrige hiperpigmentaciones solares.","breadcrumb":{"@id":"https:\/\/apoderma.com\/inicio\/producto\/heliocare-360o-pigment-solution-fluid-spf-50\/#breadcrumb"},"inLanguage":"es","potentialAction":[{"@type":"ReadAction","target":["https:\/\/apoderma.com\/inicio\/producto\/heliocare-360o-pigment-solution-fluid-spf-50\/"]}]},{"@type":"ImageObject","inLanguage":"es","@id":"https:\/\/apoderma.com\/inicio\/producto\/heliocare-360o-pigment-solution-fluid-spf-50\/#primaryimage","url":"https:\/\/apoderma.com\/inicio\/wp-content\/uploads\/2022\/12\/heliocare_pigment_solution-1.png","contentUrl":"https:\/\/apoderma.com\/inicio\/wp-content\/uploads\/2022\/12\/heliocare_pigment_solution-1.png","width":800,"height":800,"caption":"Heliocare 360\u00ba Pigment Solution Fluid SPF 50+"},{"@type":"BreadcrumbList","@id":"https:\/\/apoderma.com\/inicio\/producto\/heliocare-360o-pigment-solution-fluid-spf-50\/#breadcrumb","itemListElement":[{"@type":"ListItem","position":1,"name":"Portada","item":"https:\/\/apoderma.com\/inicio\/"},{"@type":"ListItem","position":2,"name":"Tienda Dermocosm\u00e9tica","item":"https:\/\/apoderma.com\/inicio\/tienda-dermocosmetica\/"},{"@type":"ListItem","position":3,"name":"Heliocare 360\u00ba Pigment Solution Fluid SPF 50+"}]},{"@type":"WebSite","@id":"https:\/\/apoderma.com\/inicio\/#website","url":"https:\/\/apoderma.com\/inicio\/","name":"Apo Derma Store","description":"Venta de productos cosm\u00e9ticos","potentialAction":[{"@type":"SearchAction","target":{"@type":"EntryPoint","urlTemplate":"https:\/\/apoderma.com\/inicio\/?s={search_term_string}"},"query-input":{"@type":"PropertyValueSpecification","valueRequired":true,"valueName":"search_term_string"}}],"inLanguage":"es"}]}},"_links":{"self":[{"href":"https:\/\/apoderma.com\/inicio\/wp-json\/wp\/v2\/product\/39285","targetHints":{"allow":["GET"]}}],"collection":[{"href":"https:\/\/apoderma.com\/inicio\/wp-json\/wp\/v2\/product"}],"about":[{"href":"https:\/\/apoderma.com\/inicio\/wp-json\/wp\/v2\/types\/product"}],"wp:featuredmedia":[{"embeddable":true,"href":"https:\/\/apoderma.com\/inicio\/wp-json\/wp\/v2\/media\/39286"}],"wp:attachment":[{"href":"https:\/\/apoderma.com\/inicio\/wp-json\/wp\/v2\/media?parent=39285"}],"wp:term":[{"taxonomy":"product_cat","embeddable":true,"href":"https:\/\/apoderma.com\/inicio\/wp-json\/wp\/v2\/product_cat?post=39285"},{"taxonomy":"product_tag","embeddable":true,"href":"https:\/\/apoderma.com\/inicio\/wp-json\/wp\/v2\/product_tag?post=39285"}],"curies":[{"name":"wp","href":"https:\/\/api.w.org\/{rel}","templated":true}]}}