{"id":39283,"date":"2022-12-21T11:29:18","date_gmt":"2022-12-21T17:29:18","guid":{"rendered":"https:\/\/apoderma.com\/inicio\/?post_type=product&#038;p=39283"},"modified":"2026-02-07T14:51:03","modified_gmt":"2026-02-07T20:51:03","slug":"heliocare-360o-md-ak-fluid-50-ml","status":"publish","type":"product","link":"https:\/\/apoderma.com\/inicio\/producto\/heliocare-360o-md-ak-fluid-50-ml\/","title":{"rendered":"Heliocare 360\u00ba MD AK Fluid 50 mL"},"content":{"rendered":"<h3>Especificaciones:<\/h3>\n<ul>\n<li><a href=\"https:\/\/www.cantabrialabs.es\/productos\/heliocare-360-md-ak-fluid\/\"><strong><span style=\"color: #60268b;\">Heliocare <\/span><\/strong><\/a><span style=\"color: #60268b;\"><span style=\"color: #60268b;\"><b>360\u00ba MD AK Fluid<\/b><\/span><\/span> de Cantabria Labs, es un tratamiento protector adyuvante de las queratosis act\u00ednicas (AK) y otras formas de cancer de piel no melanoma (NMSC) por su avanzado completo reparador del da\u00f1o celular.<\/li>\n<li>Su complejo reparador GenoRepair\u00ae Complex, act\u00faa activando los 3 mecanismos de reparaci\u00f3n del ADN, por tanto potencia la actividad reparadora del da\u00f1o solar.<\/li>\n<li>Adem\u00e1s contiene Fernblock\u00ae+, filtros espec\u00edficos y activos reparadores y antioxidantes, protege frente a las 4 radiaciones (UVB, UVA, Visible e Infrarrojo), por lo que neutraliza y repara el da\u00f1o solar.<\/li>\n<li>Con propiedades antioxidantes.<\/li>\n<li>Su textura fluida no comedog\u00e9nica favorece la aplicaci\u00f3n diaria incluso en las zonas m\u00e1s complicadas, adem\u00e1s permite la r\u00e1pida absorci\u00f3n sin efecto blanqueante.<\/li>\n<li>Testado bajo control dermatol\u00f3gico y oftalmol\u00f3gico.<\/li>\n<li>No comedog\u00e9nico.<\/li>\n<li>Hipoalerg\u00e9nico<\/li>\n<\/ul>\n<h2>Composici\u00f3n:<\/h2>\n<p>Heliocare 360 MD AK Fluid contiene una combinaci\u00f3n \u00f3ptima y estable de filtros solares para asegurar protecci\u00f3n de amplio espectro.<\/p>\n<ol>\n<li>Genorepair\u00ae Complex (Fotoliasa, Glicosilasa, Endonucleasa): complejo reparador formado por 3 enzimas, act\u00faa activando los 3 mecanismos de reparaci\u00f3n del ADN.<\/li>\n<li>Fernblock\u00ae+<\/li>\n<li>Sulforafano (Lepidium Sativum Sprout Extract)<\/li>\n<li>Physavie<\/li>\n<li>OTZ 10<\/li>\n<li>Melanina biomim\u00e9tica<\/li>\n<li>Arginina<\/li>\n<li>Vederine<\/li>\n<\/ol>\n<h2 class=\"h1\"><strong>Modo de uso:<\/strong><\/h2>\n<ol>\n<li>Agitar antes de usar.<\/li>\n<li>Aplicar de forma generosa y uniforme antes de la exposici\u00f3n solar.<\/li>\n<li>Reaplicar frecuentemente, especialmente en caso de exposici\u00f3n directa e intensa.<\/li>\n<li>Aplicar solo sobre piel limpia e intacta.<\/li>\n<li>En caso de piel en tratamiento farmacol\u00f3gico o tras cirug\u00eda AK o NMSC, utilizar el producto una vez se hayan cerrado las lesiones<\/li>\n<li>Puede complementar el cuidado de su piel con <a href=\"https:\/\/apoderma.com\/inicio\/categoria-producto\/rostro\/signos-de-la-edad\/page\/2\/\">productos\u00a0 para contrarrestar el efecto del fotoda\u00f1o<\/a>.<\/li>\n<\/ol>\n<h2>Advertencias:<\/h2>\n<ol>\n<li>Uso externo.<\/li>\n<li>Evitar el contacto directo con ojos y mucosas.<\/li>\n<li>En caso de reacci\u00f3n adversa a alguno de los componentes, interrumpir el tratamiento y consultar al m\u00e9dico.<\/li>\n<li>Evitar el uso en mujeres embarazadas, lactantes y ni\u00f1os.<\/li>\n<li>Mantener fuera de la vista y del alcance de los ni\u00f1os.<\/li>\n<\/ol>\n","protected":false},"excerpt":{"rendered":"<p>Protecci\u00f3n de amplio espectro (SPF100+, PA++++, Visible e Infrarrojo) Protector adyuvante de la queratosis act\u00ednica&hellip;<\/p>\n","protected":false},"featured_media":39284,"template":"","meta":{"_glsr_average":0,"_glsr_ranking":0,"_glsr_reviews":0},"product_cat":[96,89],"product_tag":[179,348,115],"class_list":{"0":"post-39283","1":"product","2":"type-product","3":"status-publish","4":"has-post-thumbnail","6":"product_brand-cantabria_labs","7":"product_cat-fotoproteccion","8":"product_cat-rostro","9":"product_tag-fotoproteccion","10":"product_tag-queratosis-actinica","11":"product_tag-rostro","13":"first","14":"instock","15":"taxable","16":"shipping-taxable","17":"purchasable","18":"product-type-simple","19":"thumb-no-effect","20":"prod-rating-on"},"yoast_head":"<!-- This site is optimized with the Yoast SEO plugin v25.3.1 - https:\/\/yoast.com\/wordpress\/plugins\/seo\/ -->\n<title>Heliocare 360\u00ba MD AK Fluid 50 mL - Apo Derma Store<\/title>\n<meta name=\"description\" content=\"Heliocare 360 MD AK Fluid de Cantabria Labs brinda fotoprotecci\u00f3n de amplio espectro y es coadyuvante del tratamiento de queratoris act\u00ednica.\" \/>\n<meta name=\"robots\" content=\"index, follow, max-snippet:-1, max-image-preview:large, max-video-preview:-1\" \/>\n<link rel=\"canonical\" href=\"https:\/\/apoderma.com\/inicio\/producto\/heliocare-360o-md-ak-fluid-50-ml\/\" \/>\n<meta property=\"og:locale\" content=\"es_ES\" \/>\n<meta property=\"og:type\" content=\"article\" \/>\n<meta property=\"og:title\" content=\"Heliocare 360\u00ba MD AK Fluid 50 mL - Apo Derma Store\" \/>\n<meta property=\"og:description\" content=\"Heliocare 360 MD AK Fluid de Cantabria Labs brinda fotoprotecci\u00f3n de amplio espectro y es coadyuvante del tratamiento de queratoris act\u00ednica.\" \/>\n<meta property=\"og:url\" content=\"https:\/\/apoderma.com\/inicio\/producto\/heliocare-360o-md-ak-fluid-50-ml\/\" \/>\n<meta property=\"og:site_name\" content=\"Apo Derma Store\" \/>\n<meta property=\"article:modified_time\" content=\"2026-02-07T20:51:03+00:00\" \/>\n<meta property=\"og:image\" content=\"https:\/\/apoderma.com\/inicio\/wp-content\/uploads\/2022\/12\/heliocare_md_ak-1.png\" \/>\n\t<meta property=\"og:image:width\" content=\"800\" \/>\n\t<meta property=\"og:image:height\" content=\"800\" \/>\n\t<meta property=\"og:image:type\" content=\"image\/png\" \/>\n<meta name=\"twitter:card\" content=\"summary_large_image\" \/>\n<meta name=\"twitter:label1\" content=\"Tiempo de lectura\" \/>\n\t<meta name=\"twitter:data1\" content=\"2 minutos\" \/>\n<script type=\"application\/ld+json\" class=\"yoast-schema-graph\">{\"@context\":\"https:\/\/schema.org\",\"@graph\":[{\"@type\":\"WebPage\",\"@id\":\"https:\/\/apoderma.com\/inicio\/producto\/heliocare-360o-md-ak-fluid-50-ml\/\",\"url\":\"https:\/\/apoderma.com\/inicio\/producto\/heliocare-360o-md-ak-fluid-50-ml\/\",\"name\":\"Heliocare 360\u00ba MD AK Fluid 50 mL - Apo Derma Store\",\"isPartOf\":{\"@id\":\"https:\/\/apoderma.com\/inicio\/#website\"},\"primaryImageOfPage\":{\"@id\":\"https:\/\/apoderma.com\/inicio\/producto\/heliocare-360o-md-ak-fluid-50-ml\/#primaryimage\"},\"image\":{\"@id\":\"https:\/\/apoderma.com\/inicio\/producto\/heliocare-360o-md-ak-fluid-50-ml\/#primaryimage\"},\"thumbnailUrl\":\"https:\/\/apoderma.com\/inicio\/wp-content\/uploads\/2022\/12\/heliocare_md_ak-1.png\",\"datePublished\":\"2022-12-21T17:29:18+00:00\",\"dateModified\":\"2026-02-07T20:51:03+00:00\",\"description\":\"Heliocare 360 MD AK Fluid de Cantabria Labs brinda fotoprotecci\u00f3n de amplio espectro y es coadyuvante del tratamiento de queratoris act\u00ednica.\",\"breadcrumb\":{\"@id\":\"https:\/\/apoderma.com\/inicio\/producto\/heliocare-360o-md-ak-fluid-50-ml\/#breadcrumb\"},\"inLanguage\":\"es\",\"potentialAction\":[{\"@type\":\"ReadAction\",\"target\":[\"https:\/\/apoderma.com\/inicio\/producto\/heliocare-360o-md-ak-fluid-50-ml\/\"]}]},{\"@type\":\"ImageObject\",\"inLanguage\":\"es\",\"@id\":\"https:\/\/apoderma.com\/inicio\/producto\/heliocare-360o-md-ak-fluid-50-ml\/#primaryimage\",\"url\":\"https:\/\/apoderma.com\/inicio\/wp-content\/uploads\/2022\/12\/heliocare_md_ak-1.png\",\"contentUrl\":\"https:\/\/apoderma.com\/inicio\/wp-content\/uploads\/2022\/12\/heliocare_md_ak-1.png\",\"width\":800,\"height\":800,\"caption\":\"Heliocare 360 MD AK Fluid\"},{\"@type\":\"BreadcrumbList\",\"@id\":\"https:\/\/apoderma.com\/inicio\/producto\/heliocare-360o-md-ak-fluid-50-ml\/#breadcrumb\",\"itemListElement\":[{\"@type\":\"ListItem\",\"position\":1,\"name\":\"Portada\",\"item\":\"https:\/\/apoderma.com\/inicio\/\"},{\"@type\":\"ListItem\",\"position\":2,\"name\":\"Tienda Dermocosm\u00e9tica\",\"item\":\"https:\/\/apoderma.com\/inicio\/tienda-dermocosmetica\/\"},{\"@type\":\"ListItem\",\"position\":3,\"name\":\"Heliocare 360\u00ba MD AK Fluid 50 mL\"}]},{\"@type\":\"WebSite\",\"@id\":\"https:\/\/apoderma.com\/inicio\/#website\",\"url\":\"https:\/\/apoderma.com\/inicio\/\",\"name\":\"Apo Derma Store\",\"description\":\"Venta de productos cosm\u00e9ticos\",\"potentialAction\":[{\"@type\":\"SearchAction\",\"target\":{\"@type\":\"EntryPoint\",\"urlTemplate\":\"https:\/\/apoderma.com\/inicio\/?s={search_term_string}\"},\"query-input\":{\"@type\":\"PropertyValueSpecification\",\"valueRequired\":true,\"valueName\":\"search_term_string\"}}],\"inLanguage\":\"es\"}]}<\/script>\n<!-- \/ Yoast SEO plugin. -->","yoast_head_json":{"title":"Heliocare 360\u00ba MD AK Fluid 50 mL - Apo Derma Store","description":"Heliocare 360 MD AK Fluid de Cantabria Labs brinda fotoprotecci\u00f3n de amplio espectro y es coadyuvante del tratamiento de queratoris act\u00ednica.","robots":{"index":"index","follow":"follow","max-snippet":"max-snippet:-1","max-image-preview":"max-image-preview:large","max-video-preview":"max-video-preview:-1"},"canonical":"https:\/\/apoderma.com\/inicio\/producto\/heliocare-360o-md-ak-fluid-50-ml\/","og_locale":"es_ES","og_type":"article","og_title":"Heliocare 360\u00ba MD AK Fluid 50 mL - Apo Derma Store","og_description":"Heliocare 360 MD AK Fluid de Cantabria Labs brinda fotoprotecci\u00f3n de amplio espectro y es coadyuvante del tratamiento de queratoris act\u00ednica.","og_url":"https:\/\/apoderma.com\/inicio\/producto\/heliocare-360o-md-ak-fluid-50-ml\/","og_site_name":"Apo Derma Store","article_modified_time":"2026-02-07T20:51:03+00:00","og_image":[{"width":800,"height":800,"url":"https:\/\/apoderma.com\/inicio\/wp-content\/uploads\/2022\/12\/heliocare_md_ak-1.png","type":"image\/png"}],"twitter_card":"summary_large_image","twitter_misc":{"Tiempo de lectura":"2 minutos"},"schema":{"@context":"https:\/\/schema.org","@graph":[{"@type":"WebPage","@id":"https:\/\/apoderma.com\/inicio\/producto\/heliocare-360o-md-ak-fluid-50-ml\/","url":"https:\/\/apoderma.com\/inicio\/producto\/heliocare-360o-md-ak-fluid-50-ml\/","name":"Heliocare 360\u00ba MD AK Fluid 50 mL - Apo Derma Store","isPartOf":{"@id":"https:\/\/apoderma.com\/inicio\/#website"},"primaryImageOfPage":{"@id":"https:\/\/apoderma.com\/inicio\/producto\/heliocare-360o-md-ak-fluid-50-ml\/#primaryimage"},"image":{"@id":"https:\/\/apoderma.com\/inicio\/producto\/heliocare-360o-md-ak-fluid-50-ml\/#primaryimage"},"thumbnailUrl":"https:\/\/apoderma.com\/inicio\/wp-content\/uploads\/2022\/12\/heliocare_md_ak-1.png","datePublished":"2022-12-21T17:29:18+00:00","dateModified":"2026-02-07T20:51:03+00:00","description":"Heliocare 360 MD AK Fluid de Cantabria Labs brinda fotoprotecci\u00f3n de amplio espectro y es coadyuvante del tratamiento de queratoris act\u00ednica.","breadcrumb":{"@id":"https:\/\/apoderma.com\/inicio\/producto\/heliocare-360o-md-ak-fluid-50-ml\/#breadcrumb"},"inLanguage":"es","potentialAction":[{"@type":"ReadAction","target":["https:\/\/apoderma.com\/inicio\/producto\/heliocare-360o-md-ak-fluid-50-ml\/"]}]},{"@type":"ImageObject","inLanguage":"es","@id":"https:\/\/apoderma.com\/inicio\/producto\/heliocare-360o-md-ak-fluid-50-ml\/#primaryimage","url":"https:\/\/apoderma.com\/inicio\/wp-content\/uploads\/2022\/12\/heliocare_md_ak-1.png","contentUrl":"https:\/\/apoderma.com\/inicio\/wp-content\/uploads\/2022\/12\/heliocare_md_ak-1.png","width":800,"height":800,"caption":"Heliocare 360 MD AK Fluid"},{"@type":"BreadcrumbList","@id":"https:\/\/apoderma.com\/inicio\/producto\/heliocare-360o-md-ak-fluid-50-ml\/#breadcrumb","itemListElement":[{"@type":"ListItem","position":1,"name":"Portada","item":"https:\/\/apoderma.com\/inicio\/"},{"@type":"ListItem","position":2,"name":"Tienda Dermocosm\u00e9tica","item":"https:\/\/apoderma.com\/inicio\/tienda-dermocosmetica\/"},{"@type":"ListItem","position":3,"name":"Heliocare 360\u00ba MD AK Fluid 50 mL"}]},{"@type":"WebSite","@id":"https:\/\/apoderma.com\/inicio\/#website","url":"https:\/\/apoderma.com\/inicio\/","name":"Apo Derma Store","description":"Venta de productos cosm\u00e9ticos","potentialAction":[{"@type":"SearchAction","target":{"@type":"EntryPoint","urlTemplate":"https:\/\/apoderma.com\/inicio\/?s={search_term_string}"},"query-input":{"@type":"PropertyValueSpecification","valueRequired":true,"valueName":"search_term_string"}}],"inLanguage":"es"}]}},"_links":{"self":[{"href":"https:\/\/apoderma.com\/inicio\/wp-json\/wp\/v2\/product\/39283","targetHints":{"allow":["GET"]}}],"collection":[{"href":"https:\/\/apoderma.com\/inicio\/wp-json\/wp\/v2\/product"}],"about":[{"href":"https:\/\/apoderma.com\/inicio\/wp-json\/wp\/v2\/types\/product"}],"wp:featuredmedia":[{"embeddable":true,"href":"https:\/\/apoderma.com\/inicio\/wp-json\/wp\/v2\/media\/39284"}],"wp:attachment":[{"href":"https:\/\/apoderma.com\/inicio\/wp-json\/wp\/v2\/media?parent=39283"}],"wp:term":[{"taxonomy":"product_cat","embeddable":true,"href":"https:\/\/apoderma.com\/inicio\/wp-json\/wp\/v2\/product_cat?post=39283"},{"taxonomy":"product_tag","embeddable":true,"href":"https:\/\/apoderma.com\/inicio\/wp-json\/wp\/v2\/product_tag?post=39283"}],"curies":[{"name":"wp","href":"https:\/\/api.w.org\/{rel}","templated":true}]}}