{"id":39279,"date":"2022-12-16T09:10:58","date_gmt":"2022-12-16T15:10:58","guid":{"rendered":"https:\/\/apoderma.com\/inicio\/?post_type=product&#038;p=39279"},"modified":"2025-11-18T16:20:18","modified_gmt":"2025-11-18T22:20:18","slug":"super-fluid-fps-50","status":"publish","type":"product","link":"https:\/\/apoderma.com\/inicio\/producto\/super-fluid-fps-50\/","title":{"rendered":"Super Fluid FPS 50"},"content":{"rendered":"<ul>\n<li><a href=\"https:\/\/laboratoriosbabe.com\/product\/super-fluid-color-fotoprotector-spf-50\/\">Super Fluid Bab\u00e9<\/a> es un fotoprotector que brinda protecci\u00f3n de amplio espectro: radiaci\u00f3n UVA-UVB, luz azul e IR-A.<\/li>\n<li>Acci\u00f3n hidratante gracias al <strong>\u00c1cido Hialur\u00f3nico<\/strong>.<\/li>\n<li>Acci\u00f3n antipoluci\u00f3n, antioxidante y protectora del ADN gracias a la <strong>Carnosina<\/strong>.<\/li>\n<li>Tono natural y uniforme.<\/li>\n<li>Aportar\u00e1 un tono saludable a tu piel y reducir\u00e1 las peque\u00f1as rojeces o granitos que puedas tener.<\/li>\n<li>Acabado sedoso.<\/li>\n<li>Resistente al agua.<\/li>\n<li>No pica en los ojos<\/li>\n<li>Apto para todo tipo de piel, incluso la m\u00e1s sensible.<\/li>\n<\/ul>\n<h3>Composici\u00f3n:<\/h3>\n<ol>\n<li>\n<p class=\"ac-text ac-subtitle\"><strong>FILTROS SOLARES<\/strong>:\u00a0Combinaci\u00f3n de filtros que ayuda a proteger la piel de los rayos perjudiciales del sol (UVB + UVA).<\/p>\n<\/li>\n<li>\n<p class=\"ac-text ac-subtitle\"><strong>CARNOSINA<\/strong>:\u00a0Antioxidante natural que ayuda a evitar el da\u00f1o producido por los radicales libres procedentes de la contaminaci\u00f3n.<\/p>\n<\/li>\n<li>\n<p class=\"ac-text ac-subtitle\"><strong>\u00c1CIDO HIALUR\u00d3NICO<\/strong>:\u00a0Mantiene la piel hidratada, firme y el\u00e1stica, rellenando las finas l\u00edneas de expresi\u00f3n.<\/p>\n<\/li>\n<\/ol>\n<h3><strong>Modo de uso:<\/strong><\/h3>\n<ol>\n<li>Te recomendamos utilizar fotoprotecci\u00f3n facial a diario.<\/li>\n<li>Aplica una peque\u00f1a cantidad de producto sobre tu mano y masajea sobre el rostro generosamente y de manera uniforme.<\/li>\n<li>Si vas a estar expuesto al sol, aplica el producto 20 minutos antes de la exposici\u00f3n solar.<\/li>\n<li>Reaplica frecuentemente para que tu piel est\u00e9 siempre protegida.<\/li>\n<li>Evita el contacto directo del producto con los ojos.<\/li>\n<li>Puede complementar el cuidado de su piel con el <span style=\"color: #721081;\"><strong><a style=\"color: #721081;\" href=\"https:\/\/apoderma.com\/inicio\/producto\/healthyaging-multi-rejuvenecedor-50-ml\/\">Booster Healthy Aging<\/a> <\/strong><\/span>de Babe para todo tipo de piel.<\/li>\n<\/ol>\n","protected":false},"excerpt":{"rendered":"<p>Fotoprotector facial FPS 50 Alta protecci\u00f3n facial\u00a0 y textura s\u00faper fluida. Apto para todo tipo&hellip;<\/p>\n","protected":false},"featured_media":39280,"template":"","meta":{"_glsr_average":0,"_glsr_ranking":0,"_glsr_reviews":0},"product_cat":[96,89],"product_tag":[179,115],"class_list":{"0":"post-39279","1":"product","2":"type-product","3":"status-publish","4":"has-post-thumbnail","6":"product_brand-babe","7":"product_cat-fotoproteccion","8":"product_cat-rostro","9":"product_tag-fotoproteccion","10":"product_tag-rostro","12":"first","13":"instock","14":"taxable","15":"shipping-taxable","16":"purchasable","17":"product-type-simple","18":"thumb-no-effect","19":"prod-rating-on"},"yoast_head":"<!-- This site is optimized with the Yoast SEO plugin v25.3.1 - https:\/\/yoast.com\/wordpress\/plugins\/seo\/ -->\n<title>Super Fluid FPS 50 - Apo Derma Store<\/title>\n<meta name=\"description\" content=\"Super Fluid Babe brinda muy alta protecci\u00f3n de amplio espectro frente a UVA\/UVB\/IR-A\/HEV con \u00c1cido hialur\u00f3nico. Disponible en ApoDerma Store\" \/>\n<meta name=\"robots\" content=\"index, follow, max-snippet:-1, max-image-preview:large, max-video-preview:-1\" \/>\n<link rel=\"canonical\" href=\"https:\/\/apoderma.com\/inicio\/producto\/super-fluid-fps-50\/\" \/>\n<meta property=\"og:locale\" content=\"es_ES\" \/>\n<meta property=\"og:type\" content=\"article\" \/>\n<meta property=\"og:title\" content=\"Super Fluid FPS 50 - Apo Derma Store\" \/>\n<meta property=\"og:description\" content=\"Super Fluid Babe brinda muy alta protecci\u00f3n de amplio espectro frente a UVA\/UVB\/IR-A\/HEV con \u00c1cido hialur\u00f3nico. Disponible en ApoDerma Store\" \/>\n<meta property=\"og:url\" content=\"https:\/\/apoderma.com\/inicio\/producto\/super-fluid-fps-50\/\" \/>\n<meta property=\"og:site_name\" content=\"Apo Derma Store\" \/>\n<meta property=\"article:modified_time\" content=\"2025-11-18T22:20:18+00:00\" \/>\n<meta property=\"og:image\" content=\"https:\/\/apoderma.com\/inicio\/wp-content\/uploads\/2022\/12\/Superfluid.png\" \/>\n\t<meta property=\"og:image:width\" content=\"850\" \/>\n\t<meta property=\"og:image:height\" content=\"850\" \/>\n\t<meta property=\"og:image:type\" content=\"image\/png\" \/>\n<meta name=\"twitter:card\" content=\"summary_large_image\" \/>\n<meta name=\"twitter:label1\" content=\"Tiempo de lectura\" \/>\n\t<meta name=\"twitter:data1\" content=\"2 minutos\" \/>\n<script type=\"application\/ld+json\" class=\"yoast-schema-graph\">{\"@context\":\"https:\/\/schema.org\",\"@graph\":[{\"@type\":\"WebPage\",\"@id\":\"https:\/\/apoderma.com\/inicio\/producto\/super-fluid-fps-50\/\",\"url\":\"https:\/\/apoderma.com\/inicio\/producto\/super-fluid-fps-50\/\",\"name\":\"Super Fluid FPS 50 - Apo Derma Store\",\"isPartOf\":{\"@id\":\"https:\/\/apoderma.com\/inicio\/#website\"},\"primaryImageOfPage\":{\"@id\":\"https:\/\/apoderma.com\/inicio\/producto\/super-fluid-fps-50\/#primaryimage\"},\"image\":{\"@id\":\"https:\/\/apoderma.com\/inicio\/producto\/super-fluid-fps-50\/#primaryimage\"},\"thumbnailUrl\":\"https:\/\/apoderma.com\/inicio\/wp-content\/uploads\/2022\/12\/Superfluid.png\",\"datePublished\":\"2022-12-16T15:10:58+00:00\",\"dateModified\":\"2025-11-18T22:20:18+00:00\",\"description\":\"Super Fluid Babe brinda muy alta protecci\u00f3n de amplio espectro frente a UVA\/UVB\/IR-A\/HEV con \u00c1cido hialur\u00f3nico. Disponible en ApoDerma Store\",\"breadcrumb\":{\"@id\":\"https:\/\/apoderma.com\/inicio\/producto\/super-fluid-fps-50\/#breadcrumb\"},\"inLanguage\":\"es\",\"potentialAction\":[{\"@type\":\"ReadAction\",\"target\":[\"https:\/\/apoderma.com\/inicio\/producto\/super-fluid-fps-50\/\"]}]},{\"@type\":\"ImageObject\",\"inLanguage\":\"es\",\"@id\":\"https:\/\/apoderma.com\/inicio\/producto\/super-fluid-fps-50\/#primaryimage\",\"url\":\"https:\/\/apoderma.com\/inicio\/wp-content\/uploads\/2022\/12\/Superfluid.png\",\"contentUrl\":\"https:\/\/apoderma.com\/inicio\/wp-content\/uploads\/2022\/12\/Superfluid.png\",\"width\":850,\"height\":850,\"caption\":\"Super Fluid Babe\"},{\"@type\":\"BreadcrumbList\",\"@id\":\"https:\/\/apoderma.com\/inicio\/producto\/super-fluid-fps-50\/#breadcrumb\",\"itemListElement\":[{\"@type\":\"ListItem\",\"position\":1,\"name\":\"Portada\",\"item\":\"https:\/\/apoderma.com\/inicio\/\"},{\"@type\":\"ListItem\",\"position\":2,\"name\":\"Tienda Dermocosm\u00e9tica\",\"item\":\"https:\/\/apoderma.com\/inicio\/tienda-dermocosmetica\/\"},{\"@type\":\"ListItem\",\"position\":3,\"name\":\"Super Fluid FPS 50\"}]},{\"@type\":\"WebSite\",\"@id\":\"https:\/\/apoderma.com\/inicio\/#website\",\"url\":\"https:\/\/apoderma.com\/inicio\/\",\"name\":\"Apo Derma Store\",\"description\":\"Venta de productos cosm\u00e9ticos\",\"potentialAction\":[{\"@type\":\"SearchAction\",\"target\":{\"@type\":\"EntryPoint\",\"urlTemplate\":\"https:\/\/apoderma.com\/inicio\/?s={search_term_string}\"},\"query-input\":{\"@type\":\"PropertyValueSpecification\",\"valueRequired\":true,\"valueName\":\"search_term_string\"}}],\"inLanguage\":\"es\"}]}<\/script>\n<!-- \/ Yoast SEO plugin. -->","yoast_head_json":{"title":"Super Fluid FPS 50 - Apo Derma Store","description":"Super Fluid Babe brinda muy alta protecci\u00f3n de amplio espectro frente a UVA\/UVB\/IR-A\/HEV con \u00c1cido hialur\u00f3nico. Disponible en ApoDerma Store","robots":{"index":"index","follow":"follow","max-snippet":"max-snippet:-1","max-image-preview":"max-image-preview:large","max-video-preview":"max-video-preview:-1"},"canonical":"https:\/\/apoderma.com\/inicio\/producto\/super-fluid-fps-50\/","og_locale":"es_ES","og_type":"article","og_title":"Super Fluid FPS 50 - Apo Derma Store","og_description":"Super Fluid Babe brinda muy alta protecci\u00f3n de amplio espectro frente a UVA\/UVB\/IR-A\/HEV con \u00c1cido hialur\u00f3nico. Disponible en ApoDerma Store","og_url":"https:\/\/apoderma.com\/inicio\/producto\/super-fluid-fps-50\/","og_site_name":"Apo Derma Store","article_modified_time":"2025-11-18T22:20:18+00:00","og_image":[{"width":850,"height":850,"url":"https:\/\/apoderma.com\/inicio\/wp-content\/uploads\/2022\/12\/Superfluid.png","type":"image\/png"}],"twitter_card":"summary_large_image","twitter_misc":{"Tiempo de lectura":"2 minutos"},"schema":{"@context":"https:\/\/schema.org","@graph":[{"@type":"WebPage","@id":"https:\/\/apoderma.com\/inicio\/producto\/super-fluid-fps-50\/","url":"https:\/\/apoderma.com\/inicio\/producto\/super-fluid-fps-50\/","name":"Super Fluid FPS 50 - Apo Derma Store","isPartOf":{"@id":"https:\/\/apoderma.com\/inicio\/#website"},"primaryImageOfPage":{"@id":"https:\/\/apoderma.com\/inicio\/producto\/super-fluid-fps-50\/#primaryimage"},"image":{"@id":"https:\/\/apoderma.com\/inicio\/producto\/super-fluid-fps-50\/#primaryimage"},"thumbnailUrl":"https:\/\/apoderma.com\/inicio\/wp-content\/uploads\/2022\/12\/Superfluid.png","datePublished":"2022-12-16T15:10:58+00:00","dateModified":"2025-11-18T22:20:18+00:00","description":"Super Fluid Babe brinda muy alta protecci\u00f3n de amplio espectro frente a UVA\/UVB\/IR-A\/HEV con \u00c1cido hialur\u00f3nico. Disponible en ApoDerma Store","breadcrumb":{"@id":"https:\/\/apoderma.com\/inicio\/producto\/super-fluid-fps-50\/#breadcrumb"},"inLanguage":"es","potentialAction":[{"@type":"ReadAction","target":["https:\/\/apoderma.com\/inicio\/producto\/super-fluid-fps-50\/"]}]},{"@type":"ImageObject","inLanguage":"es","@id":"https:\/\/apoderma.com\/inicio\/producto\/super-fluid-fps-50\/#primaryimage","url":"https:\/\/apoderma.com\/inicio\/wp-content\/uploads\/2022\/12\/Superfluid.png","contentUrl":"https:\/\/apoderma.com\/inicio\/wp-content\/uploads\/2022\/12\/Superfluid.png","width":850,"height":850,"caption":"Super Fluid Babe"},{"@type":"BreadcrumbList","@id":"https:\/\/apoderma.com\/inicio\/producto\/super-fluid-fps-50\/#breadcrumb","itemListElement":[{"@type":"ListItem","position":1,"name":"Portada","item":"https:\/\/apoderma.com\/inicio\/"},{"@type":"ListItem","position":2,"name":"Tienda Dermocosm\u00e9tica","item":"https:\/\/apoderma.com\/inicio\/tienda-dermocosmetica\/"},{"@type":"ListItem","position":3,"name":"Super Fluid FPS 50"}]},{"@type":"WebSite","@id":"https:\/\/apoderma.com\/inicio\/#website","url":"https:\/\/apoderma.com\/inicio\/","name":"Apo Derma Store","description":"Venta de productos cosm\u00e9ticos","potentialAction":[{"@type":"SearchAction","target":{"@type":"EntryPoint","urlTemplate":"https:\/\/apoderma.com\/inicio\/?s={search_term_string}"},"query-input":{"@type":"PropertyValueSpecification","valueRequired":true,"valueName":"search_term_string"}}],"inLanguage":"es"}]}},"_links":{"self":[{"href":"https:\/\/apoderma.com\/inicio\/wp-json\/wp\/v2\/product\/39279","targetHints":{"allow":["GET"]}}],"collection":[{"href":"https:\/\/apoderma.com\/inicio\/wp-json\/wp\/v2\/product"}],"about":[{"href":"https:\/\/apoderma.com\/inicio\/wp-json\/wp\/v2\/types\/product"}],"wp:featuredmedia":[{"embeddable":true,"href":"https:\/\/apoderma.com\/inicio\/wp-json\/wp\/v2\/media\/39280"}],"wp:attachment":[{"href":"https:\/\/apoderma.com\/inicio\/wp-json\/wp\/v2\/media?parent=39279"}],"wp:term":[{"taxonomy":"product_cat","embeddable":true,"href":"https:\/\/apoderma.com\/inicio\/wp-json\/wp\/v2\/product_cat?post=39279"},{"taxonomy":"product_tag","embeddable":true,"href":"https:\/\/apoderma.com\/inicio\/wp-json\/wp\/v2\/product_tag?post=39279"}],"curies":[{"name":"wp","href":"https:\/\/api.w.org\/{rel}","templated":true}]}}