{"id":39120,"date":"2022-10-01T15:14:18","date_gmt":"2022-10-01T21:14:18","guid":{"rendered":"https:\/\/apoderma.com\/inicio\/?post_type=product&#038;p=39120"},"modified":"2026-02-04T07:29:56","modified_gmt":"2026-02-04T13:29:56","slug":"glyco-a-medium-peeling-30-ml","status":"publish","type":"product","link":"https:\/\/apoderma.com\/inicio\/producto\/glyco-a-medium-peeling-30-ml\/","title":{"rendered":"Glyco A Medium Peeling 30 mL"},"content":{"rendered":"<h3>Especificaciones<\/h3>\n<ul>\n<li><a href=\"https:\/\/www.isispharma.com\/es\/producto\/medium-peeling-12\/\">Glyco A Medium Peeling de Isispharma<\/a> es una crema de noche que contiene \u00c1cido glic\u00f3lico al 12%<\/li>\n<li>Est\u00e1 indicado para el control del exceso en la secreci\u00f3n grasa, imperfecciones en la piel y prevenir los primeros signos de la edad.<\/li>\n<li>Los estudios cl\u00ednicos del Laboratorio indican los siguientes resultados:\n<ul>\n<li>Disminuci\u00f3n de la producci\u00f3n de sebo en un 42 %*<\/li>\n<li>Reducci\u00f3n de las l\u00edneas de expresi\u00f3n y las arrugas en un 18 %**<\/li>\n<li>Cutis m\u00e1s luminoso en el 100 % de los casos***<\/li>\n<li>Piel matificada en el 100 % de los casos***<\/li>\n<li>Piel m\u00e1s lisa en el 100 % de los casos***<\/li>\n<\/ul>\n<\/li>\n<\/ul>\n<div class=\"annotation\">\n<p>*\u00a0Medici\u00f3n del efecto seborregulador en 22\u00a0voluntarios, durante 28\u00a0d\u00edas<br \/>\n**\u00a0Medici\u00f3n del efecto antienvejecimiento en 22\u00a0voluntarios, durante 28\u00a0d\u00edas<br \/>\n***\u00a0Estudio realizado en 20\u00a0voluntarios. Aplicaci\u00f3n una vez al d\u00eda, por la noche, durante 28\u00a0d\u00edas. Autoevaluaci\u00f3n de los\u00a0voluntarios<\/p>\n<ul>\n<li>Probado dermatol\u00f3gicamente<\/li>\n<li>Evitar el contorno de los ojos. En caso de contacto, aclarar con agua abundante.<\/li>\n<li>Resulta fundamental utilizar .<br \/>\n\u2022 Evitar la aplicaci\u00f3n de peelings superficiales durante el per\u00edodo de verano<br \/>\n\u2022 No aplicar el producto en pieles sensibles o sensibilizadas. No combinar con otros productos exfoliantes (qu\u00edmicos o mec\u00e1nicos).<br \/>\n\u2022 No someterse a ning\u00fan peeling en el plazo de las 72\u00a0horas posteriores a una depilaci\u00f3n.<br \/>\n\u2022 Realice una prueba de alergia sobre el pliegue del codo 24 horas antes de la primera aplicaci\u00f3n.<br \/>\n\u2022 No utilizar en caso de embarazo. No utilizar en ni\u00f1os menores de 12 a\u00f1os.<br \/>\n\u2022 Ciertos tratamientos farmacol\u00f3gicos no son compatibles con los peelings. En caso de duda, consulte con un profesional m\u00e9dico.<\/li>\n<\/ul>\n<\/div>\n<h3>Composici\u00f3n<\/h3>\n<div class=\"sp_assets--asset\">\n<div class=\"sp_assets--asset-title-wrapper\">\n<div class=\"sp_assets--asset\">\n<div class=\"sp_assets--asset-title-wrapper\">\n<div class=\"sp_assets--asset\">\n<div class=\"sp_assets--asset-title-wrapper\">\n<ul>\n<li>\u00c1cido glic\u00f3lico 12 %<\/li>\n<\/ul>\n<\/div>\n<\/div>\n<\/div>\n<\/div>\n<div class=\"sp_assets--asset\">\n<h3 class=\"sp_assets--asset-title-wrapper\">Modo de uso:<\/h3>\n<\/div>\n<\/div>\n<\/div>\n<ol>\n<li>Aplicar una fina capa del producto por toda la cara y masajear suavemente hasta su completa absorci\u00f3n, \u00fanicamente <strong><span style=\"color: #60268b;\">por la noche<\/span><\/strong>, <strong><span style=\"color: #60268b;\">de 2 a 3 veces por semana<\/span><\/strong> y despu\u00e9s de realizar una limpieza en profundidad.<\/li>\n<li>La crema de noche GLYCO-A MEDIUM Peeling se ha concebido para que act\u00fae durante la noche, por lo que no precisa aclarado. Sin embargo, en caso de sensaci\u00f3n de malestar, le recomendamos que deje el producto actuar durante al menos 30 minutos, con el fin de beneficiarse de la eficacia de los AHA.<\/li>\n<li>La acci\u00f3n de los AHA sobre la piel puede causar una ligera sensaci\u00f3n de hormigueo. Se trata de una reacci\u00f3n normal que no deber\u00eda persistir m\u00e1s all\u00e1 de unos pocos minutos. En caso de que la sensaci\u00f3n de hormigueo durara m\u00e1s de diez minutos, opte por un producto con una concentraci\u00f3n que se adapte mejor a la sensibilidad de su piel.<\/li>\n<li><a href=\"https:\/\/apoderma.com\/inicio\/categoria-producto\/rostro\/fotoproteccion\/\">Utilizar <strong><span style=\"color: #60268b;\">Fotoprotecci\u00f3n<\/span> <\/strong>solar elevada durante el tratamiento<\/a>, as\u00ed como una semana despu\u00e9s de su interrupci\u00f3n.<\/li>\n<li>Evitar la aplicaci\u00f3n de peelings superficiales durante el per\u00edodo de verano<\/li>\n<li>No aplicar el producto en pieles sensibles o sensibilizadas. No combinar con otros productos exfoliantes (qu\u00edmicos o mec\u00e1nicos).<\/li>\n<li>No someterse a ning\u00fan peeling en el plazo de las 72 horas posteriores a una depilaci\u00f3n.<\/li>\n<li>Realice una prueba de alergia sobre el pliegue del codo 24 horas antes de la primera aplicaci\u00f3n.<\/li>\n<li>No utilizar en caso de embarazo. No utilizar en ni\u00f1os menores de 12 a\u00f1os.<\/li>\n<li>Ciertos tratamientos farmacol\u00f3gicos no son compatibles con los peelings. En caso de duda, consulte con un profesional m\u00e9dico o farmac\u00e9utico.<\/li>\n<\/ol>\n","protected":false},"excerpt":{"rendered":"<p>Crema exfoliante Exceso de sebo, primeros signos de la edad, imperfecciones. &nbsp;<\/p>\n","protected":false},"featured_media":39121,"template":"","meta":{"_glsr_average":0,"_glsr_ranking":0,"_glsr_reviews":0},"product_cat":[93,95,89],"product_tag":[318,331,123],"class_list":{"0":"post-39120","1":"product","2":"type-product","3":"status-publish","4":"has-post-thumbnail","6":"product_brand-isispharma","7":"product_cat-manchas","8":"product_cat-piel-grasa","9":"product_cat-rostro","10":"product_tag-manchas-pigmentarias","11":"product_tag-peeling","12":"product_tag-piel-grasa","14":"first","15":"instock","16":"taxable","17":"shipping-taxable","18":"purchasable","19":"product-type-simple","20":"thumb-no-effect","21":"prod-rating-on"},"yoast_head":"<!-- This site is optimized with the Yoast SEO plugin v25.3.1 - https:\/\/yoast.com\/wordpress\/plugins\/seo\/ -->\n<title>Glyco A Medium Peeling 30 mL - Apo Derma Store<\/title>\n<meta name=\"description\" content=\"Glyco A Medium Peeling de Isispharma es contiene \u00c1cido glic\u00f3lico al 12% para efecto peeling en casa. Disponible en ApoDerma Store\" \/>\n<meta name=\"robots\" content=\"index, follow, max-snippet:-1, max-image-preview:large, max-video-preview:-1\" \/>\n<link rel=\"canonical\" href=\"https:\/\/apoderma.com\/inicio\/producto\/glyco-a-medium-peeling-30-ml\/\" \/>\n<meta property=\"og:locale\" content=\"es_ES\" \/>\n<meta property=\"og:type\" content=\"article\" \/>\n<meta property=\"og:title\" content=\"Glyco A Medium Peeling 30 mL - Apo Derma Store\" \/>\n<meta property=\"og:description\" content=\"Glyco A Medium Peeling de Isispharma es contiene \u00c1cido glic\u00f3lico al 12% para efecto peeling en casa. Disponible en ApoDerma Store\" \/>\n<meta property=\"og:url\" content=\"https:\/\/apoderma.com\/inicio\/producto\/glyco-a-medium-peeling-30-ml\/\" \/>\n<meta property=\"og:site_name\" content=\"Apo Derma Store\" \/>\n<meta property=\"article:modified_time\" content=\"2026-02-04T13:29:56+00:00\" \/>\n<meta property=\"og:image\" content=\"https:\/\/apoderma.com\/inicio\/wp-content\/uploads\/2022\/10\/60039-1.png\" \/>\n\t<meta property=\"og:image:width\" content=\"800\" \/>\n\t<meta property=\"og:image:height\" content=\"800\" \/>\n\t<meta property=\"og:image:type\" content=\"image\/png\" \/>\n<meta name=\"twitter:card\" content=\"summary_large_image\" \/>\n<meta name=\"twitter:label1\" content=\"Tiempo de lectura\" \/>\n\t<meta name=\"twitter:data1\" content=\"3 minutos\" \/>\n<script type=\"application\/ld+json\" class=\"yoast-schema-graph\">{\"@context\":\"https:\/\/schema.org\",\"@graph\":[{\"@type\":\"WebPage\",\"@id\":\"https:\/\/apoderma.com\/inicio\/producto\/glyco-a-medium-peeling-30-ml\/\",\"url\":\"https:\/\/apoderma.com\/inicio\/producto\/glyco-a-medium-peeling-30-ml\/\",\"name\":\"Glyco A Medium Peeling 30 mL - Apo Derma Store\",\"isPartOf\":{\"@id\":\"https:\/\/apoderma.com\/inicio\/#website\"},\"primaryImageOfPage\":{\"@id\":\"https:\/\/apoderma.com\/inicio\/producto\/glyco-a-medium-peeling-30-ml\/#primaryimage\"},\"image\":{\"@id\":\"https:\/\/apoderma.com\/inicio\/producto\/glyco-a-medium-peeling-30-ml\/#primaryimage\"},\"thumbnailUrl\":\"https:\/\/apoderma.com\/inicio\/wp-content\/uploads\/2022\/10\/60039-1.png\",\"datePublished\":\"2022-10-01T21:14:18+00:00\",\"dateModified\":\"2026-02-04T13:29:56+00:00\",\"description\":\"Glyco A Medium Peeling de Isispharma es contiene \u00c1cido glic\u00f3lico al 12% para efecto peeling en casa. Disponible en ApoDerma Store\",\"breadcrumb\":{\"@id\":\"https:\/\/apoderma.com\/inicio\/producto\/glyco-a-medium-peeling-30-ml\/#breadcrumb\"},\"inLanguage\":\"es\",\"potentialAction\":[{\"@type\":\"ReadAction\",\"target\":[\"https:\/\/apoderma.com\/inicio\/producto\/glyco-a-medium-peeling-30-ml\/\"]}]},{\"@type\":\"ImageObject\",\"inLanguage\":\"es\",\"@id\":\"https:\/\/apoderma.com\/inicio\/producto\/glyco-a-medium-peeling-30-ml\/#primaryimage\",\"url\":\"https:\/\/apoderma.com\/inicio\/wp-content\/uploads\/2022\/10\/60039-1.png\",\"contentUrl\":\"https:\/\/apoderma.com\/inicio\/wp-content\/uploads\/2022\/10\/60039-1.png\",\"width\":800,\"height\":800,\"caption\":\"Glyco A Medium Peeling\"},{\"@type\":\"BreadcrumbList\",\"@id\":\"https:\/\/apoderma.com\/inicio\/producto\/glyco-a-medium-peeling-30-ml\/#breadcrumb\",\"itemListElement\":[{\"@type\":\"ListItem\",\"position\":1,\"name\":\"Portada\",\"item\":\"https:\/\/apoderma.com\/inicio\/\"},{\"@type\":\"ListItem\",\"position\":2,\"name\":\"Tienda Dermocosm\u00e9tica\",\"item\":\"https:\/\/apoderma.com\/inicio\/tienda-dermocosmetica\/\"},{\"@type\":\"ListItem\",\"position\":3,\"name\":\"Glyco A Medium Peeling 30 mL\"}]},{\"@type\":\"WebSite\",\"@id\":\"https:\/\/apoderma.com\/inicio\/#website\",\"url\":\"https:\/\/apoderma.com\/inicio\/\",\"name\":\"Apo Derma Store\",\"description\":\"Venta de productos cosm\u00e9ticos\",\"potentialAction\":[{\"@type\":\"SearchAction\",\"target\":{\"@type\":\"EntryPoint\",\"urlTemplate\":\"https:\/\/apoderma.com\/inicio\/?s={search_term_string}\"},\"query-input\":{\"@type\":\"PropertyValueSpecification\",\"valueRequired\":true,\"valueName\":\"search_term_string\"}}],\"inLanguage\":\"es\"}]}<\/script>\n<!-- \/ Yoast SEO plugin. -->","yoast_head_json":{"title":"Glyco A Medium Peeling 30 mL - Apo Derma Store","description":"Glyco A Medium Peeling de Isispharma es contiene \u00c1cido glic\u00f3lico al 12% para efecto peeling en casa. Disponible en ApoDerma Store","robots":{"index":"index","follow":"follow","max-snippet":"max-snippet:-1","max-image-preview":"max-image-preview:large","max-video-preview":"max-video-preview:-1"},"canonical":"https:\/\/apoderma.com\/inicio\/producto\/glyco-a-medium-peeling-30-ml\/","og_locale":"es_ES","og_type":"article","og_title":"Glyco A Medium Peeling 30 mL - Apo Derma Store","og_description":"Glyco A Medium Peeling de Isispharma es contiene \u00c1cido glic\u00f3lico al 12% para efecto peeling en casa. Disponible en ApoDerma Store","og_url":"https:\/\/apoderma.com\/inicio\/producto\/glyco-a-medium-peeling-30-ml\/","og_site_name":"Apo Derma Store","article_modified_time":"2026-02-04T13:29:56+00:00","og_image":[{"width":800,"height":800,"url":"https:\/\/apoderma.com\/inicio\/wp-content\/uploads\/2022\/10\/60039-1.png","type":"image\/png"}],"twitter_card":"summary_large_image","twitter_misc":{"Tiempo de lectura":"3 minutos"},"schema":{"@context":"https:\/\/schema.org","@graph":[{"@type":"WebPage","@id":"https:\/\/apoderma.com\/inicio\/producto\/glyco-a-medium-peeling-30-ml\/","url":"https:\/\/apoderma.com\/inicio\/producto\/glyco-a-medium-peeling-30-ml\/","name":"Glyco A Medium Peeling 30 mL - Apo Derma Store","isPartOf":{"@id":"https:\/\/apoderma.com\/inicio\/#website"},"primaryImageOfPage":{"@id":"https:\/\/apoderma.com\/inicio\/producto\/glyco-a-medium-peeling-30-ml\/#primaryimage"},"image":{"@id":"https:\/\/apoderma.com\/inicio\/producto\/glyco-a-medium-peeling-30-ml\/#primaryimage"},"thumbnailUrl":"https:\/\/apoderma.com\/inicio\/wp-content\/uploads\/2022\/10\/60039-1.png","datePublished":"2022-10-01T21:14:18+00:00","dateModified":"2026-02-04T13:29:56+00:00","description":"Glyco A Medium Peeling de Isispharma es contiene \u00c1cido glic\u00f3lico al 12% para efecto peeling en casa. Disponible en ApoDerma Store","breadcrumb":{"@id":"https:\/\/apoderma.com\/inicio\/producto\/glyco-a-medium-peeling-30-ml\/#breadcrumb"},"inLanguage":"es","potentialAction":[{"@type":"ReadAction","target":["https:\/\/apoderma.com\/inicio\/producto\/glyco-a-medium-peeling-30-ml\/"]}]},{"@type":"ImageObject","inLanguage":"es","@id":"https:\/\/apoderma.com\/inicio\/producto\/glyco-a-medium-peeling-30-ml\/#primaryimage","url":"https:\/\/apoderma.com\/inicio\/wp-content\/uploads\/2022\/10\/60039-1.png","contentUrl":"https:\/\/apoderma.com\/inicio\/wp-content\/uploads\/2022\/10\/60039-1.png","width":800,"height":800,"caption":"Glyco A Medium Peeling"},{"@type":"BreadcrumbList","@id":"https:\/\/apoderma.com\/inicio\/producto\/glyco-a-medium-peeling-30-ml\/#breadcrumb","itemListElement":[{"@type":"ListItem","position":1,"name":"Portada","item":"https:\/\/apoderma.com\/inicio\/"},{"@type":"ListItem","position":2,"name":"Tienda Dermocosm\u00e9tica","item":"https:\/\/apoderma.com\/inicio\/tienda-dermocosmetica\/"},{"@type":"ListItem","position":3,"name":"Glyco A Medium Peeling 30 mL"}]},{"@type":"WebSite","@id":"https:\/\/apoderma.com\/inicio\/#website","url":"https:\/\/apoderma.com\/inicio\/","name":"Apo Derma Store","description":"Venta de productos cosm\u00e9ticos","potentialAction":[{"@type":"SearchAction","target":{"@type":"EntryPoint","urlTemplate":"https:\/\/apoderma.com\/inicio\/?s={search_term_string}"},"query-input":{"@type":"PropertyValueSpecification","valueRequired":true,"valueName":"search_term_string"}}],"inLanguage":"es"}]}},"_links":{"self":[{"href":"https:\/\/apoderma.com\/inicio\/wp-json\/wp\/v2\/product\/39120","targetHints":{"allow":["GET"]}}],"collection":[{"href":"https:\/\/apoderma.com\/inicio\/wp-json\/wp\/v2\/product"}],"about":[{"href":"https:\/\/apoderma.com\/inicio\/wp-json\/wp\/v2\/types\/product"}],"wp:featuredmedia":[{"embeddable":true,"href":"https:\/\/apoderma.com\/inicio\/wp-json\/wp\/v2\/media\/39121"}],"wp:attachment":[{"href":"https:\/\/apoderma.com\/inicio\/wp-json\/wp\/v2\/media?parent=39120"}],"wp:term":[{"taxonomy":"product_cat","embeddable":true,"href":"https:\/\/apoderma.com\/inicio\/wp-json\/wp\/v2\/product_cat?post=39120"},{"taxonomy":"product_tag","embeddable":true,"href":"https:\/\/apoderma.com\/inicio\/wp-json\/wp\/v2\/product_tag?post=39120"}],"curies":[{"name":"wp","href":"https:\/\/api.w.org\/{rel}","templated":true}]}}