{"id":38977,"date":"2022-08-08T12:42:28","date_gmt":"2022-08-08T18:42:28","guid":{"rendered":"https:\/\/apoderma.com\/inicio\/?post_type=product&#038;p=38977"},"modified":"2026-02-07T14:52:54","modified_gmt":"2026-02-07T20:52:54","slug":"endocare-tensage-crema-nutritiva-50-ml","status":"publish","type":"product","link":"https:\/\/apoderma.com\/inicio\/producto\/endocare-tensage-crema-nutritiva-50-ml\/","title":{"rendered":"Endocare Tensage Crema Nutritiva 50 mL"},"content":{"rendered":"<h2>Especificaciones<\/h2>\n<ul>\n<li><strong><span style=\"color: #60268b;\"><a style=\"color: #60268b;\" href=\"https:\/\/www.cantabrialabs.es\/productos\/biretix-tri-active-spray\/\"><span style=\"color: #60268b;\">Endocare Tensage Crema Nutritiva<\/span>\u00a0de Cantabria Labs<\/a><\/span><\/strong>, es una crema refirmante y regenerante para pieles normales a secas.<\/li>\n<li>Desarrollada con un activo con efecto tensor y regenerador, el cual ayuda a preservar la elasticidad de la piel.<\/li>\n<li>Redefine el \u00f3valo facial para una piel m\u00e1s luminosa, lisa y nutrida.<\/li>\n<li>Sus principales caracter\u00edsticas son:\n<ul>\n<li>Efecto tensor inmediato<\/li>\n<li>Regenerador d\u00e9rmico<\/li>\n<li>Hidratantes y nutritiva<\/li>\n<\/ul>\n<\/li>\n<li>Es un tratamiento antiedad espec\u00edfico que act\u00faa devolviendo la firmeza y elasticidad perdida de todo tipo de pieles.<\/li>\n<li>Tambi\u00e9n es un coadyuvante a t\u00e9cnicas dermocosm\u00e9ticas dirigidas a la mejora de problemas de flacidez facial, como puede ser relleno de arrugas y rejuvenecimientos faciales por medio de l\u00e1ser o peeling.<\/li>\n<li>Testado bajo control dermatol\u00f3gico<\/li>\n<\/ul>\n<h2>Composici\u00f3n:<\/h2>\n<p>Su f\u00f3rmula incorpora la exclusiva tecnolog\u00eda RetinSphere\u00ae Technology y su innovador activo BIOPEP 15 que reduce la proliferaci\u00f3n de microrganismos, en combinaci\u00f3n con activos exfoliantes y despigmentantes.<\/p>\n<ol>\n<li><a href=\"https:\/\/www.cantabrialabs.com\/nosotros\/id\/sca-growth-factor-technology\/\">SCA\u00ae Growth Factor Technology<\/a>: factores de crecimiento que act\u00faan directamente sobre los fibriblastos para reparar y estimular las c\u00e9lulas las c\u00e9lulas envejecidas y puedan sintetizar col\u00e1geno.<\/li>\n<li>Tensderm:<\/li>\n<li>Vitamina E<\/li>\n<\/ol>\n<h2 class=\"h1\"><strong>Modo de uso:<\/strong><\/h2>\n<ol>\n<li>Realice la limpieza de su rostro con un producto adecuado a su condici\u00f3n, puede ver opciones <strong><span style=\"color: #60268b;\"><a style=\"color: #60268b;\" href=\"https:\/\/apoderma.com\/inicio\/categoria-producto\/rostro\/limpieza\/page\/2\/\">aqu\u00ed<\/a><\/span><\/strong>.<\/li>\n<li>Aplicar por la ma\u00f1ana y la noche en cara y cuello con la piel perfectamente limpia.<\/li>\n<li>Permite el uso de maquillaje tras su aplicaci\u00f3n.<\/li>\n<li>Durante el d\u00eda luego de la crema recomendamos <a href=\"https:\/\/apoderma.com\/inicio\/producto\/heliocare-360-age-active-fluid-spf-50\/\">Heliocare Age Active Fluid<\/a>.<\/li>\n<\/ol>\n<h2>Advertencias:<\/h2>\n<p>Uso externo.<\/p>\n<p>Conservar a temperatura inferior a 40 \u00b0C.<\/p>\n","protected":false},"excerpt":{"rendered":"<p>Nutritiva, regeneradora, antiarrugas con efecto tensor inmediato Crema de textura rica que devuelve a la&hellip;<\/p>\n","protected":false},"featured_media":38996,"template":"","meta":{"_glsr_average":0,"_glsr_ranking":0,"_glsr_reviews":0},"product_cat":[89,92],"product_tag":[178,319,191,115],"class_list":{"0":"post-38977","1":"product","2":"type-product","3":"status-publish","4":"has-post-thumbnail","6":"product_brand-cantabria_labs","7":"product_cat-rostro","8":"product_cat-signos-de-la-edad","9":"product_tag-anti-envejecimiento","10":"product_tag-elasticidad","11":"product_tag-firmeza","12":"product_tag-rostro","14":"first","15":"instock","16":"taxable","17":"shipping-taxable","18":"purchasable","19":"product-type-simple","20":"thumb-no-effect","21":"prod-rating-on"},"yoast_head":"<!-- This site is optimized with the Yoast SEO plugin v25.3.1 - https:\/\/yoast.com\/wordpress\/plugins\/seo\/ -->\n<title>Endocare Tensage Crema Nutritiva 50 mL - Apo Derma Store<\/title>\n<meta name=\"description\" content=\"Endocare Tensage Crema Nutritiva de Cantabria Labs nutre, reafirma y regenera pieles normales y secas. Disponible en ApoDerma Store.\" \/>\n<meta name=\"robots\" content=\"index, follow, max-snippet:-1, max-image-preview:large, max-video-preview:-1\" \/>\n<link rel=\"canonical\" href=\"https:\/\/apoderma.com\/inicio\/producto\/endocare-tensage-crema-nutritiva-50-ml\/\" \/>\n<meta property=\"og:locale\" content=\"es_ES\" \/>\n<meta property=\"og:type\" content=\"article\" \/>\n<meta property=\"og:title\" content=\"Endocare Tensage Crema Nutritiva 50 mL - Apo Derma Store\" \/>\n<meta property=\"og:description\" content=\"Endocare Tensage Crema Nutritiva de Cantabria Labs nutre, reafirma y regenera pieles normales y secas. Disponible en ApoDerma Store.\" \/>\n<meta property=\"og:url\" content=\"https:\/\/apoderma.com\/inicio\/producto\/endocare-tensage-crema-nutritiva-50-ml\/\" \/>\n<meta property=\"og:site_name\" content=\"Apo Derma Store\" \/>\n<meta property=\"article:modified_time\" content=\"2026-02-07T20:52:54+00:00\" \/>\n<meta property=\"og:image\" content=\"https:\/\/apoderma.com\/inicio\/wp-content\/uploads\/2022\/08\/0306-1.png\" \/>\n\t<meta property=\"og:image:width\" content=\"800\" \/>\n\t<meta property=\"og:image:height\" content=\"800\" \/>\n\t<meta property=\"og:image:type\" content=\"image\/png\" \/>\n<meta name=\"twitter:card\" content=\"summary_large_image\" \/>\n<meta name=\"twitter:label1\" content=\"Tiempo de lectura\" \/>\n\t<meta name=\"twitter:data1\" content=\"2 minutos\" \/>\n<script type=\"application\/ld+json\" class=\"yoast-schema-graph\">{\"@context\":\"https:\/\/schema.org\",\"@graph\":[{\"@type\":\"WebPage\",\"@id\":\"https:\/\/apoderma.com\/inicio\/producto\/endocare-tensage-crema-nutritiva-50-ml\/\",\"url\":\"https:\/\/apoderma.com\/inicio\/producto\/endocare-tensage-crema-nutritiva-50-ml\/\",\"name\":\"Endocare Tensage Crema Nutritiva 50 mL - Apo Derma Store\",\"isPartOf\":{\"@id\":\"https:\/\/apoderma.com\/inicio\/#website\"},\"primaryImageOfPage\":{\"@id\":\"https:\/\/apoderma.com\/inicio\/producto\/endocare-tensage-crema-nutritiva-50-ml\/#primaryimage\"},\"image\":{\"@id\":\"https:\/\/apoderma.com\/inicio\/producto\/endocare-tensage-crema-nutritiva-50-ml\/#primaryimage\"},\"thumbnailUrl\":\"https:\/\/apoderma.com\/inicio\/wp-content\/uploads\/2022\/08\/0306-1.png\",\"datePublished\":\"2022-08-08T18:42:28+00:00\",\"dateModified\":\"2026-02-07T20:52:54+00:00\",\"description\":\"Endocare Tensage Crema Nutritiva de Cantabria Labs nutre, reafirma y regenera pieles normales y secas. Disponible en ApoDerma Store.\",\"breadcrumb\":{\"@id\":\"https:\/\/apoderma.com\/inicio\/producto\/endocare-tensage-crema-nutritiva-50-ml\/#breadcrumb\"},\"inLanguage\":\"es\",\"potentialAction\":[{\"@type\":\"ReadAction\",\"target\":[\"https:\/\/apoderma.com\/inicio\/producto\/endocare-tensage-crema-nutritiva-50-ml\/\"]}]},{\"@type\":\"ImageObject\",\"inLanguage\":\"es\",\"@id\":\"https:\/\/apoderma.com\/inicio\/producto\/endocare-tensage-crema-nutritiva-50-ml\/#primaryimage\",\"url\":\"https:\/\/apoderma.com\/inicio\/wp-content\/uploads\/2022\/08\/0306-1.png\",\"contentUrl\":\"https:\/\/apoderma.com\/inicio\/wp-content\/uploads\/2022\/08\/0306-1.png\",\"width\":800,\"height\":800,\"caption\":\"Endocare Tensage\"},{\"@type\":\"BreadcrumbList\",\"@id\":\"https:\/\/apoderma.com\/inicio\/producto\/endocare-tensage-crema-nutritiva-50-ml\/#breadcrumb\",\"itemListElement\":[{\"@type\":\"ListItem\",\"position\":1,\"name\":\"Portada\",\"item\":\"https:\/\/apoderma.com\/inicio\/\"},{\"@type\":\"ListItem\",\"position\":2,\"name\":\"Tienda Dermocosm\u00e9tica\",\"item\":\"https:\/\/apoderma.com\/inicio\/tienda-dermocosmetica\/\"},{\"@type\":\"ListItem\",\"position\":3,\"name\":\"Endocare Tensage Crema Nutritiva 50 mL\"}]},{\"@type\":\"WebSite\",\"@id\":\"https:\/\/apoderma.com\/inicio\/#website\",\"url\":\"https:\/\/apoderma.com\/inicio\/\",\"name\":\"Apo Derma Store\",\"description\":\"Venta de productos cosm\u00e9ticos\",\"potentialAction\":[{\"@type\":\"SearchAction\",\"target\":{\"@type\":\"EntryPoint\",\"urlTemplate\":\"https:\/\/apoderma.com\/inicio\/?s={search_term_string}\"},\"query-input\":{\"@type\":\"PropertyValueSpecification\",\"valueRequired\":true,\"valueName\":\"search_term_string\"}}],\"inLanguage\":\"es\"}]}<\/script>\n<!-- \/ Yoast SEO plugin. -->","yoast_head_json":{"title":"Endocare Tensage Crema Nutritiva 50 mL - Apo Derma Store","description":"Endocare Tensage Crema Nutritiva de Cantabria Labs nutre, reafirma y regenera pieles normales y secas. Disponible en ApoDerma Store.","robots":{"index":"index","follow":"follow","max-snippet":"max-snippet:-1","max-image-preview":"max-image-preview:large","max-video-preview":"max-video-preview:-1"},"canonical":"https:\/\/apoderma.com\/inicio\/producto\/endocare-tensage-crema-nutritiva-50-ml\/","og_locale":"es_ES","og_type":"article","og_title":"Endocare Tensage Crema Nutritiva 50 mL - Apo Derma Store","og_description":"Endocare Tensage Crema Nutritiva de Cantabria Labs nutre, reafirma y regenera pieles normales y secas. Disponible en ApoDerma Store.","og_url":"https:\/\/apoderma.com\/inicio\/producto\/endocare-tensage-crema-nutritiva-50-ml\/","og_site_name":"Apo Derma Store","article_modified_time":"2026-02-07T20:52:54+00:00","og_image":[{"width":800,"height":800,"url":"https:\/\/apoderma.com\/inicio\/wp-content\/uploads\/2022\/08\/0306-1.png","type":"image\/png"}],"twitter_card":"summary_large_image","twitter_misc":{"Tiempo de lectura":"2 minutos"},"schema":{"@context":"https:\/\/schema.org","@graph":[{"@type":"WebPage","@id":"https:\/\/apoderma.com\/inicio\/producto\/endocare-tensage-crema-nutritiva-50-ml\/","url":"https:\/\/apoderma.com\/inicio\/producto\/endocare-tensage-crema-nutritiva-50-ml\/","name":"Endocare Tensage Crema Nutritiva 50 mL - Apo Derma Store","isPartOf":{"@id":"https:\/\/apoderma.com\/inicio\/#website"},"primaryImageOfPage":{"@id":"https:\/\/apoderma.com\/inicio\/producto\/endocare-tensage-crema-nutritiva-50-ml\/#primaryimage"},"image":{"@id":"https:\/\/apoderma.com\/inicio\/producto\/endocare-tensage-crema-nutritiva-50-ml\/#primaryimage"},"thumbnailUrl":"https:\/\/apoderma.com\/inicio\/wp-content\/uploads\/2022\/08\/0306-1.png","datePublished":"2022-08-08T18:42:28+00:00","dateModified":"2026-02-07T20:52:54+00:00","description":"Endocare Tensage Crema Nutritiva de Cantabria Labs nutre, reafirma y regenera pieles normales y secas. Disponible en ApoDerma Store.","breadcrumb":{"@id":"https:\/\/apoderma.com\/inicio\/producto\/endocare-tensage-crema-nutritiva-50-ml\/#breadcrumb"},"inLanguage":"es","potentialAction":[{"@type":"ReadAction","target":["https:\/\/apoderma.com\/inicio\/producto\/endocare-tensage-crema-nutritiva-50-ml\/"]}]},{"@type":"ImageObject","inLanguage":"es","@id":"https:\/\/apoderma.com\/inicio\/producto\/endocare-tensage-crema-nutritiva-50-ml\/#primaryimage","url":"https:\/\/apoderma.com\/inicio\/wp-content\/uploads\/2022\/08\/0306-1.png","contentUrl":"https:\/\/apoderma.com\/inicio\/wp-content\/uploads\/2022\/08\/0306-1.png","width":800,"height":800,"caption":"Endocare Tensage"},{"@type":"BreadcrumbList","@id":"https:\/\/apoderma.com\/inicio\/producto\/endocare-tensage-crema-nutritiva-50-ml\/#breadcrumb","itemListElement":[{"@type":"ListItem","position":1,"name":"Portada","item":"https:\/\/apoderma.com\/inicio\/"},{"@type":"ListItem","position":2,"name":"Tienda Dermocosm\u00e9tica","item":"https:\/\/apoderma.com\/inicio\/tienda-dermocosmetica\/"},{"@type":"ListItem","position":3,"name":"Endocare Tensage Crema Nutritiva 50 mL"}]},{"@type":"WebSite","@id":"https:\/\/apoderma.com\/inicio\/#website","url":"https:\/\/apoderma.com\/inicio\/","name":"Apo Derma Store","description":"Venta de productos cosm\u00e9ticos","potentialAction":[{"@type":"SearchAction","target":{"@type":"EntryPoint","urlTemplate":"https:\/\/apoderma.com\/inicio\/?s={search_term_string}"},"query-input":{"@type":"PropertyValueSpecification","valueRequired":true,"valueName":"search_term_string"}}],"inLanguage":"es"}]}},"_links":{"self":[{"href":"https:\/\/apoderma.com\/inicio\/wp-json\/wp\/v2\/product\/38977","targetHints":{"allow":["GET"]}}],"collection":[{"href":"https:\/\/apoderma.com\/inicio\/wp-json\/wp\/v2\/product"}],"about":[{"href":"https:\/\/apoderma.com\/inicio\/wp-json\/wp\/v2\/types\/product"}],"wp:featuredmedia":[{"embeddable":true,"href":"https:\/\/apoderma.com\/inicio\/wp-json\/wp\/v2\/media\/38996"}],"wp:attachment":[{"href":"https:\/\/apoderma.com\/inicio\/wp-json\/wp\/v2\/media?parent=38977"}],"wp:term":[{"taxonomy":"product_cat","embeddable":true,"href":"https:\/\/apoderma.com\/inicio\/wp-json\/wp\/v2\/product_cat?post=38977"},{"taxonomy":"product_tag","embeddable":true,"href":"https:\/\/apoderma.com\/inicio\/wp-json\/wp\/v2\/product_tag?post=38977"}],"curies":[{"name":"wp","href":"https:\/\/api.w.org\/{rel}","templated":true}]}}