{"id":38969,"date":"2022-08-08T07:36:12","date_gmt":"2022-08-08T13:36:12","guid":{"rendered":"https:\/\/apoderma.com\/inicio\/?post_type=product&#038;p=38969"},"modified":"2025-04-12T13:29:53","modified_gmt":"2025-04-12T19:29:53","slug":"heliocare-360-age-active-fluid-spf-50","status":"publish","type":"product","link":"https:\/\/apoderma.com\/inicio\/producto\/heliocare-360-age-active-fluid-spf-50\/","title":{"rendered":"Heliocare 360 Age Active Fluid SPF 50"},"content":{"rendered":"<h2>Especificaciones:<\/h2>\n<ul>\n<li><a href=\"https:\/\/www.cantabrialabs.es\/productos\/heliocare-360-age-active-fluid-spf-50\/\"><strong><span style=\"color: #60268b;\">Heliocare Age Active Fluid SPF 5<\/span><\/strong><\/a>0 de Cantabria Labs, es un fotoprotector ultraligero para prevenir y corregir los signos del envejecimiento.<\/li>\n<li><span style=\"color: #60268b;\"><strong>Protecci\u00f3n de amplio espectro<\/strong><\/span> (SPF50, PA++++, Visible e Infrarrojo).\u00a0 Contiene un sistema protector exclusivo de amplio espectro, lo cual brinda una mayor protecci\u00f3n frente a las principales radiaciones responsables de las manchas (UVA, HEVL)<\/li>\n<li><span style=\"color: #60268b;\"><strong>Protecci\u00f3n frente a la poluci\u00f3n<\/strong><\/span>: la malla Biopolim\u00e9rica-antipoluci\u00f3n crea un escudo protector que impide que las micro part\u00edculas contaminantes penetren la piel; de esta forma previene la cascada oxidativa y la melanog\u00e9nesis.<\/li>\n<li><span style=\"color: #60268b;\"><strong>Protecci\u00f3n frente a la luz azul:<\/strong><\/span> con Fernblock\u00ae+, activo con potencia ultra antioxidante que protege, neutraliza y repara. Con eficacia demostrada frente a poluci\u00f3n,\u00a0 luz Azul y glicosilasas.<\/li>\n<li>Actividad reparadora del da\u00f1o solar al contener enzimas reparadoras del da\u00f1o solar en el ADN.<\/li>\n<li>Antividad antioxidante.<\/li>\n<li>Acci\u00f3n antifotoenvejecimiento.<\/li>\n<li>Difumina los signos de la edad.<\/li>\n<li>Efecto buena cara al dejar un acabado suave y sedoso.<\/li>\n<li>Resistente al agua y al sudor<\/li>\n<li>No pica en los ojos.<\/li>\n<li>No es comedog\u00e9nico.<\/li>\n<li>Hipoalerg\u00e9nico.<\/li>\n<li>Testado bajo control dermatol\u00f3gico y oftalmol\u00f3gico.<\/li>\n<\/ul>\n<h2>Composici\u00f3n:<\/h2>\n<ol>\n<li>Combinaci\u00f3n \u00f3ptima y estable de filtros solares: Fernblock\u00ae+, TinosorbA2B y Oxido de Hierro para reforzar la protecci\u00f3n frente a UVA y luz visible.<\/li>\n<li>Triple complejo antiedad:\n<ul>\n<li><strong>\u00c1CIDO HIALUR\u00d3NICO<\/strong>: aporta firmeza a la piel, reduce las l\u00edneas de expresi\u00f3n e hidrata la piel en profundidad.<\/li>\n<li><strong>SERINA<\/strong>: amino\u00e1cido que promueve la s\u00edntesis de \u00e1cido hialur\u00f3nico y de fosfol\u00edpidos ayudando a preservar la estructura de las c\u00e9lulas.<\/li>\n<li><strong>TREHALOSA<\/strong>: disac\u00e1rido que act\u00faa como protector celular y reductor del estr\u00e9s oxidativo.<\/li>\n<\/ul>\n<\/li>\n<li>Sistema antipoluci\u00f3n: Tecnolog\u00eda Soft-focus<\/li>\n<\/ol>\n<h2 class=\"h1\"><strong>Modo de uso:<\/strong><\/h2>\n<ol>\n<li>Agite antes de usar, luego aplique de forma generosa y uniforme antes de la exposici\u00f3n solar.<\/li>\n<li>Reaplique frecuentemente, especialmente tras ba\u00f1os prolongados o sudoraci\u00f3n excesiva.<\/li>\n<li>Puede complementar el cuidado de su piel con <a href=\"https:\/\/apoderma.com\/inicio\/categoria-producto\/rostro\/signos-de-la-edad\/page\/2\/\">productos\u00a0 para contrarrestar el efecto del fotoda\u00f1o<\/a>.<\/li>\n<\/ol>\n<h2>Advertencias:<\/h2>\n<p>Uso externo.<\/p>\n<p>Evitar el contacto directo con ojos y mucosas.<\/p>\n<p>Evitar la exposici\u00f3n prolongada al sol durante las horas de m\u00e1s intensidad.<\/p>\n<p>Utilizar ropa, gorro y gafas de sol para protegerse.<\/p>\n<p>No exponer a beb\u00e9s y ni\u00f1os peque\u00f1os directamente al sol.<\/p>\n","protected":false},"excerpt":{"rendered":"<p>Fluido fotoprotector ultraligero para prevenir y corregir los signos del fotoenvejecimiento. Todo tipo de pieles&hellip;<\/p>\n","protected":false},"featured_media":38970,"template":"","meta":{"_glsr_average":0,"_glsr_ranking":0,"_glsr_reviews":0},"product_cat":[96,89],"product_tag":[185,179,115],"class_list":{"0":"post-38969","1":"product","2":"type-product","3":"status-publish","4":"has-post-thumbnail","6":"product_brand-cantabria_labs","7":"product_cat-fotoproteccion","8":"product_cat-rostro","9":"product_tag-anti-edad","10":"product_tag-fotoproteccion","11":"product_tag-rostro","13":"first","14":"outofstock","15":"taxable","16":"shipping-taxable","17":"purchasable","18":"product-type-simple","19":"thumb-no-effect","20":"prod-rating-on"},"yoast_head":"<!-- This site is optimized with the Yoast SEO plugin v25.3.1 - https:\/\/yoast.com\/wordpress\/plugins\/seo\/ -->\n<title>Heliocare 360 Age Active Fluid SPF 50 - Apo Derma Store<\/title>\n<meta name=\"description\" content=\"Heliocare 360 Age Active SPF 50 de Cantabria Labs previene y correge los signos del fotoenvejecimiento Disponible en ApoDerma Store.\" \/>\n<meta name=\"robots\" content=\"index, follow, max-snippet:-1, max-image-preview:large, max-video-preview:-1\" \/>\n<link rel=\"canonical\" href=\"https:\/\/apoderma.com\/inicio\/producto\/heliocare-360-age-active-fluid-spf-50\/\" \/>\n<meta property=\"og:locale\" content=\"es_ES\" \/>\n<meta property=\"og:type\" content=\"article\" \/>\n<meta property=\"og:title\" content=\"Heliocare 360 Age Active Fluid SPF 50 - Apo Derma Store\" \/>\n<meta property=\"og:description\" content=\"Heliocare 360 Age Active SPF 50 de Cantabria Labs previene y correge los signos del fotoenvejecimiento Disponible en ApoDerma Store.\" \/>\n<meta property=\"og:url\" content=\"https:\/\/apoderma.com\/inicio\/producto\/heliocare-360-age-active-fluid-spf-50\/\" \/>\n<meta property=\"og:site_name\" content=\"Apo Derma Store\" \/>\n<meta property=\"article:modified_time\" content=\"2025-04-12T19:29:53+00:00\" \/>\n<meta property=\"og:image\" content=\"https:\/\/apoderma.com\/inicio\/wp-content\/uploads\/2022\/08\/0165-1.png\" \/>\n\t<meta property=\"og:image:width\" content=\"800\" \/>\n\t<meta property=\"og:image:height\" content=\"800\" \/>\n\t<meta property=\"og:image:type\" content=\"image\/png\" \/>\n<meta name=\"twitter:card\" content=\"summary_large_image\" \/>\n<meta name=\"twitter:label1\" content=\"Tiempo de lectura\" \/>\n\t<meta name=\"twitter:data1\" content=\"2 minutos\" \/>\n<script type=\"application\/ld+json\" class=\"yoast-schema-graph\">{\"@context\":\"https:\/\/schema.org\",\"@graph\":[{\"@type\":\"WebPage\",\"@id\":\"https:\/\/apoderma.com\/inicio\/producto\/heliocare-360-age-active-fluid-spf-50\/\",\"url\":\"https:\/\/apoderma.com\/inicio\/producto\/heliocare-360-age-active-fluid-spf-50\/\",\"name\":\"Heliocare 360 Age Active Fluid SPF 50 - Apo Derma Store\",\"isPartOf\":{\"@id\":\"https:\/\/apoderma.com\/inicio\/#website\"},\"primaryImageOfPage\":{\"@id\":\"https:\/\/apoderma.com\/inicio\/producto\/heliocare-360-age-active-fluid-spf-50\/#primaryimage\"},\"image\":{\"@id\":\"https:\/\/apoderma.com\/inicio\/producto\/heliocare-360-age-active-fluid-spf-50\/#primaryimage\"},\"thumbnailUrl\":\"https:\/\/apoderma.com\/inicio\/wp-content\/uploads\/2022\/08\/0165-1.png\",\"datePublished\":\"2022-08-08T13:36:12+00:00\",\"dateModified\":\"2025-04-12T19:29:53+00:00\",\"description\":\"Heliocare 360 Age Active SPF 50 de Cantabria Labs previene y correge los signos del fotoenvejecimiento Disponible en ApoDerma Store.\",\"breadcrumb\":{\"@id\":\"https:\/\/apoderma.com\/inicio\/producto\/heliocare-360-age-active-fluid-spf-50\/#breadcrumb\"},\"inLanguage\":\"es\",\"potentialAction\":[{\"@type\":\"ReadAction\",\"target\":[\"https:\/\/apoderma.com\/inicio\/producto\/heliocare-360-age-active-fluid-spf-50\/\"]}]},{\"@type\":\"ImageObject\",\"inLanguage\":\"es\",\"@id\":\"https:\/\/apoderma.com\/inicio\/producto\/heliocare-360-age-active-fluid-spf-50\/#primaryimage\",\"url\":\"https:\/\/apoderma.com\/inicio\/wp-content\/uploads\/2022\/08\/0165-1.png\",\"contentUrl\":\"https:\/\/apoderma.com\/inicio\/wp-content\/uploads\/2022\/08\/0165-1.png\",\"width\":800,\"height\":800,\"caption\":\"Heliocare 360 Age Active\"},{\"@type\":\"BreadcrumbList\",\"@id\":\"https:\/\/apoderma.com\/inicio\/producto\/heliocare-360-age-active-fluid-spf-50\/#breadcrumb\",\"itemListElement\":[{\"@type\":\"ListItem\",\"position\":1,\"name\":\"Portada\",\"item\":\"https:\/\/apoderma.com\/inicio\/\"},{\"@type\":\"ListItem\",\"position\":2,\"name\":\"Tienda Dermocosm\u00e9tica\",\"item\":\"https:\/\/apoderma.com\/inicio\/tienda-dermocosmetica\/\"},{\"@type\":\"ListItem\",\"position\":3,\"name\":\"Heliocare 360 Age Active Fluid SPF 50\"}]},{\"@type\":\"WebSite\",\"@id\":\"https:\/\/apoderma.com\/inicio\/#website\",\"url\":\"https:\/\/apoderma.com\/inicio\/\",\"name\":\"Apo Derma Store\",\"description\":\"Venta de productos cosm\u00e9ticos\",\"potentialAction\":[{\"@type\":\"SearchAction\",\"target\":{\"@type\":\"EntryPoint\",\"urlTemplate\":\"https:\/\/apoderma.com\/inicio\/?s={search_term_string}\"},\"query-input\":{\"@type\":\"PropertyValueSpecification\",\"valueRequired\":true,\"valueName\":\"search_term_string\"}}],\"inLanguage\":\"es\"}]}<\/script>\n<!-- \/ Yoast SEO plugin. -->","yoast_head_json":{"title":"Heliocare 360 Age Active Fluid SPF 50 - Apo Derma Store","description":"Heliocare 360 Age Active SPF 50 de Cantabria Labs previene y correge los signos del fotoenvejecimiento Disponible en ApoDerma Store.","robots":{"index":"index","follow":"follow","max-snippet":"max-snippet:-1","max-image-preview":"max-image-preview:large","max-video-preview":"max-video-preview:-1"},"canonical":"https:\/\/apoderma.com\/inicio\/producto\/heliocare-360-age-active-fluid-spf-50\/","og_locale":"es_ES","og_type":"article","og_title":"Heliocare 360 Age Active Fluid SPF 50 - Apo Derma Store","og_description":"Heliocare 360 Age Active SPF 50 de Cantabria Labs previene y correge los signos del fotoenvejecimiento Disponible en ApoDerma Store.","og_url":"https:\/\/apoderma.com\/inicio\/producto\/heliocare-360-age-active-fluid-spf-50\/","og_site_name":"Apo Derma Store","article_modified_time":"2025-04-12T19:29:53+00:00","og_image":[{"width":800,"height":800,"url":"https:\/\/apoderma.com\/inicio\/wp-content\/uploads\/2022\/08\/0165-1.png","type":"image\/png"}],"twitter_card":"summary_large_image","twitter_misc":{"Tiempo de lectura":"2 minutos"},"schema":{"@context":"https:\/\/schema.org","@graph":[{"@type":"WebPage","@id":"https:\/\/apoderma.com\/inicio\/producto\/heliocare-360-age-active-fluid-spf-50\/","url":"https:\/\/apoderma.com\/inicio\/producto\/heliocare-360-age-active-fluid-spf-50\/","name":"Heliocare 360 Age Active Fluid SPF 50 - Apo Derma Store","isPartOf":{"@id":"https:\/\/apoderma.com\/inicio\/#website"},"primaryImageOfPage":{"@id":"https:\/\/apoderma.com\/inicio\/producto\/heliocare-360-age-active-fluid-spf-50\/#primaryimage"},"image":{"@id":"https:\/\/apoderma.com\/inicio\/producto\/heliocare-360-age-active-fluid-spf-50\/#primaryimage"},"thumbnailUrl":"https:\/\/apoderma.com\/inicio\/wp-content\/uploads\/2022\/08\/0165-1.png","datePublished":"2022-08-08T13:36:12+00:00","dateModified":"2025-04-12T19:29:53+00:00","description":"Heliocare 360 Age Active SPF 50 de Cantabria Labs previene y correge los signos del fotoenvejecimiento Disponible en ApoDerma Store.","breadcrumb":{"@id":"https:\/\/apoderma.com\/inicio\/producto\/heliocare-360-age-active-fluid-spf-50\/#breadcrumb"},"inLanguage":"es","potentialAction":[{"@type":"ReadAction","target":["https:\/\/apoderma.com\/inicio\/producto\/heliocare-360-age-active-fluid-spf-50\/"]}]},{"@type":"ImageObject","inLanguage":"es","@id":"https:\/\/apoderma.com\/inicio\/producto\/heliocare-360-age-active-fluid-spf-50\/#primaryimage","url":"https:\/\/apoderma.com\/inicio\/wp-content\/uploads\/2022\/08\/0165-1.png","contentUrl":"https:\/\/apoderma.com\/inicio\/wp-content\/uploads\/2022\/08\/0165-1.png","width":800,"height":800,"caption":"Heliocare 360 Age Active"},{"@type":"BreadcrumbList","@id":"https:\/\/apoderma.com\/inicio\/producto\/heliocare-360-age-active-fluid-spf-50\/#breadcrumb","itemListElement":[{"@type":"ListItem","position":1,"name":"Portada","item":"https:\/\/apoderma.com\/inicio\/"},{"@type":"ListItem","position":2,"name":"Tienda Dermocosm\u00e9tica","item":"https:\/\/apoderma.com\/inicio\/tienda-dermocosmetica\/"},{"@type":"ListItem","position":3,"name":"Heliocare 360 Age Active Fluid SPF 50"}]},{"@type":"WebSite","@id":"https:\/\/apoderma.com\/inicio\/#website","url":"https:\/\/apoderma.com\/inicio\/","name":"Apo Derma Store","description":"Venta de productos cosm\u00e9ticos","potentialAction":[{"@type":"SearchAction","target":{"@type":"EntryPoint","urlTemplate":"https:\/\/apoderma.com\/inicio\/?s={search_term_string}"},"query-input":{"@type":"PropertyValueSpecification","valueRequired":true,"valueName":"search_term_string"}}],"inLanguage":"es"}]}},"_links":{"self":[{"href":"https:\/\/apoderma.com\/inicio\/wp-json\/wp\/v2\/product\/38969","targetHints":{"allow":["GET"]}}],"collection":[{"href":"https:\/\/apoderma.com\/inicio\/wp-json\/wp\/v2\/product"}],"about":[{"href":"https:\/\/apoderma.com\/inicio\/wp-json\/wp\/v2\/types\/product"}],"wp:featuredmedia":[{"embeddable":true,"href":"https:\/\/apoderma.com\/inicio\/wp-json\/wp\/v2\/media\/38970"}],"wp:attachment":[{"href":"https:\/\/apoderma.com\/inicio\/wp-json\/wp\/v2\/media?parent=38969"}],"wp:term":[{"taxonomy":"product_cat","embeddable":true,"href":"https:\/\/apoderma.com\/inicio\/wp-json\/wp\/v2\/product_cat?post=38969"},{"taxonomy":"product_tag","embeddable":true,"href":"https:\/\/apoderma.com\/inicio\/wp-json\/wp\/v2\/product_tag?post=38969"}],"curies":[{"name":"wp","href":"https:\/\/api.w.org\/{rel}","templated":true}]}}