{"id":38789,"date":"2022-04-04T18:23:29","date_gmt":"2022-04-05T00:23:29","guid":{"rendered":"https:\/\/apoderma.com\/inicio\/?post_type=product&#038;p=38789"},"modified":"2025-04-12T17:36:40","modified_gmt":"2025-04-12T23:36:40","slug":"secalia-a-h-a-200-ml","status":"publish","type":"product","link":"https:\/\/apoderma.com\/inicio\/producto\/secalia-a-h-a-200-ml\/","title":{"rendered":"Secalia A.H.A 200 mL"},"content":{"rendered":"<h3>Especificaciones<\/h3>\n<ul>\n<li><a href=\"https:\/\/www.isispharma.com\/es\/producto\/secalia-a-h-a\/\"><strong>Secalia <\/strong><\/a><b>A.H.A <\/b>est\u00e1 dise\u00f1ada\u00a0para la piel seca y con tendencia escamosa.<\/li>\n<li>Este producto elimina y previene la descamaci\u00f3n de la piel.<\/li>\n<li>Contiene sustancias con propriedades hidratantes y reparadoras que ayudar\u00e1n a la piel a recobrar su suavidad y vitalidad.<\/li>\n<li>Resultados de estudios cl\u00ednicos:\n<ul>\n<li>Un \u2013 52%* de descamaci\u00f3n tras 28 d\u00edas de uso.<\/li>\n<li>Un + 78%** de hidrataci\u00f3n tras 8 horas de haber aplicado el producto.\n<div class=\"annotation\">\n<p>Estudio realizado a 20 voluntarios que padecen de una piel seca con tendencia descamativa \/ Laboratorio Dermscan. El producto fue aplicado 1 a 2 veces al d\u00eda durante 28 d\u00edas.<br \/>\n*Medida del efecto keratoreductor del producto sobre el cuerpo. Cotizaci\u00f3n cl\u00ednica efectuada por un dermat\u00f3logo.<br \/>\n**Medida del efecto hidratante empleando el Corneometro\u00ae CM 825.\u00bb<\/p>\n<\/div>\n<\/li>\n<\/ul>\n<\/li>\n<li>Presenta una tolerancia \u00f3ptima gracias a que su f\u00f3rmula sin aroma fue dise\u00f1ada para minimizar los riesgos a una posible reacci\u00f3n.<\/li>\n<li>Dermatol\u00f3gicamente testeado.<\/li>\n<\/ul>\n<h3>Composici\u00f3n<\/h3>\n<div class=\"sp_assets--asset\">\n<div class=\"sp_assets--asset-title-wrapper\">\n<ol>\n<li>A.H.A (\u00e1cido glic\u00f3lico + \u00e1cido l\u00e1ctico): elimina la descamaci\u00f3n de la piel y previenen su aparici\u00f3n<\/li>\n<li>\n<div class=\"sp_assets--asset\">\n<div class=\"sp_assets--asset-title-wrapper\">\n<div class=\"sp_assets--asset-title\">Aceite Inca Inchi + manteca de karit\u00e9 + glicerina vegetal + escualano vegetal: reparan e hidratan la piel de manera prolongada.<\/div>\n<\/div>\n<\/div>\n<\/li>\n<\/ol>\n<\/div>\n<\/div>\n<div class=\"l-grid__item u-1\/1@large u-1\/2@medium\">\n<h3 class=\"c-content theme-royal\">Modo de uso:<\/h3>\n<\/div>\n<ol>\n<li>Producto de aplicaci\u00f3n nocturna<\/li>\n<li>Aplica Secalia A.H.A 1 a 2 veces por semana.<\/li>\n<li>Realiza movimientos circulares hasta que el producto sea absorbido por la piel en su totalidad.<\/li>\n<li>Aplica una protecci\u00f3n solar adaptada a tu piel y sobre las \u00e1reas de la piel expuestas al sol.<\/li>\n<li>Evita exponerte al sol durante el uso de este producto y hasta una semana despu\u00e9s de su interrupci\u00f3n.<\/li>\n<li>Puede complementar el cuidado de su piel con <a href=\"https:\/\/apoderma.com\/inicio\/categoria-producto\/cuerpo\/ducha-y-bano\/\">productos de limpieza especiales para piel seca.<\/a><\/li>\n<\/ol>\n","protected":false},"excerpt":{"rendered":"<p>Leche emoliente queratorreductora Para pieles secas o con tendencia at\u00f3pica. Env\u00edos a todo Costa Rica.\u00a0&hellip;<\/p>\n","protected":false},"featured_media":38790,"template":"","meta":{"_glsr_average":0,"_glsr_ranking":0,"_glsr_reviews":0},"product_cat":[97,98],"product_tag":[267,148],"class_list":{"0":"post-38789","1":"product","2":"type-product","3":"status-publish","4":"has-post-thumbnail","6":"product_brand-isispharma","7":"product_cat-cuerpo","8":"product_cat-piel-seca-o-con-tendencia-atopica","9":"product_tag-piel-atopica","10":"product_tag-piel-seca","12":"first","13":"instock","14":"taxable","15":"shipping-taxable","16":"purchasable","17":"product-type-simple","18":"thumb-no-effect","19":"prod-rating-on"},"yoast_head":"<!-- This site is optimized with the Yoast SEO plugin v25.3.1 - https:\/\/yoast.com\/wordpress\/plugins\/seo\/ -->\n<title>Secalia A.H.A 200 mL - Apo Derma Store<\/title>\n<meta name=\"description\" content=\"Secalia AHA es una crema que elimina la descamaci\u00f3n de la piel y previene su aparici\u00f3n, para piel seca y at\u00f3pica. Disponible en ApoDerma Store\" \/>\n<meta name=\"robots\" content=\"index, follow, max-snippet:-1, max-image-preview:large, max-video-preview:-1\" \/>\n<link rel=\"canonical\" href=\"https:\/\/apoderma.com\/inicio\/producto\/secalia-a-h-a-200-ml\/\" \/>\n<meta property=\"og:locale\" content=\"es_ES\" \/>\n<meta property=\"og:type\" content=\"article\" \/>\n<meta property=\"og:title\" content=\"Secalia A.H.A 200 mL - Apo Derma Store\" \/>\n<meta property=\"og:description\" content=\"Secalia AHA es una crema que elimina la descamaci\u00f3n de la piel y previene su aparici\u00f3n, para piel seca y at\u00f3pica. Disponible en ApoDerma Store\" \/>\n<meta property=\"og:url\" content=\"https:\/\/apoderma.com\/inicio\/producto\/secalia-a-h-a-200-ml\/\" \/>\n<meta property=\"og:site_name\" content=\"Apo Derma Store\" \/>\n<meta property=\"article:modified_time\" content=\"2025-04-12T23:36:40+00:00\" \/>\n<meta property=\"og:image\" content=\"https:\/\/apoderma.com\/inicio\/wp-content\/uploads\/2022\/04\/60016.png\" \/>\n\t<meta property=\"og:image:width\" content=\"800\" \/>\n\t<meta property=\"og:image:height\" content=\"800\" \/>\n\t<meta property=\"og:image:type\" content=\"image\/png\" \/>\n<meta name=\"twitter:card\" content=\"summary_large_image\" \/>\n<meta name=\"twitter:label1\" content=\"Tiempo de lectura\" \/>\n\t<meta name=\"twitter:data1\" content=\"2 minutos\" \/>\n<script type=\"application\/ld+json\" class=\"yoast-schema-graph\">{\"@context\":\"https:\/\/schema.org\",\"@graph\":[{\"@type\":\"WebPage\",\"@id\":\"https:\/\/apoderma.com\/inicio\/producto\/secalia-a-h-a-200-ml\/\",\"url\":\"https:\/\/apoderma.com\/inicio\/producto\/secalia-a-h-a-200-ml\/\",\"name\":\"Secalia A.H.A 200 mL - Apo Derma Store\",\"isPartOf\":{\"@id\":\"https:\/\/apoderma.com\/inicio\/#website\"},\"primaryImageOfPage\":{\"@id\":\"https:\/\/apoderma.com\/inicio\/producto\/secalia-a-h-a-200-ml\/#primaryimage\"},\"image\":{\"@id\":\"https:\/\/apoderma.com\/inicio\/producto\/secalia-a-h-a-200-ml\/#primaryimage\"},\"thumbnailUrl\":\"https:\/\/apoderma.com\/inicio\/wp-content\/uploads\/2022\/04\/60016.png\",\"datePublished\":\"2022-04-05T00:23:29+00:00\",\"dateModified\":\"2025-04-12T23:36:40+00:00\",\"description\":\"Secalia AHA es una crema que elimina la descamaci\u00f3n de la piel y previene su aparici\u00f3n, para piel seca y at\u00f3pica. Disponible en ApoDerma Store\",\"breadcrumb\":{\"@id\":\"https:\/\/apoderma.com\/inicio\/producto\/secalia-a-h-a-200-ml\/#breadcrumb\"},\"inLanguage\":\"es\",\"potentialAction\":[{\"@type\":\"ReadAction\",\"target\":[\"https:\/\/apoderma.com\/inicio\/producto\/secalia-a-h-a-200-ml\/\"]}]},{\"@type\":\"ImageObject\",\"inLanguage\":\"es\",\"@id\":\"https:\/\/apoderma.com\/inicio\/producto\/secalia-a-h-a-200-ml\/#primaryimage\",\"url\":\"https:\/\/apoderma.com\/inicio\/wp-content\/uploads\/2022\/04\/60016.png\",\"contentUrl\":\"https:\/\/apoderma.com\/inicio\/wp-content\/uploads\/2022\/04\/60016.png\",\"width\":800,\"height\":800,\"caption\":\"Secalia AHA\"},{\"@type\":\"BreadcrumbList\",\"@id\":\"https:\/\/apoderma.com\/inicio\/producto\/secalia-a-h-a-200-ml\/#breadcrumb\",\"itemListElement\":[{\"@type\":\"ListItem\",\"position\":1,\"name\":\"Portada\",\"item\":\"https:\/\/apoderma.com\/inicio\/\"},{\"@type\":\"ListItem\",\"position\":2,\"name\":\"Tienda Dermocosm\u00e9tica\",\"item\":\"https:\/\/apoderma.com\/inicio\/tienda-dermocosmetica\/\"},{\"@type\":\"ListItem\",\"position\":3,\"name\":\"Secalia A.H.A 200 mL\"}]},{\"@type\":\"WebSite\",\"@id\":\"https:\/\/apoderma.com\/inicio\/#website\",\"url\":\"https:\/\/apoderma.com\/inicio\/\",\"name\":\"Apo Derma Store\",\"description\":\"Venta de productos cosm\u00e9ticos\",\"potentialAction\":[{\"@type\":\"SearchAction\",\"target\":{\"@type\":\"EntryPoint\",\"urlTemplate\":\"https:\/\/apoderma.com\/inicio\/?s={search_term_string}\"},\"query-input\":{\"@type\":\"PropertyValueSpecification\",\"valueRequired\":true,\"valueName\":\"search_term_string\"}}],\"inLanguage\":\"es\"}]}<\/script>\n<!-- \/ Yoast SEO plugin. -->","yoast_head_json":{"title":"Secalia A.H.A 200 mL - Apo Derma Store","description":"Secalia AHA es una crema que elimina la descamaci\u00f3n de la piel y previene su aparici\u00f3n, para piel seca y at\u00f3pica. Disponible en ApoDerma Store","robots":{"index":"index","follow":"follow","max-snippet":"max-snippet:-1","max-image-preview":"max-image-preview:large","max-video-preview":"max-video-preview:-1"},"canonical":"https:\/\/apoderma.com\/inicio\/producto\/secalia-a-h-a-200-ml\/","og_locale":"es_ES","og_type":"article","og_title":"Secalia A.H.A 200 mL - Apo Derma Store","og_description":"Secalia AHA es una crema que elimina la descamaci\u00f3n de la piel y previene su aparici\u00f3n, para piel seca y at\u00f3pica. Disponible en ApoDerma Store","og_url":"https:\/\/apoderma.com\/inicio\/producto\/secalia-a-h-a-200-ml\/","og_site_name":"Apo Derma Store","article_modified_time":"2025-04-12T23:36:40+00:00","og_image":[{"width":800,"height":800,"url":"https:\/\/apoderma.com\/inicio\/wp-content\/uploads\/2022\/04\/60016.png","type":"image\/png"}],"twitter_card":"summary_large_image","twitter_misc":{"Tiempo de lectura":"2 minutos"},"schema":{"@context":"https:\/\/schema.org","@graph":[{"@type":"WebPage","@id":"https:\/\/apoderma.com\/inicio\/producto\/secalia-a-h-a-200-ml\/","url":"https:\/\/apoderma.com\/inicio\/producto\/secalia-a-h-a-200-ml\/","name":"Secalia A.H.A 200 mL - Apo Derma Store","isPartOf":{"@id":"https:\/\/apoderma.com\/inicio\/#website"},"primaryImageOfPage":{"@id":"https:\/\/apoderma.com\/inicio\/producto\/secalia-a-h-a-200-ml\/#primaryimage"},"image":{"@id":"https:\/\/apoderma.com\/inicio\/producto\/secalia-a-h-a-200-ml\/#primaryimage"},"thumbnailUrl":"https:\/\/apoderma.com\/inicio\/wp-content\/uploads\/2022\/04\/60016.png","datePublished":"2022-04-05T00:23:29+00:00","dateModified":"2025-04-12T23:36:40+00:00","description":"Secalia AHA es una crema que elimina la descamaci\u00f3n de la piel y previene su aparici\u00f3n, para piel seca y at\u00f3pica. Disponible en ApoDerma Store","breadcrumb":{"@id":"https:\/\/apoderma.com\/inicio\/producto\/secalia-a-h-a-200-ml\/#breadcrumb"},"inLanguage":"es","potentialAction":[{"@type":"ReadAction","target":["https:\/\/apoderma.com\/inicio\/producto\/secalia-a-h-a-200-ml\/"]}]},{"@type":"ImageObject","inLanguage":"es","@id":"https:\/\/apoderma.com\/inicio\/producto\/secalia-a-h-a-200-ml\/#primaryimage","url":"https:\/\/apoderma.com\/inicio\/wp-content\/uploads\/2022\/04\/60016.png","contentUrl":"https:\/\/apoderma.com\/inicio\/wp-content\/uploads\/2022\/04\/60016.png","width":800,"height":800,"caption":"Secalia AHA"},{"@type":"BreadcrumbList","@id":"https:\/\/apoderma.com\/inicio\/producto\/secalia-a-h-a-200-ml\/#breadcrumb","itemListElement":[{"@type":"ListItem","position":1,"name":"Portada","item":"https:\/\/apoderma.com\/inicio\/"},{"@type":"ListItem","position":2,"name":"Tienda Dermocosm\u00e9tica","item":"https:\/\/apoderma.com\/inicio\/tienda-dermocosmetica\/"},{"@type":"ListItem","position":3,"name":"Secalia A.H.A 200 mL"}]},{"@type":"WebSite","@id":"https:\/\/apoderma.com\/inicio\/#website","url":"https:\/\/apoderma.com\/inicio\/","name":"Apo Derma Store","description":"Venta de productos cosm\u00e9ticos","potentialAction":[{"@type":"SearchAction","target":{"@type":"EntryPoint","urlTemplate":"https:\/\/apoderma.com\/inicio\/?s={search_term_string}"},"query-input":{"@type":"PropertyValueSpecification","valueRequired":true,"valueName":"search_term_string"}}],"inLanguage":"es"}]}},"_links":{"self":[{"href":"https:\/\/apoderma.com\/inicio\/wp-json\/wp\/v2\/product\/38789","targetHints":{"allow":["GET"]}}],"collection":[{"href":"https:\/\/apoderma.com\/inicio\/wp-json\/wp\/v2\/product"}],"about":[{"href":"https:\/\/apoderma.com\/inicio\/wp-json\/wp\/v2\/types\/product"}],"wp:featuredmedia":[{"embeddable":true,"href":"https:\/\/apoderma.com\/inicio\/wp-json\/wp\/v2\/media\/38790"}],"wp:attachment":[{"href":"https:\/\/apoderma.com\/inicio\/wp-json\/wp\/v2\/media?parent=38789"}],"wp:term":[{"taxonomy":"product_cat","embeddable":true,"href":"https:\/\/apoderma.com\/inicio\/wp-json\/wp\/v2\/product_cat?post=38789"},{"taxonomy":"product_tag","embeddable":true,"href":"https:\/\/apoderma.com\/inicio\/wp-json\/wp\/v2\/product_tag?post=38789"}],"curies":[{"name":"wp","href":"https:\/\/api.w.org\/{rel}","templated":true}]}}