{"id":38787,"date":"2022-04-04T18:09:20","date_gmt":"2022-04-05T00:09:20","guid":{"rendered":"https:\/\/apoderma.com\/inicio\/?post_type=product&#038;p=38787"},"modified":"2025-11-18T16:23:59","modified_gmt":"2025-11-18T22:23:59","slug":"secalia-ds-40-ml","status":"publish","type":"product","link":"https:\/\/apoderma.com\/inicio\/producto\/secalia-ds-40-ml\/","title":{"rendered":"Secalia DS 40 mL"},"content":{"rendered":"<h3>Especificaciones<\/h3>\n<ul>\n<li><a href=\"https:\/\/www.isispharma.com\/es\/producto\/secalia-ds\/\"><strong>Secalia <\/strong><\/a><b>DS <\/b>nutre la piel seca del rostro y otras partes del cuerpo con ayuda de activos de origen natural.<\/li>\n<li>Sus componentes son capaces de reparar, aliviar e hidratar la piel de manera prolongada durante 8 horas.<\/li>\n<li>Resultados de estudios cl\u00ednicos:\n<ul>\n<li>Alivio de las molestias en un 100% de los casos*\u2022\u00a0Un + 41%** de hidrataci\u00f3n tras 2 horas de uso.<br \/>\n\u2022\u00a0Un + 26%** de hidrataci\u00f3n tras 8 horas de uso.<\/p>\n<div class=\"annotation\">\n<p>Prueba de uso realizada a 20 voluntarios aplicando el producto dos veces al d\u00eda durante 28 d\u00edas.<br \/>\n*Autoevaluaci\u00f3n de los voluntarios.<br \/>\n**Medici\u00f3n del efecto hidratante efectuada con un Corneometro\u00ae CM 825<\/p>\n<\/div>\n<\/li>\n<\/ul>\n<\/li>\n<li>Presenta una tolerancia \u00f3ptima gracias a que su f\u00f3rmula sin aroma fue dise\u00f1ada para minimizar los riesgos a una posible reacci\u00f3n.<\/li>\n<li>Dermatol\u00f3gicamente testeado.<\/li>\n<\/ul>\n<h3>Composici\u00f3n<\/h3>\n<div class=\"sp_assets--asset\">\n<div class=\"sp_assets--asset-title-wrapper\">\n<ol>\n<li>Aceite de Inca inchi y mateca de karit\u00e9: acci\u00f3n reparadora de la barrera cut\u00e1nea.<\/li>\n<li>Escualano vegetal: provee hidrataci\u00f3n prolongada<\/li>\n<\/ol>\n<\/div>\n<\/div>\n<div class=\"l-grid__item u-1\/1@large u-1\/2@medium\">\n<h3 class=\"c-content theme-royal\">Modo de uso:<\/h3>\n<\/div>\n<ol>\n<li>Aplica Secalia DS 1 a 2 veces al d\u00eda en las zonas afectadas.<\/li>\n<li>Realiza movimientos circulares al aplicarlo hasta que el producto sea absorbido en su totalidad.<\/li>\n<li>Puede ser usada de d\u00eda o de noche<\/li>\n<li>Puede complementar el cuidado de su piel con <a href=\"https:\/\/apoderma.com\/inicio\/categoria-producto\/cuerpo\/ducha-y-bano\/\">productos de limpieza especiales para piel seca.<\/a><\/li>\n<\/ol>\n","protected":false},"excerpt":{"rendered":"<p>Crema nutriente Para rostro y cuerpo de pieles secas o con tendencia at\u00f3pica. Disponible compra&hellip;<\/p>\n","protected":false},"featured_media":38788,"template":"","meta":{"_glsr_average":0,"_glsr_ranking":0,"_glsr_reviews":0},"product_cat":[97,91,98,89],"product_tag":[267,148],"class_list":{"0":"post-38787","1":"product","2":"type-product","3":"status-publish","4":"has-post-thumbnail","6":"product_brand-isispharma","7":"product_cat-cuerpo","8":"product_cat-hidratacion","9":"product_cat-piel-seca-o-con-tendencia-atopica","10":"product_cat-rostro","11":"product_tag-piel-atopica","12":"product_tag-piel-seca","14":"first","15":"instock","16":"taxable","17":"shipping-taxable","18":"purchasable","19":"product-type-simple","20":"thumb-no-effect","21":"prod-rating-on"},"yoast_head":"<!-- This site is optimized with the Yoast SEO plugin v25.3.1 - https:\/\/yoast.com\/wordpress\/plugins\/seo\/ -->\n<title>Secalia DS 40 mL - Apo Derma Store<\/title>\n<meta name=\"description\" content=\"Secalia DS es una crema nutriente para rostro y cuerpo de piel seca o con tendencia at\u00f3pica. Disponible en ApoDerma Store\" \/>\n<meta name=\"robots\" content=\"index, follow, max-snippet:-1, max-image-preview:large, max-video-preview:-1\" \/>\n<link rel=\"canonical\" href=\"https:\/\/apoderma.com\/inicio\/producto\/secalia-ds-40-ml\/\" \/>\n<meta property=\"og:locale\" content=\"es_ES\" \/>\n<meta property=\"og:type\" content=\"article\" \/>\n<meta property=\"og:title\" content=\"Secalia DS 40 mL - Apo Derma Store\" \/>\n<meta property=\"og:description\" content=\"Secalia DS es una crema nutriente para rostro y cuerpo de piel seca o con tendencia at\u00f3pica. Disponible en ApoDerma Store\" \/>\n<meta property=\"og:url\" content=\"https:\/\/apoderma.com\/inicio\/producto\/secalia-ds-40-ml\/\" \/>\n<meta property=\"og:site_name\" content=\"Apo Derma Store\" \/>\n<meta property=\"article:modified_time\" content=\"2025-11-18T22:23:59+00:00\" \/>\n<meta property=\"og:image\" content=\"https:\/\/apoderma.com\/inicio\/wp-content\/uploads\/2022\/04\/60804.png\" \/>\n\t<meta property=\"og:image:width\" content=\"800\" \/>\n\t<meta property=\"og:image:height\" content=\"800\" \/>\n\t<meta property=\"og:image:type\" content=\"image\/png\" \/>\n<meta name=\"twitter:card\" content=\"summary_large_image\" \/>\n<meta name=\"twitter:label1\" content=\"Tiempo de lectura\" \/>\n\t<meta name=\"twitter:data1\" content=\"2 minutos\" \/>\n<script type=\"application\/ld+json\" class=\"yoast-schema-graph\">{\"@context\":\"https:\/\/schema.org\",\"@graph\":[{\"@type\":\"WebPage\",\"@id\":\"https:\/\/apoderma.com\/inicio\/producto\/secalia-ds-40-ml\/\",\"url\":\"https:\/\/apoderma.com\/inicio\/producto\/secalia-ds-40-ml\/\",\"name\":\"Secalia DS 40 mL - Apo Derma Store\",\"isPartOf\":{\"@id\":\"https:\/\/apoderma.com\/inicio\/#website\"},\"primaryImageOfPage\":{\"@id\":\"https:\/\/apoderma.com\/inicio\/producto\/secalia-ds-40-ml\/#primaryimage\"},\"image\":{\"@id\":\"https:\/\/apoderma.com\/inicio\/producto\/secalia-ds-40-ml\/#primaryimage\"},\"thumbnailUrl\":\"https:\/\/apoderma.com\/inicio\/wp-content\/uploads\/2022\/04\/60804.png\",\"datePublished\":\"2022-04-05T00:09:20+00:00\",\"dateModified\":\"2025-11-18T22:23:59+00:00\",\"description\":\"Secalia DS es una crema nutriente para rostro y cuerpo de piel seca o con tendencia at\u00f3pica. Disponible en ApoDerma Store\",\"breadcrumb\":{\"@id\":\"https:\/\/apoderma.com\/inicio\/producto\/secalia-ds-40-ml\/#breadcrumb\"},\"inLanguage\":\"es\",\"potentialAction\":[{\"@type\":\"ReadAction\",\"target\":[\"https:\/\/apoderma.com\/inicio\/producto\/secalia-ds-40-ml\/\"]}]},{\"@type\":\"ImageObject\",\"inLanguage\":\"es\",\"@id\":\"https:\/\/apoderma.com\/inicio\/producto\/secalia-ds-40-ml\/#primaryimage\",\"url\":\"https:\/\/apoderma.com\/inicio\/wp-content\/uploads\/2022\/04\/60804.png\",\"contentUrl\":\"https:\/\/apoderma.com\/inicio\/wp-content\/uploads\/2022\/04\/60804.png\",\"width\":800,\"height\":800,\"caption\":\"Secalia DS\"},{\"@type\":\"BreadcrumbList\",\"@id\":\"https:\/\/apoderma.com\/inicio\/producto\/secalia-ds-40-ml\/#breadcrumb\",\"itemListElement\":[{\"@type\":\"ListItem\",\"position\":1,\"name\":\"Portada\",\"item\":\"https:\/\/apoderma.com\/inicio\/\"},{\"@type\":\"ListItem\",\"position\":2,\"name\":\"Tienda Dermocosm\u00e9tica\",\"item\":\"https:\/\/apoderma.com\/inicio\/tienda-dermocosmetica\/\"},{\"@type\":\"ListItem\",\"position\":3,\"name\":\"Secalia DS 40 mL\"}]},{\"@type\":\"WebSite\",\"@id\":\"https:\/\/apoderma.com\/inicio\/#website\",\"url\":\"https:\/\/apoderma.com\/inicio\/\",\"name\":\"Apo Derma Store\",\"description\":\"Venta de productos cosm\u00e9ticos\",\"potentialAction\":[{\"@type\":\"SearchAction\",\"target\":{\"@type\":\"EntryPoint\",\"urlTemplate\":\"https:\/\/apoderma.com\/inicio\/?s={search_term_string}\"},\"query-input\":{\"@type\":\"PropertyValueSpecification\",\"valueRequired\":true,\"valueName\":\"search_term_string\"}}],\"inLanguage\":\"es\"}]}<\/script>\n<!-- \/ Yoast SEO plugin. -->","yoast_head_json":{"title":"Secalia DS 40 mL - Apo Derma Store","description":"Secalia DS es una crema nutriente para rostro y cuerpo de piel seca o con tendencia at\u00f3pica. Disponible en ApoDerma Store","robots":{"index":"index","follow":"follow","max-snippet":"max-snippet:-1","max-image-preview":"max-image-preview:large","max-video-preview":"max-video-preview:-1"},"canonical":"https:\/\/apoderma.com\/inicio\/producto\/secalia-ds-40-ml\/","og_locale":"es_ES","og_type":"article","og_title":"Secalia DS 40 mL - Apo Derma Store","og_description":"Secalia DS es una crema nutriente para rostro y cuerpo de piel seca o con tendencia at\u00f3pica. Disponible en ApoDerma Store","og_url":"https:\/\/apoderma.com\/inicio\/producto\/secalia-ds-40-ml\/","og_site_name":"Apo Derma Store","article_modified_time":"2025-11-18T22:23:59+00:00","og_image":[{"width":800,"height":800,"url":"https:\/\/apoderma.com\/inicio\/wp-content\/uploads\/2022\/04\/60804.png","type":"image\/png"}],"twitter_card":"summary_large_image","twitter_misc":{"Tiempo de lectura":"2 minutos"},"schema":{"@context":"https:\/\/schema.org","@graph":[{"@type":"WebPage","@id":"https:\/\/apoderma.com\/inicio\/producto\/secalia-ds-40-ml\/","url":"https:\/\/apoderma.com\/inicio\/producto\/secalia-ds-40-ml\/","name":"Secalia DS 40 mL - Apo Derma Store","isPartOf":{"@id":"https:\/\/apoderma.com\/inicio\/#website"},"primaryImageOfPage":{"@id":"https:\/\/apoderma.com\/inicio\/producto\/secalia-ds-40-ml\/#primaryimage"},"image":{"@id":"https:\/\/apoderma.com\/inicio\/producto\/secalia-ds-40-ml\/#primaryimage"},"thumbnailUrl":"https:\/\/apoderma.com\/inicio\/wp-content\/uploads\/2022\/04\/60804.png","datePublished":"2022-04-05T00:09:20+00:00","dateModified":"2025-11-18T22:23:59+00:00","description":"Secalia DS es una crema nutriente para rostro y cuerpo de piel seca o con tendencia at\u00f3pica. Disponible en ApoDerma Store","breadcrumb":{"@id":"https:\/\/apoderma.com\/inicio\/producto\/secalia-ds-40-ml\/#breadcrumb"},"inLanguage":"es","potentialAction":[{"@type":"ReadAction","target":["https:\/\/apoderma.com\/inicio\/producto\/secalia-ds-40-ml\/"]}]},{"@type":"ImageObject","inLanguage":"es","@id":"https:\/\/apoderma.com\/inicio\/producto\/secalia-ds-40-ml\/#primaryimage","url":"https:\/\/apoderma.com\/inicio\/wp-content\/uploads\/2022\/04\/60804.png","contentUrl":"https:\/\/apoderma.com\/inicio\/wp-content\/uploads\/2022\/04\/60804.png","width":800,"height":800,"caption":"Secalia DS"},{"@type":"BreadcrumbList","@id":"https:\/\/apoderma.com\/inicio\/producto\/secalia-ds-40-ml\/#breadcrumb","itemListElement":[{"@type":"ListItem","position":1,"name":"Portada","item":"https:\/\/apoderma.com\/inicio\/"},{"@type":"ListItem","position":2,"name":"Tienda Dermocosm\u00e9tica","item":"https:\/\/apoderma.com\/inicio\/tienda-dermocosmetica\/"},{"@type":"ListItem","position":3,"name":"Secalia DS 40 mL"}]},{"@type":"WebSite","@id":"https:\/\/apoderma.com\/inicio\/#website","url":"https:\/\/apoderma.com\/inicio\/","name":"Apo Derma Store","description":"Venta de productos cosm\u00e9ticos","potentialAction":[{"@type":"SearchAction","target":{"@type":"EntryPoint","urlTemplate":"https:\/\/apoderma.com\/inicio\/?s={search_term_string}"},"query-input":{"@type":"PropertyValueSpecification","valueRequired":true,"valueName":"search_term_string"}}],"inLanguage":"es"}]}},"_links":{"self":[{"href":"https:\/\/apoderma.com\/inicio\/wp-json\/wp\/v2\/product\/38787","targetHints":{"allow":["GET"]}}],"collection":[{"href":"https:\/\/apoderma.com\/inicio\/wp-json\/wp\/v2\/product"}],"about":[{"href":"https:\/\/apoderma.com\/inicio\/wp-json\/wp\/v2\/types\/product"}],"wp:featuredmedia":[{"embeddable":true,"href":"https:\/\/apoderma.com\/inicio\/wp-json\/wp\/v2\/media\/38788"}],"wp:attachment":[{"href":"https:\/\/apoderma.com\/inicio\/wp-json\/wp\/v2\/media?parent=38787"}],"wp:term":[{"taxonomy":"product_cat","embeddable":true,"href":"https:\/\/apoderma.com\/inicio\/wp-json\/wp\/v2\/product_cat?post=38787"},{"taxonomy":"product_tag","embeddable":true,"href":"https:\/\/apoderma.com\/inicio\/wp-json\/wp\/v2\/product_tag?post=38787"}],"curies":[{"name":"wp","href":"https:\/\/api.w.org\/{rel}","templated":true}]}}