{"id":38747,"date":"2022-03-09T14:49:21","date_gmt":"2022-03-09T20:49:21","guid":{"rendered":"https:\/\/apoderma.com\/inicio\/?post_type=product&#038;p=38747"},"modified":"2025-11-18T16:32:52","modified_gmt":"2025-11-18T22:32:52","slug":"fusion-water-color-spf-50","status":"publish","type":"product","link":"https:\/\/apoderma.com\/inicio\/producto\/fusion-water-color-spf-50\/","title":{"rendered":"Fusion Water Color SPF 50"},"content":{"rendered":"<h3>Especificaciones<\/h3>\n<ul>\n<li><a href=\"https:\/\/www.isdin.com\/producto\/fotoprotector-isdin\/fusion-water-color-spf-50\"><span style=\"color: #800080;\"><strong>Fusion Water Color de ISDIN<\/strong><\/span><\/a>\u00a0es alta protecci\u00f3n SPF 50 evaluada cl\u00ednicamente en laboratorio y en condiciones reales de alta radiaci\u00f3n solar.<\/li>\n<li>Aporta una cobertura natural que disimula imperfecciones, unifica el tono y proporciona un efecto buena cara.<\/li>\n<li>Su textura ultraligera de acabado sedoso se absorbe al instante sin dejar residuo graso.<\/li>\n<\/ul>\n<h3>Composici\u00f3n<\/h3>\n<div class=\"sp_assets--asset\">\n<div class=\"sp_assets--asset-title-wrapper\">\n<div class=\"sp_assets--asset\">\n<div class=\"sp_assets--asset-title-wrapper\">\n<ol>\n<li class=\"sp_assets--asset-title\">Contiene filtros qu\u00edmicos<\/li>\n<li>Pigmentos de color<\/li>\n<li>Vitamina E.<\/li>\n<\/ol>\n<\/div>\n<\/div>\n<\/div>\n<\/div>\n<div class=\"sp_assets--asset\">\n<h3 class=\"sp_assets--asset-title-wrapper\">Modo de uso:<\/h3>\n<\/div>\n<ol>\n<li>Aplicar generosamente sobre la piel seca o mojada, media hora antes de la exposici\u00f3n solar.<\/li>\n<li>Reaplicar cada 2 horas as\u00ed como tras transpirar, nadar, o secarse con la toalla.<\/li>\n<li>Al reducir esta cantidad, se reduce el factor de protecci\u00f3n.<\/li>\n<li>Mantener a los beb\u00e9s y ni\u00f1os fuera de la luz solar directa.<\/li>\n<li>Mantener el producto fuera del alcance de los ni\u00f1os.<\/li>\n<li>No refrigerar ni congelar.<\/li>\n<li>Para la protecci\u00f3n corporal puede usa <a href=\"https:\/\/apoderma.com\/inicio\/producto\/fotoprotector-transparent-spray-250-ml\/\"><strong>Fotoprotector Transparent Spray<\/strong><\/a>.<\/li>\n<\/ol>\n","protected":false},"excerpt":{"rendered":"<p>Fotoprotector ultraligero con color Protecci\u00f3n solar ultraligera y de uso diario que adem\u00e1s de garantizar&hellip;<\/p>\n","protected":false},"featured_media":38748,"template":"","meta":{"_glsr_average":0,"_glsr_ranking":0,"_glsr_reviews":0},"product_cat":[96,89],"product_tag":[275,293],"class_list":{"0":"post-38747","1":"product","2":"type-product","3":"status-publish","4":"has-post-thumbnail","6":"product_brand-isdin","7":"product_cat-fotoproteccion","8":"product_cat-rostro","9":"product_tag-fotoprotector","10":"product_tag-ultraligero","12":"first","13":"instock","14":"taxable","15":"shipping-taxable","16":"purchasable","17":"product-type-simple","18":"thumb-has-effect","19":"prod-rating-on"},"yoast_head":"<!-- This site is optimized with the Yoast SEO plugin v25.3.1 - https:\/\/yoast.com\/wordpress\/plugins\/seo\/ -->\n<title>Fusion Water Color SPF 50 - Apo Derma Store<\/title>\n<meta name=\"description\" content=\"Fusion Water con Color de ISDIN alta protecci\u00f3n ante radiaci\u00f3n UVB y UVA, adem\u00e1s unifica el tono. Disponible en ApoDerma Store.\" \/>\n<meta name=\"robots\" content=\"index, follow, max-snippet:-1, max-image-preview:large, max-video-preview:-1\" \/>\n<link rel=\"canonical\" href=\"https:\/\/apoderma.com\/inicio\/producto\/fusion-water-color-spf-50\/\" \/>\n<meta property=\"og:locale\" content=\"es_ES\" \/>\n<meta property=\"og:type\" content=\"article\" \/>\n<meta property=\"og:title\" content=\"Fusion Water Color SPF 50 - Apo Derma Store\" \/>\n<meta property=\"og:description\" content=\"Fusion Water con Color de ISDIN alta protecci\u00f3n ante radiaci\u00f3n UVB y UVA, adem\u00e1s unifica el tono. Disponible en ApoDerma Store.\" \/>\n<meta property=\"og:url\" content=\"https:\/\/apoderma.com\/inicio\/producto\/fusion-water-color-spf-50\/\" \/>\n<meta property=\"og:site_name\" content=\"Apo Derma Store\" \/>\n<meta property=\"article:modified_time\" content=\"2025-11-18T22:32:52+00:00\" \/>\n<meta property=\"og:image\" content=\"https:\/\/apoderma.com\/inicio\/wp-content\/uploads\/2022\/03\/2870.png\" \/>\n\t<meta property=\"og:image:width\" content=\"800\" \/>\n\t<meta property=\"og:image:height\" content=\"800\" \/>\n\t<meta property=\"og:image:type\" content=\"image\/png\" \/>\n<meta name=\"twitter:card\" content=\"summary_large_image\" \/>\n<meta name=\"twitter:label1\" content=\"Tiempo de lectura\" \/>\n\t<meta name=\"twitter:data1\" content=\"1 minuto\" \/>\n<script type=\"application\/ld+json\" class=\"yoast-schema-graph\">{\"@context\":\"https:\/\/schema.org\",\"@graph\":[{\"@type\":\"WebPage\",\"@id\":\"https:\/\/apoderma.com\/inicio\/producto\/fusion-water-color-spf-50\/\",\"url\":\"https:\/\/apoderma.com\/inicio\/producto\/fusion-water-color-spf-50\/\",\"name\":\"Fusion Water Color SPF 50 - Apo Derma Store\",\"isPartOf\":{\"@id\":\"https:\/\/apoderma.com\/inicio\/#website\"},\"primaryImageOfPage\":{\"@id\":\"https:\/\/apoderma.com\/inicio\/producto\/fusion-water-color-spf-50\/#primaryimage\"},\"image\":{\"@id\":\"https:\/\/apoderma.com\/inicio\/producto\/fusion-water-color-spf-50\/#primaryimage\"},\"thumbnailUrl\":\"https:\/\/apoderma.com\/inicio\/wp-content\/uploads\/2022\/03\/2870.png\",\"datePublished\":\"2022-03-09T20:49:21+00:00\",\"dateModified\":\"2025-11-18T22:32:52+00:00\",\"description\":\"Fusion Water con Color de ISDIN alta protecci\u00f3n ante radiaci\u00f3n UVB y UVA, adem\u00e1s unifica el tono. Disponible en ApoDerma Store.\",\"breadcrumb\":{\"@id\":\"https:\/\/apoderma.com\/inicio\/producto\/fusion-water-color-spf-50\/#breadcrumb\"},\"inLanguage\":\"es\",\"potentialAction\":[{\"@type\":\"ReadAction\",\"target\":[\"https:\/\/apoderma.com\/inicio\/producto\/fusion-water-color-spf-50\/\"]}]},{\"@type\":\"ImageObject\",\"inLanguage\":\"es\",\"@id\":\"https:\/\/apoderma.com\/inicio\/producto\/fusion-water-color-spf-50\/#primaryimage\",\"url\":\"https:\/\/apoderma.com\/inicio\/wp-content\/uploads\/2022\/03\/2870.png\",\"contentUrl\":\"https:\/\/apoderma.com\/inicio\/wp-content\/uploads\/2022\/03\/2870.png\",\"width\":800,\"height\":800,\"caption\":\"ISDIN Fusion water con color\"},{\"@type\":\"BreadcrumbList\",\"@id\":\"https:\/\/apoderma.com\/inicio\/producto\/fusion-water-color-spf-50\/#breadcrumb\",\"itemListElement\":[{\"@type\":\"ListItem\",\"position\":1,\"name\":\"Portada\",\"item\":\"https:\/\/apoderma.com\/inicio\/\"},{\"@type\":\"ListItem\",\"position\":2,\"name\":\"Tienda Dermocosm\u00e9tica\",\"item\":\"https:\/\/apoderma.com\/inicio\/tienda-dermocosmetica\/\"},{\"@type\":\"ListItem\",\"position\":3,\"name\":\"Fusion Water Color SPF 50\"}]},{\"@type\":\"WebSite\",\"@id\":\"https:\/\/apoderma.com\/inicio\/#website\",\"url\":\"https:\/\/apoderma.com\/inicio\/\",\"name\":\"Apo Derma Store\",\"description\":\"Venta de productos cosm\u00e9ticos\",\"potentialAction\":[{\"@type\":\"SearchAction\",\"target\":{\"@type\":\"EntryPoint\",\"urlTemplate\":\"https:\/\/apoderma.com\/inicio\/?s={search_term_string}\"},\"query-input\":{\"@type\":\"PropertyValueSpecification\",\"valueRequired\":true,\"valueName\":\"search_term_string\"}}],\"inLanguage\":\"es\"}]}<\/script>\n<!-- \/ Yoast SEO plugin. -->","yoast_head_json":{"title":"Fusion Water Color SPF 50 - Apo Derma Store","description":"Fusion Water con Color de ISDIN alta protecci\u00f3n ante radiaci\u00f3n UVB y UVA, adem\u00e1s unifica el tono. Disponible en ApoDerma Store.","robots":{"index":"index","follow":"follow","max-snippet":"max-snippet:-1","max-image-preview":"max-image-preview:large","max-video-preview":"max-video-preview:-1"},"canonical":"https:\/\/apoderma.com\/inicio\/producto\/fusion-water-color-spf-50\/","og_locale":"es_ES","og_type":"article","og_title":"Fusion Water Color SPF 50 - Apo Derma Store","og_description":"Fusion Water con Color de ISDIN alta protecci\u00f3n ante radiaci\u00f3n UVB y UVA, adem\u00e1s unifica el tono. Disponible en ApoDerma Store.","og_url":"https:\/\/apoderma.com\/inicio\/producto\/fusion-water-color-spf-50\/","og_site_name":"Apo Derma Store","article_modified_time":"2025-11-18T22:32:52+00:00","og_image":[{"width":800,"height":800,"url":"https:\/\/apoderma.com\/inicio\/wp-content\/uploads\/2022\/03\/2870.png","type":"image\/png"}],"twitter_card":"summary_large_image","twitter_misc":{"Tiempo de lectura":"1 minuto"},"schema":{"@context":"https:\/\/schema.org","@graph":[{"@type":"WebPage","@id":"https:\/\/apoderma.com\/inicio\/producto\/fusion-water-color-spf-50\/","url":"https:\/\/apoderma.com\/inicio\/producto\/fusion-water-color-spf-50\/","name":"Fusion Water Color SPF 50 - Apo Derma Store","isPartOf":{"@id":"https:\/\/apoderma.com\/inicio\/#website"},"primaryImageOfPage":{"@id":"https:\/\/apoderma.com\/inicio\/producto\/fusion-water-color-spf-50\/#primaryimage"},"image":{"@id":"https:\/\/apoderma.com\/inicio\/producto\/fusion-water-color-spf-50\/#primaryimage"},"thumbnailUrl":"https:\/\/apoderma.com\/inicio\/wp-content\/uploads\/2022\/03\/2870.png","datePublished":"2022-03-09T20:49:21+00:00","dateModified":"2025-11-18T22:32:52+00:00","description":"Fusion Water con Color de ISDIN alta protecci\u00f3n ante radiaci\u00f3n UVB y UVA, adem\u00e1s unifica el tono. Disponible en ApoDerma Store.","breadcrumb":{"@id":"https:\/\/apoderma.com\/inicio\/producto\/fusion-water-color-spf-50\/#breadcrumb"},"inLanguage":"es","potentialAction":[{"@type":"ReadAction","target":["https:\/\/apoderma.com\/inicio\/producto\/fusion-water-color-spf-50\/"]}]},{"@type":"ImageObject","inLanguage":"es","@id":"https:\/\/apoderma.com\/inicio\/producto\/fusion-water-color-spf-50\/#primaryimage","url":"https:\/\/apoderma.com\/inicio\/wp-content\/uploads\/2022\/03\/2870.png","contentUrl":"https:\/\/apoderma.com\/inicio\/wp-content\/uploads\/2022\/03\/2870.png","width":800,"height":800,"caption":"ISDIN Fusion water con color"},{"@type":"BreadcrumbList","@id":"https:\/\/apoderma.com\/inicio\/producto\/fusion-water-color-spf-50\/#breadcrumb","itemListElement":[{"@type":"ListItem","position":1,"name":"Portada","item":"https:\/\/apoderma.com\/inicio\/"},{"@type":"ListItem","position":2,"name":"Tienda Dermocosm\u00e9tica","item":"https:\/\/apoderma.com\/inicio\/tienda-dermocosmetica\/"},{"@type":"ListItem","position":3,"name":"Fusion Water Color SPF 50"}]},{"@type":"WebSite","@id":"https:\/\/apoderma.com\/inicio\/#website","url":"https:\/\/apoderma.com\/inicio\/","name":"Apo Derma Store","description":"Venta de productos cosm\u00e9ticos","potentialAction":[{"@type":"SearchAction","target":{"@type":"EntryPoint","urlTemplate":"https:\/\/apoderma.com\/inicio\/?s={search_term_string}"},"query-input":{"@type":"PropertyValueSpecification","valueRequired":true,"valueName":"search_term_string"}}],"inLanguage":"es"}]}},"_links":{"self":[{"href":"https:\/\/apoderma.com\/inicio\/wp-json\/wp\/v2\/product\/38747","targetHints":{"allow":["GET"]}}],"collection":[{"href":"https:\/\/apoderma.com\/inicio\/wp-json\/wp\/v2\/product"}],"about":[{"href":"https:\/\/apoderma.com\/inicio\/wp-json\/wp\/v2\/types\/product"}],"wp:featuredmedia":[{"embeddable":true,"href":"https:\/\/apoderma.com\/inicio\/wp-json\/wp\/v2\/media\/38748"}],"wp:attachment":[{"href":"https:\/\/apoderma.com\/inicio\/wp-json\/wp\/v2\/media?parent=38747"}],"wp:term":[{"taxonomy":"product_cat","embeddable":true,"href":"https:\/\/apoderma.com\/inicio\/wp-json\/wp\/v2\/product_cat?post=38747"},{"taxonomy":"product_tag","embeddable":true,"href":"https:\/\/apoderma.com\/inicio\/wp-json\/wp\/v2\/product_tag?post=38747"}],"curies":[{"name":"wp","href":"https:\/\/api.w.org\/{rel}","templated":true}]}}