{"id":38737,"date":"2022-03-09T08:17:47","date_gmt":"2022-03-09T14:17:47","guid":{"rendered":"https:\/\/apoderma.com\/inicio\/?post_type=product&#038;p=38737"},"modified":"2025-04-12T14:00:44","modified_gmt":"2025-04-12T20:00:44","slug":"fotoprotector-transparent-spray-250-ml","status":"publish","type":"product","link":"https:\/\/apoderma.com\/inicio\/producto\/fotoprotector-transparent-spray-250-ml\/","title":{"rendered":"Fotoprotector Transparent Spray 250 mL"},"content":{"rendered":"<h3>Especificaciones<\/h3>\n<ul>\n<li><a href=\"https:\/\/www.isdin.com\/producto\/fotoprotector-isdin\/transparent-spray-wet-skin-spf-50-spf-30\"><span style=\"color: #800080;\"><strong>Fotoprotector Transparent Spray de ISDIN<\/strong><\/span><\/a> es una f\u00f3rmula mejorada con Ginger Cell Protect, un extracto de jengibre 100% natural que gracias a su alto contenido en antioxidantes, ofrece protecci\u00f3n celular frente al da\u00f1o oxidativo.<\/li>\n<li>La tecnolog\u00eda Wet Skin permite su absorci\u00f3n tanto en piel mojada como en piel seca sin dejar residuo blanco y manteniendo el factor de protecci\u00f3n.<\/li>\n<li>Acabado invisible y ligero.<\/li>\n<li>Resistente al agua.<\/li>\n<li>Permite su aplicaci\u00f3n en cualquier direcci\u00f3n.<\/li>\n<li>Apto para todo tipo de pieles, incluida piel sensible y\/o at\u00f3pica.<\/li>\n<\/ul>\n<h3>Composici\u00f3n<\/h3>\n<div class=\"sp_assets--asset\">\n<div class=\"sp_assets--asset-title-wrapper\">\n<div class=\"sp_assets--asset\">\n<div class=\"sp_assets--asset-title-wrapper\">\n<ol>\n<li class=\"sp_assets--asset-title\">Filtros qu\u00edmicos<\/li>\n<li>Extracto de Jengibre<\/li>\n<li>Vitamina E<\/li>\n<\/ol>\n<\/div>\n<\/div>\n<\/div>\n<\/div>\n<div class=\"sp_assets--asset\">\n<h3 class=\"sp_assets--asset-title-wrapper\">Modo de uso:<\/h3>\n<\/div>\n<ol>\n<li>Aplicar generosamente sobre la piel seca o mojada, media hora antes de la exposici\u00f3n solar, y manteniendo una distancia m\u00e1xima de 5cm de la piel.<\/li>\n<li>Es necesario extender de manera uniforme el producto hasta su total absorci\u00f3n y reaplicar cada 2 horas indistintamente sobre piel mojada o seca.<\/li>\n<li>Tras transpirar, nadar, o secarse con la toalla repetir aplicaci\u00f3n.<\/li>\n<li>Si no se aplica la cantidad suficiente de producto, se reduce el factor de protecci\u00f3n.<\/li>\n<\/ol>\n","protected":false},"excerpt":{"rendered":"<p>Fotoprotecci\u00f3n invisible y ligera para piel mojada Fotoprotector corporal en spray transparente, fresco y de&hellip;<\/p>\n","protected":false},"featured_media":38738,"template":"","meta":{"_glsr_average":0,"_glsr_ranking":0,"_glsr_reviews":0},"product_cat":[97,101],"product_tag":[275],"class_list":{"0":"post-38737","1":"product","2":"type-product","3":"status-publish","4":"has-post-thumbnail","6":"product_brand-isdin","7":"product_cat-cuerpo","8":"product_cat-proteccion-solar-cuerpo","9":"product_tag-fotoprotector","11":"first","12":"instock","13":"taxable","14":"shipping-taxable","15":"purchasable","16":"product-type-simple","17":"thumb-no-effect","18":"prod-rating-on"},"yoast_head":"<!-- This site is optimized with the Yoast SEO plugin v25.3.1 - https:\/\/yoast.com\/wordpress\/plugins\/seo\/ -->\n<title>Fotoprotector Transparent Spray 250 mL - Apo Derma Store<\/title>\n<meta name=\"description\" content=\"Fotoprotector Transparent Spray de ISDIN de r\u00e1pida absorci\u00f3n en piel h\u00fameda o seca, ideal para deportistas. Disponible en ApoDerma Store.\" \/>\n<meta name=\"robots\" content=\"index, follow, max-snippet:-1, max-image-preview:large, max-video-preview:-1\" \/>\n<link rel=\"canonical\" href=\"https:\/\/apoderma.com\/inicio\/producto\/fotoprotector-transparent-spray-250-ml\/\" \/>\n<meta property=\"og:locale\" content=\"es_ES\" \/>\n<meta property=\"og:type\" content=\"article\" \/>\n<meta property=\"og:title\" content=\"Fotoprotector Transparent Spray 250 mL - Apo Derma Store\" \/>\n<meta property=\"og:description\" content=\"Fotoprotector Transparent Spray de ISDIN de r\u00e1pida absorci\u00f3n en piel h\u00fameda o seca, ideal para deportistas. Disponible en ApoDerma Store.\" \/>\n<meta property=\"og:url\" content=\"https:\/\/apoderma.com\/inicio\/producto\/fotoprotector-transparent-spray-250-ml\/\" \/>\n<meta property=\"og:site_name\" content=\"Apo Derma Store\" \/>\n<meta property=\"article:modified_time\" content=\"2025-04-12T20:00:44+00:00\" \/>\n<meta property=\"og:image\" content=\"https:\/\/apoderma.com\/inicio\/wp-content\/uploads\/2022\/03\/8232-1.png\" \/>\n\t<meta property=\"og:image:width\" content=\"800\" \/>\n\t<meta property=\"og:image:height\" content=\"800\" \/>\n\t<meta property=\"og:image:type\" content=\"image\/png\" \/>\n<meta name=\"twitter:card\" content=\"summary_large_image\" \/>\n<meta name=\"twitter:label1\" content=\"Tiempo de lectura\" \/>\n\t<meta name=\"twitter:data1\" content=\"1 minuto\" \/>\n<script type=\"application\/ld+json\" class=\"yoast-schema-graph\">{\"@context\":\"https:\/\/schema.org\",\"@graph\":[{\"@type\":\"WebPage\",\"@id\":\"https:\/\/apoderma.com\/inicio\/producto\/fotoprotector-transparent-spray-250-ml\/\",\"url\":\"https:\/\/apoderma.com\/inicio\/producto\/fotoprotector-transparent-spray-250-ml\/\",\"name\":\"Fotoprotector Transparent Spray 250 mL - Apo Derma Store\",\"isPartOf\":{\"@id\":\"https:\/\/apoderma.com\/inicio\/#website\"},\"primaryImageOfPage\":{\"@id\":\"https:\/\/apoderma.com\/inicio\/producto\/fotoprotector-transparent-spray-250-ml\/#primaryimage\"},\"image\":{\"@id\":\"https:\/\/apoderma.com\/inicio\/producto\/fotoprotector-transparent-spray-250-ml\/#primaryimage\"},\"thumbnailUrl\":\"https:\/\/apoderma.com\/inicio\/wp-content\/uploads\/2022\/03\/8232-1.png\",\"datePublished\":\"2022-03-09T14:17:47+00:00\",\"dateModified\":\"2025-04-12T20:00:44+00:00\",\"description\":\"Fotoprotector Transparent Spray de ISDIN de r\u00e1pida absorci\u00f3n en piel h\u00fameda o seca, ideal para deportistas. Disponible en ApoDerma Store.\",\"breadcrumb\":{\"@id\":\"https:\/\/apoderma.com\/inicio\/producto\/fotoprotector-transparent-spray-250-ml\/#breadcrumb\"},\"inLanguage\":\"es\",\"potentialAction\":[{\"@type\":\"ReadAction\",\"target\":[\"https:\/\/apoderma.com\/inicio\/producto\/fotoprotector-transparent-spray-250-ml\/\"]}]},{\"@type\":\"ImageObject\",\"inLanguage\":\"es\",\"@id\":\"https:\/\/apoderma.com\/inicio\/producto\/fotoprotector-transparent-spray-250-ml\/#primaryimage\",\"url\":\"https:\/\/apoderma.com\/inicio\/wp-content\/uploads\/2022\/03\/8232-1.png\",\"contentUrl\":\"https:\/\/apoderma.com\/inicio\/wp-content\/uploads\/2022\/03\/8232-1.png\",\"width\":800,\"height\":800,\"caption\":\"ISDIN Transparent spray\"},{\"@type\":\"BreadcrumbList\",\"@id\":\"https:\/\/apoderma.com\/inicio\/producto\/fotoprotector-transparent-spray-250-ml\/#breadcrumb\",\"itemListElement\":[{\"@type\":\"ListItem\",\"position\":1,\"name\":\"Portada\",\"item\":\"https:\/\/apoderma.com\/inicio\/\"},{\"@type\":\"ListItem\",\"position\":2,\"name\":\"Tienda Dermocosm\u00e9tica\",\"item\":\"https:\/\/apoderma.com\/inicio\/tienda-dermocosmetica\/\"},{\"@type\":\"ListItem\",\"position\":3,\"name\":\"Fotoprotector Transparent Spray 250 mL\"}]},{\"@type\":\"WebSite\",\"@id\":\"https:\/\/apoderma.com\/inicio\/#website\",\"url\":\"https:\/\/apoderma.com\/inicio\/\",\"name\":\"Apo Derma Store\",\"description\":\"Venta de productos cosm\u00e9ticos\",\"potentialAction\":[{\"@type\":\"SearchAction\",\"target\":{\"@type\":\"EntryPoint\",\"urlTemplate\":\"https:\/\/apoderma.com\/inicio\/?s={search_term_string}\"},\"query-input\":{\"@type\":\"PropertyValueSpecification\",\"valueRequired\":true,\"valueName\":\"search_term_string\"}}],\"inLanguage\":\"es\"}]}<\/script>\n<!-- \/ Yoast SEO plugin. -->","yoast_head_json":{"title":"Fotoprotector Transparent Spray 250 mL - Apo Derma Store","description":"Fotoprotector Transparent Spray de ISDIN de r\u00e1pida absorci\u00f3n en piel h\u00fameda o seca, ideal para deportistas. Disponible en ApoDerma Store.","robots":{"index":"index","follow":"follow","max-snippet":"max-snippet:-1","max-image-preview":"max-image-preview:large","max-video-preview":"max-video-preview:-1"},"canonical":"https:\/\/apoderma.com\/inicio\/producto\/fotoprotector-transparent-spray-250-ml\/","og_locale":"es_ES","og_type":"article","og_title":"Fotoprotector Transparent Spray 250 mL - Apo Derma Store","og_description":"Fotoprotector Transparent Spray de ISDIN de r\u00e1pida absorci\u00f3n en piel h\u00fameda o seca, ideal para deportistas. Disponible en ApoDerma Store.","og_url":"https:\/\/apoderma.com\/inicio\/producto\/fotoprotector-transparent-spray-250-ml\/","og_site_name":"Apo Derma Store","article_modified_time":"2025-04-12T20:00:44+00:00","og_image":[{"width":800,"height":800,"url":"https:\/\/apoderma.com\/inicio\/wp-content\/uploads\/2022\/03\/8232-1.png","type":"image\/png"}],"twitter_card":"summary_large_image","twitter_misc":{"Tiempo de lectura":"1 minuto"},"schema":{"@context":"https:\/\/schema.org","@graph":[{"@type":"WebPage","@id":"https:\/\/apoderma.com\/inicio\/producto\/fotoprotector-transparent-spray-250-ml\/","url":"https:\/\/apoderma.com\/inicio\/producto\/fotoprotector-transparent-spray-250-ml\/","name":"Fotoprotector Transparent Spray 250 mL - Apo Derma Store","isPartOf":{"@id":"https:\/\/apoderma.com\/inicio\/#website"},"primaryImageOfPage":{"@id":"https:\/\/apoderma.com\/inicio\/producto\/fotoprotector-transparent-spray-250-ml\/#primaryimage"},"image":{"@id":"https:\/\/apoderma.com\/inicio\/producto\/fotoprotector-transparent-spray-250-ml\/#primaryimage"},"thumbnailUrl":"https:\/\/apoderma.com\/inicio\/wp-content\/uploads\/2022\/03\/8232-1.png","datePublished":"2022-03-09T14:17:47+00:00","dateModified":"2025-04-12T20:00:44+00:00","description":"Fotoprotector Transparent Spray de ISDIN de r\u00e1pida absorci\u00f3n en piel h\u00fameda o seca, ideal para deportistas. Disponible en ApoDerma Store.","breadcrumb":{"@id":"https:\/\/apoderma.com\/inicio\/producto\/fotoprotector-transparent-spray-250-ml\/#breadcrumb"},"inLanguage":"es","potentialAction":[{"@type":"ReadAction","target":["https:\/\/apoderma.com\/inicio\/producto\/fotoprotector-transparent-spray-250-ml\/"]}]},{"@type":"ImageObject","inLanguage":"es","@id":"https:\/\/apoderma.com\/inicio\/producto\/fotoprotector-transparent-spray-250-ml\/#primaryimage","url":"https:\/\/apoderma.com\/inicio\/wp-content\/uploads\/2022\/03\/8232-1.png","contentUrl":"https:\/\/apoderma.com\/inicio\/wp-content\/uploads\/2022\/03\/8232-1.png","width":800,"height":800,"caption":"ISDIN Transparent spray"},{"@type":"BreadcrumbList","@id":"https:\/\/apoderma.com\/inicio\/producto\/fotoprotector-transparent-spray-250-ml\/#breadcrumb","itemListElement":[{"@type":"ListItem","position":1,"name":"Portada","item":"https:\/\/apoderma.com\/inicio\/"},{"@type":"ListItem","position":2,"name":"Tienda Dermocosm\u00e9tica","item":"https:\/\/apoderma.com\/inicio\/tienda-dermocosmetica\/"},{"@type":"ListItem","position":3,"name":"Fotoprotector Transparent Spray 250 mL"}]},{"@type":"WebSite","@id":"https:\/\/apoderma.com\/inicio\/#website","url":"https:\/\/apoderma.com\/inicio\/","name":"Apo Derma Store","description":"Venta de productos cosm\u00e9ticos","potentialAction":[{"@type":"SearchAction","target":{"@type":"EntryPoint","urlTemplate":"https:\/\/apoderma.com\/inicio\/?s={search_term_string}"},"query-input":{"@type":"PropertyValueSpecification","valueRequired":true,"valueName":"search_term_string"}}],"inLanguage":"es"}]}},"_links":{"self":[{"href":"https:\/\/apoderma.com\/inicio\/wp-json\/wp\/v2\/product\/38737","targetHints":{"allow":["GET"]}}],"collection":[{"href":"https:\/\/apoderma.com\/inicio\/wp-json\/wp\/v2\/product"}],"about":[{"href":"https:\/\/apoderma.com\/inicio\/wp-json\/wp\/v2\/types\/product"}],"wp:featuredmedia":[{"embeddable":true,"href":"https:\/\/apoderma.com\/inicio\/wp-json\/wp\/v2\/media\/38738"}],"wp:attachment":[{"href":"https:\/\/apoderma.com\/inicio\/wp-json\/wp\/v2\/media?parent=38737"}],"wp:term":[{"taxonomy":"product_cat","embeddable":true,"href":"https:\/\/apoderma.com\/inicio\/wp-json\/wp\/v2\/product_cat?post=38737"},{"taxonomy":"product_tag","embeddable":true,"href":"https:\/\/apoderma.com\/inicio\/wp-json\/wp\/v2\/product_tag?post=38737"}],"curies":[{"name":"wp","href":"https:\/\/api.w.org\/{rel}","templated":true}]}}