{"id":38671,"date":"2022-01-13T13:58:38","date_gmt":"2022-01-13T19:58:38","guid":{"rendered":"https:\/\/apoderma.com\/inicio\/?post_type=product&#038;p=38671"},"modified":"2025-04-12T14:08:59","modified_gmt":"2025-04-12T20:08:59","slug":"teen-derm-gel-limpiador-exfoliante-150-ml","status":"publish","type":"product","link":"https:\/\/apoderma.com\/inicio\/producto\/teen-derm-gel-limpiador-exfoliante-150-ml\/","title":{"rendered":"Teen Derm Gel Limpiador Exfoliante 150 mL"},"content":{"rendered":"<h3>Especificaciones<\/h3>\n<ul>\n<li><a href=\"https:\/\/www.isispharma.com\/es\/producto\/teen-derm-gel\/\">Teen Derm Gel Limpiador <\/a>es un gel que limpia y exfolia la piel profundamente gracias al complejo de activos \u03b1-pure que contiene.<\/li>\n<li>Es un producto que se encarga de eliminar impurezas y regular el exceso de sebo en la piel.<\/li>\n<li>Su f\u00f3rmula fue sometida a un control dermatol\u00f3gico, no contiene jab\u00f3n y es no comedog\u00e9nica.<\/li>\n<li>Es un producto dise\u00f1ado especialmente para pieles mixtas y grasas con imperfecciones<\/li>\n<li>\u00a0Elimina las impurezas en el 100%* de los casos<\/li>\n<li>Una tez +89%** radiante* % de satisfacci\u00f3n de 22 voluntarios durante 28 d\u00edas.** Cotizaci\u00f3n subjetiva evaluada por los 22 voluntarios durante 28 d\u00edas.<\/li>\n<\/ul>\n<h3>Composici\u00f3n<\/h3>\n<div class=\"sp_assets--asset\">\n<div class=\"sp_assets--asset-title-wrapper\">\n<ol>\n<li class=\"sp_assets--asset-title\">Aceite de aguacate: regula el exceso de sebo.<\/li>\n<li>\u00c1cido salic\u00edlico: purifica y exfolia la piel.<\/li>\n<li>Extracto de Boswellia + glucos + Xilitol natural: alivian e hidratan la piel.<\/li>\n<li>Sulfato de cobre y zinc: limitan la proliferaci\u00f3n de bacterias<\/li>\n<li>Gluconolactona y esferas exfoliantes naturales: agentes queratol\u00edticos<\/li>\n<\/ol>\n<\/div>\n<\/div>\n<div class=\"l-grid__item u-1\/1@large u-1\/2@medium\">\n<h3 class=\"c-content theme-royal\">Modo de uso:<\/h3>\n<\/div>\n<ol>\n<li>Aplica el gel en la ma\u00f1ana y en la noche sobre la piel h\u00fameda<\/li>\n<li>Realiza peque\u00f1os masajes circulares durante 1 a 2 minutos y enjuaga con abundante agua<\/li>\n<li><a href=\"https:\/\/youtu.be\/-NUnFF9zcpg\">Ver video de aplicaci\u00f3n facial<\/a><\/li>\n<li><a href=\"https:\/\/www.youtube.com\/watch?v=-A5S1vidNRU&amp;t=56s\">Ver video de aplicaci\u00f3n facial y corporal<\/a><\/li>\n<li>Puede complementar su protocolo de cuidado con productos espec\u00edficos dando <a href=\"https:\/\/apoderma.com\/inicio\/categoria-producto\/cuerpo\/problemas-de-depigmentacion-y-acne\/\">clic aqu\u00ed<\/a>.<\/li>\n<\/ol>\n","protected":false},"excerpt":{"rendered":"<p>Gel limpiador exfoliante para rostro y cuerpo Para piel grasa con imperfecciones Disponible compra por&hellip;<\/p>\n","protected":false},"featured_media":38672,"template":"","meta":{"_glsr_average":0,"_glsr_ranking":0,"_glsr_reviews":0},"product_cat":[97,108,109,90,95,316],"product_tag":[121,123],"class_list":{"0":"post-38671","1":"product","2":"type-product","3":"status-publish","4":"has-post-thumbnail","6":"product_brand-isispharma","7":"product_cat-cuerpo","8":"product_cat-hombre","9":"product_cat-limpieza-hombre","10":"product_cat-limpieza","11":"product_cat-piel-grasa","12":"product_cat-problemas-de-depigmentacion-y-acne","13":"product_tag-limpieza","14":"product_tag-piel-grasa","16":"first","17":"instock","18":"taxable","19":"shipping-taxable","20":"purchasable","21":"product-type-simple","22":"thumb-no-effect","23":"prod-rating-on"},"yoast_head":"<!-- This site is optimized with the Yoast SEO plugin v25.3.1 - https:\/\/yoast.com\/wordpress\/plugins\/seo\/ -->\n<title>Teen Derm Gel Limpiador Exfoliante 150 mL - Apo Derma Store<\/title>\n<meta name=\"description\" content=\"Gel Limpiador Exfoliante que elimina impurezas y regula el exceso de sebo en la piel. Disponible en ApoDerma Store\" \/>\n<meta name=\"robots\" content=\"index, follow, max-snippet:-1, max-image-preview:large, max-video-preview:-1\" \/>\n<link rel=\"canonical\" href=\"https:\/\/apoderma.com\/inicio\/producto\/teen-derm-gel-limpiador-exfoliante-150-ml\/\" \/>\n<meta property=\"og:locale\" content=\"es_ES\" \/>\n<meta property=\"og:type\" content=\"article\" \/>\n<meta property=\"og:title\" content=\"Teen Derm Gel Limpiador Exfoliante 150 mL - Apo Derma Store\" \/>\n<meta property=\"og:description\" content=\"Gel Limpiador Exfoliante que elimina impurezas y regula el exceso de sebo en la piel. Disponible en ApoDerma Store\" \/>\n<meta property=\"og:url\" content=\"https:\/\/apoderma.com\/inicio\/producto\/teen-derm-gel-limpiador-exfoliante-150-ml\/\" \/>\n<meta property=\"og:site_name\" content=\"Apo Derma Store\" \/>\n<meta property=\"article:modified_time\" content=\"2025-04-12T20:08:59+00:00\" \/>\n<meta property=\"og:image\" content=\"https:\/\/apoderma.com\/inicio\/wp-content\/uploads\/2022\/01\/6023.png\" \/>\n\t<meta property=\"og:image:width\" content=\"800\" \/>\n\t<meta property=\"og:image:height\" content=\"800\" \/>\n\t<meta property=\"og:image:type\" content=\"image\/png\" \/>\n<meta name=\"twitter:card\" content=\"summary_large_image\" \/>\n<meta name=\"twitter:label1\" content=\"Tiempo de lectura\" \/>\n\t<meta name=\"twitter:data1\" content=\"1 minuto\" \/>\n<script type=\"application\/ld+json\" class=\"yoast-schema-graph\">{\"@context\":\"https:\/\/schema.org\",\"@graph\":[{\"@type\":\"WebPage\",\"@id\":\"https:\/\/apoderma.com\/inicio\/producto\/teen-derm-gel-limpiador-exfoliante-150-ml\/\",\"url\":\"https:\/\/apoderma.com\/inicio\/producto\/teen-derm-gel-limpiador-exfoliante-150-ml\/\",\"name\":\"Teen Derm Gel Limpiador Exfoliante 150 mL - Apo Derma Store\",\"isPartOf\":{\"@id\":\"https:\/\/apoderma.com\/inicio\/#website\"},\"primaryImageOfPage\":{\"@id\":\"https:\/\/apoderma.com\/inicio\/producto\/teen-derm-gel-limpiador-exfoliante-150-ml\/#primaryimage\"},\"image\":{\"@id\":\"https:\/\/apoderma.com\/inicio\/producto\/teen-derm-gel-limpiador-exfoliante-150-ml\/#primaryimage\"},\"thumbnailUrl\":\"https:\/\/apoderma.com\/inicio\/wp-content\/uploads\/2022\/01\/6023.png\",\"datePublished\":\"2022-01-13T19:58:38+00:00\",\"dateModified\":\"2025-04-12T20:08:59+00:00\",\"description\":\"Gel Limpiador Exfoliante que elimina impurezas y regula el exceso de sebo en la piel. Disponible en ApoDerma Store\",\"breadcrumb\":{\"@id\":\"https:\/\/apoderma.com\/inicio\/producto\/teen-derm-gel-limpiador-exfoliante-150-ml\/#breadcrumb\"},\"inLanguage\":\"es\",\"potentialAction\":[{\"@type\":\"ReadAction\",\"target\":[\"https:\/\/apoderma.com\/inicio\/producto\/teen-derm-gel-limpiador-exfoliante-150-ml\/\"]}]},{\"@type\":\"ImageObject\",\"inLanguage\":\"es\",\"@id\":\"https:\/\/apoderma.com\/inicio\/producto\/teen-derm-gel-limpiador-exfoliante-150-ml\/#primaryimage\",\"url\":\"https:\/\/apoderma.com\/inicio\/wp-content\/uploads\/2022\/01\/6023.png\",\"contentUrl\":\"https:\/\/apoderma.com\/inicio\/wp-content\/uploads\/2022\/01\/6023.png\",\"width\":800,\"height\":800,\"caption\":\"Teen Derm\"},{\"@type\":\"BreadcrumbList\",\"@id\":\"https:\/\/apoderma.com\/inicio\/producto\/teen-derm-gel-limpiador-exfoliante-150-ml\/#breadcrumb\",\"itemListElement\":[{\"@type\":\"ListItem\",\"position\":1,\"name\":\"Portada\",\"item\":\"https:\/\/apoderma.com\/inicio\/\"},{\"@type\":\"ListItem\",\"position\":2,\"name\":\"Tienda Dermocosm\u00e9tica\",\"item\":\"https:\/\/apoderma.com\/inicio\/tienda-dermocosmetica\/\"},{\"@type\":\"ListItem\",\"position\":3,\"name\":\"Teen Derm Gel Limpiador Exfoliante 150 mL\"}]},{\"@type\":\"WebSite\",\"@id\":\"https:\/\/apoderma.com\/inicio\/#website\",\"url\":\"https:\/\/apoderma.com\/inicio\/\",\"name\":\"Apo Derma Store\",\"description\":\"Venta de productos cosm\u00e9ticos\",\"potentialAction\":[{\"@type\":\"SearchAction\",\"target\":{\"@type\":\"EntryPoint\",\"urlTemplate\":\"https:\/\/apoderma.com\/inicio\/?s={search_term_string}\"},\"query-input\":{\"@type\":\"PropertyValueSpecification\",\"valueRequired\":true,\"valueName\":\"search_term_string\"}}],\"inLanguage\":\"es\"}]}<\/script>\n<!-- \/ Yoast SEO plugin. -->","yoast_head_json":{"title":"Teen Derm Gel Limpiador Exfoliante 150 mL - Apo Derma Store","description":"Gel Limpiador Exfoliante que elimina impurezas y regula el exceso de sebo en la piel. Disponible en ApoDerma Store","robots":{"index":"index","follow":"follow","max-snippet":"max-snippet:-1","max-image-preview":"max-image-preview:large","max-video-preview":"max-video-preview:-1"},"canonical":"https:\/\/apoderma.com\/inicio\/producto\/teen-derm-gel-limpiador-exfoliante-150-ml\/","og_locale":"es_ES","og_type":"article","og_title":"Teen Derm Gel Limpiador Exfoliante 150 mL - Apo Derma Store","og_description":"Gel Limpiador Exfoliante que elimina impurezas y regula el exceso de sebo en la piel. Disponible en ApoDerma Store","og_url":"https:\/\/apoderma.com\/inicio\/producto\/teen-derm-gel-limpiador-exfoliante-150-ml\/","og_site_name":"Apo Derma Store","article_modified_time":"2025-04-12T20:08:59+00:00","og_image":[{"width":800,"height":800,"url":"https:\/\/apoderma.com\/inicio\/wp-content\/uploads\/2022\/01\/6023.png","type":"image\/png"}],"twitter_card":"summary_large_image","twitter_misc":{"Tiempo de lectura":"1 minuto"},"schema":{"@context":"https:\/\/schema.org","@graph":[{"@type":"WebPage","@id":"https:\/\/apoderma.com\/inicio\/producto\/teen-derm-gel-limpiador-exfoliante-150-ml\/","url":"https:\/\/apoderma.com\/inicio\/producto\/teen-derm-gel-limpiador-exfoliante-150-ml\/","name":"Teen Derm Gel Limpiador Exfoliante 150 mL - Apo Derma Store","isPartOf":{"@id":"https:\/\/apoderma.com\/inicio\/#website"},"primaryImageOfPage":{"@id":"https:\/\/apoderma.com\/inicio\/producto\/teen-derm-gel-limpiador-exfoliante-150-ml\/#primaryimage"},"image":{"@id":"https:\/\/apoderma.com\/inicio\/producto\/teen-derm-gel-limpiador-exfoliante-150-ml\/#primaryimage"},"thumbnailUrl":"https:\/\/apoderma.com\/inicio\/wp-content\/uploads\/2022\/01\/6023.png","datePublished":"2022-01-13T19:58:38+00:00","dateModified":"2025-04-12T20:08:59+00:00","description":"Gel Limpiador Exfoliante que elimina impurezas y regula el exceso de sebo en la piel. Disponible en ApoDerma Store","breadcrumb":{"@id":"https:\/\/apoderma.com\/inicio\/producto\/teen-derm-gel-limpiador-exfoliante-150-ml\/#breadcrumb"},"inLanguage":"es","potentialAction":[{"@type":"ReadAction","target":["https:\/\/apoderma.com\/inicio\/producto\/teen-derm-gel-limpiador-exfoliante-150-ml\/"]}]},{"@type":"ImageObject","inLanguage":"es","@id":"https:\/\/apoderma.com\/inicio\/producto\/teen-derm-gel-limpiador-exfoliante-150-ml\/#primaryimage","url":"https:\/\/apoderma.com\/inicio\/wp-content\/uploads\/2022\/01\/6023.png","contentUrl":"https:\/\/apoderma.com\/inicio\/wp-content\/uploads\/2022\/01\/6023.png","width":800,"height":800,"caption":"Teen Derm"},{"@type":"BreadcrumbList","@id":"https:\/\/apoderma.com\/inicio\/producto\/teen-derm-gel-limpiador-exfoliante-150-ml\/#breadcrumb","itemListElement":[{"@type":"ListItem","position":1,"name":"Portada","item":"https:\/\/apoderma.com\/inicio\/"},{"@type":"ListItem","position":2,"name":"Tienda Dermocosm\u00e9tica","item":"https:\/\/apoderma.com\/inicio\/tienda-dermocosmetica\/"},{"@type":"ListItem","position":3,"name":"Teen Derm Gel Limpiador Exfoliante 150 mL"}]},{"@type":"WebSite","@id":"https:\/\/apoderma.com\/inicio\/#website","url":"https:\/\/apoderma.com\/inicio\/","name":"Apo Derma Store","description":"Venta de productos cosm\u00e9ticos","potentialAction":[{"@type":"SearchAction","target":{"@type":"EntryPoint","urlTemplate":"https:\/\/apoderma.com\/inicio\/?s={search_term_string}"},"query-input":{"@type":"PropertyValueSpecification","valueRequired":true,"valueName":"search_term_string"}}],"inLanguage":"es"}]}},"_links":{"self":[{"href":"https:\/\/apoderma.com\/inicio\/wp-json\/wp\/v2\/product\/38671","targetHints":{"allow":["GET"]}}],"collection":[{"href":"https:\/\/apoderma.com\/inicio\/wp-json\/wp\/v2\/product"}],"about":[{"href":"https:\/\/apoderma.com\/inicio\/wp-json\/wp\/v2\/types\/product"}],"wp:featuredmedia":[{"embeddable":true,"href":"https:\/\/apoderma.com\/inicio\/wp-json\/wp\/v2\/media\/38672"}],"wp:attachment":[{"href":"https:\/\/apoderma.com\/inicio\/wp-json\/wp\/v2\/media?parent=38671"}],"wp:term":[{"taxonomy":"product_cat","embeddable":true,"href":"https:\/\/apoderma.com\/inicio\/wp-json\/wp\/v2\/product_cat?post=38671"},{"taxonomy":"product_tag","embeddable":true,"href":"https:\/\/apoderma.com\/inicio\/wp-json\/wp\/v2\/product_tag?post=38671"}],"curies":[{"name":"wp","href":"https:\/\/api.w.org\/{rel}","templated":true}]}}