{"id":38621,"date":"2021-12-10T10:39:45","date_gmt":"2021-12-10T16:39:45","guid":{"rendered":"https:\/\/apoderma.com\/inicio\/?post_type=product&#038;p=38621"},"modified":"2025-04-12T14:07:55","modified_gmt":"2025-04-12T20:07:55","slug":"ruboril-expert-spf-50-color-40-ml","status":"publish","type":"product","link":"https:\/\/apoderma.com\/inicio\/producto\/ruboril-expert-spf-50-color-40-ml\/","title":{"rendered":"Ruboril Expert SPF 50+ Color 40 mL"},"content":{"rendered":"<h3>Especificaciones<\/h3>\n<ul>\n<li><a href=\"https:\/\/www.isispharma.com\/es\/producto\/ruboril-expert-spf50\/\"><strong>Ruboril\u00ae Expert SPF 50 + <\/strong><\/a>de ISISPHARMA es una crema con filtro solar y color para piel sensible con enrojecimiento.<\/li>\n<li>Le ayuda a tu piel a combatir los enrojecimientos mientras la protege de los rayos solares.<\/li>\n<li>Su tono universal permite ocultar los enrojecimientos y las imperfecciones de la piel.<\/li>\n<li>Eficacia cl\u00ednicamente probada despu\u00e9s de 4 semanas de uso. Se obtuvo una homogeneidad de la tez de un 24% y tono mate de un 41%*.<\/li>\n<li>Esta crema sin aroma fue sometida a un control dermatol\u00f3gico previo.<\/li>\n<\/ul>\n<p>*Estudio realizado en 20 voluntarios, aplicando el producto dos veces al d\u00eda durante 28 d\u00edas.<\/p>\n<div class=\"annotation\">\n<p>&nbsp;<\/p>\n<\/div>\n<h3>Composici\u00f3n<\/h3>\n<ul>\n<li>Complejo de extractos vegetales que mejoran la microcirculaci\u00f3n: ra\u00edz de Rusco, Centella asi\u00e1tica, Cal\u00e9ndula officinalis, Casta\u00f1o de Indias, Regaliz.<\/li>\n<li>Glicerina de origen natural que hidrata y nutre.<\/li>\n<li>Filtros f\u00edsicos y qu\u00edmicos para la protecci\u00f3n de la radiaci\u00f3n solar.<\/li>\n<\/ul>\n<h3>Modo de uso:<\/h3>\n<ol>\n<li>Aplica la crema antienrojecimientos con color dos veces al d\u00eda, en la ma\u00f1ana y al mediod\u00eda, sobre rostro y cuello<\/li>\n<li>Su textura refrescante, suave y agradable se adhiere f\u00e1cilmente y aporta una verdadera sensaci\u00f3n de bienestar a la piel<\/li>\n<\/ol>\n","protected":false},"excerpt":{"rendered":"<p>Crema antienrojecimiento con color y filtro solar Piel sensible y con rojeces Unifica el tono&hellip;<\/p>\n","protected":false},"featured_media":38622,"template":"","meta":{"_glsr_average":0,"_glsr_ranking":0,"_glsr_reviews":0},"product_cat":[96,94,89],"product_tag":[179,188,115],"class_list":{"0":"post-38621","1":"product","2":"type-product","3":"status-publish","4":"has-post-thumbnail","6":"product_brand-isispharma","7":"product_cat-fotoproteccion","8":"product_cat-piel-sensible","9":"product_cat-rostro","10":"product_tag-fotoproteccion","11":"product_tag-rosacea","12":"product_tag-rostro","14":"first","15":"instock","16":"taxable","17":"shipping-taxable","18":"purchasable","19":"product-type-simple","20":"thumb-no-effect","21":"prod-rating-on"},"yoast_head":"<!-- This site is optimized with the Yoast SEO plugin v25.3.1 - https:\/\/yoast.com\/wordpress\/plugins\/seo\/ -->\n<title>Ruboril Expert SPF 50+ Color 40 mL - Apo Derma Store<\/title>\n<meta name=\"description\" content=\"Crema antienrojecimiento con color para piel sensible con ros\u00e1cea. Unifica tono y protege. Disponible en ApoDerma Store\" \/>\n<meta name=\"robots\" content=\"index, follow, max-snippet:-1, max-image-preview:large, max-video-preview:-1\" \/>\n<link rel=\"canonical\" href=\"https:\/\/apoderma.com\/inicio\/producto\/ruboril-expert-spf-50-color-40-ml\/\" \/>\n<meta property=\"og:locale\" content=\"es_ES\" \/>\n<meta property=\"og:type\" content=\"article\" \/>\n<meta property=\"og:title\" content=\"Ruboril Expert SPF 50+ Color 40 mL - Apo Derma Store\" \/>\n<meta property=\"og:description\" content=\"Crema antienrojecimiento con color para piel sensible con ros\u00e1cea. Unifica tono y protege. Disponible en ApoDerma Store\" \/>\n<meta property=\"og:url\" content=\"https:\/\/apoderma.com\/inicio\/producto\/ruboril-expert-spf-50-color-40-ml\/\" \/>\n<meta property=\"og:site_name\" content=\"Apo Derma Store\" \/>\n<meta property=\"article:modified_time\" content=\"2025-04-12T20:07:55+00:00\" \/>\n<meta property=\"og:image\" content=\"https:\/\/apoderma.com\/inicio\/wp-content\/uploads\/2021\/12\/6015.png\" \/>\n\t<meta property=\"og:image:width\" content=\"800\" \/>\n\t<meta property=\"og:image:height\" content=\"800\" \/>\n\t<meta property=\"og:image:type\" content=\"image\/png\" \/>\n<meta name=\"twitter:card\" content=\"summary_large_image\" \/>\n<meta name=\"twitter:label1\" content=\"Tiempo de lectura\" \/>\n\t<meta name=\"twitter:data1\" content=\"1 minuto\" \/>\n<script type=\"application\/ld+json\" class=\"yoast-schema-graph\">{\"@context\":\"https:\/\/schema.org\",\"@graph\":[{\"@type\":\"WebPage\",\"@id\":\"https:\/\/apoderma.com\/inicio\/producto\/ruboril-expert-spf-50-color-40-ml\/\",\"url\":\"https:\/\/apoderma.com\/inicio\/producto\/ruboril-expert-spf-50-color-40-ml\/\",\"name\":\"Ruboril Expert SPF 50+ Color 40 mL - Apo Derma Store\",\"isPartOf\":{\"@id\":\"https:\/\/apoderma.com\/inicio\/#website\"},\"primaryImageOfPage\":{\"@id\":\"https:\/\/apoderma.com\/inicio\/producto\/ruboril-expert-spf-50-color-40-ml\/#primaryimage\"},\"image\":{\"@id\":\"https:\/\/apoderma.com\/inicio\/producto\/ruboril-expert-spf-50-color-40-ml\/#primaryimage\"},\"thumbnailUrl\":\"https:\/\/apoderma.com\/inicio\/wp-content\/uploads\/2021\/12\/6015.png\",\"datePublished\":\"2021-12-10T16:39:45+00:00\",\"dateModified\":\"2025-04-12T20:07:55+00:00\",\"description\":\"Crema antienrojecimiento con color para piel sensible con ros\u00e1cea. Unifica tono y protege. Disponible en ApoDerma Store\",\"breadcrumb\":{\"@id\":\"https:\/\/apoderma.com\/inicio\/producto\/ruboril-expert-spf-50-color-40-ml\/#breadcrumb\"},\"inLanguage\":\"es\",\"potentialAction\":[{\"@type\":\"ReadAction\",\"target\":[\"https:\/\/apoderma.com\/inicio\/producto\/ruboril-expert-spf-50-color-40-ml\/\"]}]},{\"@type\":\"ImageObject\",\"inLanguage\":\"es\",\"@id\":\"https:\/\/apoderma.com\/inicio\/producto\/ruboril-expert-spf-50-color-40-ml\/#primaryimage\",\"url\":\"https:\/\/apoderma.com\/inicio\/wp-content\/uploads\/2021\/12\/6015.png\",\"contentUrl\":\"https:\/\/apoderma.com\/inicio\/wp-content\/uploads\/2021\/12\/6015.png\",\"width\":800,\"height\":800,\"caption\":\"Ruboril Expert FPS 30\"},{\"@type\":\"BreadcrumbList\",\"@id\":\"https:\/\/apoderma.com\/inicio\/producto\/ruboril-expert-spf-50-color-40-ml\/#breadcrumb\",\"itemListElement\":[{\"@type\":\"ListItem\",\"position\":1,\"name\":\"Portada\",\"item\":\"https:\/\/apoderma.com\/inicio\/\"},{\"@type\":\"ListItem\",\"position\":2,\"name\":\"Tienda Dermocosm\u00e9tica\",\"item\":\"https:\/\/apoderma.com\/inicio\/tienda-dermocosmetica\/\"},{\"@type\":\"ListItem\",\"position\":3,\"name\":\"Ruboril Expert SPF 50+ Color 40 mL\"}]},{\"@type\":\"WebSite\",\"@id\":\"https:\/\/apoderma.com\/inicio\/#website\",\"url\":\"https:\/\/apoderma.com\/inicio\/\",\"name\":\"Apo Derma Store\",\"description\":\"Venta de productos cosm\u00e9ticos\",\"potentialAction\":[{\"@type\":\"SearchAction\",\"target\":{\"@type\":\"EntryPoint\",\"urlTemplate\":\"https:\/\/apoderma.com\/inicio\/?s={search_term_string}\"},\"query-input\":{\"@type\":\"PropertyValueSpecification\",\"valueRequired\":true,\"valueName\":\"search_term_string\"}}],\"inLanguage\":\"es\"}]}<\/script>\n<!-- \/ Yoast SEO plugin. -->","yoast_head_json":{"title":"Ruboril Expert SPF 50+ Color 40 mL - Apo Derma Store","description":"Crema antienrojecimiento con color para piel sensible con ros\u00e1cea. Unifica tono y protege. Disponible en ApoDerma Store","robots":{"index":"index","follow":"follow","max-snippet":"max-snippet:-1","max-image-preview":"max-image-preview:large","max-video-preview":"max-video-preview:-1"},"canonical":"https:\/\/apoderma.com\/inicio\/producto\/ruboril-expert-spf-50-color-40-ml\/","og_locale":"es_ES","og_type":"article","og_title":"Ruboril Expert SPF 50+ Color 40 mL - Apo Derma Store","og_description":"Crema antienrojecimiento con color para piel sensible con ros\u00e1cea. Unifica tono y protege. Disponible en ApoDerma Store","og_url":"https:\/\/apoderma.com\/inicio\/producto\/ruboril-expert-spf-50-color-40-ml\/","og_site_name":"Apo Derma Store","article_modified_time":"2025-04-12T20:07:55+00:00","og_image":[{"width":800,"height":800,"url":"https:\/\/apoderma.com\/inicio\/wp-content\/uploads\/2021\/12\/6015.png","type":"image\/png"}],"twitter_card":"summary_large_image","twitter_misc":{"Tiempo de lectura":"1 minuto"},"schema":{"@context":"https:\/\/schema.org","@graph":[{"@type":"WebPage","@id":"https:\/\/apoderma.com\/inicio\/producto\/ruboril-expert-spf-50-color-40-ml\/","url":"https:\/\/apoderma.com\/inicio\/producto\/ruboril-expert-spf-50-color-40-ml\/","name":"Ruboril Expert SPF 50+ Color 40 mL - Apo Derma Store","isPartOf":{"@id":"https:\/\/apoderma.com\/inicio\/#website"},"primaryImageOfPage":{"@id":"https:\/\/apoderma.com\/inicio\/producto\/ruboril-expert-spf-50-color-40-ml\/#primaryimage"},"image":{"@id":"https:\/\/apoderma.com\/inicio\/producto\/ruboril-expert-spf-50-color-40-ml\/#primaryimage"},"thumbnailUrl":"https:\/\/apoderma.com\/inicio\/wp-content\/uploads\/2021\/12\/6015.png","datePublished":"2021-12-10T16:39:45+00:00","dateModified":"2025-04-12T20:07:55+00:00","description":"Crema antienrojecimiento con color para piel sensible con ros\u00e1cea. Unifica tono y protege. Disponible en ApoDerma Store","breadcrumb":{"@id":"https:\/\/apoderma.com\/inicio\/producto\/ruboril-expert-spf-50-color-40-ml\/#breadcrumb"},"inLanguage":"es","potentialAction":[{"@type":"ReadAction","target":["https:\/\/apoderma.com\/inicio\/producto\/ruboril-expert-spf-50-color-40-ml\/"]}]},{"@type":"ImageObject","inLanguage":"es","@id":"https:\/\/apoderma.com\/inicio\/producto\/ruboril-expert-spf-50-color-40-ml\/#primaryimage","url":"https:\/\/apoderma.com\/inicio\/wp-content\/uploads\/2021\/12\/6015.png","contentUrl":"https:\/\/apoderma.com\/inicio\/wp-content\/uploads\/2021\/12\/6015.png","width":800,"height":800,"caption":"Ruboril Expert FPS 30"},{"@type":"BreadcrumbList","@id":"https:\/\/apoderma.com\/inicio\/producto\/ruboril-expert-spf-50-color-40-ml\/#breadcrumb","itemListElement":[{"@type":"ListItem","position":1,"name":"Portada","item":"https:\/\/apoderma.com\/inicio\/"},{"@type":"ListItem","position":2,"name":"Tienda Dermocosm\u00e9tica","item":"https:\/\/apoderma.com\/inicio\/tienda-dermocosmetica\/"},{"@type":"ListItem","position":3,"name":"Ruboril Expert SPF 50+ Color 40 mL"}]},{"@type":"WebSite","@id":"https:\/\/apoderma.com\/inicio\/#website","url":"https:\/\/apoderma.com\/inicio\/","name":"Apo Derma Store","description":"Venta de productos cosm\u00e9ticos","potentialAction":[{"@type":"SearchAction","target":{"@type":"EntryPoint","urlTemplate":"https:\/\/apoderma.com\/inicio\/?s={search_term_string}"},"query-input":{"@type":"PropertyValueSpecification","valueRequired":true,"valueName":"search_term_string"}}],"inLanguage":"es"}]}},"_links":{"self":[{"href":"https:\/\/apoderma.com\/inicio\/wp-json\/wp\/v2\/product\/38621","targetHints":{"allow":["GET"]}}],"collection":[{"href":"https:\/\/apoderma.com\/inicio\/wp-json\/wp\/v2\/product"}],"about":[{"href":"https:\/\/apoderma.com\/inicio\/wp-json\/wp\/v2\/types\/product"}],"wp:featuredmedia":[{"embeddable":true,"href":"https:\/\/apoderma.com\/inicio\/wp-json\/wp\/v2\/media\/38622"}],"wp:attachment":[{"href":"https:\/\/apoderma.com\/inicio\/wp-json\/wp\/v2\/media?parent=38621"}],"wp:term":[{"taxonomy":"product_cat","embeddable":true,"href":"https:\/\/apoderma.com\/inicio\/wp-json\/wp\/v2\/product_cat?post=38621"},{"taxonomy":"product_tag","embeddable":true,"href":"https:\/\/apoderma.com\/inicio\/wp-json\/wp\/v2\/product_tag?post=38621"}],"curies":[{"name":"wp","href":"https:\/\/api.w.org\/{rel}","templated":true}]}}