{"id":38618,"date":"2021-12-10T09:07:26","date_gmt":"2021-12-10T15:07:26","guid":{"rendered":"https:\/\/apoderma.com\/inicio\/?post_type=product&#038;p=38618"},"modified":"2026-02-07T14:59:37","modified_gmt":"2026-02-07T20:59:37","slug":"ruboril-expert-m-40-ml","status":"publish","type":"product","link":"https:\/\/apoderma.com\/inicio\/producto\/ruboril-expert-m-40-ml\/","title":{"rendered":"Ruboril Expert M 40 mL"},"content":{"rendered":"<h3>Especificaciones<\/h3>\n<ul>\n<li><a href=\"https:\/\/www.isispharma.com\/es\/producto\/ruboril-expert-m\/\"><strong>Ruboril\u00ae Expert M <\/strong><\/a>de ISISPHARMA es un gel-crema para piel sensible, normal a mixta con enrojecimiento.<\/li>\n<li>Combate los enrojecimientos esparcidos y los peque\u00f1os vasos sangu\u00edneos visibles.<\/li>\n<li>Los estudios cl\u00ednicos realizados por el Laboratorio sustentan una reducci\u00f3n en los enrojecimientos significativa y visible tras 4 semanas de uso. Los enrojecimiento disminuyeron en un 55% y la tez homog\u00e9nea en m\u00e1s del 51%*<\/li>\n<li>Es un producto f\u00e1cil de usar y agradable al contacto gracias a su textura refrescante, ligera y no pegajosa; fue especialmente dise\u00f1ado para las pieles normales a mixtas<\/li>\n<li>Este producto en gel-crema no contiene aroma y fue sometido a un control dermatol\u00f3gico.<\/li>\n<\/ul>\n<p>*Estudio realizado en 20 voluntarios, aplicando el producto dos veces al d\u00eda durante 28 d\u00edas.<\/p>\n<div class=\"annotation\">\n<p>&nbsp;<\/p>\n<\/div>\n<h3>Composici\u00f3n<\/h3>\n<ul>\n<li>Complejo de extractos vegetales: ra\u00edz de Rusco, Centella asi\u00e1tica, Cal\u00e9ndula officinalis, Casta\u00f1o de Indias, Regaliz.<\/li>\n<li>Vitamina B3: refuerza la barrera cut\u00e1nea<\/li>\n<li>Beta\u00edna de origen vegetal con acci\u00f3n hidratante.<\/li>\n<li>\u00c1cido\u00a0<span class=\"greek-letter\">\u03b2<\/span>-glicirret\u00ednico de origen vegetal que brinda alivio a la piel.<\/li>\n<li>Aceite de camelia que act\u00faa como hidratante.<\/li>\n<li>Aceite de jojoba, mimosa y de girasol de origen natural que hidratan y nutren.<\/li>\n<\/ul>\n<h3>Modo de uso:<\/h3>\n<ol>\n<li>Aplica el gel-crema Ruboril\u00ae Expert M dos veces al d\u00eda, en la ma\u00f1ana y en la noche sobre rostro y cuello.<\/li>\n<\/ol>\n","protected":false},"excerpt":{"rendered":"<p>Gel-crema antienrojecimiento Piel sensible, normal a mixta y con rojeces Alivia e hidrata Disponible compra&hellip;<\/p>\n","protected":false},"featured_media":38619,"template":"","meta":{"_glsr_average":0,"_glsr_ranking":0,"_glsr_reviews":0},"product_cat":[94,89],"product_tag":[213,242,188,115],"class_list":{"0":"post-38618","1":"product","2":"type-product","3":"status-publish","4":"has-post-thumbnail","6":"product_brand-isispharma","7":"product_cat-piel-sensible","8":"product_cat-rostro","9":"product_tag-piel-mixta","10":"product_tag-piel-normal","11":"product_tag-rosacea","12":"product_tag-rostro","14":"first","15":"instock","16":"taxable","17":"shipping-taxable","18":"purchasable","19":"product-type-simple","20":"thumb-has-effect","21":"prod-rating-on"},"yoast_head":"<!-- This site is optimized with the Yoast SEO plugin v25.3.1 - https:\/\/yoast.com\/wordpress\/plugins\/seo\/ -->\n<title>Ruboril Expert M 40 mL - Apo Derma Store<\/title>\n<meta name=\"description\" content=\"Gel antienrojecimiento para piel de normal a mixta con ros\u00e1cea. Alivia e hidrata la piel sensible con rojeces. Disponible en ApoDerma Store\" \/>\n<meta name=\"robots\" content=\"index, follow, max-snippet:-1, max-image-preview:large, max-video-preview:-1\" \/>\n<link rel=\"canonical\" href=\"https:\/\/apoderma.com\/inicio\/producto\/ruboril-expert-m-40-ml\/\" \/>\n<meta property=\"og:locale\" content=\"es_ES\" \/>\n<meta property=\"og:type\" content=\"article\" \/>\n<meta property=\"og:title\" content=\"Ruboril Expert M 40 mL - Apo Derma Store\" \/>\n<meta property=\"og:description\" content=\"Gel antienrojecimiento para piel de normal a mixta con ros\u00e1cea. Alivia e hidrata la piel sensible con rojeces. Disponible en ApoDerma Store\" \/>\n<meta property=\"og:url\" content=\"https:\/\/apoderma.com\/inicio\/producto\/ruboril-expert-m-40-ml\/\" \/>\n<meta property=\"og:site_name\" content=\"Apo Derma Store\" \/>\n<meta property=\"article:modified_time\" content=\"2026-02-07T20:59:37+00:00\" \/>\n<meta property=\"og:image\" content=\"https:\/\/apoderma.com\/inicio\/wp-content\/uploads\/2021\/12\/6013.png\" \/>\n\t<meta property=\"og:image:width\" content=\"800\" \/>\n\t<meta property=\"og:image:height\" content=\"800\" \/>\n\t<meta property=\"og:image:type\" content=\"image\/png\" \/>\n<meta name=\"twitter:card\" content=\"summary_large_image\" \/>\n<meta name=\"twitter:label1\" content=\"Tiempo de lectura\" \/>\n\t<meta name=\"twitter:data1\" content=\"2 minutos\" \/>\n<script type=\"application\/ld+json\" class=\"yoast-schema-graph\">{\"@context\":\"https:\/\/schema.org\",\"@graph\":[{\"@type\":\"WebPage\",\"@id\":\"https:\/\/apoderma.com\/inicio\/producto\/ruboril-expert-m-40-ml\/\",\"url\":\"https:\/\/apoderma.com\/inicio\/producto\/ruboril-expert-m-40-ml\/\",\"name\":\"Ruboril Expert M 40 mL - Apo Derma Store\",\"isPartOf\":{\"@id\":\"https:\/\/apoderma.com\/inicio\/#website\"},\"primaryImageOfPage\":{\"@id\":\"https:\/\/apoderma.com\/inicio\/producto\/ruboril-expert-m-40-ml\/#primaryimage\"},\"image\":{\"@id\":\"https:\/\/apoderma.com\/inicio\/producto\/ruboril-expert-m-40-ml\/#primaryimage\"},\"thumbnailUrl\":\"https:\/\/apoderma.com\/inicio\/wp-content\/uploads\/2021\/12\/6013.png\",\"datePublished\":\"2021-12-10T15:07:26+00:00\",\"dateModified\":\"2026-02-07T20:59:37+00:00\",\"description\":\"Gel antienrojecimiento para piel de normal a mixta con ros\u00e1cea. Alivia e hidrata la piel sensible con rojeces. Disponible en ApoDerma Store\",\"breadcrumb\":{\"@id\":\"https:\/\/apoderma.com\/inicio\/producto\/ruboril-expert-m-40-ml\/#breadcrumb\"},\"inLanguage\":\"es\",\"potentialAction\":[{\"@type\":\"ReadAction\",\"target\":[\"https:\/\/apoderma.com\/inicio\/producto\/ruboril-expert-m-40-ml\/\"]}]},{\"@type\":\"ImageObject\",\"inLanguage\":\"es\",\"@id\":\"https:\/\/apoderma.com\/inicio\/producto\/ruboril-expert-m-40-ml\/#primaryimage\",\"url\":\"https:\/\/apoderma.com\/inicio\/wp-content\/uploads\/2021\/12\/6013.png\",\"contentUrl\":\"https:\/\/apoderma.com\/inicio\/wp-content\/uploads\/2021\/12\/6013.png\",\"width\":800,\"height\":800,\"caption\":\"Ruboril Expert M\"},{\"@type\":\"BreadcrumbList\",\"@id\":\"https:\/\/apoderma.com\/inicio\/producto\/ruboril-expert-m-40-ml\/#breadcrumb\",\"itemListElement\":[{\"@type\":\"ListItem\",\"position\":1,\"name\":\"Portada\",\"item\":\"https:\/\/apoderma.com\/inicio\/\"},{\"@type\":\"ListItem\",\"position\":2,\"name\":\"Tienda Dermocosm\u00e9tica\",\"item\":\"https:\/\/apoderma.com\/inicio\/tienda-dermocosmetica\/\"},{\"@type\":\"ListItem\",\"position\":3,\"name\":\"Ruboril Expert M 40 mL\"}]},{\"@type\":\"WebSite\",\"@id\":\"https:\/\/apoderma.com\/inicio\/#website\",\"url\":\"https:\/\/apoderma.com\/inicio\/\",\"name\":\"Apo Derma Store\",\"description\":\"Venta de productos cosm\u00e9ticos\",\"potentialAction\":[{\"@type\":\"SearchAction\",\"target\":{\"@type\":\"EntryPoint\",\"urlTemplate\":\"https:\/\/apoderma.com\/inicio\/?s={search_term_string}\"},\"query-input\":{\"@type\":\"PropertyValueSpecification\",\"valueRequired\":true,\"valueName\":\"search_term_string\"}}],\"inLanguage\":\"es\"}]}<\/script>\n<!-- \/ Yoast SEO plugin. -->","yoast_head_json":{"title":"Ruboril Expert M 40 mL - Apo Derma Store","description":"Gel antienrojecimiento para piel de normal a mixta con ros\u00e1cea. Alivia e hidrata la piel sensible con rojeces. Disponible en ApoDerma Store","robots":{"index":"index","follow":"follow","max-snippet":"max-snippet:-1","max-image-preview":"max-image-preview:large","max-video-preview":"max-video-preview:-1"},"canonical":"https:\/\/apoderma.com\/inicio\/producto\/ruboril-expert-m-40-ml\/","og_locale":"es_ES","og_type":"article","og_title":"Ruboril Expert M 40 mL - Apo Derma Store","og_description":"Gel antienrojecimiento para piel de normal a mixta con ros\u00e1cea. Alivia e hidrata la piel sensible con rojeces. Disponible en ApoDerma Store","og_url":"https:\/\/apoderma.com\/inicio\/producto\/ruboril-expert-m-40-ml\/","og_site_name":"Apo Derma Store","article_modified_time":"2026-02-07T20:59:37+00:00","og_image":[{"width":800,"height":800,"url":"https:\/\/apoderma.com\/inicio\/wp-content\/uploads\/2021\/12\/6013.png","type":"image\/png"}],"twitter_card":"summary_large_image","twitter_misc":{"Tiempo de lectura":"2 minutos"},"schema":{"@context":"https:\/\/schema.org","@graph":[{"@type":"WebPage","@id":"https:\/\/apoderma.com\/inicio\/producto\/ruboril-expert-m-40-ml\/","url":"https:\/\/apoderma.com\/inicio\/producto\/ruboril-expert-m-40-ml\/","name":"Ruboril Expert M 40 mL - Apo Derma Store","isPartOf":{"@id":"https:\/\/apoderma.com\/inicio\/#website"},"primaryImageOfPage":{"@id":"https:\/\/apoderma.com\/inicio\/producto\/ruboril-expert-m-40-ml\/#primaryimage"},"image":{"@id":"https:\/\/apoderma.com\/inicio\/producto\/ruboril-expert-m-40-ml\/#primaryimage"},"thumbnailUrl":"https:\/\/apoderma.com\/inicio\/wp-content\/uploads\/2021\/12\/6013.png","datePublished":"2021-12-10T15:07:26+00:00","dateModified":"2026-02-07T20:59:37+00:00","description":"Gel antienrojecimiento para piel de normal a mixta con ros\u00e1cea. Alivia e hidrata la piel sensible con rojeces. Disponible en ApoDerma Store","breadcrumb":{"@id":"https:\/\/apoderma.com\/inicio\/producto\/ruboril-expert-m-40-ml\/#breadcrumb"},"inLanguage":"es","potentialAction":[{"@type":"ReadAction","target":["https:\/\/apoderma.com\/inicio\/producto\/ruboril-expert-m-40-ml\/"]}]},{"@type":"ImageObject","inLanguage":"es","@id":"https:\/\/apoderma.com\/inicio\/producto\/ruboril-expert-m-40-ml\/#primaryimage","url":"https:\/\/apoderma.com\/inicio\/wp-content\/uploads\/2021\/12\/6013.png","contentUrl":"https:\/\/apoderma.com\/inicio\/wp-content\/uploads\/2021\/12\/6013.png","width":800,"height":800,"caption":"Ruboril Expert M"},{"@type":"BreadcrumbList","@id":"https:\/\/apoderma.com\/inicio\/producto\/ruboril-expert-m-40-ml\/#breadcrumb","itemListElement":[{"@type":"ListItem","position":1,"name":"Portada","item":"https:\/\/apoderma.com\/inicio\/"},{"@type":"ListItem","position":2,"name":"Tienda Dermocosm\u00e9tica","item":"https:\/\/apoderma.com\/inicio\/tienda-dermocosmetica\/"},{"@type":"ListItem","position":3,"name":"Ruboril Expert M 40 mL"}]},{"@type":"WebSite","@id":"https:\/\/apoderma.com\/inicio\/#website","url":"https:\/\/apoderma.com\/inicio\/","name":"Apo Derma Store","description":"Venta de productos cosm\u00e9ticos","potentialAction":[{"@type":"SearchAction","target":{"@type":"EntryPoint","urlTemplate":"https:\/\/apoderma.com\/inicio\/?s={search_term_string}"},"query-input":{"@type":"PropertyValueSpecification","valueRequired":true,"valueName":"search_term_string"}}],"inLanguage":"es"}]}},"_links":{"self":[{"href":"https:\/\/apoderma.com\/inicio\/wp-json\/wp\/v2\/product\/38618","targetHints":{"allow":["GET"]}}],"collection":[{"href":"https:\/\/apoderma.com\/inicio\/wp-json\/wp\/v2\/product"}],"about":[{"href":"https:\/\/apoderma.com\/inicio\/wp-json\/wp\/v2\/types\/product"}],"wp:featuredmedia":[{"embeddable":true,"href":"https:\/\/apoderma.com\/inicio\/wp-json\/wp\/v2\/media\/38619"}],"wp:attachment":[{"href":"https:\/\/apoderma.com\/inicio\/wp-json\/wp\/v2\/media?parent=38618"}],"wp:term":[{"taxonomy":"product_cat","embeddable":true,"href":"https:\/\/apoderma.com\/inicio\/wp-json\/wp\/v2\/product_cat?post=38618"},{"taxonomy":"product_tag","embeddable":true,"href":"https:\/\/apoderma.com\/inicio\/wp-json\/wp\/v2\/product_tag?post=38618"}],"curies":[{"name":"wp","href":"https:\/\/api.w.org\/{rel}","templated":true}]}}