{"id":38041,"date":"2021-11-25T14:15:26","date_gmt":"2021-11-25T20:15:26","guid":{"rendered":"https:\/\/apoderma.com\/inicio\/?post_type=product&#038;p=38041"},"modified":"2025-04-12T17:50:51","modified_gmt":"2025-04-12T23:50:51","slug":"neotone-body-100-ml","status":"publish","type":"product","link":"https:\/\/apoderma.com\/inicio\/producto\/neotone-body-100-ml\/","title":{"rendered":"Neotone Body 100 mL"},"content":{"rendered":"<h3>Especificaciones<\/h3>\n<ul>\n<li><a href=\"https:\/\/www.isispharma.com\/es\/producto\/neotone-body\/\"><strong>Neotone Body <\/strong><\/a>de ISISPHARMA es una leche intensiva corporal para manchas oscuras, sobre todo en zonas con roce.<\/li>\n<li>Favorece la eliminaci\u00f3n de las manchas pigmentarias actuando en cada etapa de la creaci\u00f3n de las manchas oscuras (antes, durante y despu\u00e9s de su aparici\u00f3n) mientras le da a la piel un aspecto terso y suave.<\/li>\n<li>Hidrata durante 8 horas.<\/li>\n<li>Apta para zonas sensibles como l\u00ednea de bikini y axilas.<\/li>\n<\/ul>\n<h3>Composici\u00f3n<\/h3>\n<div class=\"sp_assets--asset\">\n<div class=\"sp_assets--asset-title-wrapper\">\n<ol>\n<li class=\"sp_assets--asset-title\">Diacetil boldina: favorece el aclaramiento de la piel.<\/li>\n<li>Extracto de regaliz: efecto despigmentante<\/li>\n<li>Niacinamida: reduce tono de manchas<\/li>\n<li>\u00c1cido glic\u00f3lico: exfoliante qu\u00edmico, efecto peeling para eliminar manchas superficiales<\/li>\n<li>Escualano, glicerina, manteca de karit\u00e9 que refuerzan barrera cut\u00e1nea.<\/li>\n<\/ol>\n<\/div>\n<\/div>\n<div class=\"sp_assets--asset\">\n<div class=\"sp_assets--asset-title-wrapper\">Modo de uso:<\/div>\n<\/div>\n<ol>\n<li>Usar diariamente por la noche, en zonas localizadas.<\/li>\n<li>Aplicar el producto en las zonas afectadas por las manchas pigmentarias.<\/li>\n<li>Asimismo, se recomienda su uso en aquellas zonas particularmente sensibles del cuerpo como lo son las axilas y la entrepierna.<\/li>\n<li>La leche corporal tambi\u00e9n puede ser empleada sobre el vientre despu\u00e9s de un embarazo en caso dado de que la l\u00ednea negra, esa l\u00ednea oscura poco favorable que aparece durante el embarazo, no haya desaparecido.<\/li>\n<li>Utilizar <strong><a href=\"https:\/\/apoderma.com\/inicio\/categoria-producto\/rostro\/fotoproteccion\/\">Fotoprotecci\u00f3n<\/a> <\/strong>durante el d\u00eda durante el tratamiento.<\/li>\n<li>Descontinuar su uso en caso de irritaci\u00f3n y consultar con un especialista.<\/li>\n<\/ol>\n","protected":false},"excerpt":{"rendered":"<p>Leche corporal intensiva Manchas pigmentarias Despigmentante e hidratante Disponible compra mediante WhatsApp y pago con&hellip;<\/p>\n","protected":false},"featured_media":38042,"template":"","meta":{"_glsr_average":0,"_glsr_ranking":0,"_glsr_reviews":0},"product_cat":[97,316],"product_tag":[125,318,317],"class_list":{"0":"post-38041","1":"product","2":"type-product","3":"status-publish","4":"has-post-thumbnail","6":"product_brand-isispharma","7":"product_cat-cuerpo","8":"product_cat-problemas-de-depigmentacion-y-acne","9":"product_tag-cuerpo","10":"product_tag-manchas-pigmentarias","11":"product_tag-pigmentacion-corporal","13":"first","14":"instock","15":"taxable","16":"shipping-taxable","17":"purchasable","18":"product-type-simple","19":"thumb-no-effect","20":"prod-rating-on"},"yoast_head":"<!-- This site is optimized with the Yoast SEO plugin v25.3.1 - https:\/\/yoast.com\/wordpress\/plugins\/seo\/ -->\n<title>Neotone Body 100 mL - Apo Derma Store<\/title>\n<meta name=\"description\" content=\"Neotone Body de Isispharma es una leche corporal para manchas pigmentarias, apta para zonas como ingle y axilas. Disponible en ApoDerma Store\" \/>\n<meta name=\"robots\" content=\"index, follow, max-snippet:-1, max-image-preview:large, max-video-preview:-1\" \/>\n<link rel=\"canonical\" href=\"https:\/\/apoderma.com\/inicio\/producto\/neotone-body-100-ml\/\" \/>\n<meta property=\"og:locale\" content=\"es_ES\" \/>\n<meta property=\"og:type\" content=\"article\" \/>\n<meta property=\"og:title\" content=\"Neotone Body 100 mL - Apo Derma Store\" \/>\n<meta property=\"og:description\" content=\"Neotone Body de Isispharma es una leche corporal para manchas pigmentarias, apta para zonas como ingle y axilas. Disponible en ApoDerma Store\" \/>\n<meta property=\"og:url\" content=\"https:\/\/apoderma.com\/inicio\/producto\/neotone-body-100-ml\/\" \/>\n<meta property=\"og:site_name\" content=\"Apo Derma Store\" \/>\n<meta property=\"article:modified_time\" content=\"2025-04-12T23:50:51+00:00\" \/>\n<meta property=\"og:image\" content=\"https:\/\/apoderma.com\/inicio\/wp-content\/uploads\/2021\/11\/60031.jpg\" \/>\n\t<meta property=\"og:image:width\" content=\"800\" \/>\n\t<meta property=\"og:image:height\" content=\"800\" \/>\n\t<meta property=\"og:image:type\" content=\"image\/jpeg\" \/>\n<meta name=\"twitter:card\" content=\"summary_large_image\" \/>\n<meta name=\"twitter:label1\" content=\"Tiempo de lectura\" \/>\n\t<meta name=\"twitter:data1\" content=\"1 minuto\" \/>\n<script type=\"application\/ld+json\" class=\"yoast-schema-graph\">{\"@context\":\"https:\/\/schema.org\",\"@graph\":[{\"@type\":\"WebPage\",\"@id\":\"https:\/\/apoderma.com\/inicio\/producto\/neotone-body-100-ml\/\",\"url\":\"https:\/\/apoderma.com\/inicio\/producto\/neotone-body-100-ml\/\",\"name\":\"Neotone Body 100 mL - Apo Derma Store\",\"isPartOf\":{\"@id\":\"https:\/\/apoderma.com\/inicio\/#website\"},\"primaryImageOfPage\":{\"@id\":\"https:\/\/apoderma.com\/inicio\/producto\/neotone-body-100-ml\/#primaryimage\"},\"image\":{\"@id\":\"https:\/\/apoderma.com\/inicio\/producto\/neotone-body-100-ml\/#primaryimage\"},\"thumbnailUrl\":\"https:\/\/apoderma.com\/inicio\/wp-content\/uploads\/2021\/11\/60031.jpg\",\"datePublished\":\"2021-11-25T20:15:26+00:00\",\"dateModified\":\"2025-04-12T23:50:51+00:00\",\"description\":\"Neotone Body de Isispharma es una leche corporal para manchas pigmentarias, apta para zonas como ingle y axilas. Disponible en ApoDerma Store\",\"breadcrumb\":{\"@id\":\"https:\/\/apoderma.com\/inicio\/producto\/neotone-body-100-ml\/#breadcrumb\"},\"inLanguage\":\"es\",\"potentialAction\":[{\"@type\":\"ReadAction\",\"target\":[\"https:\/\/apoderma.com\/inicio\/producto\/neotone-body-100-ml\/\"]}]},{\"@type\":\"ImageObject\",\"inLanguage\":\"es\",\"@id\":\"https:\/\/apoderma.com\/inicio\/producto\/neotone-body-100-ml\/#primaryimage\",\"url\":\"https:\/\/apoderma.com\/inicio\/wp-content\/uploads\/2021\/11\/60031.jpg\",\"contentUrl\":\"https:\/\/apoderma.com\/inicio\/wp-content\/uploads\/2021\/11\/60031.jpg\",\"width\":800,\"height\":800,\"caption\":\"neotone body\"},{\"@type\":\"BreadcrumbList\",\"@id\":\"https:\/\/apoderma.com\/inicio\/producto\/neotone-body-100-ml\/#breadcrumb\",\"itemListElement\":[{\"@type\":\"ListItem\",\"position\":1,\"name\":\"Portada\",\"item\":\"https:\/\/apoderma.com\/inicio\/\"},{\"@type\":\"ListItem\",\"position\":2,\"name\":\"Tienda Dermocosm\u00e9tica\",\"item\":\"https:\/\/apoderma.com\/inicio\/tienda-dermocosmetica\/\"},{\"@type\":\"ListItem\",\"position\":3,\"name\":\"Neotone Body 100 mL\"}]},{\"@type\":\"WebSite\",\"@id\":\"https:\/\/apoderma.com\/inicio\/#website\",\"url\":\"https:\/\/apoderma.com\/inicio\/\",\"name\":\"Apo Derma Store\",\"description\":\"Venta de productos cosm\u00e9ticos\",\"potentialAction\":[{\"@type\":\"SearchAction\",\"target\":{\"@type\":\"EntryPoint\",\"urlTemplate\":\"https:\/\/apoderma.com\/inicio\/?s={search_term_string}\"},\"query-input\":{\"@type\":\"PropertyValueSpecification\",\"valueRequired\":true,\"valueName\":\"search_term_string\"}}],\"inLanguage\":\"es\"}]}<\/script>\n<!-- \/ Yoast SEO plugin. -->","yoast_head_json":{"title":"Neotone Body 100 mL - Apo Derma Store","description":"Neotone Body de Isispharma es una leche corporal para manchas pigmentarias, apta para zonas como ingle y axilas. Disponible en ApoDerma Store","robots":{"index":"index","follow":"follow","max-snippet":"max-snippet:-1","max-image-preview":"max-image-preview:large","max-video-preview":"max-video-preview:-1"},"canonical":"https:\/\/apoderma.com\/inicio\/producto\/neotone-body-100-ml\/","og_locale":"es_ES","og_type":"article","og_title":"Neotone Body 100 mL - Apo Derma Store","og_description":"Neotone Body de Isispharma es una leche corporal para manchas pigmentarias, apta para zonas como ingle y axilas. Disponible en ApoDerma Store","og_url":"https:\/\/apoderma.com\/inicio\/producto\/neotone-body-100-ml\/","og_site_name":"Apo Derma Store","article_modified_time":"2025-04-12T23:50:51+00:00","og_image":[{"width":800,"height":800,"url":"https:\/\/apoderma.com\/inicio\/wp-content\/uploads\/2021\/11\/60031.jpg","type":"image\/jpeg"}],"twitter_card":"summary_large_image","twitter_misc":{"Tiempo de lectura":"1 minuto"},"schema":{"@context":"https:\/\/schema.org","@graph":[{"@type":"WebPage","@id":"https:\/\/apoderma.com\/inicio\/producto\/neotone-body-100-ml\/","url":"https:\/\/apoderma.com\/inicio\/producto\/neotone-body-100-ml\/","name":"Neotone Body 100 mL - Apo Derma Store","isPartOf":{"@id":"https:\/\/apoderma.com\/inicio\/#website"},"primaryImageOfPage":{"@id":"https:\/\/apoderma.com\/inicio\/producto\/neotone-body-100-ml\/#primaryimage"},"image":{"@id":"https:\/\/apoderma.com\/inicio\/producto\/neotone-body-100-ml\/#primaryimage"},"thumbnailUrl":"https:\/\/apoderma.com\/inicio\/wp-content\/uploads\/2021\/11\/60031.jpg","datePublished":"2021-11-25T20:15:26+00:00","dateModified":"2025-04-12T23:50:51+00:00","description":"Neotone Body de Isispharma es una leche corporal para manchas pigmentarias, apta para zonas como ingle y axilas. Disponible en ApoDerma Store","breadcrumb":{"@id":"https:\/\/apoderma.com\/inicio\/producto\/neotone-body-100-ml\/#breadcrumb"},"inLanguage":"es","potentialAction":[{"@type":"ReadAction","target":["https:\/\/apoderma.com\/inicio\/producto\/neotone-body-100-ml\/"]}]},{"@type":"ImageObject","inLanguage":"es","@id":"https:\/\/apoderma.com\/inicio\/producto\/neotone-body-100-ml\/#primaryimage","url":"https:\/\/apoderma.com\/inicio\/wp-content\/uploads\/2021\/11\/60031.jpg","contentUrl":"https:\/\/apoderma.com\/inicio\/wp-content\/uploads\/2021\/11\/60031.jpg","width":800,"height":800,"caption":"neotone body"},{"@type":"BreadcrumbList","@id":"https:\/\/apoderma.com\/inicio\/producto\/neotone-body-100-ml\/#breadcrumb","itemListElement":[{"@type":"ListItem","position":1,"name":"Portada","item":"https:\/\/apoderma.com\/inicio\/"},{"@type":"ListItem","position":2,"name":"Tienda Dermocosm\u00e9tica","item":"https:\/\/apoderma.com\/inicio\/tienda-dermocosmetica\/"},{"@type":"ListItem","position":3,"name":"Neotone Body 100 mL"}]},{"@type":"WebSite","@id":"https:\/\/apoderma.com\/inicio\/#website","url":"https:\/\/apoderma.com\/inicio\/","name":"Apo Derma Store","description":"Venta de productos cosm\u00e9ticos","potentialAction":[{"@type":"SearchAction","target":{"@type":"EntryPoint","urlTemplate":"https:\/\/apoderma.com\/inicio\/?s={search_term_string}"},"query-input":{"@type":"PropertyValueSpecification","valueRequired":true,"valueName":"search_term_string"}}],"inLanguage":"es"}]}},"_links":{"self":[{"href":"https:\/\/apoderma.com\/inicio\/wp-json\/wp\/v2\/product\/38041","targetHints":{"allow":["GET"]}}],"collection":[{"href":"https:\/\/apoderma.com\/inicio\/wp-json\/wp\/v2\/product"}],"about":[{"href":"https:\/\/apoderma.com\/inicio\/wp-json\/wp\/v2\/types\/product"}],"wp:featuredmedia":[{"embeddable":true,"href":"https:\/\/apoderma.com\/inicio\/wp-json\/wp\/v2\/media\/38042"}],"wp:attachment":[{"href":"https:\/\/apoderma.com\/inicio\/wp-json\/wp\/v2\/media?parent=38041"}],"wp:term":[{"taxonomy":"product_cat","embeddable":true,"href":"https:\/\/apoderma.com\/inicio\/wp-json\/wp\/v2\/product_cat?post=38041"},{"taxonomy":"product_tag","embeddable":true,"href":"https:\/\/apoderma.com\/inicio\/wp-json\/wp\/v2\/product_tag?post=38041"}],"curies":[{"name":"wp","href":"https:\/\/api.w.org\/{rel}","templated":true}]}}