{"id":38037,"date":"2021-11-25T13:17:04","date_gmt":"2021-11-25T19:17:04","guid":{"rendered":"https:\/\/apoderma.com\/inicio\/?post_type=product&#038;p=38037"},"modified":"2025-11-18T16:35:19","modified_gmt":"2025-11-18T22:35:19","slug":"ruboril-expert-s-40-ml","status":"publish","type":"product","link":"https:\/\/apoderma.com\/inicio\/producto\/ruboril-expert-s-40-ml\/","title":{"rendered":"Ruboril Expert S 40 mL"},"content":{"rendered":"<h3>Especificaciones<\/h3>\n<ul>\n<li><a href=\"https:\/\/www.isispharma.com\/es\/producto\/ruboril-expert-s\/\"><strong>Ruboril Expert S <\/strong><\/a>de ISISPHARMA es una crema para piel sensible y seca con enrojecimiento.<\/li>\n<li>Combate los enrojecimientos dispersos y los peque\u00f1os vasos sangu\u00edneos visibles para obtener una piel significativamente menos irritada<\/li>\n<li>Esta crema es de r\u00e1pida absorci\u00f3n y no deja la piel grasosa despu\u00e9s de su aplicaci\u00f3n.<\/li>\n<li>Esta crema sin aroma fue sometida a un control dermatol\u00f3gico previo, por lo que tiene alta tolerancia<\/li>\n<\/ul>\n<h3>Composici\u00f3n<\/h3>\n<ul>\n<li>Complejo de extractos vegetales: ra\u00edz de rusco, centella asi\u00e1tica, cal\u00e9ndula officinalis, casta\u00f1o de Indias, regaliz.<\/li>\n<li>Vitamina B3: refuerza la barrera cut\u00e1nea<\/li>\n<li>Beta\u00edna de origen vegetal con acci\u00f3n hidratante.<\/li>\n<li>\u00c1cido\u00a0<span class=\"greek-letter\">\u03b2<\/span>-glicirret\u00ednico de origen vegetal que brinda alivio a la piel.<\/li>\n<li>Aceite de camelia que act\u00faa como hidratante.<\/li>\n<li>Manteca de karit\u00e9 + glicerina vegetal + ceras de jojoba, mimosa y de girasol de origen natural que hidratan y nutren.<\/li>\n<\/ul>\n<h3>Modo de uso:<\/h3>\n<ol>\n<li>Aplica la crema Ruboril\u00ae Expert S dos veces al d\u00eda, en la ma\u00f1ana y en la noche sobre rostro y cuello.<\/li>\n<\/ol>\n","protected":false},"excerpt":{"rendered":"<p>Crema antienrojecimiento Piel sensible, seca y con rojeces Alivia e hidrata Disponible compra mediante WhatsApp&hellip;<\/p>\n","protected":false},"featured_media":38038,"template":"","meta":{"_glsr_average":0,"_glsr_ranking":0,"_glsr_reviews":0},"product_cat":[94,89],"product_tag":[188,115],"class_list":{"0":"post-38037","1":"product","2":"type-product","3":"status-publish","4":"has-post-thumbnail","6":"product_brand-isispharma","7":"product_cat-piel-sensible","8":"product_cat-rostro","9":"product_tag-rosacea","10":"product_tag-rostro","12":"first","13":"outofstock","14":"taxable","15":"shipping-taxable","16":"purchasable","17":"product-type-simple","18":"thumb-no-effect","19":"prod-rating-on"},"yoast_head":"<!-- This site is optimized with the Yoast SEO plugin v25.3.1 - https:\/\/yoast.com\/wordpress\/plugins\/seo\/ -->\n<title>Ruboril Expert S 40 mL - Apo Derma Store<\/title>\n<meta name=\"description\" content=\"Crema antienrojecimiento para piel sensible y seca con ros\u00e1cea. Alivia e hidrata la piel sensible con rojeces Disponible en ApoDerma Store\" \/>\n<meta name=\"robots\" content=\"index, follow, max-snippet:-1, max-image-preview:large, max-video-preview:-1\" \/>\n<link rel=\"canonical\" href=\"https:\/\/apoderma.com\/inicio\/producto\/ruboril-expert-s-40-ml\/\" \/>\n<meta property=\"og:locale\" content=\"es_ES\" \/>\n<meta property=\"og:type\" content=\"article\" \/>\n<meta property=\"og:title\" content=\"Ruboril Expert S 40 mL - Apo Derma Store\" \/>\n<meta property=\"og:description\" content=\"Crema antienrojecimiento para piel sensible y seca con ros\u00e1cea. Alivia e hidrata la piel sensible con rojeces Disponible en ApoDerma Store\" \/>\n<meta property=\"og:url\" content=\"https:\/\/apoderma.com\/inicio\/producto\/ruboril-expert-s-40-ml\/\" \/>\n<meta property=\"og:site_name\" content=\"Apo Derma Store\" \/>\n<meta property=\"article:modified_time\" content=\"2025-11-18T22:35:19+00:00\" \/>\n<meta property=\"og:image\" content=\"https:\/\/apoderma.com\/inicio\/wp-content\/uploads\/2021\/11\/60014.jpg\" \/>\n\t<meta property=\"og:image:width\" content=\"800\" \/>\n\t<meta property=\"og:image:height\" content=\"800\" \/>\n\t<meta property=\"og:image:type\" content=\"image\/jpeg\" \/>\n<meta name=\"twitter:card\" content=\"summary_large_image\" \/>\n<meta name=\"twitter:label1\" content=\"Tiempo de lectura\" \/>\n\t<meta name=\"twitter:data1\" content=\"1 minuto\" \/>\n<script type=\"application\/ld+json\" class=\"yoast-schema-graph\">{\"@context\":\"https:\/\/schema.org\",\"@graph\":[{\"@type\":\"WebPage\",\"@id\":\"https:\/\/apoderma.com\/inicio\/producto\/ruboril-expert-s-40-ml\/\",\"url\":\"https:\/\/apoderma.com\/inicio\/producto\/ruboril-expert-s-40-ml\/\",\"name\":\"Ruboril Expert S 40 mL - Apo Derma Store\",\"isPartOf\":{\"@id\":\"https:\/\/apoderma.com\/inicio\/#website\"},\"primaryImageOfPage\":{\"@id\":\"https:\/\/apoderma.com\/inicio\/producto\/ruboril-expert-s-40-ml\/#primaryimage\"},\"image\":{\"@id\":\"https:\/\/apoderma.com\/inicio\/producto\/ruboril-expert-s-40-ml\/#primaryimage\"},\"thumbnailUrl\":\"https:\/\/apoderma.com\/inicio\/wp-content\/uploads\/2021\/11\/60014.jpg\",\"datePublished\":\"2021-11-25T19:17:04+00:00\",\"dateModified\":\"2025-11-18T22:35:19+00:00\",\"description\":\"Crema antienrojecimiento para piel sensible y seca con ros\u00e1cea. Alivia e hidrata la piel sensible con rojeces Disponible en ApoDerma Store\",\"breadcrumb\":{\"@id\":\"https:\/\/apoderma.com\/inicio\/producto\/ruboril-expert-s-40-ml\/#breadcrumb\"},\"inLanguage\":\"es\",\"potentialAction\":[{\"@type\":\"ReadAction\",\"target\":[\"https:\/\/apoderma.com\/inicio\/producto\/ruboril-expert-s-40-ml\/\"]}]},{\"@type\":\"ImageObject\",\"inLanguage\":\"es\",\"@id\":\"https:\/\/apoderma.com\/inicio\/producto\/ruboril-expert-s-40-ml\/#primaryimage\",\"url\":\"https:\/\/apoderma.com\/inicio\/wp-content\/uploads\/2021\/11\/60014.jpg\",\"contentUrl\":\"https:\/\/apoderma.com\/inicio\/wp-content\/uploads\/2021\/11\/60014.jpg\",\"width\":800,\"height\":800,\"caption\":\"ruboril expert s\"},{\"@type\":\"BreadcrumbList\",\"@id\":\"https:\/\/apoderma.com\/inicio\/producto\/ruboril-expert-s-40-ml\/#breadcrumb\",\"itemListElement\":[{\"@type\":\"ListItem\",\"position\":1,\"name\":\"Portada\",\"item\":\"https:\/\/apoderma.com\/inicio\/\"},{\"@type\":\"ListItem\",\"position\":2,\"name\":\"Tienda Dermocosm\u00e9tica\",\"item\":\"https:\/\/apoderma.com\/inicio\/tienda-dermocosmetica\/\"},{\"@type\":\"ListItem\",\"position\":3,\"name\":\"Ruboril Expert S 40 mL\"}]},{\"@type\":\"WebSite\",\"@id\":\"https:\/\/apoderma.com\/inicio\/#website\",\"url\":\"https:\/\/apoderma.com\/inicio\/\",\"name\":\"Apo Derma Store\",\"description\":\"Venta de productos cosm\u00e9ticos\",\"potentialAction\":[{\"@type\":\"SearchAction\",\"target\":{\"@type\":\"EntryPoint\",\"urlTemplate\":\"https:\/\/apoderma.com\/inicio\/?s={search_term_string}\"},\"query-input\":{\"@type\":\"PropertyValueSpecification\",\"valueRequired\":true,\"valueName\":\"search_term_string\"}}],\"inLanguage\":\"es\"}]}<\/script>\n<!-- \/ Yoast SEO plugin. -->","yoast_head_json":{"title":"Ruboril Expert S 40 mL - Apo Derma Store","description":"Crema antienrojecimiento para piel sensible y seca con ros\u00e1cea. Alivia e hidrata la piel sensible con rojeces Disponible en ApoDerma Store","robots":{"index":"index","follow":"follow","max-snippet":"max-snippet:-1","max-image-preview":"max-image-preview:large","max-video-preview":"max-video-preview:-1"},"canonical":"https:\/\/apoderma.com\/inicio\/producto\/ruboril-expert-s-40-ml\/","og_locale":"es_ES","og_type":"article","og_title":"Ruboril Expert S 40 mL - Apo Derma Store","og_description":"Crema antienrojecimiento para piel sensible y seca con ros\u00e1cea. Alivia e hidrata la piel sensible con rojeces Disponible en ApoDerma Store","og_url":"https:\/\/apoderma.com\/inicio\/producto\/ruboril-expert-s-40-ml\/","og_site_name":"Apo Derma Store","article_modified_time":"2025-11-18T22:35:19+00:00","og_image":[{"width":800,"height":800,"url":"https:\/\/apoderma.com\/inicio\/wp-content\/uploads\/2021\/11\/60014.jpg","type":"image\/jpeg"}],"twitter_card":"summary_large_image","twitter_misc":{"Tiempo de lectura":"1 minuto"},"schema":{"@context":"https:\/\/schema.org","@graph":[{"@type":"WebPage","@id":"https:\/\/apoderma.com\/inicio\/producto\/ruboril-expert-s-40-ml\/","url":"https:\/\/apoderma.com\/inicio\/producto\/ruboril-expert-s-40-ml\/","name":"Ruboril Expert S 40 mL - Apo Derma Store","isPartOf":{"@id":"https:\/\/apoderma.com\/inicio\/#website"},"primaryImageOfPage":{"@id":"https:\/\/apoderma.com\/inicio\/producto\/ruboril-expert-s-40-ml\/#primaryimage"},"image":{"@id":"https:\/\/apoderma.com\/inicio\/producto\/ruboril-expert-s-40-ml\/#primaryimage"},"thumbnailUrl":"https:\/\/apoderma.com\/inicio\/wp-content\/uploads\/2021\/11\/60014.jpg","datePublished":"2021-11-25T19:17:04+00:00","dateModified":"2025-11-18T22:35:19+00:00","description":"Crema antienrojecimiento para piel sensible y seca con ros\u00e1cea. Alivia e hidrata la piel sensible con rojeces Disponible en ApoDerma Store","breadcrumb":{"@id":"https:\/\/apoderma.com\/inicio\/producto\/ruboril-expert-s-40-ml\/#breadcrumb"},"inLanguage":"es","potentialAction":[{"@type":"ReadAction","target":["https:\/\/apoderma.com\/inicio\/producto\/ruboril-expert-s-40-ml\/"]}]},{"@type":"ImageObject","inLanguage":"es","@id":"https:\/\/apoderma.com\/inicio\/producto\/ruboril-expert-s-40-ml\/#primaryimage","url":"https:\/\/apoderma.com\/inicio\/wp-content\/uploads\/2021\/11\/60014.jpg","contentUrl":"https:\/\/apoderma.com\/inicio\/wp-content\/uploads\/2021\/11\/60014.jpg","width":800,"height":800,"caption":"ruboril expert s"},{"@type":"BreadcrumbList","@id":"https:\/\/apoderma.com\/inicio\/producto\/ruboril-expert-s-40-ml\/#breadcrumb","itemListElement":[{"@type":"ListItem","position":1,"name":"Portada","item":"https:\/\/apoderma.com\/inicio\/"},{"@type":"ListItem","position":2,"name":"Tienda Dermocosm\u00e9tica","item":"https:\/\/apoderma.com\/inicio\/tienda-dermocosmetica\/"},{"@type":"ListItem","position":3,"name":"Ruboril Expert S 40 mL"}]},{"@type":"WebSite","@id":"https:\/\/apoderma.com\/inicio\/#website","url":"https:\/\/apoderma.com\/inicio\/","name":"Apo Derma Store","description":"Venta de productos cosm\u00e9ticos","potentialAction":[{"@type":"SearchAction","target":{"@type":"EntryPoint","urlTemplate":"https:\/\/apoderma.com\/inicio\/?s={search_term_string}"},"query-input":{"@type":"PropertyValueSpecification","valueRequired":true,"valueName":"search_term_string"}}],"inLanguage":"es"}]}},"_links":{"self":[{"href":"https:\/\/apoderma.com\/inicio\/wp-json\/wp\/v2\/product\/38037","targetHints":{"allow":["GET"]}}],"collection":[{"href":"https:\/\/apoderma.com\/inicio\/wp-json\/wp\/v2\/product"}],"about":[{"href":"https:\/\/apoderma.com\/inicio\/wp-json\/wp\/v2\/types\/product"}],"wp:featuredmedia":[{"embeddable":true,"href":"https:\/\/apoderma.com\/inicio\/wp-json\/wp\/v2\/media\/38038"}],"wp:attachment":[{"href":"https:\/\/apoderma.com\/inicio\/wp-json\/wp\/v2\/media?parent=38037"}],"wp:term":[{"taxonomy":"product_cat","embeddable":true,"href":"https:\/\/apoderma.com\/inicio\/wp-json\/wp\/v2\/product_cat?post=38037"},{"taxonomy":"product_tag","embeddable":true,"href":"https:\/\/apoderma.com\/inicio\/wp-json\/wp\/v2\/product_tag?post=38037"}],"curies":[{"name":"wp","href":"https:\/\/api.w.org\/{rel}","templated":true}]}}