{"id":38028,"date":"2021-11-25T10:23:02","date_gmt":"2021-11-25T16:23:02","guid":{"rendered":"https:\/\/apoderma.com\/inicio\/?post_type=product&#038;p=38028"},"modified":"2026-01-02T12:59:50","modified_gmt":"2026-01-02T18:59:50","slug":"metroruboril-az-30-ml","status":"publish","type":"product","link":"https:\/\/apoderma.com\/inicio\/producto\/metroruboril-az-30-ml\/","title":{"rendered":"Metroruboril A.Z 30ml"},"content":{"rendered":"<h3>Especificaciones<\/h3>\n<ul>\n<li><a href=\"https:\/\/www.isispharma.com\/es\/producto\/ruboril-metroruboril-a-z\/\"><strong>Metroruboril A.Z <\/strong><\/a>de ISISPHARMA es una crema para pieles sensibles con enrojecimiento severo.<\/li>\n<li>Disminuye de manera eficaz la intensidad de los enrojecimientos severos y reduce las imperfecciones que puedan derivar de los mismos.<\/li>\n<li>Contiene un complejo calmante compuesto por extractos vegetales, los cuales alivian y mejoran la microcirculaci\u00f3n cut\u00e1nea.<\/li>\n<li>No comedog\u00e9nico.<\/li>\n<\/ul>\n<h3>Composici\u00f3n<\/h3>\n<ul>\n<li>\u00c1cido azelaico 15%<\/li>\n<li>Complejo de extractos vegetales: ra\u00edz de rusco, centella asi\u00e1tica, cal\u00e9ndula officinalis, casta\u00f1o de Indias, regaliz.<\/li>\n<li>Vitamina B3: refuerza la barrera cut\u00e1nea<\/li>\n<\/ul>\n<h3>Modo de uso:<\/h3>\n<ol>\n<li><strong>Para uso como tratamiento correctivo cuando las imperfecciones aparecen en todo el rostro<br \/>\n<\/strong>Aplica Metroruboril A.Z en todo el cutis en la ma\u00f1ana y en la noche durante 2\/3 meses.<\/li>\n<li><strong>Para uso como tratamiento de cuidados cuando las imperfecciones solo aparecen en ciertas zonas de la piel<br \/>\n<\/strong>Aplica el producto en la noche sobre las \u00e1reas afectadas y en la ma\u00f1ana aplica la crema Ruboril expert M o S.<\/li>\n<\/ol>\n","protected":false},"excerpt":{"rendered":"<p>Crema antienrojecimiento Pieles sensibles y con rojeces<\/p>\n","protected":false},"featured_media":38031,"template":"","meta":{"_glsr_average":0,"_glsr_ranking":0,"_glsr_reviews":0},"product_cat":[94,89],"product_tag":[188,115],"class_list":{"0":"post-38028","1":"product","2":"type-product","3":"status-publish","4":"has-post-thumbnail","6":"product_brand-isispharma","7":"product_cat-piel-sensible","8":"product_cat-rostro","9":"product_tag-rosacea","10":"product_tag-rostro","12":"first","13":"outofstock","14":"taxable","15":"shipping-taxable","16":"purchasable","17":"product-type-simple","18":"thumb-has-effect","19":"prod-rating-on"},"yoast_head":"<!-- This site is optimized with the Yoast SEO plugin v25.3.1 - https:\/\/yoast.com\/wordpress\/plugins\/seo\/ -->\n<title>Metroruboril A.Z 30ml - Apo Derma Store<\/title>\n<meta name=\"description\" content=\"Crema antienrojecimiento, para piel sensible con ros\u00e1cea. Indicada para el control de las rojeces Disponible en ApoDerma Store\" \/>\n<meta name=\"robots\" content=\"index, follow, max-snippet:-1, max-image-preview:large, max-video-preview:-1\" \/>\n<link rel=\"canonical\" href=\"https:\/\/apoderma.com\/inicio\/producto\/metroruboril-az-30-ml\/\" \/>\n<meta property=\"og:locale\" content=\"es_ES\" \/>\n<meta property=\"og:type\" content=\"article\" \/>\n<meta property=\"og:title\" content=\"Metroruboril A.Z 30ml - Apo Derma Store\" \/>\n<meta property=\"og:description\" content=\"Crema antienrojecimiento, para piel sensible con ros\u00e1cea. Indicada para el control de las rojeces Disponible en ApoDerma Store\" \/>\n<meta property=\"og:url\" content=\"https:\/\/apoderma.com\/inicio\/producto\/metroruboril-az-30-ml\/\" \/>\n<meta property=\"og:site_name\" content=\"Apo Derma Store\" \/>\n<meta property=\"article:modified_time\" content=\"2026-01-02T18:59:50+00:00\" \/>\n<meta property=\"og:image\" content=\"https:\/\/apoderma.com\/inicio\/wp-content\/uploads\/2021\/11\/60012.jpg\" \/>\n\t<meta property=\"og:image:width\" content=\"800\" \/>\n\t<meta property=\"og:image:height\" content=\"800\" \/>\n\t<meta property=\"og:image:type\" content=\"image\/jpeg\" \/>\n<meta name=\"twitter:card\" content=\"summary_large_image\" \/>\n<meta name=\"twitter:label1\" content=\"Tiempo de lectura\" \/>\n\t<meta name=\"twitter:data1\" content=\"1 minuto\" \/>\n<script type=\"application\/ld+json\" class=\"yoast-schema-graph\">{\"@context\":\"https:\/\/schema.org\",\"@graph\":[{\"@type\":\"WebPage\",\"@id\":\"https:\/\/apoderma.com\/inicio\/producto\/metroruboril-az-30-ml\/\",\"url\":\"https:\/\/apoderma.com\/inicio\/producto\/metroruboril-az-30-ml\/\",\"name\":\"Metroruboril A.Z 30ml - Apo Derma Store\",\"isPartOf\":{\"@id\":\"https:\/\/apoderma.com\/inicio\/#website\"},\"primaryImageOfPage\":{\"@id\":\"https:\/\/apoderma.com\/inicio\/producto\/metroruboril-az-30-ml\/#primaryimage\"},\"image\":{\"@id\":\"https:\/\/apoderma.com\/inicio\/producto\/metroruboril-az-30-ml\/#primaryimage\"},\"thumbnailUrl\":\"https:\/\/apoderma.com\/inicio\/wp-content\/uploads\/2021\/11\/60012.jpg\",\"datePublished\":\"2021-11-25T16:23:02+00:00\",\"dateModified\":\"2026-01-02T18:59:50+00:00\",\"description\":\"Crema antienrojecimiento, para piel sensible con ros\u00e1cea. Indicada para el control de las rojeces Disponible en ApoDerma Store\",\"breadcrumb\":{\"@id\":\"https:\/\/apoderma.com\/inicio\/producto\/metroruboril-az-30-ml\/#breadcrumb\"},\"inLanguage\":\"es\",\"potentialAction\":[{\"@type\":\"ReadAction\",\"target\":[\"https:\/\/apoderma.com\/inicio\/producto\/metroruboril-az-30-ml\/\"]}]},{\"@type\":\"ImageObject\",\"inLanguage\":\"es\",\"@id\":\"https:\/\/apoderma.com\/inicio\/producto\/metroruboril-az-30-ml\/#primaryimage\",\"url\":\"https:\/\/apoderma.com\/inicio\/wp-content\/uploads\/2021\/11\/60012.jpg\",\"contentUrl\":\"https:\/\/apoderma.com\/inicio\/wp-content\/uploads\/2021\/11\/60012.jpg\",\"width\":800,\"height\":800,\"caption\":\"Metroruboril\"},{\"@type\":\"BreadcrumbList\",\"@id\":\"https:\/\/apoderma.com\/inicio\/producto\/metroruboril-az-30-ml\/#breadcrumb\",\"itemListElement\":[{\"@type\":\"ListItem\",\"position\":1,\"name\":\"Portada\",\"item\":\"https:\/\/apoderma.com\/inicio\/\"},{\"@type\":\"ListItem\",\"position\":2,\"name\":\"Tienda Dermocosm\u00e9tica\",\"item\":\"https:\/\/apoderma.com\/inicio\/tienda-dermocosmetica\/\"},{\"@type\":\"ListItem\",\"position\":3,\"name\":\"Metroruboril A.Z 30ml\"}]},{\"@type\":\"WebSite\",\"@id\":\"https:\/\/apoderma.com\/inicio\/#website\",\"url\":\"https:\/\/apoderma.com\/inicio\/\",\"name\":\"Apo Derma Store\",\"description\":\"Venta de productos cosm\u00e9ticos\",\"potentialAction\":[{\"@type\":\"SearchAction\",\"target\":{\"@type\":\"EntryPoint\",\"urlTemplate\":\"https:\/\/apoderma.com\/inicio\/?s={search_term_string}\"},\"query-input\":{\"@type\":\"PropertyValueSpecification\",\"valueRequired\":true,\"valueName\":\"search_term_string\"}}],\"inLanguage\":\"es\"}]}<\/script>\n<!-- \/ Yoast SEO plugin. -->","yoast_head_json":{"title":"Metroruboril A.Z 30ml - Apo Derma Store","description":"Crema antienrojecimiento, para piel sensible con ros\u00e1cea. Indicada para el control de las rojeces Disponible en ApoDerma Store","robots":{"index":"index","follow":"follow","max-snippet":"max-snippet:-1","max-image-preview":"max-image-preview:large","max-video-preview":"max-video-preview:-1"},"canonical":"https:\/\/apoderma.com\/inicio\/producto\/metroruboril-az-30-ml\/","og_locale":"es_ES","og_type":"article","og_title":"Metroruboril A.Z 30ml - Apo Derma Store","og_description":"Crema antienrojecimiento, para piel sensible con ros\u00e1cea. Indicada para el control de las rojeces Disponible en ApoDerma Store","og_url":"https:\/\/apoderma.com\/inicio\/producto\/metroruboril-az-30-ml\/","og_site_name":"Apo Derma Store","article_modified_time":"2026-01-02T18:59:50+00:00","og_image":[{"width":800,"height":800,"url":"https:\/\/apoderma.com\/inicio\/wp-content\/uploads\/2021\/11\/60012.jpg","type":"image\/jpeg"}],"twitter_card":"summary_large_image","twitter_misc":{"Tiempo de lectura":"1 minuto"},"schema":{"@context":"https:\/\/schema.org","@graph":[{"@type":"WebPage","@id":"https:\/\/apoderma.com\/inicio\/producto\/metroruboril-az-30-ml\/","url":"https:\/\/apoderma.com\/inicio\/producto\/metroruboril-az-30-ml\/","name":"Metroruboril A.Z 30ml - Apo Derma Store","isPartOf":{"@id":"https:\/\/apoderma.com\/inicio\/#website"},"primaryImageOfPage":{"@id":"https:\/\/apoderma.com\/inicio\/producto\/metroruboril-az-30-ml\/#primaryimage"},"image":{"@id":"https:\/\/apoderma.com\/inicio\/producto\/metroruboril-az-30-ml\/#primaryimage"},"thumbnailUrl":"https:\/\/apoderma.com\/inicio\/wp-content\/uploads\/2021\/11\/60012.jpg","datePublished":"2021-11-25T16:23:02+00:00","dateModified":"2026-01-02T18:59:50+00:00","description":"Crema antienrojecimiento, para piel sensible con ros\u00e1cea. Indicada para el control de las rojeces Disponible en ApoDerma Store","breadcrumb":{"@id":"https:\/\/apoderma.com\/inicio\/producto\/metroruboril-az-30-ml\/#breadcrumb"},"inLanguage":"es","potentialAction":[{"@type":"ReadAction","target":["https:\/\/apoderma.com\/inicio\/producto\/metroruboril-az-30-ml\/"]}]},{"@type":"ImageObject","inLanguage":"es","@id":"https:\/\/apoderma.com\/inicio\/producto\/metroruboril-az-30-ml\/#primaryimage","url":"https:\/\/apoderma.com\/inicio\/wp-content\/uploads\/2021\/11\/60012.jpg","contentUrl":"https:\/\/apoderma.com\/inicio\/wp-content\/uploads\/2021\/11\/60012.jpg","width":800,"height":800,"caption":"Metroruboril"},{"@type":"BreadcrumbList","@id":"https:\/\/apoderma.com\/inicio\/producto\/metroruboril-az-30-ml\/#breadcrumb","itemListElement":[{"@type":"ListItem","position":1,"name":"Portada","item":"https:\/\/apoderma.com\/inicio\/"},{"@type":"ListItem","position":2,"name":"Tienda Dermocosm\u00e9tica","item":"https:\/\/apoderma.com\/inicio\/tienda-dermocosmetica\/"},{"@type":"ListItem","position":3,"name":"Metroruboril A.Z 30ml"}]},{"@type":"WebSite","@id":"https:\/\/apoderma.com\/inicio\/#website","url":"https:\/\/apoderma.com\/inicio\/","name":"Apo Derma Store","description":"Venta de productos cosm\u00e9ticos","potentialAction":[{"@type":"SearchAction","target":{"@type":"EntryPoint","urlTemplate":"https:\/\/apoderma.com\/inicio\/?s={search_term_string}"},"query-input":{"@type":"PropertyValueSpecification","valueRequired":true,"valueName":"search_term_string"}}],"inLanguage":"es"}]}},"_links":{"self":[{"href":"https:\/\/apoderma.com\/inicio\/wp-json\/wp\/v2\/product\/38028","targetHints":{"allow":["GET"]}}],"collection":[{"href":"https:\/\/apoderma.com\/inicio\/wp-json\/wp\/v2\/product"}],"about":[{"href":"https:\/\/apoderma.com\/inicio\/wp-json\/wp\/v2\/types\/product"}],"wp:featuredmedia":[{"embeddable":true,"href":"https:\/\/apoderma.com\/inicio\/wp-json\/wp\/v2\/media\/38031"}],"wp:attachment":[{"href":"https:\/\/apoderma.com\/inicio\/wp-json\/wp\/v2\/media?parent=38028"}],"wp:term":[{"taxonomy":"product_cat","embeddable":true,"href":"https:\/\/apoderma.com\/inicio\/wp-json\/wp\/v2\/product_cat?post=38028"},{"taxonomy":"product_tag","embeddable":true,"href":"https:\/\/apoderma.com\/inicio\/wp-json\/wp\/v2\/product_tag?post=38028"}],"curies":[{"name":"wp","href":"https:\/\/api.w.org\/{rel}","templated":true}]}}