{"id":37774,"date":"2021-11-19T17:49:14","date_gmt":"2021-11-19T23:49:14","guid":{"rendered":"https:\/\/apoderma.com\/inicio\/?post_type=product&#038;p=37774"},"modified":"2025-04-12T17:42:50","modified_gmt":"2025-04-12T23:42:50","slug":"fluido-hidra-calm-500-ml","status":"publish","type":"product","link":"https:\/\/apoderma.com\/inicio\/producto\/fluido-hidra-calm-500-ml\/","title":{"rendered":"Fluido Hidra-Calm 500 mL"},"content":{"rendered":"<h3>Especificaciones<\/h3>\n<ul>\n<li><a href=\"https:\/\/laboratoriosbabe.com\/fluido-hidra-calm\"><strong>Fluido Hidra-Calm de Laboratorios Babe<\/strong><\/a> es una loci\u00f3n para la hidrataci\u00f3n de pieles sensibles y delicadas.<\/li>\n<li>Textura ultrafluida de absorci\u00f3n inmediata que deja la piel suave e hidratada.<\/li>\n<li>Absorci\u00f3n instant\u00e1nea proporcionando una sensaci\u00f3n aterciopelada en tu piel.<\/li>\n<li>Favorece la hidrataci\u00f3n, cuidado y protecci\u00f3n de la epidermis dej\u00e1ndola suave y flexible durante todo el d\u00eda, gracias al Aceite de Jojoba y la Manteca de Karit\u00e9.<\/li>\n<li>Favorece la sensaci\u00f3n de alivio gracias al efecto calmante de sus activos.<\/li>\n<li>Ayuda a reducir la sensibilidad y a reforzar la barrera de protecci\u00f3n natural de la piel.<\/li>\n<\/ul>\n<h3>Composici\u00f3n<\/h3>\n<ol>\n<li><strong>Glicerina<\/strong>: Favorece la hidrataci\u00f3n y retenci\u00f3n de agua promoviendo los procesos de reparaci\u00f3n de la piel.<\/li>\n<li><strong>Complejo calmante<\/strong>: Alanto\u00edna, Bisabolol, Manzanilla y Aloe. Con <em>p<\/em>ropiedades suavizantes, disminuye la irritaci\u00f3n y la inflamaci\u00f3n<\/li>\n<li><strong>Aceite de Jojoba<\/strong>: Hidrata en profundidad y suaviza la piel, dej\u00e1ndola m\u00e1s el\u00e1stica y flexible. Lo que refuerza la barrera natural de la piel<\/li>\n<li><strong>Aceite de Soja<\/strong>: Aceite emoliente que calma y nutre la piel m\u00e1s seca y sensible gracias a su alto contenido en Omegas 3, 6 y 9.<\/li>\n<li><strong>Manteca de Karit\u00e9:\u00a0<\/strong>calma e hidrata<\/li>\n<\/ol>\n<h3>Modo de uso:<\/h3>\n<ol>\n<li>Uso diario.<\/li>\n<li>Aplicar mediante un suave masaje hasta su total absorci\u00f3n.<\/li>\n<\/ol>\n","protected":false},"excerpt":{"rendered":"<p>Loci\u00f3n corporal Con Aceite de Jojoba para la hidrataci\u00f3n corporal, indicada para pieles sensibles y&hellip;<\/p>\n","protected":false},"featured_media":37775,"template":"","meta":{"_glsr_average":0,"_glsr_ranking":0,"_glsr_reviews":0},"product_cat":[97,98],"product_tag":[127,124],"class_list":{"0":"post-37774","1":"product","2":"type-product","3":"status-publish","4":"has-post-thumbnail","6":"product_brand-babe","7":"product_cat-cuerpo","8":"product_cat-piel-seca-o-con-tendencia-atopica","9":"product_tag-hidratacion-corporal","10":"product_tag-piel-sensible","12":"first","13":"instock","14":"taxable","15":"shipping-taxable","16":"purchasable","17":"product-type-simple","18":"thumb-no-effect","19":"prod-rating-on"},"yoast_head":"<!-- This site is optimized with the Yoast SEO plugin v25.3.1 - https:\/\/yoast.com\/wordpress\/plugins\/seo\/ -->\n<title>Fluido Hidra-Calm 500 mL - Apo Derma Store<\/title>\n<meta name=\"description\" content=\"Fluido Hidra-Calm de Babe es una loci\u00f3n para hidrataci\u00f3n corporal, especial para pieles sensibles y delicadas. Disponible en ApoDerma Store\" \/>\n<meta name=\"robots\" content=\"index, follow, max-snippet:-1, max-image-preview:large, max-video-preview:-1\" \/>\n<link rel=\"canonical\" href=\"https:\/\/apoderma.com\/inicio\/producto\/fluido-hidra-calm-500-ml\/\" \/>\n<meta property=\"og:locale\" content=\"es_ES\" \/>\n<meta property=\"og:type\" content=\"article\" \/>\n<meta property=\"og:title\" content=\"Fluido Hidra-Calm 500 mL - Apo Derma Store\" \/>\n<meta property=\"og:description\" content=\"Fluido Hidra-Calm de Babe es una loci\u00f3n para hidrataci\u00f3n corporal, especial para pieles sensibles y delicadas. Disponible en ApoDerma Store\" \/>\n<meta property=\"og:url\" content=\"https:\/\/apoderma.com\/inicio\/producto\/fluido-hidra-calm-500-ml\/\" \/>\n<meta property=\"og:site_name\" content=\"Apo Derma Store\" \/>\n<meta property=\"article:modified_time\" content=\"2025-04-12T23:42:50+00:00\" \/>\n<meta property=\"og:image\" content=\"https:\/\/apoderma.com\/inicio\/wp-content\/uploads\/2021\/11\/Fluido_hidra_Calm_Producto.png\" \/>\n\t<meta property=\"og:image:width\" content=\"700\" \/>\n\t<meta property=\"og:image:height\" content=\"700\" \/>\n\t<meta property=\"og:image:type\" content=\"image\/png\" \/>\n<meta name=\"twitter:card\" content=\"summary_large_image\" \/>\n<meta name=\"twitter:label1\" content=\"Tiempo de lectura\" \/>\n\t<meta name=\"twitter:data1\" content=\"1 minuto\" \/>\n<script type=\"application\/ld+json\" class=\"yoast-schema-graph\">{\"@context\":\"https:\/\/schema.org\",\"@graph\":[{\"@type\":\"WebPage\",\"@id\":\"https:\/\/apoderma.com\/inicio\/producto\/fluido-hidra-calm-500-ml\/\",\"url\":\"https:\/\/apoderma.com\/inicio\/producto\/fluido-hidra-calm-500-ml\/\",\"name\":\"Fluido Hidra-Calm 500 mL - Apo Derma Store\",\"isPartOf\":{\"@id\":\"https:\/\/apoderma.com\/inicio\/#website\"},\"primaryImageOfPage\":{\"@id\":\"https:\/\/apoderma.com\/inicio\/producto\/fluido-hidra-calm-500-ml\/#primaryimage\"},\"image\":{\"@id\":\"https:\/\/apoderma.com\/inicio\/producto\/fluido-hidra-calm-500-ml\/#primaryimage\"},\"thumbnailUrl\":\"https:\/\/apoderma.com\/inicio\/wp-content\/uploads\/2021\/11\/Fluido_hidra_Calm_Producto.png\",\"datePublished\":\"2021-11-19T23:49:14+00:00\",\"dateModified\":\"2025-04-12T23:42:50+00:00\",\"description\":\"Fluido Hidra-Calm de Babe es una loci\u00f3n para hidrataci\u00f3n corporal, especial para pieles sensibles y delicadas. Disponible en ApoDerma Store\",\"breadcrumb\":{\"@id\":\"https:\/\/apoderma.com\/inicio\/producto\/fluido-hidra-calm-500-ml\/#breadcrumb\"},\"inLanguage\":\"es\",\"potentialAction\":[{\"@type\":\"ReadAction\",\"target\":[\"https:\/\/apoderma.com\/inicio\/producto\/fluido-hidra-calm-500-ml\/\"]}]},{\"@type\":\"ImageObject\",\"inLanguage\":\"es\",\"@id\":\"https:\/\/apoderma.com\/inicio\/producto\/fluido-hidra-calm-500-ml\/#primaryimage\",\"url\":\"https:\/\/apoderma.com\/inicio\/wp-content\/uploads\/2021\/11\/Fluido_hidra_Calm_Producto.png\",\"contentUrl\":\"https:\/\/apoderma.com\/inicio\/wp-content\/uploads\/2021\/11\/Fluido_hidra_Calm_Producto.png\",\"width\":700,\"height\":700,\"caption\":\"Fluido HidraCalm\"},{\"@type\":\"BreadcrumbList\",\"@id\":\"https:\/\/apoderma.com\/inicio\/producto\/fluido-hidra-calm-500-ml\/#breadcrumb\",\"itemListElement\":[{\"@type\":\"ListItem\",\"position\":1,\"name\":\"Portada\",\"item\":\"https:\/\/apoderma.com\/inicio\/\"},{\"@type\":\"ListItem\",\"position\":2,\"name\":\"Tienda Dermocosm\u00e9tica\",\"item\":\"https:\/\/apoderma.com\/inicio\/tienda-dermocosmetica\/\"},{\"@type\":\"ListItem\",\"position\":3,\"name\":\"Fluido Hidra-Calm 500 mL\"}]},{\"@type\":\"WebSite\",\"@id\":\"https:\/\/apoderma.com\/inicio\/#website\",\"url\":\"https:\/\/apoderma.com\/inicio\/\",\"name\":\"Apo Derma Store\",\"description\":\"Venta de productos cosm\u00e9ticos\",\"potentialAction\":[{\"@type\":\"SearchAction\",\"target\":{\"@type\":\"EntryPoint\",\"urlTemplate\":\"https:\/\/apoderma.com\/inicio\/?s={search_term_string}\"},\"query-input\":{\"@type\":\"PropertyValueSpecification\",\"valueRequired\":true,\"valueName\":\"search_term_string\"}}],\"inLanguage\":\"es\"}]}<\/script>\n<!-- \/ Yoast SEO plugin. -->","yoast_head_json":{"title":"Fluido Hidra-Calm 500 mL - Apo Derma Store","description":"Fluido Hidra-Calm de Babe es una loci\u00f3n para hidrataci\u00f3n corporal, especial para pieles sensibles y delicadas. Disponible en ApoDerma Store","robots":{"index":"index","follow":"follow","max-snippet":"max-snippet:-1","max-image-preview":"max-image-preview:large","max-video-preview":"max-video-preview:-1"},"canonical":"https:\/\/apoderma.com\/inicio\/producto\/fluido-hidra-calm-500-ml\/","og_locale":"es_ES","og_type":"article","og_title":"Fluido Hidra-Calm 500 mL - Apo Derma Store","og_description":"Fluido Hidra-Calm de Babe es una loci\u00f3n para hidrataci\u00f3n corporal, especial para pieles sensibles y delicadas. Disponible en ApoDerma Store","og_url":"https:\/\/apoderma.com\/inicio\/producto\/fluido-hidra-calm-500-ml\/","og_site_name":"Apo Derma Store","article_modified_time":"2025-04-12T23:42:50+00:00","og_image":[{"width":700,"height":700,"url":"https:\/\/apoderma.com\/inicio\/wp-content\/uploads\/2021\/11\/Fluido_hidra_Calm_Producto.png","type":"image\/png"}],"twitter_card":"summary_large_image","twitter_misc":{"Tiempo de lectura":"1 minuto"},"schema":{"@context":"https:\/\/schema.org","@graph":[{"@type":"WebPage","@id":"https:\/\/apoderma.com\/inicio\/producto\/fluido-hidra-calm-500-ml\/","url":"https:\/\/apoderma.com\/inicio\/producto\/fluido-hidra-calm-500-ml\/","name":"Fluido Hidra-Calm 500 mL - Apo Derma Store","isPartOf":{"@id":"https:\/\/apoderma.com\/inicio\/#website"},"primaryImageOfPage":{"@id":"https:\/\/apoderma.com\/inicio\/producto\/fluido-hidra-calm-500-ml\/#primaryimage"},"image":{"@id":"https:\/\/apoderma.com\/inicio\/producto\/fluido-hidra-calm-500-ml\/#primaryimage"},"thumbnailUrl":"https:\/\/apoderma.com\/inicio\/wp-content\/uploads\/2021\/11\/Fluido_hidra_Calm_Producto.png","datePublished":"2021-11-19T23:49:14+00:00","dateModified":"2025-04-12T23:42:50+00:00","description":"Fluido Hidra-Calm de Babe es una loci\u00f3n para hidrataci\u00f3n corporal, especial para pieles sensibles y delicadas. Disponible en ApoDerma Store","breadcrumb":{"@id":"https:\/\/apoderma.com\/inicio\/producto\/fluido-hidra-calm-500-ml\/#breadcrumb"},"inLanguage":"es","potentialAction":[{"@type":"ReadAction","target":["https:\/\/apoderma.com\/inicio\/producto\/fluido-hidra-calm-500-ml\/"]}]},{"@type":"ImageObject","inLanguage":"es","@id":"https:\/\/apoderma.com\/inicio\/producto\/fluido-hidra-calm-500-ml\/#primaryimage","url":"https:\/\/apoderma.com\/inicio\/wp-content\/uploads\/2021\/11\/Fluido_hidra_Calm_Producto.png","contentUrl":"https:\/\/apoderma.com\/inicio\/wp-content\/uploads\/2021\/11\/Fluido_hidra_Calm_Producto.png","width":700,"height":700,"caption":"Fluido HidraCalm"},{"@type":"BreadcrumbList","@id":"https:\/\/apoderma.com\/inicio\/producto\/fluido-hidra-calm-500-ml\/#breadcrumb","itemListElement":[{"@type":"ListItem","position":1,"name":"Portada","item":"https:\/\/apoderma.com\/inicio\/"},{"@type":"ListItem","position":2,"name":"Tienda Dermocosm\u00e9tica","item":"https:\/\/apoderma.com\/inicio\/tienda-dermocosmetica\/"},{"@type":"ListItem","position":3,"name":"Fluido Hidra-Calm 500 mL"}]},{"@type":"WebSite","@id":"https:\/\/apoderma.com\/inicio\/#website","url":"https:\/\/apoderma.com\/inicio\/","name":"Apo Derma Store","description":"Venta de productos cosm\u00e9ticos","potentialAction":[{"@type":"SearchAction","target":{"@type":"EntryPoint","urlTemplate":"https:\/\/apoderma.com\/inicio\/?s={search_term_string}"},"query-input":{"@type":"PropertyValueSpecification","valueRequired":true,"valueName":"search_term_string"}}],"inLanguage":"es"}]}},"_links":{"self":[{"href":"https:\/\/apoderma.com\/inicio\/wp-json\/wp\/v2\/product\/37774","targetHints":{"allow":["GET"]}}],"collection":[{"href":"https:\/\/apoderma.com\/inicio\/wp-json\/wp\/v2\/product"}],"about":[{"href":"https:\/\/apoderma.com\/inicio\/wp-json\/wp\/v2\/types\/product"}],"wp:featuredmedia":[{"embeddable":true,"href":"https:\/\/apoderma.com\/inicio\/wp-json\/wp\/v2\/media\/37775"}],"wp:attachment":[{"href":"https:\/\/apoderma.com\/inicio\/wp-json\/wp\/v2\/media?parent=37774"}],"wp:term":[{"taxonomy":"product_cat","embeddable":true,"href":"https:\/\/apoderma.com\/inicio\/wp-json\/wp\/v2\/product_cat?post=37774"},{"taxonomy":"product_tag","embeddable":true,"href":"https:\/\/apoderma.com\/inicio\/wp-json\/wp\/v2\/product_tag?post=37774"}],"curies":[{"name":"wp","href":"https:\/\/api.w.org\/{rel}","templated":true}]}}