{"id":37763,"date":"2021-11-19T15:04:34","date_gmt":"2021-11-19T21:04:34","guid":{"rendered":"https:\/\/apoderma.com\/inicio\/?post_type=product&#038;p=37763"},"modified":"2025-04-12T17:44:46","modified_gmt":"2025-04-12T23:44:46","slug":"jabon-de-aceite-500-ml","status":"publish","type":"product","link":"https:\/\/apoderma.com\/inicio\/producto\/jabon-de-aceite-500-ml\/","title":{"rendered":"Jab\u00f3n de aceite 500 mL"},"content":{"rendered":"<h3>Especificaciones<\/h3>\n<ul>\n<li><a href=\"https:\/\/laboratoriosbabe.com\/jabon-de-aceite\"><strong>Jab\u00f3n de aceite de Laboratorios Babe<\/strong><\/a> es Gel corporal con m\u00e1s de un 40% de aceites emolientes; por lo que limpia suavemente, suaviza e hidrata la piel en profundidad.<\/li>\n<li>Especialmente indicado en pieles secas o con tendencia at\u00f3pica.<\/li>\n<li>Su alto contenido en \u00e1cidos grasos esenciales restablece el nivel de hidrataci\u00f3n cut\u00e1neo.<\/li>\n<li>Previene la deshidrataci\u00f3n y aporta un bienestar inmediato.<\/li>\n<li>Alivia r\u00e1pidamente la sensaci\u00f3n de tirantez y el picor<\/li>\n<\/ul>\n<h3>Composici\u00f3n<\/h3>\n<ol>\n<li><strong>Aceite de soja<\/strong>:\u00a0emoliente que calma y nutre la piel m\u00e1s seca y sensible gracias a su alto contenido en Omegas 3, 6 y 9<\/li>\n<li><strong>Aceite de Inca inchi<\/strong>: reduce la sequedad mejorando la elasticidad y la suavidad de la piel.<\/li>\n<li><strong>Vitamina F<\/strong>: conjunto de \u00e1cidos grasos esenciales Omega 3 y 6 que ayudan a combatir problemas de sequedad en la piel, eczemas y cicatrizaciones.<\/li>\n<\/ol>\n<h3>Modo de uso:<\/h3>\n<ol>\n<li>Uso diario.<\/li>\n<li>Aplicar sobre la piel previamente humedecida.<\/li>\n<li>Enjuaguar con abundante agua.<\/li>\n<\/ol>\n","protected":false},"excerpt":{"rendered":"<p>Jab\u00f3n de aceite Gel corporal con m\u00e1s de 40% de aceites vegetales para la limpieza&hellip;<\/p>\n","protected":false},"featured_media":37771,"template":"","meta":{"_glsr_average":0,"_glsr_ranking":0,"_glsr_reviews":0},"product_cat":[97,99,98],"product_tag":[267,148],"class_list":{"0":"post-37763","1":"product","2":"type-product","3":"status-publish","4":"has-post-thumbnail","6":"product_brand-babe","7":"product_cat-cuerpo","8":"product_cat-ducha-y-bano","9":"product_cat-piel-seca-o-con-tendencia-atopica","10":"product_tag-piel-atopica","11":"product_tag-piel-seca","13":"first","14":"instock","15":"taxable","16":"shipping-taxable","17":"purchasable","18":"product-type-simple","19":"thumb-no-effect","20":"prod-rating-on"},"yoast_head":"<!-- This site is optimized with the Yoast SEO plugin v25.3.1 - https:\/\/yoast.com\/wordpress\/plugins\/seo\/ -->\n<title>Jab\u00f3n de aceite 500 mL - Apo Derma Store<\/title>\n<meta name=\"description\" content=\"Jab\u00f3n de aceite de Babe es un gel con m\u00e1s de 40% de aceites vegetales para la limpieza de pieles secas o con tendencia at\u00f3pica. Disponible en ApoDerma Store\" \/>\n<meta name=\"robots\" content=\"index, follow, max-snippet:-1, max-image-preview:large, max-video-preview:-1\" \/>\n<link rel=\"canonical\" href=\"https:\/\/apoderma.com\/inicio\/producto\/jabon-de-aceite-500-ml\/\" \/>\n<meta property=\"og:locale\" content=\"es_ES\" \/>\n<meta property=\"og:type\" content=\"article\" \/>\n<meta property=\"og:title\" content=\"Jab\u00f3n de aceite 500 mL - Apo Derma Store\" \/>\n<meta property=\"og:description\" content=\"Jab\u00f3n de aceite de Babe es un gel con m\u00e1s de 40% de aceites vegetales para la limpieza de pieles secas o con tendencia at\u00f3pica. Disponible en ApoDerma Store\" \/>\n<meta property=\"og:url\" content=\"https:\/\/apoderma.com\/inicio\/producto\/jabon-de-aceite-500-ml\/\" \/>\n<meta property=\"og:site_name\" content=\"Apo Derma Store\" \/>\n<meta property=\"article:modified_time\" content=\"2025-04-12T23:44:46+00:00\" \/>\n<meta property=\"og:image\" content=\"https:\/\/apoderma.com\/inicio\/wp-content\/uploads\/2021\/11\/jabon_aceite_Producto.png\" \/>\n\t<meta property=\"og:image:width\" content=\"700\" \/>\n\t<meta property=\"og:image:height\" content=\"700\" \/>\n\t<meta property=\"og:image:type\" content=\"image\/png\" \/>\n<meta name=\"twitter:card\" content=\"summary_large_image\" \/>\n<meta name=\"twitter:label1\" content=\"Tiempo de lectura\" \/>\n\t<meta name=\"twitter:data1\" content=\"1 minuto\" \/>\n<script type=\"application\/ld+json\" class=\"yoast-schema-graph\">{\"@context\":\"https:\/\/schema.org\",\"@graph\":[{\"@type\":\"WebPage\",\"@id\":\"https:\/\/apoderma.com\/inicio\/producto\/jabon-de-aceite-500-ml\/\",\"url\":\"https:\/\/apoderma.com\/inicio\/producto\/jabon-de-aceite-500-ml\/\",\"name\":\"Jab\u00f3n de aceite 500 mL - Apo Derma Store\",\"isPartOf\":{\"@id\":\"https:\/\/apoderma.com\/inicio\/#website\"},\"primaryImageOfPage\":{\"@id\":\"https:\/\/apoderma.com\/inicio\/producto\/jabon-de-aceite-500-ml\/#primaryimage\"},\"image\":{\"@id\":\"https:\/\/apoderma.com\/inicio\/producto\/jabon-de-aceite-500-ml\/#primaryimage\"},\"thumbnailUrl\":\"https:\/\/apoderma.com\/inicio\/wp-content\/uploads\/2021\/11\/jabon_aceite_Producto.png\",\"datePublished\":\"2021-11-19T21:04:34+00:00\",\"dateModified\":\"2025-04-12T23:44:46+00:00\",\"description\":\"Jab\u00f3n de aceite de Babe es un gel con m\u00e1s de 40% de aceites vegetales para la limpieza de pieles secas o con tendencia at\u00f3pica. Disponible en ApoDerma Store\",\"breadcrumb\":{\"@id\":\"https:\/\/apoderma.com\/inicio\/producto\/jabon-de-aceite-500-ml\/#breadcrumb\"},\"inLanguage\":\"es\",\"potentialAction\":[{\"@type\":\"ReadAction\",\"target\":[\"https:\/\/apoderma.com\/inicio\/producto\/jabon-de-aceite-500-ml\/\"]}]},{\"@type\":\"ImageObject\",\"inLanguage\":\"es\",\"@id\":\"https:\/\/apoderma.com\/inicio\/producto\/jabon-de-aceite-500-ml\/#primaryimage\",\"url\":\"https:\/\/apoderma.com\/inicio\/wp-content\/uploads\/2021\/11\/jabon_aceite_Producto.png\",\"contentUrl\":\"https:\/\/apoderma.com\/inicio\/wp-content\/uploads\/2021\/11\/jabon_aceite_Producto.png\",\"width\":700,\"height\":700,\"caption\":\"Jab\u00f3n de aceite\"},{\"@type\":\"BreadcrumbList\",\"@id\":\"https:\/\/apoderma.com\/inicio\/producto\/jabon-de-aceite-500-ml\/#breadcrumb\",\"itemListElement\":[{\"@type\":\"ListItem\",\"position\":1,\"name\":\"Portada\",\"item\":\"https:\/\/apoderma.com\/inicio\/\"},{\"@type\":\"ListItem\",\"position\":2,\"name\":\"Tienda Dermocosm\u00e9tica\",\"item\":\"https:\/\/apoderma.com\/inicio\/tienda-dermocosmetica\/\"},{\"@type\":\"ListItem\",\"position\":3,\"name\":\"Jab\u00f3n de aceite 500 mL\"}]},{\"@type\":\"WebSite\",\"@id\":\"https:\/\/apoderma.com\/inicio\/#website\",\"url\":\"https:\/\/apoderma.com\/inicio\/\",\"name\":\"Apo Derma Store\",\"description\":\"Venta de productos cosm\u00e9ticos\",\"potentialAction\":[{\"@type\":\"SearchAction\",\"target\":{\"@type\":\"EntryPoint\",\"urlTemplate\":\"https:\/\/apoderma.com\/inicio\/?s={search_term_string}\"},\"query-input\":{\"@type\":\"PropertyValueSpecification\",\"valueRequired\":true,\"valueName\":\"search_term_string\"}}],\"inLanguage\":\"es\"}]}<\/script>\n<!-- \/ Yoast SEO plugin. -->","yoast_head_json":{"title":"Jab\u00f3n de aceite 500 mL - Apo Derma Store","description":"Jab\u00f3n de aceite de Babe es un gel con m\u00e1s de 40% de aceites vegetales para la limpieza de pieles secas o con tendencia at\u00f3pica. Disponible en ApoDerma Store","robots":{"index":"index","follow":"follow","max-snippet":"max-snippet:-1","max-image-preview":"max-image-preview:large","max-video-preview":"max-video-preview:-1"},"canonical":"https:\/\/apoderma.com\/inicio\/producto\/jabon-de-aceite-500-ml\/","og_locale":"es_ES","og_type":"article","og_title":"Jab\u00f3n de aceite 500 mL - Apo Derma Store","og_description":"Jab\u00f3n de aceite de Babe es un gel con m\u00e1s de 40% de aceites vegetales para la limpieza de pieles secas o con tendencia at\u00f3pica. Disponible en ApoDerma Store","og_url":"https:\/\/apoderma.com\/inicio\/producto\/jabon-de-aceite-500-ml\/","og_site_name":"Apo Derma Store","article_modified_time":"2025-04-12T23:44:46+00:00","og_image":[{"width":700,"height":700,"url":"https:\/\/apoderma.com\/inicio\/wp-content\/uploads\/2021\/11\/jabon_aceite_Producto.png","type":"image\/png"}],"twitter_card":"summary_large_image","twitter_misc":{"Tiempo de lectura":"1 minuto"},"schema":{"@context":"https:\/\/schema.org","@graph":[{"@type":"WebPage","@id":"https:\/\/apoderma.com\/inicio\/producto\/jabon-de-aceite-500-ml\/","url":"https:\/\/apoderma.com\/inicio\/producto\/jabon-de-aceite-500-ml\/","name":"Jab\u00f3n de aceite 500 mL - Apo Derma Store","isPartOf":{"@id":"https:\/\/apoderma.com\/inicio\/#website"},"primaryImageOfPage":{"@id":"https:\/\/apoderma.com\/inicio\/producto\/jabon-de-aceite-500-ml\/#primaryimage"},"image":{"@id":"https:\/\/apoderma.com\/inicio\/producto\/jabon-de-aceite-500-ml\/#primaryimage"},"thumbnailUrl":"https:\/\/apoderma.com\/inicio\/wp-content\/uploads\/2021\/11\/jabon_aceite_Producto.png","datePublished":"2021-11-19T21:04:34+00:00","dateModified":"2025-04-12T23:44:46+00:00","description":"Jab\u00f3n de aceite de Babe es un gel con m\u00e1s de 40% de aceites vegetales para la limpieza de pieles secas o con tendencia at\u00f3pica. Disponible en ApoDerma Store","breadcrumb":{"@id":"https:\/\/apoderma.com\/inicio\/producto\/jabon-de-aceite-500-ml\/#breadcrumb"},"inLanguage":"es","potentialAction":[{"@type":"ReadAction","target":["https:\/\/apoderma.com\/inicio\/producto\/jabon-de-aceite-500-ml\/"]}]},{"@type":"ImageObject","inLanguage":"es","@id":"https:\/\/apoderma.com\/inicio\/producto\/jabon-de-aceite-500-ml\/#primaryimage","url":"https:\/\/apoderma.com\/inicio\/wp-content\/uploads\/2021\/11\/jabon_aceite_Producto.png","contentUrl":"https:\/\/apoderma.com\/inicio\/wp-content\/uploads\/2021\/11\/jabon_aceite_Producto.png","width":700,"height":700,"caption":"Jab\u00f3n de aceite"},{"@type":"BreadcrumbList","@id":"https:\/\/apoderma.com\/inicio\/producto\/jabon-de-aceite-500-ml\/#breadcrumb","itemListElement":[{"@type":"ListItem","position":1,"name":"Portada","item":"https:\/\/apoderma.com\/inicio\/"},{"@type":"ListItem","position":2,"name":"Tienda Dermocosm\u00e9tica","item":"https:\/\/apoderma.com\/inicio\/tienda-dermocosmetica\/"},{"@type":"ListItem","position":3,"name":"Jab\u00f3n de aceite 500 mL"}]},{"@type":"WebSite","@id":"https:\/\/apoderma.com\/inicio\/#website","url":"https:\/\/apoderma.com\/inicio\/","name":"Apo Derma Store","description":"Venta de productos cosm\u00e9ticos","potentialAction":[{"@type":"SearchAction","target":{"@type":"EntryPoint","urlTemplate":"https:\/\/apoderma.com\/inicio\/?s={search_term_string}"},"query-input":{"@type":"PropertyValueSpecification","valueRequired":true,"valueName":"search_term_string"}}],"inLanguage":"es"}]}},"_links":{"self":[{"href":"https:\/\/apoderma.com\/inicio\/wp-json\/wp\/v2\/product\/37763","targetHints":{"allow":["GET"]}}],"collection":[{"href":"https:\/\/apoderma.com\/inicio\/wp-json\/wp\/v2\/product"}],"about":[{"href":"https:\/\/apoderma.com\/inicio\/wp-json\/wp\/v2\/types\/product"}],"wp:featuredmedia":[{"embeddable":true,"href":"https:\/\/apoderma.com\/inicio\/wp-json\/wp\/v2\/media\/37771"}],"wp:attachment":[{"href":"https:\/\/apoderma.com\/inicio\/wp-json\/wp\/v2\/media?parent=37763"}],"wp:term":[{"taxonomy":"product_cat","embeddable":true,"href":"https:\/\/apoderma.com\/inicio\/wp-json\/wp\/v2\/product_cat?post=37763"},{"taxonomy":"product_tag","embeddable":true,"href":"https:\/\/apoderma.com\/inicio\/wp-json\/wp\/v2\/product_tag?post=37763"}],"curies":[{"name":"wp","href":"https:\/\/api.w.org\/{rel}","templated":true}]}}