{"id":35206,"date":"2021-09-21T15:08:09","date_gmt":"2021-09-21T21:08:09","guid":{"rendered":"https:\/\/apoderma.com\/inicio\/?post_type=product&#038;p=35206"},"modified":"2025-04-12T15:11:29","modified_gmt":"2025-04-12T21:11:29","slug":"healthyaging-multi-rejuvenecedor-50-ml","status":"publish","type":"product","link":"https:\/\/apoderma.com\/inicio\/producto\/healthyaging-multi-rejuvenecedor-50-ml\/","title":{"rendered":"HealthyAging Multi Rejuvenecedor 50 mL"},"content":{"rendered":"<h3>Especificaciones<\/h3>\n<ul>\n<li><strong><a href=\"https:\/\/laboratoriosbabe.com\/rostro\/healthy-aging\/multi-rejuvenecedor\">HealthyAging<\/a> Multi Rejuvenecedor <\/strong>es un escudo protector frente al exposoma o agentes externos.<\/li>\n<li>Aporta luminosidad, firmeza y elasticidad, a la vez que reduce las arrugas y unifica el tono de la piel gracias a su alta concentraci\u00f3n de activos con acci\u00f3n energizante.<\/li>\n<li>Previene y corrige las arrugas.<\/li>\n<li>Devuelve la firmeza y flexibilidad a la piel.<\/li>\n<li>Unifica el tono y aporta luminosidad.<\/li>\n<li>Con efecto tensor y energizante.<\/li>\n<li>Protege frente a las agresiones externas y refuerza la funci\u00f3n barrera de la piel.<\/li>\n<li>Potencia la eficacia de las cremas HealthyAging+<\/li>\n<li>Es apta para piel sensible.<\/li>\n<\/ul>\n<h3>Composici\u00f3n<\/h3>\n<p><strong>Activos para protecci\u00f3n:<\/strong><\/p>\n<ol>\n<li>Biolin prebiotic 2%: Refuerza la barrera cut\u00e1nea y mantiene la salud de la piel.<\/li>\n<li>Vitamina C 0,5%: Antioxidante frente a los radicales libres, es capaz de regenerar la vitamina E.<\/li>\n<li>Vitamina E 0,25%: Potente antioxidante con propiedades cicatrizantes que ayuda a reparar y mejorar la apariencia de la piel.<\/li>\n<li>Carnosina 0,2%: Antioxidante natural que ayuda a evitar el da\u00f1o producido por los radicales libres procedentes de la contaminaci\u00f3n.<\/li>\n<\/ol>\n<p><strong>Activos para correcci\u00f3n y prevenci\u00f3n<\/strong><\/p>\n<ol>\n<li>Teprenona 3%: Frena la senescencia celular.\u00a0Ayuda a prolongar la vida de las c\u00e9lulas.<\/li>\n<li>Centella asi\u00e1tica 3%: Aumenta el contenido de col\u00e1geno y la regeneraci\u00f3n cut\u00e1nea.<\/li>\n<li>Bioestimulador de col\u00e1geno 2%: Ayuda a evitar y prevenir la aparici\u00f3n de arrugas gesticulares, devolviendo la firmeza y elasticidad a la piel.<\/li>\n<li>Elastina 1,5%: Hidrolizado marino. Ayuda a retrasar el envejecimiento prematuro.<\/li>\n<li>Backuchiol 1%:\u00a0Nuevo retinol vegetal. Extracto 100% natural con efecto antioxidante, que estimula la s\u00edntesis de col\u00e1geno a la vez que mejora la pigmentaci\u00f3n de la piel.<\/li>\n<li>Creatina 1%: Acci\u00f3n energizante. Estimula la producci\u00f3n de col\u00e1geno (regeneraci\u00f3n celular).<\/li>\n<\/ol>\n<p><strong>Activos con efecto inmediato:\u00a0<\/strong><\/p>\n<ol>\n<li>\u00c1cido hialur\u00f3nico 5%: Mantiene la piel hidratada, firme y el\u00e1stica, rellenando las finas l\u00edneas de expresi\u00f3n.<\/li>\n<li>DMAE 2,5%: Activo contra el envejecimiento de la piel, con actividad antioxidante y con acci\u00f3n reafirmante y tensora a corto y largo plazo.<\/li>\n<li>Complejo nutritivo 1%: Combinaci\u00f3n de aceites vegetales que ayudan a hidratar, nutrir y restaurar la barrera cut\u00e1nea.<\/li>\n<li>Ceramidas 1%: Previenen los signos del envejecimiento. Retienen agua en el estrato c\u00f3rneo.<\/li>\n<\/ol>\n<h3>Modo de uso:<\/h3>\n<ol>\n<li>Aplicar por la noche, sobre la piel limpia y seca, una fina capa del s\u00e9rum de forma homog\u00e9nea.<\/li>\n<li>Puede aplicarla dos veces al d\u00eda, por la ma\u00f1ana y por la noche.<\/li>\n<li>Para un tratamiento completo, combinar su uso con los <a href=\"https:\/\/apoderma.com\/inicio\/categoria-producto\/rostro\/antiedad\/page\/3\/\">otros productos de esta misma l\u00ednea<\/a>.<\/li>\n<\/ol>\n","protected":false},"excerpt":{"rendered":"<p>Booster revitalizador Serum multi funci\u00f3n en textura crema-gel de r\u00e1pida absorci\u00f3n que toda piel necesita.&hellip;<\/p>\n","protected":false},"featured_media":37276,"template":"","meta":{"_glsr_average":0,"_glsr_ranking":0,"_glsr_reviews":0},"product_cat":[89,92],"product_tag":[240,241,115],"class_list":{"0":"post-35206","1":"product","2":"type-product","3":"status-publish","4":"has-post-thumbnail","6":"product_brand-babe","7":"product_cat-rostro","8":"product_cat-signos-de-la-edad","9":"product_tag-booster","10":"product_tag-revitalizador","11":"product_tag-rostro","13":"first","14":"instock","15":"taxable","16":"shipping-taxable","17":"purchasable","18":"product-type-simple","19":"thumb-no-effect","20":"prod-rating-on"},"yoast_head":"<!-- This site is optimized with the Yoast SEO plugin v25.3.1 - https:\/\/yoast.com\/wordpress\/plugins\/seo\/ -->\n<title>HealthyAging Multi Rejuvenecedor 50 mL - Apo Derma Store<\/title>\n<meta name=\"description\" content=\"HealthyAging Multi Rejuvenecedor es un Serum revitalizador de r\u00e1pida absorci\u00f3n que toda piel necesita. Disponible en ApoDerma Store\" \/>\n<meta name=\"robots\" content=\"index, follow, max-snippet:-1, max-image-preview:large, max-video-preview:-1\" \/>\n<link rel=\"canonical\" href=\"https:\/\/apoderma.com\/inicio\/producto\/healthyaging-multi-rejuvenecedor-50-ml\/\" \/>\n<meta property=\"og:locale\" content=\"es_ES\" \/>\n<meta property=\"og:type\" content=\"article\" \/>\n<meta property=\"og:title\" content=\"HealthyAging Multi Rejuvenecedor 50 mL - Apo Derma Store\" \/>\n<meta property=\"og:description\" content=\"HealthyAging Multi Rejuvenecedor es un Serum revitalizador de r\u00e1pida absorci\u00f3n que toda piel necesita. Disponible en ApoDerma Store\" \/>\n<meta property=\"og:url\" content=\"https:\/\/apoderma.com\/inicio\/producto\/healthyaging-multi-rejuvenecedor-50-ml\/\" \/>\n<meta property=\"og:site_name\" content=\"Apo Derma Store\" \/>\n<meta property=\"article:modified_time\" content=\"2025-04-12T21:11:29+00:00\" \/>\n<meta property=\"og:image\" content=\"https:\/\/apoderma.com\/inicio\/wp-content\/uploads\/2021\/09\/8028.png\" \/>\n\t<meta property=\"og:image:width\" content=\"800\" \/>\n\t<meta property=\"og:image:height\" content=\"800\" \/>\n\t<meta property=\"og:image:type\" content=\"image\/png\" \/>\n<meta name=\"twitter:card\" content=\"summary_large_image\" \/>\n<meta name=\"twitter:label1\" content=\"Tiempo de lectura\" \/>\n\t<meta name=\"twitter:data1\" content=\"2 minutos\" \/>\n<script type=\"application\/ld+json\" class=\"yoast-schema-graph\">{\"@context\":\"https:\/\/schema.org\",\"@graph\":[{\"@type\":\"WebPage\",\"@id\":\"https:\/\/apoderma.com\/inicio\/producto\/healthyaging-multi-rejuvenecedor-50-ml\/\",\"url\":\"https:\/\/apoderma.com\/inicio\/producto\/healthyaging-multi-rejuvenecedor-50-ml\/\",\"name\":\"HealthyAging Multi Rejuvenecedor 50 mL - Apo Derma Store\",\"isPartOf\":{\"@id\":\"https:\/\/apoderma.com\/inicio\/#website\"},\"primaryImageOfPage\":{\"@id\":\"https:\/\/apoderma.com\/inicio\/producto\/healthyaging-multi-rejuvenecedor-50-ml\/#primaryimage\"},\"image\":{\"@id\":\"https:\/\/apoderma.com\/inicio\/producto\/healthyaging-multi-rejuvenecedor-50-ml\/#primaryimage\"},\"thumbnailUrl\":\"https:\/\/apoderma.com\/inicio\/wp-content\/uploads\/2021\/09\/8028.png\",\"datePublished\":\"2021-09-21T21:08:09+00:00\",\"dateModified\":\"2025-04-12T21:11:29+00:00\",\"description\":\"HealthyAging Multi Rejuvenecedor es un Serum revitalizador de r\u00e1pida absorci\u00f3n que toda piel necesita. Disponible en ApoDerma Store\",\"breadcrumb\":{\"@id\":\"https:\/\/apoderma.com\/inicio\/producto\/healthyaging-multi-rejuvenecedor-50-ml\/#breadcrumb\"},\"inLanguage\":\"es\",\"potentialAction\":[{\"@type\":\"ReadAction\",\"target\":[\"https:\/\/apoderma.com\/inicio\/producto\/healthyaging-multi-rejuvenecedor-50-ml\/\"]}]},{\"@type\":\"ImageObject\",\"inLanguage\":\"es\",\"@id\":\"https:\/\/apoderma.com\/inicio\/producto\/healthyaging-multi-rejuvenecedor-50-ml\/#primaryimage\",\"url\":\"https:\/\/apoderma.com\/inicio\/wp-content\/uploads\/2021\/09\/8028.png\",\"contentUrl\":\"https:\/\/apoderma.com\/inicio\/wp-content\/uploads\/2021\/09\/8028.png\",\"width\":800,\"height\":800,\"caption\":\"Multi rejuvenecedor\"},{\"@type\":\"BreadcrumbList\",\"@id\":\"https:\/\/apoderma.com\/inicio\/producto\/healthyaging-multi-rejuvenecedor-50-ml\/#breadcrumb\",\"itemListElement\":[{\"@type\":\"ListItem\",\"position\":1,\"name\":\"Portada\",\"item\":\"https:\/\/apoderma.com\/inicio\/\"},{\"@type\":\"ListItem\",\"position\":2,\"name\":\"Tienda Dermocosm\u00e9tica\",\"item\":\"https:\/\/apoderma.com\/inicio\/tienda-dermocosmetica\/\"},{\"@type\":\"ListItem\",\"position\":3,\"name\":\"HealthyAging Multi Rejuvenecedor 50 mL\"}]},{\"@type\":\"WebSite\",\"@id\":\"https:\/\/apoderma.com\/inicio\/#website\",\"url\":\"https:\/\/apoderma.com\/inicio\/\",\"name\":\"Apo Derma Store\",\"description\":\"Venta de productos cosm\u00e9ticos\",\"potentialAction\":[{\"@type\":\"SearchAction\",\"target\":{\"@type\":\"EntryPoint\",\"urlTemplate\":\"https:\/\/apoderma.com\/inicio\/?s={search_term_string}\"},\"query-input\":{\"@type\":\"PropertyValueSpecification\",\"valueRequired\":true,\"valueName\":\"search_term_string\"}}],\"inLanguage\":\"es\"}]}<\/script>\n<!-- \/ Yoast SEO plugin. -->","yoast_head_json":{"title":"HealthyAging Multi Rejuvenecedor 50 mL - Apo Derma Store","description":"HealthyAging Multi Rejuvenecedor es un Serum revitalizador de r\u00e1pida absorci\u00f3n que toda piel necesita. Disponible en ApoDerma Store","robots":{"index":"index","follow":"follow","max-snippet":"max-snippet:-1","max-image-preview":"max-image-preview:large","max-video-preview":"max-video-preview:-1"},"canonical":"https:\/\/apoderma.com\/inicio\/producto\/healthyaging-multi-rejuvenecedor-50-ml\/","og_locale":"es_ES","og_type":"article","og_title":"HealthyAging Multi Rejuvenecedor 50 mL - Apo Derma Store","og_description":"HealthyAging Multi Rejuvenecedor es un Serum revitalizador de r\u00e1pida absorci\u00f3n que toda piel necesita. Disponible en ApoDerma Store","og_url":"https:\/\/apoderma.com\/inicio\/producto\/healthyaging-multi-rejuvenecedor-50-ml\/","og_site_name":"Apo Derma Store","article_modified_time":"2025-04-12T21:11:29+00:00","og_image":[{"width":800,"height":800,"url":"https:\/\/apoderma.com\/inicio\/wp-content\/uploads\/2021\/09\/8028.png","type":"image\/png"}],"twitter_card":"summary_large_image","twitter_misc":{"Tiempo de lectura":"2 minutos"},"schema":{"@context":"https:\/\/schema.org","@graph":[{"@type":"WebPage","@id":"https:\/\/apoderma.com\/inicio\/producto\/healthyaging-multi-rejuvenecedor-50-ml\/","url":"https:\/\/apoderma.com\/inicio\/producto\/healthyaging-multi-rejuvenecedor-50-ml\/","name":"HealthyAging Multi Rejuvenecedor 50 mL - Apo Derma Store","isPartOf":{"@id":"https:\/\/apoderma.com\/inicio\/#website"},"primaryImageOfPage":{"@id":"https:\/\/apoderma.com\/inicio\/producto\/healthyaging-multi-rejuvenecedor-50-ml\/#primaryimage"},"image":{"@id":"https:\/\/apoderma.com\/inicio\/producto\/healthyaging-multi-rejuvenecedor-50-ml\/#primaryimage"},"thumbnailUrl":"https:\/\/apoderma.com\/inicio\/wp-content\/uploads\/2021\/09\/8028.png","datePublished":"2021-09-21T21:08:09+00:00","dateModified":"2025-04-12T21:11:29+00:00","description":"HealthyAging Multi Rejuvenecedor es un Serum revitalizador de r\u00e1pida absorci\u00f3n que toda piel necesita. Disponible en ApoDerma Store","breadcrumb":{"@id":"https:\/\/apoderma.com\/inicio\/producto\/healthyaging-multi-rejuvenecedor-50-ml\/#breadcrumb"},"inLanguage":"es","potentialAction":[{"@type":"ReadAction","target":["https:\/\/apoderma.com\/inicio\/producto\/healthyaging-multi-rejuvenecedor-50-ml\/"]}]},{"@type":"ImageObject","inLanguage":"es","@id":"https:\/\/apoderma.com\/inicio\/producto\/healthyaging-multi-rejuvenecedor-50-ml\/#primaryimage","url":"https:\/\/apoderma.com\/inicio\/wp-content\/uploads\/2021\/09\/8028.png","contentUrl":"https:\/\/apoderma.com\/inicio\/wp-content\/uploads\/2021\/09\/8028.png","width":800,"height":800,"caption":"Multi rejuvenecedor"},{"@type":"BreadcrumbList","@id":"https:\/\/apoderma.com\/inicio\/producto\/healthyaging-multi-rejuvenecedor-50-ml\/#breadcrumb","itemListElement":[{"@type":"ListItem","position":1,"name":"Portada","item":"https:\/\/apoderma.com\/inicio\/"},{"@type":"ListItem","position":2,"name":"Tienda Dermocosm\u00e9tica","item":"https:\/\/apoderma.com\/inicio\/tienda-dermocosmetica\/"},{"@type":"ListItem","position":3,"name":"HealthyAging Multi Rejuvenecedor 50 mL"}]},{"@type":"WebSite","@id":"https:\/\/apoderma.com\/inicio\/#website","url":"https:\/\/apoderma.com\/inicio\/","name":"Apo Derma Store","description":"Venta de productos cosm\u00e9ticos","potentialAction":[{"@type":"SearchAction","target":{"@type":"EntryPoint","urlTemplate":"https:\/\/apoderma.com\/inicio\/?s={search_term_string}"},"query-input":{"@type":"PropertyValueSpecification","valueRequired":true,"valueName":"search_term_string"}}],"inLanguage":"es"}]}},"_links":{"self":[{"href":"https:\/\/apoderma.com\/inicio\/wp-json\/wp\/v2\/product\/35206","targetHints":{"allow":["GET"]}}],"collection":[{"href":"https:\/\/apoderma.com\/inicio\/wp-json\/wp\/v2\/product"}],"about":[{"href":"https:\/\/apoderma.com\/inicio\/wp-json\/wp\/v2\/types\/product"}],"wp:featuredmedia":[{"embeddable":true,"href":"https:\/\/apoderma.com\/inicio\/wp-json\/wp\/v2\/media\/37276"}],"wp:attachment":[{"href":"https:\/\/apoderma.com\/inicio\/wp-json\/wp\/v2\/media?parent=35206"}],"wp:term":[{"taxonomy":"product_cat","embeddable":true,"href":"https:\/\/apoderma.com\/inicio\/wp-json\/wp\/v2\/product_cat?post=35206"},{"taxonomy":"product_tag","embeddable":true,"href":"https:\/\/apoderma.com\/inicio\/wp-json\/wp\/v2\/product_tag?post=35206"}],"curies":[{"name":"wp","href":"https:\/\/api.w.org\/{rel}","templated":true}]}}