{"id":35197,"date":"2021-09-21T12:54:51","date_gmt":"2021-09-21T18:54:51","guid":{"rendered":"https:\/\/apoderma.com\/inicio\/?post_type=product&#038;p=35197"},"modified":"2025-01-05T19:10:08","modified_gmt":"2025-01-06T01:10:08","slug":"healthyaging-multi-reparadora-50-ml","status":"publish","type":"product","link":"https:\/\/apoderma.com\/inicio\/producto\/healthyaging-multi-reparadora-50-ml\/","title":{"rendered":"HealthyAging Multi Reparadora 50 mL"},"content":{"rendered":"<h3>Especificaciones<\/h3>\n<ul>\n<li><a href=\"https:\/\/laboratoriosbabe.com\/rostro\/healthy-aging\/multi-reparadora\"><strong>La Multi Reparadora de la l\u00ednea Healthy Aging<\/strong><\/a> es una crema con activos que estimulan la producci\u00f3n de col\u00e1geno y elastina a la vez que favorecen la renovaci\u00f3n celular durante la noche.<\/li>\n<li>Su f\u00f3rmula enriquecida reduce las arrugas, mejora la elasticidad y unifica el tono de la piel, proporcionando un aspecto m\u00e1s joven.<\/li>\n<li>Su complejo nutritivo refuerza la funci\u00f3n barrera de la piel<\/li>\n<li>Promueve la renovaci\u00f3n de la piel.<\/li>\n<li>Repara los da\u00f1os del exposoma o agentes externos a los que est\u00e1 expuesta la piel..<\/li>\n<li>Proporciona un aspecto m\u00e1s joven.<\/li>\n<li>Previene y corrige las arrugas a la vez que las reduce visiblemente y mejora la elasticidad.<\/li>\n<li>Reduce las manchas cut\u00e1neas y unifica el tono.<\/li>\n<li>Es apta para piel sensible.<\/li>\n<\/ul>\n<h3>Composici\u00f3n<\/h3>\n<p><strong>Activos para protecci\u00f3n:<\/strong><\/p>\n<ul>\n<li>Biolin prebiotic 2%: Refuerza la barrera cut\u00e1nea y mantiene la salud de la piel<\/li>\n<li>Vitamina C 0,5%: Antioxidante frente a los radicales libres, es capaz de regenerar la vitamina E.<\/li>\n<li>Vitamina E 0,25%: Potente antioxidante con propiedades cicatrizantes que ayuda a reparar y mejorar la apariencia de la piel.<\/li>\n<li>Activo frente a la luz azul 1%: Filtro de luz visible, acci\u00f3n Detox.<\/li>\n<\/ul>\n<p><strong>Activos para correcci\u00f3n y prevenci\u00f3n<\/strong><\/p>\n<ul>\n<li>Cal\u00e9ndula 3%: Limita la modificaci\u00f3n epigen\u00e9tica, es decir, los da\u00f1os acumulados a causa de agresiones externas y la edad.<\/li>\n<li>Centella asi\u00e1tica 2%: Aumenta el contenido de col\u00e1geno y la regeneraci\u00f3n cut\u00e1nea.<\/li>\n<li>Bakuchiol 0,5%: Nuevo retinol vegetal. Extracto 100% natural con efecto antioxidante, que estimula la s\u00edntesis de col\u00e1geno a la vez que mejora la pigmentaci\u00f3n de la piel.<\/li>\n<li>Retinol encapsulado 0,5%: Retrasa el proceso de envejecimiento, aumenta la hidrataci\u00f3n y favorece la renovaci\u00f3n celular de la piel al mismo tiempo que potencia la luminosidad y uniformidad del tono.<\/li>\n<\/ul>\n<p><strong>Activos con efecto inmediato:<\/strong><\/p>\n<ul>\n<li>Complejo nutritivo 1%: Combinaci\u00f3n de aceites vegetales que ayudan a hidratar, nutrir y restaurar la barrera cut\u00e1nea.<\/li>\n<li>\u00c1cido hialur\u00f3nico 0,1%: Mantiene la piel hidratada, firme y el\u00e1stica, rellenando las finas l\u00edneas de expresi\u00f3n<\/li>\n<\/ul>\n<h3>Modo de uso:<\/h3>\n<ol>\n<li>Aplicar por la noche, sobre la piel limpia y seca, la crema renovadora de forma homog\u00e9nea y masajear hasta su total absorci\u00f3n.<\/li>\n<li>Para un tratamiento completo, combinar su uso con la <a href=\"https:\/\/apoderma.com\/inicio\/producto\/healthyaging-multi-protectora-50-ml\/\">Crema Protectora por la ma\u00f1ana<\/a> de esta misma l\u00ednea.<\/li>\n<\/ol>\n","protected":false},"excerpt":{"rendered":"<p>Crema renovadora de noche La soluci\u00f3n para seguir protegiendo tu piel durante la noche y&hellip;<\/p>\n","protected":false},"featured_media":37279,"template":"","meta":{"_glsr_average":0,"_glsr_ranking":0,"_glsr_reviews":0},"product_cat":[89,92],"product_tag":[232,231,115],"class_list":{"0":"post-35197","1":"product","2":"type-product","3":"status-publish","4":"has-post-thumbnail","6":"product_brand-babe","7":"product_cat-rostro","8":"product_cat-signos-de-la-edad","9":"product_tag-noche","10":"product_tag-regeneracion-celular","11":"product_tag-rostro","13":"first","14":"instock","15":"taxable","16":"shipping-taxable","17":"purchasable","18":"product-type-simple","19":"thumb-no-effect","20":"prod-rating-on"},"yoast_head":"<!-- This site is optimized with the Yoast SEO plugin v25.3.1 - https:\/\/yoast.com\/wordpress\/plugins\/seo\/ -->\n<title>HealthyAging Multi Reparadora 50 mL - Apo Derma Store<\/title>\n<meta name=\"description\" content=\"HealthyAging Multi Reparadora es una crema de noche, protege la piel y activa su regeneraci\u00f3n celular. Disponible en ApoDerma Store\" \/>\n<meta name=\"robots\" content=\"index, follow, max-snippet:-1, max-image-preview:large, max-video-preview:-1\" \/>\n<link rel=\"canonical\" href=\"https:\/\/apoderma.com\/inicio\/producto\/healthyaging-multi-reparadora-50-ml\/\" \/>\n<meta property=\"og:locale\" content=\"es_ES\" \/>\n<meta property=\"og:type\" content=\"article\" \/>\n<meta property=\"og:title\" content=\"HealthyAging Multi Reparadora 50 mL - Apo Derma Store\" \/>\n<meta property=\"og:description\" content=\"HealthyAging Multi Reparadora es una crema de noche, protege la piel y activa su regeneraci\u00f3n celular. Disponible en ApoDerma Store\" \/>\n<meta property=\"og:url\" content=\"https:\/\/apoderma.com\/inicio\/producto\/healthyaging-multi-reparadora-50-ml\/\" \/>\n<meta property=\"og:site_name\" content=\"Apo Derma Store\" \/>\n<meta property=\"article:modified_time\" content=\"2025-01-06T01:10:08+00:00\" \/>\n<meta property=\"og:image\" content=\"https:\/\/apoderma.com\/inicio\/wp-content\/uploads\/2021\/09\/6697.png\" \/>\n\t<meta property=\"og:image:width\" content=\"800\" \/>\n\t<meta property=\"og:image:height\" content=\"800\" \/>\n\t<meta property=\"og:image:type\" content=\"image\/png\" \/>\n<meta name=\"twitter:card\" content=\"summary_large_image\" \/>\n<meta name=\"twitter:label1\" content=\"Tiempo de lectura\" \/>\n\t<meta name=\"twitter:data1\" content=\"2 minutos\" \/>\n<script type=\"application\/ld+json\" class=\"yoast-schema-graph\">{\"@context\":\"https:\/\/schema.org\",\"@graph\":[{\"@type\":\"WebPage\",\"@id\":\"https:\/\/apoderma.com\/inicio\/producto\/healthyaging-multi-reparadora-50-ml\/\",\"url\":\"https:\/\/apoderma.com\/inicio\/producto\/healthyaging-multi-reparadora-50-ml\/\",\"name\":\"HealthyAging Multi Reparadora 50 mL - Apo Derma Store\",\"isPartOf\":{\"@id\":\"https:\/\/apoderma.com\/inicio\/#website\"},\"primaryImageOfPage\":{\"@id\":\"https:\/\/apoderma.com\/inicio\/producto\/healthyaging-multi-reparadora-50-ml\/#primaryimage\"},\"image\":{\"@id\":\"https:\/\/apoderma.com\/inicio\/producto\/healthyaging-multi-reparadora-50-ml\/#primaryimage\"},\"thumbnailUrl\":\"https:\/\/apoderma.com\/inicio\/wp-content\/uploads\/2021\/09\/6697.png\",\"datePublished\":\"2021-09-21T18:54:51+00:00\",\"dateModified\":\"2025-01-06T01:10:08+00:00\",\"description\":\"HealthyAging Multi Reparadora es una crema de noche, protege la piel y activa su regeneraci\u00f3n celular. Disponible en ApoDerma Store\",\"breadcrumb\":{\"@id\":\"https:\/\/apoderma.com\/inicio\/producto\/healthyaging-multi-reparadora-50-ml\/#breadcrumb\"},\"inLanguage\":\"es\",\"potentialAction\":[{\"@type\":\"ReadAction\",\"target\":[\"https:\/\/apoderma.com\/inicio\/producto\/healthyaging-multi-reparadora-50-ml\/\"]}]},{\"@type\":\"ImageObject\",\"inLanguage\":\"es\",\"@id\":\"https:\/\/apoderma.com\/inicio\/producto\/healthyaging-multi-reparadora-50-ml\/#primaryimage\",\"url\":\"https:\/\/apoderma.com\/inicio\/wp-content\/uploads\/2021\/09\/6697.png\",\"contentUrl\":\"https:\/\/apoderma.com\/inicio\/wp-content\/uploads\/2021\/09\/6697.png\",\"width\":800,\"height\":800,\"caption\":\"Multi reparadora\"},{\"@type\":\"BreadcrumbList\",\"@id\":\"https:\/\/apoderma.com\/inicio\/producto\/healthyaging-multi-reparadora-50-ml\/#breadcrumb\",\"itemListElement\":[{\"@type\":\"ListItem\",\"position\":1,\"name\":\"Portada\",\"item\":\"https:\/\/apoderma.com\/inicio\/\"},{\"@type\":\"ListItem\",\"position\":2,\"name\":\"Tienda Dermocosm\u00e9tica\",\"item\":\"https:\/\/apoderma.com\/inicio\/tienda-dermocosmetica\/\"},{\"@type\":\"ListItem\",\"position\":3,\"name\":\"HealthyAging Multi Reparadora 50 mL\"}]},{\"@type\":\"WebSite\",\"@id\":\"https:\/\/apoderma.com\/inicio\/#website\",\"url\":\"https:\/\/apoderma.com\/inicio\/\",\"name\":\"Apo Derma Store\",\"description\":\"Venta de productos cosm\u00e9ticos\",\"potentialAction\":[{\"@type\":\"SearchAction\",\"target\":{\"@type\":\"EntryPoint\",\"urlTemplate\":\"https:\/\/apoderma.com\/inicio\/?s={search_term_string}\"},\"query-input\":{\"@type\":\"PropertyValueSpecification\",\"valueRequired\":true,\"valueName\":\"search_term_string\"}}],\"inLanguage\":\"es\"}]}<\/script>\n<!-- \/ Yoast SEO plugin. -->","yoast_head_json":{"title":"HealthyAging Multi Reparadora 50 mL - Apo Derma Store","description":"HealthyAging Multi Reparadora es una crema de noche, protege la piel y activa su regeneraci\u00f3n celular. Disponible en ApoDerma Store","robots":{"index":"index","follow":"follow","max-snippet":"max-snippet:-1","max-image-preview":"max-image-preview:large","max-video-preview":"max-video-preview:-1"},"canonical":"https:\/\/apoderma.com\/inicio\/producto\/healthyaging-multi-reparadora-50-ml\/","og_locale":"es_ES","og_type":"article","og_title":"HealthyAging Multi Reparadora 50 mL - Apo Derma Store","og_description":"HealthyAging Multi Reparadora es una crema de noche, protege la piel y activa su regeneraci\u00f3n celular. Disponible en ApoDerma Store","og_url":"https:\/\/apoderma.com\/inicio\/producto\/healthyaging-multi-reparadora-50-ml\/","og_site_name":"Apo Derma Store","article_modified_time":"2025-01-06T01:10:08+00:00","og_image":[{"width":800,"height":800,"url":"https:\/\/apoderma.com\/inicio\/wp-content\/uploads\/2021\/09\/6697.png","type":"image\/png"}],"twitter_card":"summary_large_image","twitter_misc":{"Tiempo de lectura":"2 minutos"},"schema":{"@context":"https:\/\/schema.org","@graph":[{"@type":"WebPage","@id":"https:\/\/apoderma.com\/inicio\/producto\/healthyaging-multi-reparadora-50-ml\/","url":"https:\/\/apoderma.com\/inicio\/producto\/healthyaging-multi-reparadora-50-ml\/","name":"HealthyAging Multi Reparadora 50 mL - Apo Derma Store","isPartOf":{"@id":"https:\/\/apoderma.com\/inicio\/#website"},"primaryImageOfPage":{"@id":"https:\/\/apoderma.com\/inicio\/producto\/healthyaging-multi-reparadora-50-ml\/#primaryimage"},"image":{"@id":"https:\/\/apoderma.com\/inicio\/producto\/healthyaging-multi-reparadora-50-ml\/#primaryimage"},"thumbnailUrl":"https:\/\/apoderma.com\/inicio\/wp-content\/uploads\/2021\/09\/6697.png","datePublished":"2021-09-21T18:54:51+00:00","dateModified":"2025-01-06T01:10:08+00:00","description":"HealthyAging Multi Reparadora es una crema de noche, protege la piel y activa su regeneraci\u00f3n celular. Disponible en ApoDerma Store","breadcrumb":{"@id":"https:\/\/apoderma.com\/inicio\/producto\/healthyaging-multi-reparadora-50-ml\/#breadcrumb"},"inLanguage":"es","potentialAction":[{"@type":"ReadAction","target":["https:\/\/apoderma.com\/inicio\/producto\/healthyaging-multi-reparadora-50-ml\/"]}]},{"@type":"ImageObject","inLanguage":"es","@id":"https:\/\/apoderma.com\/inicio\/producto\/healthyaging-multi-reparadora-50-ml\/#primaryimage","url":"https:\/\/apoderma.com\/inicio\/wp-content\/uploads\/2021\/09\/6697.png","contentUrl":"https:\/\/apoderma.com\/inicio\/wp-content\/uploads\/2021\/09\/6697.png","width":800,"height":800,"caption":"Multi reparadora"},{"@type":"BreadcrumbList","@id":"https:\/\/apoderma.com\/inicio\/producto\/healthyaging-multi-reparadora-50-ml\/#breadcrumb","itemListElement":[{"@type":"ListItem","position":1,"name":"Portada","item":"https:\/\/apoderma.com\/inicio\/"},{"@type":"ListItem","position":2,"name":"Tienda Dermocosm\u00e9tica","item":"https:\/\/apoderma.com\/inicio\/tienda-dermocosmetica\/"},{"@type":"ListItem","position":3,"name":"HealthyAging Multi Reparadora 50 mL"}]},{"@type":"WebSite","@id":"https:\/\/apoderma.com\/inicio\/#website","url":"https:\/\/apoderma.com\/inicio\/","name":"Apo Derma Store","description":"Venta de productos cosm\u00e9ticos","potentialAction":[{"@type":"SearchAction","target":{"@type":"EntryPoint","urlTemplate":"https:\/\/apoderma.com\/inicio\/?s={search_term_string}"},"query-input":{"@type":"PropertyValueSpecification","valueRequired":true,"valueName":"search_term_string"}}],"inLanguage":"es"}]}},"_links":{"self":[{"href":"https:\/\/apoderma.com\/inicio\/wp-json\/wp\/v2\/product\/35197","targetHints":{"allow":["GET"]}}],"collection":[{"href":"https:\/\/apoderma.com\/inicio\/wp-json\/wp\/v2\/product"}],"about":[{"href":"https:\/\/apoderma.com\/inicio\/wp-json\/wp\/v2\/types\/product"}],"wp:featuredmedia":[{"embeddable":true,"href":"https:\/\/apoderma.com\/inicio\/wp-json\/wp\/v2\/media\/37279"}],"wp:attachment":[{"href":"https:\/\/apoderma.com\/inicio\/wp-json\/wp\/v2\/media?parent=35197"}],"wp:term":[{"taxonomy":"product_cat","embeddable":true,"href":"https:\/\/apoderma.com\/inicio\/wp-json\/wp\/v2\/product_cat?post=35197"},{"taxonomy":"product_tag","embeddable":true,"href":"https:\/\/apoderma.com\/inicio\/wp-json\/wp\/v2\/product_tag?post=35197"}],"curies":[{"name":"wp","href":"https:\/\/api.w.org\/{rel}","templated":true}]}}