{"id":35151,"date":"2021-09-20T16:17:22","date_gmt":"2021-09-20T22:17:22","guid":{"rendered":"https:\/\/apoderma.com\/inicio\/?post_type=product&#038;p=35151"},"modified":"2025-04-12T15:14:55","modified_gmt":"2025-04-12T21:14:55","slug":"healthy-aging-multi-corrector-15-ml","status":"publish","type":"product","link":"https:\/\/apoderma.com\/inicio\/producto\/healthy-aging-multi-corrector-15-ml\/","title":{"rendered":"HealthyAging Multi Corrector 15 mL"},"content":{"rendered":"<h3>Especificaciones<\/h3>\n<ul>\n<li><strong><a href=\"https:\/\/laboratoriosbabe.com\/multicorrector\">El Multi Corrector de la l\u00ednea Healthy Aging<\/a>\u00a0<\/strong>aten\u00faa bolsas y ojeras del contorno de los ojos, a la vez que reduce las arrugas de esta zona y del contorno de los labios.<\/li>\n<li>Previene y corrige las arrugas gesticulares.<\/li>\n<li>Rellena las arrugas y refuerza la hidrataci\u00f3n corrigiendo las finas l\u00edneas de expresi\u00f3n.<\/li>\n<li>Devuelve la firmeza y elasticidad a la piel.<\/li>\n<li>Su complejo nutritivo refuerza la funci\u00f3n de barrera de la piel.<\/li>\n<li>Aten\u00faa bolsas, ojeras y las arrugas del surco nasogeniano.<\/li>\n<li>Es apto para piel sensible.<\/li>\n<\/ul>\n<h3>Composici\u00f3n<\/h3>\n<p><strong>Protecci\u00f3n:<\/strong><\/p>\n<ul>\n<li>Biolin prebiotic 2%: Refuerza la barrera cut\u00e1nea y mantiene la salud de la piel<\/li>\n<li>Vitamina C 1%: Antioxidante frente a los radicales libres, es capaz de regenerar la vitamina E.<\/li>\n<li>Vitamina E 0,25%: Potente antioxidante con propiedades cicatrizantes que ayuda a reparar y mejorar la apariencia de la piel.<\/li>\n<\/ul>\n<p><strong>Correcci\u00f3n y prevenci\u00f3n<\/strong><\/p>\n<ul>\n<li>Centella asi\u00e1tica 3%: Aumenta el contenido de col\u00e1geno y la regeneraci\u00f3n cut\u00e1nea.<\/li>\n<li>Bioestimulador de col\u00e1geno: Ayuda a evitar y prevenir la aparici\u00f3n de arrugas gesticulares, devolviendo la firmeza y elasticidad a la piel.<\/li>\n<li>Bakuchiol 0,5%: Nuevo retinol vegetal. Extracto 100% natural con efecto antioxidante, que estimula la s\u00edntesis de col\u00e1geno a la vez que mejora la pigmentaci\u00f3n de la piel.<\/li>\n<li>Col\u00e1geno 0,5%: Aporta firmeza, flexibilidad y ayuda a la renovaci\u00f3n de la piel.<\/li>\n<li>Retinol encapsulado 0,25%: Retrasa el proceso de envejecimiento, aumenta la hidrataci\u00f3n y favorece la renovaci\u00f3n celular de la piel al mismo tiempo que potencia la luminosidad y uniformidad del tono.<\/li>\n<\/ul>\n<p><strong>Efecto inmediato:<\/strong><\/p>\n<ul>\n<li>Cafe\u00edna 3%: Potente agente lipol\u00edtico de la grasa localizada con efecto drenante.<\/li>\n<li>DMAE 2,5%: Activo contra el envejecimiento de la piel, con actividad antioxidante y con acci\u00f3n reafirmante y tensora a corto y largo plazo.<\/li>\n<li>\u00c1cido hialur\u00f3nico 1%: Mantiene la piel hidratada, firme y el\u00e1stica, rellenando las finas l\u00edneas de expresi\u00f3n<\/li>\n<li>Complejo nutritivo 1%: Combinaci\u00f3n de aceites vegetales que ayudan a hidratar, nutrir y restaurar la barrera cut\u00e1nea.<\/li>\n<\/ul>\n<h3>Modo de uso:<\/h3>\n<ol>\n<li>Aplicar por la noche con peque\u00f1os toques sin arrastrar en el contorno de ojos (ojeras, p\u00e1rpado m\u00f3vil hasta el arco de la ceja y patas de gallo) y encima del labio superior (surco nasogeniano y c\u00f3digo de barras).<\/li>\n<li>Puede aplicarse dos veces al d\u00eda, ma\u00f1ana y noche. Por la ma\u00f1ana aplicar fotoprotecci\u00f3n.<\/li>\n<li>Puede completar su rutina de cuidado del rostro con los otros<a href=\"https:\/\/apoderma.com\/inicio\/categoria-producto\/rostro\/antiedad\/page\/2\/\"> productos de esta misma l\u00ednea<\/a>.<\/li>\n<\/ol>\n","protected":false},"excerpt":{"rendered":"<p>Tensor de Ojos y Labios Cuidado de ojos y labios para reducir las arrugas gesticulares,&hellip;<\/p>\n","protected":false},"featured_media":37280,"template":"","meta":{"_glsr_average":0,"_glsr_ranking":0,"_glsr_reviews":0},"product_cat":[89,92],"product_tag":[212,235,115],"class_list":{"0":"post-35151","1":"product","2":"type-product","3":"status-publish","4":"has-post-thumbnail","6":"product_brand-babe","7":"product_cat-rostro","8":"product_cat-signos-de-la-edad","9":"product_tag-acido-hialuronico","10":"product_tag-ojos-y-labios","11":"product_tag-rostro","13":"first","14":"instock","15":"taxable","16":"shipping-taxable","17":"purchasable","18":"product-type-simple","19":"thumb-no-effect","20":"prod-rating-on"},"yoast_head":"<!-- This site is optimized with the Yoast SEO plugin v25.3.1 - https:\/\/yoast.com\/wordpress\/plugins\/seo\/ -->\n<title>HealthyAging Multi Corrector 15 mL - Apo Derma Store<\/title>\n<meta name=\"description\" content=\"HealthyAging Multi Corrector tensor de ojos y labios reduce arrugas gesticulares, aporta elasticidad y firmeza. Disponible en ApoDerma Store\" \/>\n<meta name=\"robots\" content=\"index, follow, max-snippet:-1, max-image-preview:large, max-video-preview:-1\" \/>\n<link rel=\"canonical\" href=\"https:\/\/apoderma.com\/inicio\/producto\/healthy-aging-multi-corrector-15-ml\/\" \/>\n<meta property=\"og:locale\" content=\"es_ES\" \/>\n<meta property=\"og:type\" content=\"article\" \/>\n<meta property=\"og:title\" content=\"HealthyAging Multi Corrector 15 mL - Apo Derma Store\" \/>\n<meta property=\"og:description\" content=\"HealthyAging Multi Corrector tensor de ojos y labios reduce arrugas gesticulares, aporta elasticidad y firmeza. Disponible en ApoDerma Store\" \/>\n<meta property=\"og:url\" content=\"https:\/\/apoderma.com\/inicio\/producto\/healthy-aging-multi-corrector-15-ml\/\" \/>\n<meta property=\"og:site_name\" content=\"Apo Derma Store\" \/>\n<meta property=\"article:modified_time\" content=\"2025-04-12T21:14:55+00:00\" \/>\n<meta property=\"og:image\" content=\"https:\/\/apoderma.com\/inicio\/wp-content\/uploads\/2021\/09\/6680-1.png\" \/>\n\t<meta property=\"og:image:width\" content=\"800\" \/>\n\t<meta property=\"og:image:height\" content=\"800\" \/>\n\t<meta property=\"og:image:type\" content=\"image\/png\" \/>\n<meta name=\"twitter:card\" content=\"summary_large_image\" \/>\n<meta name=\"twitter:label1\" content=\"Tiempo de lectura\" \/>\n\t<meta name=\"twitter:data1\" content=\"2 minutos\" \/>\n<script type=\"application\/ld+json\" class=\"yoast-schema-graph\">{\"@context\":\"https:\/\/schema.org\",\"@graph\":[{\"@type\":\"WebPage\",\"@id\":\"https:\/\/apoderma.com\/inicio\/producto\/healthy-aging-multi-corrector-15-ml\/\",\"url\":\"https:\/\/apoderma.com\/inicio\/producto\/healthy-aging-multi-corrector-15-ml\/\",\"name\":\"HealthyAging Multi Corrector 15 mL - Apo Derma Store\",\"isPartOf\":{\"@id\":\"https:\/\/apoderma.com\/inicio\/#website\"},\"primaryImageOfPage\":{\"@id\":\"https:\/\/apoderma.com\/inicio\/producto\/healthy-aging-multi-corrector-15-ml\/#primaryimage\"},\"image\":{\"@id\":\"https:\/\/apoderma.com\/inicio\/producto\/healthy-aging-multi-corrector-15-ml\/#primaryimage\"},\"thumbnailUrl\":\"https:\/\/apoderma.com\/inicio\/wp-content\/uploads\/2021\/09\/6680-1.png\",\"datePublished\":\"2021-09-20T22:17:22+00:00\",\"dateModified\":\"2025-04-12T21:14:55+00:00\",\"description\":\"HealthyAging Multi Corrector tensor de ojos y labios reduce arrugas gesticulares, aporta elasticidad y firmeza. Disponible en ApoDerma Store\",\"breadcrumb\":{\"@id\":\"https:\/\/apoderma.com\/inicio\/producto\/healthy-aging-multi-corrector-15-ml\/#breadcrumb\"},\"inLanguage\":\"es\",\"potentialAction\":[{\"@type\":\"ReadAction\",\"target\":[\"https:\/\/apoderma.com\/inicio\/producto\/healthy-aging-multi-corrector-15-ml\/\"]}]},{\"@type\":\"ImageObject\",\"inLanguage\":\"es\",\"@id\":\"https:\/\/apoderma.com\/inicio\/producto\/healthy-aging-multi-corrector-15-ml\/#primaryimage\",\"url\":\"https:\/\/apoderma.com\/inicio\/wp-content\/uploads\/2021\/09\/6680-1.png\",\"contentUrl\":\"https:\/\/apoderma.com\/inicio\/wp-content\/uploads\/2021\/09\/6680-1.png\",\"width\":800,\"height\":800,\"caption\":\"Multi corrector\"},{\"@type\":\"BreadcrumbList\",\"@id\":\"https:\/\/apoderma.com\/inicio\/producto\/healthy-aging-multi-corrector-15-ml\/#breadcrumb\",\"itemListElement\":[{\"@type\":\"ListItem\",\"position\":1,\"name\":\"Portada\",\"item\":\"https:\/\/apoderma.com\/inicio\/\"},{\"@type\":\"ListItem\",\"position\":2,\"name\":\"Tienda Dermocosm\u00e9tica\",\"item\":\"https:\/\/apoderma.com\/inicio\/tienda-dermocosmetica\/\"},{\"@type\":\"ListItem\",\"position\":3,\"name\":\"HealthyAging Multi Corrector 15 mL\"}]},{\"@type\":\"WebSite\",\"@id\":\"https:\/\/apoderma.com\/inicio\/#website\",\"url\":\"https:\/\/apoderma.com\/inicio\/\",\"name\":\"Apo Derma Store\",\"description\":\"Venta de productos cosm\u00e9ticos\",\"potentialAction\":[{\"@type\":\"SearchAction\",\"target\":{\"@type\":\"EntryPoint\",\"urlTemplate\":\"https:\/\/apoderma.com\/inicio\/?s={search_term_string}\"},\"query-input\":{\"@type\":\"PropertyValueSpecification\",\"valueRequired\":true,\"valueName\":\"search_term_string\"}}],\"inLanguage\":\"es\"}]}<\/script>\n<!-- \/ Yoast SEO plugin. -->","yoast_head_json":{"title":"HealthyAging Multi Corrector 15 mL - Apo Derma Store","description":"HealthyAging Multi Corrector tensor de ojos y labios reduce arrugas gesticulares, aporta elasticidad y firmeza. Disponible en ApoDerma Store","robots":{"index":"index","follow":"follow","max-snippet":"max-snippet:-1","max-image-preview":"max-image-preview:large","max-video-preview":"max-video-preview:-1"},"canonical":"https:\/\/apoderma.com\/inicio\/producto\/healthy-aging-multi-corrector-15-ml\/","og_locale":"es_ES","og_type":"article","og_title":"HealthyAging Multi Corrector 15 mL - Apo Derma Store","og_description":"HealthyAging Multi Corrector tensor de ojos y labios reduce arrugas gesticulares, aporta elasticidad y firmeza. Disponible en ApoDerma Store","og_url":"https:\/\/apoderma.com\/inicio\/producto\/healthy-aging-multi-corrector-15-ml\/","og_site_name":"Apo Derma Store","article_modified_time":"2025-04-12T21:14:55+00:00","og_image":[{"width":800,"height":800,"url":"https:\/\/apoderma.com\/inicio\/wp-content\/uploads\/2021\/09\/6680-1.png","type":"image\/png"}],"twitter_card":"summary_large_image","twitter_misc":{"Tiempo de lectura":"2 minutos"},"schema":{"@context":"https:\/\/schema.org","@graph":[{"@type":"WebPage","@id":"https:\/\/apoderma.com\/inicio\/producto\/healthy-aging-multi-corrector-15-ml\/","url":"https:\/\/apoderma.com\/inicio\/producto\/healthy-aging-multi-corrector-15-ml\/","name":"HealthyAging Multi Corrector 15 mL - Apo Derma Store","isPartOf":{"@id":"https:\/\/apoderma.com\/inicio\/#website"},"primaryImageOfPage":{"@id":"https:\/\/apoderma.com\/inicio\/producto\/healthy-aging-multi-corrector-15-ml\/#primaryimage"},"image":{"@id":"https:\/\/apoderma.com\/inicio\/producto\/healthy-aging-multi-corrector-15-ml\/#primaryimage"},"thumbnailUrl":"https:\/\/apoderma.com\/inicio\/wp-content\/uploads\/2021\/09\/6680-1.png","datePublished":"2021-09-20T22:17:22+00:00","dateModified":"2025-04-12T21:14:55+00:00","description":"HealthyAging Multi Corrector tensor de ojos y labios reduce arrugas gesticulares, aporta elasticidad y firmeza. Disponible en ApoDerma Store","breadcrumb":{"@id":"https:\/\/apoderma.com\/inicio\/producto\/healthy-aging-multi-corrector-15-ml\/#breadcrumb"},"inLanguage":"es","potentialAction":[{"@type":"ReadAction","target":["https:\/\/apoderma.com\/inicio\/producto\/healthy-aging-multi-corrector-15-ml\/"]}]},{"@type":"ImageObject","inLanguage":"es","@id":"https:\/\/apoderma.com\/inicio\/producto\/healthy-aging-multi-corrector-15-ml\/#primaryimage","url":"https:\/\/apoderma.com\/inicio\/wp-content\/uploads\/2021\/09\/6680-1.png","contentUrl":"https:\/\/apoderma.com\/inicio\/wp-content\/uploads\/2021\/09\/6680-1.png","width":800,"height":800,"caption":"Multi corrector"},{"@type":"BreadcrumbList","@id":"https:\/\/apoderma.com\/inicio\/producto\/healthy-aging-multi-corrector-15-ml\/#breadcrumb","itemListElement":[{"@type":"ListItem","position":1,"name":"Portada","item":"https:\/\/apoderma.com\/inicio\/"},{"@type":"ListItem","position":2,"name":"Tienda Dermocosm\u00e9tica","item":"https:\/\/apoderma.com\/inicio\/tienda-dermocosmetica\/"},{"@type":"ListItem","position":3,"name":"HealthyAging Multi Corrector 15 mL"}]},{"@type":"WebSite","@id":"https:\/\/apoderma.com\/inicio\/#website","url":"https:\/\/apoderma.com\/inicio\/","name":"Apo Derma Store","description":"Venta de productos cosm\u00e9ticos","potentialAction":[{"@type":"SearchAction","target":{"@type":"EntryPoint","urlTemplate":"https:\/\/apoderma.com\/inicio\/?s={search_term_string}"},"query-input":{"@type":"PropertyValueSpecification","valueRequired":true,"valueName":"search_term_string"}}],"inLanguage":"es"}]}},"_links":{"self":[{"href":"https:\/\/apoderma.com\/inicio\/wp-json\/wp\/v2\/product\/35151","targetHints":{"allow":["GET"]}}],"collection":[{"href":"https:\/\/apoderma.com\/inicio\/wp-json\/wp\/v2\/product"}],"about":[{"href":"https:\/\/apoderma.com\/inicio\/wp-json\/wp\/v2\/types\/product"}],"wp:featuredmedia":[{"embeddable":true,"href":"https:\/\/apoderma.com\/inicio\/wp-json\/wp\/v2\/media\/37280"}],"wp:attachment":[{"href":"https:\/\/apoderma.com\/inicio\/wp-json\/wp\/v2\/media?parent=35151"}],"wp:term":[{"taxonomy":"product_cat","embeddable":true,"href":"https:\/\/apoderma.com\/inicio\/wp-json\/wp\/v2\/product_cat?post=35151"},{"taxonomy":"product_tag","embeddable":true,"href":"https:\/\/apoderma.com\/inicio\/wp-json\/wp\/v2\/product_tag?post=35151"}],"curies":[{"name":"wp","href":"https:\/\/api.w.org\/{rel}","templated":true}]}}