{"id":28264,"date":"2021-04-23T11:09:32","date_gmt":"2021-04-23T17:09:32","guid":{"rendered":"https:\/\/apoderma.com\/inicio\/?post_type=product&#038;p=28264"},"modified":"2025-04-12T14:05:21","modified_gmt":"2025-04-12T20:05:21","slug":"eucerin-sun-fluid-control-pigmento-fps-50","status":"publish","type":"product","link":"https:\/\/apoderma.com\/inicio\/producto\/eucerin-sun-fluid-control-pigmento-fps-50\/","title":{"rendered":"Eucerin Sun Fluid Control Pigmento FPS 50"},"content":{"rendered":"<h3>Especificaciones<\/h3>\n<ul>\n<li><a href=\"https:\/\/www.eucerin.com.gt\/productos\/sun-protection\/sun-fluid-pigment-control-spf-50\">Eucerin Sun Fluid Control Pigmento FPS 50<\/a> es un protector solar facial de uso diario para todo tipo de pieles que previene la hiperpigmentaci\u00f3n provocada por el sol.<\/li>\n<li>Reduce eficazmente las manchas oscuras y evita su reaparici\u00f3n.<\/li>\n<li>Se presenta en una textura ligera que se absorbe con rapidez; adem\u00e1s, ha demostrado una buena tolerabilidad cl\u00ednica y dermatol\u00f3gica, incluso en las pieles sensibles.<\/li>\n<li>Los estudios cl\u00ednicos y dermatol\u00f3gicos han demostrado una buena tolerabilidad, incluso en pieles sensibles.<\/li>\n<\/ul>\n<h3>Composici\u00f3n<\/h3>\n<ul>\n<li>La\u00a0<strong>Advanced Spectral Technology combina filtros fotoestables y de amplio espectro frente a rayos UVA y UVB1. Ofrece una protecci\u00f3n muy alta contra los rayos UV<\/strong>\u00a0con\u00a0<a href=\"https:\/\/www.eucerin.com.gt\/nuestras-investigaciones\/base-de-datos-de-ingredientes\/licochalcone-a\" data-identifier=\"Licochalcone A\" data-lightbox=\"sitecore:\/\/master\/{9CAA2F23-BD48-4D66-8EDE-36B5F450AF2B}?lang=en&amp;ver=5\">licocalc\u00f3n A<\/a>\u00a0para neutralizar los radicales libres producidos por la luz UV y HEVL.<\/li>\n<li>El protector solar antipigmentaci\u00f3n tambi\u00e9n contiene\u00a0<a href=\"https:\/\/www.eucerin.com.gt\/nuestras-investigaciones\/base-de-datos-de-ingredientes\/glycyrrhetinic-acid\" data-identifier=\"Glycyrrhetinic Acid\" data-lightbox=\"sitecore:\/\/master\/{C9FF7F6E-C59A-4A86-8FFE-75E7139B7CF1}?lang=en&amp;ver=1\">\u00e1cido glicirret\u00ednico<\/a>, que estimula el mecanismo de reparaci\u00f3n del ADN de la piel.<\/li>\n<li>La f\u00f3rmula est\u00e1 enriquecida con <a href=\"https:\/\/www.eucerin.com.gt\/nuestras-investigaciones\/base-de-datos-de-ingredientes\/thiamidol\" data-identifier=\"Thiamidol\" data-lightbox=\"sitecore:\/\/master\/{D89B8D16-8F7F-493E-9FDD-821B30FF7472}?lang=en&amp;ver=1\">Thiamidol<\/a>, un principio activo eficaz y patentado que act\u00faa en el origen de la hiperpigmentaci\u00f3n. Reduce de manera visible las manchas oscuras con el tiempo y, si se usa habitualmente, evita su reaparici\u00f3n<\/li>\n<\/ul>\n<h3>Modo de uso<\/h3>\n<section class=\"eucerin-cp cp-text right\">\n<div class=\"text\">\n<ol>\n<li>Apl\u00edquelo por la ma\u00f1ana, despu\u00e9s del producto de cuidado diario habitual (o en lugar de este)<\/li>\n<li>Puede usarse en combinaci\u00f3n con otros productos de Cuidado Facial para e<a href=\"https:\/\/apoderma.com\/inicio\/categoria-producto\/rostro\/manchas\/\">l control de pigmentos o manchas.<\/a><\/li>\n<li>Su piel quedar\u00e1 protegida del sol al instante, no tiene que esperar.<\/li>\n<li>Puede aplicar maquillaje posteriormente, si lo desea.<\/li>\n<\/ol>\n<\/div>\n<\/section>\n","protected":false},"excerpt":{"rendered":"<p>Protector solar facial Tecnolog\u00eda espectral avanzada: protecci\u00f3n UVA \/ UVB y defensa ligera HEVIS. Para&hellip;<\/p>\n","protected":false},"featured_media":30491,"template":"","meta":{"_glsr_average":0,"_glsr_ranking":0,"_glsr_reviews":0},"product_cat":[96,89],"product_tag":[289,179,117,115],"class_list":{"0":"post-28264","1":"product","2":"type-product","3":"status-publish","4":"has-post-thumbnail","6":"product_brand-eucerin","7":"product_cat-fotoproteccion","8":"product_cat-rostro","9":"product_tag-control-pigmento","10":"product_tag-fotoproteccion","11":"product_tag-manchas","12":"product_tag-rostro","14":"first","15":"instock","16":"taxable","17":"shipping-taxable","18":"purchasable","19":"product-type-simple","20":"thumb-no-effect","21":"prod-rating-on"},"yoast_head":"<!-- This site is optimized with the Yoast SEO plugin v25.3.1 - https:\/\/yoast.com\/wordpress\/plugins\/seo\/ -->\n<title>Eucerin Sun Fluid Control Pigmento FPS 50 - Apo Derma Store<\/title>\n<meta name=\"description\" content=\"Eucerin Sun Fluid Control Pigmento FPS 50+. Fotoprotege y previene la hiperpigmentaci\u00f3n provocada por el sol. Disponible en ApoDerma Store\" \/>\n<meta name=\"robots\" content=\"index, follow, max-snippet:-1, max-image-preview:large, max-video-preview:-1\" \/>\n<link rel=\"canonical\" href=\"https:\/\/apoderma.com\/inicio\/producto\/eucerin-sun-fluid-control-pigmento-fps-50\/\" \/>\n<meta property=\"og:locale\" content=\"es_ES\" \/>\n<meta property=\"og:type\" content=\"article\" \/>\n<meta property=\"og:title\" content=\"Eucerin Sun Fluid Control Pigmento FPS 50 - Apo Derma Store\" \/>\n<meta property=\"og:description\" content=\"Eucerin Sun Fluid Control Pigmento FPS 50+. Fotoprotege y previene la hiperpigmentaci\u00f3n provocada por el sol. Disponible en ApoDerma Store\" \/>\n<meta property=\"og:url\" content=\"https:\/\/apoderma.com\/inicio\/producto\/eucerin-sun-fluid-control-pigmento-fps-50\/\" \/>\n<meta property=\"og:site_name\" content=\"Apo Derma Store\" \/>\n<meta property=\"article:modified_time\" content=\"2025-04-12T20:05:21+00:00\" \/>\n<meta property=\"og:image\" content=\"https:\/\/apoderma.com\/inicio\/wp-content\/uploads\/2021\/04\/24052.jpg\" \/>\n\t<meta property=\"og:image:width\" content=\"800\" \/>\n\t<meta property=\"og:image:height\" content=\"800\" \/>\n\t<meta property=\"og:image:type\" content=\"image\/jpeg\" \/>\n<meta name=\"twitter:card\" content=\"summary_large_image\" \/>\n<meta name=\"twitter:label1\" content=\"Tiempo de lectura\" \/>\n\t<meta name=\"twitter:data1\" content=\"1 minuto\" \/>\n<script type=\"application\/ld+json\" class=\"yoast-schema-graph\">{\"@context\":\"https:\/\/schema.org\",\"@graph\":[{\"@type\":\"WebPage\",\"@id\":\"https:\/\/apoderma.com\/inicio\/producto\/eucerin-sun-fluid-control-pigmento-fps-50\/\",\"url\":\"https:\/\/apoderma.com\/inicio\/producto\/eucerin-sun-fluid-control-pigmento-fps-50\/\",\"name\":\"Eucerin Sun Fluid Control Pigmento FPS 50 - Apo Derma Store\",\"isPartOf\":{\"@id\":\"https:\/\/apoderma.com\/inicio\/#website\"},\"primaryImageOfPage\":{\"@id\":\"https:\/\/apoderma.com\/inicio\/producto\/eucerin-sun-fluid-control-pigmento-fps-50\/#primaryimage\"},\"image\":{\"@id\":\"https:\/\/apoderma.com\/inicio\/producto\/eucerin-sun-fluid-control-pigmento-fps-50\/#primaryimage\"},\"thumbnailUrl\":\"https:\/\/apoderma.com\/inicio\/wp-content\/uploads\/2021\/04\/24052.jpg\",\"datePublished\":\"2021-04-23T17:09:32+00:00\",\"dateModified\":\"2025-04-12T20:05:21+00:00\",\"description\":\"Eucerin Sun Fluid Control Pigmento FPS 50+. Fotoprotege y previene la hiperpigmentaci\u00f3n provocada por el sol. Disponible en ApoDerma Store\",\"breadcrumb\":{\"@id\":\"https:\/\/apoderma.com\/inicio\/producto\/eucerin-sun-fluid-control-pigmento-fps-50\/#breadcrumb\"},\"inLanguage\":\"es\",\"potentialAction\":[{\"@type\":\"ReadAction\",\"target\":[\"https:\/\/apoderma.com\/inicio\/producto\/eucerin-sun-fluid-control-pigmento-fps-50\/\"]}]},{\"@type\":\"ImageObject\",\"inLanguage\":\"es\",\"@id\":\"https:\/\/apoderma.com\/inicio\/producto\/eucerin-sun-fluid-control-pigmento-fps-50\/#primaryimage\",\"url\":\"https:\/\/apoderma.com\/inicio\/wp-content\/uploads\/2021\/04\/24052.jpg\",\"contentUrl\":\"https:\/\/apoderma.com\/inicio\/wp-content\/uploads\/2021\/04\/24052.jpg\",\"width\":800,\"height\":800,\"caption\":\"Control pigmento\"},{\"@type\":\"BreadcrumbList\",\"@id\":\"https:\/\/apoderma.com\/inicio\/producto\/eucerin-sun-fluid-control-pigmento-fps-50\/#breadcrumb\",\"itemListElement\":[{\"@type\":\"ListItem\",\"position\":1,\"name\":\"Portada\",\"item\":\"https:\/\/apoderma.com\/inicio\/\"},{\"@type\":\"ListItem\",\"position\":2,\"name\":\"Tienda Dermocosm\u00e9tica\",\"item\":\"https:\/\/apoderma.com\/inicio\/tienda-dermocosmetica\/\"},{\"@type\":\"ListItem\",\"position\":3,\"name\":\"Eucerin Sun Fluid Control Pigmento FPS 50\"}]},{\"@type\":\"WebSite\",\"@id\":\"https:\/\/apoderma.com\/inicio\/#website\",\"url\":\"https:\/\/apoderma.com\/inicio\/\",\"name\":\"Apo Derma Store\",\"description\":\"Venta de productos cosm\u00e9ticos\",\"potentialAction\":[{\"@type\":\"SearchAction\",\"target\":{\"@type\":\"EntryPoint\",\"urlTemplate\":\"https:\/\/apoderma.com\/inicio\/?s={search_term_string}\"},\"query-input\":{\"@type\":\"PropertyValueSpecification\",\"valueRequired\":true,\"valueName\":\"search_term_string\"}}],\"inLanguage\":\"es\"}]}<\/script>\n<!-- \/ Yoast SEO plugin. -->","yoast_head_json":{"title":"Eucerin Sun Fluid Control Pigmento FPS 50 - Apo Derma Store","description":"Eucerin Sun Fluid Control Pigmento FPS 50+. Fotoprotege y previene la hiperpigmentaci\u00f3n provocada por el sol. Disponible en ApoDerma Store","robots":{"index":"index","follow":"follow","max-snippet":"max-snippet:-1","max-image-preview":"max-image-preview:large","max-video-preview":"max-video-preview:-1"},"canonical":"https:\/\/apoderma.com\/inicio\/producto\/eucerin-sun-fluid-control-pigmento-fps-50\/","og_locale":"es_ES","og_type":"article","og_title":"Eucerin Sun Fluid Control Pigmento FPS 50 - Apo Derma Store","og_description":"Eucerin Sun Fluid Control Pigmento FPS 50+. Fotoprotege y previene la hiperpigmentaci\u00f3n provocada por el sol. Disponible en ApoDerma Store","og_url":"https:\/\/apoderma.com\/inicio\/producto\/eucerin-sun-fluid-control-pigmento-fps-50\/","og_site_name":"Apo Derma Store","article_modified_time":"2025-04-12T20:05:21+00:00","og_image":[{"width":800,"height":800,"url":"https:\/\/apoderma.com\/inicio\/wp-content\/uploads\/2021\/04\/24052.jpg","type":"image\/jpeg"}],"twitter_card":"summary_large_image","twitter_misc":{"Tiempo de lectura":"1 minuto"},"schema":{"@context":"https:\/\/schema.org","@graph":[{"@type":"WebPage","@id":"https:\/\/apoderma.com\/inicio\/producto\/eucerin-sun-fluid-control-pigmento-fps-50\/","url":"https:\/\/apoderma.com\/inicio\/producto\/eucerin-sun-fluid-control-pigmento-fps-50\/","name":"Eucerin Sun Fluid Control Pigmento FPS 50 - Apo Derma Store","isPartOf":{"@id":"https:\/\/apoderma.com\/inicio\/#website"},"primaryImageOfPage":{"@id":"https:\/\/apoderma.com\/inicio\/producto\/eucerin-sun-fluid-control-pigmento-fps-50\/#primaryimage"},"image":{"@id":"https:\/\/apoderma.com\/inicio\/producto\/eucerin-sun-fluid-control-pigmento-fps-50\/#primaryimage"},"thumbnailUrl":"https:\/\/apoderma.com\/inicio\/wp-content\/uploads\/2021\/04\/24052.jpg","datePublished":"2021-04-23T17:09:32+00:00","dateModified":"2025-04-12T20:05:21+00:00","description":"Eucerin Sun Fluid Control Pigmento FPS 50+. Fotoprotege y previene la hiperpigmentaci\u00f3n provocada por el sol. Disponible en ApoDerma Store","breadcrumb":{"@id":"https:\/\/apoderma.com\/inicio\/producto\/eucerin-sun-fluid-control-pigmento-fps-50\/#breadcrumb"},"inLanguage":"es","potentialAction":[{"@type":"ReadAction","target":["https:\/\/apoderma.com\/inicio\/producto\/eucerin-sun-fluid-control-pigmento-fps-50\/"]}]},{"@type":"ImageObject","inLanguage":"es","@id":"https:\/\/apoderma.com\/inicio\/producto\/eucerin-sun-fluid-control-pigmento-fps-50\/#primaryimage","url":"https:\/\/apoderma.com\/inicio\/wp-content\/uploads\/2021\/04\/24052.jpg","contentUrl":"https:\/\/apoderma.com\/inicio\/wp-content\/uploads\/2021\/04\/24052.jpg","width":800,"height":800,"caption":"Control pigmento"},{"@type":"BreadcrumbList","@id":"https:\/\/apoderma.com\/inicio\/producto\/eucerin-sun-fluid-control-pigmento-fps-50\/#breadcrumb","itemListElement":[{"@type":"ListItem","position":1,"name":"Portada","item":"https:\/\/apoderma.com\/inicio\/"},{"@type":"ListItem","position":2,"name":"Tienda Dermocosm\u00e9tica","item":"https:\/\/apoderma.com\/inicio\/tienda-dermocosmetica\/"},{"@type":"ListItem","position":3,"name":"Eucerin Sun Fluid Control Pigmento FPS 50"}]},{"@type":"WebSite","@id":"https:\/\/apoderma.com\/inicio\/#website","url":"https:\/\/apoderma.com\/inicio\/","name":"Apo Derma Store","description":"Venta de productos cosm\u00e9ticos","potentialAction":[{"@type":"SearchAction","target":{"@type":"EntryPoint","urlTemplate":"https:\/\/apoderma.com\/inicio\/?s={search_term_string}"},"query-input":{"@type":"PropertyValueSpecification","valueRequired":true,"valueName":"search_term_string"}}],"inLanguage":"es"}]}},"_links":{"self":[{"href":"https:\/\/apoderma.com\/inicio\/wp-json\/wp\/v2\/product\/28264","targetHints":{"allow":["GET"]}}],"collection":[{"href":"https:\/\/apoderma.com\/inicio\/wp-json\/wp\/v2\/product"}],"about":[{"href":"https:\/\/apoderma.com\/inicio\/wp-json\/wp\/v2\/types\/product"}],"wp:featuredmedia":[{"embeddable":true,"href":"https:\/\/apoderma.com\/inicio\/wp-json\/wp\/v2\/media\/30491"}],"wp:attachment":[{"href":"https:\/\/apoderma.com\/inicio\/wp-json\/wp\/v2\/media?parent=28264"}],"wp:term":[{"taxonomy":"product_cat","embeddable":true,"href":"https:\/\/apoderma.com\/inicio\/wp-json\/wp\/v2\/product_cat?post=28264"},{"taxonomy":"product_tag","embeddable":true,"href":"https:\/\/apoderma.com\/inicio\/wp-json\/wp\/v2\/product_tag?post=28264"}],"curies":[{"name":"wp","href":"https:\/\/api.w.org\/{rel}","templated":true}]}}