{"id":28260,"date":"2021-04-23T10:42:50","date_gmt":"2021-04-23T16:42:50","guid":{"rendered":"https:\/\/apoderma.com\/inicio\/?post_type=product&#038;p=28260"},"modified":"2025-04-12T15:17:34","modified_gmt":"2025-04-12T21:17:34","slug":"eucerin-sun-anti-edad-con-color-medio-fps-50","status":"publish","type":"product","link":"https:\/\/apoderma.com\/inicio\/producto\/eucerin-sun-anti-edad-con-color-medio-fps-50\/","title":{"rendered":"Eucerin Sun Anti-Edad Con Color Medio FPS 50"},"content":{"rendered":"<h3>Especificaciones<\/h3>\n<ul>\n<li><a href=\"https:\/\/www.eucerin.com.gt\/productos\/sun-protection\/sun-creme-tinted-cc-medium-spf-50plus\">Eucerin Sun Control Anti-Edad Con Colo<\/a>r FPS 50+ es un protector facial avanzado con\u00a0<a href=\"https:\/\/www.eucerin.com.ar\/problemas-de-la-piel\/piel-pigmentada\/hiperpigmentacion\" target=\"_self\" rel=\"noopener noreferrer\">pigmentos de color<\/a>\u00a0que brindan un tono de piel bronceado de manera natural y parejo.<\/li>\n<li>Con Protecci\u00f3n Celular Biol\u00f3gica, \u00c1cido hialur\u00f3nico y pigmentos de color que cubren y corrigen la piel instant\u00e1neamente.<\/li>\n<li>Su textura ligera deja la piel con un acabado mate de larga duraci\u00f3n.<\/li>\n<li>Promueve una apariencia natural y bronceada en la piel<\/li>\n<li>Ayuda a la prevenci\u00f3n del fotoenvejecimiento.<\/li>\n<li>Sin aromas ni parabenos.<\/li>\n<li>No comedog\u00e9nica.<\/li>\n<li>Apropiada para todo tipo de piel, especialmente para piel sensible.<\/li>\n<li>Estudios cl\u00ednicos han probado la compatibilidad cut\u00e1nea de Eucerin Sun CC Creme Tono Medio FPS 50+ en\u00a0<a href=\"https:\/\/www.eucerin.com.ar\/problemas-de-la-piel\/piel-sensible\/piel-sensible-en-general\" target=\"_self\" rel=\"noopener noreferrer\">pieles sensibles<\/a>. Apropiada incluso para pieles muy sensibles despu\u00e9s de un tratamiento l\u00e1ser o peeling qu\u00edmico.<\/li>\n<\/ul>\n<h3>Composici\u00f3n:<\/h3>\n<ol>\n<li>Filtros UVB\/UVA<\/li>\n<li>Licochalcone A: defensa ante luz azul<\/li>\n<li>\u00c1cido glicirret\u00ednico: brinda protecci\u00f3n al ADN<\/li>\n<li>Pigmentos de color<\/li>\n<li>\u00c1cido hialur\u00f3nico: hidratante<\/li>\n<\/ol>\n<h3>Modo de uso<\/h3>\n<section class=\"eucerin-cp cp-text right\">\n<div class=\"text\">\n<ol>\n<li>Evitar el contacto con los ojos.<\/li>\n<li>Evitar el sol del mediod\u00eda y la extensa exposici\u00f3n al sol ya que incluso los protectores solares con un alto FPS no ofrecen una protecci\u00f3n al 100%.<\/li>\n<li>Aplicar una cantidad generosa antes de exponerse al sol y volver a aplicar frecuentemente, especialmente antes de nadar.<\/li>\n<li>Reducir la cantidad disminuir\u00e1 el nivel de protecci\u00f3n significativamente.<\/li>\n<li>No permanecer bajo el sol por mucho tiempo, incluso cuando se est\u00e9 usando protector solar.<\/li>\n<li>La sobre exposici\u00f3n al sol es una seria amenaza para la salud. Mantener a los beb\u00e9s y ni\u00f1os peque\u00f1os fuera de la luz solar directa.<\/li>\n<li>Dejar que se absorba por completo y evitar el contacto con telas o materiales duros para evitar manchas.<\/li>\n<\/ol>\n<\/div>\n<\/section>\n","protected":false},"excerpt":{"rendered":"<p>Crema gel con \u00c1cido hialur\u00f3nico y tono medio Protecci\u00f3n solar muy alta para el rostro&hellip;<\/p>\n","protected":false},"featured_media":39016,"template":"","meta":{"_glsr_average":0,"_glsr_ranking":0,"_glsr_reviews":0},"product_cat":[96,89],"product_tag":[185,179,115],"class_list":{"0":"post-28260","1":"product","2":"type-product","3":"status-publish","4":"has-post-thumbnail","6":"product_brand-eucerin","7":"product_cat-fotoproteccion","8":"product_cat-rostro","9":"product_tag-anti-edad","10":"product_tag-fotoproteccion","11":"product_tag-rostro","13":"first","14":"instock","15":"taxable","16":"shipping-taxable","17":"purchasable","18":"product-type-simple","19":"thumb-no-effect","20":"prod-rating-on"},"yoast_head":"<!-- This site is optimized with the Yoast SEO plugin v25.3.1 - https:\/\/yoast.com\/wordpress\/plugins\/seo\/ -->\n<title>Eucerin Sun Anti-Edad Con Color Medio FPS 50 - Apo Derma Store<\/title>\n<meta name=\"description\" content=\"Eucerin Sun Anti-edad con color FPS 50+. Protecci\u00f3n solar muy alta para rostro y escote con filtros y pigmentos. Disponible en ApoDerma Store\" \/>\n<meta name=\"robots\" content=\"index, follow, max-snippet:-1, max-image-preview:large, max-video-preview:-1\" \/>\n<link rel=\"canonical\" href=\"https:\/\/apoderma.com\/inicio\/producto\/eucerin-sun-anti-edad-con-color-medio-fps-50\/\" \/>\n<meta property=\"og:locale\" content=\"es_ES\" \/>\n<meta property=\"og:type\" content=\"article\" \/>\n<meta property=\"og:title\" content=\"Eucerin Sun Anti-Edad Con Color Medio FPS 50 - Apo Derma Store\" \/>\n<meta property=\"og:description\" content=\"Eucerin Sun Anti-edad con color FPS 50+. Protecci\u00f3n solar muy alta para rostro y escote con filtros y pigmentos. Disponible en ApoDerma Store\" \/>\n<meta property=\"og:url\" content=\"https:\/\/apoderma.com\/inicio\/producto\/eucerin-sun-anti-edad-con-color-medio-fps-50\/\" \/>\n<meta property=\"og:site_name\" content=\"Apo Derma Store\" \/>\n<meta property=\"article:modified_time\" content=\"2025-04-12T21:17:34+00:00\" \/>\n<meta property=\"og:image\" content=\"https:\/\/apoderma.com\/inicio\/wp-content\/uploads\/2021\/04\/24050-1.png\" \/>\n\t<meta property=\"og:image:width\" content=\"800\" \/>\n\t<meta property=\"og:image:height\" content=\"800\" \/>\n\t<meta property=\"og:image:type\" content=\"image\/png\" \/>\n<meta name=\"twitter:card\" content=\"summary_large_image\" \/>\n<meta name=\"twitter:label1\" content=\"Tiempo de lectura\" \/>\n\t<meta name=\"twitter:data1\" content=\"2 minutos\" \/>\n<script type=\"application\/ld+json\" class=\"yoast-schema-graph\">{\"@context\":\"https:\/\/schema.org\",\"@graph\":[{\"@type\":\"WebPage\",\"@id\":\"https:\/\/apoderma.com\/inicio\/producto\/eucerin-sun-anti-edad-con-color-medio-fps-50\/\",\"url\":\"https:\/\/apoderma.com\/inicio\/producto\/eucerin-sun-anti-edad-con-color-medio-fps-50\/\",\"name\":\"Eucerin Sun Anti-Edad Con Color Medio FPS 50 - Apo Derma Store\",\"isPartOf\":{\"@id\":\"https:\/\/apoderma.com\/inicio\/#website\"},\"primaryImageOfPage\":{\"@id\":\"https:\/\/apoderma.com\/inicio\/producto\/eucerin-sun-anti-edad-con-color-medio-fps-50\/#primaryimage\"},\"image\":{\"@id\":\"https:\/\/apoderma.com\/inicio\/producto\/eucerin-sun-anti-edad-con-color-medio-fps-50\/#primaryimage\"},\"thumbnailUrl\":\"https:\/\/apoderma.com\/inicio\/wp-content\/uploads\/2021\/04\/24050-1.png\",\"datePublished\":\"2021-04-23T16:42:50+00:00\",\"dateModified\":\"2025-04-12T21:17:34+00:00\",\"description\":\"Eucerin Sun Anti-edad con color FPS 50+. Protecci\u00f3n solar muy alta para rostro y escote con filtros y pigmentos. Disponible en ApoDerma Store\",\"breadcrumb\":{\"@id\":\"https:\/\/apoderma.com\/inicio\/producto\/eucerin-sun-anti-edad-con-color-medio-fps-50\/#breadcrumb\"},\"inLanguage\":\"es\",\"potentialAction\":[{\"@type\":\"ReadAction\",\"target\":[\"https:\/\/apoderma.com\/inicio\/producto\/eucerin-sun-anti-edad-con-color-medio-fps-50\/\"]}]},{\"@type\":\"ImageObject\",\"inLanguage\":\"es\",\"@id\":\"https:\/\/apoderma.com\/inicio\/producto\/eucerin-sun-anti-edad-con-color-medio-fps-50\/#primaryimage\",\"url\":\"https:\/\/apoderma.com\/inicio\/wp-content\/uploads\/2021\/04\/24050-1.png\",\"contentUrl\":\"https:\/\/apoderma.com\/inicio\/wp-content\/uploads\/2021\/04\/24050-1.png\",\"width\":800,\"height\":800,\"caption\":\"Eucerin Control edad con color medio\"},{\"@type\":\"BreadcrumbList\",\"@id\":\"https:\/\/apoderma.com\/inicio\/producto\/eucerin-sun-anti-edad-con-color-medio-fps-50\/#breadcrumb\",\"itemListElement\":[{\"@type\":\"ListItem\",\"position\":1,\"name\":\"Portada\",\"item\":\"https:\/\/apoderma.com\/inicio\/\"},{\"@type\":\"ListItem\",\"position\":2,\"name\":\"Tienda Dermocosm\u00e9tica\",\"item\":\"https:\/\/apoderma.com\/inicio\/tienda-dermocosmetica\/\"},{\"@type\":\"ListItem\",\"position\":3,\"name\":\"Eucerin Sun Anti-Edad Con Color Medio FPS 50\"}]},{\"@type\":\"WebSite\",\"@id\":\"https:\/\/apoderma.com\/inicio\/#website\",\"url\":\"https:\/\/apoderma.com\/inicio\/\",\"name\":\"Apo Derma Store\",\"description\":\"Venta de productos cosm\u00e9ticos\",\"potentialAction\":[{\"@type\":\"SearchAction\",\"target\":{\"@type\":\"EntryPoint\",\"urlTemplate\":\"https:\/\/apoderma.com\/inicio\/?s={search_term_string}\"},\"query-input\":{\"@type\":\"PropertyValueSpecification\",\"valueRequired\":true,\"valueName\":\"search_term_string\"}}],\"inLanguage\":\"es\"}]}<\/script>\n<!-- \/ Yoast SEO plugin. -->","yoast_head_json":{"title":"Eucerin Sun Anti-Edad Con Color Medio FPS 50 - Apo Derma Store","description":"Eucerin Sun Anti-edad con color FPS 50+. Protecci\u00f3n solar muy alta para rostro y escote con filtros y pigmentos. Disponible en ApoDerma Store","robots":{"index":"index","follow":"follow","max-snippet":"max-snippet:-1","max-image-preview":"max-image-preview:large","max-video-preview":"max-video-preview:-1"},"canonical":"https:\/\/apoderma.com\/inicio\/producto\/eucerin-sun-anti-edad-con-color-medio-fps-50\/","og_locale":"es_ES","og_type":"article","og_title":"Eucerin Sun Anti-Edad Con Color Medio FPS 50 - Apo Derma Store","og_description":"Eucerin Sun Anti-edad con color FPS 50+. Protecci\u00f3n solar muy alta para rostro y escote con filtros y pigmentos. Disponible en ApoDerma Store","og_url":"https:\/\/apoderma.com\/inicio\/producto\/eucerin-sun-anti-edad-con-color-medio-fps-50\/","og_site_name":"Apo Derma Store","article_modified_time":"2025-04-12T21:17:34+00:00","og_image":[{"width":800,"height":800,"url":"https:\/\/apoderma.com\/inicio\/wp-content\/uploads\/2021\/04\/24050-1.png","type":"image\/png"}],"twitter_card":"summary_large_image","twitter_misc":{"Tiempo de lectura":"2 minutos"},"schema":{"@context":"https:\/\/schema.org","@graph":[{"@type":"WebPage","@id":"https:\/\/apoderma.com\/inicio\/producto\/eucerin-sun-anti-edad-con-color-medio-fps-50\/","url":"https:\/\/apoderma.com\/inicio\/producto\/eucerin-sun-anti-edad-con-color-medio-fps-50\/","name":"Eucerin Sun Anti-Edad Con Color Medio FPS 50 - Apo Derma Store","isPartOf":{"@id":"https:\/\/apoderma.com\/inicio\/#website"},"primaryImageOfPage":{"@id":"https:\/\/apoderma.com\/inicio\/producto\/eucerin-sun-anti-edad-con-color-medio-fps-50\/#primaryimage"},"image":{"@id":"https:\/\/apoderma.com\/inicio\/producto\/eucerin-sun-anti-edad-con-color-medio-fps-50\/#primaryimage"},"thumbnailUrl":"https:\/\/apoderma.com\/inicio\/wp-content\/uploads\/2021\/04\/24050-1.png","datePublished":"2021-04-23T16:42:50+00:00","dateModified":"2025-04-12T21:17:34+00:00","description":"Eucerin Sun Anti-edad con color FPS 50+. Protecci\u00f3n solar muy alta para rostro y escote con filtros y pigmentos. Disponible en ApoDerma Store","breadcrumb":{"@id":"https:\/\/apoderma.com\/inicio\/producto\/eucerin-sun-anti-edad-con-color-medio-fps-50\/#breadcrumb"},"inLanguage":"es","potentialAction":[{"@type":"ReadAction","target":["https:\/\/apoderma.com\/inicio\/producto\/eucerin-sun-anti-edad-con-color-medio-fps-50\/"]}]},{"@type":"ImageObject","inLanguage":"es","@id":"https:\/\/apoderma.com\/inicio\/producto\/eucerin-sun-anti-edad-con-color-medio-fps-50\/#primaryimage","url":"https:\/\/apoderma.com\/inicio\/wp-content\/uploads\/2021\/04\/24050-1.png","contentUrl":"https:\/\/apoderma.com\/inicio\/wp-content\/uploads\/2021\/04\/24050-1.png","width":800,"height":800,"caption":"Eucerin Control edad con color medio"},{"@type":"BreadcrumbList","@id":"https:\/\/apoderma.com\/inicio\/producto\/eucerin-sun-anti-edad-con-color-medio-fps-50\/#breadcrumb","itemListElement":[{"@type":"ListItem","position":1,"name":"Portada","item":"https:\/\/apoderma.com\/inicio\/"},{"@type":"ListItem","position":2,"name":"Tienda Dermocosm\u00e9tica","item":"https:\/\/apoderma.com\/inicio\/tienda-dermocosmetica\/"},{"@type":"ListItem","position":3,"name":"Eucerin Sun Anti-Edad Con Color Medio FPS 50"}]},{"@type":"WebSite","@id":"https:\/\/apoderma.com\/inicio\/#website","url":"https:\/\/apoderma.com\/inicio\/","name":"Apo Derma Store","description":"Venta de productos cosm\u00e9ticos","potentialAction":[{"@type":"SearchAction","target":{"@type":"EntryPoint","urlTemplate":"https:\/\/apoderma.com\/inicio\/?s={search_term_string}"},"query-input":{"@type":"PropertyValueSpecification","valueRequired":true,"valueName":"search_term_string"}}],"inLanguage":"es"}]}},"_links":{"self":[{"href":"https:\/\/apoderma.com\/inicio\/wp-json\/wp\/v2\/product\/28260","targetHints":{"allow":["GET"]}}],"collection":[{"href":"https:\/\/apoderma.com\/inicio\/wp-json\/wp\/v2\/product"}],"about":[{"href":"https:\/\/apoderma.com\/inicio\/wp-json\/wp\/v2\/types\/product"}],"wp:featuredmedia":[{"embeddable":true,"href":"https:\/\/apoderma.com\/inicio\/wp-json\/wp\/v2\/media\/39016"}],"wp:attachment":[{"href":"https:\/\/apoderma.com\/inicio\/wp-json\/wp\/v2\/media?parent=28260"}],"wp:term":[{"taxonomy":"product_cat","embeddable":true,"href":"https:\/\/apoderma.com\/inicio\/wp-json\/wp\/v2\/product_cat?post=28260"},{"taxonomy":"product_tag","embeddable":true,"href":"https:\/\/apoderma.com\/inicio\/wp-json\/wp\/v2\/product_tag?post=28260"}],"curies":[{"name":"wp","href":"https:\/\/api.w.org\/{rel}","templated":true}]}}