{"id":26822,"date":"2021-03-23T14:59:05","date_gmt":"2021-03-23T20:59:05","guid":{"rendered":"https:\/\/apoderma.com\/inicio\/?post_type=product&#038;p=26822"},"modified":"2025-04-12T15:23:29","modified_gmt":"2025-04-12T21:23:29","slug":"locion-micelar-400-ml","status":"publish","type":"product","link":"https:\/\/apoderma.com\/inicio\/producto\/locion-micelar-400-ml\/","title":{"rendered":"Loci\u00f3n Micelar 400 mL"},"content":{"rendered":"<ul>\n<li><a href=\"https:\/\/www.eau-thermale-avene.es\/locion-micelar\">La Loci\u00f3n micelar de Av\u00e8ne<\/a> limpia y elimina el maquillaje (incluso part\u00edculas de contaminaci\u00f3n y maquillaje intenso y resistente al agua)<\/li>\n<li>Relaja cara, ojos y labios en un solo paso.<\/li>\n<li>Ofrece suavidad y frescor en un paso r\u00e1pido y sencillo.<\/li>\n<li>Eficaz con maquillajes resistentes al agua y part\u00edculas de contaminaci\u00f3n.<\/li>\n<li>Propiedades calmantes naturales del Agua termal de Av\u00e8ne<\/li>\n<li>Suave acci\u00f3n emoliente del agente limpiador (biomim\u00e9tica del film hidrolip\u00eddico)<\/li>\n<li>Hidrataci\u00f3n mejorada* a trav\u00e9s de la retenci\u00f3n de agua en la superficie de la piel.<\/li>\n<\/ul>\n<h3>Composici\u00f3n:<\/h3>\n<ul>\n<li style=\"list-style-type: none;\">\n<ul>\n<li>F\u00f3rmula de DOBLE ACCI\u00d3N con acci\u00f3n DESMAQUILLANTE e HIDRATANTE* mejorada<\/li>\n<li>Con agentes limpiadores micelares extra suaves que capturan las impurezas sin resecar la piel.<\/li>\n<li>Perfume sutil y delicado<\/li>\n<li>Pocos ingredientes (sin parabenos ni alcohol)<\/li>\n<\/ul>\n<\/li>\n<\/ul>\n<p>*Capas superiores de la piel.<\/p>\n<h3><strong>Modo de uso:<\/strong><\/h3>\n<ol>\n<li>Aplicar con la ayuda de un algod\u00f3n sobre la cara, los ojos y los labios.<\/li>\n<li>La loci\u00f3n Micelar limpiadora y desmaquillante no necesita aclarado.<\/li>\n<li>Puedes complementar tu cuidado con <strong><span style=\"color: #60268b;\"><a style=\"color: #60268b;\" href=\"https:\/\/apoderma.com\/inicio\/categoria-producto\/rostro\/hidratacion\/\">Hidratantes faciales<\/a><\/span><\/strong> de acuerdo con tu condici\u00f3n.<\/li>\n<\/ol>\n","protected":false},"excerpt":{"rendered":"<p>Limpia y elimina el maquillaje (incluso part\u00edculas de contaminaci\u00f3n y maquillaje intenso y resistente al&hellip;<\/p>\n","protected":false},"featured_media":30493,"template":"","meta":{"_glsr_average":0,"_glsr_ranking":0,"_glsr_reviews":0},"product_cat":[90,94,89],"product_tag":[162,121,124],"class_list":{"0":"post-26822","1":"product","2":"type-product","3":"status-publish","4":"has-post-thumbnail","6":"product_brand-avene","7":"product_cat-limpieza","8":"product_cat-piel-sensible","9":"product_cat-rostro","10":"product_tag-higiene","11":"product_tag-limpieza","12":"product_tag-piel-sensible","14":"first","15":"instock","16":"taxable","17":"shipping-taxable","18":"purchasable","19":"product-type-simple","20":"thumb-no-effect","21":"prod-rating-on"},"yoast_head":"<!-- This site is optimized with the Yoast SEO plugin v25.3.1 - https:\/\/yoast.com\/wordpress\/plugins\/seo\/ -->\n<title>Loci\u00f3n Micelar 400 mL - Apo Derma Store<\/title>\n<meta name=\"description\" content=\"Loci\u00f3n Micelar limpia impurezas y maquillaje de forma efectiva sin da\u00f1ar la piel, especial para piel sensible. Disponible en ApoDerma Store.\" \/>\n<meta name=\"robots\" content=\"index, follow, max-snippet:-1, max-image-preview:large, max-video-preview:-1\" \/>\n<link rel=\"canonical\" href=\"https:\/\/apoderma.com\/inicio\/producto\/locion-micelar-400-ml\/\" \/>\n<meta property=\"og:locale\" content=\"es_ES\" \/>\n<meta property=\"og:type\" content=\"article\" \/>\n<meta property=\"og:title\" content=\"Loci\u00f3n Micelar 400 mL - Apo Derma Store\" \/>\n<meta property=\"og:description\" content=\"Loci\u00f3n Micelar limpia impurezas y maquillaje de forma efectiva sin da\u00f1ar la piel, especial para piel sensible. Disponible en ApoDerma Store.\" \/>\n<meta property=\"og:url\" content=\"https:\/\/apoderma.com\/inicio\/producto\/locion-micelar-400-ml\/\" \/>\n<meta property=\"og:site_name\" content=\"Apo Derma Store\" \/>\n<meta property=\"article:modified_time\" content=\"2025-04-12T21:23:29+00:00\" \/>\n<meta property=\"og:image\" content=\"https:\/\/apoderma.com\/inicio\/wp-content\/uploads\/2021\/03\/30235.jpg\" \/>\n\t<meta property=\"og:image:width\" content=\"800\" \/>\n\t<meta property=\"og:image:height\" content=\"800\" \/>\n\t<meta property=\"og:image:type\" content=\"image\/jpeg\" \/>\n<meta name=\"twitter:card\" content=\"summary_large_image\" \/>\n<meta name=\"twitter:label1\" content=\"Tiempo de lectura\" \/>\n\t<meta name=\"twitter:data1\" content=\"1 minuto\" \/>\n<script type=\"application\/ld+json\" class=\"yoast-schema-graph\">{\"@context\":\"https:\/\/schema.org\",\"@graph\":[{\"@type\":\"WebPage\",\"@id\":\"https:\/\/apoderma.com\/inicio\/producto\/locion-micelar-400-ml\/\",\"url\":\"https:\/\/apoderma.com\/inicio\/producto\/locion-micelar-400-ml\/\",\"name\":\"Loci\u00f3n Micelar 400 mL - Apo Derma Store\",\"isPartOf\":{\"@id\":\"https:\/\/apoderma.com\/inicio\/#website\"},\"primaryImageOfPage\":{\"@id\":\"https:\/\/apoderma.com\/inicio\/producto\/locion-micelar-400-ml\/#primaryimage\"},\"image\":{\"@id\":\"https:\/\/apoderma.com\/inicio\/producto\/locion-micelar-400-ml\/#primaryimage\"},\"thumbnailUrl\":\"https:\/\/apoderma.com\/inicio\/wp-content\/uploads\/2021\/03\/30235.jpg\",\"datePublished\":\"2021-03-23T20:59:05+00:00\",\"dateModified\":\"2025-04-12T21:23:29+00:00\",\"description\":\"Loci\u00f3n Micelar limpia impurezas y maquillaje de forma efectiva sin da\u00f1ar la piel, especial para piel sensible. Disponible en ApoDerma Store.\",\"breadcrumb\":{\"@id\":\"https:\/\/apoderma.com\/inicio\/producto\/locion-micelar-400-ml\/#breadcrumb\"},\"inLanguage\":\"es\",\"potentialAction\":[{\"@type\":\"ReadAction\",\"target\":[\"https:\/\/apoderma.com\/inicio\/producto\/locion-micelar-400-ml\/\"]}]},{\"@type\":\"ImageObject\",\"inLanguage\":\"es\",\"@id\":\"https:\/\/apoderma.com\/inicio\/producto\/locion-micelar-400-ml\/#primaryimage\",\"url\":\"https:\/\/apoderma.com\/inicio\/wp-content\/uploads\/2021\/03\/30235.jpg\",\"contentUrl\":\"https:\/\/apoderma.com\/inicio\/wp-content\/uploads\/2021\/03\/30235.jpg\",\"width\":800,\"height\":800,\"caption\":\"Locion micelar\"},{\"@type\":\"BreadcrumbList\",\"@id\":\"https:\/\/apoderma.com\/inicio\/producto\/locion-micelar-400-ml\/#breadcrumb\",\"itemListElement\":[{\"@type\":\"ListItem\",\"position\":1,\"name\":\"Portada\",\"item\":\"https:\/\/apoderma.com\/inicio\/\"},{\"@type\":\"ListItem\",\"position\":2,\"name\":\"Tienda Dermocosm\u00e9tica\",\"item\":\"https:\/\/apoderma.com\/inicio\/tienda-dermocosmetica\/\"},{\"@type\":\"ListItem\",\"position\":3,\"name\":\"Loci\u00f3n Micelar 400 mL\"}]},{\"@type\":\"WebSite\",\"@id\":\"https:\/\/apoderma.com\/inicio\/#website\",\"url\":\"https:\/\/apoderma.com\/inicio\/\",\"name\":\"Apo Derma Store\",\"description\":\"Venta de productos cosm\u00e9ticos\",\"potentialAction\":[{\"@type\":\"SearchAction\",\"target\":{\"@type\":\"EntryPoint\",\"urlTemplate\":\"https:\/\/apoderma.com\/inicio\/?s={search_term_string}\"},\"query-input\":{\"@type\":\"PropertyValueSpecification\",\"valueRequired\":true,\"valueName\":\"search_term_string\"}}],\"inLanguage\":\"es\"}]}<\/script>\n<!-- \/ Yoast SEO plugin. -->","yoast_head_json":{"title":"Loci\u00f3n Micelar 400 mL - Apo Derma Store","description":"Loci\u00f3n Micelar limpia impurezas y maquillaje de forma efectiva sin da\u00f1ar la piel, especial para piel sensible. Disponible en ApoDerma Store.","robots":{"index":"index","follow":"follow","max-snippet":"max-snippet:-1","max-image-preview":"max-image-preview:large","max-video-preview":"max-video-preview:-1"},"canonical":"https:\/\/apoderma.com\/inicio\/producto\/locion-micelar-400-ml\/","og_locale":"es_ES","og_type":"article","og_title":"Loci\u00f3n Micelar 400 mL - Apo Derma Store","og_description":"Loci\u00f3n Micelar limpia impurezas y maquillaje de forma efectiva sin da\u00f1ar la piel, especial para piel sensible. Disponible en ApoDerma Store.","og_url":"https:\/\/apoderma.com\/inicio\/producto\/locion-micelar-400-ml\/","og_site_name":"Apo Derma Store","article_modified_time":"2025-04-12T21:23:29+00:00","og_image":[{"width":800,"height":800,"url":"https:\/\/apoderma.com\/inicio\/wp-content\/uploads\/2021\/03\/30235.jpg","type":"image\/jpeg"}],"twitter_card":"summary_large_image","twitter_misc":{"Tiempo de lectura":"1 minuto"},"schema":{"@context":"https:\/\/schema.org","@graph":[{"@type":"WebPage","@id":"https:\/\/apoderma.com\/inicio\/producto\/locion-micelar-400-ml\/","url":"https:\/\/apoderma.com\/inicio\/producto\/locion-micelar-400-ml\/","name":"Loci\u00f3n Micelar 400 mL - Apo Derma Store","isPartOf":{"@id":"https:\/\/apoderma.com\/inicio\/#website"},"primaryImageOfPage":{"@id":"https:\/\/apoderma.com\/inicio\/producto\/locion-micelar-400-ml\/#primaryimage"},"image":{"@id":"https:\/\/apoderma.com\/inicio\/producto\/locion-micelar-400-ml\/#primaryimage"},"thumbnailUrl":"https:\/\/apoderma.com\/inicio\/wp-content\/uploads\/2021\/03\/30235.jpg","datePublished":"2021-03-23T20:59:05+00:00","dateModified":"2025-04-12T21:23:29+00:00","description":"Loci\u00f3n Micelar limpia impurezas y maquillaje de forma efectiva sin da\u00f1ar la piel, especial para piel sensible. Disponible en ApoDerma Store.","breadcrumb":{"@id":"https:\/\/apoderma.com\/inicio\/producto\/locion-micelar-400-ml\/#breadcrumb"},"inLanguage":"es","potentialAction":[{"@type":"ReadAction","target":["https:\/\/apoderma.com\/inicio\/producto\/locion-micelar-400-ml\/"]}]},{"@type":"ImageObject","inLanguage":"es","@id":"https:\/\/apoderma.com\/inicio\/producto\/locion-micelar-400-ml\/#primaryimage","url":"https:\/\/apoderma.com\/inicio\/wp-content\/uploads\/2021\/03\/30235.jpg","contentUrl":"https:\/\/apoderma.com\/inicio\/wp-content\/uploads\/2021\/03\/30235.jpg","width":800,"height":800,"caption":"Locion micelar"},{"@type":"BreadcrumbList","@id":"https:\/\/apoderma.com\/inicio\/producto\/locion-micelar-400-ml\/#breadcrumb","itemListElement":[{"@type":"ListItem","position":1,"name":"Portada","item":"https:\/\/apoderma.com\/inicio\/"},{"@type":"ListItem","position":2,"name":"Tienda Dermocosm\u00e9tica","item":"https:\/\/apoderma.com\/inicio\/tienda-dermocosmetica\/"},{"@type":"ListItem","position":3,"name":"Loci\u00f3n Micelar 400 mL"}]},{"@type":"WebSite","@id":"https:\/\/apoderma.com\/inicio\/#website","url":"https:\/\/apoderma.com\/inicio\/","name":"Apo Derma Store","description":"Venta de productos cosm\u00e9ticos","potentialAction":[{"@type":"SearchAction","target":{"@type":"EntryPoint","urlTemplate":"https:\/\/apoderma.com\/inicio\/?s={search_term_string}"},"query-input":{"@type":"PropertyValueSpecification","valueRequired":true,"valueName":"search_term_string"}}],"inLanguage":"es"}]}},"_links":{"self":[{"href":"https:\/\/apoderma.com\/inicio\/wp-json\/wp\/v2\/product\/26822","targetHints":{"allow":["GET"]}}],"collection":[{"href":"https:\/\/apoderma.com\/inicio\/wp-json\/wp\/v2\/product"}],"about":[{"href":"https:\/\/apoderma.com\/inicio\/wp-json\/wp\/v2\/types\/product"}],"wp:featuredmedia":[{"embeddable":true,"href":"https:\/\/apoderma.com\/inicio\/wp-json\/wp\/v2\/media\/30493"}],"wp:attachment":[{"href":"https:\/\/apoderma.com\/inicio\/wp-json\/wp\/v2\/media?parent=26822"}],"wp:term":[{"taxonomy":"product_cat","embeddable":true,"href":"https:\/\/apoderma.com\/inicio\/wp-json\/wp\/v2\/product_cat?post=26822"},{"taxonomy":"product_tag","embeddable":true,"href":"https:\/\/apoderma.com\/inicio\/wp-json\/wp\/v2\/product_tag?post=26822"}],"curies":[{"name":"wp","href":"https:\/\/api.w.org\/{rel}","templated":true}]}}