{"id":25814,"date":"2021-03-01T15:47:31","date_gmt":"2021-03-01T21:47:31","guid":{"rendered":"https:\/\/apoderma.com\/inicio\/?post_type=product&#038;p=25814"},"modified":"2025-04-12T15:29:11","modified_gmt":"2025-04-12T21:29:11","slug":"roseliane-crema-anti-rojeces-40-ml","status":"publish","type":"product","link":"https:\/\/apoderma.com\/inicio\/producto\/roseliane-crema-anti-rojeces-40-ml\/","title":{"rendered":"Roseliane Crema Anti rojeces 40 mL"},"content":{"rendered":"<h3>Especificaciones<\/h3>\n<ul>\n<li><a href=\"https:\/\/www.uriage.com\/ES\/es\/productos\/roseliane-creme-anti-rougeurs\">Roseliane Crema anti rojeces de Uriage<\/a> es una crema untuosa, no grasa que limita los factores desencadenantes de la cuperosis\/ros\u00e1cea.<\/li>\n<li>Protege el sistema vascular de la piel y limita los factores agravantes.<\/li>\n<li>Desde el primer momento de su aplicaci\u00f3n, aporta una sensaci\u00f3n inmediata de bienestar y deja la piel suave, perfectamente hidratada y aliviada.<\/li>\n<li>Es hipoalerg\u00e9nico y no comedog\u00e9nico<\/li>\n<li>Recupera y refuerza la barrera cut\u00e1nea:\n<ul>\n<li>Proporciona a la piel hidrataci\u00f3n y bienestar inmediato y duradero, por su elevado contenido en Agua Termal de Uriage, con propiedades hidratantes y calmantes y por el Cerasterol-2F, que reestructura la barrera cut\u00e1nea de forma duradera,<\/li>\n<\/ul>\n<\/li>\n<li>Refuerza la pared vascular:\n<ul>\n<li>Los extractos de ginseng y de algas rojas refuerzan la pared de los vasos sangu\u00edneos para limitar su aparici\u00f3n en la superficie de la piel.<\/li>\n<\/ul>\n<\/li>\n<li>Restaura y fortalece la barrera inmunitaria:\n<ul>\n<li>La asociaci\u00f3n del complejo TLR2-Regul y del complejo SK5R, (Specific-Kallikrein-5-Regulator), una nueva patente de los Laboratorios Dermatol\u00f3gicos de Uriage, regula la actividad de la Calicre\u00edna-5, la proteasa causante de la inflamaci\u00f3n y de problemas vasculares, para lograr un potente efecto calmante.<\/li>\n<\/ul>\n<\/li>\n<\/ul>\n<h3>Composici\u00f3n<\/h3>\n<ol>\n<li>Agua Termal de Uriage<\/li>\n<li>Cerasterol-2F<\/li>\n<li>Complejo SK5R<\/li>\n<li>Complejo TLR2-REGUL<\/li>\n<li>Asociaci\u00f3n de plantas<\/li>\n<li>Perlas verdes<\/li>\n<li>Glicerina<\/li>\n<li>Manteca de karit\u00e9<\/li>\n<\/ol>\n<div class=\"l-grid__item u-1\/1@large u-1\/2@medium\">\n<h3 class=\"c-content theme-royal\">Modo de uso:<\/h3>\n<\/div>\n<ol>\n<li>Aplicar diariamente en todo el rostro.<\/li>\n<li>Evitar el contorno de los ojos.<\/li>\n<li>Complementa tu cuidado con un <strong><a href=\"https:\/\/apoderma.com\/inicio\/categoria-producto\/rostro\/piel-sensible\/\">Fotoprotector para piel con Ros\u00e1cea<\/a><\/strong>.<\/li>\n<\/ol>\n","protected":false},"excerpt":{"rendered":"<p>Crema anti-rojeces Cuidado calmante para pieles sensibles con rojeces. Disponible compra mediante WhatsApp y pago&hellip;<\/p>\n","protected":false},"featured_media":25815,"template":"","meta":{"_glsr_average":0,"_glsr_ranking":0,"_glsr_reviews":0},"product_cat":[94],"product_tag":[118,124,188],"class_list":{"0":"post-25814","1":"product","2":"type-product","3":"status-publish","4":"has-post-thumbnail","6":"product_brand-uriage","7":"product_cat-piel-sensible","8":"product_tag-hidratacion","9":"product_tag-piel-sensible","10":"product_tag-rosacea","12":"first","13":"instock","14":"taxable","15":"shipping-taxable","16":"purchasable","17":"product-type-simple","18":"thumb-no-effect","19":"prod-rating-on"},"yoast_head":"<!-- This site is optimized with the Yoast SEO plugin v25.3.1 - https:\/\/yoast.com\/wordpress\/plugins\/seo\/ -->\n<title>Roseliane Crema Anti rojeces 40 mL - Apo Derma Store<\/title>\n<meta name=\"description\" content=\"Roseliane Crema Anti-rojeces es una crema untuosa y calmante para pieles sensibles con cuperosis o ros\u00e1cea. Disponible en ApoDerma Store\" \/>\n<meta name=\"robots\" content=\"index, follow, max-snippet:-1, max-image-preview:large, max-video-preview:-1\" \/>\n<link rel=\"canonical\" href=\"https:\/\/apoderma.com\/inicio\/producto\/roseliane-crema-anti-rojeces-40-ml\/\" \/>\n<meta property=\"og:locale\" content=\"es_ES\" \/>\n<meta property=\"og:type\" content=\"article\" \/>\n<meta property=\"og:title\" content=\"Roseliane Crema Anti rojeces 40 mL - Apo Derma Store\" \/>\n<meta property=\"og:description\" content=\"Roseliane Crema Anti-rojeces es una crema untuosa y calmante para pieles sensibles con cuperosis o ros\u00e1cea. Disponible en ApoDerma Store\" \/>\n<meta property=\"og:url\" content=\"https:\/\/apoderma.com\/inicio\/producto\/roseliane-crema-anti-rojeces-40-ml\/\" \/>\n<meta property=\"og:site_name\" content=\"Apo Derma Store\" \/>\n<meta property=\"article:modified_time\" content=\"2025-04-12T21:29:11+00:00\" \/>\n<meta property=\"og:image\" content=\"https:\/\/apoderma.com\/inicio\/wp-content\/uploads\/2021\/03\/50023.png\" \/>\n\t<meta property=\"og:image:width\" content=\"800\" \/>\n\t<meta property=\"og:image:height\" content=\"800\" \/>\n\t<meta property=\"og:image:type\" content=\"image\/png\" \/>\n<meta name=\"twitter:card\" content=\"summary_large_image\" \/>\n<meta name=\"twitter:label1\" content=\"Tiempo de lectura\" \/>\n\t<meta name=\"twitter:data1\" content=\"2 minutos\" \/>\n<script type=\"application\/ld+json\" class=\"yoast-schema-graph\">{\"@context\":\"https:\/\/schema.org\",\"@graph\":[{\"@type\":\"WebPage\",\"@id\":\"https:\/\/apoderma.com\/inicio\/producto\/roseliane-crema-anti-rojeces-40-ml\/\",\"url\":\"https:\/\/apoderma.com\/inicio\/producto\/roseliane-crema-anti-rojeces-40-ml\/\",\"name\":\"Roseliane Crema Anti rojeces 40 mL - Apo Derma Store\",\"isPartOf\":{\"@id\":\"https:\/\/apoderma.com\/inicio\/#website\"},\"primaryImageOfPage\":{\"@id\":\"https:\/\/apoderma.com\/inicio\/producto\/roseliane-crema-anti-rojeces-40-ml\/#primaryimage\"},\"image\":{\"@id\":\"https:\/\/apoderma.com\/inicio\/producto\/roseliane-crema-anti-rojeces-40-ml\/#primaryimage\"},\"thumbnailUrl\":\"https:\/\/apoderma.com\/inicio\/wp-content\/uploads\/2021\/03\/50023.png\",\"datePublished\":\"2021-03-01T21:47:31+00:00\",\"dateModified\":\"2025-04-12T21:29:11+00:00\",\"description\":\"Roseliane Crema Anti-rojeces es una crema untuosa y calmante para pieles sensibles con cuperosis o ros\u00e1cea. Disponible en ApoDerma Store\",\"breadcrumb\":{\"@id\":\"https:\/\/apoderma.com\/inicio\/producto\/roseliane-crema-anti-rojeces-40-ml\/#breadcrumb\"},\"inLanguage\":\"es\",\"potentialAction\":[{\"@type\":\"ReadAction\",\"target\":[\"https:\/\/apoderma.com\/inicio\/producto\/roseliane-crema-anti-rojeces-40-ml\/\"]}]},{\"@type\":\"ImageObject\",\"inLanguage\":\"es\",\"@id\":\"https:\/\/apoderma.com\/inicio\/producto\/roseliane-crema-anti-rojeces-40-ml\/#primaryimage\",\"url\":\"https:\/\/apoderma.com\/inicio\/wp-content\/uploads\/2021\/03\/50023.png\",\"contentUrl\":\"https:\/\/apoderma.com\/inicio\/wp-content\/uploads\/2021\/03\/50023.png\",\"width\":800,\"height\":800,\"caption\":\"roseliane crema anti rojeces\"},{\"@type\":\"BreadcrumbList\",\"@id\":\"https:\/\/apoderma.com\/inicio\/producto\/roseliane-crema-anti-rojeces-40-ml\/#breadcrumb\",\"itemListElement\":[{\"@type\":\"ListItem\",\"position\":1,\"name\":\"Portada\",\"item\":\"https:\/\/apoderma.com\/inicio\/\"},{\"@type\":\"ListItem\",\"position\":2,\"name\":\"Tienda Dermocosm\u00e9tica\",\"item\":\"https:\/\/apoderma.com\/inicio\/tienda-dermocosmetica\/\"},{\"@type\":\"ListItem\",\"position\":3,\"name\":\"Roseliane Crema Anti rojeces 40 mL\"}]},{\"@type\":\"WebSite\",\"@id\":\"https:\/\/apoderma.com\/inicio\/#website\",\"url\":\"https:\/\/apoderma.com\/inicio\/\",\"name\":\"Apo Derma Store\",\"description\":\"Venta de productos cosm\u00e9ticos\",\"potentialAction\":[{\"@type\":\"SearchAction\",\"target\":{\"@type\":\"EntryPoint\",\"urlTemplate\":\"https:\/\/apoderma.com\/inicio\/?s={search_term_string}\"},\"query-input\":{\"@type\":\"PropertyValueSpecification\",\"valueRequired\":true,\"valueName\":\"search_term_string\"}}],\"inLanguage\":\"es\"}]}<\/script>\n<!-- \/ Yoast SEO plugin. -->","yoast_head_json":{"title":"Roseliane Crema Anti rojeces 40 mL - Apo Derma Store","description":"Roseliane Crema Anti-rojeces es una crema untuosa y calmante para pieles sensibles con cuperosis o ros\u00e1cea. Disponible en ApoDerma Store","robots":{"index":"index","follow":"follow","max-snippet":"max-snippet:-1","max-image-preview":"max-image-preview:large","max-video-preview":"max-video-preview:-1"},"canonical":"https:\/\/apoderma.com\/inicio\/producto\/roseliane-crema-anti-rojeces-40-ml\/","og_locale":"es_ES","og_type":"article","og_title":"Roseliane Crema Anti rojeces 40 mL - Apo Derma Store","og_description":"Roseliane Crema Anti-rojeces es una crema untuosa y calmante para pieles sensibles con cuperosis o ros\u00e1cea. Disponible en ApoDerma Store","og_url":"https:\/\/apoderma.com\/inicio\/producto\/roseliane-crema-anti-rojeces-40-ml\/","og_site_name":"Apo Derma Store","article_modified_time":"2025-04-12T21:29:11+00:00","og_image":[{"width":800,"height":800,"url":"https:\/\/apoderma.com\/inicio\/wp-content\/uploads\/2021\/03\/50023.png","type":"image\/png"}],"twitter_card":"summary_large_image","twitter_misc":{"Tiempo de lectura":"2 minutos"},"schema":{"@context":"https:\/\/schema.org","@graph":[{"@type":"WebPage","@id":"https:\/\/apoderma.com\/inicio\/producto\/roseliane-crema-anti-rojeces-40-ml\/","url":"https:\/\/apoderma.com\/inicio\/producto\/roseliane-crema-anti-rojeces-40-ml\/","name":"Roseliane Crema Anti rojeces 40 mL - Apo Derma Store","isPartOf":{"@id":"https:\/\/apoderma.com\/inicio\/#website"},"primaryImageOfPage":{"@id":"https:\/\/apoderma.com\/inicio\/producto\/roseliane-crema-anti-rojeces-40-ml\/#primaryimage"},"image":{"@id":"https:\/\/apoderma.com\/inicio\/producto\/roseliane-crema-anti-rojeces-40-ml\/#primaryimage"},"thumbnailUrl":"https:\/\/apoderma.com\/inicio\/wp-content\/uploads\/2021\/03\/50023.png","datePublished":"2021-03-01T21:47:31+00:00","dateModified":"2025-04-12T21:29:11+00:00","description":"Roseliane Crema Anti-rojeces es una crema untuosa y calmante para pieles sensibles con cuperosis o ros\u00e1cea. Disponible en ApoDerma Store","breadcrumb":{"@id":"https:\/\/apoderma.com\/inicio\/producto\/roseliane-crema-anti-rojeces-40-ml\/#breadcrumb"},"inLanguage":"es","potentialAction":[{"@type":"ReadAction","target":["https:\/\/apoderma.com\/inicio\/producto\/roseliane-crema-anti-rojeces-40-ml\/"]}]},{"@type":"ImageObject","inLanguage":"es","@id":"https:\/\/apoderma.com\/inicio\/producto\/roseliane-crema-anti-rojeces-40-ml\/#primaryimage","url":"https:\/\/apoderma.com\/inicio\/wp-content\/uploads\/2021\/03\/50023.png","contentUrl":"https:\/\/apoderma.com\/inicio\/wp-content\/uploads\/2021\/03\/50023.png","width":800,"height":800,"caption":"roseliane crema anti rojeces"},{"@type":"BreadcrumbList","@id":"https:\/\/apoderma.com\/inicio\/producto\/roseliane-crema-anti-rojeces-40-ml\/#breadcrumb","itemListElement":[{"@type":"ListItem","position":1,"name":"Portada","item":"https:\/\/apoderma.com\/inicio\/"},{"@type":"ListItem","position":2,"name":"Tienda Dermocosm\u00e9tica","item":"https:\/\/apoderma.com\/inicio\/tienda-dermocosmetica\/"},{"@type":"ListItem","position":3,"name":"Roseliane Crema Anti rojeces 40 mL"}]},{"@type":"WebSite","@id":"https:\/\/apoderma.com\/inicio\/#website","url":"https:\/\/apoderma.com\/inicio\/","name":"Apo Derma Store","description":"Venta de productos cosm\u00e9ticos","potentialAction":[{"@type":"SearchAction","target":{"@type":"EntryPoint","urlTemplate":"https:\/\/apoderma.com\/inicio\/?s={search_term_string}"},"query-input":{"@type":"PropertyValueSpecification","valueRequired":true,"valueName":"search_term_string"}}],"inLanguage":"es"}]}},"_links":{"self":[{"href":"https:\/\/apoderma.com\/inicio\/wp-json\/wp\/v2\/product\/25814","targetHints":{"allow":["GET"]}}],"collection":[{"href":"https:\/\/apoderma.com\/inicio\/wp-json\/wp\/v2\/product"}],"about":[{"href":"https:\/\/apoderma.com\/inicio\/wp-json\/wp\/v2\/types\/product"}],"wp:featuredmedia":[{"embeddable":true,"href":"https:\/\/apoderma.com\/inicio\/wp-json\/wp\/v2\/media\/25815"}],"wp:attachment":[{"href":"https:\/\/apoderma.com\/inicio\/wp-json\/wp\/v2\/media?parent=25814"}],"wp:term":[{"taxonomy":"product_cat","embeddable":true,"href":"https:\/\/apoderma.com\/inicio\/wp-json\/wp\/v2\/product_cat?post=25814"},{"taxonomy":"product_tag","embeddable":true,"href":"https:\/\/apoderma.com\/inicio\/wp-json\/wp\/v2\/product_tag?post=25814"}],"curies":[{"name":"wp","href":"https:\/\/api.w.org\/{rel}","templated":true}]}}