{"id":25804,"date":"2021-03-01T14:18:06","date_gmt":"2021-03-01T20:18:06","guid":{"rendered":"https:\/\/apoderma.com\/inicio\/?post_type=product&#038;p=25804"},"modified":"2025-04-12T15:33:07","modified_gmt":"2025-04-12T21:33:07","slug":"hyseac-fluido-fps-50","status":"publish","type":"product","link":"https:\/\/apoderma.com\/inicio\/producto\/hyseac-fluido-fps-50\/","title":{"rendered":"Hys\u00e9ac Fluido FPS 50+"},"content":{"rendered":"<h3>Especificaciones<\/h3>\n<ul>\n<li><a href=\"https:\/\/www.uriage.com\/CR\/es\/productos\/hyseac-fluide-spf50\">Hys\u00e9ac Fluido FPS 50+ de Uriage<\/a> combina una eficaz protecci\u00f3n solar con una serie de propiedades muy adecuadas para las pieles mixtas a grasas.<\/li>\n<li>Proporciona una protecci\u00f3n muy alta contra las radiaciones UVA-UVB gracias a un nuevo complejo filtrante y sumamente eficaz que no contiene octocrileno.<\/li>\n<li>Presenta una textura no grasa ni pegajosa.<\/li>\n<li>Matifica:\n<ul>\n<li>Consigue un efecto matificante de larga duraci\u00f3n gracias al extracto de regaliz, que controla el exceso de grasa y previene as\u00ed la aparici\u00f3n de nuevas imperfecciones.<\/li>\n<\/ul>\n<\/li>\n<li>Hidrata:\n<ul>\n<li>Muy hidratante, por su contenido en agentes que limitan la deshidrataci\u00f3n.<\/li>\n<\/ul>\n<\/li>\n<\/ul>\n<h3>Composici\u00f3n<\/h3>\n<ol>\n<li>Agua Termal de Uriage<\/li>\n<li>Complejo filtrante contra las radiaciones UVA-UVB equilibrado<\/li>\n<li>Extracto de regaliz<\/li>\n<li>Agente matificante<\/li>\n<\/ol>\n<div class=\"l-grid__item u-1\/1@large u-1\/2@medium\">\n<h3 class=\"c-content theme-royal\">Modo de uso:<\/h3>\n<\/div>\n<ol>\n<li>Aplicar una dosis suficiente de forma homog\u00e9nea antes de la exposici\u00f3n al sol.<\/li>\n<li>Renovar cada dos horas.<\/li>\n<\/ol>\n","protected":false},"excerpt":{"rendered":"<p>Fluido con protecci\u00f3n solar muy alta para pieles grasas. Presentaci\u00f3n 50 mL Disponible compra mediante&hellip;<\/p>\n","protected":false},"featured_media":38651,"template":"","meta":{"_glsr_average":0,"_glsr_ranking":0,"_glsr_reviews":0},"product_cat":[96,95],"product_tag":[184,123,119],"class_list":{"0":"post-25804","1":"product","2":"type-product","3":"status-publish","4":"has-post-thumbnail","6":"product_brand-uriage","7":"product_cat-fotoproteccion","8":"product_cat-piel-grasa","9":"product_tag-efecto-matificante","10":"product_tag-piel-grasa","11":"product_tag-proteccion-solar","13":"first","14":"outofstock","15":"taxable","16":"shipping-taxable","17":"purchasable","18":"product-type-simple","19":"thumb-no-effect","20":"prod-rating-on"},"yoast_head":"<!-- This site is optimized with the Yoast SEO plugin v25.3.1 - https:\/\/yoast.com\/wordpress\/plugins\/seo\/ -->\n<title>Hys\u00e9ac Fluido FPS 50+ - Apo Derma Store<\/title>\n<meta name=\"description\" content=\"Hys\u00e9ac Fluido FPS 50+ de Uriage para pieles grasas combina la protecci\u00f3n solar muy alta con efecto matificante. Disponible en ApoDerma Store\" \/>\n<meta name=\"robots\" content=\"index, follow, max-snippet:-1, max-image-preview:large, max-video-preview:-1\" \/>\n<link rel=\"canonical\" href=\"https:\/\/apoderma.com\/inicio\/producto\/hyseac-fluido-fps-50\/\" \/>\n<meta property=\"og:locale\" content=\"es_ES\" \/>\n<meta property=\"og:type\" content=\"article\" \/>\n<meta property=\"og:title\" content=\"Hys\u00e9ac Fluido FPS 50+ - Apo Derma Store\" \/>\n<meta property=\"og:description\" content=\"Hys\u00e9ac Fluido FPS 50+ de Uriage para pieles grasas combina la protecci\u00f3n solar muy alta con efecto matificante. Disponible en ApoDerma Store\" \/>\n<meta property=\"og:url\" content=\"https:\/\/apoderma.com\/inicio\/producto\/hyseac-fluido-fps-50\/\" \/>\n<meta property=\"og:site_name\" content=\"Apo Derma Store\" \/>\n<meta property=\"article:modified_time\" content=\"2025-04-12T21:33:07+00:00\" \/>\n<meta property=\"og:image\" content=\"https:\/\/apoderma.com\/inicio\/wp-content\/uploads\/2021\/03\/50014.jpg\" \/>\n\t<meta property=\"og:image:width\" content=\"800\" \/>\n\t<meta property=\"og:image:height\" content=\"800\" \/>\n\t<meta property=\"og:image:type\" content=\"image\/jpeg\" \/>\n<meta name=\"twitter:card\" content=\"summary_large_image\" \/>\n<meta name=\"twitter:label1\" content=\"Tiempo de lectura\" \/>\n\t<meta name=\"twitter:data1\" content=\"1 minuto\" \/>\n<script type=\"application\/ld+json\" class=\"yoast-schema-graph\">{\"@context\":\"https:\/\/schema.org\",\"@graph\":[{\"@type\":\"WebPage\",\"@id\":\"https:\/\/apoderma.com\/inicio\/producto\/hyseac-fluido-fps-50\/\",\"url\":\"https:\/\/apoderma.com\/inicio\/producto\/hyseac-fluido-fps-50\/\",\"name\":\"Hys\u00e9ac Fluido FPS 50+ - Apo Derma Store\",\"isPartOf\":{\"@id\":\"https:\/\/apoderma.com\/inicio\/#website\"},\"primaryImageOfPage\":{\"@id\":\"https:\/\/apoderma.com\/inicio\/producto\/hyseac-fluido-fps-50\/#primaryimage\"},\"image\":{\"@id\":\"https:\/\/apoderma.com\/inicio\/producto\/hyseac-fluido-fps-50\/#primaryimage\"},\"thumbnailUrl\":\"https:\/\/apoderma.com\/inicio\/wp-content\/uploads\/2021\/03\/50014.jpg\",\"datePublished\":\"2021-03-01T20:18:06+00:00\",\"dateModified\":\"2025-04-12T21:33:07+00:00\",\"description\":\"Hys\u00e9ac Fluido FPS 50+ de Uriage para pieles grasas combina la protecci\u00f3n solar muy alta con efecto matificante. Disponible en ApoDerma Store\",\"breadcrumb\":{\"@id\":\"https:\/\/apoderma.com\/inicio\/producto\/hyseac-fluido-fps-50\/#breadcrumb\"},\"inLanguage\":\"es\",\"potentialAction\":[{\"@type\":\"ReadAction\",\"target\":[\"https:\/\/apoderma.com\/inicio\/producto\/hyseac-fluido-fps-50\/\"]}]},{\"@type\":\"ImageObject\",\"inLanguage\":\"es\",\"@id\":\"https:\/\/apoderma.com\/inicio\/producto\/hyseac-fluido-fps-50\/#primaryimage\",\"url\":\"https:\/\/apoderma.com\/inicio\/wp-content\/uploads\/2021\/03\/50014.jpg\",\"contentUrl\":\"https:\/\/apoderma.com\/inicio\/wp-content\/uploads\/2021\/03\/50014.jpg\",\"width\":800,\"height\":800,\"caption\":\"Hyseac Fluido\"},{\"@type\":\"BreadcrumbList\",\"@id\":\"https:\/\/apoderma.com\/inicio\/producto\/hyseac-fluido-fps-50\/#breadcrumb\",\"itemListElement\":[{\"@type\":\"ListItem\",\"position\":1,\"name\":\"Portada\",\"item\":\"https:\/\/apoderma.com\/inicio\/\"},{\"@type\":\"ListItem\",\"position\":2,\"name\":\"Tienda Dermocosm\u00e9tica\",\"item\":\"https:\/\/apoderma.com\/inicio\/tienda-dermocosmetica\/\"},{\"@type\":\"ListItem\",\"position\":3,\"name\":\"Hys\u00e9ac Fluido FPS 50+\"}]},{\"@type\":\"WebSite\",\"@id\":\"https:\/\/apoderma.com\/inicio\/#website\",\"url\":\"https:\/\/apoderma.com\/inicio\/\",\"name\":\"Apo Derma Store\",\"description\":\"Venta de productos cosm\u00e9ticos\",\"potentialAction\":[{\"@type\":\"SearchAction\",\"target\":{\"@type\":\"EntryPoint\",\"urlTemplate\":\"https:\/\/apoderma.com\/inicio\/?s={search_term_string}\"},\"query-input\":{\"@type\":\"PropertyValueSpecification\",\"valueRequired\":true,\"valueName\":\"search_term_string\"}}],\"inLanguage\":\"es\"}]}<\/script>\n<!-- \/ Yoast SEO plugin. -->","yoast_head_json":{"title":"Hys\u00e9ac Fluido FPS 50+ - Apo Derma Store","description":"Hys\u00e9ac Fluido FPS 50+ de Uriage para pieles grasas combina la protecci\u00f3n solar muy alta con efecto matificante. Disponible en ApoDerma Store","robots":{"index":"index","follow":"follow","max-snippet":"max-snippet:-1","max-image-preview":"max-image-preview:large","max-video-preview":"max-video-preview:-1"},"canonical":"https:\/\/apoderma.com\/inicio\/producto\/hyseac-fluido-fps-50\/","og_locale":"es_ES","og_type":"article","og_title":"Hys\u00e9ac Fluido FPS 50+ - Apo Derma Store","og_description":"Hys\u00e9ac Fluido FPS 50+ de Uriage para pieles grasas combina la protecci\u00f3n solar muy alta con efecto matificante. Disponible en ApoDerma Store","og_url":"https:\/\/apoderma.com\/inicio\/producto\/hyseac-fluido-fps-50\/","og_site_name":"Apo Derma Store","article_modified_time":"2025-04-12T21:33:07+00:00","og_image":[{"width":800,"height":800,"url":"https:\/\/apoderma.com\/inicio\/wp-content\/uploads\/2021\/03\/50014.jpg","type":"image\/jpeg"}],"twitter_card":"summary_large_image","twitter_misc":{"Tiempo de lectura":"1 minuto"},"schema":{"@context":"https:\/\/schema.org","@graph":[{"@type":"WebPage","@id":"https:\/\/apoderma.com\/inicio\/producto\/hyseac-fluido-fps-50\/","url":"https:\/\/apoderma.com\/inicio\/producto\/hyseac-fluido-fps-50\/","name":"Hys\u00e9ac Fluido FPS 50+ - Apo Derma Store","isPartOf":{"@id":"https:\/\/apoderma.com\/inicio\/#website"},"primaryImageOfPage":{"@id":"https:\/\/apoderma.com\/inicio\/producto\/hyseac-fluido-fps-50\/#primaryimage"},"image":{"@id":"https:\/\/apoderma.com\/inicio\/producto\/hyseac-fluido-fps-50\/#primaryimage"},"thumbnailUrl":"https:\/\/apoderma.com\/inicio\/wp-content\/uploads\/2021\/03\/50014.jpg","datePublished":"2021-03-01T20:18:06+00:00","dateModified":"2025-04-12T21:33:07+00:00","description":"Hys\u00e9ac Fluido FPS 50+ de Uriage para pieles grasas combina la protecci\u00f3n solar muy alta con efecto matificante. Disponible en ApoDerma Store","breadcrumb":{"@id":"https:\/\/apoderma.com\/inicio\/producto\/hyseac-fluido-fps-50\/#breadcrumb"},"inLanguage":"es","potentialAction":[{"@type":"ReadAction","target":["https:\/\/apoderma.com\/inicio\/producto\/hyseac-fluido-fps-50\/"]}]},{"@type":"ImageObject","inLanguage":"es","@id":"https:\/\/apoderma.com\/inicio\/producto\/hyseac-fluido-fps-50\/#primaryimage","url":"https:\/\/apoderma.com\/inicio\/wp-content\/uploads\/2021\/03\/50014.jpg","contentUrl":"https:\/\/apoderma.com\/inicio\/wp-content\/uploads\/2021\/03\/50014.jpg","width":800,"height":800,"caption":"Hyseac Fluido"},{"@type":"BreadcrumbList","@id":"https:\/\/apoderma.com\/inicio\/producto\/hyseac-fluido-fps-50\/#breadcrumb","itemListElement":[{"@type":"ListItem","position":1,"name":"Portada","item":"https:\/\/apoderma.com\/inicio\/"},{"@type":"ListItem","position":2,"name":"Tienda Dermocosm\u00e9tica","item":"https:\/\/apoderma.com\/inicio\/tienda-dermocosmetica\/"},{"@type":"ListItem","position":3,"name":"Hys\u00e9ac Fluido FPS 50+"}]},{"@type":"WebSite","@id":"https:\/\/apoderma.com\/inicio\/#website","url":"https:\/\/apoderma.com\/inicio\/","name":"Apo Derma Store","description":"Venta de productos cosm\u00e9ticos","potentialAction":[{"@type":"SearchAction","target":{"@type":"EntryPoint","urlTemplate":"https:\/\/apoderma.com\/inicio\/?s={search_term_string}"},"query-input":{"@type":"PropertyValueSpecification","valueRequired":true,"valueName":"search_term_string"}}],"inLanguage":"es"}]}},"_links":{"self":[{"href":"https:\/\/apoderma.com\/inicio\/wp-json\/wp\/v2\/product\/25804","targetHints":{"allow":["GET"]}}],"collection":[{"href":"https:\/\/apoderma.com\/inicio\/wp-json\/wp\/v2\/product"}],"about":[{"href":"https:\/\/apoderma.com\/inicio\/wp-json\/wp\/v2\/types\/product"}],"wp:featuredmedia":[{"embeddable":true,"href":"https:\/\/apoderma.com\/inicio\/wp-json\/wp\/v2\/media\/38651"}],"wp:attachment":[{"href":"https:\/\/apoderma.com\/inicio\/wp-json\/wp\/v2\/media?parent=25804"}],"wp:term":[{"taxonomy":"product_cat","embeddable":true,"href":"https:\/\/apoderma.com\/inicio\/wp-json\/wp\/v2\/product_cat?post=25804"},{"taxonomy":"product_tag","embeddable":true,"href":"https:\/\/apoderma.com\/inicio\/wp-json\/wp\/v2\/product_tag?post=25804"}],"curies":[{"name":"wp","href":"https:\/\/api.w.org\/{rel}","templated":true}]}}