{"id":25800,"date":"2021-03-01T13:57:49","date_gmt":"2021-03-01T19:57:49","guid":{"rendered":"https:\/\/apoderma.com\/inicio\/?post_type=product&#038;p=25800"},"modified":"2025-04-12T15:34:41","modified_gmt":"2025-04-12T21:34:41","slug":"hyseac-gel-limpiador-150-ml","status":"publish","type":"product","link":"https:\/\/apoderma.com\/inicio\/producto\/hyseac-gel-limpiador-150-ml\/","title":{"rendered":"Hys\u00e9ac Gel Limpiador 150 mL"},"content":{"rendered":"<h3>Especificaciones<\/h3>\n<ul>\n<li><a href=\"https:\/\/www.uriage.com\/ES\/es\/productos\/hyseac-gel-nettoyant\">Hys\u00e9ac Gel Limpiador de Uriage<\/a> es un gel Limpiador que elimina las impurezas y el exceso de grasa, al tiempo que respeta la epidermis. Se aclara f\u00e1cilmente y, en contacto con el agua, adquiere un suave aspecto espumoso.<\/li>\n<li>Con delicado perfume caracter\u00edstico de la gama Hys\u00e9ac, lo convierte en un producto muy agradable para el uso diario.<\/li>\n<li>La piel queda m\u00e1s limpia, m\u00e1s sana y m\u00e1s fresca<\/li>\n<li>Limpia:\n<ul>\n<li>Una limpieza ultrasuave sin jab\u00f3n y un sencillo aclarado con agua.<\/li>\n<\/ul>\n<\/li>\n<li>Purifica:\n<ul>\n<li>Con su f\u00f3rmula espec\u00edfica para las pieles mixtas o grasas, este gel elimina las impurezas y el exceso de grasa.<\/li>\n<\/ul>\n<\/li>\n<\/ul>\n<h3>Composici\u00f3n<\/h3>\n<ol>\n<li>Agua Termal de Uriage<\/li>\n<li>Base limpiadora sin jab\u00f3n<\/li>\n<li>Piroctona olamina<\/li>\n<li>Extracto de epilobio<\/li>\n<li>Glicocola<\/li>\n<\/ol>\n<div class=\"l-grid__item u-1\/1@large u-1\/2@medium\">\n<h3 class=\"c-content theme-royal\">Modo de uso:<\/h3>\n<\/div>\n<ol>\n<li>Mezclar en las manos una peque\u00f1a cantidad de gel con agua hasta formar espuma<\/li>\n<li>Aplicar a continuaci\u00f3n sobre el rostro y el cuerpo h\u00famedos.<\/li>\n<li>Aclarar con abundante agua.<\/li>\n<li>Utilizar ma\u00f1ana y noche.<\/li>\n<\/ol>\n","protected":false},"excerpt":{"rendered":"<p>Gel limpiador purificante para piel grasa. Elimina impurezas y el exceso de grasa. Disponible compra&hellip;<\/p>\n","protected":false},"featured_media":26176,"template":"","meta":{"_glsr_average":0,"_glsr_ranking":0,"_glsr_reviews":0},"product_cat":[108,109,90,95],"product_tag":[121,123],"class_list":{"0":"post-25800","1":"product","2":"type-product","3":"status-publish","4":"has-post-thumbnail","6":"product_brand-uriage","7":"product_cat-hombre","8":"product_cat-limpieza-hombre","9":"product_cat-limpieza","10":"product_cat-piel-grasa","11":"product_tag-limpieza","12":"product_tag-piel-grasa","14":"first","15":"outofstock","16":"taxable","17":"shipping-taxable","18":"purchasable","19":"product-type-simple","20":"thumb-no-effect","21":"prod-rating-on"},"yoast_head":"<!-- This site is optimized with the Yoast SEO plugin v25.3.1 - https:\/\/yoast.com\/wordpress\/plugins\/seo\/ -->\n<title>Hys\u00e9ac Gel Limpiador 150 mL - Apo Derma Store<\/title>\n<meta name=\"description\" content=\"Hys\u00e9ac Gel Limpiador de Uriage es un gel purificante para el cuidado de pieles grasas. Elimina impurezas y el exceso de grasa. Disponible en ApoDerma Store\" \/>\n<meta name=\"robots\" content=\"index, follow, max-snippet:-1, max-image-preview:large, max-video-preview:-1\" \/>\n<link rel=\"canonical\" href=\"https:\/\/apoderma.com\/inicio\/producto\/hyseac-gel-limpiador-150-ml\/\" \/>\n<meta property=\"og:locale\" content=\"es_ES\" \/>\n<meta property=\"og:type\" content=\"article\" \/>\n<meta property=\"og:title\" content=\"Hys\u00e9ac Gel Limpiador 150 mL - Apo Derma Store\" \/>\n<meta property=\"og:description\" content=\"Hys\u00e9ac Gel Limpiador de Uriage es un gel purificante para el cuidado de pieles grasas. Elimina impurezas y el exceso de grasa. Disponible en ApoDerma Store\" \/>\n<meta property=\"og:url\" content=\"https:\/\/apoderma.com\/inicio\/producto\/hyseac-gel-limpiador-150-ml\/\" \/>\n<meta property=\"og:site_name\" content=\"Apo Derma Store\" \/>\n<meta property=\"article:modified_time\" content=\"2025-04-12T21:34:41+00:00\" \/>\n<meta property=\"og:image\" content=\"https:\/\/apoderma.com\/inicio\/wp-content\/uploads\/2021\/03\/50040.jpg\" \/>\n\t<meta property=\"og:image:width\" content=\"800\" \/>\n\t<meta property=\"og:image:height\" content=\"800\" \/>\n\t<meta property=\"og:image:type\" content=\"image\/jpeg\" \/>\n<meta name=\"twitter:card\" content=\"summary_large_image\" \/>\n<meta name=\"twitter:label1\" content=\"Tiempo de lectura\" \/>\n\t<meta name=\"twitter:data1\" content=\"1 minuto\" \/>\n<script type=\"application\/ld+json\" class=\"yoast-schema-graph\">{\"@context\":\"https:\/\/schema.org\",\"@graph\":[{\"@type\":\"WebPage\",\"@id\":\"https:\/\/apoderma.com\/inicio\/producto\/hyseac-gel-limpiador-150-ml\/\",\"url\":\"https:\/\/apoderma.com\/inicio\/producto\/hyseac-gel-limpiador-150-ml\/\",\"name\":\"Hys\u00e9ac Gel Limpiador 150 mL - Apo Derma Store\",\"isPartOf\":{\"@id\":\"https:\/\/apoderma.com\/inicio\/#website\"},\"primaryImageOfPage\":{\"@id\":\"https:\/\/apoderma.com\/inicio\/producto\/hyseac-gel-limpiador-150-ml\/#primaryimage\"},\"image\":{\"@id\":\"https:\/\/apoderma.com\/inicio\/producto\/hyseac-gel-limpiador-150-ml\/#primaryimage\"},\"thumbnailUrl\":\"https:\/\/apoderma.com\/inicio\/wp-content\/uploads\/2021\/03\/50040.jpg\",\"datePublished\":\"2021-03-01T19:57:49+00:00\",\"dateModified\":\"2025-04-12T21:34:41+00:00\",\"description\":\"Hys\u00e9ac Gel Limpiador de Uriage es un gel purificante para el cuidado de pieles grasas. Elimina impurezas y el exceso de grasa. Disponible en ApoDerma Store\",\"breadcrumb\":{\"@id\":\"https:\/\/apoderma.com\/inicio\/producto\/hyseac-gel-limpiador-150-ml\/#breadcrumb\"},\"inLanguage\":\"es\",\"potentialAction\":[{\"@type\":\"ReadAction\",\"target\":[\"https:\/\/apoderma.com\/inicio\/producto\/hyseac-gel-limpiador-150-ml\/\"]}]},{\"@type\":\"ImageObject\",\"inLanguage\":\"es\",\"@id\":\"https:\/\/apoderma.com\/inicio\/producto\/hyseac-gel-limpiador-150-ml\/#primaryimage\",\"url\":\"https:\/\/apoderma.com\/inicio\/wp-content\/uploads\/2021\/03\/50040.jpg\",\"contentUrl\":\"https:\/\/apoderma.com\/inicio\/wp-content\/uploads\/2021\/03\/50040.jpg\",\"width\":800,\"height\":800,\"caption\":\"Hyseac Gel\"},{\"@type\":\"BreadcrumbList\",\"@id\":\"https:\/\/apoderma.com\/inicio\/producto\/hyseac-gel-limpiador-150-ml\/#breadcrumb\",\"itemListElement\":[{\"@type\":\"ListItem\",\"position\":1,\"name\":\"Portada\",\"item\":\"https:\/\/apoderma.com\/inicio\/\"},{\"@type\":\"ListItem\",\"position\":2,\"name\":\"Tienda Dermocosm\u00e9tica\",\"item\":\"https:\/\/apoderma.com\/inicio\/tienda-dermocosmetica\/\"},{\"@type\":\"ListItem\",\"position\":3,\"name\":\"Hys\u00e9ac Gel Limpiador 150 mL\"}]},{\"@type\":\"WebSite\",\"@id\":\"https:\/\/apoderma.com\/inicio\/#website\",\"url\":\"https:\/\/apoderma.com\/inicio\/\",\"name\":\"Apo Derma Store\",\"description\":\"Venta de productos cosm\u00e9ticos\",\"potentialAction\":[{\"@type\":\"SearchAction\",\"target\":{\"@type\":\"EntryPoint\",\"urlTemplate\":\"https:\/\/apoderma.com\/inicio\/?s={search_term_string}\"},\"query-input\":{\"@type\":\"PropertyValueSpecification\",\"valueRequired\":true,\"valueName\":\"search_term_string\"}}],\"inLanguage\":\"es\"}]}<\/script>\n<!-- \/ Yoast SEO plugin. -->","yoast_head_json":{"title":"Hys\u00e9ac Gel Limpiador 150 mL - Apo Derma Store","description":"Hys\u00e9ac Gel Limpiador de Uriage es un gel purificante para el cuidado de pieles grasas. Elimina impurezas y el exceso de grasa. Disponible en ApoDerma Store","robots":{"index":"index","follow":"follow","max-snippet":"max-snippet:-1","max-image-preview":"max-image-preview:large","max-video-preview":"max-video-preview:-1"},"canonical":"https:\/\/apoderma.com\/inicio\/producto\/hyseac-gel-limpiador-150-ml\/","og_locale":"es_ES","og_type":"article","og_title":"Hys\u00e9ac Gel Limpiador 150 mL - Apo Derma Store","og_description":"Hys\u00e9ac Gel Limpiador de Uriage es un gel purificante para el cuidado de pieles grasas. Elimina impurezas y el exceso de grasa. Disponible en ApoDerma Store","og_url":"https:\/\/apoderma.com\/inicio\/producto\/hyseac-gel-limpiador-150-ml\/","og_site_name":"Apo Derma Store","article_modified_time":"2025-04-12T21:34:41+00:00","og_image":[{"width":800,"height":800,"url":"https:\/\/apoderma.com\/inicio\/wp-content\/uploads\/2021\/03\/50040.jpg","type":"image\/jpeg"}],"twitter_card":"summary_large_image","twitter_misc":{"Tiempo de lectura":"1 minuto"},"schema":{"@context":"https:\/\/schema.org","@graph":[{"@type":"WebPage","@id":"https:\/\/apoderma.com\/inicio\/producto\/hyseac-gel-limpiador-150-ml\/","url":"https:\/\/apoderma.com\/inicio\/producto\/hyseac-gel-limpiador-150-ml\/","name":"Hys\u00e9ac Gel Limpiador 150 mL - Apo Derma Store","isPartOf":{"@id":"https:\/\/apoderma.com\/inicio\/#website"},"primaryImageOfPage":{"@id":"https:\/\/apoderma.com\/inicio\/producto\/hyseac-gel-limpiador-150-ml\/#primaryimage"},"image":{"@id":"https:\/\/apoderma.com\/inicio\/producto\/hyseac-gel-limpiador-150-ml\/#primaryimage"},"thumbnailUrl":"https:\/\/apoderma.com\/inicio\/wp-content\/uploads\/2021\/03\/50040.jpg","datePublished":"2021-03-01T19:57:49+00:00","dateModified":"2025-04-12T21:34:41+00:00","description":"Hys\u00e9ac Gel Limpiador de Uriage es un gel purificante para el cuidado de pieles grasas. Elimina impurezas y el exceso de grasa. Disponible en ApoDerma Store","breadcrumb":{"@id":"https:\/\/apoderma.com\/inicio\/producto\/hyseac-gel-limpiador-150-ml\/#breadcrumb"},"inLanguage":"es","potentialAction":[{"@type":"ReadAction","target":["https:\/\/apoderma.com\/inicio\/producto\/hyseac-gel-limpiador-150-ml\/"]}]},{"@type":"ImageObject","inLanguage":"es","@id":"https:\/\/apoderma.com\/inicio\/producto\/hyseac-gel-limpiador-150-ml\/#primaryimage","url":"https:\/\/apoderma.com\/inicio\/wp-content\/uploads\/2021\/03\/50040.jpg","contentUrl":"https:\/\/apoderma.com\/inicio\/wp-content\/uploads\/2021\/03\/50040.jpg","width":800,"height":800,"caption":"Hyseac Gel"},{"@type":"BreadcrumbList","@id":"https:\/\/apoderma.com\/inicio\/producto\/hyseac-gel-limpiador-150-ml\/#breadcrumb","itemListElement":[{"@type":"ListItem","position":1,"name":"Portada","item":"https:\/\/apoderma.com\/inicio\/"},{"@type":"ListItem","position":2,"name":"Tienda Dermocosm\u00e9tica","item":"https:\/\/apoderma.com\/inicio\/tienda-dermocosmetica\/"},{"@type":"ListItem","position":3,"name":"Hys\u00e9ac Gel Limpiador 150 mL"}]},{"@type":"WebSite","@id":"https:\/\/apoderma.com\/inicio\/#website","url":"https:\/\/apoderma.com\/inicio\/","name":"Apo Derma Store","description":"Venta de productos cosm\u00e9ticos","potentialAction":[{"@type":"SearchAction","target":{"@type":"EntryPoint","urlTemplate":"https:\/\/apoderma.com\/inicio\/?s={search_term_string}"},"query-input":{"@type":"PropertyValueSpecification","valueRequired":true,"valueName":"search_term_string"}}],"inLanguage":"es"}]}},"_links":{"self":[{"href":"https:\/\/apoderma.com\/inicio\/wp-json\/wp\/v2\/product\/25800","targetHints":{"allow":["GET"]}}],"collection":[{"href":"https:\/\/apoderma.com\/inicio\/wp-json\/wp\/v2\/product"}],"about":[{"href":"https:\/\/apoderma.com\/inicio\/wp-json\/wp\/v2\/types\/product"}],"wp:featuredmedia":[{"embeddable":true,"href":"https:\/\/apoderma.com\/inicio\/wp-json\/wp\/v2\/media\/26176"}],"wp:attachment":[{"href":"https:\/\/apoderma.com\/inicio\/wp-json\/wp\/v2\/media?parent=25800"}],"wp:term":[{"taxonomy":"product_cat","embeddable":true,"href":"https:\/\/apoderma.com\/inicio\/wp-json\/wp\/v2\/product_cat?post=25800"},{"taxonomy":"product_tag","embeddable":true,"href":"https:\/\/apoderma.com\/inicio\/wp-json\/wp\/v2\/product_tag?post=25800"}],"curies":[{"name":"wp","href":"https:\/\/api.w.org\/{rel}","templated":true}]}}