{"id":25639,"date":"2021-02-25T15:21:34","date_gmt":"2021-02-25T21:21:34","guid":{"rendered":"https:\/\/apoderma.com\/inicio\/?post_type=product&#038;p=25639"},"modified":"2025-04-12T15:44:04","modified_gmt":"2025-04-12T21:44:04","slug":"ds-emulsion40-ml","status":"publish","type":"product","link":"https:\/\/apoderma.com\/inicio\/producto\/ds-emulsion40-ml\/","title":{"rendered":"DS Emulsi\u00f3n 40 mL"},"content":{"rendered":"<h3>Especificaciones<\/h3>\n<ul>\n<li><a href=\"https:\/\/www.uriage.com\/ES\/es\/productos\/d-s-emulsion\">DS Emulsi\u00f3n de Uriage<\/a> es un tratamiento id\u00f3neo para reducir las irritaciones, las escamas y las rojeces del rostro (aletas de la nariz, cejas, l\u00ednea de nacimiento del cabello) y del cuerpo.<\/li>\n<li>Gracias a su doble acci\u00f3n reguladora espec\u00edfica, esta soluci\u00f3n regenera la piel y alivia la sensaci\u00f3n de incomodidad y de tirantez, al tiempo que hidrata.<\/li>\n<li>Reduce escamas:\n<ul>\n<li>La responsable de la aparici\u00f3n de escamas e irritaciones es una levadura. Si se regula su proliferaci\u00f3n, las escamas desaparecen y el estado de la piel mejora.<\/li>\n<\/ul>\n<\/li>\n<li>Calma irritaciones:\n<ul>\n<li>La tecnolog\u00eda patentada TLR2-Regul se aplica espec\u00edficamente a las irritaciones causadas por la presencia de microorganismos.<\/li>\n<\/ul>\n<\/li>\n<li>Purifica:\n<ul>\n<li>Gracias a los agentes, la piel se purifica.<\/li>\n<\/ul>\n<\/li>\n<\/ul>\n<h3>Composici\u00f3n<\/h3>\n<ol>\n<li>Formulado con Agua Termal de Uriage, Complejo TLR2-Regul, Piroctona olamina, Glicerina, Manteca de karit\u00e9<\/li>\n<\/ol>\n<p>Hipoalerg\u00e9nico, sin jab\u00f3n y sin perfume<\/p>\n<div class=\"l-grid__item u-1\/1@large u-1\/2@medium\">\n<h3 class=\"c-content theme-royal\">Modo de uso:<\/h3>\n<\/div>\n<ol>\n<li>Aplicar una o dos veces al d\u00eda sobre la piel limpia.<\/li>\n<li>Puede utilizar previamente con D.S. Gel Limpiador.<\/li>\n<li>Evitar el contacto con los ojos.<\/li>\n<\/ol>\n","protected":false},"excerpt":{"rendered":"<p>Tratamiento regulador para el cuidado de pieles sensibles e irritadas. Disponible compra mediante WhatsApp y&hellip;<\/p>\n","protected":false},"featured_media":25642,"template":"","meta":{"_glsr_average":0,"_glsr_ranking":0,"_glsr_reviews":0},"product_cat":[91,94],"product_tag":[118,124],"class_list":{"0":"post-25639","1":"product","2":"type-product","3":"status-publish","4":"has-post-thumbnail","6":"product_brand-uriage","7":"product_cat-hidratacion","8":"product_cat-piel-sensible","9":"product_tag-hidratacion","10":"product_tag-piel-sensible","12":"first","13":"outofstock","14":"taxable","15":"shipping-taxable","16":"purchasable","17":"product-type-simple","18":"thumb-no-effect","19":"prod-rating-on"},"yoast_head":"<!-- This site is optimized with the Yoast SEO plugin v25.3.1 - https:\/\/yoast.com\/wordpress\/plugins\/seo\/ -->\n<title>DS Emulsi\u00f3n 40 mL - Apo Derma Store<\/title>\n<meta name=\"description\" content=\"DS Emulsi\u00f3n de Uriage reduce irritaciones, escamas y rojeces del rostro y cuerpo en piel sensible y reactiva. Disponible en ApoDerma Store\" \/>\n<meta name=\"robots\" content=\"index, follow, max-snippet:-1, max-image-preview:large, max-video-preview:-1\" \/>\n<link rel=\"canonical\" href=\"https:\/\/apoderma.com\/inicio\/producto\/ds-emulsion40-ml\/\" \/>\n<meta property=\"og:locale\" content=\"es_ES\" \/>\n<meta property=\"og:type\" content=\"article\" \/>\n<meta property=\"og:title\" content=\"DS Emulsi\u00f3n 40 mL - Apo Derma Store\" \/>\n<meta property=\"og:description\" content=\"DS Emulsi\u00f3n de Uriage reduce irritaciones, escamas y rojeces del rostro y cuerpo en piel sensible y reactiva. Disponible en ApoDerma Store\" \/>\n<meta property=\"og:url\" content=\"https:\/\/apoderma.com\/inicio\/producto\/ds-emulsion40-ml\/\" \/>\n<meta property=\"og:site_name\" content=\"Apo Derma Store\" \/>\n<meta property=\"article:modified_time\" content=\"2025-04-12T21:44:04+00:00\" \/>\n<meta property=\"og:image\" content=\"https:\/\/apoderma.com\/inicio\/wp-content\/uploads\/2021\/02\/50010.png\" \/>\n\t<meta property=\"og:image:width\" content=\"800\" \/>\n\t<meta property=\"og:image:height\" content=\"800\" \/>\n\t<meta property=\"og:image:type\" content=\"image\/png\" \/>\n<meta name=\"twitter:card\" content=\"summary_large_image\" \/>\n<meta name=\"twitter:label1\" content=\"Tiempo de lectura\" \/>\n\t<meta name=\"twitter:data1\" content=\"1 minuto\" \/>\n<script type=\"application\/ld+json\" class=\"yoast-schema-graph\">{\"@context\":\"https:\/\/schema.org\",\"@graph\":[{\"@type\":\"WebPage\",\"@id\":\"https:\/\/apoderma.com\/inicio\/producto\/ds-emulsion40-ml\/\",\"url\":\"https:\/\/apoderma.com\/inicio\/producto\/ds-emulsion40-ml\/\",\"name\":\"DS Emulsi\u00f3n 40 mL - Apo Derma Store\",\"isPartOf\":{\"@id\":\"https:\/\/apoderma.com\/inicio\/#website\"},\"primaryImageOfPage\":{\"@id\":\"https:\/\/apoderma.com\/inicio\/producto\/ds-emulsion40-ml\/#primaryimage\"},\"image\":{\"@id\":\"https:\/\/apoderma.com\/inicio\/producto\/ds-emulsion40-ml\/#primaryimage\"},\"thumbnailUrl\":\"https:\/\/apoderma.com\/inicio\/wp-content\/uploads\/2021\/02\/50010.png\",\"datePublished\":\"2021-02-25T21:21:34+00:00\",\"dateModified\":\"2025-04-12T21:44:04+00:00\",\"description\":\"DS Emulsi\u00f3n de Uriage reduce irritaciones, escamas y rojeces del rostro y cuerpo en piel sensible y reactiva. Disponible en ApoDerma Store\",\"breadcrumb\":{\"@id\":\"https:\/\/apoderma.com\/inicio\/producto\/ds-emulsion40-ml\/#breadcrumb\"},\"inLanguage\":\"es\",\"potentialAction\":[{\"@type\":\"ReadAction\",\"target\":[\"https:\/\/apoderma.com\/inicio\/producto\/ds-emulsion40-ml\/\"]}]},{\"@type\":\"ImageObject\",\"inLanguage\":\"es\",\"@id\":\"https:\/\/apoderma.com\/inicio\/producto\/ds-emulsion40-ml\/#primaryimage\",\"url\":\"https:\/\/apoderma.com\/inicio\/wp-content\/uploads\/2021\/02\/50010.png\",\"contentUrl\":\"https:\/\/apoderma.com\/inicio\/wp-content\/uploads\/2021\/02\/50010.png\",\"width\":800,\"height\":800,\"caption\":\"DS Emulsion\"},{\"@type\":\"BreadcrumbList\",\"@id\":\"https:\/\/apoderma.com\/inicio\/producto\/ds-emulsion40-ml\/#breadcrumb\",\"itemListElement\":[{\"@type\":\"ListItem\",\"position\":1,\"name\":\"Portada\",\"item\":\"https:\/\/apoderma.com\/inicio\/\"},{\"@type\":\"ListItem\",\"position\":2,\"name\":\"Tienda Dermocosm\u00e9tica\",\"item\":\"https:\/\/apoderma.com\/inicio\/tienda-dermocosmetica\/\"},{\"@type\":\"ListItem\",\"position\":3,\"name\":\"DS Emulsi\u00f3n 40 mL\"}]},{\"@type\":\"WebSite\",\"@id\":\"https:\/\/apoderma.com\/inicio\/#website\",\"url\":\"https:\/\/apoderma.com\/inicio\/\",\"name\":\"Apo Derma Store\",\"description\":\"Venta de productos cosm\u00e9ticos\",\"potentialAction\":[{\"@type\":\"SearchAction\",\"target\":{\"@type\":\"EntryPoint\",\"urlTemplate\":\"https:\/\/apoderma.com\/inicio\/?s={search_term_string}\"},\"query-input\":{\"@type\":\"PropertyValueSpecification\",\"valueRequired\":true,\"valueName\":\"search_term_string\"}}],\"inLanguage\":\"es\"}]}<\/script>\n<!-- \/ Yoast SEO plugin. -->","yoast_head_json":{"title":"DS Emulsi\u00f3n 40 mL - Apo Derma Store","description":"DS Emulsi\u00f3n de Uriage reduce irritaciones, escamas y rojeces del rostro y cuerpo en piel sensible y reactiva. Disponible en ApoDerma Store","robots":{"index":"index","follow":"follow","max-snippet":"max-snippet:-1","max-image-preview":"max-image-preview:large","max-video-preview":"max-video-preview:-1"},"canonical":"https:\/\/apoderma.com\/inicio\/producto\/ds-emulsion40-ml\/","og_locale":"es_ES","og_type":"article","og_title":"DS Emulsi\u00f3n 40 mL - Apo Derma Store","og_description":"DS Emulsi\u00f3n de Uriage reduce irritaciones, escamas y rojeces del rostro y cuerpo en piel sensible y reactiva. Disponible en ApoDerma Store","og_url":"https:\/\/apoderma.com\/inicio\/producto\/ds-emulsion40-ml\/","og_site_name":"Apo Derma Store","article_modified_time":"2025-04-12T21:44:04+00:00","og_image":[{"width":800,"height":800,"url":"https:\/\/apoderma.com\/inicio\/wp-content\/uploads\/2021\/02\/50010.png","type":"image\/png"}],"twitter_card":"summary_large_image","twitter_misc":{"Tiempo de lectura":"1 minuto"},"schema":{"@context":"https:\/\/schema.org","@graph":[{"@type":"WebPage","@id":"https:\/\/apoderma.com\/inicio\/producto\/ds-emulsion40-ml\/","url":"https:\/\/apoderma.com\/inicio\/producto\/ds-emulsion40-ml\/","name":"DS Emulsi\u00f3n 40 mL - Apo Derma Store","isPartOf":{"@id":"https:\/\/apoderma.com\/inicio\/#website"},"primaryImageOfPage":{"@id":"https:\/\/apoderma.com\/inicio\/producto\/ds-emulsion40-ml\/#primaryimage"},"image":{"@id":"https:\/\/apoderma.com\/inicio\/producto\/ds-emulsion40-ml\/#primaryimage"},"thumbnailUrl":"https:\/\/apoderma.com\/inicio\/wp-content\/uploads\/2021\/02\/50010.png","datePublished":"2021-02-25T21:21:34+00:00","dateModified":"2025-04-12T21:44:04+00:00","description":"DS Emulsi\u00f3n de Uriage reduce irritaciones, escamas y rojeces del rostro y cuerpo en piel sensible y reactiva. Disponible en ApoDerma Store","breadcrumb":{"@id":"https:\/\/apoderma.com\/inicio\/producto\/ds-emulsion40-ml\/#breadcrumb"},"inLanguage":"es","potentialAction":[{"@type":"ReadAction","target":["https:\/\/apoderma.com\/inicio\/producto\/ds-emulsion40-ml\/"]}]},{"@type":"ImageObject","inLanguage":"es","@id":"https:\/\/apoderma.com\/inicio\/producto\/ds-emulsion40-ml\/#primaryimage","url":"https:\/\/apoderma.com\/inicio\/wp-content\/uploads\/2021\/02\/50010.png","contentUrl":"https:\/\/apoderma.com\/inicio\/wp-content\/uploads\/2021\/02\/50010.png","width":800,"height":800,"caption":"DS Emulsion"},{"@type":"BreadcrumbList","@id":"https:\/\/apoderma.com\/inicio\/producto\/ds-emulsion40-ml\/#breadcrumb","itemListElement":[{"@type":"ListItem","position":1,"name":"Portada","item":"https:\/\/apoderma.com\/inicio\/"},{"@type":"ListItem","position":2,"name":"Tienda Dermocosm\u00e9tica","item":"https:\/\/apoderma.com\/inicio\/tienda-dermocosmetica\/"},{"@type":"ListItem","position":3,"name":"DS Emulsi\u00f3n 40 mL"}]},{"@type":"WebSite","@id":"https:\/\/apoderma.com\/inicio\/#website","url":"https:\/\/apoderma.com\/inicio\/","name":"Apo Derma Store","description":"Venta de productos cosm\u00e9ticos","potentialAction":[{"@type":"SearchAction","target":{"@type":"EntryPoint","urlTemplate":"https:\/\/apoderma.com\/inicio\/?s={search_term_string}"},"query-input":{"@type":"PropertyValueSpecification","valueRequired":true,"valueName":"search_term_string"}}],"inLanguage":"es"}]}},"_links":{"self":[{"href":"https:\/\/apoderma.com\/inicio\/wp-json\/wp\/v2\/product\/25639","targetHints":{"allow":["GET"]}}],"collection":[{"href":"https:\/\/apoderma.com\/inicio\/wp-json\/wp\/v2\/product"}],"about":[{"href":"https:\/\/apoderma.com\/inicio\/wp-json\/wp\/v2\/types\/product"}],"wp:featuredmedia":[{"embeddable":true,"href":"https:\/\/apoderma.com\/inicio\/wp-json\/wp\/v2\/media\/25642"}],"wp:attachment":[{"href":"https:\/\/apoderma.com\/inicio\/wp-json\/wp\/v2\/media?parent=25639"}],"wp:term":[{"taxonomy":"product_cat","embeddable":true,"href":"https:\/\/apoderma.com\/inicio\/wp-json\/wp\/v2\/product_cat?post=25639"},{"taxonomy":"product_tag","embeddable":true,"href":"https:\/\/apoderma.com\/inicio\/wp-json\/wp\/v2\/product_tag?post=25639"}],"curies":[{"name":"wp","href":"https:\/\/api.w.org\/{rel}","templated":true}]}}