{"id":25627,"date":"2021-02-25T13:01:42","date_gmt":"2021-02-25T19:01:42","guid":{"rendered":"https:\/\/apoderma.com\/inicio\/?post_type=product&#038;p=25627"},"modified":"2026-02-07T15:08:40","modified_gmt":"2026-02-07T21:08:40","slug":"ds-gel-limpiador-150-ml","status":"publish","type":"product","link":"https:\/\/apoderma.com\/inicio\/producto\/ds-gel-limpiador-150-ml\/","title":{"rendered":"DS Gel Limpiador 150 mL"},"content":{"rendered":"<h3>Especificaciones<\/h3>\n<ul>\n<li><a href=\"https:\/\/www.uriage.com\/ES\/es\/productos\/d-s-gel-nettoyant\">DS Gel Limpiador de Uriage<\/a> es un gel espumoso, de textura untuosa y extraordinariamente agradable.<\/li>\n<li>Ideal para Rostro, Cuerpo, Cuero cabelludo<\/li>\n<li>Para pieles sensibles e irritadas<\/li>\n<li>Suaviza y purifica la piel y proporciona una sensaci\u00f3n de bienestar gracias a su doble acci\u00f3n reguladora espec\u00edfica.<\/li>\n<li>Limpia:\n<ul>\n<li>Su base limpiadora ultrasuave retira la suciedad y elimina las impurezas sin secar la piel.<\/li>\n<\/ul>\n<\/li>\n<li>Calma irritaciones\n<ul>\n<li>Por primera vez en la historia de la dermocosm\u00e9tica, la tecnolog\u00eda patentada TLR2-Regul se aplica espec\u00edficamente a la sensaci\u00f3n de incomodidad provocada por la presencia de microorganismos.<\/li>\n<\/ul>\n<\/li>\n<li>Purifica:\n<ul>\n<li>Gracias a los agentes la piel se purifica.<\/li>\n<\/ul>\n<\/li>\n<\/ul>\n<h3>Composici\u00f3n<\/h3>\n<ol>\n<li>Formulado con Agua Termal de Uriage, Complejo patentado TLR2-Regul. Piroctona olamina, Tensioactivos suaves, Agente protector lip\u00eddico<\/li>\n<li>Hipoalerg\u00e9nico, sin jab\u00f3n y sin perfume<\/li>\n<\/ol>\n<div class=\"l-grid__item u-1\/1@large u-1\/2@medium\">\n<h3 class=\"c-content theme-royal\">Modo de uso:<\/h3>\n<\/div>\n<ol>\n<li>Sobre el cuero cabelludo: aplicar como champ\u00fa dos o tres veces por semana.<\/li>\n<li>Sobre el rostro y el cuerpo: aplicar en higiene diaria una o dos veces al d\u00eda. Aplicar sobre la piel h\u00fameda, masajear hasta crear espuma, dejar actuar unos instantes y aclarar con abundante agua.<\/li>\n<li>Evitar el contacto con los ojos.<\/li>\n<\/ol>\n","protected":false},"excerpt":{"rendered":"<p>Gel espumoso con funci\u00f3n reguladora para el cuidado de pieles sensibles e irritadas. &nbsp;<\/p>\n","protected":false},"featured_media":25633,"template":"","meta":{"_glsr_average":0,"_glsr_ranking":0,"_glsr_reviews":0},"product_cat":[97,99,90,94,89],"product_tag":[121,124],"class_list":{"0":"post-25627","1":"product","2":"type-product","3":"status-publish","4":"has-post-thumbnail","6":"product_brand-uriage","7":"product_cat-cuerpo","8":"product_cat-ducha-y-bano","9":"product_cat-limpieza","10":"product_cat-piel-sensible","11":"product_cat-rostro","12":"product_tag-limpieza","13":"product_tag-piel-sensible","15":"first","16":"instock","17":"taxable","18":"shipping-taxable","19":"purchasable","20":"product-type-simple","21":"thumb-no-effect","22":"prod-rating-on"},"yoast_head":"<!-- This site is optimized with the Yoast SEO plugin v25.3.1 - https:\/\/yoast.com\/wordpress\/plugins\/seo\/ -->\n<title>DS Gel Limpiador 150 mL - Apo Derma Store<\/title>\n<meta name=\"description\" content=\"DS Gel Limpiador de Uriage es un gel espumoso para el cuidado de pieles sensibles e irritadas. Disponible en ApoDerma Store\" \/>\n<meta name=\"robots\" content=\"index, follow, max-snippet:-1, max-image-preview:large, max-video-preview:-1\" \/>\n<link rel=\"canonical\" href=\"https:\/\/apoderma.com\/inicio\/producto\/ds-gel-limpiador-150-ml\/\" \/>\n<meta property=\"og:locale\" content=\"es_ES\" \/>\n<meta property=\"og:type\" content=\"article\" \/>\n<meta property=\"og:title\" content=\"DS Gel Limpiador 150 mL - Apo Derma Store\" \/>\n<meta property=\"og:description\" content=\"DS Gel Limpiador de Uriage es un gel espumoso para el cuidado de pieles sensibles e irritadas. Disponible en ApoDerma Store\" \/>\n<meta property=\"og:url\" content=\"https:\/\/apoderma.com\/inicio\/producto\/ds-gel-limpiador-150-ml\/\" \/>\n<meta property=\"og:site_name\" content=\"Apo Derma Store\" \/>\n<meta property=\"article:modified_time\" content=\"2026-02-07T21:08:40+00:00\" \/>\n<meta property=\"og:image\" content=\"https:\/\/apoderma.com\/inicio\/wp-content\/uploads\/2021\/02\/50011.png\" \/>\n\t<meta property=\"og:image:width\" content=\"800\" \/>\n\t<meta property=\"og:image:height\" content=\"800\" \/>\n\t<meta property=\"og:image:type\" content=\"image\/png\" \/>\n<meta name=\"twitter:card\" content=\"summary_large_image\" \/>\n<meta name=\"twitter:label1\" content=\"Tiempo de lectura\" \/>\n\t<meta name=\"twitter:data1\" content=\"2 minutos\" \/>\n<script type=\"application\/ld+json\" class=\"yoast-schema-graph\">{\"@context\":\"https:\/\/schema.org\",\"@graph\":[{\"@type\":\"WebPage\",\"@id\":\"https:\/\/apoderma.com\/inicio\/producto\/ds-gel-limpiador-150-ml\/\",\"url\":\"https:\/\/apoderma.com\/inicio\/producto\/ds-gel-limpiador-150-ml\/\",\"name\":\"DS Gel Limpiador 150 mL - Apo Derma Store\",\"isPartOf\":{\"@id\":\"https:\/\/apoderma.com\/inicio\/#website\"},\"primaryImageOfPage\":{\"@id\":\"https:\/\/apoderma.com\/inicio\/producto\/ds-gel-limpiador-150-ml\/#primaryimage\"},\"image\":{\"@id\":\"https:\/\/apoderma.com\/inicio\/producto\/ds-gel-limpiador-150-ml\/#primaryimage\"},\"thumbnailUrl\":\"https:\/\/apoderma.com\/inicio\/wp-content\/uploads\/2021\/02\/50011.png\",\"datePublished\":\"2021-02-25T19:01:42+00:00\",\"dateModified\":\"2026-02-07T21:08:40+00:00\",\"description\":\"DS Gel Limpiador de Uriage es un gel espumoso para el cuidado de pieles sensibles e irritadas. Disponible en ApoDerma Store\",\"breadcrumb\":{\"@id\":\"https:\/\/apoderma.com\/inicio\/producto\/ds-gel-limpiador-150-ml\/#breadcrumb\"},\"inLanguage\":\"es\",\"potentialAction\":[{\"@type\":\"ReadAction\",\"target\":[\"https:\/\/apoderma.com\/inicio\/producto\/ds-gel-limpiador-150-ml\/\"]}]},{\"@type\":\"ImageObject\",\"inLanguage\":\"es\",\"@id\":\"https:\/\/apoderma.com\/inicio\/producto\/ds-gel-limpiador-150-ml\/#primaryimage\",\"url\":\"https:\/\/apoderma.com\/inicio\/wp-content\/uploads\/2021\/02\/50011.png\",\"contentUrl\":\"https:\/\/apoderma.com\/inicio\/wp-content\/uploads\/2021\/02\/50011.png\",\"width\":800,\"height\":800,\"caption\":\"DS gel limpiador\"},{\"@type\":\"BreadcrumbList\",\"@id\":\"https:\/\/apoderma.com\/inicio\/producto\/ds-gel-limpiador-150-ml\/#breadcrumb\",\"itemListElement\":[{\"@type\":\"ListItem\",\"position\":1,\"name\":\"Portada\",\"item\":\"https:\/\/apoderma.com\/inicio\/\"},{\"@type\":\"ListItem\",\"position\":2,\"name\":\"Tienda Dermocosm\u00e9tica\",\"item\":\"https:\/\/apoderma.com\/inicio\/tienda-dermocosmetica\/\"},{\"@type\":\"ListItem\",\"position\":3,\"name\":\"DS Gel Limpiador 150 mL\"}]},{\"@type\":\"WebSite\",\"@id\":\"https:\/\/apoderma.com\/inicio\/#website\",\"url\":\"https:\/\/apoderma.com\/inicio\/\",\"name\":\"Apo Derma Store\",\"description\":\"Venta de productos cosm\u00e9ticos\",\"potentialAction\":[{\"@type\":\"SearchAction\",\"target\":{\"@type\":\"EntryPoint\",\"urlTemplate\":\"https:\/\/apoderma.com\/inicio\/?s={search_term_string}\"},\"query-input\":{\"@type\":\"PropertyValueSpecification\",\"valueRequired\":true,\"valueName\":\"search_term_string\"}}],\"inLanguage\":\"es\"}]}<\/script>\n<!-- \/ Yoast SEO plugin. -->","yoast_head_json":{"title":"DS Gel Limpiador 150 mL - Apo Derma Store","description":"DS Gel Limpiador de Uriage es un gel espumoso para el cuidado de pieles sensibles e irritadas. Disponible en ApoDerma Store","robots":{"index":"index","follow":"follow","max-snippet":"max-snippet:-1","max-image-preview":"max-image-preview:large","max-video-preview":"max-video-preview:-1"},"canonical":"https:\/\/apoderma.com\/inicio\/producto\/ds-gel-limpiador-150-ml\/","og_locale":"es_ES","og_type":"article","og_title":"DS Gel Limpiador 150 mL - Apo Derma Store","og_description":"DS Gel Limpiador de Uriage es un gel espumoso para el cuidado de pieles sensibles e irritadas. Disponible en ApoDerma Store","og_url":"https:\/\/apoderma.com\/inicio\/producto\/ds-gel-limpiador-150-ml\/","og_site_name":"Apo Derma Store","article_modified_time":"2026-02-07T21:08:40+00:00","og_image":[{"width":800,"height":800,"url":"https:\/\/apoderma.com\/inicio\/wp-content\/uploads\/2021\/02\/50011.png","type":"image\/png"}],"twitter_card":"summary_large_image","twitter_misc":{"Tiempo de lectura":"2 minutos"},"schema":{"@context":"https:\/\/schema.org","@graph":[{"@type":"WebPage","@id":"https:\/\/apoderma.com\/inicio\/producto\/ds-gel-limpiador-150-ml\/","url":"https:\/\/apoderma.com\/inicio\/producto\/ds-gel-limpiador-150-ml\/","name":"DS Gel Limpiador 150 mL - Apo Derma Store","isPartOf":{"@id":"https:\/\/apoderma.com\/inicio\/#website"},"primaryImageOfPage":{"@id":"https:\/\/apoderma.com\/inicio\/producto\/ds-gel-limpiador-150-ml\/#primaryimage"},"image":{"@id":"https:\/\/apoderma.com\/inicio\/producto\/ds-gel-limpiador-150-ml\/#primaryimage"},"thumbnailUrl":"https:\/\/apoderma.com\/inicio\/wp-content\/uploads\/2021\/02\/50011.png","datePublished":"2021-02-25T19:01:42+00:00","dateModified":"2026-02-07T21:08:40+00:00","description":"DS Gel Limpiador de Uriage es un gel espumoso para el cuidado de pieles sensibles e irritadas. Disponible en ApoDerma Store","breadcrumb":{"@id":"https:\/\/apoderma.com\/inicio\/producto\/ds-gel-limpiador-150-ml\/#breadcrumb"},"inLanguage":"es","potentialAction":[{"@type":"ReadAction","target":["https:\/\/apoderma.com\/inicio\/producto\/ds-gel-limpiador-150-ml\/"]}]},{"@type":"ImageObject","inLanguage":"es","@id":"https:\/\/apoderma.com\/inicio\/producto\/ds-gel-limpiador-150-ml\/#primaryimage","url":"https:\/\/apoderma.com\/inicio\/wp-content\/uploads\/2021\/02\/50011.png","contentUrl":"https:\/\/apoderma.com\/inicio\/wp-content\/uploads\/2021\/02\/50011.png","width":800,"height":800,"caption":"DS gel limpiador"},{"@type":"BreadcrumbList","@id":"https:\/\/apoderma.com\/inicio\/producto\/ds-gel-limpiador-150-ml\/#breadcrumb","itemListElement":[{"@type":"ListItem","position":1,"name":"Portada","item":"https:\/\/apoderma.com\/inicio\/"},{"@type":"ListItem","position":2,"name":"Tienda Dermocosm\u00e9tica","item":"https:\/\/apoderma.com\/inicio\/tienda-dermocosmetica\/"},{"@type":"ListItem","position":3,"name":"DS Gel Limpiador 150 mL"}]},{"@type":"WebSite","@id":"https:\/\/apoderma.com\/inicio\/#website","url":"https:\/\/apoderma.com\/inicio\/","name":"Apo Derma Store","description":"Venta de productos cosm\u00e9ticos","potentialAction":[{"@type":"SearchAction","target":{"@type":"EntryPoint","urlTemplate":"https:\/\/apoderma.com\/inicio\/?s={search_term_string}"},"query-input":{"@type":"PropertyValueSpecification","valueRequired":true,"valueName":"search_term_string"}}],"inLanguage":"es"}]}},"_links":{"self":[{"href":"https:\/\/apoderma.com\/inicio\/wp-json\/wp\/v2\/product\/25627","targetHints":{"allow":["GET"]}}],"collection":[{"href":"https:\/\/apoderma.com\/inicio\/wp-json\/wp\/v2\/product"}],"about":[{"href":"https:\/\/apoderma.com\/inicio\/wp-json\/wp\/v2\/types\/product"}],"wp:featuredmedia":[{"embeddable":true,"href":"https:\/\/apoderma.com\/inicio\/wp-json\/wp\/v2\/media\/25633"}],"wp:attachment":[{"href":"https:\/\/apoderma.com\/inicio\/wp-json\/wp\/v2\/media?parent=25627"}],"wp:term":[{"taxonomy":"product_cat","embeddable":true,"href":"https:\/\/apoderma.com\/inicio\/wp-json\/wp\/v2\/product_cat?post=25627"},{"taxonomy":"product_tag","embeddable":true,"href":"https:\/\/apoderma.com\/inicio\/wp-json\/wp\/v2\/product_tag?post=25627"}],"curies":[{"name":"wp","href":"https:\/\/api.w.org\/{rel}","templated":true}]}}