{"id":24986,"date":"2021-02-11T20:58:23","date_gmt":"2021-02-12T02:58:23","guid":{"rendered":"https:\/\/apoderma.com\/inicio\/?post_type=product&#038;p=24986"},"modified":"2026-02-07T15:15:19","modified_gmt":"2026-02-07T21:15:19","slug":"nanocare-rejuvenecimiento-genital-30-ml","status":"publish","type":"product","link":"https:\/\/apoderma.com\/inicio\/producto\/nanocare-rejuvenecimiento-genital-30-ml\/","title":{"rendered":"Nanocare rejuvenecimiento genital 30 mL"},"content":{"rendered":"<h3>Especificaciones:<\/h3>\n<ul>\n<li>Nanocare Gel Rejuvenecimiento Genital de <a href=\"https:\/\/www.sesderma.com\/eu_es\/nanocare-intimate-gel-de-rejuvenecimiento-genital-40001177.html\">Sesderma<\/a> es un gel que ayuda a mejorar el aspecto de tu zona \u00edntima femenina para una piel m\u00e1s firme, hidratada y el\u00e1stica<\/li>\n<li>A lo largo de la vida hay situaciones que pueden afectar la salud de la zona \u00edntima.<\/li>\n<li>Factores como el envejecimiento, el parto y la misma depilaci\u00f3n pueden generar alteraciones en los genitales externos.<\/li>\n<li>La protecci\u00f3n ante estos cambios es gracias a su composici\u00f3n en activos de propiedades reafirmantes, hidratantes, clarificantes y su efecto relleno.<\/li>\n<\/ul>\n<h3>Composici\u00f3n:<\/h3>\n<ul>\n<li>Su formula contiene:\n<ol>\n<li>Factores de crecimiento liposomados<\/li>\n<li>\u00c1cido hialur\u00f3nico de 3 pesos moleculares distintos<\/li>\n<li>DMAE liposomado y p\u00e9ptidos mim\u00e9ticos liposomados<\/li>\n<li>Vitamina C liposomada<\/li>\n<li>Retinil propionato liposomado y \u00e1cido l\u00e1ctico.<\/li>\n<li>Extracto de morera liposomado y extracto de bardana<\/li>\n<\/ol>\n<\/li>\n<\/ul>\n<h3><strong>Modo de uso:<\/strong><\/h3>\n<ol>\n<li>Aplicar una peque\u00f1a cantidad en la zona hasta su completa absorci\u00f3n.<\/li>\n<li>Tratamiento de inicio: 2 veces al d\u00eda, en la ma\u00f1ana y la noche.<\/li>\n<li>Tratamiento de mantenimiento luego de 2 meses de uso: realizar una \u00fanica aplicaci\u00f3n al d\u00eda antes de acostarse.<\/li>\n<li>Puede complementar el cuidado \u00edntimo con el <strong><span style=\"color: #60268b;\"><a style=\"color: #60268b;\" href=\"https:\/\/apoderma.com\/inicio\/producto\/nanocare-higiene-intima-200-ml\/\">Nanocare Gel de Limpieza<\/a><\/span><\/strong>.<\/li>\n<\/ol>\n","protected":false},"excerpt":{"rendered":"<p>Gel de rejuvenecimiento genital Disponible compra mediante WhatsApp y pago con Sinpe M\u00f3vil<\/p>\n","protected":false},"featured_media":24989,"template":"","meta":{"_glsr_average":0,"_glsr_ranking":0,"_glsr_reviews":0},"product_cat":[97,100],"product_tag":[147,208,207],"class_list":{"0":"post-24986","1":"product","2":"type-product","3":"status-publish","4":"has-post-thumbnail","6":"product_brand-sesderma","7":"product_cat-cuerpo","8":"product_cat-cuidado-intimo","9":"product_tag-cuidado-intimo","10":"product_tag-rejuvenecimiento-genital","11":"product_tag-zona-intima","13":"first","14":"instock","15":"taxable","16":"shipping-taxable","17":"purchasable","18":"product-type-simple","19":"thumb-no-effect","20":"prod-rating-on"},"yoast_head":"<!-- This site is optimized with the Yoast SEO plugin v25.3.1 - https:\/\/yoast.com\/wordpress\/plugins\/seo\/ -->\n<title>Nanocare rejuvenecimiento genital 30 mL - Apo Derma Store<\/title>\n<meta name=\"description\" content=\"Nanocare gel de rejuvenecimiento genital de Sesderma ayuda a mejorar el aspecto de tu zona \u00edntima femenina. Disponible en ApoDerma Store.\" \/>\n<meta name=\"robots\" content=\"index, follow, max-snippet:-1, max-image-preview:large, max-video-preview:-1\" \/>\n<link rel=\"canonical\" href=\"https:\/\/apoderma.com\/inicio\/producto\/nanocare-rejuvenecimiento-genital-30-ml\/\" \/>\n<meta property=\"og:locale\" content=\"es_ES\" \/>\n<meta property=\"og:type\" content=\"article\" \/>\n<meta property=\"og:title\" content=\"Nanocare rejuvenecimiento genital 30 mL - Apo Derma Store\" \/>\n<meta property=\"og:description\" content=\"Nanocare gel de rejuvenecimiento genital de Sesderma ayuda a mejorar el aspecto de tu zona \u00edntima femenina. Disponible en ApoDerma Store.\" \/>\n<meta property=\"og:url\" content=\"https:\/\/apoderma.com\/inicio\/producto\/nanocare-rejuvenecimiento-genital-30-ml\/\" \/>\n<meta property=\"og:site_name\" content=\"Apo Derma Store\" \/>\n<meta property=\"article:modified_time\" content=\"2026-02-07T21:15:19+00:00\" \/>\n<meta property=\"og:image\" content=\"https:\/\/apoderma.com\/inicio\/wp-content\/uploads\/2021\/02\/Nanocare-gel-rejuvecimiento.png\" \/>\n\t<meta property=\"og:image:width\" content=\"1024\" \/>\n\t<meta property=\"og:image:height\" content=\"1024\" \/>\n\t<meta property=\"og:image:type\" content=\"image\/png\" \/>\n<meta name=\"twitter:card\" content=\"summary_large_image\" \/>\n<meta name=\"twitter:label1\" content=\"Tiempo de lectura\" \/>\n\t<meta name=\"twitter:data1\" content=\"2 minutos\" \/>\n<script type=\"application\/ld+json\" class=\"yoast-schema-graph\">{\"@context\":\"https:\/\/schema.org\",\"@graph\":[{\"@type\":\"WebPage\",\"@id\":\"https:\/\/apoderma.com\/inicio\/producto\/nanocare-rejuvenecimiento-genital-30-ml\/\",\"url\":\"https:\/\/apoderma.com\/inicio\/producto\/nanocare-rejuvenecimiento-genital-30-ml\/\",\"name\":\"Nanocare rejuvenecimiento genital 30 mL - Apo Derma Store\",\"isPartOf\":{\"@id\":\"https:\/\/apoderma.com\/inicio\/#website\"},\"primaryImageOfPage\":{\"@id\":\"https:\/\/apoderma.com\/inicio\/producto\/nanocare-rejuvenecimiento-genital-30-ml\/#primaryimage\"},\"image\":{\"@id\":\"https:\/\/apoderma.com\/inicio\/producto\/nanocare-rejuvenecimiento-genital-30-ml\/#primaryimage\"},\"thumbnailUrl\":\"https:\/\/apoderma.com\/inicio\/wp-content\/uploads\/2021\/02\/Nanocare-gel-rejuvecimiento.png\",\"datePublished\":\"2021-02-12T02:58:23+00:00\",\"dateModified\":\"2026-02-07T21:15:19+00:00\",\"description\":\"Nanocare gel de rejuvenecimiento genital de Sesderma ayuda a mejorar el aspecto de tu zona \u00edntima femenina. Disponible en ApoDerma Store.\",\"breadcrumb\":{\"@id\":\"https:\/\/apoderma.com\/inicio\/producto\/nanocare-rejuvenecimiento-genital-30-ml\/#breadcrumb\"},\"inLanguage\":\"es\",\"potentialAction\":[{\"@type\":\"ReadAction\",\"target\":[\"https:\/\/apoderma.com\/inicio\/producto\/nanocare-rejuvenecimiento-genital-30-ml\/\"]}]},{\"@type\":\"ImageObject\",\"inLanguage\":\"es\",\"@id\":\"https:\/\/apoderma.com\/inicio\/producto\/nanocare-rejuvenecimiento-genital-30-ml\/#primaryimage\",\"url\":\"https:\/\/apoderma.com\/inicio\/wp-content\/uploads\/2021\/02\/Nanocare-gel-rejuvecimiento.png\",\"contentUrl\":\"https:\/\/apoderma.com\/inicio\/wp-content\/uploads\/2021\/02\/Nanocare-gel-rejuvecimiento.png\",\"width\":1024,\"height\":1024,\"caption\":\"Nanocare gel rejuvenecimiento genital\"},{\"@type\":\"BreadcrumbList\",\"@id\":\"https:\/\/apoderma.com\/inicio\/producto\/nanocare-rejuvenecimiento-genital-30-ml\/#breadcrumb\",\"itemListElement\":[{\"@type\":\"ListItem\",\"position\":1,\"name\":\"Portada\",\"item\":\"https:\/\/apoderma.com\/inicio\/\"},{\"@type\":\"ListItem\",\"position\":2,\"name\":\"Tienda Dermocosm\u00e9tica\",\"item\":\"https:\/\/apoderma.com\/inicio\/tienda-dermocosmetica\/\"},{\"@type\":\"ListItem\",\"position\":3,\"name\":\"Nanocare rejuvenecimiento genital 30 mL\"}]},{\"@type\":\"WebSite\",\"@id\":\"https:\/\/apoderma.com\/inicio\/#website\",\"url\":\"https:\/\/apoderma.com\/inicio\/\",\"name\":\"Apo Derma Store\",\"description\":\"Venta de productos cosm\u00e9ticos\",\"potentialAction\":[{\"@type\":\"SearchAction\",\"target\":{\"@type\":\"EntryPoint\",\"urlTemplate\":\"https:\/\/apoderma.com\/inicio\/?s={search_term_string}\"},\"query-input\":{\"@type\":\"PropertyValueSpecification\",\"valueRequired\":true,\"valueName\":\"search_term_string\"}}],\"inLanguage\":\"es\"}]}<\/script>\n<!-- \/ Yoast SEO plugin. -->","yoast_head_json":{"title":"Nanocare rejuvenecimiento genital 30 mL - Apo Derma Store","description":"Nanocare gel de rejuvenecimiento genital de Sesderma ayuda a mejorar el aspecto de tu zona \u00edntima femenina. Disponible en ApoDerma Store.","robots":{"index":"index","follow":"follow","max-snippet":"max-snippet:-1","max-image-preview":"max-image-preview:large","max-video-preview":"max-video-preview:-1"},"canonical":"https:\/\/apoderma.com\/inicio\/producto\/nanocare-rejuvenecimiento-genital-30-ml\/","og_locale":"es_ES","og_type":"article","og_title":"Nanocare rejuvenecimiento genital 30 mL - Apo Derma Store","og_description":"Nanocare gel de rejuvenecimiento genital de Sesderma ayuda a mejorar el aspecto de tu zona \u00edntima femenina. Disponible en ApoDerma Store.","og_url":"https:\/\/apoderma.com\/inicio\/producto\/nanocare-rejuvenecimiento-genital-30-ml\/","og_site_name":"Apo Derma Store","article_modified_time":"2026-02-07T21:15:19+00:00","og_image":[{"width":1024,"height":1024,"url":"https:\/\/apoderma.com\/inicio\/wp-content\/uploads\/2021\/02\/Nanocare-gel-rejuvecimiento.png","type":"image\/png"}],"twitter_card":"summary_large_image","twitter_misc":{"Tiempo de lectura":"2 minutos"},"schema":{"@context":"https:\/\/schema.org","@graph":[{"@type":"WebPage","@id":"https:\/\/apoderma.com\/inicio\/producto\/nanocare-rejuvenecimiento-genital-30-ml\/","url":"https:\/\/apoderma.com\/inicio\/producto\/nanocare-rejuvenecimiento-genital-30-ml\/","name":"Nanocare rejuvenecimiento genital 30 mL - Apo Derma Store","isPartOf":{"@id":"https:\/\/apoderma.com\/inicio\/#website"},"primaryImageOfPage":{"@id":"https:\/\/apoderma.com\/inicio\/producto\/nanocare-rejuvenecimiento-genital-30-ml\/#primaryimage"},"image":{"@id":"https:\/\/apoderma.com\/inicio\/producto\/nanocare-rejuvenecimiento-genital-30-ml\/#primaryimage"},"thumbnailUrl":"https:\/\/apoderma.com\/inicio\/wp-content\/uploads\/2021\/02\/Nanocare-gel-rejuvecimiento.png","datePublished":"2021-02-12T02:58:23+00:00","dateModified":"2026-02-07T21:15:19+00:00","description":"Nanocare gel de rejuvenecimiento genital de Sesderma ayuda a mejorar el aspecto de tu zona \u00edntima femenina. Disponible en ApoDerma Store.","breadcrumb":{"@id":"https:\/\/apoderma.com\/inicio\/producto\/nanocare-rejuvenecimiento-genital-30-ml\/#breadcrumb"},"inLanguage":"es","potentialAction":[{"@type":"ReadAction","target":["https:\/\/apoderma.com\/inicio\/producto\/nanocare-rejuvenecimiento-genital-30-ml\/"]}]},{"@type":"ImageObject","inLanguage":"es","@id":"https:\/\/apoderma.com\/inicio\/producto\/nanocare-rejuvenecimiento-genital-30-ml\/#primaryimage","url":"https:\/\/apoderma.com\/inicio\/wp-content\/uploads\/2021\/02\/Nanocare-gel-rejuvecimiento.png","contentUrl":"https:\/\/apoderma.com\/inicio\/wp-content\/uploads\/2021\/02\/Nanocare-gel-rejuvecimiento.png","width":1024,"height":1024,"caption":"Nanocare gel rejuvenecimiento genital"},{"@type":"BreadcrumbList","@id":"https:\/\/apoderma.com\/inicio\/producto\/nanocare-rejuvenecimiento-genital-30-ml\/#breadcrumb","itemListElement":[{"@type":"ListItem","position":1,"name":"Portada","item":"https:\/\/apoderma.com\/inicio\/"},{"@type":"ListItem","position":2,"name":"Tienda Dermocosm\u00e9tica","item":"https:\/\/apoderma.com\/inicio\/tienda-dermocosmetica\/"},{"@type":"ListItem","position":3,"name":"Nanocare rejuvenecimiento genital 30 mL"}]},{"@type":"WebSite","@id":"https:\/\/apoderma.com\/inicio\/#website","url":"https:\/\/apoderma.com\/inicio\/","name":"Apo Derma Store","description":"Venta de productos cosm\u00e9ticos","potentialAction":[{"@type":"SearchAction","target":{"@type":"EntryPoint","urlTemplate":"https:\/\/apoderma.com\/inicio\/?s={search_term_string}"},"query-input":{"@type":"PropertyValueSpecification","valueRequired":true,"valueName":"search_term_string"}}],"inLanguage":"es"}]}},"_links":{"self":[{"href":"https:\/\/apoderma.com\/inicio\/wp-json\/wp\/v2\/product\/24986","targetHints":{"allow":["GET"]}}],"collection":[{"href":"https:\/\/apoderma.com\/inicio\/wp-json\/wp\/v2\/product"}],"about":[{"href":"https:\/\/apoderma.com\/inicio\/wp-json\/wp\/v2\/types\/product"}],"wp:featuredmedia":[{"embeddable":true,"href":"https:\/\/apoderma.com\/inicio\/wp-json\/wp\/v2\/media\/24989"}],"wp:attachment":[{"href":"https:\/\/apoderma.com\/inicio\/wp-json\/wp\/v2\/media?parent=24986"}],"wp:term":[{"taxonomy":"product_cat","embeddable":true,"href":"https:\/\/apoderma.com\/inicio\/wp-json\/wp\/v2\/product_cat?post=24986"},{"taxonomy":"product_tag","embeddable":true,"href":"https:\/\/apoderma.com\/inicio\/wp-json\/wp\/v2\/product_tag?post=24986"}],"curies":[{"name":"wp","href":"https:\/\/api.w.org\/{rel}","templated":true}]}}