{"id":24984,"date":"2021-02-11T20:37:36","date_gmt":"2021-02-12T02:37:36","guid":{"rendered":"https:\/\/apoderma.com\/inicio\/?post_type=product&#038;p=24984"},"modified":"2026-02-07T15:16:28","modified_gmt":"2026-02-07T21:16:28","slug":"nanocare-higiene-intima-200-ml","status":"publish","type":"product","link":"https:\/\/apoderma.com\/inicio\/producto\/nanocare-higiene-intima-200-ml\/","title":{"rendered":"Nanocare higiene \u00edntima 200 mL"},"content":{"rendered":"<ul>\n<li>Nanocare higiene \u00edntima de <a href=\"https:\/\/www.sesderma.com\/eu_es\/nanocare-intimate-higiene-intima-40001069.html\">Sesderma<\/a> es un gel extrasuave dise\u00f1ado de forma espec\u00edfica para la higiene \u00edntima diaria de la zona genital femenina aportando hidrataci\u00f3n gracias a su contenido en \u00e1cido hialur\u00f3nico.<\/li>\n<li>Limpia, refresca y desodoriza sin alterar el equilibrio fisiol\u00f3gico natural.<\/li>\n<li>Gel de alta tolerancia por su f\u00f3rmula liposomada.<\/li>\n<li>Con pH adaptado a la zona (4.5 \u2013 5.0) para una m\u00e1xima tolerancia y eficacia<\/li>\n<\/ul>\n<h3>Composici\u00f3n:<\/h3>\n<p>Contiene como principales activos:<\/p>\n<ul>\n<li>\u00c1cido Bosw\u00e9lico, \u00c1cido hialur\u00f3nico, Clorhexidina digluconato, Extracto de Bardana, Extracto de Camomila, Pantenol<\/li>\n<\/ul>\n<h3><strong>Modo de uso:<\/strong><\/h3>\n<ol>\n<li>Aplicar sobre la zona previamente humedecida y, despu\u00e9s, aclarar abundantemente.<\/li>\n<li>Se recomienda su utilizaci\u00f3n diariamente.<\/li>\n<li>Uso externo.<\/li>\n<\/ol>\n","protected":false},"excerpt":{"rendered":"<p>Gel Nanocare para higiene \u00edntima Disponible compra mediante WhatsApp y pago con Sinpe M\u00f3vil<\/p>\n","protected":false},"featured_media":24985,"template":"","meta":{"_glsr_average":0,"_glsr_ranking":0,"_glsr_reviews":0},"product_cat":[97,100],"product_tag":[146],"class_list":{"0":"post-24984","1":"product","2":"type-product","3":"status-publish","4":"has-post-thumbnail","6":"product_brand-sesderma","7":"product_cat-cuerpo","8":"product_cat-cuidado-intimo","9":"product_tag-higiene-intima","11":"first","12":"instock","13":"taxable","14":"shipping-taxable","15":"purchasable","16":"product-type-simple","17":"thumb-no-effect","18":"prod-rating-on"},"yoast_head":"<!-- This site is optimized with the Yoast SEO plugin v25.3.1 - https:\/\/yoast.com\/wordpress\/plugins\/seo\/ -->\n<title>Nanocare higiene \u00edntima 200 mL - Apo Derma Store<\/title>\n<meta name=\"description\" content=\"Nanocare Higiene \u00edntima de Sesderma es un gel extrasuave dise\u00f1ado para la higiene \u00edntima femenina. Disponible en ApoDerma Store.\" \/>\n<meta name=\"robots\" content=\"index, follow, max-snippet:-1, max-image-preview:large, max-video-preview:-1\" \/>\n<link rel=\"canonical\" href=\"https:\/\/apoderma.com\/inicio\/producto\/nanocare-higiene-intima-200-ml\/\" \/>\n<meta property=\"og:locale\" content=\"es_ES\" \/>\n<meta property=\"og:type\" content=\"article\" \/>\n<meta property=\"og:title\" content=\"Nanocare higiene \u00edntima 200 mL - Apo Derma Store\" \/>\n<meta property=\"og:description\" content=\"Nanocare Higiene \u00edntima de Sesderma es un gel extrasuave dise\u00f1ado para la higiene \u00edntima femenina. Disponible en ApoDerma Store.\" \/>\n<meta property=\"og:url\" content=\"https:\/\/apoderma.com\/inicio\/producto\/nanocare-higiene-intima-200-ml\/\" \/>\n<meta property=\"og:site_name\" content=\"Apo Derma Store\" \/>\n<meta property=\"article:modified_time\" content=\"2026-02-07T21:16:28+00:00\" \/>\n<meta property=\"og:image\" content=\"https:\/\/apoderma.com\/inicio\/wp-content\/uploads\/2021\/02\/Nanocare-gel-higiene.png\" \/>\n\t<meta property=\"og:image:width\" content=\"1024\" \/>\n\t<meta property=\"og:image:height\" content=\"1024\" \/>\n\t<meta property=\"og:image:type\" content=\"image\/png\" \/>\n<meta name=\"twitter:card\" content=\"summary_large_image\" \/>\n<meta name=\"twitter:label1\" content=\"Tiempo de lectura\" \/>\n\t<meta name=\"twitter:data1\" content=\"1 minuto\" \/>\n<script type=\"application\/ld+json\" class=\"yoast-schema-graph\">{\"@context\":\"https:\/\/schema.org\",\"@graph\":[{\"@type\":\"WebPage\",\"@id\":\"https:\/\/apoderma.com\/inicio\/producto\/nanocare-higiene-intima-200-ml\/\",\"url\":\"https:\/\/apoderma.com\/inicio\/producto\/nanocare-higiene-intima-200-ml\/\",\"name\":\"Nanocare higiene \u00edntima 200 mL - Apo Derma Store\",\"isPartOf\":{\"@id\":\"https:\/\/apoderma.com\/inicio\/#website\"},\"primaryImageOfPage\":{\"@id\":\"https:\/\/apoderma.com\/inicio\/producto\/nanocare-higiene-intima-200-ml\/#primaryimage\"},\"image\":{\"@id\":\"https:\/\/apoderma.com\/inicio\/producto\/nanocare-higiene-intima-200-ml\/#primaryimage\"},\"thumbnailUrl\":\"https:\/\/apoderma.com\/inicio\/wp-content\/uploads\/2021\/02\/Nanocare-gel-higiene.png\",\"datePublished\":\"2021-02-12T02:37:36+00:00\",\"dateModified\":\"2026-02-07T21:16:28+00:00\",\"description\":\"Nanocare Higiene \u00edntima de Sesderma es un gel extrasuave dise\u00f1ado para la higiene \u00edntima femenina. Disponible en ApoDerma Store.\",\"breadcrumb\":{\"@id\":\"https:\/\/apoderma.com\/inicio\/producto\/nanocare-higiene-intima-200-ml\/#breadcrumb\"},\"inLanguage\":\"es\",\"potentialAction\":[{\"@type\":\"ReadAction\",\"target\":[\"https:\/\/apoderma.com\/inicio\/producto\/nanocare-higiene-intima-200-ml\/\"]}]},{\"@type\":\"ImageObject\",\"inLanguage\":\"es\",\"@id\":\"https:\/\/apoderma.com\/inicio\/producto\/nanocare-higiene-intima-200-ml\/#primaryimage\",\"url\":\"https:\/\/apoderma.com\/inicio\/wp-content\/uploads\/2021\/02\/Nanocare-gel-higiene.png\",\"contentUrl\":\"https:\/\/apoderma.com\/inicio\/wp-content\/uploads\/2021\/02\/Nanocare-gel-higiene.png\",\"width\":1024,\"height\":1024},{\"@type\":\"BreadcrumbList\",\"@id\":\"https:\/\/apoderma.com\/inicio\/producto\/nanocare-higiene-intima-200-ml\/#breadcrumb\",\"itemListElement\":[{\"@type\":\"ListItem\",\"position\":1,\"name\":\"Portada\",\"item\":\"https:\/\/apoderma.com\/inicio\/\"},{\"@type\":\"ListItem\",\"position\":2,\"name\":\"Tienda Dermocosm\u00e9tica\",\"item\":\"https:\/\/apoderma.com\/inicio\/tienda-dermocosmetica\/\"},{\"@type\":\"ListItem\",\"position\":3,\"name\":\"Nanocare higiene \u00edntima 200 mL\"}]},{\"@type\":\"WebSite\",\"@id\":\"https:\/\/apoderma.com\/inicio\/#website\",\"url\":\"https:\/\/apoderma.com\/inicio\/\",\"name\":\"Apo Derma Store\",\"description\":\"Venta de productos cosm\u00e9ticos\",\"potentialAction\":[{\"@type\":\"SearchAction\",\"target\":{\"@type\":\"EntryPoint\",\"urlTemplate\":\"https:\/\/apoderma.com\/inicio\/?s={search_term_string}\"},\"query-input\":{\"@type\":\"PropertyValueSpecification\",\"valueRequired\":true,\"valueName\":\"search_term_string\"}}],\"inLanguage\":\"es\"}]}<\/script>\n<!-- \/ Yoast SEO plugin. -->","yoast_head_json":{"title":"Nanocare higiene \u00edntima 200 mL - Apo Derma Store","description":"Nanocare Higiene \u00edntima de Sesderma es un gel extrasuave dise\u00f1ado para la higiene \u00edntima femenina. Disponible en ApoDerma Store.","robots":{"index":"index","follow":"follow","max-snippet":"max-snippet:-1","max-image-preview":"max-image-preview:large","max-video-preview":"max-video-preview:-1"},"canonical":"https:\/\/apoderma.com\/inicio\/producto\/nanocare-higiene-intima-200-ml\/","og_locale":"es_ES","og_type":"article","og_title":"Nanocare higiene \u00edntima 200 mL - Apo Derma Store","og_description":"Nanocare Higiene \u00edntima de Sesderma es un gel extrasuave dise\u00f1ado para la higiene \u00edntima femenina. Disponible en ApoDerma Store.","og_url":"https:\/\/apoderma.com\/inicio\/producto\/nanocare-higiene-intima-200-ml\/","og_site_name":"Apo Derma Store","article_modified_time":"2026-02-07T21:16:28+00:00","og_image":[{"width":1024,"height":1024,"url":"https:\/\/apoderma.com\/inicio\/wp-content\/uploads\/2021\/02\/Nanocare-gel-higiene.png","type":"image\/png"}],"twitter_card":"summary_large_image","twitter_misc":{"Tiempo de lectura":"1 minuto"},"schema":{"@context":"https:\/\/schema.org","@graph":[{"@type":"WebPage","@id":"https:\/\/apoderma.com\/inicio\/producto\/nanocare-higiene-intima-200-ml\/","url":"https:\/\/apoderma.com\/inicio\/producto\/nanocare-higiene-intima-200-ml\/","name":"Nanocare higiene \u00edntima 200 mL - Apo Derma Store","isPartOf":{"@id":"https:\/\/apoderma.com\/inicio\/#website"},"primaryImageOfPage":{"@id":"https:\/\/apoderma.com\/inicio\/producto\/nanocare-higiene-intima-200-ml\/#primaryimage"},"image":{"@id":"https:\/\/apoderma.com\/inicio\/producto\/nanocare-higiene-intima-200-ml\/#primaryimage"},"thumbnailUrl":"https:\/\/apoderma.com\/inicio\/wp-content\/uploads\/2021\/02\/Nanocare-gel-higiene.png","datePublished":"2021-02-12T02:37:36+00:00","dateModified":"2026-02-07T21:16:28+00:00","description":"Nanocare Higiene \u00edntima de Sesderma es un gel extrasuave dise\u00f1ado para la higiene \u00edntima femenina. Disponible en ApoDerma Store.","breadcrumb":{"@id":"https:\/\/apoderma.com\/inicio\/producto\/nanocare-higiene-intima-200-ml\/#breadcrumb"},"inLanguage":"es","potentialAction":[{"@type":"ReadAction","target":["https:\/\/apoderma.com\/inicio\/producto\/nanocare-higiene-intima-200-ml\/"]}]},{"@type":"ImageObject","inLanguage":"es","@id":"https:\/\/apoderma.com\/inicio\/producto\/nanocare-higiene-intima-200-ml\/#primaryimage","url":"https:\/\/apoderma.com\/inicio\/wp-content\/uploads\/2021\/02\/Nanocare-gel-higiene.png","contentUrl":"https:\/\/apoderma.com\/inicio\/wp-content\/uploads\/2021\/02\/Nanocare-gel-higiene.png","width":1024,"height":1024},{"@type":"BreadcrumbList","@id":"https:\/\/apoderma.com\/inicio\/producto\/nanocare-higiene-intima-200-ml\/#breadcrumb","itemListElement":[{"@type":"ListItem","position":1,"name":"Portada","item":"https:\/\/apoderma.com\/inicio\/"},{"@type":"ListItem","position":2,"name":"Tienda Dermocosm\u00e9tica","item":"https:\/\/apoderma.com\/inicio\/tienda-dermocosmetica\/"},{"@type":"ListItem","position":3,"name":"Nanocare higiene \u00edntima 200 mL"}]},{"@type":"WebSite","@id":"https:\/\/apoderma.com\/inicio\/#website","url":"https:\/\/apoderma.com\/inicio\/","name":"Apo Derma Store","description":"Venta de productos cosm\u00e9ticos","potentialAction":[{"@type":"SearchAction","target":{"@type":"EntryPoint","urlTemplate":"https:\/\/apoderma.com\/inicio\/?s={search_term_string}"},"query-input":{"@type":"PropertyValueSpecification","valueRequired":true,"valueName":"search_term_string"}}],"inLanguage":"es"}]}},"_links":{"self":[{"href":"https:\/\/apoderma.com\/inicio\/wp-json\/wp\/v2\/product\/24984","targetHints":{"allow":["GET"]}}],"collection":[{"href":"https:\/\/apoderma.com\/inicio\/wp-json\/wp\/v2\/product"}],"about":[{"href":"https:\/\/apoderma.com\/inicio\/wp-json\/wp\/v2\/types\/product"}],"wp:featuredmedia":[{"embeddable":true,"href":"https:\/\/apoderma.com\/inicio\/wp-json\/wp\/v2\/media\/24985"}],"wp:attachment":[{"href":"https:\/\/apoderma.com\/inicio\/wp-json\/wp\/v2\/media?parent=24984"}],"wp:term":[{"taxonomy":"product_cat","embeddable":true,"href":"https:\/\/apoderma.com\/inicio\/wp-json\/wp\/v2\/product_cat?post=24984"},{"taxonomy":"product_tag","embeddable":true,"href":"https:\/\/apoderma.com\/inicio\/wp-json\/wp\/v2\/product_tag?post=24984"}],"curies":[{"name":"wp","href":"https:\/\/api.w.org\/{rel}","templated":true}]}}