{"id":18158,"date":"2020-09-09T10:48:54","date_gmt":"2020-09-09T16:48:54","guid":{"rendered":"https:\/\/apoderma.com\/inicio\/?post_type=product&#038;p=18158"},"modified":"2025-04-12T16:01:11","modified_gmt":"2025-04-12T22:01:11","slug":"reti-age-contorno-de-ojos-15-ml","status":"publish","type":"product","link":"https:\/\/apoderma.com\/inicio\/producto\/reti-age-contorno-de-ojos-15-ml\/","title":{"rendered":"Reti Age Contorno de Ojos 15 mL"},"content":{"rendered":"<h3>Especificaciones<\/h3>\n<ul>\n<li>RETI AGE Contorno de ojos de <a href=\"http:\/\/www.sesderma.com.co\/co\/categorias\/familias\/reti-age\/reti-age-contorno-de-ojos.html\">Sesderma<\/a> posee una potente acci\u00f3n antienvejecimiento y excelente tolerancia gracias a su Sistema 3-Retinol de liberaci\u00f3n sostenida.<\/li>\n<li>Los retinoides estimulan la proliferaci\u00f3n de los queratinocitos, normalizan el proceso de exfoliaci\u00f3n, mejoran la textura y tono de la piel.<\/li>\n<li>La combinaci\u00f3n con otros activos como el \u00e1cido hialur\u00f3nico hidrolizado o el factor de crecimiento TGF- B2 potencian sus efectos al tiempo que mejoran su tolerancia.<\/li>\n<li>Sistema 3-Retinol asegura un equilibrio perfecto para una m\u00e1xima eficacia con la mejor tolerancia.<\/li>\n<li>Combina 3 retinoides encapsulados en burbujas lip\u00eddicas con el fin de proteger al activo de la oxidaci\u00f3n e incrementar su eficacia.<\/li>\n<li>Las 3 mol\u00e9culas tienen diferentes velocidades de actuaci\u00f3n y consiguen aportar una dosis \u00f3ptima gradual del activo. De esta manera se alcanzan niveles terap\u00e9uticos de retinoide durante un tiempo prolongado y se reducen los efectos secundarios asociados al exceso del activo.<\/li>\n<\/ul>\n<h2>Composici\u00f3n:<\/h2>\n<ol>\n<li>Extracto ginkgo biloba,<\/li>\n<li>Prote\u00edna hidrolizada de arroz<\/li>\n<li>P\u00e9ptido mim\u00e9tico<\/li>\n<li>Vitamina C, Retinol<\/li>\n<li>Extracto de casta\u00f1o<\/li>\n<li>Pterostilbeno<\/li>\n<li>Prote\u00edna de soja<\/li>\n<li>\u00c1cido hialur\u00f3nico hidrolizado<\/li>\n<li>Retinaldehido<\/li>\n<li>Facto de crecimiento TGF-B2, Retinil.<\/li>\n<\/ol>\n<h2 class=\"h1\"><strong>Modo de uso:<\/strong><\/h2>\n<ol>\n<li><a href=\"https:\/\/apoderma.com\/inicio\/producto\/reti-age-serum-anti-envejecimiento-30-ml\/\">Aplicar una peque\u00f1a cantidad sobre el contorno de ojos, realizando un suave masaje desde el interior hacia el exterior.<\/a><\/li>\n<\/ol>\n","protected":false},"excerpt":{"rendered":"<p>Crema anti-edad para el contorno de ojos Todo tipo de piel. Disponible compra contra pedido&hellip;<\/p>\n","protected":false},"featured_media":18159,"template":"","meta":{"_glsr_average":0,"_glsr_ranking":0,"_glsr_reviews":0},"product_cat":[89,92],"product_tag":[116,115],"class_list":{"0":"post-18158","1":"product","2":"type-product","3":"status-publish","4":"has-post-thumbnail","6":"product_brand-sesderma","7":"product_cat-rostro","8":"product_cat-signos-de-la-edad","9":"product_tag-antiedad","10":"product_tag-rostro","12":"first","13":"instock","14":"taxable","15":"shipping-taxable","16":"purchasable","17":"product-type-simple","18":"thumb-no-effect","19":"prod-rating-on"},"yoast_head":"<!-- This site is optimized with the Yoast SEO plugin v25.3.1 - https:\/\/yoast.com\/wordpress\/plugins\/seo\/ -->\n<title>Reti Age Contorno de Ojos 15 mL - Apo Derma Store<\/title>\n<meta name=\"description\" content=\"Reti Age Contorno de Ojos de Sesderma. Previene y corrige los signos de envejecimiento cronol\u00f3gico. Disponible en ApoDerma Store.\" \/>\n<meta name=\"robots\" content=\"index, follow, max-snippet:-1, max-image-preview:large, max-video-preview:-1\" \/>\n<link rel=\"canonical\" href=\"https:\/\/apoderma.com\/inicio\/producto\/reti-age-contorno-de-ojos-15-ml\/\" \/>\n<meta property=\"og:locale\" content=\"es_ES\" \/>\n<meta property=\"og:type\" content=\"article\" \/>\n<meta property=\"og:title\" content=\"Reti Age Contorno de Ojos 15 mL - Apo Derma Store\" \/>\n<meta property=\"og:description\" content=\"Reti Age Contorno de Ojos de Sesderma. Previene y corrige los signos de envejecimiento cronol\u00f3gico. Disponible en ApoDerma Store.\" \/>\n<meta property=\"og:url\" content=\"https:\/\/apoderma.com\/inicio\/producto\/reti-age-contorno-de-ojos-15-ml\/\" \/>\n<meta property=\"og:site_name\" content=\"Apo Derma Store\" \/>\n<meta property=\"article:modified_time\" content=\"2025-04-12T22:01:11+00:00\" \/>\n<meta property=\"og:image\" content=\"https:\/\/apoderma.com\/inicio\/wp-content\/uploads\/2020\/09\/Retiage_contorno.png\" \/>\n\t<meta property=\"og:image:width\" content=\"1024\" \/>\n\t<meta property=\"og:image:height\" content=\"1024\" \/>\n\t<meta property=\"og:image:type\" content=\"image\/png\" \/>\n<meta name=\"twitter:card\" content=\"summary_large_image\" \/>\n<meta name=\"twitter:label1\" content=\"Tiempo de lectura\" \/>\n\t<meta name=\"twitter:data1\" content=\"1 minuto\" \/>\n<script type=\"application\/ld+json\" class=\"yoast-schema-graph\">{\"@context\":\"https:\/\/schema.org\",\"@graph\":[{\"@type\":\"WebPage\",\"@id\":\"https:\/\/apoderma.com\/inicio\/producto\/reti-age-contorno-de-ojos-15-ml\/\",\"url\":\"https:\/\/apoderma.com\/inicio\/producto\/reti-age-contorno-de-ojos-15-ml\/\",\"name\":\"Reti Age Contorno de Ojos 15 mL - Apo Derma Store\",\"isPartOf\":{\"@id\":\"https:\/\/apoderma.com\/inicio\/#website\"},\"primaryImageOfPage\":{\"@id\":\"https:\/\/apoderma.com\/inicio\/producto\/reti-age-contorno-de-ojos-15-ml\/#primaryimage\"},\"image\":{\"@id\":\"https:\/\/apoderma.com\/inicio\/producto\/reti-age-contorno-de-ojos-15-ml\/#primaryimage\"},\"thumbnailUrl\":\"https:\/\/apoderma.com\/inicio\/wp-content\/uploads\/2020\/09\/Retiage_contorno.png\",\"datePublished\":\"2020-09-09T16:48:54+00:00\",\"dateModified\":\"2025-04-12T22:01:11+00:00\",\"description\":\"Reti Age Contorno de Ojos de Sesderma. Previene y corrige los signos de envejecimiento cronol\u00f3gico. Disponible en ApoDerma Store.\",\"breadcrumb\":{\"@id\":\"https:\/\/apoderma.com\/inicio\/producto\/reti-age-contorno-de-ojos-15-ml\/#breadcrumb\"},\"inLanguage\":\"es\",\"potentialAction\":[{\"@type\":\"ReadAction\",\"target\":[\"https:\/\/apoderma.com\/inicio\/producto\/reti-age-contorno-de-ojos-15-ml\/\"]}]},{\"@type\":\"ImageObject\",\"inLanguage\":\"es\",\"@id\":\"https:\/\/apoderma.com\/inicio\/producto\/reti-age-contorno-de-ojos-15-ml\/#primaryimage\",\"url\":\"https:\/\/apoderma.com\/inicio\/wp-content\/uploads\/2020\/09\/Retiage_contorno.png\",\"contentUrl\":\"https:\/\/apoderma.com\/inicio\/wp-content\/uploads\/2020\/09\/Retiage_contorno.png\",\"width\":1024,\"height\":1024,\"caption\":\"Reti Age Contorno de ojos\"},{\"@type\":\"BreadcrumbList\",\"@id\":\"https:\/\/apoderma.com\/inicio\/producto\/reti-age-contorno-de-ojos-15-ml\/#breadcrumb\",\"itemListElement\":[{\"@type\":\"ListItem\",\"position\":1,\"name\":\"Portada\",\"item\":\"https:\/\/apoderma.com\/inicio\/\"},{\"@type\":\"ListItem\",\"position\":2,\"name\":\"Tienda Dermocosm\u00e9tica\",\"item\":\"https:\/\/apoderma.com\/inicio\/tienda-dermocosmetica\/\"},{\"@type\":\"ListItem\",\"position\":3,\"name\":\"Reti Age Contorno de Ojos 15 mL\"}]},{\"@type\":\"WebSite\",\"@id\":\"https:\/\/apoderma.com\/inicio\/#website\",\"url\":\"https:\/\/apoderma.com\/inicio\/\",\"name\":\"Apo Derma Store\",\"description\":\"Venta de productos cosm\u00e9ticos\",\"potentialAction\":[{\"@type\":\"SearchAction\",\"target\":{\"@type\":\"EntryPoint\",\"urlTemplate\":\"https:\/\/apoderma.com\/inicio\/?s={search_term_string}\"},\"query-input\":{\"@type\":\"PropertyValueSpecification\",\"valueRequired\":true,\"valueName\":\"search_term_string\"}}],\"inLanguage\":\"es\"}]}<\/script>\n<!-- \/ Yoast SEO plugin. -->","yoast_head_json":{"title":"Reti Age Contorno de Ojos 15 mL - Apo Derma Store","description":"Reti Age Contorno de Ojos de Sesderma. Previene y corrige los signos de envejecimiento cronol\u00f3gico. Disponible en ApoDerma Store.","robots":{"index":"index","follow":"follow","max-snippet":"max-snippet:-1","max-image-preview":"max-image-preview:large","max-video-preview":"max-video-preview:-1"},"canonical":"https:\/\/apoderma.com\/inicio\/producto\/reti-age-contorno-de-ojos-15-ml\/","og_locale":"es_ES","og_type":"article","og_title":"Reti Age Contorno de Ojos 15 mL - Apo Derma Store","og_description":"Reti Age Contorno de Ojos de Sesderma. Previene y corrige los signos de envejecimiento cronol\u00f3gico. Disponible en ApoDerma Store.","og_url":"https:\/\/apoderma.com\/inicio\/producto\/reti-age-contorno-de-ojos-15-ml\/","og_site_name":"Apo Derma Store","article_modified_time":"2025-04-12T22:01:11+00:00","og_image":[{"width":1024,"height":1024,"url":"https:\/\/apoderma.com\/inicio\/wp-content\/uploads\/2020\/09\/Retiage_contorno.png","type":"image\/png"}],"twitter_card":"summary_large_image","twitter_misc":{"Tiempo de lectura":"1 minuto"},"schema":{"@context":"https:\/\/schema.org","@graph":[{"@type":"WebPage","@id":"https:\/\/apoderma.com\/inicio\/producto\/reti-age-contorno-de-ojos-15-ml\/","url":"https:\/\/apoderma.com\/inicio\/producto\/reti-age-contorno-de-ojos-15-ml\/","name":"Reti Age Contorno de Ojos 15 mL - Apo Derma Store","isPartOf":{"@id":"https:\/\/apoderma.com\/inicio\/#website"},"primaryImageOfPage":{"@id":"https:\/\/apoderma.com\/inicio\/producto\/reti-age-contorno-de-ojos-15-ml\/#primaryimage"},"image":{"@id":"https:\/\/apoderma.com\/inicio\/producto\/reti-age-contorno-de-ojos-15-ml\/#primaryimage"},"thumbnailUrl":"https:\/\/apoderma.com\/inicio\/wp-content\/uploads\/2020\/09\/Retiage_contorno.png","datePublished":"2020-09-09T16:48:54+00:00","dateModified":"2025-04-12T22:01:11+00:00","description":"Reti Age Contorno de Ojos de Sesderma. Previene y corrige los signos de envejecimiento cronol\u00f3gico. Disponible en ApoDerma Store.","breadcrumb":{"@id":"https:\/\/apoderma.com\/inicio\/producto\/reti-age-contorno-de-ojos-15-ml\/#breadcrumb"},"inLanguage":"es","potentialAction":[{"@type":"ReadAction","target":["https:\/\/apoderma.com\/inicio\/producto\/reti-age-contorno-de-ojos-15-ml\/"]}]},{"@type":"ImageObject","inLanguage":"es","@id":"https:\/\/apoderma.com\/inicio\/producto\/reti-age-contorno-de-ojos-15-ml\/#primaryimage","url":"https:\/\/apoderma.com\/inicio\/wp-content\/uploads\/2020\/09\/Retiage_contorno.png","contentUrl":"https:\/\/apoderma.com\/inicio\/wp-content\/uploads\/2020\/09\/Retiage_contorno.png","width":1024,"height":1024,"caption":"Reti Age Contorno de ojos"},{"@type":"BreadcrumbList","@id":"https:\/\/apoderma.com\/inicio\/producto\/reti-age-contorno-de-ojos-15-ml\/#breadcrumb","itemListElement":[{"@type":"ListItem","position":1,"name":"Portada","item":"https:\/\/apoderma.com\/inicio\/"},{"@type":"ListItem","position":2,"name":"Tienda Dermocosm\u00e9tica","item":"https:\/\/apoderma.com\/inicio\/tienda-dermocosmetica\/"},{"@type":"ListItem","position":3,"name":"Reti Age Contorno de Ojos 15 mL"}]},{"@type":"WebSite","@id":"https:\/\/apoderma.com\/inicio\/#website","url":"https:\/\/apoderma.com\/inicio\/","name":"Apo Derma Store","description":"Venta de productos cosm\u00e9ticos","potentialAction":[{"@type":"SearchAction","target":{"@type":"EntryPoint","urlTemplate":"https:\/\/apoderma.com\/inicio\/?s={search_term_string}"},"query-input":{"@type":"PropertyValueSpecification","valueRequired":true,"valueName":"search_term_string"}}],"inLanguage":"es"}]}},"_links":{"self":[{"href":"https:\/\/apoderma.com\/inicio\/wp-json\/wp\/v2\/product\/18158","targetHints":{"allow":["GET"]}}],"collection":[{"href":"https:\/\/apoderma.com\/inicio\/wp-json\/wp\/v2\/product"}],"about":[{"href":"https:\/\/apoderma.com\/inicio\/wp-json\/wp\/v2\/types\/product"}],"wp:featuredmedia":[{"embeddable":true,"href":"https:\/\/apoderma.com\/inicio\/wp-json\/wp\/v2\/media\/18159"}],"wp:attachment":[{"href":"https:\/\/apoderma.com\/inicio\/wp-json\/wp\/v2\/media?parent=18158"}],"wp:term":[{"taxonomy":"product_cat","embeddable":true,"href":"https:\/\/apoderma.com\/inicio\/wp-json\/wp\/v2\/product_cat?post=18158"},{"taxonomy":"product_tag","embeddable":true,"href":"https:\/\/apoderma.com\/inicio\/wp-json\/wp\/v2\/product_tag?post=18158"}],"curies":[{"name":"wp","href":"https:\/\/api.w.org\/{rel}","templated":true}]}}