{"id":5920,"date":"2019-09-26T09:56:14","date_gmt":"2019-09-26T15:56:14","guid":{"rendered":"https:\/\/apoderma.com\/inicio\/?page_id=5920"},"modified":"2021-12-07T15:06:21","modified_gmt":"2021-12-07T21:06:21","slug":"terminos-y-condiciones","status":"publish","type":"page","link":"https:\/\/apoderma.com\/inicio\/terminos-y-condiciones\/","title":{"rendered":"T\u00e9rminos y Condiciones"},"content":{"rendered":"<div class=\"wpb-content-wrapper\"><p>[vc_row][vc_column][vc_column_text]<\/p>\n<p align=\"justify\"><b>T\u00c9RMINOS Y CONDICIONES <\/b>para uso del sitio web <b>APODERMA.COM<\/b>:<\/p>\n<p align=\"justify\">Los siguientes t\u00e9rminos y condiciones constituyen un acuerdo legal entre <b>Olga Cristina Prado Chinchilla, c\u00e9dula de identidad 108730668, COMO DUE\u00d1A y representante legal DE LA TIENDA APODERMA (EN ADELANTE MENCIONADA COMO APODERMA) con domicilio social en Cartago, Tres R\u00edos de La Uni\u00f3n, Urbanizaci\u00f3n Los Geranios<\/b>\u00a0y los USUARIOS de su sitio web y rigen el uso que usted le d\u00e9 al sitio web <b>WWW.APODERMA.COM<\/b> y a cualquiera de los contenidos, caracter\u00edsticas o funciones disponibles, que pudieran derivarse del mismo. <b>APODERMA<\/b> podr\u00e1 cambiar estos T\u00e9rminos y Condiciones en cualquier momento sin ninguna notificaci\u00f3n, s\u00f3lo publicando y actualizando dichos cambios en este sitio web. AL USAR EL SITIO WEB, USTED como USUARIO ACEPTA Y EST\u00c1 DE ACUERDO CON ESTOS T\u00c9RMINOS Y CONDICIONES EN LO QUE SE REFIERE A SU USO. Si usted no est\u00e1 de acuerdo con estos T\u00e9rminos y Condiciones, no puede tener acceso al mismo ni usar el sitio web de ninguna otra manera.<\/p>\n<p align=\"justify\"><b>DERECHOS DE PROPIEDAD DEL SITIO WEB:<\/b><\/p>\n<p align=\"justify\">Entre usted (USUARIO) y nosotros, <b>OLGA CRISTINA PRADO CHINCHILLA<\/b> es due\u00f1a \u00fanica y exclusiva de todos los derechos, t\u00edtulo e intereses de su sitio web y del dominio <b>WWW.APODERMA.COM<\/b>, de todo el contenido (por ejemplo, audio, fotograf\u00edas, ilustraciones, otros medios visuales, videos, copias, textos, software, t\u00edtulos, c\u00f3digos, datos y materiales del mismo); as\u00ed como el aspecto, ambiente, dise\u00f1o, organizaci\u00f3n, compilaci\u00f3n de contenidos, c\u00f3digos, datos y materiales, incluyendo pero no limitado a, cualesquiera derechos de autor, derechos de marca, derechos de patente, derechos de base de datos, derechos morales, derechos <i>sui generis<\/i> y otras propiedades intelectuales y derechos patrimoniales del mismo. El sitio web est\u00e1 protegido por las leyes y disposiciones de propiedad intelectual internacionales, por lo que el mismo no podr\u00e1 ser asignado, sub-licenciado, concedido o transferido en virtud del presente Acuerdo.<\/p>\n<p align=\"justify\"><b>ACERCA DEL USO DEL SITIO WEB, SU INFORMACI\u00d3N Y SUS CONTENIDOS:<\/b><\/p>\n<p align=\"justify\">El usuario del sitio web es el \u00fanico responsable de tener a su disposici\u00f3n el hardware y software necesarios, as\u00ed como el Dial-Up, DSL, Cable M\u00f3dem o cualquier otro tipo para lograr su acceso a la Internet y para poder usar este sitio satisfactoriamente.<\/p>\n<p align=\"justify\">El uso de este sitio web no le otorga al usuario la propiedad de ninguno de los contenidos, c\u00f3digos, datos o materiales a los que pueda acceder en o a trav\u00e9s del mismo, por lo tanto, no podr\u00e1 almacenar, reproducir, copiar, editar o modificarlos. <b>APODERMA<\/b> se reserva todos los derechos conforme a las leyes vigentes; cualquier uso indebido, no autorizado, publicaci\u00f3n, distribuci\u00f3n, alteraci\u00f3n, explotaci\u00f3n comercial o promocional del contenido de este sitio o cualquiera de los datos, c\u00f3digos o materiales, o violaci\u00f3n a este acuerdo; est\u00e1 estrictamente prohibido.<\/p>\n<p align=\"justify\"><b>MARCAS COMERCIALES:<\/b><\/p>\n<p align=\"justify\">Las marcas comerciales, logos, marcas de servicios, marcas registradas (conjuntamente las \u00abMarcas Comerciales\u00bb) expuestas en este sitio web o en los contenidos disponibles a trav\u00e9s del mismo, son marcas comerciales de <b>APODERMA<\/b> registradas y no registradas y otras, y no pueden ser usadas con respecto a otros productos y\/o servicios que no est\u00e9n relacionados, asociados o patrocinados por sus poseedores de derechos y que puedan causar confusi\u00f3n a los clientes, o de alguna manera que denigre o desacredite a sus poseedores de derechos. Todas las marcas comerciales que no sean de <b>APODERMA<\/b> y que aparezcan en, o a trav\u00e9s, de este sitio web si las hubiera, son propiedad de sus respectivos due\u00f1os. El mal uso de las marcas comerciales expuestas en este sitio web, o a trav\u00e9s de cualquiera de los servicios del mismo, est\u00e1 estrictamente prohibido.<\/p>\n<p align=\"justify\"><b>PROHIBICIONES PARA EL USUARIO DEL SITIO WEB:<\/b><\/p>\n<p align=\"justify\">El usuario garantiza y est\u00e1 de acuerdo en que, mientras use el sitio <b>WWW.APODERMA.COM<\/b> y los diversos servicios, caracter\u00edsticas y funciones que se ofrecen en o a trav\u00e9s del mismo, usted no: (a) personalizar\u00e1 a ninguna otra persona o entidad que no sea usted, ni desvirtuar\u00e1 su afiliaci\u00f3n con alguna otra persona o entidad; (b) intentar\u00e1 ganar acceso no autorizado a otros sistemas de c\u00f3mputo a trav\u00e9s del sitio web. Usted no: (i) participar\u00e1 en navegar por la red, en \u00abraspar (scraping) la pantalla\u00bb, \u00abraspar (scraping) la base de datos\u00bb, en recolectar direcciones de correo electr\u00f3nico, direcciones inal\u00e1mbricas u otra informaci\u00f3n personal o de contactos, o cualquier otro medio autom\u00e1tico de obtener listas de usuarios u otra informaci\u00f3n de o a trav\u00e9s del sitio web o de los servicios ofrecidos en o a trav\u00e9s del mismo, incluyendo, sin limitaci\u00f3n, cualquier informaci\u00f3n que se encuentre en alg\u00fan servidor o base de datos relacionada con el sitio web o los servicios ofrecidos en o a trav\u00e9s del mismo. (ii) obtendr\u00e1 o intentar\u00e1 obtener acceso no autorizado a los sistemas de c\u00f3mputo, materiales o informaci\u00f3n por cualquier medio; (iii) usar\u00e1 el sitio web o los servicios puestos a su disposici\u00f3n de alguna manera que pudiera interrumpir, da\u00f1ar, deshabilitar, sobrecargar o deteriorar el sitio web o dichos servicios, incluyendo, sin limitaci\u00f3n, mandar mensajes masivos no solicitados o \u00abinundar\u00bb servidores con solicitudes; (iv) usar\u00e1 el sitio web o los servicios o art\u00edculos del mismo en violaci\u00f3n de la propiedad intelectual o de otros derechos legales o patrimoniales de <b>APODERMA<\/b> o de alg\u00fan tercero; ni (v) usar\u00e1 el sitio web o los servicios del sitio web en violaci\u00f3n de cualquier ley aplicable. Usted se obliga adem\u00e1s, a no intentar (o alentar o apoyar el intento de otro) a embaucar, destruir, decodificar, o de otro modo alterar o interferir con el sitio web o con los servicios, o con cualquier contenido del mismo, o hacer cualquier uso no autorizado del mismo. Usted se obliga a no usar el sitio web de alguna manera que pudiera interferir con el uso y disfrute de cualquier otra persona o de cualquiera de sus servicios. Usted no obtendr\u00e1 ni intentar\u00e1 obtener alg\u00fan material o informaci\u00f3n a trav\u00e9s de cualquier medio que no haya sido estipulado o puesto a la disposici\u00f3n del p\u00fablico intencionalmente a trav\u00e9s del sitio web.<\/p>\n<p align=\"justify\"><b>COMPRA DE PRODUCTOS Y SERVICIOS:<\/b><\/p>\n<p align=\"justify\"><b>APODERMA<\/b>, pone sus productos y servicios a disposici\u00f3n de visitantes y registrados del sitio web. Si usted ordena cualquier producto, a trav\u00e9s del presente documento usted acepta y garantiza que tiene 18 a\u00f1os de edad o m\u00e1s. Se obliga a pagar la totalidad de los precios de cualquier compra que realice ya sea con tarjeta de cr\u00e9dito\/d\u00e9bito concurrente con su orden en l\u00ednea o por otro medio de pago aceptable para <b>APODERMA<\/b>.<\/p>\n<p align=\"justify\">Los productos de la tienda <b>APODERMA<\/b> se venden solamente a trav\u00e9s de este sitio, mediante el pago con tarjeta de cr\u00e9dito o d\u00e9bito. Cualquier costo adicional por transporte y\/o entrega, deber\u00e1 ser asumido por el usuario del servicio. El usuario se obliga a pagar todos los impuestos aplicables. Si el pago no es recibido de parte del emisor de su tarjeta de cr\u00e9dito o d\u00e9bito o de sus agentes, el usuario se obliga a pagar todas las cantidades debidas al momento del reclamo por nuestra parte. Algunos productos que usted compra y\/o descarga en o a trav\u00e9s del sitio web pueden estar sujetos a t\u00e9rminos y condiciones adicionales que le ser\u00e1n presentados al momento de dicha compra o descarga.<\/p>\n<p align=\"justify\"><strong>GARANT\u00cdA DE CALIDAD Y SEGURIDAD DE LOS PRODUCTOS:<\/strong><\/p>\n<p align=\"justify\">De conformidad con el art\u00edculo 43 de la Ley 7472 Ley de la Promoci\u00f3n de la Competencia y Defensa del Consumidor, los productos de la tienda <strong>APODERMA<\/strong> por ser cosm\u00e9ticos para el cuidado de la piel corresponden a productos perecederos. Este productos cuentan con una fecha de expira o caducidad indicada en la etiqueta de cada producto. Los fabricantes de cada producto garantizan la calidad y seguridad del mismo hasta la fecha de expira o caducidad indicada en cada empaque primario. <strong>APODERMA <\/strong>s\u00f3lo vender\u00e1 productos que se encuentren dentro de la fecha de expira definida por el fabricante.<\/p>\n<p align=\"justify\"><strong>DERECHO AL RETRACTO:<\/strong><\/p>\n<p align=\"justify\">De conformidad con el art\u00edculo 135 del Reglamento 37899 a la Ley de Promoci\u00f3n de la Competencia y Defensa Efectiva del Consumidor N\u00b0 7472, el derecho al retracto no aplica para los productos de la tienda <strong>APODERMA<\/strong> ya que por su naturaleza corresponden a bienes perecederos y por su condici\u00f3n de productos sanitarios para el cuidado de la piel no est\u00e1 autorizada su vuelta al inventario una vez que han sido usados o existe riesgo de haber estado expuestos a condiciones de almacenamiento no adecuadas para garantizar su calidad y seguridad.<\/p>\n<p align=\"justify\"><b>INFORMACI\u00d3N PERSONAL DEL USUARIO:<\/b><\/p>\n<p align=\"justify\">Al utilizar este sitio web y\/o los servicios puestos a su disposici\u00f3n en o a trav\u00e9s del mismo, se le solicitar\u00e1 que proporcione cierta informaci\u00f3n personalizada (dicha informaci\u00f3n denominada en lo sucesivo \u00abInformaci\u00f3n personal del usuario\u00bb). Las pol\u00edticas de privacidad, uso y recopilaci\u00f3n de informaci\u00f3n de <b>APODERMA<\/b>, se establecen en nuestra <u>Pol\u00edtica de Privacidad.<\/u> Usted reconoce y acepta ser el \u00fanico responsable de la exactitud del contenido de la \u201cInformaci\u00f3n personal del usuario\u201d.<\/p>\n<p align=\"justify\"><b>DERECHOS DE AUTOR:<\/b><\/p>\n<p align=\"justify\">Entre <b>APODERMA<\/b>y los usuarios de este Sitio Web, el usuario reconoce que <b>APODERMA<\/b> le brinda un c\u00f3digo privado para introducir sus datos. El contenido incorporado en este Sitio es propiedad de los respectivos propietarios y est\u00e1 protegido por los derechos de autor y leyes de propiedad intelectual y sujeto a restricciones de uso, en virtud de dichas leyes.<\/p>\n<p align=\"justify\"><b>PUBLICACIONES EN NUESTRO SITIO WEB:<\/b><\/p>\n<p align=\"justify\"><b>APODERMA<\/b> puede, eventualmente, tener servicios de mensajer\u00eda, chateo, tableros de noticias, blogs, otros foros y otros servicios disponibles en o a trav\u00e9s del sitio web. Adem\u00e1s de cualquier otra normatividad y regulaci\u00f3n que podamos publicar con respecto a un servicio en particular, el usuario se obliga a no cargar, informar, transmitir, distribuir o de otra manera publicar a trav\u00e9s del sitio web o de cualquier servicio o art\u00edculo puesto a la disposici\u00f3n en o a trav\u00e9s del sitio web, cualquier material que (i) restrinja o inhiba a cualquier otro usuario de usar y disfrutar del Sitio Web o de los servicios del Sitio Web, (ii) sea fraudulento, ilegal, amenazante, abusivo, hostigante, calumnioso, difamatorio, obsceno, vulgar, ofensivo, pornogr\u00e1fico, profano, sexualmente expl\u00edcito o indecente, (iii) constituya o aliente conductas que pudieran constituir una ofensa criminal, dar lugar a responsabilidad civil o de otro modo violar cualquier ley local, estatal, nacional o internacional, (iv) viole, plagie o infrinja los derechos de terceros incluyendo, sin limitaci\u00f3n, derechos de autor, marcas comerciales, secretos comerciales, confidencialidad, contratos, patentes, derechos de privacidad o publicidad o cualquier otro derecho de propiedad, (v) contenga un virus, elemento de espionaje u otro componente da\u00f1ino, (vi) contenga enlaces fijos, publicidad, cartas de cadenas o esquemas de pir\u00e1mides de cualquier tipo, o (vii) constituya o contenga indicaciones de origen, endosos o declaraciones de hechos falsos o enga\u00f1osos. Usted adem\u00e1s se obliga a no personificar a cualquier otra persona o entidad, ya sea real o ficticia, incluyendo cualquier persona de <b>APODERMA<\/b>. El usuario tampoco puede ofrecer comprar o vender alg\u00fan producto o servicio en o a trav\u00e9s de sus comentarios presentados en nuestros foros. El usuario del sitio web es responsable del contenido y de las consecuencias de cualquiera de sus actividades y publicaciones.<\/p>\n<p align=\"justify\">Los comentarios presentados en un foro pueden ser registrados y almacenados en m\u00faltiples lugares, tanto en nuestro sitio web como en otra parte en Internet, los cuales pueden ser accesibles durante mucho tiempo y no se tiene control sobre qui\u00e9n los leer\u00e1 eventualmente. Por lo tanto, es importante que como usuario tenga cuidado y sea selectivo acerca de la informaci\u00f3n personal que divulgue acerca de usted y de otros, y en especial, no debe divulgar informaci\u00f3n delicada, patrimonial o confidencial en sus comentarios en nuestros foros p\u00fablicos.<\/p>\n<p align=\"justify\"><b>RENUNCIA DE GARANT\u00cdAS:<\/b><\/p>\n<p><span style=\"font-family: Arial;\">El sitio web, incluyendo, sin limitaci\u00f3n, todos los servicios, contenidos, caracter\u00edsticas, funciones y materiales proporcionados a trav\u00e9s del mismo, son proporcionados, \u00abcomo se ponen a la disposici\u00f3n\u00bb, con garant\u00eda de estar libre de virus y con las medidas de seguridad que est\u00e9n al alcance del servidor del sitio web y dentro de los alcances del dominio <a class=\"moz-txt-link-abbreviated\" href=\"http:\/\/www.apoderma.com\">www.apoderma.com<\/a>, esta garant\u00eda involucra situaciones como y sin limitaci\u00f3n, cualquier garant\u00eda de acceso ilimitado o ininterrumpido, cualquier garant\u00eda con respecto a la disponibilidad, interpretabilidad, no interpretabilidad, exactitud, precisi\u00f3n, rectitud, perfecci\u00f3n, conclusi\u00f3n, utilidad, o contenido de la informaci\u00f3n, y cualquier garant\u00eda de t\u00edtulo, no-infracci\u00f3n, comerciabilidad o aptitud para un prop\u00f3sito en particular, y en el presente renunciamos a cualquiera y a todas dichas garant\u00edas, expresas e impl\u00edcitas. No garantizamos que el sitio web o los servicios, contenidos, funciones o materiales proporcionados a trav\u00e9s del sitio web ser\u00e1n oportunos, ininterrumpidos o libres de error, o que los defectos ser\u00e1n corregidos. no damos garant\u00eda de que el sitio web o de que los servicios o productos proporcionados cumplan con los requerimientos de los usuarios. ning\u00fan consejo, resultados o informaci\u00f3n, ya sea oral o escrita, que usted obtenga de nosotros a trav\u00e9s del sitio web crear\u00e1 alguna garant\u00eda que no haya sido establecida expresamente en el presente acuerdo. <strong>APODERMA<\/strong> tampoco asume ninguna responsabilidad de cualquier da\u00f1o por el inadecuado uso de, o navegaci\u00f3n en el sitio web, datos, textos, im\u00e1genes, contenidos de video o contenidos de audio del sitio web. si usted no est\u00e1 satisfecho con el sitio web, su \u00fanica soluci\u00f3n es descontinuar el uso del sitio web.<\/span><\/p>\n<p>Tratamos de asegurar que la informaci\u00f3n publicada en el sitio web sea segura, correcta y actualizada. nos reservamos el derecho de cambiar o hacer correcciones a cualquier informaci\u00f3n proporcionada en el sitio web en cualquier momento y sin ning\u00fan aviso previo. <strong>APODERMA<\/strong> ni avala ni es responsable de la exactitud o veracidad de cualquier opini\u00f3n, consejo o declaraci\u00f3n en el sitio web, ni de cualquier publicaci\u00f3n ofensiva, difamatoria, obscena, indecente, ilegal o violatoria hecha en el mismo por cualquier persona a no ser un empleado portavoz autorizado de <strong>APODERMA <\/strong>en su car\u00e1cter oficial.<\/p>\n<p>&nbsp;<\/p>\n<p align=\"justify\"><b>L\u00cdMITE DE RESPONSABILIDAD:<\/b><\/p>\n<p align=\"justify\">En ning\u00fan caso, incluyendo pero no limitado a negligencia, <b>APODERMA<\/b>, o cualquiera de sus directores, funcionarios, empleados, agentes o proveedores; ser\u00e1 responsable de cualquier da\u00f1o directo, indirecto, especial, incidental, consecuente, ejemplar o punitivo como resultado de, o directa o indirectamente relacionado con, el uso de, o la incapacidad de usar el sitio web o los contenidos, caracter\u00edsticas, materiales y funciones relacionados con el mismo, su provisi\u00f3n de informaci\u00f3n v\u00eda el sitio web, negocios perdidos o ventas perdidas, a\u00fan cuando dicha entidad protegida haya sido asesorada sobre la posibilidad de dichos da\u00f1os.<\/p>\n<p align=\"justify\"><b>APODERMA<\/b> declina toda responsabilidad en caso de que el acceso o las visitas a su sitio web se vean imposibilitadas debido a una interrupci\u00f3n o defectuosa prestaci\u00f3n de suministro el\u00e9ctrico, telef\u00f3nico o de proveedores de telecomunicaciones, o en e caso de producirse conflictos sociales y otros supuestos de fuerza mayor o cualquier actuaci\u00f3n de un tercero. Se declina igualmente toda responsabilidad derivada de los daos que pudiera recibir el usuario en sus medios inform\u00e1ticos o telem\u00e1ticos a consecuencia de la producci\u00f3n de cualquiera de las circunstancias antes expuestas.<\/p>\n<p align=\"justify\"><b>INDEMNIZACI\u00d3N:<\/b><\/p>\n<p align=\"justify\">Si el usuario del sitio web incumple estos T\u00e9rminos y Condiciones, incluyendo pero no limitado a cualquier violaci\u00f3n de los derechos de autor o de propiedad intelectual, ya sea de su parte o de terceros, se obligar\u00e1 a indemnizar y a excluir a <b>APODERMA<\/b>, a sus directores, funcionarios, empleados y agentes; de cualquier demanda, responsabilidad, costos y gastos, de cualquier naturaleza, incluyendo honorarios de abogados, en que incurriera como resultado del mal uso del sitio web.<\/p>\n<p align=\"justify\">Este acuerdo est\u00e1 regido por las leyes costarricenses. Para cualquier reclamo, acci\u00f3n o disputa con <b>APODERMA<\/b>, a partir del uso de este sitio web, tendr\u00e1 como jurisdicci\u00f3n exclusiva a San Jos\u00e9, Costa Rica. Para cualquier comentario u observaci\u00f3n, podr\u00e1 escribir a <a href=\"mailto:contacto@apoderma.com\"><b>contacto@apoderma.com<\/b><\/a><\/p>\n<p align=\"justify\"><b>ACEPTACI\u00d3N DE ESTOS T\u00c9RMINOS Y CONDICIONES:<\/b><\/p>\n<p align=\"justify\">El presente Acuerdo permanecer\u00e1 vigente hasta que <b>APODERMA<\/b> denuncie lo contrario. Los cambios en los T\u00e9rminos y Condiciones ser\u00e1n efectivos cuando se publiquen.<\/p>\n<p align=\"justify\"><a name=\"_GoBack\"><\/a><\/p>\n<p align=\"justify\">Usted como usuario acepta que es una persona mayor de 18 a\u00f1os de edad y declara que ha le\u00eddo y entendido la informaci\u00f3n que se describe en el presente acuerdo de T\u00e9rminos y Condiciones. Al aceptar este acuerdo usted estar\u00e1 vinculado con lo que aqu\u00ed se declara a nombre del \u201cUsuario\u201d, de lo contrario, no ingrese a este sitio.<\/p>\n<p align=\"justify\">En conformidad con el art\u00edculo 254 del Decreto Ejecutivo 40703 Reforma al Reglamento a la Ley de Promoci\u00f3n de la Competencia y Defensa Efectiva del Consumidor N\u00b0 7472, usted puede descargar el documento completo del presente acuerdo de T\u00e9rminos y Condiciones ya sea desde su ordenador o desde su dispositivo m\u00f3vil para su almacenamiento digital o impresi\u00f3n.<\/p>\n<p>[\/vc_column_text][\/vc_column][\/vc_row]<\/p>\n<\/div>","protected":false},"excerpt":{"rendered":"<p>[vc_row][vc_column][vc_column_text] T\u00c9RMINOS Y CONDICIONES para uso del sitio web APODERMA.COM: Los siguientes t\u00e9rminos y condiciones&hellip;<\/p>\n","protected":false},"author":90,"featured_media":0,"parent":0,"menu_order":0,"comment_status":"closed","ping_status":"open","template":"","meta":{"_glsr_average":0,"_glsr_ranking":0,"_glsr_reviews":0,"footnotes":""},"class_list":["post-5920","page","type-page","status-publish","hentry"],"yoast_head":"<!-- This site is optimized with the Yoast SEO plugin v25.3.1 - https:\/\/yoast.com\/wordpress\/plugins\/seo\/ -->\n<title>T\u00e9rminos y Condiciones - Apo Derma Store<\/title>\n<meta name=\"robots\" content=\"index, follow, max-snippet:-1, max-image-preview:large, max-video-preview:-1\" \/>\n<link rel=\"canonical\" href=\"https:\/\/apoderma.com\/inicio\/terminos-y-condiciones\/\" \/>\n<meta property=\"og:locale\" content=\"es_ES\" \/>\n<meta property=\"og:type\" content=\"article\" \/>\n<meta property=\"og:title\" content=\"T\u00e9rminos y Condiciones - Apo Derma Store\" \/>\n<meta property=\"og:description\" content=\"[vc_row][vc_column][vc_column_text] T\u00c9RMINOS Y CONDICIONES para uso del sitio web APODERMA.COM: Los siguientes t\u00e9rminos y condiciones&hellip;\" \/>\n<meta property=\"og:url\" content=\"https:\/\/apoderma.com\/inicio\/terminos-y-condiciones\/\" \/>\n<meta property=\"og:site_name\" content=\"Apo Derma Store\" \/>\n<meta property=\"article:modified_time\" content=\"2021-12-07T21:06:21+00:00\" \/>\n<meta name=\"twitter:card\" content=\"summary_large_image\" \/>\n<meta name=\"twitter:label1\" content=\"Tiempo de lectura\" \/>\n\t<meta name=\"twitter:data1\" content=\"15 minutos\" \/>\n<script type=\"application\/ld+json\" class=\"yoast-schema-graph\">{\"@context\":\"https:\/\/schema.org\",\"@graph\":[{\"@type\":\"WebPage\",\"@id\":\"https:\/\/apoderma.com\/inicio\/terminos-y-condiciones\/\",\"url\":\"https:\/\/apoderma.com\/inicio\/terminos-y-condiciones\/\",\"name\":\"T\u00e9rminos y Condiciones - Apo Derma Store\",\"isPartOf\":{\"@id\":\"https:\/\/apoderma.com\/inicio\/#website\"},\"datePublished\":\"2019-09-26T15:56:14+00:00\",\"dateModified\":\"2021-12-07T21:06:21+00:00\",\"breadcrumb\":{\"@id\":\"https:\/\/apoderma.com\/inicio\/terminos-y-condiciones\/#breadcrumb\"},\"inLanguage\":\"es\",\"potentialAction\":[{\"@type\":\"ReadAction\",\"target\":[\"https:\/\/apoderma.com\/inicio\/terminos-y-condiciones\/\"]}]},{\"@type\":\"BreadcrumbList\",\"@id\":\"https:\/\/apoderma.com\/inicio\/terminos-y-condiciones\/#breadcrumb\",\"itemListElement\":[{\"@type\":\"ListItem\",\"position\":1,\"name\":\"Portada\",\"item\":\"https:\/\/apoderma.com\/inicio\/\"},{\"@type\":\"ListItem\",\"position\":2,\"name\":\"T\u00e9rminos y Condiciones\"}]},{\"@type\":\"WebSite\",\"@id\":\"https:\/\/apoderma.com\/inicio\/#website\",\"url\":\"https:\/\/apoderma.com\/inicio\/\",\"name\":\"Apo Derma Store\",\"description\":\"Venta de productos cosm\u00e9ticos\",\"potentialAction\":[{\"@type\":\"SearchAction\",\"target\":{\"@type\":\"EntryPoint\",\"urlTemplate\":\"https:\/\/apoderma.com\/inicio\/?s={search_term_string}\"},\"query-input\":{\"@type\":\"PropertyValueSpecification\",\"valueRequired\":true,\"valueName\":\"search_term_string\"}}],\"inLanguage\":\"es\"}]}<\/script>\n<!-- \/ Yoast SEO plugin. -->","yoast_head_json":{"title":"T\u00e9rminos y Condiciones - Apo Derma Store","robots":{"index":"index","follow":"follow","max-snippet":"max-snippet:-1","max-image-preview":"max-image-preview:large","max-video-preview":"max-video-preview:-1"},"canonical":"https:\/\/apoderma.com\/inicio\/terminos-y-condiciones\/","og_locale":"es_ES","og_type":"article","og_title":"T\u00e9rminos y Condiciones - Apo Derma Store","og_description":"[vc_row][vc_column][vc_column_text] T\u00c9RMINOS Y CONDICIONES para uso del sitio web APODERMA.COM: Los siguientes t\u00e9rminos y condiciones&hellip;","og_url":"https:\/\/apoderma.com\/inicio\/terminos-y-condiciones\/","og_site_name":"Apo Derma Store","article_modified_time":"2021-12-07T21:06:21+00:00","twitter_card":"summary_large_image","twitter_misc":{"Tiempo de lectura":"15 minutos"},"schema":{"@context":"https:\/\/schema.org","@graph":[{"@type":"WebPage","@id":"https:\/\/apoderma.com\/inicio\/terminos-y-condiciones\/","url":"https:\/\/apoderma.com\/inicio\/terminos-y-condiciones\/","name":"T\u00e9rminos y Condiciones - Apo Derma Store","isPartOf":{"@id":"https:\/\/apoderma.com\/inicio\/#website"},"datePublished":"2019-09-26T15:56:14+00:00","dateModified":"2021-12-07T21:06:21+00:00","breadcrumb":{"@id":"https:\/\/apoderma.com\/inicio\/terminos-y-condiciones\/#breadcrumb"},"inLanguage":"es","potentialAction":[{"@type":"ReadAction","target":["https:\/\/apoderma.com\/inicio\/terminos-y-condiciones\/"]}]},{"@type":"BreadcrumbList","@id":"https:\/\/apoderma.com\/inicio\/terminos-y-condiciones\/#breadcrumb","itemListElement":[{"@type":"ListItem","position":1,"name":"Portada","item":"https:\/\/apoderma.com\/inicio\/"},{"@type":"ListItem","position":2,"name":"T\u00e9rminos y Condiciones"}]},{"@type":"WebSite","@id":"https:\/\/apoderma.com\/inicio\/#website","url":"https:\/\/apoderma.com\/inicio\/","name":"Apo Derma Store","description":"Venta de productos cosm\u00e9ticos","potentialAction":[{"@type":"SearchAction","target":{"@type":"EntryPoint","urlTemplate":"https:\/\/apoderma.com\/inicio\/?s={search_term_string}"},"query-input":{"@type":"PropertyValueSpecification","valueRequired":true,"valueName":"search_term_string"}}],"inLanguage":"es"}]}},"_links":{"self":[{"href":"https:\/\/apoderma.com\/inicio\/wp-json\/wp\/v2\/pages\/5920","targetHints":{"allow":["GET"]}}],"collection":[{"href":"https:\/\/apoderma.com\/inicio\/wp-json\/wp\/v2\/pages"}],"about":[{"href":"https:\/\/apoderma.com\/inicio\/wp-json\/wp\/v2\/types\/page"}],"author":[{"embeddable":true,"href":"https:\/\/apoderma.com\/inicio\/wp-json\/wp\/v2\/users\/90"}],"replies":[{"embeddable":true,"href":"https:\/\/apoderma.com\/inicio\/wp-json\/wp\/v2\/comments?post=5920"}],"version-history":[{"count":0,"href":"https:\/\/apoderma.com\/inicio\/wp-json\/wp\/v2\/pages\/5920\/revisions"}],"wp:attachment":[{"href":"https:\/\/apoderma.com\/inicio\/wp-json\/wp\/v2\/media?parent=5920"}],"curies":[{"name":"wp","href":"https:\/\/api.w.org\/{rel}","templated":true}]}}