{"id":4886,"date":"2019-09-02T14:23:06","date_gmt":"2019-09-02T20:23:06","guid":{"rendered":"http:\/\/apoderma.com\/inicio\/brands\/"},"modified":"2023-02-23T11:03:45","modified_gmt":"2023-02-23T17:03:45","slug":"marcas_productos_dermocosmeticos","status":"publish","type":"page","link":"https:\/\/apoderma.com\/inicio\/marcas_productos_dermocosmeticos\/","title":{"rendered":"Marcas de Productos dermocosm\u00e9ticos"},"content":{"rendered":"<p><img loading=\"lazy\" decoding=\"async\" class=\"size-full wp-image-5739\" src=\"https:\/\/apoderma.com\/inicio\/wp-content\/uploads\/2019\/09\/banner-1-1.jpg\" alt=\"\" width=\"1421\" height=\"602\" srcset=\"https:\/\/apoderma.com\/inicio\/wp-content\/uploads\/2019\/09\/banner-1-1.jpg 1421w, https:\/\/apoderma.com\/inicio\/wp-content\/uploads\/2019\/09\/banner-1-1-600x254.jpg 600w\" sizes=\"auto, (max-width: 1421px) 100vw, 1421px\" \/><\/p>\n\n<div class=\"prm-brands-list\">\n            <div class=\"prm-brands-list__col\">\n            <a class=\"prm-brands-list__item\" href=\"https:\/\/apoderma.com\/inicio\/product_brand\/avene\/\">\n                <div class=\"prm-brands-list__image\">\n                    <img decoding=\"async\" src=\"https:\/\/apoderma.com\/inicio\/wp-content\/uploads\/2022\/11\/avene_logo_icon.png\" alt=\"Avene\">\n                <\/div>\n                <div class=\"prm-brands-list__title\">Avene<\/div>\n            <\/a>\n        <\/div>\n            <div class=\"prm-brands-list__col\">\n            <a class=\"prm-brands-list__item\" href=\"https:\/\/apoderma.com\/inicio\/product_brand\/avocari\/\">\n                <div class=\"prm-brands-list__image\">\n                    <img decoding=\"async\" src=\"https:\/\/apoderma.com\/inicio\/wp-content\/uploads\/2024\/10\/Avocari-Logo-Marca-Sitio-Web.jpeg\" alt=\"AVOCARI\">\n                <\/div>\n                <div class=\"prm-brands-list__title\">AVOCARI<\/div>\n            <\/a>\n        <\/div>\n            <div class=\"prm-brands-list__col\">\n            <a class=\"prm-brands-list__item\" href=\"https:\/\/apoderma.com\/inicio\/product_brand\/babaria\/\">\n                <div class=\"prm-brands-list__image\">\n                    <img decoding=\"async\" src=\"https:\/\/apoderma.com\/inicio\/wp-content\/uploads\/2020\/01\/logo-babaria_web.png\" alt=\"Babaria\">\n                <\/div>\n                <div class=\"prm-brands-list__title\">Babaria<\/div>\n            <\/a>\n        <\/div>\n            <div class=\"prm-brands-list__col\">\n            <a class=\"prm-brands-list__item\" href=\"https:\/\/apoderma.com\/inicio\/product_brand\/babe\/\">\n                <div class=\"prm-brands-list__image\">\n                    <img decoding=\"async\" src=\"https:\/\/apoderma.com\/inicio\/wp-content\/uploads\/2020\/08\/logo-babe.jpg\" alt=\"BABE\">\n                <\/div>\n                <div class=\"prm-brands-list__title\">BABE<\/div>\n            <\/a>\n        <\/div>\n            <div class=\"prm-brands-list__col\">\n            <a class=\"prm-brands-list__item\" href=\"https:\/\/apoderma.com\/inicio\/product_brand\/bioage\/\">\n                <div class=\"prm-brands-list__image\">\n                    <img decoding=\"async\" src=\"https:\/\/apoderma.com\/inicio\/wp-content\/uploads\/2020\/05\/Logo.jpg\" alt=\"BIOAGE\">\n                <\/div>\n                <div class=\"prm-brands-list__title\">BIOAGE<\/div>\n            <\/a>\n        <\/div>\n            <div class=\"prm-brands-list__col\">\n            <a class=\"prm-brands-list__item\" href=\"https:\/\/apoderma.com\/inicio\/product_brand\/bioderma\/\">\n                <div class=\"prm-brands-list__image\">\n                    <img decoding=\"async\" src=\"https:\/\/apoderma.com\/inicio\/wp-content\/uploads\/2022\/01\/Bioderma-Logo.png\" alt=\"BIODERMA\">\n                <\/div>\n                <div class=\"prm-brands-list__title\">BIODERMA<\/div>\n            <\/a>\n        <\/div>\n            <div class=\"prm-brands-list__col\">\n            <a class=\"prm-brands-list__item\" href=\"https:\/\/apoderma.com\/inicio\/product_brand\/cantabria_labs\/\">\n                <div class=\"prm-brands-list__image\">\n                    <img decoding=\"async\" src=\"https:\/\/apoderma.com\/inicio\/wp-content\/uploads\/2022\/08\/Logo.png\" alt=\"Cantabria Labs\">\n                <\/div>\n                <div class=\"prm-brands-list__title\">Cantabria Labs<\/div>\n            <\/a>\n        <\/div>\n            <div class=\"prm-brands-list__col\">\n            <a class=\"prm-brands-list__item\" href=\"https:\/\/apoderma.com\/inicio\/product_brand\/eucerin\/\">\n                <div class=\"prm-brands-list__image\">\n                    <img decoding=\"async\" src=\"https:\/\/apoderma.com\/inicio\/wp-content\/uploads\/2020\/01\/eucerin-logo.png\" alt=\"Eucerin\">\n                <\/div>\n                <div class=\"prm-brands-list__title\">Eucerin<\/div>\n            <\/a>\n        <\/div>\n            <div class=\"prm-brands-list__col\">\n            <a class=\"prm-brands-list__item\" href=\"https:\/\/apoderma.com\/inicio\/product_brand\/germaine-de-capuccini\/\">\n                <div class=\"prm-brands-list__image\">\n                    <img decoding=\"async\" src=\"https:\/\/apoderma.com\/inicio\/wp-content\/uploads\/2025\/04\/Logo.jpg\" alt=\"Germaine de Capuccini\">\n                <\/div>\n                <div class=\"prm-brands-list__title\">Germaine de Capuccini<\/div>\n            <\/a>\n        <\/div>\n            <div class=\"prm-brands-list__col\">\n            <a class=\"prm-brands-list__item\" href=\"https:\/\/apoderma.com\/inicio\/product_brand\/interapothek\/\">\n                <div class=\"prm-brands-list__image\">\n                    <img decoding=\"async\" src=\"https:\/\/apoderma.com\/inicio\/wp-content\/uploads\/2023\/03\/IA-lOGO-1.png\" alt=\"Interapothek\">\n                <\/div>\n                <div class=\"prm-brands-list__title\">Interapothek<\/div>\n            <\/a>\n        <\/div>\n            <div class=\"prm-brands-list__col\">\n            <a class=\"prm-brands-list__item\" href=\"https:\/\/apoderma.com\/inicio\/product_brand\/isdin\/\">\n                <div class=\"prm-brands-list__image\">\n                    <img decoding=\"async\" src=\"https:\/\/apoderma.com\/inicio\/wp-content\/uploads\/2022\/03\/ISDIN.png\" alt=\"ISDIN\">\n                <\/div>\n                <div class=\"prm-brands-list__title\">ISDIN<\/div>\n            <\/a>\n        <\/div>\n            <div class=\"prm-brands-list__col\">\n            <a class=\"prm-brands-list__item\" href=\"https:\/\/apoderma.com\/inicio\/product_brand\/isispharma\/\">\n                <div class=\"prm-brands-list__image\">\n                    <img decoding=\"async\" src=\"https:\/\/apoderma.com\/inicio\/wp-content\/uploads\/2021\/11\/isis-logo-f-3.png\" alt=\"Isispharma\">\n                <\/div>\n                <div class=\"prm-brands-list__title\">Isispharma<\/div>\n            <\/a>\n        <\/div>\n            <div class=\"prm-brands-list__col\">\n            <a class=\"prm-brands-list__item\" href=\"https:\/\/apoderma.com\/inicio\/product_brand\/jacklon\/\">\n                <div class=\"prm-brands-list__image\">\n                    <img decoding=\"async\" src=\"https:\/\/apoderma.com\/inicio\/wp-content\/uploads\/2022\/11\/logo_jacklon.png\" alt=\"Jacklon\">\n                <\/div>\n                <div class=\"prm-brands-list__title\">Jacklon<\/div>\n            <\/a>\n        <\/div>\n            <div class=\"prm-brands-list__col\">\n            <a class=\"prm-brands-list__item\" href=\"https:\/\/apoderma.com\/inicio\/product_brand\/lacabine\/\">\n                <div class=\"prm-brands-list__image\">\n                    <img decoding=\"async\" src=\"https:\/\/apoderma.com\/inicio\/wp-content\/uploads\/2025\/11\/la-cabine-logo.jpg\" alt=\"La Cabine\">\n                <\/div>\n                <div class=\"prm-brands-list__title\">La Cabine<\/div>\n            <\/a>\n        <\/div>\n            <div class=\"prm-brands-list__col\">\n            <a class=\"prm-brands-list__item\" href=\"https:\/\/apoderma.com\/inicio\/product_brand\/martiderm\/\">\n                <div class=\"prm-brands-list__image\">\n                    <img decoding=\"async\" src=\"https:\/\/apoderma.com\/inicio\/wp-content\/uploads\/2022\/11\/MartiDerm.png\" alt=\"MartiDerm\">\n                <\/div>\n                <div class=\"prm-brands-list__title\">MartiDerm<\/div>\n            <\/a>\n        <\/div>\n            <div class=\"prm-brands-list__col\">\n            <a class=\"prm-brands-list__item\" href=\"https:\/\/apoderma.com\/inicio\/product_brand\/perry-ellis\/\">\n                <div class=\"prm-brands-list__image\">\n                    <img decoding=\"async\" src=\"https:\/\/apoderma.com\/inicio\/wp-content\/uploads\/2022\/12\/LOGO-QRC-1.png\" alt=\"Perry Ellis\">\n                <\/div>\n                <div class=\"prm-brands-list__title\">Perry Ellis<\/div>\n            <\/a>\n        <\/div>\n            <div class=\"prm-brands-list__col\">\n            <a class=\"prm-brands-list__item\" href=\"https:\/\/apoderma.com\/inicio\/product_brand\/sesderma\/\">\n                <div class=\"prm-brands-list__image\">\n                    <img decoding=\"async\" src=\"https:\/\/apoderma.com\/inicio\/wp-content\/uploads\/2019\/09\/sesderma-1.png\" alt=\"Sesderma\">\n                <\/div>\n                <div class=\"prm-brands-list__title\">Sesderma<\/div>\n            <\/a>\n        <\/div>\n            <div class=\"prm-brands-list__col\">\n            <a class=\"prm-brands-list__item\" href=\"https:\/\/apoderma.com\/inicio\/product_brand\/uriage\/\">\n                <div class=\"prm-brands-list__image\">\n                    <img decoding=\"async\" src=\"https:\/\/apoderma.com\/inicio\/wp-content\/uploads\/2021\/02\/uriage-logo.png\" alt=\"Uriage\">\n                <\/div>\n                <div class=\"prm-brands-list__title\">Uriage<\/div>\n            <\/a>\n        <\/div>\n    <\/div>\n    \n<p>Comercializamos marcas de productos dermocosm\u00e9ticos fabricados por Laboratorios de mercados altamente regulados.<\/p>\n<p>Seleccionamos productos para el cuidado de la piel que cuentan con estudios tanto de efectividad como de seguridad comprobada.<\/p>\n<p>Todos los productos que encontrar\u00e1s en ApoDerma Store cuentan con el registro sanitario del <a href=\"https:\/\/www.ministeriodesalud.go.cr\/index.php\/tramites-ms\/registro-de-productos-de-interes-sanitario-ms?id=636\">Ministerio de Salud de Costa Rica.<\/a><\/p>\n<p><a href=\"https:\/\/apoderma.com\/inicio\/quienes-somos\/\">Nuestra experiencia<\/a> en la industria cosm\u00e9tica nos permite continuar en la b\u00fasqueda de los avances tecnol\u00f3gicos para ponerlos al servicio de nuestros clientes<\/p>\n\n\n<p><\/p>\n","protected":false},"excerpt":{"rendered":"<p>Comercializamos marcas de productos dermocosm\u00e9ticos fabricados por Laboratorios de mercados altamente regulados. Seleccionamos productos para&hellip;<\/p>\n","protected":false},"author":1,"featured_media":0,"parent":0,"menu_order":0,"comment_status":"closed","ping_status":"closed","template":"","meta":{"_glsr_average":0,"_glsr_ranking":0,"_glsr_reviews":0,"footnotes":""},"class_list":["post-4886","page","type-page","status-publish","hentry"],"yoast_head":"<!-- This site is optimized with the Yoast SEO plugin v25.3.1 - https:\/\/yoast.com\/wordpress\/plugins\/seo\/ -->\n<title>Marcas de Productos dermocosm\u00e9ticos - Apo Derma Store<\/title>\n<meta name=\"description\" content=\"Las marcas de nuestra tienda virtual est\u00e1n respaldadas por estudios de efectividad y seguridad realizados por los laboratorios fabricantes.\" \/>\n<meta name=\"robots\" content=\"index, follow, max-snippet:-1, max-image-preview:large, max-video-preview:-1\" \/>\n<link rel=\"canonical\" href=\"https:\/\/apoderma.com\/inicio\/marcas_productos_dermocosmeticos\/\" \/>\n<meta property=\"og:locale\" content=\"es_ES\" \/>\n<meta property=\"og:type\" content=\"article\" \/>\n<meta property=\"og:title\" content=\"Marcas de Productos dermocosm\u00e9ticos - Apo Derma Store\" \/>\n<meta property=\"og:description\" content=\"Las marcas de nuestra tienda virtual est\u00e1n respaldadas por estudios de efectividad y seguridad realizados por los laboratorios fabricantes.\" \/>\n<meta property=\"og:url\" content=\"https:\/\/apoderma.com\/inicio\/marcas_productos_dermocosmeticos\/\" \/>\n<meta property=\"og:site_name\" content=\"Apo Derma Store\" \/>\n<meta property=\"article:modified_time\" content=\"2023-02-23T17:03:45+00:00\" \/>\n<meta property=\"og:image\" content=\"https:\/\/apoderma.com\/inicio\/wp-content\/uploads\/2019\/09\/banner-1-1.jpg\" \/>\n<meta name=\"twitter:card\" content=\"summary_large_image\" \/>\n<meta name=\"twitter:label1\" content=\"Tiempo de lectura\" \/>\n\t<meta name=\"twitter:data1\" content=\"1 minuto\" \/>\n<script type=\"application\/ld+json\" class=\"yoast-schema-graph\">{\"@context\":\"https:\/\/schema.org\",\"@graph\":[{\"@type\":\"WebPage\",\"@id\":\"https:\/\/apoderma.com\/inicio\/marcas_productos_dermocosmeticos\/\",\"url\":\"https:\/\/apoderma.com\/inicio\/marcas_productos_dermocosmeticos\/\",\"name\":\"Marcas de Productos dermocosm\u00e9ticos - Apo Derma Store\",\"isPartOf\":{\"@id\":\"https:\/\/apoderma.com\/inicio\/#website\"},\"primaryImageOfPage\":{\"@id\":\"https:\/\/apoderma.com\/inicio\/marcas_productos_dermocosmeticos\/#primaryimage\"},\"image\":{\"@id\":\"https:\/\/apoderma.com\/inicio\/marcas_productos_dermocosmeticos\/#primaryimage\"},\"thumbnailUrl\":\"https:\/\/apoderma.com\/inicio\/wp-content\/uploads\/2019\/09\/banner-1-1.jpg\",\"datePublished\":\"2019-09-02T20:23:06+00:00\",\"dateModified\":\"2023-02-23T17:03:45+00:00\",\"description\":\"Las marcas de nuestra tienda virtual est\u00e1n respaldadas por estudios de efectividad y seguridad realizados por los laboratorios fabricantes.\",\"breadcrumb\":{\"@id\":\"https:\/\/apoderma.com\/inicio\/marcas_productos_dermocosmeticos\/#breadcrumb\"},\"inLanguage\":\"es\",\"potentialAction\":[{\"@type\":\"ReadAction\",\"target\":[\"https:\/\/apoderma.com\/inicio\/marcas_productos_dermocosmeticos\/\"]}]},{\"@type\":\"ImageObject\",\"inLanguage\":\"es\",\"@id\":\"https:\/\/apoderma.com\/inicio\/marcas_productos_dermocosmeticos\/#primaryimage\",\"url\":\"https:\/\/apoderma.com\/inicio\/wp-content\/uploads\/2019\/09\/banner-1-1.jpg\",\"contentUrl\":\"https:\/\/apoderma.com\/inicio\/wp-content\/uploads\/2019\/09\/banner-1-1.jpg\",\"width\":1421,\"height\":602,\"caption\":\"Democosm\u00e9tica Online\"},{\"@type\":\"BreadcrumbList\",\"@id\":\"https:\/\/apoderma.com\/inicio\/marcas_productos_dermocosmeticos\/#breadcrumb\",\"itemListElement\":[{\"@type\":\"ListItem\",\"position\":1,\"name\":\"Portada\",\"item\":\"https:\/\/apoderma.com\/inicio\/\"},{\"@type\":\"ListItem\",\"position\":2,\"name\":\"Marcas de Productos dermocosm\u00e9ticos\"}]},{\"@type\":\"WebSite\",\"@id\":\"https:\/\/apoderma.com\/inicio\/#website\",\"url\":\"https:\/\/apoderma.com\/inicio\/\",\"name\":\"Apo Derma Store\",\"description\":\"Venta de productos cosm\u00e9ticos\",\"potentialAction\":[{\"@type\":\"SearchAction\",\"target\":{\"@type\":\"EntryPoint\",\"urlTemplate\":\"https:\/\/apoderma.com\/inicio\/?s={search_term_string}\"},\"query-input\":{\"@type\":\"PropertyValueSpecification\",\"valueRequired\":true,\"valueName\":\"search_term_string\"}}],\"inLanguage\":\"es\"}]}<\/script>\n<!-- \/ Yoast SEO plugin. -->","yoast_head_json":{"title":"Marcas de Productos dermocosm\u00e9ticos - Apo Derma Store","description":"Las marcas de nuestra tienda virtual est\u00e1n respaldadas por estudios de efectividad y seguridad realizados por los laboratorios fabricantes.","robots":{"index":"index","follow":"follow","max-snippet":"max-snippet:-1","max-image-preview":"max-image-preview:large","max-video-preview":"max-video-preview:-1"},"canonical":"https:\/\/apoderma.com\/inicio\/marcas_productos_dermocosmeticos\/","og_locale":"es_ES","og_type":"article","og_title":"Marcas de Productos dermocosm\u00e9ticos - Apo Derma Store","og_description":"Las marcas de nuestra tienda virtual est\u00e1n respaldadas por estudios de efectividad y seguridad realizados por los laboratorios fabricantes.","og_url":"https:\/\/apoderma.com\/inicio\/marcas_productos_dermocosmeticos\/","og_site_name":"Apo Derma Store","article_modified_time":"2023-02-23T17:03:45+00:00","og_image":[{"url":"https:\/\/apoderma.com\/inicio\/wp-content\/uploads\/2019\/09\/banner-1-1.jpg","type":"","width":"","height":""}],"twitter_card":"summary_large_image","twitter_misc":{"Tiempo de lectura":"1 minuto"},"schema":{"@context":"https:\/\/schema.org","@graph":[{"@type":"WebPage","@id":"https:\/\/apoderma.com\/inicio\/marcas_productos_dermocosmeticos\/","url":"https:\/\/apoderma.com\/inicio\/marcas_productos_dermocosmeticos\/","name":"Marcas de Productos dermocosm\u00e9ticos - Apo Derma Store","isPartOf":{"@id":"https:\/\/apoderma.com\/inicio\/#website"},"primaryImageOfPage":{"@id":"https:\/\/apoderma.com\/inicio\/marcas_productos_dermocosmeticos\/#primaryimage"},"image":{"@id":"https:\/\/apoderma.com\/inicio\/marcas_productos_dermocosmeticos\/#primaryimage"},"thumbnailUrl":"https:\/\/apoderma.com\/inicio\/wp-content\/uploads\/2019\/09\/banner-1-1.jpg","datePublished":"2019-09-02T20:23:06+00:00","dateModified":"2023-02-23T17:03:45+00:00","description":"Las marcas de nuestra tienda virtual est\u00e1n respaldadas por estudios de efectividad y seguridad realizados por los laboratorios fabricantes.","breadcrumb":{"@id":"https:\/\/apoderma.com\/inicio\/marcas_productos_dermocosmeticos\/#breadcrumb"},"inLanguage":"es","potentialAction":[{"@type":"ReadAction","target":["https:\/\/apoderma.com\/inicio\/marcas_productos_dermocosmeticos\/"]}]},{"@type":"ImageObject","inLanguage":"es","@id":"https:\/\/apoderma.com\/inicio\/marcas_productos_dermocosmeticos\/#primaryimage","url":"https:\/\/apoderma.com\/inicio\/wp-content\/uploads\/2019\/09\/banner-1-1.jpg","contentUrl":"https:\/\/apoderma.com\/inicio\/wp-content\/uploads\/2019\/09\/banner-1-1.jpg","width":1421,"height":602,"caption":"Democosm\u00e9tica Online"},{"@type":"BreadcrumbList","@id":"https:\/\/apoderma.com\/inicio\/marcas_productos_dermocosmeticos\/#breadcrumb","itemListElement":[{"@type":"ListItem","position":1,"name":"Portada","item":"https:\/\/apoderma.com\/inicio\/"},{"@type":"ListItem","position":2,"name":"Marcas de Productos dermocosm\u00e9ticos"}]},{"@type":"WebSite","@id":"https:\/\/apoderma.com\/inicio\/#website","url":"https:\/\/apoderma.com\/inicio\/","name":"Apo Derma Store","description":"Venta de productos cosm\u00e9ticos","potentialAction":[{"@type":"SearchAction","target":{"@type":"EntryPoint","urlTemplate":"https:\/\/apoderma.com\/inicio\/?s={search_term_string}"},"query-input":{"@type":"PropertyValueSpecification","valueRequired":true,"valueName":"search_term_string"}}],"inLanguage":"es"}]}},"_links":{"self":[{"href":"https:\/\/apoderma.com\/inicio\/wp-json\/wp\/v2\/pages\/4886","targetHints":{"allow":["GET"]}}],"collection":[{"href":"https:\/\/apoderma.com\/inicio\/wp-json\/wp\/v2\/pages"}],"about":[{"href":"https:\/\/apoderma.com\/inicio\/wp-json\/wp\/v2\/types\/page"}],"author":[{"embeddable":true,"href":"https:\/\/apoderma.com\/inicio\/wp-json\/wp\/v2\/users\/1"}],"replies":[{"embeddable":true,"href":"https:\/\/apoderma.com\/inicio\/wp-json\/wp\/v2\/comments?post=4886"}],"version-history":[{"count":1,"href":"https:\/\/apoderma.com\/inicio\/wp-json\/wp\/v2\/pages\/4886\/revisions"}],"predecessor-version":[{"id":39466,"href":"https:\/\/apoderma.com\/inicio\/wp-json\/wp\/v2\/pages\/4886\/revisions\/39466"}],"wp:attachment":[{"href":"https:\/\/apoderma.com\/inicio\/wp-json\/wp\/v2\/media?parent=4886"}],"curies":[{"name":"wp","href":"https:\/\/api.w.org\/{rel}","templated":true}]}}